{"id":720,"date":"2022-12-04T13:14:06","date_gmt":"2022-12-04T12:14:06","guid":{"rendered":"https:\/\/www.moriadesign.pl\/?post_type=product&#038;p=720"},"modified":"2023-01-15T21:51:05","modified_gmt":"2023-01-15T20:51:05","slug":"zawias-ozdobny-z-30-l8-cm","status":"publish","type":"product","link":"https:\/\/www.moriadesign.pl\/fr\/produit\/zawias-ozdobny-z-30-l8-cm\/","title":{"rendered":"Charni\u00e8re d\u00e9corative Z-30 [l=8 cm]"},"content":{"rendered":"<h2>Caract\u00e9ristiques et avantages :<\/h2>\n<ul>\n<li>en acier de haute qualit\u00e9 &gt;\u00a0<b>\u00e9ternel ;<\/b><\/li>\n<li>Utilisation de rivets en acier &gt; <strong>d\u00e9cor\u00e9e de fa\u00e7on classique<\/strong>;<\/li>\n<li>Manche retourn\u00e9e utilis\u00e9e &gt; <b>robuste ;<\/b><\/li>\n<li>trous de montage chanfrein\u00e9s &gt; <b>esth\u00e9tique ;<\/b><\/li>\n<li>Rev\u00eatement par poudre en noir mat (sans brillance, structure fine) - beaucoup plus r\u00e9sistantes aux dommages que les peintures en a\u00e9rosol, les peintures en poudre sont totalement s\u00fbres pour l'homme et l'environnement. <b>durable et d'une finition \u00e9l\u00e9gante ;<\/b><\/li>\n<li>Dimensions : \u00e9paisseur de la t\u00f4le - 2 mm, \u03a6 manchon - 11 mm, \u03a6 trous de montage - 5,2 mm &gt;. <b>massif ;<\/b><\/li>\n<li>wymiary maksymalne: szeroko\u015b\u0107 &#8211; 11 mm, d\u0142ugo\u015b\u0107 &#8211; 8 cm, wysoko\u015b\u0107 &#8211; 17 cm &gt; <b>proportionn\u00e9.<\/b><\/li>\n<\/ul>\n<h2>Application :<\/h2>\n<ul>\n<li>pour portes, volets, architecture de jardin en bois.<\/li>\n<\/ul>\n<h2>Important :<\/h2>\n<ul>\n<li>les photos montrent la charni\u00e8re dite de gauche, nous proposons \u00e9galement des charni\u00e8res de droite ; veuillez le pr\u00e9ciser dans les notes de votre commande <strong>indiquer le type de charni\u00e8re<\/strong> (gauche ou droite) ; diff\u00e9rence entre la charni\u00e8re gauche et la charni\u00e8re droite <a ref=\"magnificPopup\" href=\"\/wp-content\/uploads\/2022\/12\/pages_zawiasow.png\" target=\"_blank\" rel=\"noopener\"><strong>v\u00e9rifier ici<\/strong><\/a>.<\/li>\n<\/ul>","protected":false},"excerpt":{"rendered":"<p>Cechy i zalety: wykonany z wysokiej gatunkowo stali &gt;\u00a0wieczny; zastosowany stalowy nit &gt; klasycznie ozdobiony; zastosowana toczona tulejka &gt; solidny; fazowane otwory monta\u017cowe &gt; estetyczny; pomalowany farb\u0105 proszkow\u0105 w kolorze czarny mat (zero po\u0142ysku, drobna struktura) &#8211; zdecydowanie wy\u017csza odporno\u015b\u0107 na uszkodzenia od pow\u0142ok farb natryskowych, farby proszkowe s\u0105 w pe\u0142ni bezpieczne dla ludzi i&#8230;<\/p>","protected":false},"featured_media":684,"template":"","meta":{"inline_featured_image":false},"product_cat":[25],"product_tag":[],"acf":[],"yoast_head":"<!-- This site is optimized with the Yoast SEO plugin v20.2 - https:\/\/yoast.com\/wordpress\/plugins\/seo\/ -->\n<title>Zawias ozdobny Z-30 [l=8 cm] - MORIA DESIGN<\/title>\n<meta name=\"robots\" content=\"index, follow, max-snippet:-1, max-image-preview:large, max-video-preview:-1\" \/>\n<link rel=\"canonical\" href=\"https:\/\/www.moriadesign.pl\/fr\/produit\/zawias-ozdobny-z-30-l8-cm\/?wmc-currency=EUR\" \/>\n<meta property=\"og:locale\" content=\"fr_FR\" \/>\n<meta property=\"og:type\" content=\"article\" \/>\n<meta property=\"og:title\" content=\"Zawias ozdobny Z-30 [l=8 cm] - MORIA DESIGN\" \/>\n<meta property=\"og:description\" content=\"Cechy i zalety: wykonany z wysokiej gatunkowo stali &gt;\u00a0wieczny; zastosowany stalowy nit &gt; klasycznie ozdobiony; zastosowana toczona tulejka &gt; solidny; fazowane otwory monta\u017cowe &gt; estetyczny; pomalowany farb\u0105 proszkow\u0105 w kolorze czarny mat (zero po\u0142ysku, drobna struktura) &#8211; zdecydowanie wy\u017csza odporno\u015b\u0107 na uszkodzenia od pow\u0142ok farb natryskowych, farby proszkowe s\u0105 w pe\u0142ni bezpieczne dla ludzi i...\" \/>\n<meta property=\"og:url\" content=\"https:\/\/www.moriadesign.pl\/fr\/produit\/zawias-ozdobny-z-30-l8-cm\/?wmc-currency=EUR\" \/>\n<meta property=\"og:site_name\" content=\"MORIA DESIGN\" \/>\n<meta property=\"article:modified_time\" content=\"2023-01-15T20:51:05+00:00\" \/>\n<meta property=\"og:image\" content=\"https:\/\/www.moriadesign.pl\/wp-content\/uploads\/2022\/11\/Z-30_1.png\" \/>\n\t<meta property=\"og:image:width\" content=\"1600\" \/>\n\t<meta property=\"og:image:height\" content=\"1600\" \/>\n\t<meta property=\"og:image:type\" content=\"image\/png\" \/>\n<meta name=\"twitter:card\" content=\"summary_large_image\" \/>\n<meta name=\"twitter:label1\" content=\"Dur\u00e9e de lecture estim\u00e9e\" \/>\n\t<meta name=\"twitter:data1\" content=\"1 minute\" \/>\n<script type=\"application\/ld+json\" class=\"yoast-schema-graph\">{\"@context\":\"https:\/\/schema.org\",\"@graph\":[{\"@type\":\"WebPage\",\"@id\":\"https:\/\/www.moriadesign.pl\/produkt\/zawias-ozdobny-z-30-l8-cm\/\",\"url\":\"https:\/\/www.moriadesign.pl\/produkt\/zawias-ozdobny-z-30-l8-cm\/\",\"name\":\"Zawias ozdobny Z-30 [l=8 cm] - MORIA DESIGN\",\"isPartOf\":{\"@id\":\"https:\/\/www.moriadesign.pl\/#website\"},\"datePublished\":\"2022-12-04T12:14:06+00:00\",\"dateModified\":\"2023-01-15T20:51:05+00:00\",\"breadcrumb\":{\"@id\":\"https:\/\/www.moriadesign.pl\/produkt\/zawias-ozdobny-z-30-l8-cm\/#breadcrumb\"},\"inLanguage\":\"fr-FR\",\"potentialAction\":[{\"@type\":\"ReadAction\",\"target\":[\"https:\/\/www.moriadesign.pl\/produkt\/zawias-ozdobny-z-30-l8-cm\/\"]}]},{\"@type\":\"BreadcrumbList\",\"@id\":\"https:\/\/www.moriadesign.pl\/produkt\/zawias-ozdobny-z-30-l8-cm\/#breadcrumb\",\"itemListElement\":[{\"@type\":\"ListItem\",\"position\":1,\"name\":\"Strona g\u0142\u00f3wna\",\"item\":\"https:\/\/www.moriadesign.pl\/\"},{\"@type\":\"ListItem\",\"position\":2,\"name\":\"Sklep\",\"item\":\"https:\/\/www.moriadesign.pl\/sklep\/\"},{\"@type\":\"ListItem\",\"position\":3,\"name\":\"Zawias ozdobny Z-30 [l=8 cm]\"}]},{\"@type\":\"WebSite\",\"@id\":\"https:\/\/www.moriadesign.pl\/#website\",\"url\":\"https:\/\/www.moriadesign.pl\/\",\"name\":\"MORIA DESIGN\",\"description\":\"okucia do mebli, domu i ogrodu\",\"potentialAction\":[{\"@type\":\"SearchAction\",\"target\":{\"@type\":\"EntryPoint\",\"urlTemplate\":\"https:\/\/www.moriadesign.pl\/?s={search_term_string}\"},\"query-input\":\"required name=search_term_string\"}],\"inLanguage\":\"fr-FR\"}]}<\/script>\n<!-- \/ Yoast SEO plugin. -->","yoast_head_json":{"title":"Zawias ozdobny Z-30 [l=8 cm] - MORIA DESIGN","robots":{"index":"index","follow":"follow","max-snippet":"max-snippet:-1","max-image-preview":"max-image-preview:large","max-video-preview":"max-video-preview:-1"},"canonical":"https:\/\/www.moriadesign.pl\/fr\/produit\/zawias-ozdobny-z-30-l8-cm\/?wmc-currency=EUR","og_locale":"fr_FR","og_type":"article","og_title":"Zawias ozdobny Z-30 [l=8 cm] - MORIA DESIGN","og_description":"Cechy i zalety: wykonany z wysokiej gatunkowo stali &gt;\u00a0wieczny; zastosowany stalowy nit &gt; klasycznie ozdobiony; zastosowana toczona tulejka &gt; solidny; fazowane otwory monta\u017cowe &gt; estetyczny; pomalowany farb\u0105 proszkow\u0105 w kolorze czarny mat (zero po\u0142ysku, drobna struktura) &#8211; zdecydowanie wy\u017csza odporno\u015b\u0107 na uszkodzenia od pow\u0142ok farb natryskowych, farby proszkowe s\u0105 w pe\u0142ni bezpieczne dla ludzi i...","og_url":"https:\/\/www.moriadesign.pl\/fr\/produit\/zawias-ozdobny-z-30-l8-cm\/?wmc-currency=EUR","og_site_name":"MORIA DESIGN","article_modified_time":"2023-01-15T20:51:05+00:00","og_image":[{"width":1600,"height":1600,"url":"https:\/\/www.moriadesign.pl\/wp-content\/uploads\/2022\/11\/Z-30_1.png","type":"image\/png"}],"twitter_card":"summary_large_image","twitter_misc":{"Dur\u00e9e de lecture estim\u00e9e":"1 minute"},"schema":{"@context":"https:\/\/schema.org","@graph":[{"@type":"WebPage","@id":"https:\/\/www.moriadesign.pl\/produkt\/zawias-ozdobny-z-30-l8-cm\/","url":"https:\/\/www.moriadesign.pl\/produkt\/zawias-ozdobny-z-30-l8-cm\/","name":"Zawias ozdobny Z-30 [l=8 cm] - MORIA DESIGN","isPartOf":{"@id":"https:\/\/www.moriadesign.pl\/#website"},"datePublished":"2022-12-04T12:14:06+00:00","dateModified":"2023-01-15T20:51:05+00:00","breadcrumb":{"@id":"https:\/\/www.moriadesign.pl\/produkt\/zawias-ozdobny-z-30-l8-cm\/#breadcrumb"},"inLanguage":"fr-FR","potentialAction":[{"@type":"ReadAction","target":["https:\/\/www.moriadesign.pl\/produkt\/zawias-ozdobny-z-30-l8-cm\/"]}]},{"@type":"BreadcrumbList","@id":"https:\/\/www.moriadesign.pl\/produkt\/zawias-ozdobny-z-30-l8-cm\/#breadcrumb","itemListElement":[{"@type":"ListItem","position":1,"name":"Strona g\u0142\u00f3wna","item":"https:\/\/www.moriadesign.pl\/"},{"@type":"ListItem","position":2,"name":"Sklep","item":"https:\/\/www.moriadesign.pl\/sklep\/"},{"@type":"ListItem","position":3,"name":"Zawias ozdobny Z-30 [l=8 cm]"}]},{"@type":"WebSite","@id":"https:\/\/www.moriadesign.pl\/#website","url":"https:\/\/www.moriadesign.pl\/","name":"MORIA DESIGN","description":"okucia do mebli, domu i ogrodu","potentialAction":[{"@type":"SearchAction","target":{"@type":"EntryPoint","urlTemplate":"https:\/\/www.moriadesign.pl\/?s={search_term_string}"},"query-input":"required name=search_term_string"}],"inLanguage":"fr-FR"}]}},"_links":{"self":[{"href":"https:\/\/www.moriadesign.pl\/fr\/wp-json\/wp\/v2\/product\/720"}],"collection":[{"href":"https:\/\/www.moriadesign.pl\/fr\/wp-json\/wp\/v2\/product"}],"about":[{"href":"https:\/\/www.moriadesign.pl\/fr\/wp-json\/wp\/v2\/types\/product"}],"wp:featuredmedia":[{"embeddable":true,"href":"https:\/\/www.moriadesign.pl\/fr\/wp-json\/wp\/v2\/media\/684"}],"wp:attachment":[{"href":"https:\/\/www.moriadesign.pl\/fr\/wp-json\/wp\/v2\/media?parent=720"}],"wp:term":[{"taxonomy":"product_cat","embeddable":true,"href":"https:\/\/www.moriadesign.pl\/fr\/wp-json\/wp\/v2\/product_cat?post=720"},{"taxonomy":"product_tag","embeddable":true,"href":"https:\/\/www.moriadesign.pl\/fr\/wp-json\/wp\/v2\/product_tag?post=720"}],"curies":[{"name":"wp","href":"https:\/\/api.w.org\/{rel}","templated":true}]}}