{"id":4859,"date":"2025-12-31T14:59:24","date_gmt":"2025-12-31T13:59:24","guid":{"rendered":"https:\/\/www.moriadesign.pl\/?post_type=product&#038;p=4859"},"modified":"2026-01-19T14:10:31","modified_gmt":"2026-01-19T13:10:31","slug":"slupek-drogowy-c-01-60-b-w-h70-cm","status":"publish","type":"product","link":"https:\/\/www.moriadesign.pl\/fr\/produit\/slupek-drogowy-c-01-60-b-w-h70-cm\/","title":{"rendered":"Poteau de route C-01.60.b.w [h=70 cm]."},"content":{"rendered":"<h2>Caract\u00e9ristiques et avantages :<\/h2>\n<ul>\n<li>en tube &gt; <b>simple<\/b>;<\/li>\n<li>m\u00e9thode d'installation - b\u00e9ton (tuyau d\u00e9di\u00e9 de 30 cm) &gt; <b>facile \u00e0 installer<\/b>;<\/li>\n<li>Ruban r\u00e9fl\u00e9chissant rouge de haute qualit\u00e9, couvercle recouvert d'un bouchon en plastique, *galvanis\u00e9 et peint avec une peinture en poudre blanche - beaucoup plus r\u00e9sistante aux dommages que les peintures au pistolet, les peintures en poudre sont totalement s\u00fbres pour l'homme et l'environnement &gt;. <b>durable et d'une finition \u00e9l\u00e9gante ;<\/b><\/li>\n<li>dimensions : hauteur - 70 cm, \u03a6 tube - 60.3 mm &gt;<b>\u00a0tr\u00e8s solide<\/b>;<\/li>\n<li>fabriqu\u00e9 \u00e0 la machine &gt;\u00a0<b>r\u00e9p\u00e9titif<\/b>.<\/li>\n<\/ul>\n<p>*Une version avec rev\u00eatement en poudre est \u00e9galement disponible.<\/p>\n<h2>Application :<\/h2>\n<ul>\n<li>pour bloquer l'entr\u00e9e des voitures sur les trottoirs, les pistes cyclables et autres zones interdites ; il s'av\u00e9rera \u00e9galement utile pour prot\u00e9ger toute infrastructure urbaine telle que les bouches d'incendie, les machines de collecte de colis, les abris bus.<\/li>\n<\/ul>\n<details>\n<summary style=\"cursor: pointer;\">En savoir plus<\/summary>\n<h2><span lang=\"pl-PL\">Prosty s\u0142upek drogowy C-01.60.b.w \u2013 s\u0142upek odblaskowy w atrakcyjnej cenie<\/span><\/h2>\n<p><span lang=\"pl-PL\"><strong>S\u0142upek drogowy C-01.60.b.w<\/strong> est un simple poteau pour baliser les voies de circulation<\/span><span lang=\"pl-PL\">. Il s'agit d'un produit recommand\u00e9 pour ceux qui recherchent une solution \u00e9prouv\u00e9e et esth\u00e9tique \u00e0 un prix comp\u00e9titif. Cette solution triviale facilite efficacement l'organisation du trafic dans une agglom\u00e9ration. <\/span><span lang=\"pl-PL\">Les mat\u00e9riaux utilis\u00e9s, ainsi que la protection contre la corrosion (ruban r\u00e9fl\u00e9chissant de haute qualit\u00e9, protection de la partie sup\u00e9rieure par un bouchon en plastique, option d'un poteau en tube galvanis\u00e9), rendent la borne tr\u00e8s r\u00e9sistante aux conditions atmosph\u00e9riques et aux dommages m\u00e9caniques. La borne routi\u00e8re de <a href=\"\/fr\/?wmc-currency=EUR\">MORIA DESIGN<\/a> fonctionnera tr\u00e8s bien dans les espaces urbains, les parcs, les \u00e9coles ou devant le bureau pour organiser la circulation de mani\u00e8re efficace.\u00a0<\/span><\/p>\n<p><span lang=\"pl-PL\"><strong>Postes de trafic<\/strong> peuvent \u00eatre utilis\u00e9s principalement dans les agglom\u00e9rations, pour bloquer efficacement l'entr\u00e9e des v\u00e9hicules sur les trottoirs, les all\u00e9es, les zones pi\u00e9tonnes, les pistes cyclables et autres endroits exclus de la circulation automobile. Elles sont id\u00e9ales pour d\u00e9limiter les voies de circulation et prot\u00e9ger les infrastructures urbaines telles que les poteaux d'\u00e9clairage, les bouches d'incendie ou les abribus.<\/span><\/p>\n<p><strong>S\u0142upek parkingowy model C-01.60.b.w<\/strong> est con\u00e7u pour le b\u00e9tonnage. Nous proposons \u00e9galement ce mod\u00e8le de poteau de stationnement dans une version avec un orifice pour le vissage au sol.<\/p>\n<p><span lang=\"pl-PL\">Pr\u00e9sent\u00e9 <a href=\"https:\/\/www.moriadesign.pl\/fr\/offrir\/piliers-du-trafic\/?wmc-currency=EUR\">Postes de trafic<\/a> de MORIA DESIGN est le choix id\u00e9al si vous avez besoin de toute urgence d'une solution fiable et \u00e9conomique pour l'organisation du trafic dans une agglom\u00e9ration. N'h\u00e9sitez pas \u00e0 nous contacter. Nous proposons \u00e9galement des mod\u00e8les sur mesure pour des projets individuels.<\/span><\/p>\n<\/details>","protected":false},"excerpt":{"rendered":"<p>Cechy i zalety: wykonany z rury &gt; prosty; spos\u00f3b monta\u017cu &#8211; zabetonowanie (dedykowane 30 cm rury) &gt; \u0142atwy w monta\u017cu; zastosowana wysokiej jako\u015bci czerwona ta\u015bma odblaskowa, g\u00f3rna cz\u0119\u015b\u0107 zakryta korkiem z tworzywa sztucznego, *ocynkowany oraz pomalowany farb\u0105 proszkow\u0105 w kolorze bia\u0142ym \u2013 zdecydowanie wy\u017csza odporno\u015b\u0107 na uszkodzenia od pow\u0142ok farb natryskowych, farby proszkowe s\u0105 w&#8230;<\/p>","protected":false},"featured_media":4840,"template":"","meta":{"inline_featured_image":false},"product_cat":[161],"product_tag":[171,168,167,164,169,162,166,163,165,170],"acf":[],"yoast_head":"<!-- This site is optimized with the Yoast SEO plugin v20.2 - https:\/\/yoast.com\/wordpress\/plugins\/seo\/ -->\n<title>S\u0142upek drogowy C-01.60.b.w [h=70 cm] - MORIA DESIGN<\/title>\n<meta name=\"description\" content=\"S\u0142upek drogowy z wysokiej jako\u015bci pasami odblaskowymi w atrakcyjnej cenie. Wykonany z solidnej, ocynkowanej rury. Gwarancja jako\u015bci. Szybka wysy\u0142ka!\" \/>\n<meta name=\"robots\" content=\"index, follow, max-snippet:-1, max-image-preview:large, max-video-preview:-1\" \/>\n<link rel=\"canonical\" href=\"https:\/\/www.moriadesign.pl\/fr\/produit\/slupek-drogowy-c-01-60-b-w-h70-cm\/?wmc-currency=EUR\" \/>\n<meta property=\"og:locale\" content=\"fr_FR\" \/>\n<meta property=\"og:type\" content=\"article\" \/>\n<meta property=\"og:title\" content=\"S\u0142upek drogowy C-01.60.b.w [h=70 cm] - MORIA DESIGN\" \/>\n<meta property=\"og:description\" content=\"S\u0142upek drogowy z wysokiej jako\u015bci pasami odblaskowymi w atrakcyjnej cenie. Wykonany z solidnej, ocynkowanej rury. Gwarancja jako\u015bci. Szybka wysy\u0142ka!\" \/>\n<meta property=\"og:url\" content=\"https:\/\/www.moriadesign.pl\/fr\/produit\/slupek-drogowy-c-01-60-b-w-h70-cm\/?wmc-currency=EUR\" \/>\n<meta property=\"og:site_name\" content=\"MORIA DESIGN\" \/>\n<meta property=\"article:modified_time\" content=\"2026-01-19T13:10:31+00:00\" \/>\n<meta property=\"og:image\" content=\"https:\/\/www.moriadesign.pl\/wp-content\/uploads\/2025\/12\/C-01.60.b.w_1-bialo-czerwony-slupek-drogowy-odblaskowy.png\" \/>\n\t<meta property=\"og:image:width\" content=\"1600\" \/>\n\t<meta property=\"og:image:height\" content=\"1600\" \/>\n\t<meta property=\"og:image:type\" content=\"image\/png\" \/>\n<meta name=\"twitter:card\" content=\"summary_large_image\" \/>\n<meta name=\"twitter:label1\" content=\"Dur\u00e9e de lecture estim\u00e9e\" \/>\n\t<meta name=\"twitter:data1\" content=\"2 minutes\" \/>\n<script type=\"application\/ld+json\" class=\"yoast-schema-graph\">{\"@context\":\"https:\/\/schema.org\",\"@graph\":[{\"@type\":\"WebPage\",\"@id\":\"https:\/\/www.moriadesign.pl\/produkt\/slupek-drogowy-c-01-60-b-w-h70-cm\/\",\"url\":\"https:\/\/www.moriadesign.pl\/produkt\/slupek-drogowy-c-01-60-b-w-h70-cm\/\",\"name\":\"S\u0142upek drogowy C-01.60.b.w [h=70 cm] - MORIA DESIGN\",\"isPartOf\":{\"@id\":\"https:\/\/www.moriadesign.pl\/#website\"},\"datePublished\":\"2025-12-31T13:59:24+00:00\",\"dateModified\":\"2026-01-19T13:10:31+00:00\",\"description\":\"S\u0142upek drogowy z wysokiej jako\u015bci pasami odblaskowymi w atrakcyjnej cenie. Wykonany z solidnej, ocynkowanej rury. Gwarancja jako\u015bci. Szybka wysy\u0142ka!\",\"breadcrumb\":{\"@id\":\"https:\/\/www.moriadesign.pl\/produkt\/slupek-drogowy-c-01-60-b-w-h70-cm\/#breadcrumb\"},\"inLanguage\":\"fr-FR\",\"potentialAction\":[{\"@type\":\"ReadAction\",\"target\":[\"https:\/\/www.moriadesign.pl\/produkt\/slupek-drogowy-c-01-60-b-w-h70-cm\/\"]}]},{\"@type\":\"BreadcrumbList\",\"@id\":\"https:\/\/www.moriadesign.pl\/produkt\/slupek-drogowy-c-01-60-b-w-h70-cm\/#breadcrumb\",\"itemListElement\":[{\"@type\":\"ListItem\",\"position\":1,\"name\":\"Strona g\u0142\u00f3wna\",\"item\":\"https:\/\/www.moriadesign.pl\/\"},{\"@type\":\"ListItem\",\"position\":2,\"name\":\"Sklep\",\"item\":\"https:\/\/www.moriadesign.pl\/sklep\/\"},{\"@type\":\"ListItem\",\"position\":3,\"name\":\"S\u0142upek drogowy C-01.60.b.w [h=70 cm]\"}]},{\"@type\":\"WebSite\",\"@id\":\"https:\/\/www.moriadesign.pl\/#website\",\"url\":\"https:\/\/www.moriadesign.pl\/\",\"name\":\"MORIA DESIGN\",\"description\":\"okucia do mebli, domu i ogrodu\",\"potentialAction\":[{\"@type\":\"SearchAction\",\"target\":{\"@type\":\"EntryPoint\",\"urlTemplate\":\"https:\/\/www.moriadesign.pl\/?s={search_term_string}\"},\"query-input\":\"required name=search_term_string\"}],\"inLanguage\":\"fr-FR\"}]}<\/script>\n<!-- \/ Yoast SEO plugin. -->","yoast_head_json":{"title":"S\u0142upek drogowy C-01.60.b.w [h=70 cm] - MORIA DESIGN","description":"S\u0142upek drogowy z wysokiej jako\u015bci pasami odblaskowymi w atrakcyjnej cenie. Wykonany z solidnej, ocynkowanej rury. Gwarancja jako\u015bci. Szybka wysy\u0142ka!","robots":{"index":"index","follow":"follow","max-snippet":"max-snippet:-1","max-image-preview":"max-image-preview:large","max-video-preview":"max-video-preview:-1"},"canonical":"https:\/\/www.moriadesign.pl\/fr\/produit\/slupek-drogowy-c-01-60-b-w-h70-cm\/?wmc-currency=EUR","og_locale":"fr_FR","og_type":"article","og_title":"S\u0142upek drogowy C-01.60.b.w [h=70 cm] - MORIA DESIGN","og_description":"S\u0142upek drogowy z wysokiej jako\u015bci pasami odblaskowymi w atrakcyjnej cenie. Wykonany z solidnej, ocynkowanej rury. Gwarancja jako\u015bci. Szybka wysy\u0142ka!","og_url":"https:\/\/www.moriadesign.pl\/fr\/produit\/slupek-drogowy-c-01-60-b-w-h70-cm\/?wmc-currency=EUR","og_site_name":"MORIA DESIGN","article_modified_time":"2026-01-19T13:10:31+00:00","og_image":[{"width":1600,"height":1600,"url":"https:\/\/www.moriadesign.pl\/wp-content\/uploads\/2025\/12\/C-01.60.b.w_1-bialo-czerwony-slupek-drogowy-odblaskowy.png","type":"image\/png"}],"twitter_card":"summary_large_image","twitter_misc":{"Dur\u00e9e de lecture estim\u00e9e":"2 minutes"},"schema":{"@context":"https:\/\/schema.org","@graph":[{"@type":"WebPage","@id":"https:\/\/www.moriadesign.pl\/produkt\/slupek-drogowy-c-01-60-b-w-h70-cm\/","url":"https:\/\/www.moriadesign.pl\/produkt\/slupek-drogowy-c-01-60-b-w-h70-cm\/","name":"S\u0142upek drogowy C-01.60.b.w [h=70 cm] - MORIA DESIGN","isPartOf":{"@id":"https:\/\/www.moriadesign.pl\/#website"},"datePublished":"2025-12-31T13:59:24+00:00","dateModified":"2026-01-19T13:10:31+00:00","description":"S\u0142upek drogowy z wysokiej jako\u015bci pasami odblaskowymi w atrakcyjnej cenie. Wykonany z solidnej, ocynkowanej rury. Gwarancja jako\u015bci. Szybka wysy\u0142ka!","breadcrumb":{"@id":"https:\/\/www.moriadesign.pl\/produkt\/slupek-drogowy-c-01-60-b-w-h70-cm\/#breadcrumb"},"inLanguage":"fr-FR","potentialAction":[{"@type":"ReadAction","target":["https:\/\/www.moriadesign.pl\/produkt\/slupek-drogowy-c-01-60-b-w-h70-cm\/"]}]},{"@type":"BreadcrumbList","@id":"https:\/\/www.moriadesign.pl\/produkt\/slupek-drogowy-c-01-60-b-w-h70-cm\/#breadcrumb","itemListElement":[{"@type":"ListItem","position":1,"name":"Strona g\u0142\u00f3wna","item":"https:\/\/www.moriadesign.pl\/"},{"@type":"ListItem","position":2,"name":"Sklep","item":"https:\/\/www.moriadesign.pl\/sklep\/"},{"@type":"ListItem","position":3,"name":"S\u0142upek drogowy C-01.60.b.w [h=70 cm]"}]},{"@type":"WebSite","@id":"https:\/\/www.moriadesign.pl\/#website","url":"https:\/\/www.moriadesign.pl\/","name":"MORIA DESIGN","description":"okucia do mebli, domu i ogrodu","potentialAction":[{"@type":"SearchAction","target":{"@type":"EntryPoint","urlTemplate":"https:\/\/www.moriadesign.pl\/?s={search_term_string}"},"query-input":"required name=search_term_string"}],"inLanguage":"fr-FR"}]}},"_links":{"self":[{"href":"https:\/\/www.moriadesign.pl\/fr\/wp-json\/wp\/v2\/product\/4859"}],"collection":[{"href":"https:\/\/www.moriadesign.pl\/fr\/wp-json\/wp\/v2\/product"}],"about":[{"href":"https:\/\/www.moriadesign.pl\/fr\/wp-json\/wp\/v2\/types\/product"}],"wp:featuredmedia":[{"embeddable":true,"href":"https:\/\/www.moriadesign.pl\/fr\/wp-json\/wp\/v2\/media\/4840"}],"wp:attachment":[{"href":"https:\/\/www.moriadesign.pl\/fr\/wp-json\/wp\/v2\/media?parent=4859"}],"wp:term":[{"taxonomy":"product_cat","embeddable":true,"href":"https:\/\/www.moriadesign.pl\/fr\/wp-json\/wp\/v2\/product_cat?post=4859"},{"taxonomy":"product_tag","embeddable":true,"href":"https:\/\/www.moriadesign.pl\/fr\/wp-json\/wp\/v2\/product_tag?post=4859"}],"curies":[{"name":"wp","href":"https:\/\/api.w.org\/{rel}","templated":true}]}}