{"id":4778,"date":"2025-11-28T15:20:48","date_gmt":"2025-11-28T14:20:48","guid":{"rendered":"https:\/\/www.moriadesign.pl\/?post_type=product&#038;p=4778"},"modified":"2026-04-22T11:05:34","modified_gmt":"2026-04-22T09:05:34","slug":"kotwa-ozdobna-m-18","status":"publish","type":"product","link":"https:\/\/www.moriadesign.pl\/fr\/produit\/ancre-decorative-m-18\/","title":{"rendered":"Ancrage d\u00e9coratif M-18 [L.=110-170 mm]"},"content":{"rendered":"<h2>Caract\u00e9ristiques et avantages :<\/h2>\n<ul>\n<li>en acier de haute qualit\u00e9 &gt; <b>\u00e9ternel ;<\/b><\/li>\n<li>Largeur de la base r\u00e9glable &gt; <strong>fonctionnelle ;<\/strong><\/li>\n<li>trous de montage chanfrein\u00e9s &gt;\u00a0<b>esth\u00e9tique ;<\/b><\/li>\n<li>Rev\u00eatement par poudre en noir mat (z\u00e9ro brillance, structure fine) - beaucoup plus r\u00e9sistantes aux dommages que les peintures par pulv\u00e9risation, les peintures par poudre sont totalement s\u00fbres pour l'homme et l'environnement. <b>durable et d'une finition \u00e9l\u00e9gante ;<\/b><\/li>\n<li>Dimensions : \u00e9paisseur de la t\u00f4le - 4 mm, tube 60,3 x 2,9 mm, \u03a6 des trous de montage - 8 mm &gt; <b>robuste ;<\/b><\/li>\n<li>dimensions maximales : largeur - 11 \u00e0 17 cm, profondeur - 13 cm, hauteur - 30,5 cm &gt; <b>proportionn\u00e9.<\/b><\/li>\n<\/ul>\n<h2>Application :<\/h2>\n<ul>\n<li>pour gazebos, pergolas, poutres, poteaux de cl\u00f4ture, architecture de jardin en bois.<\/li>\n<\/ul>\n<details>\n<summary style=\"cursor: pointer;\">En savoir plus<\/summary>\n<h2><span lang=\"pl-PL\">Ancre de jardin d\u00e9corative mod\u00e8le M-18 - base r\u00e9glable, \u00e0 visser<\/span><\/h2>\n<p><span lang=\"pl-PL\"><strong>Ancres d\u00e9coratives de style r\u00e9tro M-18 <\/strong>est une solution esth\u00e9tique et fonctionnelle propos\u00e9e par <a href=\"\/fr\/?wmc-currency=EUR\">MORIA DESIGN<\/a> pour votre jardin<\/span><span lang=\"pl-PL\">. Nous recommandons ce produit en particulier \u00e0 ceux qui recherchent un moyen \u00e9prouv\u00e9 et esth\u00e9tique de fixer de mani\u00e8re permanente et efficace les poteaux de gazebo, les abris, les pergolas et d'autres objets d'architecture de jardin en bois d\u00e8s le stade de leur construction. Nos ancres sont fabriqu\u00e9es en acier certifi\u00e9<\/span><span lang=\"pl-PL\">. Le mode de fabrication des ancres allie r\u00e9sistance, fonctionnalit\u00e9 et aspect \u00e9l\u00e9gant et rustique. Les mat\u00e9riaux utilis\u00e9s et la protection anticorrosion garantissent leur durabilit\u00e9. R\u00e9sistantes aux intemp\u00e9ries et aux dommages m\u00e9caniques, elles sont id\u00e9ales pour votre jardin.\u00a0<\/span><\/p>\n<p><span lang=\"pl-PL\"><strong>Ancre d\u00e9corative M-18 <\/strong>de MORIA DESIGN est un exemple garanti de robustesse et de conception r\u00e9fl\u00e9chie et fonctionnelle. L'ancrage est constitu\u00e9 d'une t\u00f4le d'acier d'une \u00e9paisseur de 4 mm et d'un tube d'un diam\u00e8tre de 60,3 mm et d'une \u00e9paisseur de paroi de 2,9 mm. La base de l'ancrage est r\u00e9glable, ce qui permet une adaptation pr\u00e9cise \u00e0 la section de la colonne \u00e0 installer. L'utilisation d'un tube solide, sur lequel repose l'ancrage, renforce sa stabilit\u00e9 et constitue une solution visuellement attrayante.<\/span><\/p>\n<p><strong>Ancres d\u00e9coratives<\/strong> se distinguent par leur \u00e9l\u00e9gance, leur rusticit\u00e9, leur originalit\u00e9 et leur qualit\u00e9 de fabrication. Chaque ancre est dot\u00e9e de rivets en acier forg\u00e9, qui soulignent subtilement leur design unique. Les ancres d\u00e9coratives sont propos\u00e9es dans diff\u00e9rentes variantes en fonction de leur taille, de leur ajustabilit\u00e9, ainsi que de la m\u00e9thode d'installation (pour le vissage, pour le b\u00e9tonnage), ce qui garantit leur large \u00e9ventail de possibilit\u00e9s d'application. Le mod\u00e8le d'ancrage pr\u00e9sent\u00e9 est destin\u00e9 au b\u00e9tonnage. Nous proposons \u00e9galement ce mod\u00e8le d'ancrage d\u00e9coratif dans une version pour le b\u00e9tonnage.<\/p>\n<p><span lang=\"pl-PL\">Robuste <a href=\"\/fr\/offrir\/fermetures-decoratives-2\/?wmc-currency=EUR\">ancres d\u00e9coratives<\/a> Les ancres d\u00e9coratives de style r\u00e9tro de MORIA DESIGN sont une combinaison simultan\u00e9e de durabilit\u00e9, de fonctionnalit\u00e9 et d'\u00e9l\u00e9gance. Fabriqu\u00e9s \u00e0 partir de mat\u00e9riaux de haute qualit\u00e9, correctement prot\u00e9g\u00e9s contre la corrosion et esth\u00e9tiquement finis, les ancrages d\u00e9coratifs satisferont les besoins des utilisateurs les plus exigeants. Les ancrages d\u00e9coratifs en acier peuvent \u00eatre appliqu\u00e9s aux poteaux de gazebo en bois, aux cl\u00f4tures, aux pergolas, aux carports, aux cabanes \u00e0 outils ou aux maisons d'enfants, ce qui en fait une solution extr\u00eamement pratique. Nous vous invitons \u00e0 acheter des ancres d\u00e9coratives solides et \u00e9l\u00e9gantes de MORIA DESIGN, qui assureront la durabilit\u00e9 de vos projets et constitueront en m\u00eame temps une d\u00e9coration originale et subtile de l'environnement.<\/span><\/p>\n<\/details>","protected":false},"excerpt":{"rendered":"<p>Cechy i zalety: wykonana z wysokiej gatunkowo stali &gt; wieczna; regulowana szeroko\u015b\u0107 podstawy &gt; funkcjonalna; fazowane otwory monta\u017cowe &gt;\u00a0estetyczna; pomalowana farb\u0105 proszkow\u0105 w kolorze czarny mat (zero po\u0142ysku, drobna struktura) \u2013 zdecydowanie wy\u017csza odporno\u015b\u0107 na uszkodzenia od pow\u0142ok farb natryskowych, farby proszkowe s\u0105 w pe\u0142ni bezpieczne dla ludzi i \u015brodowiska &gt; trwale i elegancko wyko\u0144czona;&#8230;<\/p>","protected":false},"featured_media":4732,"template":"","meta":{"inline_featured_image":false},"product_cat":[33],"product_tag":[153,156,157,152,160,159,158,155,154],"acf":[],"yoast_head":"<!-- This site is optimized with the Yoast SEO plugin v20.2 - https:\/\/yoast.com\/wordpress\/plugins\/seo\/ -->\n<title>Kotwa ozdobna M-18 [szer.=110-170 mm] - MORIA DESIGN<\/title>\n<meta name=\"description\" content=\"Kotwa dekoracyjna na solidnej stalowej rurze z regulowan\u0105 podstaw\u0105. Wysoka jako\u015b\u0107. Je\u015bli nie ma interesuj\u0105cego Ci\u0119 rozmiaru, zapytaj. Wykonamy dla Ciebie!\" \/>\n<meta name=\"robots\" content=\"index, follow, max-snippet:-1, max-image-preview:large, max-video-preview:-1\" \/>\n<link rel=\"canonical\" href=\"https:\/\/www.moriadesign.pl\/fr\/produit\/ancre-decorative-m-18\/?wmc-currency=EUR\" \/>\n<meta property=\"og:locale\" content=\"fr_FR\" \/>\n<meta property=\"og:type\" content=\"article\" \/>\n<meta property=\"og:title\" content=\"Kotwa ozdobna M-18 [szer.=110-170 mm] - MORIA DESIGN\" \/>\n<meta property=\"og:description\" content=\"Kotwa dekoracyjna na solidnej stalowej rurze z regulowan\u0105 podstaw\u0105. Wysoka jako\u015b\u0107. Je\u015bli nie ma interesuj\u0105cego Ci\u0119 rozmiaru, zapytaj. Wykonamy dla Ciebie!\" \/>\n<meta property=\"og:url\" content=\"https:\/\/www.moriadesign.pl\/fr\/produit\/ancre-decorative-m-18\/?wmc-currency=EUR\" \/>\n<meta property=\"og:site_name\" content=\"MORIA DESIGN\" \/>\n<meta property=\"article:modified_time\" content=\"2026-04-22T09:05:34+00:00\" \/>\n<meta property=\"og:image\" content=\"https:\/\/www.moriadesign.pl\/wp-content\/uploads\/2025\/11\/M-18_1-kotwa-regulowana-do-altany-ogrodowej.jpg\" \/>\n\t<meta property=\"og:image:width\" content=\"1600\" \/>\n\t<meta property=\"og:image:height\" content=\"1600\" \/>\n\t<meta property=\"og:image:type\" content=\"image\/jpeg\" \/>\n<meta name=\"twitter:card\" content=\"summary_large_image\" \/>\n<meta name=\"twitter:label1\" content=\"Dur\u00e9e de lecture estim\u00e9e\" \/>\n\t<meta name=\"twitter:data1\" content=\"2 minutes\" \/>\n<script type=\"application\/ld+json\" class=\"yoast-schema-graph\">{\"@context\":\"https:\/\/schema.org\",\"@graph\":[{\"@type\":\"WebPage\",\"@id\":\"https:\/\/www.moriadesign.pl\/produkt\/kotwa-ozdobna-m-18\/\",\"url\":\"https:\/\/www.moriadesign.pl\/produkt\/kotwa-ozdobna-m-18\/\",\"name\":\"Kotwa ozdobna M-18 [szer.=110-170 mm] - MORIA DESIGN\",\"isPartOf\":{\"@id\":\"https:\/\/www.moriadesign.pl\/#website\"},\"datePublished\":\"2025-11-28T14:20:48+00:00\",\"dateModified\":\"2026-04-22T09:05:34+00:00\",\"description\":\"Kotwa dekoracyjna na solidnej stalowej rurze z regulowan\u0105 podstaw\u0105. Wysoka jako\u015b\u0107. Je\u015bli nie ma interesuj\u0105cego Ci\u0119 rozmiaru, zapytaj. Wykonamy dla Ciebie!\",\"breadcrumb\":{\"@id\":\"https:\/\/www.moriadesign.pl\/produkt\/kotwa-ozdobna-m-18\/#breadcrumb\"},\"inLanguage\":\"fr-FR\",\"potentialAction\":[{\"@type\":\"ReadAction\",\"target\":[\"https:\/\/www.moriadesign.pl\/produkt\/kotwa-ozdobna-m-18\/\"]}]},{\"@type\":\"BreadcrumbList\",\"@id\":\"https:\/\/www.moriadesign.pl\/produkt\/kotwa-ozdobna-m-18\/#breadcrumb\",\"itemListElement\":[{\"@type\":\"ListItem\",\"position\":1,\"name\":\"Strona g\u0142\u00f3wna\",\"item\":\"https:\/\/www.moriadesign.pl\/\"},{\"@type\":\"ListItem\",\"position\":2,\"name\":\"Sklep\",\"item\":\"https:\/\/www.moriadesign.pl\/sklep\/\"},{\"@type\":\"ListItem\",\"position\":3,\"name\":\"Kotwa ozdobna M-18 [szer.=110-170 mm]\"}]},{\"@type\":\"WebSite\",\"@id\":\"https:\/\/www.moriadesign.pl\/#website\",\"url\":\"https:\/\/www.moriadesign.pl\/\",\"name\":\"MORIA DESIGN\",\"description\":\"okucia do mebli, domu i ogrodu\",\"potentialAction\":[{\"@type\":\"SearchAction\",\"target\":{\"@type\":\"EntryPoint\",\"urlTemplate\":\"https:\/\/www.moriadesign.pl\/?s={search_term_string}\"},\"query-input\":\"required name=search_term_string\"}],\"inLanguage\":\"fr-FR\"}]}<\/script>\n<!-- \/ Yoast SEO plugin. -->","yoast_head_json":{"title":"Kotwa ozdobna M-18 [szer.=110-170 mm] - MORIA DESIGN","description":"Kotwa dekoracyjna na solidnej stalowej rurze z regulowan\u0105 podstaw\u0105. Wysoka jako\u015b\u0107. Je\u015bli nie ma interesuj\u0105cego Ci\u0119 rozmiaru, zapytaj. Wykonamy dla Ciebie!","robots":{"index":"index","follow":"follow","max-snippet":"max-snippet:-1","max-image-preview":"max-image-preview:large","max-video-preview":"max-video-preview:-1"},"canonical":"https:\/\/www.moriadesign.pl\/fr\/produit\/ancre-decorative-m-18\/?wmc-currency=EUR","og_locale":"fr_FR","og_type":"article","og_title":"Kotwa ozdobna M-18 [szer.=110-170 mm] - MORIA DESIGN","og_description":"Kotwa dekoracyjna na solidnej stalowej rurze z regulowan\u0105 podstaw\u0105. Wysoka jako\u015b\u0107. Je\u015bli nie ma interesuj\u0105cego Ci\u0119 rozmiaru, zapytaj. Wykonamy dla Ciebie!","og_url":"https:\/\/www.moriadesign.pl\/fr\/produit\/ancre-decorative-m-18\/?wmc-currency=EUR","og_site_name":"MORIA DESIGN","article_modified_time":"2026-04-22T09:05:34+00:00","og_image":[{"width":1600,"height":1600,"url":"https:\/\/www.moriadesign.pl\/wp-content\/uploads\/2025\/11\/M-18_1-kotwa-regulowana-do-altany-ogrodowej.jpg","type":"image\/jpeg"}],"twitter_card":"summary_large_image","twitter_misc":{"Dur\u00e9e de lecture estim\u00e9e":"2 minutes"},"schema":{"@context":"https:\/\/schema.org","@graph":[{"@type":"WebPage","@id":"https:\/\/www.moriadesign.pl\/produkt\/kotwa-ozdobna-m-18\/","url":"https:\/\/www.moriadesign.pl\/produkt\/kotwa-ozdobna-m-18\/","name":"Kotwa ozdobna M-18 [szer.=110-170 mm] - MORIA DESIGN","isPartOf":{"@id":"https:\/\/www.moriadesign.pl\/#website"},"datePublished":"2025-11-28T14:20:48+00:00","dateModified":"2026-04-22T09:05:34+00:00","description":"Kotwa dekoracyjna na solidnej stalowej rurze z regulowan\u0105 podstaw\u0105. Wysoka jako\u015b\u0107. Je\u015bli nie ma interesuj\u0105cego Ci\u0119 rozmiaru, zapytaj. Wykonamy dla Ciebie!","breadcrumb":{"@id":"https:\/\/www.moriadesign.pl\/produkt\/kotwa-ozdobna-m-18\/#breadcrumb"},"inLanguage":"fr-FR","potentialAction":[{"@type":"ReadAction","target":["https:\/\/www.moriadesign.pl\/produkt\/kotwa-ozdobna-m-18\/"]}]},{"@type":"BreadcrumbList","@id":"https:\/\/www.moriadesign.pl\/produkt\/kotwa-ozdobna-m-18\/#breadcrumb","itemListElement":[{"@type":"ListItem","position":1,"name":"Strona g\u0142\u00f3wna","item":"https:\/\/www.moriadesign.pl\/"},{"@type":"ListItem","position":2,"name":"Sklep","item":"https:\/\/www.moriadesign.pl\/sklep\/"},{"@type":"ListItem","position":3,"name":"Kotwa ozdobna M-18 [szer.=110-170 mm]"}]},{"@type":"WebSite","@id":"https:\/\/www.moriadesign.pl\/#website","url":"https:\/\/www.moriadesign.pl\/","name":"MORIA DESIGN","description":"okucia do mebli, domu i ogrodu","potentialAction":[{"@type":"SearchAction","target":{"@type":"EntryPoint","urlTemplate":"https:\/\/www.moriadesign.pl\/?s={search_term_string}"},"query-input":"required name=search_term_string"}],"inLanguage":"fr-FR"}]}},"_links":{"self":[{"href":"https:\/\/www.moriadesign.pl\/fr\/wp-json\/wp\/v2\/product\/4778"}],"collection":[{"href":"https:\/\/www.moriadesign.pl\/fr\/wp-json\/wp\/v2\/product"}],"about":[{"href":"https:\/\/www.moriadesign.pl\/fr\/wp-json\/wp\/v2\/types\/product"}],"wp:featuredmedia":[{"embeddable":true,"href":"https:\/\/www.moriadesign.pl\/fr\/wp-json\/wp\/v2\/media\/4732"}],"wp:attachment":[{"href":"https:\/\/www.moriadesign.pl\/fr\/wp-json\/wp\/v2\/media?parent=4778"}],"wp:term":[{"taxonomy":"product_cat","embeddable":true,"href":"https:\/\/www.moriadesign.pl\/fr\/wp-json\/wp\/v2\/product_cat?post=4778"},{"taxonomy":"product_tag","embeddable":true,"href":"https:\/\/www.moriadesign.pl\/fr\/wp-json\/wp\/v2\/product_tag?post=4778"}],"curies":[{"name":"wp","href":"https:\/\/api.w.org\/{rel}","templated":true}]}}