{"id":3804,"date":"2024-08-08T11:39:15","date_gmt":"2024-08-08T09:39:15","guid":{"rendered":"https:\/\/www.moriadesign.pl\/?post_type=product&#038;p=3804"},"modified":"2026-04-03T10:55:54","modified_gmt":"2026-04-03T08:55:54","slug":"stojak-rowerowy-modern-b-10-50-b-l34-cm","status":"publish","type":"product","link":"https:\/\/www.moriadesign.pl\/fr\/produit\/support-de-velo-moderne-b-10-50-b-l34-cm\/","title":{"rendered":"Porte-v\u00e9los moderne B-10.50.b [l=34 cm]"},"content":{"rendered":"<h2>Caract\u00e9ristiques et avantages :<\/h2>\n<ul>\n<li>en acier (profil\u00e9 + t\u00f4le avec logo) &gt; <b>moderne<\/b>;<\/li>\n<li>m\u00e9thode d'installation - b\u00e9ton (profil\u00e9 d\u00e9di\u00e9 de 30 cm) &gt; <b>facile \u00e0 installer<\/b>;<\/li>\n<li>* galvanis\u00e9e et peinte avec une peinture en poudre anthracite \/ graphite - nettement plus r\u00e9sistante aux dommages que les peintures au pistolet, les peintures en poudre sont totalement s\u00fbres pour l'homme et l'environnement &gt;. <b>durable et d'une finition \u00e9l\u00e9gante ;<\/b><\/li>\n<li>Dimensions : hauteur - 80 cm + 30 cm pour le b\u00e9tonnage, longueur - 34 cm, \u00e9paisseur de la t\u00f4le - 2 mm, profil - 50 x 50 mm &gt;<b>\u00a0tr\u00e8s solide<\/b>;<\/li>\n<li>fabriqu\u00e9 \u00e0 la machine &gt;\u00a0<b>r\u00e9p\u00e9titif<\/b>.<\/li>\n<\/ul>\n<p>*Une version avec rev\u00eatement en poudre est \u00e9galement disponible.<\/p>\n<h2>Application :<\/h2>\n<ul>\n<li>La conception du support permet de fixer le cadre et la roue du v\u00e9lo \u00e0 l'aide d'un c\u00e2ble de s\u00e9curit\u00e9. Il convient \u00e9galement au stationnement des scooters.<\/li>\n<\/ul>\n<details>\n<summary style=\"cursor: pointer;\">En savoir plus<\/summary>\n<h2><span lang=\"pl-PL\">Support de v\u00e9lo en U moderne et \u00e9conomique mod\u00e8le B-10.50.b - le support id\u00e9al pour les v\u00e9los devant le bureau<\/span><\/h2>\n<p><span lang=\"pl-PL\"><strong>Support pour bicyclettes moderne B-10.50.b<\/strong><!-- jw. --> est un support de bicyclette moderne et peu co\u00fbteux, fabriqu\u00e9 en profil\u00e9 d'acier de <a href=\"\/fr\/?wmc-currency=EUR\">MORIA DESIGN<\/a><\/span><span lang=\"pl-PL\">. C'est le choix id\u00e9al pour tous ceux qui recherchent une solution \u00e9prouv\u00e9e et esth\u00e9tique, \u00e0 un prix attractif, pour le stationnement ordonn\u00e9 des v\u00e9los et des scooters devant le bureau. Notre forme<\/span><span lang=\"pl-PL\"> Le support est constitu\u00e9 d'un profil\u00e9 en acier certifi\u00e9 et d'une t\u00f4le avec un logo de v\u00e9lo d\u00e9coup\u00e9. L'appui-v\u00e9lo propos\u00e9 allie durabilit\u00e9, fonctionnalit\u00e9 et design \u00e9l\u00e9gant et moderne. Les mat\u00e9riaux utilis\u00e9s, associ\u00e9s \u00e0 une protection anticorrosion, rendent le support pratiquement inalt\u00e9rable. Extr\u00eamement r\u00e9sistant aux conditions m\u00e9t\u00e9orologiques et aux dommages m\u00e9caniques. Id\u00e9al pour les espaces urbains, les parcs, les \u00e9coles ou les bureaux, il offre un endroit s\u00fbr et pratique pour attacher les v\u00e9los \u00e0 l'aide d'une cha\u00eene, d'un c\u00e2ble ou d'un cadenas.\u00a0<\/span><\/p>\n<p><span lang=\"pl-PL\"><strong>Support de bicyclette unique B-10.50.b<\/strong> de MORIA DESIGN est un exemple garanti de solidit\u00e9 et de conception r\u00e9fl\u00e9chie et fonctionnelle. Le stand est constitu\u00e9 d'un profil\u00e9 d'acier de 50 x 50 mm avec une \u00e9paisseur de paroi de 2 mm, ce qui garantit une stabilit\u00e9 et une r\u00e9sistance \u00e9lev\u00e9es. La t\u00f4le soud\u00e9e transversalement, d'une \u00e9paisseur de 2 mm, est un espace d\u00e9di\u00e9 \u00e0 l'affichage du logo. Le stand est disponible avec un rev\u00eatement en poudre ou galvanis\u00e9 et avec un rev\u00eatement en poudre pour une durabilit\u00e9 et une r\u00e9sistance \u00e0 la corrosion accrues.<\/span><\/p>\n<p><strong>Supports pour bicyclettes moderne B-10.50.b<\/strong> se distinguent par leur design \u00e9l\u00e9gant, moderne et fin, ainsi que par leur qualit\u00e9 de fabrication. Gr\u00e2ce \u00e0 leurs dimensions compactes, ils peuvent \u00eatre facilement install\u00e9s m\u00eame dans des endroits o\u00f9 l'espace est limit\u00e9. Le mod\u00e8le de support pr\u00e9sent\u00e9 est destin\u00e9 au b\u00e9tonnage. Nous proposons \u00e9galement ce mod\u00e8le de b\u00e9quille dans une version \u00e0 visser ou \u00e0 ancrer.<\/p>\n<p><span lang=\"pl-PL\">Robuste <a href=\"\/fr\/offrir\/porte-velos\/?wmc-currency=EUR\">porte-v\u00e9los<\/a> modern de MORIA DESIGN est une combinaison simultan\u00e9e de durabilit\u00e9, de fonctionnalit\u00e9 et d'\u00e9l\u00e9gance. Fabriqu\u00e9s dans des mat\u00e9riaux de haute qualit\u00e9, correctement prot\u00e9g\u00e9s contre la corrosion et dot\u00e9s d'une finition esth\u00e9tique, ces supports satisferont les besoins des utilisateurs les plus exigeants. Les supports peuvent \u00eatre utilis\u00e9s pour garer deux v\u00e9los, y compris des v\u00e9los \u00e9lectriques et des scooters, ce qui en fait une solution extr\u00eamement pratique. Nous vous invitons \u00e0 acheter des supports \u00e0 v\u00e9los solides et \u00e9l\u00e9gants de MORIA DESIGN, qui vous assureront s\u00e9curit\u00e9 et confort d'utilisation pendant de nombreuses ann\u00e9es.<\/span><\/p>\n<\/details>","protected":false},"excerpt":{"rendered":"<p>Cechy i zalety: wykonany ze stali (profil + blacha z logo) &gt; nowoczesny; spos\u00f3b monta\u017cu &#8211; zabetonowanie (dedykowane 30 cm profilu) &gt; \u0142atwy w monta\u017cu; *ocynkowany oraz pomalowany farb\u0105 proszkow\u0105 w kolorze antracytowym \/ grafitowym \u2013 zdecydowanie wy\u017csza odporno\u015b\u0107 na uszkodzenia od pow\u0142ok farb natryskowych, farby proszkowe s\u0105 w pe\u0142ni bezpieczne dla ludzi i \u015brodowiska&#8230;<\/p>","protected":false},"featured_media":3793,"template":"","meta":{"inline_featured_image":false},"product_cat":[35],"product_tag":[148,60,146,64,59,55,74,63,57,58],"acf":[],"yoast_head":"<!-- This site is optimized with the Yoast SEO plugin v20.2 - https:\/\/yoast.com\/wordpress\/plugins\/seo\/ -->\n<title>Stojak rowerowy modern B-10.50.b [l=34 cm] - MORIA DESIGN<\/title>\n<meta name=\"description\" content=\"Nowoczesny i tani stojak rowerowy z profilu, z miejscem na logo. Idealny stojak na rower przed biurem. Wysoka jako\u015b\u0107. Zam\u00f3w ju\u017c dzi\u015b, a wysy\u0142ka ju\u017c jutro!\" \/>\n<meta name=\"robots\" content=\"index, follow, max-snippet:-1, max-image-preview:large, max-video-preview:-1\" \/>\n<link rel=\"canonical\" href=\"https:\/\/www.moriadesign.pl\/fr\/produit\/support-de-velo-moderne-b-10-50-b-l34-cm\/?wmc-currency=EUR\" \/>\n<meta property=\"og:locale\" content=\"fr_FR\" \/>\n<meta property=\"og:type\" content=\"article\" \/>\n<meta property=\"og:title\" content=\"Stojak rowerowy modern B-10.50.b [l=34 cm] - MORIA DESIGN\" \/>\n<meta property=\"og:description\" content=\"Nowoczesny i tani stojak rowerowy z profilu, z miejscem na logo. Idealny stojak na rower przed biurem. Wysoka jako\u015b\u0107. Zam\u00f3w ju\u017c dzi\u015b, a wysy\u0142ka ju\u017c jutro!\" \/>\n<meta property=\"og:url\" content=\"https:\/\/www.moriadesign.pl\/fr\/produit\/support-de-velo-moderne-b-10-50-b-l34-cm\/?wmc-currency=EUR\" \/>\n<meta property=\"og:site_name\" content=\"MORIA DESIGN\" \/>\n<meta property=\"article:modified_time\" content=\"2026-04-03T08:55:54+00:00\" \/>\n<meta property=\"og:image\" content=\"https:\/\/www.moriadesign.pl\/wp-content\/uploads\/2024\/08\/B-10.50.b_1-idealny-stojak-na-rower-przed-biuro.png\" \/>\n\t<meta property=\"og:image:width\" content=\"1600\" \/>\n\t<meta property=\"og:image:height\" content=\"1600\" \/>\n\t<meta property=\"og:image:type\" content=\"image\/png\" \/>\n<meta name=\"twitter:card\" content=\"summary_large_image\" \/>\n<meta name=\"twitter:label1\" content=\"Dur\u00e9e de lecture estim\u00e9e\" \/>\n\t<meta name=\"twitter:data1\" content=\"3 minutes\" \/>\n<script type=\"application\/ld+json\" class=\"yoast-schema-graph\">{\"@context\":\"https:\/\/schema.org\",\"@graph\":[{\"@type\":\"WebPage\",\"@id\":\"https:\/\/www.moriadesign.pl\/produkt\/stojak-rowerowy-modern-b-10-50-b-l34-cm\/\",\"url\":\"https:\/\/www.moriadesign.pl\/produkt\/stojak-rowerowy-modern-b-10-50-b-l34-cm\/\",\"name\":\"Stojak rowerowy modern B-10.50.b [l=34 cm] - MORIA DESIGN\",\"isPartOf\":{\"@id\":\"https:\/\/www.moriadesign.pl\/#website\"},\"datePublished\":\"2024-08-08T09:39:15+00:00\",\"dateModified\":\"2026-04-03T08:55:54+00:00\",\"description\":\"Nowoczesny i tani stojak rowerowy z profilu, z miejscem na logo. Idealny stojak na rower przed biurem. Wysoka jako\u015b\u0107. Zam\u00f3w ju\u017c dzi\u015b, a wysy\u0142ka ju\u017c jutro!\",\"breadcrumb\":{\"@id\":\"https:\/\/www.moriadesign.pl\/produkt\/stojak-rowerowy-modern-b-10-50-b-l34-cm\/#breadcrumb\"},\"inLanguage\":\"fr-FR\",\"potentialAction\":[{\"@type\":\"ReadAction\",\"target\":[\"https:\/\/www.moriadesign.pl\/produkt\/stojak-rowerowy-modern-b-10-50-b-l34-cm\/\"]}]},{\"@type\":\"BreadcrumbList\",\"@id\":\"https:\/\/www.moriadesign.pl\/produkt\/stojak-rowerowy-modern-b-10-50-b-l34-cm\/#breadcrumb\",\"itemListElement\":[{\"@type\":\"ListItem\",\"position\":1,\"name\":\"Strona g\u0142\u00f3wna\",\"item\":\"https:\/\/www.moriadesign.pl\/\"},{\"@type\":\"ListItem\",\"position\":2,\"name\":\"Sklep\",\"item\":\"https:\/\/www.moriadesign.pl\/sklep\/\"},{\"@type\":\"ListItem\",\"position\":3,\"name\":\"Stojak rowerowy modern B-10.50.b [l=34 cm]\"}]},{\"@type\":\"WebSite\",\"@id\":\"https:\/\/www.moriadesign.pl\/#website\",\"url\":\"https:\/\/www.moriadesign.pl\/\",\"name\":\"MORIA DESIGN\",\"description\":\"okucia do mebli, domu i ogrodu\",\"potentialAction\":[{\"@type\":\"SearchAction\",\"target\":{\"@type\":\"EntryPoint\",\"urlTemplate\":\"https:\/\/www.moriadesign.pl\/?s={search_term_string}\"},\"query-input\":\"required name=search_term_string\"}],\"inLanguage\":\"fr-FR\"}]}<\/script>\n<!-- \/ Yoast SEO plugin. -->","yoast_head_json":{"title":"Stojak rowerowy modern B-10.50.b [l=34 cm] - MORIA DESIGN","description":"Nowoczesny i tani stojak rowerowy z profilu, z miejscem na logo. Idealny stojak na rower przed biurem. Wysoka jako\u015b\u0107. Zam\u00f3w ju\u017c dzi\u015b, a wysy\u0142ka ju\u017c jutro!","robots":{"index":"index","follow":"follow","max-snippet":"max-snippet:-1","max-image-preview":"max-image-preview:large","max-video-preview":"max-video-preview:-1"},"canonical":"https:\/\/www.moriadesign.pl\/fr\/produit\/support-de-velo-moderne-b-10-50-b-l34-cm\/?wmc-currency=EUR","og_locale":"fr_FR","og_type":"article","og_title":"Stojak rowerowy modern B-10.50.b [l=34 cm] - MORIA DESIGN","og_description":"Nowoczesny i tani stojak rowerowy z profilu, z miejscem na logo. Idealny stojak na rower przed biurem. Wysoka jako\u015b\u0107. Zam\u00f3w ju\u017c dzi\u015b, a wysy\u0142ka ju\u017c jutro!","og_url":"https:\/\/www.moriadesign.pl\/fr\/produit\/support-de-velo-moderne-b-10-50-b-l34-cm\/?wmc-currency=EUR","og_site_name":"MORIA DESIGN","article_modified_time":"2026-04-03T08:55:54+00:00","og_image":[{"width":1600,"height":1600,"url":"https:\/\/www.moriadesign.pl\/wp-content\/uploads\/2024\/08\/B-10.50.b_1-idealny-stojak-na-rower-przed-biuro.png","type":"image\/png"}],"twitter_card":"summary_large_image","twitter_misc":{"Dur\u00e9e de lecture estim\u00e9e":"3 minutes"},"schema":{"@context":"https:\/\/schema.org","@graph":[{"@type":"WebPage","@id":"https:\/\/www.moriadesign.pl\/produkt\/stojak-rowerowy-modern-b-10-50-b-l34-cm\/","url":"https:\/\/www.moriadesign.pl\/produkt\/stojak-rowerowy-modern-b-10-50-b-l34-cm\/","name":"Stojak rowerowy modern B-10.50.b [l=34 cm] - MORIA DESIGN","isPartOf":{"@id":"https:\/\/www.moriadesign.pl\/#website"},"datePublished":"2024-08-08T09:39:15+00:00","dateModified":"2026-04-03T08:55:54+00:00","description":"Nowoczesny i tani stojak rowerowy z profilu, z miejscem na logo. Idealny stojak na rower przed biurem. Wysoka jako\u015b\u0107. Zam\u00f3w ju\u017c dzi\u015b, a wysy\u0142ka ju\u017c jutro!","breadcrumb":{"@id":"https:\/\/www.moriadesign.pl\/produkt\/stojak-rowerowy-modern-b-10-50-b-l34-cm\/#breadcrumb"},"inLanguage":"fr-FR","potentialAction":[{"@type":"ReadAction","target":["https:\/\/www.moriadesign.pl\/produkt\/stojak-rowerowy-modern-b-10-50-b-l34-cm\/"]}]},{"@type":"BreadcrumbList","@id":"https:\/\/www.moriadesign.pl\/produkt\/stojak-rowerowy-modern-b-10-50-b-l34-cm\/#breadcrumb","itemListElement":[{"@type":"ListItem","position":1,"name":"Strona g\u0142\u00f3wna","item":"https:\/\/www.moriadesign.pl\/"},{"@type":"ListItem","position":2,"name":"Sklep","item":"https:\/\/www.moriadesign.pl\/sklep\/"},{"@type":"ListItem","position":3,"name":"Stojak rowerowy modern B-10.50.b [l=34 cm]"}]},{"@type":"WebSite","@id":"https:\/\/www.moriadesign.pl\/#website","url":"https:\/\/www.moriadesign.pl\/","name":"MORIA DESIGN","description":"okucia do mebli, domu i ogrodu","potentialAction":[{"@type":"SearchAction","target":{"@type":"EntryPoint","urlTemplate":"https:\/\/www.moriadesign.pl\/?s={search_term_string}"},"query-input":"required name=search_term_string"}],"inLanguage":"fr-FR"}]}},"_links":{"self":[{"href":"https:\/\/www.moriadesign.pl\/fr\/wp-json\/wp\/v2\/product\/3804"}],"collection":[{"href":"https:\/\/www.moriadesign.pl\/fr\/wp-json\/wp\/v2\/product"}],"about":[{"href":"https:\/\/www.moriadesign.pl\/fr\/wp-json\/wp\/v2\/types\/product"}],"wp:featuredmedia":[{"embeddable":true,"href":"https:\/\/www.moriadesign.pl\/fr\/wp-json\/wp\/v2\/media\/3793"}],"wp:attachment":[{"href":"https:\/\/www.moriadesign.pl\/fr\/wp-json\/wp\/v2\/media?parent=3804"}],"wp:term":[{"taxonomy":"product_cat","embeddable":true,"href":"https:\/\/www.moriadesign.pl\/fr\/wp-json\/wp\/v2\/product_cat?post=3804"},{"taxonomy":"product_tag","embeddable":true,"href":"https:\/\/www.moriadesign.pl\/fr\/wp-json\/wp\/v2\/product_tag?post=3804"}],"curies":[{"name":"wp","href":"https:\/\/api.w.org\/{rel}","templated":true}]}}