{"id":3801,"date":"2024-08-08T11:13:46","date_gmt":"2024-08-08T09:13:46","guid":{"rendered":"https:\/\/www.moriadesign.pl\/?post_type=product&#038;p=3801"},"modified":"2026-04-03T10:57:40","modified_gmt":"2026-04-03T08:57:40","slug":"stojak-rowerowy-modern-b-09-50-k-l78-cm","status":"publish","type":"product","link":"https:\/\/www.moriadesign.pl\/fr\/produit\/support-de-velo-moderne-b-09-50-k-l78-cm\/","title":{"rendered":"Porte-v\u00e9los moderne B-09.50.k [l=78 cm]"},"content":{"rendered":"<h2>Caract\u00e9ristiques et avantages :<\/h2>\n<ul>\n<li>en acier (profil\u00e9 + t\u00f4le avec logo) &gt; <b>moderne<\/b>;<\/li>\n<li>M\u00e9thode de montage - viss\u00e9 (orifice m\u00e9tallique) &gt;\u00a0<b>facile \u00e0 installer<\/b>;<\/li>\n<li>*galvanis\u00e9 et peint par poudrage en anthracite\/graphite RAL 7016 - nettement plus r\u00e9sistant aux dommages que les peintures par pulv\u00e9risation, les rev\u00eatements par poudrage sont totalement s\u00fbrs pour l'homme et l'environnement &gt;. <b>durable et d'une finition \u00e9l\u00e9gante ;<\/b><\/li>\n<li>Dimensions : hauteur - 80 cm, longueur - 78 cm, \u00e9paisseur de la feuille - 2 mm, profil - 50 x 50 mm, \u00e9paisseur de l'orifice - 4 mm.<b>\u00a0tr\u00e8s solide<\/b>;<\/li>\n<li>fabriqu\u00e9 \u00e0 la machine &gt;\u00a0<b>r\u00e9p\u00e9titif<\/b>.<\/li>\n<\/ul>\n<p>*Une version avec rev\u00eatement en poudre est \u00e9galement disponible.<\/p>\n<h2>Application :<\/h2>\n<ul>\n<li>La conception du support permet de fixer le cadre et la roue du v\u00e9lo \u00e0 l'aide d'un c\u00e2ble de s\u00e9curit\u00e9. Il convient \u00e9galement au stationnement des scooters.<\/li>\n<\/ul>\n<details>\n<summary style=\"cursor: pointer;\">En savoir plus<\/summary>\n<h2><span lang=\"pl-PL\">Support pour v\u00e9los, porte en U, ancr\u00e9 mod\u00e8le B-09.50.k - solution moderne, robuste et fonctionnelle pour le stationnement des v\u00e9los<\/span><\/h2>\n<p><span lang=\"pl-PL\"><strong>Support de v\u00e9lo original moderne B-09.50.k<\/strong>Le portail en U, \u00e9galement connu sous le nom de portail de stationnement pour v\u00e9los, est un moyen efficace et \u00e9prouv\u00e9 de garer les v\u00e9los dans les espaces urbains. <\/span><span lang=\"pl-PL\">Cet appui-v\u00e9lo robuste, fonctionnel et original a \u00e9t\u00e9 con\u00e7u pour assurer la s\u00e9curit\u00e9 et le confort des utilisateurs de v\u00e9los et de scooters. Gr\u00e2ce \u00e0 l'utilisation de mat\u00e9riaux de haute qualit\u00e9, solides et certifi\u00e9s, l'appui est extr\u00eamement durable et est un choix populaire aupr\u00e8s des associations de logement pour l'installation dans les espaces publics.<\/span><\/p>\n<p><span lang=\"pl-PL\"><strong>Porte-v\u00e9los moderne en U mod\u00e8le B-09.50.k<\/strong> est constitu\u00e9 d'un profil\u00e9 d'acier d'une section de 50 x 50 mm et d'une \u00e9paisseur de paroi de 2 mm. Le support est dot\u00e9 d'une t\u00f4le soud\u00e9e en croix de 2 mm d'\u00e9paisseur avec un logo de bicyclette d\u00e9coup\u00e9, ce qui lui conf\u00e8re un aspect moderne et original. En outre, le support est \u00e9quip\u00e9 de deux orifices de montage solides avec une \u00e9paisseur de plaque de 4-5 mm. Gr\u00e2ce \u00e0 une protection anticorrosion, l'ensemble de la structure r\u00e9siste aux intemp\u00e9ries. L'offre r\u00e9guli\u00e8re comprend des stands en deux versions : le stand galvanis\u00e9 et peint par poudrage et le stand peint par poudrage.<\/span><\/p>\n<p><span lang=\"pl-PL\">Le design simple et moderne du support de bicyclette en U en fait un outil de choix pour les cyclistes. <strong>mod\u00e8le B-09.50.k<\/strong> est \u00e0 la fois fonctionnel et esth\u00e9tique et garantit la s\u00e9curit\u00e9. Le design proportionnel et \u00e9l\u00e9gant s'int\u00e8gre parfaitement \u00e0 l'architecture urbaine, et les options de finition disponibles permettent d'adapter facilement le stand \u00e0 diff\u00e9rents espaces. Rev\u00eatu d'un rev\u00eatement en poudre de couleur graphite mat et tendance, le support s'int\u00e8gre parfaitement dans les espaces urbains modernes. Ce mod\u00e8le de porte-v\u00e9los permet de garer deux v\u00e9los ou scooters en m\u00eame temps, qui peuvent \u00eatre solidement attach\u00e9s \u00e0 l'aide d'une cha\u00eene, d'un c\u00e2ble ou d'un cadenas en U.<\/span><\/p>\n<p><span lang=\"pl-PL\">Le support de v\u00e9lo en U mod\u00e8le B-09.50.k est un \u00e9l\u00e9ment d'architecture urbaine solide, stable et en m\u00eame temps \u00e9l\u00e9gant, qui garantit la s\u00e9curit\u00e9 et le confort d'utilisation. Le montage de la potence est simple et dans ce cas, il suffit de visser les orifices en acier, avec 4 trous chanfrein\u00e9s de 11 mm de diam\u00e8tre dans chacun des deux orifices. \u00c9galement disponible <a href=\"\/fr\/offrir\/porte-velos\/?wmc-currency=EUR\">porte-v\u00e9los<\/a> con\u00e7u pour \u00eatre b\u00e9tonn\u00e9 dans le sol. Il s'agit d'un produit polonais de la soci\u00e9t\u00e9 <a href=\"\/fr\/?wmc-currency=EUR\">MORIA DESIGN<\/a>qui propose \u00e9galement des accessoires d\u00e9coratifs pour le mobilier, la maison et le jardin. Nous vous encourageons \u00e0 acheter ce support de v\u00e9lo robuste et fonctionnel, qui vous aidera efficacement \u00e0 organiser l'espace autour de vous !<\/span><\/p>\n<\/details>","protected":false},"excerpt":{"rendered":"<p>Cechy i zalety: wykonany ze stali (profil + blacha z logo) &gt; nowoczesny; spos\u00f3b monta\u017cu &#8211; przykr\u0119cenie (metalowa kryza) &gt;\u00a0\u0142atwy w monta\u017cu; *ocynkowany oraz pomalowany farb\u0105 proszkow\u0105 w kolorze antracytowym \/ grafitowym RAL 7016 \u2013 zdecydowanie wy\u017csza odporno\u015b\u0107 na uszkodzenia od pow\u0142ok farb natryskowych, farby proszkowe s\u0105 w pe\u0142ni bezpieczne dla ludzi i \u015brodowiska &gt;&#8230;<\/p>","protected":false},"featured_media":3790,"template":"","meta":{"inline_featured_image":false},"product_cat":[23,35],"product_tag":[61,60,56,64,59,55,63,62,57,58],"acf":[],"yoast_head":"<!-- This site is optimized with the Yoast SEO plugin v20.2 - https:\/\/yoast.com\/wordpress\/plugins\/seo\/ -->\n<title>Stojak rowerowy modern B-09.50.k [l=78 cm] - MORIA DESIGN<\/title>\n<meta name=\"description\" content=\"Nowoczesny stojak rowerowy, bramka typ U, kotwiony. Z solidnego, stalowego ocynkowanego profilu, pomalowanego proszkowo RAL 7016, z miejscem na logo.\" \/>\n<meta name=\"robots\" content=\"index, follow, max-snippet:-1, max-image-preview:large, max-video-preview:-1\" \/>\n<link rel=\"canonical\" href=\"https:\/\/www.moriadesign.pl\/fr\/produit\/support-de-velo-moderne-b-09-50-k-l78-cm\/?wmc-currency=EUR\" \/>\n<meta property=\"og:locale\" content=\"fr_FR\" \/>\n<meta property=\"og:type\" content=\"article\" \/>\n<meta property=\"og:title\" content=\"Stojak rowerowy modern B-09.50.k [l=78 cm] - MORIA DESIGN\" \/>\n<meta property=\"og:description\" content=\"Nowoczesny stojak rowerowy, bramka typ U, kotwiony. Z solidnego, stalowego ocynkowanego profilu, pomalowanego proszkowo RAL 7016, z miejscem na logo.\" \/>\n<meta property=\"og:url\" content=\"https:\/\/www.moriadesign.pl\/fr\/produit\/support-de-velo-moderne-b-09-50-k-l78-cm\/?wmc-currency=EUR\" \/>\n<meta property=\"og:site_name\" content=\"MORIA DESIGN\" \/>\n<meta property=\"article:modified_time\" content=\"2026-04-03T08:57:40+00:00\" \/>\n<meta property=\"og:image\" content=\"https:\/\/www.moriadesign.pl\/wp-content\/uploads\/2024\/08\/B-09.50.k_1-nowoczesny-grafitowy-stojak-rowerowy-bramka-typ-U.png\" \/>\n\t<meta property=\"og:image:width\" content=\"1600\" \/>\n\t<meta property=\"og:image:height\" content=\"1600\" \/>\n\t<meta property=\"og:image:type\" content=\"image\/png\" \/>\n<meta name=\"twitter:card\" content=\"summary_large_image\" \/>\n<meta name=\"twitter:label1\" content=\"Dur\u00e9e de lecture estim\u00e9e\" \/>\n\t<meta name=\"twitter:data1\" content=\"3 minutes\" \/>\n<script type=\"application\/ld+json\" class=\"yoast-schema-graph\">{\"@context\":\"https:\/\/schema.org\",\"@graph\":[{\"@type\":\"WebPage\",\"@id\":\"https:\/\/www.moriadesign.pl\/produkt\/stojak-rowerowy-modern-b-09-50-k-l78-cm\/\",\"url\":\"https:\/\/www.moriadesign.pl\/produkt\/stojak-rowerowy-modern-b-09-50-k-l78-cm\/\",\"name\":\"Stojak rowerowy modern B-09.50.k [l=78 cm] - MORIA DESIGN\",\"isPartOf\":{\"@id\":\"https:\/\/www.moriadesign.pl\/#website\"},\"datePublished\":\"2024-08-08T09:13:46+00:00\",\"dateModified\":\"2026-04-03T08:57:40+00:00\",\"description\":\"Nowoczesny stojak rowerowy, bramka typ U, kotwiony. Z solidnego, stalowego ocynkowanego profilu, pomalowanego proszkowo RAL 7016, z miejscem na logo.\",\"breadcrumb\":{\"@id\":\"https:\/\/www.moriadesign.pl\/produkt\/stojak-rowerowy-modern-b-09-50-k-l78-cm\/#breadcrumb\"},\"inLanguage\":\"fr-FR\",\"potentialAction\":[{\"@type\":\"ReadAction\",\"target\":[\"https:\/\/www.moriadesign.pl\/produkt\/stojak-rowerowy-modern-b-09-50-k-l78-cm\/\"]}]},{\"@type\":\"BreadcrumbList\",\"@id\":\"https:\/\/www.moriadesign.pl\/produkt\/stojak-rowerowy-modern-b-09-50-k-l78-cm\/#breadcrumb\",\"itemListElement\":[{\"@type\":\"ListItem\",\"position\":1,\"name\":\"Strona g\u0142\u00f3wna\",\"item\":\"https:\/\/www.moriadesign.pl\/\"},{\"@type\":\"ListItem\",\"position\":2,\"name\":\"Sklep\",\"item\":\"https:\/\/www.moriadesign.pl\/sklep\/\"},{\"@type\":\"ListItem\",\"position\":3,\"name\":\"Stojak rowerowy modern B-09.50.k [l=78 cm]\"}]},{\"@type\":\"WebSite\",\"@id\":\"https:\/\/www.moriadesign.pl\/#website\",\"url\":\"https:\/\/www.moriadesign.pl\/\",\"name\":\"MORIA DESIGN\",\"description\":\"okucia do mebli, domu i ogrodu\",\"potentialAction\":[{\"@type\":\"SearchAction\",\"target\":{\"@type\":\"EntryPoint\",\"urlTemplate\":\"https:\/\/www.moriadesign.pl\/?s={search_term_string}\"},\"query-input\":\"required name=search_term_string\"}],\"inLanguage\":\"fr-FR\"}]}<\/script>\n<!-- \/ Yoast SEO plugin. -->","yoast_head_json":{"title":"Stojak rowerowy modern B-09.50.k [l=78 cm] - MORIA DESIGN","description":"Nowoczesny stojak rowerowy, bramka typ U, kotwiony. Z solidnego, stalowego ocynkowanego profilu, pomalowanego proszkowo RAL 7016, z miejscem na logo.","robots":{"index":"index","follow":"follow","max-snippet":"max-snippet:-1","max-image-preview":"max-image-preview:large","max-video-preview":"max-video-preview:-1"},"canonical":"https:\/\/www.moriadesign.pl\/fr\/produit\/support-de-velo-moderne-b-09-50-k-l78-cm\/?wmc-currency=EUR","og_locale":"fr_FR","og_type":"article","og_title":"Stojak rowerowy modern B-09.50.k [l=78 cm] - MORIA DESIGN","og_description":"Nowoczesny stojak rowerowy, bramka typ U, kotwiony. Z solidnego, stalowego ocynkowanego profilu, pomalowanego proszkowo RAL 7016, z miejscem na logo.","og_url":"https:\/\/www.moriadesign.pl\/fr\/produit\/support-de-velo-moderne-b-09-50-k-l78-cm\/?wmc-currency=EUR","og_site_name":"MORIA DESIGN","article_modified_time":"2026-04-03T08:57:40+00:00","og_image":[{"width":1600,"height":1600,"url":"https:\/\/www.moriadesign.pl\/wp-content\/uploads\/2024\/08\/B-09.50.k_1-nowoczesny-grafitowy-stojak-rowerowy-bramka-typ-U.png","type":"image\/png"}],"twitter_card":"summary_large_image","twitter_misc":{"Dur\u00e9e de lecture estim\u00e9e":"3 minutes"},"schema":{"@context":"https:\/\/schema.org","@graph":[{"@type":"WebPage","@id":"https:\/\/www.moriadesign.pl\/produkt\/stojak-rowerowy-modern-b-09-50-k-l78-cm\/","url":"https:\/\/www.moriadesign.pl\/produkt\/stojak-rowerowy-modern-b-09-50-k-l78-cm\/","name":"Stojak rowerowy modern B-09.50.k [l=78 cm] - MORIA DESIGN","isPartOf":{"@id":"https:\/\/www.moriadesign.pl\/#website"},"datePublished":"2024-08-08T09:13:46+00:00","dateModified":"2026-04-03T08:57:40+00:00","description":"Nowoczesny stojak rowerowy, bramka typ U, kotwiony. Z solidnego, stalowego ocynkowanego profilu, pomalowanego proszkowo RAL 7016, z miejscem na logo.","breadcrumb":{"@id":"https:\/\/www.moriadesign.pl\/produkt\/stojak-rowerowy-modern-b-09-50-k-l78-cm\/#breadcrumb"},"inLanguage":"fr-FR","potentialAction":[{"@type":"ReadAction","target":["https:\/\/www.moriadesign.pl\/produkt\/stojak-rowerowy-modern-b-09-50-k-l78-cm\/"]}]},{"@type":"BreadcrumbList","@id":"https:\/\/www.moriadesign.pl\/produkt\/stojak-rowerowy-modern-b-09-50-k-l78-cm\/#breadcrumb","itemListElement":[{"@type":"ListItem","position":1,"name":"Strona g\u0142\u00f3wna","item":"https:\/\/www.moriadesign.pl\/"},{"@type":"ListItem","position":2,"name":"Sklep","item":"https:\/\/www.moriadesign.pl\/sklep\/"},{"@type":"ListItem","position":3,"name":"Stojak rowerowy modern B-09.50.k [l=78 cm]"}]},{"@type":"WebSite","@id":"https:\/\/www.moriadesign.pl\/#website","url":"https:\/\/www.moriadesign.pl\/","name":"MORIA DESIGN","description":"okucia do mebli, domu i ogrodu","potentialAction":[{"@type":"SearchAction","target":{"@type":"EntryPoint","urlTemplate":"https:\/\/www.moriadesign.pl\/?s={search_term_string}"},"query-input":"required name=search_term_string"}],"inLanguage":"fr-FR"}]}},"_links":{"self":[{"href":"https:\/\/www.moriadesign.pl\/fr\/wp-json\/wp\/v2\/product\/3801"}],"collection":[{"href":"https:\/\/www.moriadesign.pl\/fr\/wp-json\/wp\/v2\/product"}],"about":[{"href":"https:\/\/www.moriadesign.pl\/fr\/wp-json\/wp\/v2\/types\/product"}],"wp:featuredmedia":[{"embeddable":true,"href":"https:\/\/www.moriadesign.pl\/fr\/wp-json\/wp\/v2\/media\/3790"}],"wp:attachment":[{"href":"https:\/\/www.moriadesign.pl\/fr\/wp-json\/wp\/v2\/media?parent=3801"}],"wp:term":[{"taxonomy":"product_cat","embeddable":true,"href":"https:\/\/www.moriadesign.pl\/fr\/wp-json\/wp\/v2\/product_cat?post=3801"},{"taxonomy":"product_tag","embeddable":true,"href":"https:\/\/www.moriadesign.pl\/fr\/wp-json\/wp\/v2\/product_tag?post=3801"}],"curies":[{"name":"wp","href":"https:\/\/api.w.org\/{rel}","templated":true}]}}