{"id":3761,"date":"2024-08-06T14:12:40","date_gmt":"2024-08-06T12:12:40","guid":{"rendered":"https:\/\/www.moriadesign.pl\/?post_type=product&#038;p=3761"},"modified":"2026-04-03T11:03:16","modified_gmt":"2026-04-03T09:03:16","slug":"nowoczesny-stojak-rowerowy-b-07-50-k-l78-cm","status":"publish","type":"product","link":"https:\/\/www.moriadesign.pl\/fr\/produit\/support-de-velo-moderne-b-07-50-k-l78-cm\/","title":{"rendered":"Porte-v\u00e9los B-07.50.k [l=78 cm]"},"content":{"rendered":"<h2>Caract\u00e9ristiques et avantages :<\/h2>\n<ul>\n<li>en acier (profil\u00e9) &gt; moderne ;<\/li>\n<li>M\u00e9thode de montage - viss\u00e9 (orifice m\u00e9tallique) &gt;\u00a0<b>facile \u00e0 installer<\/b>;<\/li>\n<li>*galvanis\u00e9 et peint par poudrage en graphite \/ anthracite RAL 7016 - beaucoup plus r\u00e9sistant aux dommages que les peintures par pulv\u00e9risation, les peintures par poudrage sont totalement s\u00fbres pour l'homme et l'environnement &gt;. <b>durable et d'une finition \u00e9l\u00e9gante ;<\/b><\/li>\n<li>Dimensions : hauteur - 80 cm, longueur - 78 cm, profil 50 x 50 x 2 mm, \u00e9paisseur de l'orifice - 4 mm.<b> robuste<\/b>;<\/li>\n<li>fabriqu\u00e9 \u00e0 la machine &gt;\u00a0<b>r\u00e9p\u00e9titif<\/b>.<\/li>\n<\/ul>\n<p>*Une version avec rev\u00eatement en poudre est \u00e9galement disponible.<\/p>\n<h2>Application :<\/h2>\n<ul>\n<li>La conception du support permet de fixer le cadre et la roue du v\u00e9lo \u00e0 l'aide d'un c\u00e2ble de s\u00e9curit\u00e9. Il convient \u00e9galement au stationnement des scooters.<\/li>\n<\/ul>\n<details>\n<summary style=\"cursor: pointer;\">En savoir plus<\/summary>\n<h2><span lang=\"pl-PL\">Support \u00e0 bicyclettes B-07.50.k - assurer la s\u00e9curit\u00e9 et la fonctionnalit\u00e9<\/span><\/h2>\n<p><span lang=\"pl-PL\"><strong>Porte-v\u00e9los moderne B-07.50.k<\/strong> Il est con\u00e7u pour les utilisateurs de bicyclettes et de scooters pour lesquels la s\u00e9curit\u00e9 et le confort sont importants. Fabriqu\u00e9 \u00e0 partir d'un profil\u00e9 m\u00e9tallique de 50 x 50 mm avec une \u00e9paisseur de paroi de 2 mm, il offre un endroit stable et s\u00fbr pour fixer le cadre et la roue de la bicyclette. Le support de v\u00e9lo m\u00e9tallique en U permet d'attacher en toute s\u00e9curit\u00e9 n'importe quel v\u00e9lo ou scooter, quelles que soient ses dimensions, \u00e0 l'aide d'un c\u00e2ble de s\u00e9curit\u00e9, d'un cadenas en U ou d'une cha\u00eene.<\/span><\/p>\n<p><span lang=\"pl-PL\">Cet appui-v\u00e9lo est un appui moderne en forme de U, un appui pour portail, qui convient parfaitement \u00e0 tout espace, que ce soit dans un parking \u00e0 v\u00e9los en ville ou devant une maison individuelle. La hauteur de la b\u00e9quille est de 80 cm. Il s'agit d'un mod\u00e8le de support ancr\u00e9, qui a \u00e9t\u00e9 \u00e9quip\u00e9 d'orifices de montage en m\u00e9tal \u00e9pais et solide pour faciliter l'installation et la stabilit\u00e9. Le stand a \u00e9t\u00e9 galvanis\u00e9, puis peint par poudrage en graphite \/ anthracite - RAL 7016 pour une grande r\u00e9sistance aux dommages et aux conditions m\u00e9t\u00e9orologiques. Cette finition prot\u00e8ge parfaitement le stand de la corrosion et lui conf\u00e8re une apparence \u00e9l\u00e9gante.<\/span><\/p>\n<p><span lang=\"pl-PL\"><strong>Porte-v\u00e9los moderne mod\u00e8le B-07.50.k<\/strong> est un support de bicyclette \u00e0 deux pieds fabriqu\u00e9 \u00e0 la machine, ce qui garantit sa r\u00e9p\u00e9tabilit\u00e9 et sa haute qualit\u00e9.<\/span><\/p>\n<p><span lang=\"pl-PL\"><strong>Supports \u00e0 v\u00e9los modernes Mod\u00e8le B-07.50.k<\/strong> sont \u00e9galement disponibles en version thermolaqu\u00e9e uniquement. Cette option est destin\u00e9e \u00e0 ceux qui utiliseront le support \u00e0 l'int\u00e9rieur, sans \u00eatre expos\u00e9s \u00e0 des conditions m\u00e9t\u00e9orologiques d\u00e9favorables. La conception du support permet de fixer efficacement les v\u00e9los et les scooters, ce qui en fait un choix polyvalent pour de nombreux utilisateurs.<\/span><\/p>\n<p><span lang=\"pl-PL\">En r\u00e9sum\u00e9, la bicyclette en forme de U B-07.50.k de <a href=\"\/fr\/?wmc-currency=EUR\">MORIA DESIGN<\/a> sont l'un des mod\u00e8les les moins chers de supports \u00e0 v\u00e9los, qui constituent un excellent choix pour tous ceux qui recherchent des solutions modernes tr\u00e8s solides, esth\u00e9tiques et \u00e0 un prix attractif pour garer leur v\u00e9lo en toute s\u00e9curit\u00e9. Investissez dans des solutions modernes et \u00e9prouv\u00e9es <a href=\"\/fr\/offrir\/porte-velos\/?wmc-currency=EUR\">porte-v\u00e9los<\/a>pour ranger efficacement l'espace autour de votre bureau, de votre entreprise, de votre maison ou de votre propri\u00e9t\u00e9 !<\/span><\/p>\n<\/details>","protected":false},"excerpt":{"rendered":"<p>Cechy i zalety: wykonany ze stali (profil) &gt; nowoczesny; spos\u00f3b monta\u017cu &#8211; przykr\u0119cenie (metalowa kryza) &gt;\u00a0\u0142atwy w monta\u017cu; *ocynkowany oraz pomalowany farb\u0105 proszkow\u0105 w kolorze grafitowym \/ antracytowym RAL 7016 \u2013 zdecydowanie wy\u017csza odporno\u015b\u0107 na uszkodzenia od pow\u0142ok farb natryskowych, farby proszkowe s\u0105 w pe\u0142ni bezpieczne dla ludzi i \u015brodowiska &gt; trwale i elegancko wyko\u0144czony;&#8230;<\/p>","protected":false},"featured_media":3764,"template":"","meta":{"inline_featured_image":false},"product_cat":[35],"product_tag":[86,61,60,56,63,62,57,58,81,82],"acf":[],"yoast_head":"<!-- This site is optimized with the Yoast SEO plugin v20.2 - https:\/\/yoast.com\/wordpress\/plugins\/seo\/ -->\n<title>Stojak rowerowy B-07.50.k [l=78 cm] - MORIA DESIGN<\/title>\n<meta name=\"description\" content=\"Tani, metalowy nowoczesny stojak rowerowy typ U, ocynkowany oraz pomalowany proszkowo. Idealnie pasuje przed nowoczesne biuro. Zam\u00f3w dzi\u015b - wysy\u0142ka jutro!\" \/>\n<meta name=\"robots\" content=\"index, follow, max-snippet:-1, max-image-preview:large, max-video-preview:-1\" \/>\n<link rel=\"canonical\" href=\"https:\/\/www.moriadesign.pl\/fr\/produit\/support-de-velo-moderne-b-07-50-k-l78-cm\/?wmc-currency=EUR\" \/>\n<meta property=\"og:locale\" content=\"fr_FR\" \/>\n<meta property=\"og:type\" content=\"article\" \/>\n<meta property=\"og:title\" content=\"Stojak rowerowy B-07.50.k [l=78 cm] - MORIA DESIGN\" \/>\n<meta property=\"og:description\" content=\"Tani, metalowy nowoczesny stojak rowerowy typ U, ocynkowany oraz pomalowany proszkowo. Idealnie pasuje przed nowoczesne biuro. Zam\u00f3w dzi\u015b - wysy\u0142ka jutro!\" \/>\n<meta property=\"og:url\" content=\"https:\/\/www.moriadesign.pl\/fr\/produit\/support-de-velo-moderne-b-07-50-k-l78-cm\/?wmc-currency=EUR\" \/>\n<meta property=\"og:site_name\" content=\"MORIA DESIGN\" \/>\n<meta property=\"article:modified_time\" content=\"2026-04-03T09:03:16+00:00\" \/>\n<meta property=\"og:image\" content=\"https:\/\/www.moriadesign.pl\/wp-content\/uploads\/2024\/08\/B-07.50.k_1-grafitowy-nowoczesny-metalowy-stojak-rowerowy.png\" \/>\n\t<meta property=\"og:image:width\" content=\"1600\" \/>\n\t<meta property=\"og:image:height\" content=\"1600\" \/>\n\t<meta property=\"og:image:type\" content=\"image\/png\" \/>\n<meta name=\"twitter:card\" content=\"summary_large_image\" \/>\n<meta name=\"twitter:label1\" content=\"Dur\u00e9e de lecture estim\u00e9e\" \/>\n\t<meta name=\"twitter:data1\" content=\"2 minutes\" \/>\n<script type=\"application\/ld+json\" class=\"yoast-schema-graph\">{\"@context\":\"https:\/\/schema.org\",\"@graph\":[{\"@type\":\"WebPage\",\"@id\":\"https:\/\/www.moriadesign.pl\/produkt\/nowoczesny-stojak-rowerowy-b-07-50-k-l78-cm\/\",\"url\":\"https:\/\/www.moriadesign.pl\/produkt\/nowoczesny-stojak-rowerowy-b-07-50-k-l78-cm\/\",\"name\":\"Stojak rowerowy B-07.50.k [l=78 cm] - MORIA DESIGN\",\"isPartOf\":{\"@id\":\"https:\/\/www.moriadesign.pl\/#website\"},\"datePublished\":\"2024-08-06T12:12:40+00:00\",\"dateModified\":\"2026-04-03T09:03:16+00:00\",\"description\":\"Tani, metalowy nowoczesny stojak rowerowy typ U, ocynkowany oraz pomalowany proszkowo. Idealnie pasuje przed nowoczesne biuro. Zam\u00f3w dzi\u015b - wysy\u0142ka jutro!\",\"breadcrumb\":{\"@id\":\"https:\/\/www.moriadesign.pl\/produkt\/nowoczesny-stojak-rowerowy-b-07-50-k-l78-cm\/#breadcrumb\"},\"inLanguage\":\"fr-FR\",\"potentialAction\":[{\"@type\":\"ReadAction\",\"target\":[\"https:\/\/www.moriadesign.pl\/produkt\/nowoczesny-stojak-rowerowy-b-07-50-k-l78-cm\/\"]}]},{\"@type\":\"BreadcrumbList\",\"@id\":\"https:\/\/www.moriadesign.pl\/produkt\/nowoczesny-stojak-rowerowy-b-07-50-k-l78-cm\/#breadcrumb\",\"itemListElement\":[{\"@type\":\"ListItem\",\"position\":1,\"name\":\"Strona g\u0142\u00f3wna\",\"item\":\"https:\/\/www.moriadesign.pl\/\"},{\"@type\":\"ListItem\",\"position\":2,\"name\":\"Sklep\",\"item\":\"https:\/\/www.moriadesign.pl\/sklep\/\"},{\"@type\":\"ListItem\",\"position\":3,\"name\":\"Stojak rowerowy B-07.50.k [l=78 cm]\"}]},{\"@type\":\"WebSite\",\"@id\":\"https:\/\/www.moriadesign.pl\/#website\",\"url\":\"https:\/\/www.moriadesign.pl\/\",\"name\":\"MORIA DESIGN\",\"description\":\"okucia do mebli, domu i ogrodu\",\"potentialAction\":[{\"@type\":\"SearchAction\",\"target\":{\"@type\":\"EntryPoint\",\"urlTemplate\":\"https:\/\/www.moriadesign.pl\/?s={search_term_string}\"},\"query-input\":\"required name=search_term_string\"}],\"inLanguage\":\"fr-FR\"}]}<\/script>\n<!-- \/ Yoast SEO plugin. -->","yoast_head_json":{"title":"Stojak rowerowy B-07.50.k [l=78 cm] - MORIA DESIGN","description":"Tani, metalowy nowoczesny stojak rowerowy typ U, ocynkowany oraz pomalowany proszkowo. Idealnie pasuje przed nowoczesne biuro. Zam\u00f3w dzi\u015b - wysy\u0142ka jutro!","robots":{"index":"index","follow":"follow","max-snippet":"max-snippet:-1","max-image-preview":"max-image-preview:large","max-video-preview":"max-video-preview:-1"},"canonical":"https:\/\/www.moriadesign.pl\/fr\/produit\/support-de-velo-moderne-b-07-50-k-l78-cm\/?wmc-currency=EUR","og_locale":"fr_FR","og_type":"article","og_title":"Stojak rowerowy B-07.50.k [l=78 cm] - MORIA DESIGN","og_description":"Tani, metalowy nowoczesny stojak rowerowy typ U, ocynkowany oraz pomalowany proszkowo. Idealnie pasuje przed nowoczesne biuro. Zam\u00f3w dzi\u015b - wysy\u0142ka jutro!","og_url":"https:\/\/www.moriadesign.pl\/fr\/produit\/support-de-velo-moderne-b-07-50-k-l78-cm\/?wmc-currency=EUR","og_site_name":"MORIA DESIGN","article_modified_time":"2026-04-03T09:03:16+00:00","og_image":[{"width":1600,"height":1600,"url":"https:\/\/www.moriadesign.pl\/wp-content\/uploads\/2024\/08\/B-07.50.k_1-grafitowy-nowoczesny-metalowy-stojak-rowerowy.png","type":"image\/png"}],"twitter_card":"summary_large_image","twitter_misc":{"Dur\u00e9e de lecture estim\u00e9e":"2 minutes"},"schema":{"@context":"https:\/\/schema.org","@graph":[{"@type":"WebPage","@id":"https:\/\/www.moriadesign.pl\/produkt\/nowoczesny-stojak-rowerowy-b-07-50-k-l78-cm\/","url":"https:\/\/www.moriadesign.pl\/produkt\/nowoczesny-stojak-rowerowy-b-07-50-k-l78-cm\/","name":"Stojak rowerowy B-07.50.k [l=78 cm] - MORIA DESIGN","isPartOf":{"@id":"https:\/\/www.moriadesign.pl\/#website"},"datePublished":"2024-08-06T12:12:40+00:00","dateModified":"2026-04-03T09:03:16+00:00","description":"Tani, metalowy nowoczesny stojak rowerowy typ U, ocynkowany oraz pomalowany proszkowo. Idealnie pasuje przed nowoczesne biuro. Zam\u00f3w dzi\u015b - wysy\u0142ka jutro!","breadcrumb":{"@id":"https:\/\/www.moriadesign.pl\/produkt\/nowoczesny-stojak-rowerowy-b-07-50-k-l78-cm\/#breadcrumb"},"inLanguage":"fr-FR","potentialAction":[{"@type":"ReadAction","target":["https:\/\/www.moriadesign.pl\/produkt\/nowoczesny-stojak-rowerowy-b-07-50-k-l78-cm\/"]}]},{"@type":"BreadcrumbList","@id":"https:\/\/www.moriadesign.pl\/produkt\/nowoczesny-stojak-rowerowy-b-07-50-k-l78-cm\/#breadcrumb","itemListElement":[{"@type":"ListItem","position":1,"name":"Strona g\u0142\u00f3wna","item":"https:\/\/www.moriadesign.pl\/"},{"@type":"ListItem","position":2,"name":"Sklep","item":"https:\/\/www.moriadesign.pl\/sklep\/"},{"@type":"ListItem","position":3,"name":"Stojak rowerowy B-07.50.k [l=78 cm]"}]},{"@type":"WebSite","@id":"https:\/\/www.moriadesign.pl\/#website","url":"https:\/\/www.moriadesign.pl\/","name":"MORIA DESIGN","description":"okucia do mebli, domu i ogrodu","potentialAction":[{"@type":"SearchAction","target":{"@type":"EntryPoint","urlTemplate":"https:\/\/www.moriadesign.pl\/?s={search_term_string}"},"query-input":"required name=search_term_string"}],"inLanguage":"fr-FR"}]}},"_links":{"self":[{"href":"https:\/\/www.moriadesign.pl\/fr\/wp-json\/wp\/v2\/product\/3761"}],"collection":[{"href":"https:\/\/www.moriadesign.pl\/fr\/wp-json\/wp\/v2\/product"}],"about":[{"href":"https:\/\/www.moriadesign.pl\/fr\/wp-json\/wp\/v2\/types\/product"}],"wp:featuredmedia":[{"embeddable":true,"href":"https:\/\/www.moriadesign.pl\/fr\/wp-json\/wp\/v2\/media\/3764"}],"wp:attachment":[{"href":"https:\/\/www.moriadesign.pl\/fr\/wp-json\/wp\/v2\/media?parent=3761"}],"wp:term":[{"taxonomy":"product_cat","embeddable":true,"href":"https:\/\/www.moriadesign.pl\/fr\/wp-json\/wp\/v2\/product_cat?post=3761"},{"taxonomy":"product_tag","embeddable":true,"href":"https:\/\/www.moriadesign.pl\/fr\/wp-json\/wp\/v2\/product_tag?post=3761"}],"curies":[{"name":"wp","href":"https:\/\/api.w.org\/{rel}","templated":true}]}}