{"id":2627,"date":"2023-01-02T13:29:51","date_gmt":"2023-01-02T12:29:51","guid":{"rendered":"https:\/\/www.moriadesign.pl\/?post_type=product&#038;p=2627"},"modified":"2026-04-03T11:24:24","modified_gmt":"2026-04-03T09:24:24","slug":"stojak-rowerowy-b-03-48-b-l60-cm","status":"publish","type":"product","link":"https:\/\/www.moriadesign.pl\/fr\/produit\/support-de-velo-b-03-48-b-l60-cm\/","title":{"rendered":"Porte-v\u00e9los B-03.48.b [l=60 cm]"},"content":{"rendered":"<h2>Caract\u00e9ristiques et avantages :<\/h2>\n<ul>\n<li>en acier (tube + t\u00f4le avec logo) &gt;\u00a0<b>perp\u00e9tuel<\/b>;<\/li>\n<li>m\u00e9thode d'installation - b\u00e9ton (tuyau d\u00e9di\u00e9 de 30 cm) &gt; <b>facile \u00e0 installer<\/b>;<\/li>\n<li>*Galvanis\u00e9 et peint par poudrage en noir mat (z\u00e9ro brillance, structure fine) - beaucoup plus r\u00e9sistant aux dommages que les peintures par pulv\u00e9risation, les peintures par poudrage sont totalement s\u00fbres pour l'homme et l'environnement &gt;. <b>durable et d'une finition \u00e9l\u00e9gante ;<\/b><\/li>\n<li>dimensions : hauteur - 80 cm + 30 cm pour le b\u00e9tonnage, longueur - 60 cm, \u00e9paisseur de la t\u00f4le - 2 mm, tube \u03a6 - 48,3 mm &gt;<b> robuste<\/b>;<\/li>\n<li>fabriqu\u00e9 \u00e0 la machine &gt;\u00a0<b>r\u00e9p\u00e9titif<\/b>.<\/li>\n<\/ul>\n<p>*Une version avec rev\u00eatement en poudre est \u00e9galement disponible.<\/p>\n<h2>Application :<\/h2>\n<ul>\n<li>La conception du support permet de fixer le cadre et la roue du v\u00e9lo \u00e0 l'aide d'un c\u00e2ble de s\u00e9curit\u00e9. Il convient \u00e9galement au stationnement des scooters.<\/li>\n<\/ul>\n<details>\n<summary style=\"cursor: pointer;\">En savoir plus<\/summary>\n<h2><span lang=\"pl-PL\">Support de v\u00e9lo en m\u00e9tal type U mod\u00e8le B-03.48.b - porte \u00e9l\u00e9gante pour le stationnement de deux v\u00e9los et scooters<\/span><\/h2>\n<p><span lang=\"pl-PL\"><strong>Support de v\u00e9lo noir \u00e9l\u00e9gant Mod\u00e8le B-03.48.b<\/strong><!-- jw. --> Les supports en U, \u00e9galement connus sous le nom de barri\u00e8res de stationnement pour v\u00e9los, constituent une excellente solution pour le stationnement des v\u00e9los dans les espaces urbains. <\/span><span lang=\"pl-PL\">Ces porte-v\u00e9los massifs et fonctionnels ont \u00e9t\u00e9 con\u00e7us pour assurer la s\u00e9curit\u00e9 et le confort des utilisateurs de v\u00e9los et m\u00eame de scooters. Gr\u00e2ce \u00e0 l'utilisation de mat\u00e9riaux de haute qualit\u00e9, robustes et homologu\u00e9s, les supports se caract\u00e9risent par une durabilit\u00e9 exceptionnelle, ce qui les rend id\u00e9aux pour une utilisation dans les lotissements et les espaces publics.<\/span><\/p>\n<p><span lang=\"pl-PL\"><strong>Supports pour bicyclettes en U Mod\u00e8le B-03.48.b<\/strong> sont constitu\u00e9s d'un tube m\u00e9tallique de 48,3 mm de diam\u00e8tre et d'une paroi de 2,9 mm d'\u00e9paisseur. En outre, les supports sont \u00e9quip\u00e9s d'une plaque m\u00e9tallique de 2 mm d'\u00e9paisseur, soud\u00e9e en croix, avec un logo de v\u00e9lo d\u00e9coup\u00e9, ce qui leur conf\u00e8re un aspect moderne et \u00e9l\u00e9gant. Gr\u00e2ce \u00e0 une protection anticorrosion, l'ensemble de la structure r\u00e9siste aux intemp\u00e9ries. Les stands sont disponibles en deux versions : stands galvanis\u00e9s et thermolaqu\u00e9s, et stands thermolaqu\u00e9s.<\/span><\/p>\n<p><span lang=\"pl-PL\">La conception simple et intemporelle des supports de v\u00e9los en U leur permet d'\u00eatre utilis\u00e9s en toute s\u00e9curit\u00e9. <strong>mod\u00e8le B-03.48.b<\/strong> n'est pas seulement fonctionnel, il est aussi esth\u00e9tique et garantit la s\u00e9curit\u00e9. Le design fin et \u00e9l\u00e9gant s'int\u00e8gre parfaitement \u00e0 l'architecture urbaine, et les options de finition disponibles permettent d'adapter facilement les supports \u00e0 diff\u00e9rents espaces. Les supports rev\u00eatus d'un rev\u00eatement en poudre avec une texture fine en noir mat profond s'int\u00e8grent parfaitement aux espaces urbains revitalis\u00e9s. Ce mod\u00e8le de porte-v\u00e9los permet de garer deux v\u00e9los ou scooters en m\u00eame temps, qui peuvent \u00eatre solidement attach\u00e9s \u00e0 l'aide d'une cha\u00eene, d'un c\u00e2ble ou d'un cadenas.<\/span><\/p>\n<p><span lang=\"pl-PL\">En conclusion, les supports de v\u00e9los en U mod\u00e8le B-03.48.b sont des \u00e9l\u00e9ments solides, stables et \u00e9l\u00e9gants de l'architecture du paysage urbain, qui garantissent la s\u00e9curit\u00e9 et le confort d'utilisation. Le montage des supports est simple et dans ce cas, il s'agit uniquement de b\u00e9tonnage. \u00c9galement disponible <a href=\"\/fr\/offrir\/porte-velos\/?wmc-currency=EUR\">porte-v\u00e9los<\/a> con\u00e7us pour \u00eatre viss\u00e9s ou ancr\u00e9s dans le sol et les supports pour le b\u00e9tonnage dans la version orn\u00e9e de bandes en fonte. Le fabricant des supports est une soci\u00e9t\u00e9 polonaise <a href=\"\/fr\/?wmc-currency=EUR\">MORIA DESIGN<\/a>connue pour l'attention qu'elle porte \u00e0 la qualit\u00e9 et aux d\u00e9tails. Nous vous encourageons \u00e0 acheter ces supports de v\u00e9lo \u00e9l\u00e9gants, qui r\u00e9pondront certainement \u00e0 vos attentes et vous serviront pendant de nombreuses ann\u00e9es.<\/span><\/p>\n<\/details>","protected":false},"excerpt":{"rendered":"<p>Cechy i zalety: wykonany ze stali (rura + blacha z logo) &gt;\u00a0wieczny; spos\u00f3b monta\u017cu &#8211; zabetonowanie (dedykowane 30 cm rury) &gt; \u0142atwy w monta\u017cu; *ocynkowany oraz pomalowany farb\u0105 proszkow\u0105 w kolorze czarny mat (zero po\u0142ysku, drobna struktura) \u2013 zdecydowanie wy\u017csza odporno\u015b\u0107 na uszkodzenia od pow\u0142ok farb natryskowych, farby proszkowe s\u0105 w pe\u0142ni bezpieczne dla ludzi&#8230;<\/p>","protected":false},"featured_media":2662,"template":"","meta":{"inline_featured_image":false},"product_cat":[35],"product_tag":[61,60,56,64,59,55,63,62,57,58],"acf":[],"yoast_head":"<!-- This site is optimized with the Yoast SEO plugin v20.2 - https:\/\/yoast.com\/wordpress\/plugins\/seo\/ -->\n<title>Stojak rowerowy B-03.48.b [l=60 cm] - MORIA DESIGN<\/title>\n<meta name=\"description\" content=\"Stylowe metalowe stojaki rowerowe typ U, loft, industrialne. Zastosowana blacha z logo roweru. Do obszar\u00f3w rewitalizacji. Szybka wysy\u0142ka. Do zabetonowania.\" \/>\n<meta name=\"robots\" content=\"index, follow, max-snippet:-1, max-image-preview:large, max-video-preview:-1\" \/>\n<link rel=\"canonical\" href=\"https:\/\/www.moriadesign.pl\/fr\/produit\/support-de-velo-b-03-48-b-l60-cm\/?wmc-currency=EUR\" \/>\n<meta property=\"og:locale\" content=\"fr_FR\" \/>\n<meta property=\"og:type\" content=\"article\" \/>\n<meta property=\"og:title\" content=\"Stojak rowerowy B-03.48.b [l=60 cm] - MORIA DESIGN\" \/>\n<meta property=\"og:description\" content=\"Stylowe metalowe stojaki rowerowe typ U, loft, industrialne. Zastosowana blacha z logo roweru. Do obszar\u00f3w rewitalizacji. Szybka wysy\u0142ka. Do zabetonowania.\" \/>\n<meta property=\"og:url\" content=\"https:\/\/www.moriadesign.pl\/fr\/produit\/support-de-velo-b-03-48-b-l60-cm\/?wmc-currency=EUR\" \/>\n<meta property=\"og:site_name\" content=\"MORIA DESIGN\" \/>\n<meta property=\"article:modified_time\" content=\"2026-04-03T09:24:24+00:00\" \/>\n<meta property=\"og:image\" content=\"https:\/\/www.moriadesign.pl\/wp-content\/uploads\/2023\/07\/B-03.48.b_1-dwustanowiskowy-retro-stojak-rowerowy-z-blaszana-poprzeczka.png\" \/>\n\t<meta property=\"og:image:width\" content=\"1600\" \/>\n\t<meta property=\"og:image:height\" content=\"1600\" \/>\n\t<meta property=\"og:image:type\" content=\"image\/png\" \/>\n<meta name=\"twitter:card\" content=\"summary_large_image\" \/>\n<meta name=\"twitter:label1\" content=\"Dur\u00e9e de lecture estim\u00e9e\" \/>\n\t<meta name=\"twitter:data1\" content=\"3 minutes\" \/>\n<script type=\"application\/ld+json\" class=\"yoast-schema-graph\">{\"@context\":\"https:\/\/schema.org\",\"@graph\":[{\"@type\":\"WebPage\",\"@id\":\"https:\/\/www.moriadesign.pl\/produkt\/stojak-rowerowy-b-03-48-b-l60-cm\/\",\"url\":\"https:\/\/www.moriadesign.pl\/produkt\/stojak-rowerowy-b-03-48-b-l60-cm\/\",\"name\":\"Stojak rowerowy B-03.48.b [l=60 cm] - MORIA DESIGN\",\"isPartOf\":{\"@id\":\"https:\/\/www.moriadesign.pl\/#website\"},\"datePublished\":\"2023-01-02T12:29:51+00:00\",\"dateModified\":\"2026-04-03T09:24:24+00:00\",\"description\":\"Stylowe metalowe stojaki rowerowe typ U, loft, industrialne. Zastosowana blacha z logo roweru. Do obszar\u00f3w rewitalizacji. Szybka wysy\u0142ka. Do zabetonowania.\",\"breadcrumb\":{\"@id\":\"https:\/\/www.moriadesign.pl\/produkt\/stojak-rowerowy-b-03-48-b-l60-cm\/#breadcrumb\"},\"inLanguage\":\"fr-FR\",\"potentialAction\":[{\"@type\":\"ReadAction\",\"target\":[\"https:\/\/www.moriadesign.pl\/produkt\/stojak-rowerowy-b-03-48-b-l60-cm\/\"]}]},{\"@type\":\"BreadcrumbList\",\"@id\":\"https:\/\/www.moriadesign.pl\/produkt\/stojak-rowerowy-b-03-48-b-l60-cm\/#breadcrumb\",\"itemListElement\":[{\"@type\":\"ListItem\",\"position\":1,\"name\":\"Strona g\u0142\u00f3wna\",\"item\":\"https:\/\/www.moriadesign.pl\/\"},{\"@type\":\"ListItem\",\"position\":2,\"name\":\"Sklep\",\"item\":\"https:\/\/www.moriadesign.pl\/sklep\/\"},{\"@type\":\"ListItem\",\"position\":3,\"name\":\"Stojak rowerowy B-03.48.b [l=60 cm]\"}]},{\"@type\":\"WebSite\",\"@id\":\"https:\/\/www.moriadesign.pl\/#website\",\"url\":\"https:\/\/www.moriadesign.pl\/\",\"name\":\"MORIA DESIGN\",\"description\":\"okucia do mebli, domu i ogrodu\",\"potentialAction\":[{\"@type\":\"SearchAction\",\"target\":{\"@type\":\"EntryPoint\",\"urlTemplate\":\"https:\/\/www.moriadesign.pl\/?s={search_term_string}\"},\"query-input\":\"required name=search_term_string\"}],\"inLanguage\":\"fr-FR\"}]}<\/script>\n<!-- \/ Yoast SEO plugin. -->","yoast_head_json":{"title":"Stojak rowerowy B-03.48.b [l=60 cm] - MORIA DESIGN","description":"Stylowe metalowe stojaki rowerowe typ U, loft, industrialne. Zastosowana blacha z logo roweru. Do obszar\u00f3w rewitalizacji. Szybka wysy\u0142ka. Do zabetonowania.","robots":{"index":"index","follow":"follow","max-snippet":"max-snippet:-1","max-image-preview":"max-image-preview:large","max-video-preview":"max-video-preview:-1"},"canonical":"https:\/\/www.moriadesign.pl\/fr\/produit\/support-de-velo-b-03-48-b-l60-cm\/?wmc-currency=EUR","og_locale":"fr_FR","og_type":"article","og_title":"Stojak rowerowy B-03.48.b [l=60 cm] - MORIA DESIGN","og_description":"Stylowe metalowe stojaki rowerowe typ U, loft, industrialne. Zastosowana blacha z logo roweru. Do obszar\u00f3w rewitalizacji. Szybka wysy\u0142ka. Do zabetonowania.","og_url":"https:\/\/www.moriadesign.pl\/fr\/produit\/support-de-velo-b-03-48-b-l60-cm\/?wmc-currency=EUR","og_site_name":"MORIA DESIGN","article_modified_time":"2026-04-03T09:24:24+00:00","og_image":[{"width":1600,"height":1600,"url":"https:\/\/www.moriadesign.pl\/wp-content\/uploads\/2023\/07\/B-03.48.b_1-dwustanowiskowy-retro-stojak-rowerowy-z-blaszana-poprzeczka.png","type":"image\/png"}],"twitter_card":"summary_large_image","twitter_misc":{"Dur\u00e9e de lecture estim\u00e9e":"3 minutes"},"schema":{"@context":"https:\/\/schema.org","@graph":[{"@type":"WebPage","@id":"https:\/\/www.moriadesign.pl\/produkt\/stojak-rowerowy-b-03-48-b-l60-cm\/","url":"https:\/\/www.moriadesign.pl\/produkt\/stojak-rowerowy-b-03-48-b-l60-cm\/","name":"Stojak rowerowy B-03.48.b [l=60 cm] - MORIA DESIGN","isPartOf":{"@id":"https:\/\/www.moriadesign.pl\/#website"},"datePublished":"2023-01-02T12:29:51+00:00","dateModified":"2026-04-03T09:24:24+00:00","description":"Stylowe metalowe stojaki rowerowe typ U, loft, industrialne. Zastosowana blacha z logo roweru. Do obszar\u00f3w rewitalizacji. Szybka wysy\u0142ka. Do zabetonowania.","breadcrumb":{"@id":"https:\/\/www.moriadesign.pl\/produkt\/stojak-rowerowy-b-03-48-b-l60-cm\/#breadcrumb"},"inLanguage":"fr-FR","potentialAction":[{"@type":"ReadAction","target":["https:\/\/www.moriadesign.pl\/produkt\/stojak-rowerowy-b-03-48-b-l60-cm\/"]}]},{"@type":"BreadcrumbList","@id":"https:\/\/www.moriadesign.pl\/produkt\/stojak-rowerowy-b-03-48-b-l60-cm\/#breadcrumb","itemListElement":[{"@type":"ListItem","position":1,"name":"Strona g\u0142\u00f3wna","item":"https:\/\/www.moriadesign.pl\/"},{"@type":"ListItem","position":2,"name":"Sklep","item":"https:\/\/www.moriadesign.pl\/sklep\/"},{"@type":"ListItem","position":3,"name":"Stojak rowerowy B-03.48.b [l=60 cm]"}]},{"@type":"WebSite","@id":"https:\/\/www.moriadesign.pl\/#website","url":"https:\/\/www.moriadesign.pl\/","name":"MORIA DESIGN","description":"okucia do mebli, domu i ogrodu","potentialAction":[{"@type":"SearchAction","target":{"@type":"EntryPoint","urlTemplate":"https:\/\/www.moriadesign.pl\/?s={search_term_string}"},"query-input":"required name=search_term_string"}],"inLanguage":"fr-FR"}]}},"_links":{"self":[{"href":"https:\/\/www.moriadesign.pl\/fr\/wp-json\/wp\/v2\/product\/2627"}],"collection":[{"href":"https:\/\/www.moriadesign.pl\/fr\/wp-json\/wp\/v2\/product"}],"about":[{"href":"https:\/\/www.moriadesign.pl\/fr\/wp-json\/wp\/v2\/types\/product"}],"wp:featuredmedia":[{"embeddable":true,"href":"https:\/\/www.moriadesign.pl\/fr\/wp-json\/wp\/v2\/media\/2662"}],"wp:attachment":[{"href":"https:\/\/www.moriadesign.pl\/fr\/wp-json\/wp\/v2\/media?parent=2627"}],"wp:term":[{"taxonomy":"product_cat","embeddable":true,"href":"https:\/\/www.moriadesign.pl\/fr\/wp-json\/wp\/v2\/product_cat?post=2627"},{"taxonomy":"product_tag","embeddable":true,"href":"https:\/\/www.moriadesign.pl\/fr\/wp-json\/wp\/v2\/product_tag?post=2627"}],"curies":[{"name":"wp","href":"https:\/\/api.w.org\/{rel}","templated":true}]}}