{"id":2624,"date":"2022-12-30T12:00:37","date_gmt":"2022-12-30T11:00:37","guid":{"rendered":"https:\/\/www.moriadesign.pl\/?post_type=product&#038;p=2624"},"modified":"2026-04-03T11:32:07","modified_gmt":"2026-04-03T09:32:07","slug":"stojak-rowerowy-b-01-48-k-l60-cm","status":"publish","type":"product","link":"https:\/\/www.moriadesign.pl\/fr\/produit\/stojak-rowerowy-b-01-48-k-l60-cm\/","title":{"rendered":"Support de bicyclette B-01.48.k [l=60 cm]"},"content":{"rendered":"<h2>Caract\u00e9ristiques et avantages :<\/h2>\n<ul>\n<li>en acier (tube) &gt;\u00a0<b>intemporel<\/b>;<\/li>\n<li>M\u00e9thode de montage - viss\u00e9 (orifice m\u00e9tallique) &gt;\u00a0<b>facile \u00e0 installer<\/b>;<\/li>\n<li>*Galvanis\u00e9 et peint par poudrage en noir mat (z\u00e9ro brillance, structure fine) - beaucoup plus r\u00e9sistant aux dommages que les peintures par pulv\u00e9risation, les peintures par poudrage sont totalement s\u00fbres pour l'homme et l'environnement &gt;. <b>durable et d'une finition \u00e9l\u00e9gante ;<\/b><\/li>\n<li>wymiary: wysoko\u015b\u0107 &#8211; 80 cm, d\u0142ugo\u015b\u0107 &#8211; 60 cm, \u03a6 rury &#8211; 48,3 mm, grubo\u015b\u0107 kryzy &#8211; 4 mm &gt;<b> robuste<\/b>;<\/li>\n<li>fabriqu\u00e9 \u00e0 la machine &gt;\u00a0<b>r\u00e9p\u00e9titif<\/b>.<\/li>\n<\/ul>\n<p>*Une version avec rev\u00eatement en poudre est \u00e9galement disponible.<\/p>\n<h2>Application :<\/h2>\n<ul>\n<li>La conception du support permet de fixer le cadre et la roue du v\u00e9lo \u00e0 l'aide d'un c\u00e2ble de s\u00e9curit\u00e9. Il convient \u00e9galement au stationnement des scooters.<\/li>\n<\/ul>\n<details>\n<summary style=\"cursor: pointer;\">En savoir plus<\/summary>\n<h2><span lang=\"pl-PL\">Stojaki rowerowe B-01.48.k \u2013 zapewnienie bezpiecze\u0144stwa i funkcjonalno\u015bci w dobrej cenie<\/span><\/h2>\n<p><span lang=\"pl-PL\"><strong>Stojaki rowerowe B-01.48.k<\/strong> gwarantuj\u0105 zapewnienie bezpiecze\u0144stwa oraz funkcjonalno\u015bci i przede wszystkim estetyki i wytrzyma\u0142o\u015bci. Stojaki rowerowe zosta\u0142y zaprojektowane z my\u015bl\u0105 o u\u017cytkownikach rower\u00f3w i hulajn\u00f3g, dla kt\u00f3rych wa\u017cne jest bezpiecze\u0144stwo i komfort. Wykonane z solidnej rury stalowej o \u015brednicy 48,3 mm i grubo\u015bci \u015bcianki 2,9 mm, zapewniaj\u0105 stabilne i pewne miejsce do przypi\u0119cia zar\u00f3wno ramy, jak i ko\u0142a roweru. Metalowe stojaki rowerowe typ U umo\u017cliwiaj\u0105 bezpieczne przypi\u0119cie ka\u017cdego roweru lub hulajnogi, niezale\u017cnie od ich wymiar\u00f3w, za pomoc\u0105 linki zabezpieczaj\u0105cej, u-locka lub \u0142a\u0144cucha.<\/span><\/p>\n<p><span lang=\"pl-PL\">Oferowane stojaki rowerowe to klasyczny design, tak zwane stojaki u-kszta\u0142tne, stojaki barierka lub bramka, kt\u00f3re \u015bwietnie sprawdz\u0105 si\u0119 w ka\u017cdej przestrzeni, zar\u00f3wno na miejskim parkingu rowerowym jak i przed domem jednorodzinnym. Wysoko\u015b\u0107 stojak\u00f3w to 80 cm. S\u0105 to stojaki kotwione, kt\u00f3ry zosta\u0142y wyposa\u017cone w solidne grube blaszane kryzy monta\u017cowe, co zapewnia ich \u0142atwy monta\u017c i gwarantuje stabilno\u015b\u0107. Stojaki zosta\u0142 ocynkowane, nast\u0119pnie pomalowane farb\u0105 proszkow\u0105 w kolorze czarnego mat, co pozwoli\u0142o uzyska\u0107 wysok\u0105 odporno\u015b\u0107 na uszkodzenia i warunki atmosferyczne. Takie wyko\u0144czenie nie tylko doskonale chroni stojaki przed korozj\u0105, ale tak\u017ce nadaje im elegancki wygl\u0105d.<\/span><\/p>\n<p><span lang=\"pl-PL\"><strong>Stojaki retro model B-01.48.k<\/strong> to pojedyncze rowerowe stojaki dwustanowiskowe, wykonane maszynowo, co zapewnia ich powtarzalno\u015b\u0107 i wysok\u0105 jako\u015b\u0107.<\/span><\/p>\n<p><span lang=\"pl-PL\"><strong>Stojaki rowerowe model B-01.48.k<\/strong> s\u0105 r\u00f3wnie\u017c dost\u0119pne w wariancie wy\u0142\u0105cznie pomalowanym proszkowo. Jest to opcja skierowana do os\u00f3b, kt\u00f3re b\u0119d\u0105 korzysta\u0107 ze stojak\u00f3w w pomieszczeniach, bez ekspozycji na niekorzystne warunki atmosferyczne. Konstrukcja stojak\u00f3w pozwala na efektywne zabezpieczenie zar\u00f3wno rower\u00f3w, jak i hulajn\u00f3g, czyni\u0105c je wszechstronnym wyborem dla wielu u\u017cytkownik\u00f3w.<\/span><\/p>\n<p><span lang=\"pl-PL\">Podsumowuj\u0105c, u-kszta\u0142tne stojaki rowerowe B-01.48.k od <a href=\"\/fr\/?wmc-currency=EUR\">MORIA DESIGN<\/a> s\u0105 jednymi z najta\u0144szych stojak\u00f3w na rowery, kt\u00f3ry b\u0119d\u0105 doskona\u0142ym wyborem dla ka\u017cdego, kto szuka bardzo solidnego, estetycznego i atrakcyjnego cenowo rozwi\u0105zania do bezpiecznego parkowania rower\u00f3w. Inwestuj w <a href=\"\/fr\/offrir\/porte-velos\/?wmc-currency=EUR\">porte-v\u00e9los<\/a>pour ranger efficacement l'espace autour de votre bureau, de votre entreprise, de votre maison ou de votre propri\u00e9t\u00e9 !<\/span><\/p>\n<\/details>","protected":false},"excerpt":{"rendered":"<p>Cechy i zalety: wykonany ze stali (rura) &gt;\u00a0ponadczasowy; spos\u00f3b monta\u017cu &#8211; przykr\u0119cenie (metalowa kryza) &gt;\u00a0\u0142atwy w monta\u017cu; *ocynkowany oraz pomalowany farb\u0105 proszkow\u0105 w kolorze czarny mat (zero po\u0142ysku, drobna struktura) \u2013 zdecydowanie wy\u017csza odporno\u015b\u0107 na uszkodzenia od pow\u0142ok farb natryskowych, farby proszkowe s\u0105 w pe\u0142ni bezpieczne dla ludzi i \u015brodowiska &gt; trwale i elegancko wyko\u0144czony;&#8230;<\/p>","protected":false},"featured_media":2656,"template":"","meta":{"inline_featured_image":false},"product_cat":[35],"product_tag":[61,60,56,64,68,63,62,57,58,80],"acf":[],"yoast_head":"<!-- This site is optimized with the Yoast SEO plugin v20.2 - https:\/\/yoast.com\/wordpress\/plugins\/seo\/ -->\n<title>Stojak rowerowy B-01.48.k [l=60 cm] - MORIA DESIGN<\/title>\n<meta name=\"description\" content=\"Najta\u0144sze stojaki rowerowe z ocynkowanej metalowej rury, pomalowane proszkowo. Idealnie pasuj\u0105 do zrewitalizowanych miejskich przestrzeni. Szybka wysy\u0142ka!\" \/>\n<meta name=\"robots\" content=\"index, follow, max-snippet:-1, max-image-preview:large, max-video-preview:-1\" \/>\n<link rel=\"canonical\" href=\"https:\/\/www.moriadesign.pl\/fr\/produit\/stojak-rowerowy-b-01-48-k-l60-cm\/?wmc-currency=EUR\" \/>\n<meta property=\"og:locale\" content=\"fr_FR\" \/>\n<meta property=\"og:type\" content=\"article\" \/>\n<meta property=\"og:title\" content=\"Stojak rowerowy B-01.48.k [l=60 cm] - MORIA DESIGN\" \/>\n<meta property=\"og:description\" content=\"Najta\u0144sze stojaki rowerowe z ocynkowanej metalowej rury, pomalowane proszkowo. Idealnie pasuj\u0105 do zrewitalizowanych miejskich przestrzeni. Szybka wysy\u0142ka!\" \/>\n<meta property=\"og:url\" content=\"https:\/\/www.moriadesign.pl\/fr\/produit\/stojak-rowerowy-b-01-48-k-l60-cm\/?wmc-currency=EUR\" \/>\n<meta property=\"og:site_name\" content=\"MORIA DESIGN\" \/>\n<meta property=\"article:modified_time\" content=\"2026-04-03T09:32:07+00:00\" \/>\n<meta property=\"og:image\" content=\"https:\/\/www.moriadesign.pl\/wp-content\/uploads\/2023\/07\/B-01.48.k_1-najtansze-stojaki-rowerowe-z-ocynkowanej-metalowej-rury.png\" \/>\n\t<meta property=\"og:image:width\" content=\"1600\" \/>\n\t<meta property=\"og:image:height\" content=\"1600\" \/>\n\t<meta property=\"og:image:type\" content=\"image\/png\" \/>\n<meta name=\"twitter:card\" content=\"summary_large_image\" \/>\n<meta name=\"twitter:label1\" content=\"Dur\u00e9e de lecture estim\u00e9e\" \/>\n\t<meta name=\"twitter:data1\" content=\"2 minutes\" \/>\n<script type=\"application\/ld+json\" class=\"yoast-schema-graph\">{\"@context\":\"https:\/\/schema.org\",\"@graph\":[{\"@type\":\"WebPage\",\"@id\":\"https:\/\/www.moriadesign.pl\/produkt\/stojak-rowerowy-b-01-48-k-l60-cm\/\",\"url\":\"https:\/\/www.moriadesign.pl\/produkt\/stojak-rowerowy-b-01-48-k-l60-cm\/\",\"name\":\"Stojak rowerowy B-01.48.k [l=60 cm] - MORIA DESIGN\",\"isPartOf\":{\"@id\":\"https:\/\/www.moriadesign.pl\/#website\"},\"datePublished\":\"2022-12-30T11:00:37+00:00\",\"dateModified\":\"2026-04-03T09:32:07+00:00\",\"description\":\"Najta\u0144sze stojaki rowerowe z ocynkowanej metalowej rury, pomalowane proszkowo. Idealnie pasuj\u0105 do zrewitalizowanych miejskich przestrzeni. Szybka wysy\u0142ka!\",\"breadcrumb\":{\"@id\":\"https:\/\/www.moriadesign.pl\/produkt\/stojak-rowerowy-b-01-48-k-l60-cm\/#breadcrumb\"},\"inLanguage\":\"fr-FR\",\"potentialAction\":[{\"@type\":\"ReadAction\",\"target\":[\"https:\/\/www.moriadesign.pl\/produkt\/stojak-rowerowy-b-01-48-k-l60-cm\/\"]}]},{\"@type\":\"BreadcrumbList\",\"@id\":\"https:\/\/www.moriadesign.pl\/produkt\/stojak-rowerowy-b-01-48-k-l60-cm\/#breadcrumb\",\"itemListElement\":[{\"@type\":\"ListItem\",\"position\":1,\"name\":\"Strona g\u0142\u00f3wna\",\"item\":\"https:\/\/www.moriadesign.pl\/\"},{\"@type\":\"ListItem\",\"position\":2,\"name\":\"Sklep\",\"item\":\"https:\/\/www.moriadesign.pl\/sklep\/\"},{\"@type\":\"ListItem\",\"position\":3,\"name\":\"Stojak rowerowy B-01.48.k [l=60 cm]\"}]},{\"@type\":\"WebSite\",\"@id\":\"https:\/\/www.moriadesign.pl\/#website\",\"url\":\"https:\/\/www.moriadesign.pl\/\",\"name\":\"MORIA DESIGN\",\"description\":\"okucia do mebli, domu i ogrodu\",\"potentialAction\":[{\"@type\":\"SearchAction\",\"target\":{\"@type\":\"EntryPoint\",\"urlTemplate\":\"https:\/\/www.moriadesign.pl\/?s={search_term_string}\"},\"query-input\":\"required name=search_term_string\"}],\"inLanguage\":\"fr-FR\"}]}<\/script>\n<!-- \/ Yoast SEO plugin. -->","yoast_head_json":{"title":"Stojak rowerowy B-01.48.k [l=60 cm] - MORIA DESIGN","description":"Najta\u0144sze stojaki rowerowe z ocynkowanej metalowej rury, pomalowane proszkowo. Idealnie pasuj\u0105 do zrewitalizowanych miejskich przestrzeni. Szybka wysy\u0142ka!","robots":{"index":"index","follow":"follow","max-snippet":"max-snippet:-1","max-image-preview":"max-image-preview:large","max-video-preview":"max-video-preview:-1"},"canonical":"https:\/\/www.moriadesign.pl\/fr\/produit\/stojak-rowerowy-b-01-48-k-l60-cm\/?wmc-currency=EUR","og_locale":"fr_FR","og_type":"article","og_title":"Stojak rowerowy B-01.48.k [l=60 cm] - MORIA DESIGN","og_description":"Najta\u0144sze stojaki rowerowe z ocynkowanej metalowej rury, pomalowane proszkowo. Idealnie pasuj\u0105 do zrewitalizowanych miejskich przestrzeni. Szybka wysy\u0142ka!","og_url":"https:\/\/www.moriadesign.pl\/fr\/produit\/stojak-rowerowy-b-01-48-k-l60-cm\/?wmc-currency=EUR","og_site_name":"MORIA DESIGN","article_modified_time":"2026-04-03T09:32:07+00:00","og_image":[{"width":1600,"height":1600,"url":"https:\/\/www.moriadesign.pl\/wp-content\/uploads\/2023\/07\/B-01.48.k_1-najtansze-stojaki-rowerowe-z-ocynkowanej-metalowej-rury.png","type":"image\/png"}],"twitter_card":"summary_large_image","twitter_misc":{"Dur\u00e9e de lecture estim\u00e9e":"2 minutes"},"schema":{"@context":"https:\/\/schema.org","@graph":[{"@type":"WebPage","@id":"https:\/\/www.moriadesign.pl\/produkt\/stojak-rowerowy-b-01-48-k-l60-cm\/","url":"https:\/\/www.moriadesign.pl\/produkt\/stojak-rowerowy-b-01-48-k-l60-cm\/","name":"Stojak rowerowy B-01.48.k [l=60 cm] - MORIA DESIGN","isPartOf":{"@id":"https:\/\/www.moriadesign.pl\/#website"},"datePublished":"2022-12-30T11:00:37+00:00","dateModified":"2026-04-03T09:32:07+00:00","description":"Najta\u0144sze stojaki rowerowe z ocynkowanej metalowej rury, pomalowane proszkowo. Idealnie pasuj\u0105 do zrewitalizowanych miejskich przestrzeni. Szybka wysy\u0142ka!","breadcrumb":{"@id":"https:\/\/www.moriadesign.pl\/produkt\/stojak-rowerowy-b-01-48-k-l60-cm\/#breadcrumb"},"inLanguage":"fr-FR","potentialAction":[{"@type":"ReadAction","target":["https:\/\/www.moriadesign.pl\/produkt\/stojak-rowerowy-b-01-48-k-l60-cm\/"]}]},{"@type":"BreadcrumbList","@id":"https:\/\/www.moriadesign.pl\/produkt\/stojak-rowerowy-b-01-48-k-l60-cm\/#breadcrumb","itemListElement":[{"@type":"ListItem","position":1,"name":"Strona g\u0142\u00f3wna","item":"https:\/\/www.moriadesign.pl\/"},{"@type":"ListItem","position":2,"name":"Sklep","item":"https:\/\/www.moriadesign.pl\/sklep\/"},{"@type":"ListItem","position":3,"name":"Stojak rowerowy B-01.48.k [l=60 cm]"}]},{"@type":"WebSite","@id":"https:\/\/www.moriadesign.pl\/#website","url":"https:\/\/www.moriadesign.pl\/","name":"MORIA DESIGN","description":"okucia do mebli, domu i ogrodu","potentialAction":[{"@type":"SearchAction","target":{"@type":"EntryPoint","urlTemplate":"https:\/\/www.moriadesign.pl\/?s={search_term_string}"},"query-input":"required name=search_term_string"}],"inLanguage":"fr-FR"}]}},"_links":{"self":[{"href":"https:\/\/www.moriadesign.pl\/fr\/wp-json\/wp\/v2\/product\/2624"}],"collection":[{"href":"https:\/\/www.moriadesign.pl\/fr\/wp-json\/wp\/v2\/product"}],"about":[{"href":"https:\/\/www.moriadesign.pl\/fr\/wp-json\/wp\/v2\/types\/product"}],"wp:featuredmedia":[{"embeddable":true,"href":"https:\/\/www.moriadesign.pl\/fr\/wp-json\/wp\/v2\/media\/2656"}],"wp:attachment":[{"href":"https:\/\/www.moriadesign.pl\/fr\/wp-json\/wp\/v2\/media?parent=2624"}],"wp:term":[{"taxonomy":"product_cat","embeddable":true,"href":"https:\/\/www.moriadesign.pl\/fr\/wp-json\/wp\/v2\/product_cat?post=2624"},{"taxonomy":"product_tag","embeddable":true,"href":"https:\/\/www.moriadesign.pl\/fr\/wp-json\/wp\/v2\/product_tag?post=2624"}],"curies":[{"name":"wp","href":"https:\/\/api.w.org\/{rel}","templated":true}]}}