{"id":2356,"date":"2023-02-21T18:36:30","date_gmt":"2023-02-21T17:36:30","guid":{"rendered":"https:\/\/www.moriadesign.pl\/?post_type=product&#038;p=2356"},"modified":"2026-02-02T22:30:19","modified_gmt":"2026-02-02T21:30:19","slug":"hairpin-leg-n-14-2-12-l80-cm-2-prety-%cf%86-12-mm","status":"publish","type":"product","link":"https:\/\/www.moriadesign.pl\/fr\/produit\/jambe-en-epingle-a-cheveux-n-14-2-12-l80-cm-2-prety-%cf%86-12-mm\/","title":{"rendered":"Jambe en \u00e9pingle \u00e0 cheveux N-14.2.12 [l=80 cm, 2 tiges \u03a6 12 mm]."},"content":{"rendered":"<h2><strong>Choix de 4 variantes de couleurs :<\/strong> noir, blanc, gris, or<\/h2>\n<h2>Caract\u00e9ristiques et avantages :<\/h2>\n<ul>\n<li>en acier de haute qualit\u00e9 &gt; <b>\u00e9ternel ;<\/b><\/li>\n<li>trous de fixation chanfrein\u00e9s et soudures invisibles &gt;\u00a0<b>esth\u00e9tique ;<\/b><\/li>\n<li>Rev\u00eatement par poudre - beaucoup plus r\u00e9sistant aux dommages que les rev\u00eatements par pulv\u00e9risation, les rev\u00eatements par poudre sont totalement s\u00fbrs pour l'homme et l'environnement. <b>durable et d'une finition \u00e9l\u00e9gante ;<\/b><\/li>\n<li>Dimensions : \u00e9paisseur de la t\u00f4le - 4 mm, \u03a6 des trous de montage - 5,2 mm, 2 tiges \u03a6 12 mm &gt;. <b>massif ;<\/b><\/li>\n<li>dimensions maximales : largeur - 125 mm, longueur - 125 mm, hauteur - 800 mm &gt; <b>neat.<\/b><\/li>\n<\/ul>\n<h2>Application :<\/h2>\n<ul>\n<li>pour les secr\u00e9taires, les tables.<\/li>\n<\/ul>","protected":false},"excerpt":{"rendered":"<p>Do wyboru 4 warianty kolorystyczne: czarny, bia\u0142y, szary, z\u0142oty Cechy i zalety: wykonana z wysokiej gatunkowo stali &gt; wieczna; fazowane otwory monta\u017cowe i niewidoczne spawy &gt;\u00a0estetyczna; pomalowana farb\u0105 proszkow\u0105 \u2013 zdecydowanie wy\u017csza odporno\u015b\u0107 na uszkodzenia od pow\u0142ok farb natryskowych, farby proszkowe s\u0105 w pe\u0142ni bezpieczne dla ludzi i \u015brodowiska &gt; trwale i elegancko wyko\u0144czona; wymiary:&#8230;<\/p>","protected":false},"featured_media":2215,"template":"","meta":{"inline_featured_image":false},"product_cat":[28],"product_tag":[96,95,94,87,88,91,90,93,89,92],"acf":[],"yoast_head":"<!-- This site is optimized with the Yoast SEO plugin v20.2 - https:\/\/yoast.com\/wordpress\/plugins\/seo\/ -->\n<title>Hairpin leg N-14.2.12 [l=80 cm, 2 pr\u0119ty \u03a6 12 mm] - MORIA DESIGN<\/title>\n<meta name=\"description\" content=\"MORIA DESIGN to najwy\u017cej oceniany pod wzgl\u0119dem jako\u015bci i obs\u0142ugi klienta producent hairpin legs w Polsce. Od r\u0119ki mamy dost\u0119pne r\u00f3\u017cne rozmiary oraz kolory.\" \/>\n<meta name=\"robots\" content=\"index, follow, max-snippet:-1, max-image-preview:large, max-video-preview:-1\" \/>\n<link rel=\"canonical\" href=\"https:\/\/www.moriadesign.pl\/fr\/produit\/jambe-en-epingle-a-cheveux-n-14-2-12-l80-cm-2-prety-\u03c6-12-mm\/?wmc-currency=EUR\" \/>\n<meta property=\"og:locale\" content=\"fr_FR\" \/>\n<meta property=\"og:type\" content=\"article\" \/>\n<meta property=\"og:title\" content=\"Hairpin leg N-14.2.12 [l=80 cm, 2 pr\u0119ty \u03a6 12 mm] - MORIA DESIGN\" \/>\n<meta property=\"og:description\" content=\"MORIA DESIGN to najwy\u017cej oceniany pod wzgl\u0119dem jako\u015bci i obs\u0142ugi klienta producent hairpin legs w Polsce. Od r\u0119ki mamy dost\u0119pne r\u00f3\u017cne rozmiary oraz kolory.\" \/>\n<meta property=\"og:url\" content=\"https:\/\/www.moriadesign.pl\/fr\/produit\/jambe-en-epingle-a-cheveux-n-14-2-12-l80-cm-2-prety-\u03c6-12-mm\/?wmc-currency=EUR\" \/>\n<meta property=\"og:site_name\" content=\"MORIA DESIGN\" \/>\n<meta property=\"article:modified_time\" content=\"2026-02-02T21:30:19+00:00\" \/>\n<meta property=\"og:image\" content=\"https:\/\/www.moriadesign.pl\/wp-content\/uploads\/2023\/02\/N-13.2.10.m_8-dizajnerskie-nogi-metalowe-hairpin-legs-w-roznych-kolorach.png\" \/>\n\t<meta property=\"og:image:width\" content=\"1600\" \/>\n\t<meta property=\"og:image:height\" content=\"1600\" \/>\n\t<meta property=\"og:image:type\" content=\"image\/png\" \/>\n<meta name=\"twitter:card\" content=\"summary_large_image\" \/>\n<script type=\"application\/ld+json\" class=\"yoast-schema-graph\">{\"@context\":\"https:\/\/schema.org\",\"@graph\":[{\"@type\":\"WebPage\",\"@id\":\"https:\/\/www.moriadesign.pl\/produkt\/hairpin-leg-n-14-2-12-l80-cm-2-prety-%cf%86-12-mm\/\",\"url\":\"https:\/\/www.moriadesign.pl\/produkt\/hairpin-leg-n-14-2-12-l80-cm-2-prety-%cf%86-12-mm\/\",\"name\":\"Hairpin leg N-14.2.12 [l=80 cm, 2 pr\u0119ty \u03a6 12 mm] - MORIA DESIGN\",\"isPartOf\":{\"@id\":\"https:\/\/www.moriadesign.pl\/#website\"},\"datePublished\":\"2023-02-21T17:36:30+00:00\",\"dateModified\":\"2026-02-02T21:30:19+00:00\",\"description\":\"MORIA DESIGN to najwy\u017cej oceniany pod wzgl\u0119dem jako\u015bci i obs\u0142ugi klienta producent hairpin legs w Polsce. Od r\u0119ki mamy dost\u0119pne r\u00f3\u017cne rozmiary oraz kolory.\",\"breadcrumb\":{\"@id\":\"https:\/\/www.moriadesign.pl\/produkt\/hairpin-leg-n-14-2-12-l80-cm-2-prety-%cf%86-12-mm\/#breadcrumb\"},\"inLanguage\":\"fr-FR\",\"potentialAction\":[{\"@type\":\"ReadAction\",\"target\":[\"https:\/\/www.moriadesign.pl\/produkt\/hairpin-leg-n-14-2-12-l80-cm-2-prety-%cf%86-12-mm\/\"]}]},{\"@type\":\"BreadcrumbList\",\"@id\":\"https:\/\/www.moriadesign.pl\/produkt\/hairpin-leg-n-14-2-12-l80-cm-2-prety-%cf%86-12-mm\/#breadcrumb\",\"itemListElement\":[{\"@type\":\"ListItem\",\"position\":1,\"name\":\"Strona g\u0142\u00f3wna\",\"item\":\"https:\/\/www.moriadesign.pl\/\"},{\"@type\":\"ListItem\",\"position\":2,\"name\":\"Sklep\",\"item\":\"https:\/\/www.moriadesign.pl\/sklep\/\"},{\"@type\":\"ListItem\",\"position\":3,\"name\":\"Hairpin leg N-14.2.12 [l=80 cm, 2 pr\u0119ty \u03a6 12 mm]\"}]},{\"@type\":\"WebSite\",\"@id\":\"https:\/\/www.moriadesign.pl\/#website\",\"url\":\"https:\/\/www.moriadesign.pl\/\",\"name\":\"MORIA DESIGN\",\"description\":\"okucia do mebli, domu i ogrodu\",\"potentialAction\":[{\"@type\":\"SearchAction\",\"target\":{\"@type\":\"EntryPoint\",\"urlTemplate\":\"https:\/\/www.moriadesign.pl\/?s={search_term_string}\"},\"query-input\":\"required name=search_term_string\"}],\"inLanguage\":\"fr-FR\"}]}<\/script>\n<!-- \/ Yoast SEO plugin. -->","yoast_head_json":{"title":"Hairpin leg N-14.2.12 [l=80 cm, 2 pr\u0119ty \u03a6 12 mm] - MORIA DESIGN","description":"MORIA DESIGN to najwy\u017cej oceniany pod wzgl\u0119dem jako\u015bci i obs\u0142ugi klienta producent hairpin legs w Polsce. Od r\u0119ki mamy dost\u0119pne r\u00f3\u017cne rozmiary oraz kolory.","robots":{"index":"index","follow":"follow","max-snippet":"max-snippet:-1","max-image-preview":"max-image-preview:large","max-video-preview":"max-video-preview:-1"},"canonical":"https:\/\/www.moriadesign.pl\/fr\/produit\/jambe-en-epingle-a-cheveux-n-14-2-12-l80-cm-2-prety-\u03c6-12-mm\/?wmc-currency=EUR","og_locale":"fr_FR","og_type":"article","og_title":"Hairpin leg N-14.2.12 [l=80 cm, 2 pr\u0119ty \u03a6 12 mm] - MORIA DESIGN","og_description":"MORIA DESIGN to najwy\u017cej oceniany pod wzgl\u0119dem jako\u015bci i obs\u0142ugi klienta producent hairpin legs w Polsce. Od r\u0119ki mamy dost\u0119pne r\u00f3\u017cne rozmiary oraz kolory.","og_url":"https:\/\/www.moriadesign.pl\/fr\/produit\/jambe-en-epingle-a-cheveux-n-14-2-12-l80-cm-2-prety-\u03c6-12-mm\/?wmc-currency=EUR","og_site_name":"MORIA DESIGN","article_modified_time":"2026-02-02T21:30:19+00:00","og_image":[{"width":1600,"height":1600,"url":"https:\/\/www.moriadesign.pl\/wp-content\/uploads\/2023\/02\/N-13.2.10.m_8-dizajnerskie-nogi-metalowe-hairpin-legs-w-roznych-kolorach.png","type":"image\/png"}],"twitter_card":"summary_large_image","schema":{"@context":"https:\/\/schema.org","@graph":[{"@type":"WebPage","@id":"https:\/\/www.moriadesign.pl\/produkt\/hairpin-leg-n-14-2-12-l80-cm-2-prety-%cf%86-12-mm\/","url":"https:\/\/www.moriadesign.pl\/produkt\/hairpin-leg-n-14-2-12-l80-cm-2-prety-%cf%86-12-mm\/","name":"Hairpin leg N-14.2.12 [l=80 cm, 2 pr\u0119ty \u03a6 12 mm] - MORIA DESIGN","isPartOf":{"@id":"https:\/\/www.moriadesign.pl\/#website"},"datePublished":"2023-02-21T17:36:30+00:00","dateModified":"2026-02-02T21:30:19+00:00","description":"MORIA DESIGN to najwy\u017cej oceniany pod wzgl\u0119dem jako\u015bci i obs\u0142ugi klienta producent hairpin legs w Polsce. Od r\u0119ki mamy dost\u0119pne r\u00f3\u017cne rozmiary oraz kolory.","breadcrumb":{"@id":"https:\/\/www.moriadesign.pl\/produkt\/hairpin-leg-n-14-2-12-l80-cm-2-prety-%cf%86-12-mm\/#breadcrumb"},"inLanguage":"fr-FR","potentialAction":[{"@type":"ReadAction","target":["https:\/\/www.moriadesign.pl\/produkt\/hairpin-leg-n-14-2-12-l80-cm-2-prety-%cf%86-12-mm\/"]}]},{"@type":"BreadcrumbList","@id":"https:\/\/www.moriadesign.pl\/produkt\/hairpin-leg-n-14-2-12-l80-cm-2-prety-%cf%86-12-mm\/#breadcrumb","itemListElement":[{"@type":"ListItem","position":1,"name":"Strona g\u0142\u00f3wna","item":"https:\/\/www.moriadesign.pl\/"},{"@type":"ListItem","position":2,"name":"Sklep","item":"https:\/\/www.moriadesign.pl\/sklep\/"},{"@type":"ListItem","position":3,"name":"Hairpin leg N-14.2.12 [l=80 cm, 2 pr\u0119ty \u03a6 12 mm]"}]},{"@type":"WebSite","@id":"https:\/\/www.moriadesign.pl\/#website","url":"https:\/\/www.moriadesign.pl\/","name":"MORIA DESIGN","description":"okucia do mebli, domu i ogrodu","potentialAction":[{"@type":"SearchAction","target":{"@type":"EntryPoint","urlTemplate":"https:\/\/www.moriadesign.pl\/?s={search_term_string}"},"query-input":"required name=search_term_string"}],"inLanguage":"fr-FR"}]}},"_links":{"self":[{"href":"https:\/\/www.moriadesign.pl\/fr\/wp-json\/wp\/v2\/product\/2356"}],"collection":[{"href":"https:\/\/www.moriadesign.pl\/fr\/wp-json\/wp\/v2\/product"}],"about":[{"href":"https:\/\/www.moriadesign.pl\/fr\/wp-json\/wp\/v2\/types\/product"}],"wp:featuredmedia":[{"embeddable":true,"href":"https:\/\/www.moriadesign.pl\/fr\/wp-json\/wp\/v2\/media\/2215"}],"wp:attachment":[{"href":"https:\/\/www.moriadesign.pl\/fr\/wp-json\/wp\/v2\/media?parent=2356"}],"wp:term":[{"taxonomy":"product_cat","embeddable":true,"href":"https:\/\/www.moriadesign.pl\/fr\/wp-json\/wp\/v2\/product_cat?post=2356"},{"taxonomy":"product_tag","embeddable":true,"href":"https:\/\/www.moriadesign.pl\/fr\/wp-json\/wp\/v2\/product_tag?post=2356"}],"curies":[{"name":"wp","href":"https:\/\/api.w.org\/{rel}","templated":true}]}}