{"id":1783,"date":"2023-01-02T18:05:38","date_gmt":"2023-01-02T17:05:38","guid":{"rendered":"https:\/\/www.moriadesign.pl\/?post_type=product&#038;p=1783"},"modified":"2023-01-13T21:33:33","modified_gmt":"2023-01-13T20:33:33","slug":"stojak-choinkowy-s-04","status":"publish","type":"product","link":"https:\/\/www.moriadesign.pl\/fr\/produit\/support-de-sapin-de-noel-s-04\/","title":{"rendered":"Support de sapin de No\u00ebl S-04"},"content":{"rendered":"<h2>Caract\u00e9ristiques et avantages :<\/h2>\n<ul>\n<li>abreuvoir int\u00e9gr\u00e9 en acier avec tige pour stabiliser le tronc &gt; <strong>pratique ;<\/strong><\/li>\n<li>en acier de haute qualit\u00e9 &gt; <b>\u00e9ternel ;<\/b><\/li>\n<li>les feutres de protection utilis\u00e9s &gt; <b>fonctionnelle ;<\/b><\/li>\n<li>l'installation en serrant trois vis &gt; <b>\u00e9quip\u00e9e ;<\/b><\/li>\n<li>boutons \u00e0 vis d\u00e9coratifs &gt; <b>esth\u00e9tique ;<\/b><\/li>\n<li>Peint avec une peinture en poudre de couleur or - beaucoup plus r\u00e9sistante aux dommages que les rev\u00eatements par pulv\u00e9risation, les peintures en poudre sont totalement s\u00fbres pour l'homme et l'environnement &gt;.\u00a0<b>durable et d'une finition \u00e9l\u00e9gante ;<\/b><\/li>\n<li>Dimensions : \u00e9paisseur de la t\u00f4le - 4 mm, \u03a6 trou du coffre - 8 cm &gt;. <b>robuste ;<\/b><\/li>\n<li>Dimensions maximales : largeur - 59 cm, longueur - 69 cm, hauteur - 26 cm, poids - 3,2 kg &gt; <b>stable.<\/b><\/li>\n<\/ul>\n<h2>Application :<\/h2>\n<ul>\n<li>pour un arbre de No\u00ebl naturel avec diff\u00e9rents diam\u00e8tres de troncs.<\/li>\n<\/ul>","protected":false},"excerpt":{"rendered":"<p>Cechy i zalety: wkomponowana stalowa miska na wod\u0119 z trzpieniem stabilizuj\u0105cym pie\u0144 &gt; praktyczny; wykonany z wysokiej gatunkowo stali &gt; wieczny; zastosowane filcowe podk\u0142adki ochronne &gt; funkcjonalny; spos\u00f3b monta\u017cu poprzez dokr\u0119cenie trzech \u015brub &gt; dopasowany; ozdobne pokr\u0119t\u0142a \u015brub &gt; estetyczny; pomalowany farb\u0105 proszkow\u0105 w kolorze z\u0142otym &#8211; zdecydowanie wy\u017csza odporno\u015b\u0107 na uszkodzenia od pow\u0142ok farb&#8230;<\/p>","protected":false},"featured_media":1777,"template":"","meta":{"inline_featured_image":false},"product_cat":[36],"product_tag":[],"acf":[],"yoast_head":"<!-- This site is optimized with the Yoast SEO plugin v20.2 - https:\/\/yoast.com\/wordpress\/plugins\/seo\/ -->\n<title>Stojak choinkowy S-04 - MORIA DESIGN<\/title>\n<meta name=\"robots\" content=\"index, follow, max-snippet:-1, max-image-preview:large, max-video-preview:-1\" \/>\n<link rel=\"canonical\" href=\"https:\/\/www.moriadesign.pl\/fr\/produit\/support-de-sapin-de-noel-s-04\/?wmc-currency=EUR\" \/>\n<meta property=\"og:locale\" content=\"fr_FR\" \/>\n<meta property=\"og:type\" content=\"article\" \/>\n<meta property=\"og:title\" content=\"Stojak choinkowy S-04 - MORIA DESIGN\" \/>\n<meta property=\"og:description\" content=\"Cechy i zalety: wkomponowana stalowa miska na wod\u0119 z trzpieniem stabilizuj\u0105cym pie\u0144 &gt; praktyczny; wykonany z wysokiej gatunkowo stali &gt; wieczny; zastosowane filcowe podk\u0142adki ochronne &gt; funkcjonalny; spos\u00f3b monta\u017cu poprzez dokr\u0119cenie trzech \u015brub &gt; dopasowany; ozdobne pokr\u0119t\u0142a \u015brub &gt; estetyczny; pomalowany farb\u0105 proszkow\u0105 w kolorze z\u0142otym &#8211; zdecydowanie wy\u017csza odporno\u015b\u0107 na uszkodzenia od pow\u0142ok farb...\" \/>\n<meta property=\"og:url\" content=\"https:\/\/www.moriadesign.pl\/fr\/produit\/support-de-sapin-de-noel-s-04\/?wmc-currency=EUR\" \/>\n<meta property=\"og:site_name\" content=\"MORIA DESIGN\" \/>\n<meta property=\"article:modified_time\" content=\"2023-01-13T20:33:33+00:00\" \/>\n<meta property=\"og:image\" content=\"https:\/\/www.moriadesign.pl\/wp-content\/uploads\/2023\/01\/S-04.g_1.png\" \/>\n\t<meta property=\"og:image:width\" content=\"1600\" \/>\n\t<meta property=\"og:image:height\" content=\"1600\" \/>\n\t<meta property=\"og:image:type\" content=\"image\/png\" \/>\n<meta name=\"twitter:card\" content=\"summary_large_image\" \/>\n<meta name=\"twitter:label1\" content=\"Dur\u00e9e de lecture estim\u00e9e\" \/>\n\t<meta name=\"twitter:data1\" content=\"1 minute\" \/>\n<script type=\"application\/ld+json\" class=\"yoast-schema-graph\">{\"@context\":\"https:\/\/schema.org\",\"@graph\":[{\"@type\":\"WebPage\",\"@id\":\"https:\/\/www.moriadesign.pl\/produkt\/stojak-choinkowy-s-04\/\",\"url\":\"https:\/\/www.moriadesign.pl\/produkt\/stojak-choinkowy-s-04\/\",\"name\":\"Stojak choinkowy S-04 - MORIA DESIGN\",\"isPartOf\":{\"@id\":\"https:\/\/www.moriadesign.pl\/#website\"},\"datePublished\":\"2023-01-02T17:05:38+00:00\",\"dateModified\":\"2023-01-13T20:33:33+00:00\",\"breadcrumb\":{\"@id\":\"https:\/\/www.moriadesign.pl\/produkt\/stojak-choinkowy-s-04\/#breadcrumb\"},\"inLanguage\":\"fr-FR\",\"potentialAction\":[{\"@type\":\"ReadAction\",\"target\":[\"https:\/\/www.moriadesign.pl\/produkt\/stojak-choinkowy-s-04\/\"]}]},{\"@type\":\"BreadcrumbList\",\"@id\":\"https:\/\/www.moriadesign.pl\/produkt\/stojak-choinkowy-s-04\/#breadcrumb\",\"itemListElement\":[{\"@type\":\"ListItem\",\"position\":1,\"name\":\"Strona g\u0142\u00f3wna\",\"item\":\"https:\/\/www.moriadesign.pl\/\"},{\"@type\":\"ListItem\",\"position\":2,\"name\":\"Sklep\",\"item\":\"https:\/\/www.moriadesign.pl\/sklep\/\"},{\"@type\":\"ListItem\",\"position\":3,\"name\":\"Stojak choinkowy S-04\"}]},{\"@type\":\"WebSite\",\"@id\":\"https:\/\/www.moriadesign.pl\/#website\",\"url\":\"https:\/\/www.moriadesign.pl\/\",\"name\":\"MORIA DESIGN\",\"description\":\"okucia do mebli, domu i ogrodu\",\"potentialAction\":[{\"@type\":\"SearchAction\",\"target\":{\"@type\":\"EntryPoint\",\"urlTemplate\":\"https:\/\/www.moriadesign.pl\/?s={search_term_string}\"},\"query-input\":\"required name=search_term_string\"}],\"inLanguage\":\"fr-FR\"}]}<\/script>\n<!-- \/ Yoast SEO plugin. -->","yoast_head_json":{"title":"Stojak choinkowy S-04 - MORIA DESIGN","robots":{"index":"index","follow":"follow","max-snippet":"max-snippet:-1","max-image-preview":"max-image-preview:large","max-video-preview":"max-video-preview:-1"},"canonical":"https:\/\/www.moriadesign.pl\/fr\/produit\/support-de-sapin-de-noel-s-04\/?wmc-currency=EUR","og_locale":"fr_FR","og_type":"article","og_title":"Stojak choinkowy S-04 - MORIA DESIGN","og_description":"Cechy i zalety: wkomponowana stalowa miska na wod\u0119 z trzpieniem stabilizuj\u0105cym pie\u0144 &gt; praktyczny; wykonany z wysokiej gatunkowo stali &gt; wieczny; zastosowane filcowe podk\u0142adki ochronne &gt; funkcjonalny; spos\u00f3b monta\u017cu poprzez dokr\u0119cenie trzech \u015brub &gt; dopasowany; ozdobne pokr\u0119t\u0142a \u015brub &gt; estetyczny; pomalowany farb\u0105 proszkow\u0105 w kolorze z\u0142otym &#8211; zdecydowanie wy\u017csza odporno\u015b\u0107 na uszkodzenia od pow\u0142ok farb...","og_url":"https:\/\/www.moriadesign.pl\/fr\/produit\/support-de-sapin-de-noel-s-04\/?wmc-currency=EUR","og_site_name":"MORIA DESIGN","article_modified_time":"2023-01-13T20:33:33+00:00","og_image":[{"width":1600,"height":1600,"url":"https:\/\/www.moriadesign.pl\/wp-content\/uploads\/2023\/01\/S-04.g_1.png","type":"image\/png"}],"twitter_card":"summary_large_image","twitter_misc":{"Dur\u00e9e de lecture estim\u00e9e":"1 minute"},"schema":{"@context":"https:\/\/schema.org","@graph":[{"@type":"WebPage","@id":"https:\/\/www.moriadesign.pl\/produkt\/stojak-choinkowy-s-04\/","url":"https:\/\/www.moriadesign.pl\/produkt\/stojak-choinkowy-s-04\/","name":"Stojak choinkowy S-04 - MORIA DESIGN","isPartOf":{"@id":"https:\/\/www.moriadesign.pl\/#website"},"datePublished":"2023-01-02T17:05:38+00:00","dateModified":"2023-01-13T20:33:33+00:00","breadcrumb":{"@id":"https:\/\/www.moriadesign.pl\/produkt\/stojak-choinkowy-s-04\/#breadcrumb"},"inLanguage":"fr-FR","potentialAction":[{"@type":"ReadAction","target":["https:\/\/www.moriadesign.pl\/produkt\/stojak-choinkowy-s-04\/"]}]},{"@type":"BreadcrumbList","@id":"https:\/\/www.moriadesign.pl\/produkt\/stojak-choinkowy-s-04\/#breadcrumb","itemListElement":[{"@type":"ListItem","position":1,"name":"Strona g\u0142\u00f3wna","item":"https:\/\/www.moriadesign.pl\/"},{"@type":"ListItem","position":2,"name":"Sklep","item":"https:\/\/www.moriadesign.pl\/sklep\/"},{"@type":"ListItem","position":3,"name":"Stojak choinkowy S-04"}]},{"@type":"WebSite","@id":"https:\/\/www.moriadesign.pl\/#website","url":"https:\/\/www.moriadesign.pl\/","name":"MORIA DESIGN","description":"okucia do mebli, domu i ogrodu","potentialAction":[{"@type":"SearchAction","target":{"@type":"EntryPoint","urlTemplate":"https:\/\/www.moriadesign.pl\/?s={search_term_string}"},"query-input":"required name=search_term_string"}],"inLanguage":"fr-FR"}]}},"_links":{"self":[{"href":"https:\/\/www.moriadesign.pl\/fr\/wp-json\/wp\/v2\/product\/1783"}],"collection":[{"href":"https:\/\/www.moriadesign.pl\/fr\/wp-json\/wp\/v2\/product"}],"about":[{"href":"https:\/\/www.moriadesign.pl\/fr\/wp-json\/wp\/v2\/types\/product"}],"wp:featuredmedia":[{"embeddable":true,"href":"https:\/\/www.moriadesign.pl\/fr\/wp-json\/wp\/v2\/media\/1777"}],"wp:attachment":[{"href":"https:\/\/www.moriadesign.pl\/fr\/wp-json\/wp\/v2\/media?parent=1783"}],"wp:term":[{"taxonomy":"product_cat","embeddable":true,"href":"https:\/\/www.moriadesign.pl\/fr\/wp-json\/wp\/v2\/product_cat?post=1783"},{"taxonomy":"product_tag","embeddable":true,"href":"https:\/\/www.moriadesign.pl\/fr\/wp-json\/wp\/v2\/product_tag?post=1783"}],"curies":[{"name":"wp","href":"https:\/\/api.w.org\/{rel}","templated":true}]}}