{"id":1764,"date":"2023-01-02T15:39:25","date_gmt":"2023-01-02T14:39:25","guid":{"rendered":"https:\/\/www.moriadesign.pl\/?post_type=product&#038;p=1764"},"modified":"2024-12-16T12:36:24","modified_gmt":"2024-12-16T11:36:24","slug":"komplet-4-x-gumowa-stopka-ochronna-hairpin-leg","status":"publish","type":"product","link":"https:\/\/www.moriadesign.pl\/fr\/produit\/komplet-4-x-gumowa-stopka-ochronna-hairpin-leg\/","title":{"rendered":"Jeu de 4 x pieds de protection en caoutchouc pour les jambes en \u00e9pingle \u00e0 cheveux"},"content":{"rendered":"<h2><strong>Choix de 2 variantes de couleurs :<\/strong> czarny, bezbarwny.<\/h2>\n<h2>Caract\u00e9ristiques et avantages :<\/h2>\n<ul>\n<li>komplet zawiera 4 dedykowane stopki &gt; <strong>funkcjonalne;<\/strong><\/li>\n<li>wykonane z elastycznego plastiku &gt; <strong>antypo\u015blizgowe;<\/strong><\/li>\n<li>nie wymagaj\u0105 przykr\u0119cania, wystarczy wcisn\u0105\u0107 na pr\u0119t &gt; <strong>dobrze dopasowane;<\/strong><\/li>\n<li>wymiary maksymalne: \u015brednica \u2013 3 cm, wysoko\u015b\u0107 \u2013 1,4 mm &gt; <strong>podnosz\u0105 n\u00f3\u017ck\u0119 tylko o 3 mm<\/strong><b>.<\/b><\/li>\n<\/ul>\n<h2>Application :<\/h2>\n<ul>\n<li>pour les jambes en \u00e9pingle \u00e0 cheveux MORIA DESIGN.<\/li>\n<\/ul>","protected":false},"excerpt":{"rendered":"<p>Do wyboru 2 warianty kolor\u00f3w: czarny, bezbarwny. Cechy i zalety: komplet zawiera 4 dedykowane stopki &gt; funkcjonalne; wykonane z elastycznego plastiku &gt; antypo\u015blizgowe; nie wymagaj\u0105 przykr\u0119cania, wystarczy wcisn\u0105\u0107 na pr\u0119t &gt; dobrze dopasowane; wymiary maksymalne: \u015brednica \u2013 3 cm, wysoko\u015b\u0107 \u2013 1,4 mm &gt; podnosz\u0105 n\u00f3\u017ck\u0119 tylko o 3 mm. Zastosowanie: do hairpin legs MORIA&#8230;<\/p>","protected":false},"featured_media":1727,"template":"","meta":{"inline_featured_image":false},"product_cat":[23,37],"product_tag":[],"acf":[],"yoast_head":"<!-- This site is optimized with the Yoast SEO plugin v20.2 - https:\/\/yoast.com\/wordpress\/plugins\/seo\/ -->\n<title>Komplet 4 x gumowa stopka ochronna hairpin leg - MORIA DESIGN<\/title>\n<meta name=\"robots\" content=\"index, follow, max-snippet:-1, max-image-preview:large, max-video-preview:-1\" \/>\n<link rel=\"canonical\" href=\"https:\/\/www.moriadesign.pl\/fr\/produit\/komplet-4-x-gumowa-stopka-ochronna-hairpin-leg\/?wmc-currency=EUR\" \/>\n<meta property=\"og:locale\" content=\"fr_FR\" \/>\n<meta property=\"og:type\" content=\"article\" \/>\n<meta property=\"og:title\" content=\"Komplet 4 x gumowa stopka ochronna hairpin leg - MORIA DESIGN\" \/>\n<meta property=\"og:description\" content=\"Do wyboru 2 warianty kolor\u00f3w: czarny, bezbarwny. Cechy i zalety: komplet zawiera 4 dedykowane stopki &gt; funkcjonalne; wykonane z elastycznego plastiku &gt; antypo\u015blizgowe; nie wymagaj\u0105 przykr\u0119cania, wystarczy wcisn\u0105\u0107 na pr\u0119t &gt; dobrze dopasowane; wymiary maksymalne: \u015brednica \u2013 3 cm, wysoko\u015b\u0107 \u2013 1,4 mm &gt; podnosz\u0105 n\u00f3\u017ck\u0119 tylko o 3 mm. Zastosowanie: do hairpin legs MORIA...\" \/>\n<meta property=\"og:url\" content=\"https:\/\/www.moriadesign.pl\/fr\/produit\/komplet-4-x-gumowa-stopka-ochronna-hairpin-leg\/?wmc-currency=EUR\" \/>\n<meta property=\"og:site_name\" content=\"MORIA DESIGN\" \/>\n<meta property=\"article:modified_time\" content=\"2024-12-16T11:36:24+00:00\" \/>\n<meta property=\"og:image\" content=\"https:\/\/www.moriadesign.pl\/wp-content\/uploads\/2022\/12\/I-01x4_7-antyposlizgowe-stopki-do-nog-hairpin-legs.jpg\" \/>\n\t<meta property=\"og:image:width\" content=\"1600\" \/>\n\t<meta property=\"og:image:height\" content=\"1600\" \/>\n\t<meta property=\"og:image:type\" content=\"image\/jpeg\" \/>\n<meta name=\"twitter:card\" content=\"summary_large_image\" \/>\n<script type=\"application\/ld+json\" class=\"yoast-schema-graph\">{\"@context\":\"https:\/\/schema.org\",\"@graph\":[{\"@type\":\"WebPage\",\"@id\":\"https:\/\/www.moriadesign.pl\/produkt\/komplet-4-x-gumowa-stopka-ochronna-hairpin-leg\/\",\"url\":\"https:\/\/www.moriadesign.pl\/produkt\/komplet-4-x-gumowa-stopka-ochronna-hairpin-leg\/\",\"name\":\"Komplet 4 x gumowa stopka ochronna hairpin leg - MORIA DESIGN\",\"isPartOf\":{\"@id\":\"https:\/\/www.moriadesign.pl\/#website\"},\"datePublished\":\"2023-01-02T14:39:25+00:00\",\"dateModified\":\"2024-12-16T11:36:24+00:00\",\"breadcrumb\":{\"@id\":\"https:\/\/www.moriadesign.pl\/produkt\/komplet-4-x-gumowa-stopka-ochronna-hairpin-leg\/#breadcrumb\"},\"inLanguage\":\"fr-FR\",\"potentialAction\":[{\"@type\":\"ReadAction\",\"target\":[\"https:\/\/www.moriadesign.pl\/produkt\/komplet-4-x-gumowa-stopka-ochronna-hairpin-leg\/\"]}]},{\"@type\":\"BreadcrumbList\",\"@id\":\"https:\/\/www.moriadesign.pl\/produkt\/komplet-4-x-gumowa-stopka-ochronna-hairpin-leg\/#breadcrumb\",\"itemListElement\":[{\"@type\":\"ListItem\",\"position\":1,\"name\":\"Strona g\u0142\u00f3wna\",\"item\":\"https:\/\/www.moriadesign.pl\/\"},{\"@type\":\"ListItem\",\"position\":2,\"name\":\"Sklep\",\"item\":\"https:\/\/www.moriadesign.pl\/sklep\/\"},{\"@type\":\"ListItem\",\"position\":3,\"name\":\"Komplet 4 x gumowa stopka ochronna hairpin leg\"}]},{\"@type\":\"WebSite\",\"@id\":\"https:\/\/www.moriadesign.pl\/#website\",\"url\":\"https:\/\/www.moriadesign.pl\/\",\"name\":\"MORIA DESIGN\",\"description\":\"okucia do mebli, domu i ogrodu\",\"potentialAction\":[{\"@type\":\"SearchAction\",\"target\":{\"@type\":\"EntryPoint\",\"urlTemplate\":\"https:\/\/www.moriadesign.pl\/?s={search_term_string}\"},\"query-input\":\"required name=search_term_string\"}],\"inLanguage\":\"fr-FR\"}]}<\/script>\n<!-- \/ Yoast SEO plugin. -->","yoast_head_json":{"title":"Komplet 4 x gumowa stopka ochronna hairpin leg - MORIA DESIGN","robots":{"index":"index","follow":"follow","max-snippet":"max-snippet:-1","max-image-preview":"max-image-preview:large","max-video-preview":"max-video-preview:-1"},"canonical":"https:\/\/www.moriadesign.pl\/fr\/produit\/komplet-4-x-gumowa-stopka-ochronna-hairpin-leg\/?wmc-currency=EUR","og_locale":"fr_FR","og_type":"article","og_title":"Komplet 4 x gumowa stopka ochronna hairpin leg - MORIA DESIGN","og_description":"Do wyboru 2 warianty kolor\u00f3w: czarny, bezbarwny. Cechy i zalety: komplet zawiera 4 dedykowane stopki &gt; funkcjonalne; wykonane z elastycznego plastiku &gt; antypo\u015blizgowe; nie wymagaj\u0105 przykr\u0119cania, wystarczy wcisn\u0105\u0107 na pr\u0119t &gt; dobrze dopasowane; wymiary maksymalne: \u015brednica \u2013 3 cm, wysoko\u015b\u0107 \u2013 1,4 mm &gt; podnosz\u0105 n\u00f3\u017ck\u0119 tylko o 3 mm. Zastosowanie: do hairpin legs MORIA...","og_url":"https:\/\/www.moriadesign.pl\/fr\/produit\/komplet-4-x-gumowa-stopka-ochronna-hairpin-leg\/?wmc-currency=EUR","og_site_name":"MORIA DESIGN","article_modified_time":"2024-12-16T11:36:24+00:00","og_image":[{"width":1600,"height":1600,"url":"https:\/\/www.moriadesign.pl\/wp-content\/uploads\/2022\/12\/I-01x4_7-antyposlizgowe-stopki-do-nog-hairpin-legs.jpg","type":"image\/jpeg"}],"twitter_card":"summary_large_image","schema":{"@context":"https:\/\/schema.org","@graph":[{"@type":"WebPage","@id":"https:\/\/www.moriadesign.pl\/produkt\/komplet-4-x-gumowa-stopka-ochronna-hairpin-leg\/","url":"https:\/\/www.moriadesign.pl\/produkt\/komplet-4-x-gumowa-stopka-ochronna-hairpin-leg\/","name":"Komplet 4 x gumowa stopka ochronna hairpin leg - MORIA DESIGN","isPartOf":{"@id":"https:\/\/www.moriadesign.pl\/#website"},"datePublished":"2023-01-02T14:39:25+00:00","dateModified":"2024-12-16T11:36:24+00:00","breadcrumb":{"@id":"https:\/\/www.moriadesign.pl\/produkt\/komplet-4-x-gumowa-stopka-ochronna-hairpin-leg\/#breadcrumb"},"inLanguage":"fr-FR","potentialAction":[{"@type":"ReadAction","target":["https:\/\/www.moriadesign.pl\/produkt\/komplet-4-x-gumowa-stopka-ochronna-hairpin-leg\/"]}]},{"@type":"BreadcrumbList","@id":"https:\/\/www.moriadesign.pl\/produkt\/komplet-4-x-gumowa-stopka-ochronna-hairpin-leg\/#breadcrumb","itemListElement":[{"@type":"ListItem","position":1,"name":"Strona g\u0142\u00f3wna","item":"https:\/\/www.moriadesign.pl\/"},{"@type":"ListItem","position":2,"name":"Sklep","item":"https:\/\/www.moriadesign.pl\/sklep\/"},{"@type":"ListItem","position":3,"name":"Komplet 4 x gumowa stopka ochronna hairpin leg"}]},{"@type":"WebSite","@id":"https:\/\/www.moriadesign.pl\/#website","url":"https:\/\/www.moriadesign.pl\/","name":"MORIA DESIGN","description":"okucia do mebli, domu i ogrodu","potentialAction":[{"@type":"SearchAction","target":{"@type":"EntryPoint","urlTemplate":"https:\/\/www.moriadesign.pl\/?s={search_term_string}"},"query-input":"required name=search_term_string"}],"inLanguage":"fr-FR"}]}},"_links":{"self":[{"href":"https:\/\/www.moriadesign.pl\/fr\/wp-json\/wp\/v2\/product\/1764"}],"collection":[{"href":"https:\/\/www.moriadesign.pl\/fr\/wp-json\/wp\/v2\/product"}],"about":[{"href":"https:\/\/www.moriadesign.pl\/fr\/wp-json\/wp\/v2\/types\/product"}],"wp:featuredmedia":[{"embeddable":true,"href":"https:\/\/www.moriadesign.pl\/fr\/wp-json\/wp\/v2\/media\/1727"}],"wp:attachment":[{"href":"https:\/\/www.moriadesign.pl\/fr\/wp-json\/wp\/v2\/media?parent=1764"}],"wp:term":[{"taxonomy":"product_cat","embeddable":true,"href":"https:\/\/www.moriadesign.pl\/fr\/wp-json\/wp\/v2\/product_cat?post=1764"},{"taxonomy":"product_tag","embeddable":true,"href":"https:\/\/www.moriadesign.pl\/fr\/wp-json\/wp\/v2\/product_tag?post=1764"}],"curies":[{"name":"wp","href":"https:\/\/api.w.org\/{rel}","templated":true}]}}