{"id":1752,"date":"2023-01-02T14:46:21","date_gmt":"2023-01-02T13:46:21","guid":{"rendered":"https:\/\/www.moriadesign.pl\/?post_type=product&#038;p=1752"},"modified":"2024-12-16T12:35:40","modified_gmt":"2024-12-16T11:35:40","slug":"malowane-sruby-zamkowe","status":"publish","type":"product","link":"https:\/\/www.moriadesign.pl\/fr\/produit\/boulons-de-verrouillage-peints\/","title":{"rendered":"Jeu de 5 boulons de verrouillage peints"},"content":{"rendered":"<h2><strong>Choix de 4 variantes de taille :<\/strong> M5 x 40 mm, M6 x 40 mm, M6 x 60 mm, M8 x 60 mm.<\/h2>\n<h2>Caract\u00e9ristiques et avantages :<\/h2>\n<ul>\n<li>le jeu contient 5 vis avec rondelles et \u00e9crous &gt; <strong>\u00e9conomique et fonctionnel ;<\/strong><\/li>\n<li>galvanis\u00e9 \u00e0 chaud &gt; <b>\u00e9ternel ;<\/b><\/li>\n<li>Les t\u00eates de boulons sont recouvertes d'un rev\u00eatement en poudre noir mat (z\u00e9ro brillance, structure fine) - bien plus r\u00e9sistantes aux dommages que les rev\u00eatements par peinture au pistolet, les peintures en poudre sont totalement s\u00fbres pour l'homme et l'environnement. <b>durable et d'une finition \u00e9l\u00e9gante.<\/b><\/li>\n<\/ul>\n<h2>Application :<\/h2>\n<ul>\n<li>pour les accessoires d\u00e9coratifs MORIA DESIGN.<\/li>\n<\/ul>","protected":false},"excerpt":{"rendered":"<p>Do wyboru 4 warianty rozmiar\u00f3w: M5 x 40 mm, M6 x 40 mm, M6 x 60 mm, M8 x 60 mm. Cechy i zalety: komplet zawiera 5 \u015brub wraz z podk\u0142adkami oraz nakr\u0119tkami &gt; oszcz\u0119dne i funkcjonalne; ocynkowane ogniowo &gt; wieczne; \u0142by \u015brub pomalowane farb\u0105 proszkow\u0105 w kolorze czarny mat (zero po\u0142ysku, drobna struktura) \u2013&#8230;<\/p>","protected":false},"featured_media":1718,"template":"","meta":{"inline_featured_image":false},"product_cat":[23,37],"product_tag":[],"acf":[],"yoast_head":"<!-- This site is optimized with the Yoast SEO plugin v20.2 - https:\/\/yoast.com\/wordpress\/plugins\/seo\/ -->\n<title>Komplet 5 x malowana \u015bruba zamkowa - MORIA DESIGN<\/title>\n<meta name=\"robots\" content=\"index, follow, max-snippet:-1, max-image-preview:large, max-video-preview:-1\" \/>\n<link rel=\"canonical\" href=\"https:\/\/www.moriadesign.pl\/fr\/produit\/boulons-de-verrouillage-peints\/?wmc-currency=EUR\" \/>\n<meta property=\"og:locale\" content=\"fr_FR\" \/>\n<meta property=\"og:type\" content=\"article\" \/>\n<meta property=\"og:title\" content=\"Komplet 5 x malowana \u015bruba zamkowa - MORIA DESIGN\" \/>\n<meta property=\"og:description\" content=\"Do wyboru 4 warianty rozmiar\u00f3w: M5 x 40 mm, M6 x 40 mm, M6 x 60 mm, M8 x 60 mm. Cechy i zalety: komplet zawiera 5 \u015brub wraz z podk\u0142adkami oraz nakr\u0119tkami &gt; oszcz\u0119dne i funkcjonalne; ocynkowane ogniowo &gt; wieczne; \u0142by \u015brub pomalowane farb\u0105 proszkow\u0105 w kolorze czarny mat (zero po\u0142ysku, drobna struktura) \u2013...\" \/>\n<meta property=\"og:url\" content=\"https:\/\/www.moriadesign.pl\/fr\/produit\/boulons-de-verrouillage-peints\/?wmc-currency=EUR\" \/>\n<meta property=\"og:site_name\" content=\"MORIA DESIGN\" \/>\n<meta property=\"article:modified_time\" content=\"2024-12-16T11:35:40+00:00\" \/>\n<meta property=\"og:image\" content=\"https:\/\/www.moriadesign.pl\/wp-content\/uploads\/2022\/12\/Q-02_1.png\" \/>\n\t<meta property=\"og:image:width\" content=\"1600\" \/>\n\t<meta property=\"og:image:height\" content=\"1600\" \/>\n\t<meta property=\"og:image:type\" content=\"image\/png\" \/>\n<meta name=\"twitter:card\" content=\"summary_large_image\" \/>\n<script type=\"application\/ld+json\" class=\"yoast-schema-graph\">{\"@context\":\"https:\/\/schema.org\",\"@graph\":[{\"@type\":\"WebPage\",\"@id\":\"https:\/\/www.moriadesign.pl\/produkt\/malowane-sruby-zamkowe\/\",\"url\":\"https:\/\/www.moriadesign.pl\/produkt\/malowane-sruby-zamkowe\/\",\"name\":\"Komplet 5 x malowana \u015bruba zamkowa - MORIA DESIGN\",\"isPartOf\":{\"@id\":\"https:\/\/www.moriadesign.pl\/#website\"},\"datePublished\":\"2023-01-02T13:46:21+00:00\",\"dateModified\":\"2024-12-16T11:35:40+00:00\",\"breadcrumb\":{\"@id\":\"https:\/\/www.moriadesign.pl\/produkt\/malowane-sruby-zamkowe\/#breadcrumb\"},\"inLanguage\":\"fr-FR\",\"potentialAction\":[{\"@type\":\"ReadAction\",\"target\":[\"https:\/\/www.moriadesign.pl\/produkt\/malowane-sruby-zamkowe\/\"]}]},{\"@type\":\"BreadcrumbList\",\"@id\":\"https:\/\/www.moriadesign.pl\/produkt\/malowane-sruby-zamkowe\/#breadcrumb\",\"itemListElement\":[{\"@type\":\"ListItem\",\"position\":1,\"name\":\"Strona g\u0142\u00f3wna\",\"item\":\"https:\/\/www.moriadesign.pl\/\"},{\"@type\":\"ListItem\",\"position\":2,\"name\":\"Sklep\",\"item\":\"https:\/\/www.moriadesign.pl\/sklep\/\"},{\"@type\":\"ListItem\",\"position\":3,\"name\":\"Komplet 5 x malowana \u015bruba zamkowa\"}]},{\"@type\":\"WebSite\",\"@id\":\"https:\/\/www.moriadesign.pl\/#website\",\"url\":\"https:\/\/www.moriadesign.pl\/\",\"name\":\"MORIA DESIGN\",\"description\":\"okucia do mebli, domu i ogrodu\",\"potentialAction\":[{\"@type\":\"SearchAction\",\"target\":{\"@type\":\"EntryPoint\",\"urlTemplate\":\"https:\/\/www.moriadesign.pl\/?s={search_term_string}\"},\"query-input\":\"required name=search_term_string\"}],\"inLanguage\":\"fr-FR\"}]}<\/script>\n<!-- \/ Yoast SEO plugin. -->","yoast_head_json":{"title":"Komplet 5 x malowana \u015bruba zamkowa - MORIA DESIGN","robots":{"index":"index","follow":"follow","max-snippet":"max-snippet:-1","max-image-preview":"max-image-preview:large","max-video-preview":"max-video-preview:-1"},"canonical":"https:\/\/www.moriadesign.pl\/fr\/produit\/boulons-de-verrouillage-peints\/?wmc-currency=EUR","og_locale":"fr_FR","og_type":"article","og_title":"Komplet 5 x malowana \u015bruba zamkowa - MORIA DESIGN","og_description":"Do wyboru 4 warianty rozmiar\u00f3w: M5 x 40 mm, M6 x 40 mm, M6 x 60 mm, M8 x 60 mm. Cechy i zalety: komplet zawiera 5 \u015brub wraz z podk\u0142adkami oraz nakr\u0119tkami &gt; oszcz\u0119dne i funkcjonalne; ocynkowane ogniowo &gt; wieczne; \u0142by \u015brub pomalowane farb\u0105 proszkow\u0105 w kolorze czarny mat (zero po\u0142ysku, drobna struktura) \u2013...","og_url":"https:\/\/www.moriadesign.pl\/fr\/produit\/boulons-de-verrouillage-peints\/?wmc-currency=EUR","og_site_name":"MORIA DESIGN","article_modified_time":"2024-12-16T11:35:40+00:00","og_image":[{"width":1600,"height":1600,"url":"https:\/\/www.moriadesign.pl\/wp-content\/uploads\/2022\/12\/Q-02_1.png","type":"image\/png"}],"twitter_card":"summary_large_image","schema":{"@context":"https:\/\/schema.org","@graph":[{"@type":"WebPage","@id":"https:\/\/www.moriadesign.pl\/produkt\/malowane-sruby-zamkowe\/","url":"https:\/\/www.moriadesign.pl\/produkt\/malowane-sruby-zamkowe\/","name":"Komplet 5 x malowana \u015bruba zamkowa - MORIA DESIGN","isPartOf":{"@id":"https:\/\/www.moriadesign.pl\/#website"},"datePublished":"2023-01-02T13:46:21+00:00","dateModified":"2024-12-16T11:35:40+00:00","breadcrumb":{"@id":"https:\/\/www.moriadesign.pl\/produkt\/malowane-sruby-zamkowe\/#breadcrumb"},"inLanguage":"fr-FR","potentialAction":[{"@type":"ReadAction","target":["https:\/\/www.moriadesign.pl\/produkt\/malowane-sruby-zamkowe\/"]}]},{"@type":"BreadcrumbList","@id":"https:\/\/www.moriadesign.pl\/produkt\/malowane-sruby-zamkowe\/#breadcrumb","itemListElement":[{"@type":"ListItem","position":1,"name":"Strona g\u0142\u00f3wna","item":"https:\/\/www.moriadesign.pl\/"},{"@type":"ListItem","position":2,"name":"Sklep","item":"https:\/\/www.moriadesign.pl\/sklep\/"},{"@type":"ListItem","position":3,"name":"Komplet 5 x malowana \u015bruba zamkowa"}]},{"@type":"WebSite","@id":"https:\/\/www.moriadesign.pl\/#website","url":"https:\/\/www.moriadesign.pl\/","name":"MORIA DESIGN","description":"okucia do mebli, domu i ogrodu","potentialAction":[{"@type":"SearchAction","target":{"@type":"EntryPoint","urlTemplate":"https:\/\/www.moriadesign.pl\/?s={search_term_string}"},"query-input":"required name=search_term_string"}],"inLanguage":"fr-FR"}]}},"_links":{"self":[{"href":"https:\/\/www.moriadesign.pl\/fr\/wp-json\/wp\/v2\/product\/1752"}],"collection":[{"href":"https:\/\/www.moriadesign.pl\/fr\/wp-json\/wp\/v2\/product"}],"about":[{"href":"https:\/\/www.moriadesign.pl\/fr\/wp-json\/wp\/v2\/types\/product"}],"wp:featuredmedia":[{"embeddable":true,"href":"https:\/\/www.moriadesign.pl\/fr\/wp-json\/wp\/v2\/media\/1718"}],"wp:attachment":[{"href":"https:\/\/www.moriadesign.pl\/fr\/wp-json\/wp\/v2\/media?parent=1752"}],"wp:term":[{"taxonomy":"product_cat","embeddable":true,"href":"https:\/\/www.moriadesign.pl\/fr\/wp-json\/wp\/v2\/product_cat?post=1752"},{"taxonomy":"product_tag","embeddable":true,"href":"https:\/\/www.moriadesign.pl\/fr\/wp-json\/wp\/v2\/product_tag?post=1752"}],"curies":[{"name":"wp","href":"https:\/\/api.w.org\/{rel}","templated":true}]}}