{"id":1749,"date":"2023-01-02T14:21:33","date_gmt":"2023-01-02T13:21:33","guid":{"rendered":"https:\/\/www.moriadesign.pl\/?post_type=product&#038;p=1749"},"modified":"2026-04-03T11:08:10","modified_gmt":"2026-04-03T09:08:10","slug":"stojak-rowerowy-retro-b-06-60-b-l60-cm","status":"publish","type":"product","link":"https:\/\/www.moriadesign.pl\/fr\/produit\/stojak-rowerowy-retro-b-06-60-b-l60-cm\/","title":{"rendered":"Support de v\u00e9lo r\u00e9tro B-06.60.b [l=60 cm]"},"content":{"rendered":"<h2>Caract\u00e9ristiques et avantages :<\/h2>\n<ul>\n<li>wykonany ze stali (rura + blacha z logo + kula \u017celiwna) &gt;\u00a0<b>perp\u00e9tuel<\/b>;<\/li>\n<li>boule ornementale en fonte utilis\u00e9e &gt;\u00a0<b>d\u00e9cor\u00e9e de fa\u00e7on classique<\/b>;<\/li>\n<li>mode d'installation b\u00e9ton (tuyau d\u00e9di\u00e9 de 30 cm) &gt; <b>facile \u00e0 installer<\/b>;<\/li>\n<li>*Galvanis\u00e9 et peint par poudrage en noir mat (z\u00e9ro brillance, structure fine) - beaucoup plus r\u00e9sistant aux dommages que les peintures par pulv\u00e9risation, les peintures par poudrage sont totalement s\u00fbres pour l'homme et l'environnement &gt;. <b>durable et d'une finition \u00e9l\u00e9gante ;<\/b><\/li>\n<li>dimensions : hauteur - 100 cm + 30 cm pour le b\u00e9tonnage, longueur - 60 cm, \u03a6 pipe - 60.3 mm &gt;<b>\u00a0tr\u00e8s solide<\/b>;<\/li>\n<li>fabriqu\u00e9 \u00e0 la machine &gt;\u00a0<b>r\u00e9p\u00e9titif<\/b>.<\/li>\n<\/ul>\n<p>*Une version avec rev\u00eatement en poudre est \u00e9galement disponible.<\/p>\n<h2>Application :<\/h2>\n<ul>\n<li>La conception du support permet de fixer le cadre et la roue du v\u00e9lo \u00e0 l'aide d'un c\u00e2ble de s\u00e9curit\u00e9. Il convient \u00e9galement au stationnement des scooters.<\/li>\n<\/ul>\n<details>\n<summary style=\"cursor: pointer;\">En savoir plus<\/summary>\n<h2><span lang=\"pl-PL\">Stojak rowerowy B-06.60.b \u2013 dekoracyjny mebel w architekturze miejskiej<\/span><\/h2>\n<p><span lang=\"pl-PL\"><strong>Stojak na rowery model B-06.60.b<\/strong> to praktyczna i sprawdzona dekoracja przestrzeni miejskiej. Ten dwustanowiskowy, pi\u0119kny stojak rowerowy, wykonany zosta\u0142 z solidnych materia\u0142\u00f3w. Dzi\u0119ki temu wyr\u00f3\u017cnia si\u0119 na tle innych, konkurencyjnych stojak\u00f3w. Doskonale pasuje do \u015br\u00f3dmiejskich obszar\u00f3w rewitalizacji. \u015awietnie b\u0119dzie komponowa\u0107 si\u0119 z pierzej\u0105 zabytkowych kamienic. To mebel, kt\u00f3ry uatrakcyjni przestrze\u0144 zar\u00f3wno funkcjonalnie jak i wizualnie.<\/span><\/p>\n<p><span lang=\"pl-PL\">Oryginalne, dekoracyjne <a href=\"https:\/\/www.moriadesign.pl\/fr\/offrir\/porte-velos\/?wmc-currency=EUR\">porte-v\u00e9los<\/a> MORIA DESIGN charakteryzuj\u0105 si\u0119 prostot\u0105, funkcjonalno\u015bci\u0105 oraz wysok\u0105 jako\u015bci\u0105 wykonania. Prezentowany model stojaka zosta\u0142 wyprodukowany z solidnej metalowej rury o \u015brednicy 60,3 mm i grubo\u015bci \u015bcianki 2,9 mm oraz stalowej blachy o grubo\u015bci 2 mm, co zapewnia jego trwa\u0142o\u015b\u0107 i wysok\u0105 odporno\u015b\u0107 na uszkodzenia. Masywny, \u017celiwny grot w kszta\u0142cie kuli, subtelnie podkre\u015bla styl i elegancj\u0119 stojaka. Stojaki s\u0105 dost\u0119pne w wersji ocynkowanej i pomalowanej proszkowo, co gwarantuje ich wysok\u0105 odporno\u015b\u0107 na warunki atmosferyczne.<\/span><\/p>\n<p><span lang=\"pl-PL\"><strong>Miejski stojak do roweru B-06.60.b<\/strong> jest dedykowany przede wszystkim do miejskich klasycznych przestrzeni w stylu retro. Jego eleganckie i solidne wyko\u0144czenie sprawia, \u017ce stojak spe\u0142ni zar\u00f3wno swoj\u0105 podstawow\u0105 funkcj\u0119, jak i b\u0119dzie stanowi\u0107 atrakcyjny wizualnie miejski mebel. W stojaku zosta\u0142a estetycznie wspawana poprzeczna blacha z miejscem na logo. Monta\u017c stojaka jest bardzo \u0142atwy i polega wy\u0142\u0105cznie na zabetonowaniu.<\/span><\/p>\n<p><span lang=\"pl-PL\">Proste w formie, klasyczne stojaki rowerowe\u00a0od <a href=\"\/fr\/?wmc-currency=EUR\">MORIA DESIGN<\/a> s\u0105 rekomendowanym produktem do stosowania w przestrzeniach obj\u0119tych ochron\u0105 konserwatorsk\u0105. \u0141atwe w monta\u017cu i wysoce odporne na korozj\u0119 oraz warunki atmosferyczne, doskonale sprawdzaj\u0105 si\u0119 w miejskich strefach rewitalizacji. Polecamy zakup naszych miejskich, retro stojak\u00f3w rowerowych, to sprawdzone rozwi\u0105zanie!<\/span><\/p>\n<\/details>","protected":false},"excerpt":{"rendered":"<p>Cechy i zalety: wykonany ze stali (rura + blacha z logo + kula \u017celiwna) &gt;\u00a0wieczny; zastosowana \u017celiwna kula ozdobna &gt;\u00a0klasycznie ozdobiony; spos\u00f3b monta\u017cu zabetonowanie (dedykowane 30 cm rury) &gt; \u0142atwy w monta\u017cu; *ocynkowany oraz pomalowany farb\u0105 proszkow\u0105 w kolorze czarny mat (zero po\u0142ysku, drobna struktura) \u2013 zdecydowanie wy\u017csza odporno\u015b\u0107 na uszkodzenia od pow\u0142ok farb natryskowych,&#8230;<\/p>","protected":false},"featured_media":1712,"template":"","meta":{"inline_featured_image":false},"product_cat":[35],"product_tag":[60,56,64,59,55,67,63,62,57,58],"acf":[],"yoast_head":"<!-- This site is optimized with the Yoast SEO plugin v20.2 - https:\/\/yoast.com\/wordpress\/plugins\/seo\/ -->\n<title>Stojak rowerowy retro B-06.60.b [l=60 cm] - MORIA DESIGN<\/title>\n<meta name=\"description\" content=\"Klasyczny stojak rowerowy z logotypem roweru i \u017celiwnym kulistym grotem to dekoracyjny mebel rekomendowany w miejskich strefach ochrony konserwatorskiej.\" \/>\n<meta name=\"robots\" content=\"index, follow, max-snippet:-1, max-image-preview:large, max-video-preview:-1\" \/>\n<link rel=\"canonical\" href=\"https:\/\/www.moriadesign.pl\/fr\/produit\/stojak-rowerowy-retro-b-06-60-b-l60-cm\/?wmc-currency=EUR\" \/>\n<meta property=\"og:locale\" content=\"fr_FR\" \/>\n<meta property=\"og:type\" content=\"article\" \/>\n<meta property=\"og:title\" content=\"Stojak rowerowy retro B-06.60.b [l=60 cm] - MORIA DESIGN\" \/>\n<meta property=\"og:description\" content=\"Klasyczny stojak rowerowy z logotypem roweru i \u017celiwnym kulistym grotem to dekoracyjny mebel rekomendowany w miejskich strefach ochrony konserwatorskiej.\" \/>\n<meta property=\"og:url\" content=\"https:\/\/www.moriadesign.pl\/fr\/produit\/stojak-rowerowy-retro-b-06-60-b-l60-cm\/?wmc-currency=EUR\" \/>\n<meta property=\"og:site_name\" content=\"MORIA DESIGN\" \/>\n<meta property=\"article:modified_time\" content=\"2026-04-03T09:08:10+00:00\" \/>\n<meta property=\"og:image\" content=\"https:\/\/www.moriadesign.pl\/wp-content\/uploads\/2022\/12\/B-06.60.b_1-stojaki-rowerowe-do-miejskich-stref-ochrony-konserwatorskiej.png\" \/>\n\t<meta property=\"og:image:width\" content=\"1600\" \/>\n\t<meta property=\"og:image:height\" content=\"1600\" \/>\n\t<meta property=\"og:image:type\" content=\"image\/png\" \/>\n<meta name=\"twitter:card\" content=\"summary_large_image\" \/>\n<meta name=\"twitter:label1\" content=\"Dur\u00e9e de lecture estim\u00e9e\" \/>\n\t<meta name=\"twitter:data1\" content=\"2 minutes\" \/>\n<script type=\"application\/ld+json\" class=\"yoast-schema-graph\">{\"@context\":\"https:\/\/schema.org\",\"@graph\":[{\"@type\":\"WebPage\",\"@id\":\"https:\/\/www.moriadesign.pl\/produkt\/stojak-rowerowy-retro-b-06-60-b-l60-cm\/\",\"url\":\"https:\/\/www.moriadesign.pl\/produkt\/stojak-rowerowy-retro-b-06-60-b-l60-cm\/\",\"name\":\"Stojak rowerowy retro B-06.60.b [l=60 cm] - MORIA DESIGN\",\"isPartOf\":{\"@id\":\"https:\/\/www.moriadesign.pl\/#website\"},\"datePublished\":\"2023-01-02T13:21:33+00:00\",\"dateModified\":\"2026-04-03T09:08:10+00:00\",\"description\":\"Klasyczny stojak rowerowy z logotypem roweru i \u017celiwnym kulistym grotem to dekoracyjny mebel rekomendowany w miejskich strefach ochrony konserwatorskiej.\",\"breadcrumb\":{\"@id\":\"https:\/\/www.moriadesign.pl\/produkt\/stojak-rowerowy-retro-b-06-60-b-l60-cm\/#breadcrumb\"},\"inLanguage\":\"fr-FR\",\"potentialAction\":[{\"@type\":\"ReadAction\",\"target\":[\"https:\/\/www.moriadesign.pl\/produkt\/stojak-rowerowy-retro-b-06-60-b-l60-cm\/\"]}]},{\"@type\":\"BreadcrumbList\",\"@id\":\"https:\/\/www.moriadesign.pl\/produkt\/stojak-rowerowy-retro-b-06-60-b-l60-cm\/#breadcrumb\",\"itemListElement\":[{\"@type\":\"ListItem\",\"position\":1,\"name\":\"Strona g\u0142\u00f3wna\",\"item\":\"https:\/\/www.moriadesign.pl\/\"},{\"@type\":\"ListItem\",\"position\":2,\"name\":\"Sklep\",\"item\":\"https:\/\/www.moriadesign.pl\/sklep\/\"},{\"@type\":\"ListItem\",\"position\":3,\"name\":\"Stojak rowerowy retro B-06.60.b [l=60 cm]\"}]},{\"@type\":\"WebSite\",\"@id\":\"https:\/\/www.moriadesign.pl\/#website\",\"url\":\"https:\/\/www.moriadesign.pl\/\",\"name\":\"MORIA DESIGN\",\"description\":\"okucia do mebli, domu i ogrodu\",\"potentialAction\":[{\"@type\":\"SearchAction\",\"target\":{\"@type\":\"EntryPoint\",\"urlTemplate\":\"https:\/\/www.moriadesign.pl\/?s={search_term_string}\"},\"query-input\":\"required name=search_term_string\"}],\"inLanguage\":\"fr-FR\"}]}<\/script>\n<!-- \/ Yoast SEO plugin. -->","yoast_head_json":{"title":"Stojak rowerowy retro B-06.60.b [l=60 cm] - MORIA DESIGN","description":"Klasyczny stojak rowerowy z logotypem roweru i \u017celiwnym kulistym grotem to dekoracyjny mebel rekomendowany w miejskich strefach ochrony konserwatorskiej.","robots":{"index":"index","follow":"follow","max-snippet":"max-snippet:-1","max-image-preview":"max-image-preview:large","max-video-preview":"max-video-preview:-1"},"canonical":"https:\/\/www.moriadesign.pl\/fr\/produit\/stojak-rowerowy-retro-b-06-60-b-l60-cm\/?wmc-currency=EUR","og_locale":"fr_FR","og_type":"article","og_title":"Stojak rowerowy retro B-06.60.b [l=60 cm] - MORIA DESIGN","og_description":"Klasyczny stojak rowerowy z logotypem roweru i \u017celiwnym kulistym grotem to dekoracyjny mebel rekomendowany w miejskich strefach ochrony konserwatorskiej.","og_url":"https:\/\/www.moriadesign.pl\/fr\/produit\/stojak-rowerowy-retro-b-06-60-b-l60-cm\/?wmc-currency=EUR","og_site_name":"MORIA DESIGN","article_modified_time":"2026-04-03T09:08:10+00:00","og_image":[{"width":1600,"height":1600,"url":"https:\/\/www.moriadesign.pl\/wp-content\/uploads\/2022\/12\/B-06.60.b_1-stojaki-rowerowe-do-miejskich-stref-ochrony-konserwatorskiej.png","type":"image\/png"}],"twitter_card":"summary_large_image","twitter_misc":{"Dur\u00e9e de lecture estim\u00e9e":"2 minutes"},"schema":{"@context":"https:\/\/schema.org","@graph":[{"@type":"WebPage","@id":"https:\/\/www.moriadesign.pl\/produkt\/stojak-rowerowy-retro-b-06-60-b-l60-cm\/","url":"https:\/\/www.moriadesign.pl\/produkt\/stojak-rowerowy-retro-b-06-60-b-l60-cm\/","name":"Stojak rowerowy retro B-06.60.b [l=60 cm] - MORIA DESIGN","isPartOf":{"@id":"https:\/\/www.moriadesign.pl\/#website"},"datePublished":"2023-01-02T13:21:33+00:00","dateModified":"2026-04-03T09:08:10+00:00","description":"Klasyczny stojak rowerowy z logotypem roweru i \u017celiwnym kulistym grotem to dekoracyjny mebel rekomendowany w miejskich strefach ochrony konserwatorskiej.","breadcrumb":{"@id":"https:\/\/www.moriadesign.pl\/produkt\/stojak-rowerowy-retro-b-06-60-b-l60-cm\/#breadcrumb"},"inLanguage":"fr-FR","potentialAction":[{"@type":"ReadAction","target":["https:\/\/www.moriadesign.pl\/produkt\/stojak-rowerowy-retro-b-06-60-b-l60-cm\/"]}]},{"@type":"BreadcrumbList","@id":"https:\/\/www.moriadesign.pl\/produkt\/stojak-rowerowy-retro-b-06-60-b-l60-cm\/#breadcrumb","itemListElement":[{"@type":"ListItem","position":1,"name":"Strona g\u0142\u00f3wna","item":"https:\/\/www.moriadesign.pl\/"},{"@type":"ListItem","position":2,"name":"Sklep","item":"https:\/\/www.moriadesign.pl\/sklep\/"},{"@type":"ListItem","position":3,"name":"Stojak rowerowy retro B-06.60.b [l=60 cm]"}]},{"@type":"WebSite","@id":"https:\/\/www.moriadesign.pl\/#website","url":"https:\/\/www.moriadesign.pl\/","name":"MORIA DESIGN","description":"okucia do mebli, domu i ogrodu","potentialAction":[{"@type":"SearchAction","target":{"@type":"EntryPoint","urlTemplate":"https:\/\/www.moriadesign.pl\/?s={search_term_string}"},"query-input":"required name=search_term_string"}],"inLanguage":"fr-FR"}]}},"_links":{"self":[{"href":"https:\/\/www.moriadesign.pl\/fr\/wp-json\/wp\/v2\/product\/1749"}],"collection":[{"href":"https:\/\/www.moriadesign.pl\/fr\/wp-json\/wp\/v2\/product"}],"about":[{"href":"https:\/\/www.moriadesign.pl\/fr\/wp-json\/wp\/v2\/types\/product"}],"wp:featuredmedia":[{"embeddable":true,"href":"https:\/\/www.moriadesign.pl\/fr\/wp-json\/wp\/v2\/media\/1712"}],"wp:attachment":[{"href":"https:\/\/www.moriadesign.pl\/fr\/wp-json\/wp\/v2\/media?parent=1749"}],"wp:term":[{"taxonomy":"product_cat","embeddable":true,"href":"https:\/\/www.moriadesign.pl\/fr\/wp-json\/wp\/v2\/product_cat?post=1749"},{"taxonomy":"product_tag","embeddable":true,"href":"https:\/\/www.moriadesign.pl\/fr\/wp-json\/wp\/v2\/product_tag?post=1749"}],"curies":[{"name":"wp","href":"https:\/\/api.w.org\/{rel}","templated":true}]}}