{"id":1748,"date":"2023-01-02T14:18:27","date_gmt":"2023-01-02T13:18:27","guid":{"rendered":"https:\/\/www.moriadesign.pl\/?post_type=product&#038;p=1748"},"modified":"2026-04-03T11:09:22","modified_gmt":"2026-04-03T09:09:22","slug":"stojak-rowerowy-retro-b-05-60-o-l60-cm","status":"publish","type":"product","link":"https:\/\/www.moriadesign.pl\/fr\/produit\/support-de-velo-retro-b-05-60-o-l60-cm\/","title":{"rendered":"Support de v\u00e9lo r\u00e9tro B-05.60.o [l=60 cm]"},"content":{"rendered":"<h2>Caract\u00e9ristiques et avantages :<\/h2>\n<ul>\n<li>en acier (tube + raccords en fonte) &gt;\u00a0<b>perp\u00e9tuel<\/b>;<\/li>\n<li>Boule en fonte d\u00e9corative et bandes en fonte d\u00e9corative d'occasion &gt;\u00a0<b>d\u00e9cor\u00e9e de fa\u00e7on classique<\/b>;<\/li>\n<li>m\u00e9thode d'installation - b\u00e9tonnage (30 cm de tuyau s'\u00e9tendent sous les bandes) &gt;\u00a0<b>facile \u00e0 installer<\/b>;<\/li>\n<li>*Galvanis\u00e9 et peint par poudrage en noir mat (z\u00e9ro brillance, structure fine) - beaucoup plus r\u00e9sistant aux dommages que les peintures par pulv\u00e9risation, les peintures par poudrage sont totalement s\u00fbres pour l'homme et l'environnement &gt;. <b>durable et d'une finition \u00e9l\u00e9gante ;<\/b><\/li>\n<li>dimensions : hauteur - 100 cm + 30 cm pour le b\u00e9tonnage, longueur - 60 cm, \u03a6 pipe - 60.3 mm &gt;<b>\u00a0tr\u00e8s solide<\/b>;<\/li>\n<li>fabriqu\u00e9 \u00e0 la machine &gt;\u00a0<b>r\u00e9p\u00e9titif<\/b>.<\/li>\n<\/ul>\n<p>*Une version avec rev\u00eatement en poudre est \u00e9galement disponible.<\/p>\n<h2>Application :<\/h2>\n<ul>\n<li>La conception du support permet de fixer le cadre et la roue du v\u00e9lo \u00e0 l'aide d'un c\u00e2ble de s\u00e9curit\u00e9. Il convient \u00e9galement au stationnement des scooters.<\/li>\n<\/ul>\n<details>\n<summary style=\"cursor: pointer;\">En savoir plus<\/summary>\n<h2><span lang=\"pl-PL\">B-05.60.o support de v\u00e9lo - d\u00e9coration r\u00e9tro originale<\/span><\/h2>\n<p><span lang=\"pl-PL\"><strong>Support de v\u00e9lo r\u00e9tro d\u00e9coratif mod\u00e8le B-05.60.o<\/strong>propos\u00e9e par MORIA DESIGN est une solution \u00e9prouv\u00e9e pour les espaces urbains qui ont besoin d'endroits pratiques et \u00e9l\u00e9gants pour garer les v\u00e9los et les scooters. Fabriqu\u00e9es \u00e0 partir de mat\u00e9riaux robustes, ces bornes \u00e0 deux stations se distinguent par leur design classique et r\u00e9tro. Elles sont id\u00e9ales pour les zones de r\u00e9g\u00e9n\u00e9ration, qu'elles rehaussent d'une \u00e9l\u00e9gance et d'une fonctionnalit\u00e9 subtiles.<\/span><\/p>\n<p><span lang=\"pl-PL\">Stylis\u00e9 <a href=\"https:\/\/www.moriadesign.pl\/fr\/offrir\/porte-velos\/?wmc-currency=EUR\">porte-v\u00e9los<\/a> MORIA DESIGN, c'est d'abord et avant tout un travail de haute qualit\u00e9. Le support de bicyclette propos\u00e9 est fabriqu\u00e9 \u00e0 partir d'un tube m\u00e9tallique solide d'un diam\u00e8tre de 60,3 mm et d'une \u00e9paisseur de paroi de 2,9 mm, ce qui garantit sa durabilit\u00e9 et sa r\u00e9sistance aux dommages. Le massif fer de lance sph\u00e9rique en fonte ainsi que les lourdes bandes en fonte soulignent la massivit\u00e9 et l'\u00e9l\u00e9gance de la b\u00e9quille. Les stands sont disponibles en version galvanis\u00e9e ou avec rev\u00eatement en poudre, ce qui leur conf\u00e8re une grande r\u00e9sistance aux conditions m\u00e9t\u00e9orologiques.<\/span><\/p>\n<p><span lang=\"pl-PL\"><strong>Supports r\u00e9tro mod\u00e8le B-05.60.o<\/strong> Ils s'int\u00e8grent parfaitement aux espaces urbains dans un style classique et r\u00e9tro. Gr\u00e2ce \u00e0 des mat\u00e9riaux \u00e9l\u00e9gants et robustes et \u00e0 une fabrication esth\u00e9tique, ces supports ne remplissent pas seulement leur fonction premi\u00e8re, mais constituent avant tout un \u00e9l\u00e9ment d\u00e9coratif du paysage urbain. Vous pouvez facilement installer le support en b\u00e9tonnant les tubes de 30 cm pr\u00e9vus \u00e0 cet effet sous la surface du sol.<\/span><\/p>\n<p><span lang=\"pl-PL\"><strong>Supports robustes pour bicyclettes B-05.60.o<\/strong>\u00a0de <a href=\"\/fr\/?wmc-currency=EUR\">MORIA DESIGN<\/a> est une solution recommand\u00e9e pour les villes qui cherchent \u00e0 installer des espaces de stationnement pour v\u00e9los durables, pratiques et \u00e9l\u00e9gants. Faciles \u00e0 installer, r\u00e9sistants \u00e0 la corrosion et aux intemp\u00e9ries, ces supports de v\u00e9los d\u00e9coratifs peuvent \u00eatre un achat que vous appr\u00e9cierez pendant des ann\u00e9es. Nous vous encourageons \u00e0 acheter des supports \u00e0 v\u00e9los originaux, classiques et r\u00e9tro qui am\u00e9lioreront certainement l'esth\u00e9tique et la fonctionnalit\u00e9 de notre espace urbain.<\/span><\/p>\n<\/details>","protected":false},"excerpt":{"rendered":"<p>Cechy i zalety: wykonany ze stali (rura + okucia \u017celiwne) &gt;\u00a0wieczny; zastosowana \u017celiwna kula ozdobna oraz\u00a0ozdobne opaski \u017celiwne &gt;\u00a0klasycznie ozdobiony; spos\u00f3b monta\u017cu &#8211; zabetonowanie (30 cm rury wystaje poni\u017cej opasek) &gt;\u00a0\u0142atwy w monta\u017cu; *ocynkowany oraz pomalowany farb\u0105 proszkow\u0105 w kolorze czarny mat (zero po\u0142ysku, drobna struktura) \u2013 zdecydowanie wy\u017csza odporno\u015b\u0107 na uszkodzenia od pow\u0142ok farb&#8230;<\/p>","protected":false},"featured_media":1710,"template":"","meta":{"inline_featured_image":false},"product_cat":[35],"product_tag":[61,60,56,64,59,55,63,62,57,58],"acf":[],"yoast_head":"<!-- This site is optimized with the Yoast SEO plugin v20.2 - https:\/\/yoast.com\/wordpress\/plugins\/seo\/ -->\n<title>Stojak rowerowy retro B-05.60.o [l=60 cm] - MORIA DESIGN<\/title>\n<meta name=\"description\" content=\"Dekoracyjne retro stojaki rowerowe z \u017celiwnymi okuciami. Idealne do parkowania rower\u00f3w przed kamienic\u0105, na starym mie\u015bcie. Jako\u015b\u0107 premium, szybka wysy\u0142ka!\" \/>\n<meta name=\"robots\" content=\"index, follow, max-snippet:-1, max-image-preview:large, max-video-preview:-1\" \/>\n<link rel=\"canonical\" href=\"https:\/\/www.moriadesign.pl\/fr\/produit\/support-de-velo-retro-b-05-60-o-l60-cm\/?wmc-currency=EUR\" \/>\n<meta property=\"og:locale\" content=\"fr_FR\" \/>\n<meta property=\"og:type\" content=\"article\" \/>\n<meta property=\"og:title\" content=\"Stojak rowerowy retro B-05.60.o [l=60 cm] - MORIA DESIGN\" \/>\n<meta property=\"og:description\" content=\"Dekoracyjne retro stojaki rowerowe z \u017celiwnymi okuciami. Idealne do parkowania rower\u00f3w przed kamienic\u0105, na starym mie\u015bcie. Jako\u015b\u0107 premium, szybka wysy\u0142ka!\" \/>\n<meta property=\"og:url\" content=\"https:\/\/www.moriadesign.pl\/fr\/produit\/support-de-velo-retro-b-05-60-o-l60-cm\/?wmc-currency=EUR\" \/>\n<meta property=\"og:site_name\" content=\"MORIA DESIGN\" \/>\n<meta property=\"article:modified_time\" content=\"2026-04-03T09:09:22+00:00\" \/>\n<meta property=\"og:image\" content=\"https:\/\/www.moriadesign.pl\/wp-content\/uploads\/2022\/12\/B-05.60.o_1-stojak-rowerowy-z-zeliwnymi-opaskami-i-grotem-kulistym.png\" \/>\n\t<meta property=\"og:image:width\" content=\"1600\" \/>\n\t<meta property=\"og:image:height\" content=\"1600\" \/>\n\t<meta property=\"og:image:type\" content=\"image\/png\" \/>\n<meta name=\"twitter:card\" content=\"summary_large_image\" \/>\n<meta name=\"twitter:label1\" content=\"Dur\u00e9e de lecture estim\u00e9e\" \/>\n\t<meta name=\"twitter:data1\" content=\"2 minutes\" \/>\n<script type=\"application\/ld+json\" class=\"yoast-schema-graph\">{\"@context\":\"https:\/\/schema.org\",\"@graph\":[{\"@type\":\"WebPage\",\"@id\":\"https:\/\/www.moriadesign.pl\/produkt\/stojak-rowerowy-retro-b-05-60-o-l60-cm\/\",\"url\":\"https:\/\/www.moriadesign.pl\/produkt\/stojak-rowerowy-retro-b-05-60-o-l60-cm\/\",\"name\":\"Stojak rowerowy retro B-05.60.o [l=60 cm] - MORIA DESIGN\",\"isPartOf\":{\"@id\":\"https:\/\/www.moriadesign.pl\/#website\"},\"datePublished\":\"2023-01-02T13:18:27+00:00\",\"dateModified\":\"2026-04-03T09:09:22+00:00\",\"description\":\"Dekoracyjne retro stojaki rowerowe z \u017celiwnymi okuciami. Idealne do parkowania rower\u00f3w przed kamienic\u0105, na starym mie\u015bcie. Jako\u015b\u0107 premium, szybka wysy\u0142ka!\",\"breadcrumb\":{\"@id\":\"https:\/\/www.moriadesign.pl\/produkt\/stojak-rowerowy-retro-b-05-60-o-l60-cm\/#breadcrumb\"},\"inLanguage\":\"fr-FR\",\"potentialAction\":[{\"@type\":\"ReadAction\",\"target\":[\"https:\/\/www.moriadesign.pl\/produkt\/stojak-rowerowy-retro-b-05-60-o-l60-cm\/\"]}]},{\"@type\":\"BreadcrumbList\",\"@id\":\"https:\/\/www.moriadesign.pl\/produkt\/stojak-rowerowy-retro-b-05-60-o-l60-cm\/#breadcrumb\",\"itemListElement\":[{\"@type\":\"ListItem\",\"position\":1,\"name\":\"Strona g\u0142\u00f3wna\",\"item\":\"https:\/\/www.moriadesign.pl\/\"},{\"@type\":\"ListItem\",\"position\":2,\"name\":\"Sklep\",\"item\":\"https:\/\/www.moriadesign.pl\/sklep\/\"},{\"@type\":\"ListItem\",\"position\":3,\"name\":\"Stojak rowerowy retro B-05.60.o [l=60 cm]\"}]},{\"@type\":\"WebSite\",\"@id\":\"https:\/\/www.moriadesign.pl\/#website\",\"url\":\"https:\/\/www.moriadesign.pl\/\",\"name\":\"MORIA DESIGN\",\"description\":\"okucia do mebli, domu i ogrodu\",\"potentialAction\":[{\"@type\":\"SearchAction\",\"target\":{\"@type\":\"EntryPoint\",\"urlTemplate\":\"https:\/\/www.moriadesign.pl\/?s={search_term_string}\"},\"query-input\":\"required name=search_term_string\"}],\"inLanguage\":\"fr-FR\"}]}<\/script>\n<!-- \/ Yoast SEO plugin. -->","yoast_head_json":{"title":"Stojak rowerowy retro B-05.60.o [l=60 cm] - MORIA DESIGN","description":"Dekoracyjne retro stojaki rowerowe z \u017celiwnymi okuciami. Idealne do parkowania rower\u00f3w przed kamienic\u0105, na starym mie\u015bcie. Jako\u015b\u0107 premium, szybka wysy\u0142ka!","robots":{"index":"index","follow":"follow","max-snippet":"max-snippet:-1","max-image-preview":"max-image-preview:large","max-video-preview":"max-video-preview:-1"},"canonical":"https:\/\/www.moriadesign.pl\/fr\/produit\/support-de-velo-retro-b-05-60-o-l60-cm\/?wmc-currency=EUR","og_locale":"fr_FR","og_type":"article","og_title":"Stojak rowerowy retro B-05.60.o [l=60 cm] - MORIA DESIGN","og_description":"Dekoracyjne retro stojaki rowerowe z \u017celiwnymi okuciami. Idealne do parkowania rower\u00f3w przed kamienic\u0105, na starym mie\u015bcie. Jako\u015b\u0107 premium, szybka wysy\u0142ka!","og_url":"https:\/\/www.moriadesign.pl\/fr\/produit\/support-de-velo-retro-b-05-60-o-l60-cm\/?wmc-currency=EUR","og_site_name":"MORIA DESIGN","article_modified_time":"2026-04-03T09:09:22+00:00","og_image":[{"width":1600,"height":1600,"url":"https:\/\/www.moriadesign.pl\/wp-content\/uploads\/2022\/12\/B-05.60.o_1-stojak-rowerowy-z-zeliwnymi-opaskami-i-grotem-kulistym.png","type":"image\/png"}],"twitter_card":"summary_large_image","twitter_misc":{"Dur\u00e9e de lecture estim\u00e9e":"2 minutes"},"schema":{"@context":"https:\/\/schema.org","@graph":[{"@type":"WebPage","@id":"https:\/\/www.moriadesign.pl\/produkt\/stojak-rowerowy-retro-b-05-60-o-l60-cm\/","url":"https:\/\/www.moriadesign.pl\/produkt\/stojak-rowerowy-retro-b-05-60-o-l60-cm\/","name":"Stojak rowerowy retro B-05.60.o [l=60 cm] - MORIA DESIGN","isPartOf":{"@id":"https:\/\/www.moriadesign.pl\/#website"},"datePublished":"2023-01-02T13:18:27+00:00","dateModified":"2026-04-03T09:09:22+00:00","description":"Dekoracyjne retro stojaki rowerowe z \u017celiwnymi okuciami. Idealne do parkowania rower\u00f3w przed kamienic\u0105, na starym mie\u015bcie. Jako\u015b\u0107 premium, szybka wysy\u0142ka!","breadcrumb":{"@id":"https:\/\/www.moriadesign.pl\/produkt\/stojak-rowerowy-retro-b-05-60-o-l60-cm\/#breadcrumb"},"inLanguage":"fr-FR","potentialAction":[{"@type":"ReadAction","target":["https:\/\/www.moriadesign.pl\/produkt\/stojak-rowerowy-retro-b-05-60-o-l60-cm\/"]}]},{"@type":"BreadcrumbList","@id":"https:\/\/www.moriadesign.pl\/produkt\/stojak-rowerowy-retro-b-05-60-o-l60-cm\/#breadcrumb","itemListElement":[{"@type":"ListItem","position":1,"name":"Strona g\u0142\u00f3wna","item":"https:\/\/www.moriadesign.pl\/"},{"@type":"ListItem","position":2,"name":"Sklep","item":"https:\/\/www.moriadesign.pl\/sklep\/"},{"@type":"ListItem","position":3,"name":"Stojak rowerowy retro B-05.60.o [l=60 cm]"}]},{"@type":"WebSite","@id":"https:\/\/www.moriadesign.pl\/#website","url":"https:\/\/www.moriadesign.pl\/","name":"MORIA DESIGN","description":"okucia do mebli, domu i ogrodu","potentialAction":[{"@type":"SearchAction","target":{"@type":"EntryPoint","urlTemplate":"https:\/\/www.moriadesign.pl\/?s={search_term_string}"},"query-input":"required name=search_term_string"}],"inLanguage":"fr-FR"}]}},"_links":{"self":[{"href":"https:\/\/www.moriadesign.pl\/fr\/wp-json\/wp\/v2\/product\/1748"}],"collection":[{"href":"https:\/\/www.moriadesign.pl\/fr\/wp-json\/wp\/v2\/product"}],"about":[{"href":"https:\/\/www.moriadesign.pl\/fr\/wp-json\/wp\/v2\/types\/product"}],"wp:featuredmedia":[{"embeddable":true,"href":"https:\/\/www.moriadesign.pl\/fr\/wp-json\/wp\/v2\/media\/1710"}],"wp:attachment":[{"href":"https:\/\/www.moriadesign.pl\/fr\/wp-json\/wp\/v2\/media?parent=1748"}],"wp:term":[{"taxonomy":"product_cat","embeddable":true,"href":"https:\/\/www.moriadesign.pl\/fr\/wp-json\/wp\/v2\/product_cat?post=1748"},{"taxonomy":"product_tag","embeddable":true,"href":"https:\/\/www.moriadesign.pl\/fr\/wp-json\/wp\/v2\/product_tag?post=1748"}],"curies":[{"name":"wp","href":"https:\/\/api.w.org\/{rel}","templated":true}]}}