{"id":1745,"date":"2023-01-02T14:05:32","date_gmt":"2023-01-02T13:05:32","guid":{"rendered":"https:\/\/www.moriadesign.pl\/?post_type=product&#038;p=1745"},"modified":"2026-04-03T11:12:03","modified_gmt":"2026-04-03T09:12:03","slug":"stojak-rowerowy-retro-b-05-60-b-l60-cm","status":"publish","type":"product","link":"https:\/\/www.moriadesign.pl\/fr\/produit\/support-de-velo-retro-b-05-60-b-l60-cm\/","title":{"rendered":"Support de v\u00e9lo r\u00e9tro B-05.60.b [l=60 cm]"},"content":{"rendered":"<h2>Caract\u00e9ristiques et avantages :<\/h2>\n<ul>\n<li>en acier (tube + boule en fonte) &gt;\u00a0<b>perp\u00e9tuel<\/b>;<\/li>\n<li>boule ornementale en fonte utilis\u00e9e &gt;\u00a0<b>d\u00e9cor\u00e9e de fa\u00e7on classique<\/b>;<\/li>\n<li>mode d'installation b\u00e9ton (tuyau d\u00e9di\u00e9 de 30 cm) &gt; <b>facile \u00e0 installer<\/b>;<\/li>\n<li>*Galvanis\u00e9 et peint par poudrage en noir mat (z\u00e9ro brillance, structure fine) - beaucoup plus r\u00e9sistant aux dommages que les peintures par pulv\u00e9risation, les peintures par poudrage sont totalement s\u00fbres pour l'homme et l'environnement &gt;. <b>durable et d'une finition \u00e9l\u00e9gante ;<\/b><\/li>\n<li>dimensions : hauteur - 100 cm + 30 cm pour le b\u00e9tonnage, longueur - 60 cm, \u03a6 pipe - 60.3 mm &gt;<b>\u00a0tr\u00e8s solide<\/b>;<\/li>\n<li>fabriqu\u00e9 \u00e0 la machine &gt;\u00a0<b>r\u00e9p\u00e9titif<\/b>.<\/li>\n<\/ul>\n<p>*Une version avec rev\u00eatement en poudre est \u00e9galement disponible.<\/p>\n<h2>Application :<\/h2>\n<ul>\n<li>La conception du support permet de fixer le cadre et la roue du v\u00e9lo \u00e0 l'aide d'un c\u00e2ble de s\u00e9curit\u00e9. Il convient \u00e9galement au stationnement des scooters.<\/li>\n<\/ul>\n<details>\n<summary style=\"cursor: pointer;\">En savoir plus<\/summary>\n<h2><span lang=\"pl-PL\">B-05.60.b support de v\u00e9lo - support de v\u00e9lo original de style r\u00e9tro<\/span><\/h2>\n<p><span lang=\"pl-PL\"><strong>Support de v\u00e9lo r\u00e9tro original mod\u00e8le B-05.60.b<\/strong>que vous trouverez chez MORIA DESIGN, sont la solution parfaite pour les espaces urbains qui ont besoin d'endroits pratiques et \u00e9l\u00e9gants pour garer les v\u00e9los et les scooters. Fabriqu\u00e9s \u00e0 partir de mat\u00e9riaux robustes, ces supports \u00e0 deux pieds se distinguent par leur design classique et r\u00e9tro. Ils sont id\u00e9aux pour les zones de r\u00e9g\u00e9n\u00e9ration, qu'ils compl\u00e8tent avec l'\u00e9l\u00e9gance et la fonctionnalit\u00e9 souhait\u00e9es.<\/span><\/p>\n<p><span lang=\"pl-PL\">Stylis\u00e9 <a href=\"https:\/\/www.moriadesign.pl\/fr\/offrir\/porte-velos\/?wmc-currency=EUR\">porte-v\u00e9los<\/a> Les produits MORIA DESIGN se caract\u00e9risent par leur qualit\u00e9 de fabrication. Le mod\u00e8le de stand pr\u00e9sent\u00e9 est fabriqu\u00e9 \u00e0 partir d'un tube m\u00e9tallique solide d'un diam\u00e8tre de 60,3 mm et d'une \u00e9paisseur de paroi de 2,9 mm, ce qui garantit sa durabilit\u00e9 et sa r\u00e9sistance aux dommages. Le massif fer de lance sph\u00e9rique en fonte souligne la massivit\u00e9 et l'\u00e9l\u00e9gance du stand. Les stands sont disponibles en version galvanis\u00e9e ou avec un rev\u00eatement en poudre pour une meilleure r\u00e9sistance aux intemp\u00e9ries.<\/span><\/p>\n<p><span lang=\"pl-PL\"><strong>Supports r\u00e9tro mod\u00e8le B-05.60.b<\/strong>Le design de ces supports de v\u00e9los r\u00e9tro s'int\u00e8gre parfaitement aux espaces urbains dans un style classique. Avec une finition \u00e9l\u00e9gante et une fabrication solide, ces supports remplissent non seulement leur fonction premi\u00e8re, mais ajoutent \u00e9galement un \u00e9l\u00e9ment esth\u00e9tique au paysage urbain. Vous pouvez facilement installer le support en b\u00e9tonnant les tubes d\u00e9di\u00e9s de 30 cm sous la surface du sol.<\/span><\/p>\n<p><span lang=\"pl-PL\"><strong>Supports de bicyclettes robustes B-05.60.b<\/strong> de <a href=\"\/fr\/?wmc-currency=EUR\">MORIA DESIGN<\/a> sont la solution id\u00e9ale pour les villes qui cherchent un moyen de fournir des espaces de stationnement pour v\u00e9los durables, pratiques et \u00e9l\u00e9gants. Faciles \u00e0 installer, r\u00e9sistants \u00e0 la corrosion et aux intemp\u00e9ries, ces supports de v\u00e9los r\u00e9tro peuvent \u00eatre un achat que vous appr\u00e9cierez pendant des ann\u00e9es. Nous vous encourageons \u00e0 acheter des supports \u00e0 v\u00e9los originaux et classiques qui ne manqueront pas d'am\u00e9liorer l'esth\u00e9tique et la fonctionnalit\u00e9 de notre espace urbain.<\/span><\/p>\n<\/details>","protected":false},"excerpt":{"rendered":"<p>Cechy i zalety: wykonany ze stali (rura + kula \u017celiwna) &gt;\u00a0wieczny; zastosowana \u017celiwna kula ozdobna &gt;\u00a0klasycznie ozdobiony; spos\u00f3b monta\u017cu zabetonowanie (dedykowane 30 cm rury) &gt; \u0142atwy w monta\u017cu; *ocynkowany oraz pomalowany farb\u0105 proszkow\u0105 w kolorze czarny mat (zero po\u0142ysku, drobna struktura) \u2013 zdecydowanie wy\u017csza odporno\u015b\u0107 na uszkodzenia od pow\u0142ok farb natryskowych, farby proszkowe s\u0105 w&#8230;<\/p>","protected":false},"featured_media":1705,"template":"","meta":{"inline_featured_image":false},"product_cat":[35],"product_tag":[60,56,64,59,55,67,63,62,57,58],"acf":[],"yoast_head":"<!-- This site is optimized with the Yoast SEO plugin v20.2 - https:\/\/yoast.com\/wordpress\/plugins\/seo\/ -->\n<title>Stojak rowerowy retro B-05.60.b [l=60 cm] - MORIA DESIGN<\/title>\n<meta name=\"description\" content=\"Oryginalny stojak rowerowy w stylu retro z \u017celiwnymi okuciami. \u015awietny do zrewitalizowanych \u015br\u00f3dmiejskich przestrzeni. Jako\u015b\u0107 premium, szybka wysy\u0142ka!\" \/>\n<meta name=\"robots\" content=\"index, follow, max-snippet:-1, max-image-preview:large, max-video-preview:-1\" \/>\n<link rel=\"canonical\" href=\"https:\/\/www.moriadesign.pl\/fr\/produit\/support-de-velo-retro-b-05-60-b-l60-cm\/?wmc-currency=EUR\" \/>\n<meta property=\"og:locale\" content=\"fr_FR\" \/>\n<meta property=\"og:type\" content=\"article\" \/>\n<meta property=\"og:title\" content=\"Stojak rowerowy retro B-05.60.b [l=60 cm] - MORIA DESIGN\" \/>\n<meta property=\"og:description\" content=\"Oryginalny stojak rowerowy w stylu retro z \u017celiwnymi okuciami. \u015awietny do zrewitalizowanych \u015br\u00f3dmiejskich przestrzeni. Jako\u015b\u0107 premium, szybka wysy\u0142ka!\" \/>\n<meta property=\"og:url\" content=\"https:\/\/www.moriadesign.pl\/fr\/produit\/support-de-velo-retro-b-05-60-b-l60-cm\/?wmc-currency=EUR\" \/>\n<meta property=\"og:site_name\" content=\"MORIA DESIGN\" \/>\n<meta property=\"article:modified_time\" content=\"2026-04-03T09:12:03+00:00\" \/>\n<meta property=\"og:image\" content=\"https:\/\/www.moriadesign.pl\/wp-content\/uploads\/2022\/12\/B-05.60.b_1-dekoracyjny-metalowy-stojak-rowerowy-do-zabetonowania.png\" \/>\n\t<meta property=\"og:image:width\" content=\"1600\" \/>\n\t<meta property=\"og:image:height\" content=\"1600\" \/>\n\t<meta property=\"og:image:type\" content=\"image\/png\" \/>\n<meta name=\"twitter:card\" content=\"summary_large_image\" \/>\n<meta name=\"twitter:label1\" content=\"Dur\u00e9e de lecture estim\u00e9e\" \/>\n\t<meta name=\"twitter:data1\" content=\"2 minutes\" \/>\n<script type=\"application\/ld+json\" class=\"yoast-schema-graph\">{\"@context\":\"https:\/\/schema.org\",\"@graph\":[{\"@type\":\"WebPage\",\"@id\":\"https:\/\/www.moriadesign.pl\/produkt\/stojak-rowerowy-retro-b-05-60-b-l60-cm\/\",\"url\":\"https:\/\/www.moriadesign.pl\/produkt\/stojak-rowerowy-retro-b-05-60-b-l60-cm\/\",\"name\":\"Stojak rowerowy retro B-05.60.b [l=60 cm] - MORIA DESIGN\",\"isPartOf\":{\"@id\":\"https:\/\/www.moriadesign.pl\/#website\"},\"datePublished\":\"2023-01-02T13:05:32+00:00\",\"dateModified\":\"2026-04-03T09:12:03+00:00\",\"description\":\"Oryginalny stojak rowerowy w stylu retro z \u017celiwnymi okuciami. \u015awietny do zrewitalizowanych \u015br\u00f3dmiejskich przestrzeni. Jako\u015b\u0107 premium, szybka wysy\u0142ka!\",\"breadcrumb\":{\"@id\":\"https:\/\/www.moriadesign.pl\/produkt\/stojak-rowerowy-retro-b-05-60-b-l60-cm\/#breadcrumb\"},\"inLanguage\":\"fr-FR\",\"potentialAction\":[{\"@type\":\"ReadAction\",\"target\":[\"https:\/\/www.moriadesign.pl\/produkt\/stojak-rowerowy-retro-b-05-60-b-l60-cm\/\"]}]},{\"@type\":\"BreadcrumbList\",\"@id\":\"https:\/\/www.moriadesign.pl\/produkt\/stojak-rowerowy-retro-b-05-60-b-l60-cm\/#breadcrumb\",\"itemListElement\":[{\"@type\":\"ListItem\",\"position\":1,\"name\":\"Strona g\u0142\u00f3wna\",\"item\":\"https:\/\/www.moriadesign.pl\/\"},{\"@type\":\"ListItem\",\"position\":2,\"name\":\"Sklep\",\"item\":\"https:\/\/www.moriadesign.pl\/sklep\/\"},{\"@type\":\"ListItem\",\"position\":3,\"name\":\"Stojak rowerowy retro B-05.60.b [l=60 cm]\"}]},{\"@type\":\"WebSite\",\"@id\":\"https:\/\/www.moriadesign.pl\/#website\",\"url\":\"https:\/\/www.moriadesign.pl\/\",\"name\":\"MORIA DESIGN\",\"description\":\"okucia do mebli, domu i ogrodu\",\"potentialAction\":[{\"@type\":\"SearchAction\",\"target\":{\"@type\":\"EntryPoint\",\"urlTemplate\":\"https:\/\/www.moriadesign.pl\/?s={search_term_string}\"},\"query-input\":\"required name=search_term_string\"}],\"inLanguage\":\"fr-FR\"}]}<\/script>\n<!-- \/ Yoast SEO plugin. -->","yoast_head_json":{"title":"Stojak rowerowy retro B-05.60.b [l=60 cm] - MORIA DESIGN","description":"Oryginalny stojak rowerowy w stylu retro z \u017celiwnymi okuciami. \u015awietny do zrewitalizowanych \u015br\u00f3dmiejskich przestrzeni. Jako\u015b\u0107 premium, szybka wysy\u0142ka!","robots":{"index":"index","follow":"follow","max-snippet":"max-snippet:-1","max-image-preview":"max-image-preview:large","max-video-preview":"max-video-preview:-1"},"canonical":"https:\/\/www.moriadesign.pl\/fr\/produit\/support-de-velo-retro-b-05-60-b-l60-cm\/?wmc-currency=EUR","og_locale":"fr_FR","og_type":"article","og_title":"Stojak rowerowy retro B-05.60.b [l=60 cm] - MORIA DESIGN","og_description":"Oryginalny stojak rowerowy w stylu retro z \u017celiwnymi okuciami. \u015awietny do zrewitalizowanych \u015br\u00f3dmiejskich przestrzeni. Jako\u015b\u0107 premium, szybka wysy\u0142ka!","og_url":"https:\/\/www.moriadesign.pl\/fr\/produit\/support-de-velo-retro-b-05-60-b-l60-cm\/?wmc-currency=EUR","og_site_name":"MORIA DESIGN","article_modified_time":"2026-04-03T09:12:03+00:00","og_image":[{"width":1600,"height":1600,"url":"https:\/\/www.moriadesign.pl\/wp-content\/uploads\/2022\/12\/B-05.60.b_1-dekoracyjny-metalowy-stojak-rowerowy-do-zabetonowania.png","type":"image\/png"}],"twitter_card":"summary_large_image","twitter_misc":{"Dur\u00e9e de lecture estim\u00e9e":"2 minutes"},"schema":{"@context":"https:\/\/schema.org","@graph":[{"@type":"WebPage","@id":"https:\/\/www.moriadesign.pl\/produkt\/stojak-rowerowy-retro-b-05-60-b-l60-cm\/","url":"https:\/\/www.moriadesign.pl\/produkt\/stojak-rowerowy-retro-b-05-60-b-l60-cm\/","name":"Stojak rowerowy retro B-05.60.b [l=60 cm] - MORIA DESIGN","isPartOf":{"@id":"https:\/\/www.moriadesign.pl\/#website"},"datePublished":"2023-01-02T13:05:32+00:00","dateModified":"2026-04-03T09:12:03+00:00","description":"Oryginalny stojak rowerowy w stylu retro z \u017celiwnymi okuciami. \u015awietny do zrewitalizowanych \u015br\u00f3dmiejskich przestrzeni. Jako\u015b\u0107 premium, szybka wysy\u0142ka!","breadcrumb":{"@id":"https:\/\/www.moriadesign.pl\/produkt\/stojak-rowerowy-retro-b-05-60-b-l60-cm\/#breadcrumb"},"inLanguage":"fr-FR","potentialAction":[{"@type":"ReadAction","target":["https:\/\/www.moriadesign.pl\/produkt\/stojak-rowerowy-retro-b-05-60-b-l60-cm\/"]}]},{"@type":"BreadcrumbList","@id":"https:\/\/www.moriadesign.pl\/produkt\/stojak-rowerowy-retro-b-05-60-b-l60-cm\/#breadcrumb","itemListElement":[{"@type":"ListItem","position":1,"name":"Strona g\u0142\u00f3wna","item":"https:\/\/www.moriadesign.pl\/"},{"@type":"ListItem","position":2,"name":"Sklep","item":"https:\/\/www.moriadesign.pl\/sklep\/"},{"@type":"ListItem","position":3,"name":"Stojak rowerowy retro B-05.60.b [l=60 cm]"}]},{"@type":"WebSite","@id":"https:\/\/www.moriadesign.pl\/#website","url":"https:\/\/www.moriadesign.pl\/","name":"MORIA DESIGN","description":"okucia do mebli, domu i ogrodu","potentialAction":[{"@type":"SearchAction","target":{"@type":"EntryPoint","urlTemplate":"https:\/\/www.moriadesign.pl\/?s={search_term_string}"},"query-input":"required name=search_term_string"}],"inLanguage":"fr-FR"}]}},"_links":{"self":[{"href":"https:\/\/www.moriadesign.pl\/fr\/wp-json\/wp\/v2\/product\/1745"}],"collection":[{"href":"https:\/\/www.moriadesign.pl\/fr\/wp-json\/wp\/v2\/product"}],"about":[{"href":"https:\/\/www.moriadesign.pl\/fr\/wp-json\/wp\/v2\/types\/product"}],"wp:featuredmedia":[{"embeddable":true,"href":"https:\/\/www.moriadesign.pl\/fr\/wp-json\/wp\/v2\/media\/1705"}],"wp:attachment":[{"href":"https:\/\/www.moriadesign.pl\/fr\/wp-json\/wp\/v2\/media?parent=1745"}],"wp:term":[{"taxonomy":"product_cat","embeddable":true,"href":"https:\/\/www.moriadesign.pl\/fr\/wp-json\/wp\/v2\/product_cat?post=1745"},{"taxonomy":"product_tag","embeddable":true,"href":"https:\/\/www.moriadesign.pl\/fr\/wp-json\/wp\/v2\/product_tag?post=1745"}],"curies":[{"name":"wp","href":"https:\/\/api.w.org\/{rel}","templated":true}]}}