{"id":1741,"date":"2023-01-02T13:40:19","date_gmt":"2023-01-02T12:40:19","guid":{"rendered":"https:\/\/www.moriadesign.pl\/?post_type=product&#038;p=1741"},"modified":"2026-04-03T11:20:13","modified_gmt":"2026-04-03T09:20:13","slug":"stojak-rowerowy-retro-b-03-60-o-l80-cm","status":"publish","type":"product","link":"https:\/\/www.moriadesign.pl\/fr\/produit\/stojak-rowerowy-retro-b-03-60-o-l80-cm\/","title":{"rendered":"Support de v\u00e9lo r\u00e9tro B-03.60.o [l=80 cm]"},"content":{"rendered":"<h2>Caract\u00e9ristiques et avantages :<\/h2>\n<ul>\n<li>wykonany ze stali (rura + blacha z logo + okucia \u017celiwne) &gt;\u00a0<b>perp\u00e9tuel<\/b>;<\/li>\n<li>bandes d\u00e9coratives en fonte appliqu\u00e9es &gt;\u00a0<b>d\u00e9cor\u00e9e de fa\u00e7on classique<\/b>;<\/li>\n<li>m\u00e9thode d'installation - b\u00e9tonnage (30 cm de tuyau s'\u00e9tendent sous les bandes) &gt;\u00a0<b>facile \u00e0 installer<\/b>;<\/li>\n<li>*Galvanis\u00e9 et peint par poudrage en noir mat (z\u00e9ro brillance, structure fine) - beaucoup plus r\u00e9sistant aux dommages que les peintures par pulv\u00e9risation, les peintures par poudrage sont totalement s\u00fbres pour l'homme et l'environnement &gt;. <b>durable et d'une finition \u00e9l\u00e9gante ;<\/b><\/li>\n<li>wymiary: wysoko\u015b\u0107 &#8211; 80 cm + 30 cm do zabetonowania, d\u0142ugo\u015b\u0107 &#8211; 80 cm, grubo\u015b\u0107 blachy &#8211; 2 mm, \u03a6 rury &#8211; 60,3 mm &gt;<b>\u00a0tr\u00e8s solide<\/b>;<\/li>\n<li>fabriqu\u00e9 \u00e0 la machine &gt;\u00a0<b>r\u00e9p\u00e9titif<\/b>.<\/li>\n<\/ul>\n<p>*Une version avec rev\u00eatement en poudre est \u00e9galement disponible.<\/p>\n<h2>Application :<\/h2>\n<ul>\n<li>La conception du support permet de fixer le cadre et la roue du v\u00e9lo \u00e0 l'aide d'un c\u00e2ble de s\u00e9curit\u00e9. Il convient \u00e9galement au stationnement des scooters.<\/li>\n<\/ul>\n<details>\n<summary style=\"cursor: pointer;\">En savoir plus<\/summary>\n<h2><span lang=\"pl-PL\">Dekoracyjny stojak rowerowy, w stylu retro model B-03.60.o \u2013 solidny mebel na obszarach rewitalizacji<\/span><\/h2>\n<p><span lang=\"pl-PL\"><strong>Dekoracyjny stojak rowerowy model B-03.60.o<\/strong>, bramka typu U, ozdobiony \u017celiwnymi opaskami, to doskona\u0142y i sprawdzony spos\u00f3b na parkowanie rower\u00f3w w stylowych, niebanalnych przestrzeniach \u015br\u00f3dmiejskich. <\/span><span lang=\"pl-PL\">Ten solidny, funkcjonalny i oryginalnie wygl\u0105daj\u0105cy stojak rowerowy zosta\u0142 zaprojektowany, aby zapewni\u0107 bezpiecze\u0144stwo oraz wygod\u0119 u\u017cytkownikom rower\u00f3w, jak r\u00f3wnie\u017c hulajn\u00f3g. Zastosowanie wysokiej jako\u015bci, masywnych i certyfikowanych materia\u0142\u00f3w, sprawia, \u017ce stojak charakteryzuje si\u0119 wyj\u0105tkow\u0105 trwa\u0142o\u015bci\u0105 i jest polecany przez konserwator\u00f3w zabytk\u00f3w do instalacji w zrewitalizowanych przestrzeniach miejskich.<\/span><\/p>\n<p><span lang=\"pl-PL\"><strong>Retro stojak rowerowy typu U model B-03.60.o<\/strong> wykonany zosta\u0142 ze stalowej rury o \u015brednicy 60,3 mm i grubo\u015bci \u015bcianki 2,9 mm. Stojak posiada r\u00f3wnie\u017c estetycznie wspawan\u0105 poprzecznie blach\u0119 o grubo\u015bci 2 mm, z wyci\u0119tym logo roweru, co nadaje mu nowoczesny i oryginalny wygl\u0105d. Dodatkowo stojak wyposa\u017cony jest w dwie solidne, ozdobne opaski \u017celiwne. Dzi\u0119ki zabezpieczeniu antykorozyjnemu ca\u0142o\u015b\u0107 konstrukcji jest odporna na warunki atmosferyczne. W sta\u0142ej ofercie dost\u0119pne s\u0105 stojaki w dw\u00f3ch wersjach: stojak ocynkowany i pomalowany proszkowo, jak r\u00f3wnie\u017c: stojak pomalowany proszkowo.<\/span><\/p>\n<p><span lang=\"pl-PL\">Elegancki i stylowy, ponadczasowy wz\u00f3r dekoracyjnego stojaka rowerowego typ U sprawia, \u017ce <strong>model B-03.60.o<\/strong> jest zar\u00f3wno funkcjonalny jak i estetyczny. Proporcjonalna i klasyczna forma doskonale komponuje si\u0119 z \u015br\u00f3dmiejsk\u0105 architektur\u0105, a dost\u0119pne warianty wyko\u0144cze\u0144 umo\u017cliwiaj\u0105 \u0142atwe dopasowanie stojaka do r\u00f3\u017cnych przestrzeni. Stojak pomalowany farb\u0105 proszkow\u0105, z delikatn\u0105 struktur\u0105 w g\u0142\u0119bokim czarnym macie, doskonale pasuje do zrewitalizowanych przestrzeni miejskich. Ten model stojaka rowerowego umo\u017cliwia jednoczesne parkowanie dw\u00f3ch rower\u00f3w lub hulajn\u00f3g, kt\u00f3re mo\u017cna bezpiecznie przypi\u0105\u0107 za pomoc\u0105 \u0142a\u0144cucha, linki czy innej blokady rowerowej.<\/span><\/p>\n<p><span lang=\"pl-PL\">Podsumowuj\u0105c, stojak rowerowy typ U model B-03.60.o to solidny, bezpieczny i r\u00f3wnocze\u015bnie stylowy element ma\u0142ej architektury miejskiej, kt\u00f3ry zapewni komfort u\u017cytkowania. Monta\u017c stojaka jest prosty i w tym przypadku polega wy\u0142\u0105cznie na zabetonowaniu. Dost\u0119pne s\u0105 r\u00f3wnie\u017c <a href=\"\/fr\/offrir\/porte-velos\/?wmc-currency=EUR\">porte-v\u00e9los<\/a> bez element\u00f3w ozdobnych przeznaczone do zabetonowania w pod\u0142o\u017cu oraz stojaki przeznaczone do zakotwienia lub przykr\u0119cenia. <a href=\"\/fr\/?wmc-currency=EUR\">MORIA DESIGN<\/a> od lat specjalizuje si\u0119 w produkcji dekoracyjnych stojak\u00f3w rowerowych w stylu retro. Wybierz dekoracyjne stojaki rowerowe w stylu retro i przekonaj si\u0119, \u017ce warto inwestowa\u0107 w produkty klasy premium!<\/span><\/p>\n<\/details>","protected":false},"excerpt":{"rendered":"<p>Cechy i zalety: wykonany ze stali (rura + blacha z logo + okucia \u017celiwne) &gt;\u00a0wieczny; zastosowane ozdobne opaski \u017celiwne &gt;\u00a0klasycznie ozdobiony; spos\u00f3b monta\u017cu &#8211; zabetonowanie (30 cm rury wystaje poni\u017cej opasek) &gt;\u00a0\u0142atwy w monta\u017cu; *ocynkowany oraz pomalowany farb\u0105 proszkow\u0105 w kolorze czarny mat (zero po\u0142ysku, drobna struktura) \u2013 zdecydowanie wy\u017csza odporno\u015b\u0107 na uszkodzenia od pow\u0142ok&#8230;<\/p>","protected":false},"featured_media":1696,"template":"","meta":{"inline_featured_image":false},"product_cat":[35],"product_tag":[61,60,56,64,59,63,62,75,57,58],"acf":[],"yoast_head":"<!-- This site is optimized with the Yoast SEO plugin v20.2 - https:\/\/yoast.com\/wordpress\/plugins\/seo\/ -->\n<title>Stojak rowerowy retro B-03.60.o [l=80 cm] - MORIA DESIGN<\/title>\n<meta name=\"description\" content=\"Dekoracyjny stojak rowerowy w stylu retro. Z solidnej rury z \u017celiwnymi opaskami oraz logo roweru. Pasuje do zrewitalizowanych przestrzeni. Najwy\u017csza jako\u015b\u0107!\" \/>\n<meta name=\"robots\" content=\"index, follow, max-snippet:-1, max-image-preview:large, max-video-preview:-1\" \/>\n<link rel=\"canonical\" href=\"https:\/\/www.moriadesign.pl\/fr\/produit\/stojak-rowerowy-retro-b-03-60-o-l80-cm\/?wmc-currency=EUR\" \/>\n<meta property=\"og:locale\" content=\"fr_FR\" \/>\n<meta property=\"og:type\" content=\"article\" \/>\n<meta property=\"og:title\" content=\"Stojak rowerowy retro B-03.60.o [l=80 cm] - MORIA DESIGN\" \/>\n<meta property=\"og:description\" content=\"Dekoracyjny stojak rowerowy w stylu retro. Z solidnej rury z \u017celiwnymi opaskami oraz logo roweru. Pasuje do zrewitalizowanych przestrzeni. Najwy\u017csza jako\u015b\u0107!\" \/>\n<meta property=\"og:url\" content=\"https:\/\/www.moriadesign.pl\/fr\/produit\/stojak-rowerowy-retro-b-03-60-o-l80-cm\/?wmc-currency=EUR\" \/>\n<meta property=\"og:site_name\" content=\"MORIA DESIGN\" \/>\n<meta property=\"article:modified_time\" content=\"2026-04-03T09:20:13+00:00\" \/>\n<meta property=\"og:image\" content=\"https:\/\/www.moriadesign.pl\/wp-content\/uploads\/2022\/12\/B-03.60.o_1-miejski-stojak-na-rowery-obszar-rewitalizacji.png\" \/>\n\t<meta property=\"og:image:width\" content=\"1600\" \/>\n\t<meta property=\"og:image:height\" content=\"1600\" \/>\n\t<meta property=\"og:image:type\" content=\"image\/png\" \/>\n<meta name=\"twitter:card\" content=\"summary_large_image\" \/>\n<meta name=\"twitter:label1\" content=\"Dur\u00e9e de lecture estim\u00e9e\" \/>\n\t<meta name=\"twitter:data1\" content=\"3 minutes\" \/>\n<script type=\"application\/ld+json\" class=\"yoast-schema-graph\">{\"@context\":\"https:\/\/schema.org\",\"@graph\":[{\"@type\":\"WebPage\",\"@id\":\"https:\/\/www.moriadesign.pl\/produkt\/stojak-rowerowy-retro-b-03-60-o-l80-cm\/\",\"url\":\"https:\/\/www.moriadesign.pl\/produkt\/stojak-rowerowy-retro-b-03-60-o-l80-cm\/\",\"name\":\"Stojak rowerowy retro B-03.60.o [l=80 cm] - MORIA DESIGN\",\"isPartOf\":{\"@id\":\"https:\/\/www.moriadesign.pl\/#website\"},\"datePublished\":\"2023-01-02T12:40:19+00:00\",\"dateModified\":\"2026-04-03T09:20:13+00:00\",\"description\":\"Dekoracyjny stojak rowerowy w stylu retro. Z solidnej rury z \u017celiwnymi opaskami oraz logo roweru. Pasuje do zrewitalizowanych przestrzeni. Najwy\u017csza jako\u015b\u0107!\",\"breadcrumb\":{\"@id\":\"https:\/\/www.moriadesign.pl\/produkt\/stojak-rowerowy-retro-b-03-60-o-l80-cm\/#breadcrumb\"},\"inLanguage\":\"fr-FR\",\"potentialAction\":[{\"@type\":\"ReadAction\",\"target\":[\"https:\/\/www.moriadesign.pl\/produkt\/stojak-rowerowy-retro-b-03-60-o-l80-cm\/\"]}]},{\"@type\":\"BreadcrumbList\",\"@id\":\"https:\/\/www.moriadesign.pl\/produkt\/stojak-rowerowy-retro-b-03-60-o-l80-cm\/#breadcrumb\",\"itemListElement\":[{\"@type\":\"ListItem\",\"position\":1,\"name\":\"Strona g\u0142\u00f3wna\",\"item\":\"https:\/\/www.moriadesign.pl\/\"},{\"@type\":\"ListItem\",\"position\":2,\"name\":\"Sklep\",\"item\":\"https:\/\/www.moriadesign.pl\/sklep\/\"},{\"@type\":\"ListItem\",\"position\":3,\"name\":\"Stojak rowerowy retro B-03.60.o [l=80 cm]\"}]},{\"@type\":\"WebSite\",\"@id\":\"https:\/\/www.moriadesign.pl\/#website\",\"url\":\"https:\/\/www.moriadesign.pl\/\",\"name\":\"MORIA DESIGN\",\"description\":\"okucia do mebli, domu i ogrodu\",\"potentialAction\":[{\"@type\":\"SearchAction\",\"target\":{\"@type\":\"EntryPoint\",\"urlTemplate\":\"https:\/\/www.moriadesign.pl\/?s={search_term_string}\"},\"query-input\":\"required name=search_term_string\"}],\"inLanguage\":\"fr-FR\"}]}<\/script>\n<!-- \/ Yoast SEO plugin. -->","yoast_head_json":{"title":"Stojak rowerowy retro B-03.60.o [l=80 cm] - MORIA DESIGN","description":"Dekoracyjny stojak rowerowy w stylu retro. Z solidnej rury z \u017celiwnymi opaskami oraz logo roweru. Pasuje do zrewitalizowanych przestrzeni. Najwy\u017csza jako\u015b\u0107!","robots":{"index":"index","follow":"follow","max-snippet":"max-snippet:-1","max-image-preview":"max-image-preview:large","max-video-preview":"max-video-preview:-1"},"canonical":"https:\/\/www.moriadesign.pl\/fr\/produit\/stojak-rowerowy-retro-b-03-60-o-l80-cm\/?wmc-currency=EUR","og_locale":"fr_FR","og_type":"article","og_title":"Stojak rowerowy retro B-03.60.o [l=80 cm] - MORIA DESIGN","og_description":"Dekoracyjny stojak rowerowy w stylu retro. Z solidnej rury z \u017celiwnymi opaskami oraz logo roweru. Pasuje do zrewitalizowanych przestrzeni. Najwy\u017csza jako\u015b\u0107!","og_url":"https:\/\/www.moriadesign.pl\/fr\/produit\/stojak-rowerowy-retro-b-03-60-o-l80-cm\/?wmc-currency=EUR","og_site_name":"MORIA DESIGN","article_modified_time":"2026-04-03T09:20:13+00:00","og_image":[{"width":1600,"height":1600,"url":"https:\/\/www.moriadesign.pl\/wp-content\/uploads\/2022\/12\/B-03.60.o_1-miejski-stojak-na-rowery-obszar-rewitalizacji.png","type":"image\/png"}],"twitter_card":"summary_large_image","twitter_misc":{"Dur\u00e9e de lecture estim\u00e9e":"3 minutes"},"schema":{"@context":"https:\/\/schema.org","@graph":[{"@type":"WebPage","@id":"https:\/\/www.moriadesign.pl\/produkt\/stojak-rowerowy-retro-b-03-60-o-l80-cm\/","url":"https:\/\/www.moriadesign.pl\/produkt\/stojak-rowerowy-retro-b-03-60-o-l80-cm\/","name":"Stojak rowerowy retro B-03.60.o [l=80 cm] - MORIA DESIGN","isPartOf":{"@id":"https:\/\/www.moriadesign.pl\/#website"},"datePublished":"2023-01-02T12:40:19+00:00","dateModified":"2026-04-03T09:20:13+00:00","description":"Dekoracyjny stojak rowerowy w stylu retro. Z solidnej rury z \u017celiwnymi opaskami oraz logo roweru. Pasuje do zrewitalizowanych przestrzeni. Najwy\u017csza jako\u015b\u0107!","breadcrumb":{"@id":"https:\/\/www.moriadesign.pl\/produkt\/stojak-rowerowy-retro-b-03-60-o-l80-cm\/#breadcrumb"},"inLanguage":"fr-FR","potentialAction":[{"@type":"ReadAction","target":["https:\/\/www.moriadesign.pl\/produkt\/stojak-rowerowy-retro-b-03-60-o-l80-cm\/"]}]},{"@type":"BreadcrumbList","@id":"https:\/\/www.moriadesign.pl\/produkt\/stojak-rowerowy-retro-b-03-60-o-l80-cm\/#breadcrumb","itemListElement":[{"@type":"ListItem","position":1,"name":"Strona g\u0142\u00f3wna","item":"https:\/\/www.moriadesign.pl\/"},{"@type":"ListItem","position":2,"name":"Sklep","item":"https:\/\/www.moriadesign.pl\/sklep\/"},{"@type":"ListItem","position":3,"name":"Stojak rowerowy retro B-03.60.o [l=80 cm]"}]},{"@type":"WebSite","@id":"https:\/\/www.moriadesign.pl\/#website","url":"https:\/\/www.moriadesign.pl\/","name":"MORIA DESIGN","description":"okucia do mebli, domu i ogrodu","potentialAction":[{"@type":"SearchAction","target":{"@type":"EntryPoint","urlTemplate":"https:\/\/www.moriadesign.pl\/?s={search_term_string}"},"query-input":"required name=search_term_string"}],"inLanguage":"fr-FR"}]}},"_links":{"self":[{"href":"https:\/\/www.moriadesign.pl\/fr\/wp-json\/wp\/v2\/product\/1741"}],"collection":[{"href":"https:\/\/www.moriadesign.pl\/fr\/wp-json\/wp\/v2\/product"}],"about":[{"href":"https:\/\/www.moriadesign.pl\/fr\/wp-json\/wp\/v2\/types\/product"}],"wp:featuredmedia":[{"embeddable":true,"href":"https:\/\/www.moriadesign.pl\/fr\/wp-json\/wp\/v2\/media\/1696"}],"wp:attachment":[{"href":"https:\/\/www.moriadesign.pl\/fr\/wp-json\/wp\/v2\/media?parent=1741"}],"wp:term":[{"taxonomy":"product_cat","embeddable":true,"href":"https:\/\/www.moriadesign.pl\/fr\/wp-json\/wp\/v2\/product_cat?post=1741"},{"taxonomy":"product_tag","embeddable":true,"href":"https:\/\/www.moriadesign.pl\/fr\/wp-json\/wp\/v2\/product_tag?post=1741"}],"curies":[{"name":"wp","href":"https:\/\/api.w.org\/{rel}","templated":true}]}}