{"id":1735,"date":"2022-12-30T12:05:08","date_gmt":"2022-12-30T11:05:08","guid":{"rendered":"https:\/\/www.moriadesign.pl\/?post_type=product&#038;p=1735"},"modified":"2026-04-03T11:31:12","modified_gmt":"2026-04-03T09:31:12","slug":"stojak-rowerowy-retro-b-01-60-o-l80-cm","status":"publish","type":"product","link":"https:\/\/www.moriadesign.pl\/fr\/produit\/support-de-velo-retro-b-01-60-o-l80-cm\/","title":{"rendered":"Support de v\u00e9lo r\u00e9tro B-01.60.o [l=80 cm]"},"content":{"rendered":"<h2>Caract\u00e9ristiques et avantages :<\/h2>\n<ul>\n<li>en acier (tube) &gt;\u00a0<b>intemporel<\/b>;<\/li>\n<li>bandes d\u00e9coratives en fonte appliqu\u00e9es &gt;\u00a0<b>d\u00e9cor\u00e9e de fa\u00e7on classique<\/b>;<\/li>\n<li>m\u00e9thode d'installation - b\u00e9tonnage (30 cm de tuyau s'\u00e9tendent sous les bandes) &gt;\u00a0<b>facile \u00e0 installer<\/b>;<\/li>\n<li>*Galvanis\u00e9 et peint par poudrage en noir mat (z\u00e9ro brillance, structure fine) - beaucoup plus r\u00e9sistant aux dommages que les peintures par pulv\u00e9risation, les peintures par poudrage sont totalement s\u00fbres pour l'homme et l'environnement &gt;. <b>durable et d'une finition \u00e9l\u00e9gante ;<\/b><\/li>\n<li>dimensions : hauteur - 80 cm + 30 cm pour le b\u00e9tonnage, longueur - 80 cm, \u03a6 pipe - 60.3 mm &gt;<b>\u00a0tr\u00e8s solide<\/b>;<\/li>\n<li>fabriqu\u00e9 \u00e0 la machine &gt;\u00a0<b>r\u00e9p\u00e9titif<\/b>.<\/li>\n<\/ul>\n<p>*Une version avec rev\u00eatement en poudre est \u00e9galement disponible.<\/p>\n<h2>Application :<\/h2>\n<ul>\n<li>La conception du support permet de fixer le cadre et la roue du v\u00e9lo \u00e0 l'aide d'un c\u00e2ble de s\u00e9curit\u00e9. Il convient \u00e9galement au stationnement des scooters.<\/li>\n<\/ul>\n<details>\n<summary style=\"cursor: pointer;\">En savoir plus<\/summary>\n<h2><span lang=\"pl-PL\">Porte-v\u00e9los B-01.60.o - d\u00e9coration urbaine r\u00e9tro<\/span><\/h2>\n<p><span lang=\"pl-PL\"><strong>Support \u00e0 v\u00e9lo mod\u00e8le B-01.60.o<\/strong> est une d\u00e9coration subtile et \u00e9l\u00e9gante pour les espaces urbains dans un style r\u00e9tro. Le support de v\u00e9lo d\u00e9coratif a \u00e9t\u00e9 con\u00e7u pour les utilisateurs de v\u00e9los et de scooters pour qui la s\u00e9curit\u00e9 et le confort sont importants. Fabriqu\u00e9 \u00e0 partir d'un tube robuste en acier galvanis\u00e9 d'un diam\u00e8tre de 60,3 mm et d'une \u00e9paisseur de 2,9 mm, il offre un endroit stable et s\u00fbr pour fixer le cadre et la roue de la bicyclette. En outre, le porte-v\u00e9los a \u00e9t\u00e9 d\u00e9cor\u00e9 de bandes d\u00e9coratives solides, en fonte. Le support \u00e0 v\u00e9los de type rail permet d'attacher en toute s\u00e9curit\u00e9 n'importe quel v\u00e9lo ou scooter, quelles que soient ses dimensions, \u00e0 l'aide d'un c\u00e2ble de s\u00e9curit\u00e9, d'un cadenas en U ou d'une cha\u00eene.<\/span><\/p>\n<p><span lang=\"pl-PL\">Cet appui-v\u00e9lo est un mod\u00e8le classique qui sera parfait comme \u00e9l\u00e9ment fonctionnel mais aussi d\u00e9coratif de l'architecture urbaine. La hauteur du support est de 80 cm, avec 30 cm suppl\u00e9mentaires d\u00e9di\u00e9s au b\u00e9tonnage, ce qui assure un montage et une stabilit\u00e9 faciles. Le support a \u00e9t\u00e9 galvanis\u00e9, puis peint par poudrage en noir mat pour une grande r\u00e9sistance aux dommages et aux conditions atmosph\u00e9riques. Cette finition prot\u00e8ge parfaitement le stand de la corrosion et lui conf\u00e8re un aspect \u00e9l\u00e9gant.<\/span><\/p>\n<p><span lang=\"pl-PL\"><strong>Mod\u00e8le de support B-01.60.o<\/strong> est un support de v\u00e9lo r\u00e9tro, \u00e0 deux pieds, fabriqu\u00e9 \u00e0 la machine, ce qui garantit sa r\u00e9p\u00e9tabilit\u00e9 et sa haute qualit\u00e9.<\/span><\/p>\n<p><span lang=\"pl-PL\"><strong>Support de v\u00e9lo r\u00e9tro mod\u00e8le B-01.60.o<\/strong>\u00a0est \u00e9galement disponible en version thermolaqu\u00e9e uniquement. Cette option est destin\u00e9e \u00e0 ceux qui utiliseront le support \u00e0 l'int\u00e9rieur, sans \u00eatre expos\u00e9s \u00e0 des conditions m\u00e9t\u00e9orologiques d\u00e9favorables. La conception du support permet de fixer efficacement les v\u00e9los et les scooters, ce qui en fait un choix polyvalent pour de nombreux utilisateurs.<\/span><\/p>\n<p><span lang=\"pl-PL\">En r\u00e9sum\u00e9, le support de v\u00e9lo en m\u00e9tal en forme de U B-01.60.o de <a href=\"\/fr\/?wmc-currency=EUR\">MORIA DESIGN<\/a>est un produit haut de gamme qui constituera un excellent choix pour tous ceux qui recherchent une solution tr\u00e8s robuste, esth\u00e9tique et d\u00e9corative pour le stationnement s\u00e9curis\u00e9 des v\u00e9los. Notre <a href=\"\/fr\/offrir\/porte-velos\/?wmc-currency=EUR\">porte-v\u00e9los<\/a>Ils conviennent parfaitement aux zones urbaines revitalis\u00e9es. Investissez dans une d\u00e9coration classique qui durera des g\u00e9n\u00e9rations !<\/span><\/p>\n<\/details>","protected":false},"excerpt":{"rendered":"<p>Cechy i zalety: wykonany ze stali (rura) &gt;\u00a0ponadczasowy; zastosowane ozdobne opaski \u017celiwne &gt;\u00a0klasycznie ozdobiony; spos\u00f3b monta\u017cu &#8211; zabetonowanie (30 cm rury wystaje poni\u017cej opasek) &gt;\u00a0\u0142atwy w monta\u017cu; *ocynkowany oraz pomalowany farb\u0105 proszkow\u0105 w kolorze czarny mat (zero po\u0142ysku, drobna struktura) \u2013 zdecydowanie wy\u017csza odporno\u015b\u0107 na uszkodzenia od pow\u0142ok farb natryskowych, farby proszkowe s\u0105 w pe\u0142ni&#8230;<\/p>","protected":false},"featured_media":1680,"template":"","meta":{"inline_featured_image":false},"product_cat":[35],"product_tag":[61,60,56,64,59,67,63,62,79,58],"acf":[],"yoast_head":"<!-- This site is optimized with the Yoast SEO plugin v20.2 - https:\/\/yoast.com\/wordpress\/plugins\/seo\/ -->\n<title>Stojak rowerowy retro B-01.60.o [l=80 cm] - MORIA DESIGN<\/title>\n<meta name=\"description\" content=\"Dekoracyjny stojak na rower w stylu retro. Wykonany z ocynkowanej rury z \u017celiwnymi okuciami. Idealnie pasuje do obszar\u00f3w rewitalizacji. Zam\u00f3w klas\u0119 premium!\" \/>\n<meta name=\"robots\" content=\"index, follow, max-snippet:-1, max-image-preview:large, max-video-preview:-1\" \/>\n<link rel=\"canonical\" href=\"https:\/\/www.moriadesign.pl\/fr\/produit\/support-de-velo-retro-b-01-60-o-l80-cm\/?wmc-currency=EUR\" \/>\n<meta property=\"og:locale\" content=\"fr_FR\" \/>\n<meta property=\"og:type\" content=\"article\" \/>\n<meta property=\"og:title\" content=\"Stojak rowerowy retro B-01.60.o [l=80 cm] - MORIA DESIGN\" \/>\n<meta property=\"og:description\" content=\"Dekoracyjny stojak na rower w stylu retro. Wykonany z ocynkowanej rury z \u017celiwnymi okuciami. Idealnie pasuje do obszar\u00f3w rewitalizacji. Zam\u00f3w klas\u0119 premium!\" \/>\n<meta property=\"og:url\" content=\"https:\/\/www.moriadesign.pl\/fr\/produit\/support-de-velo-retro-b-01-60-o-l80-cm\/?wmc-currency=EUR\" \/>\n<meta property=\"og:site_name\" content=\"MORIA DESIGN\" \/>\n<meta property=\"article:modified_time\" content=\"2026-04-03T09:31:12+00:00\" \/>\n<meta property=\"og:image\" content=\"https:\/\/www.moriadesign.pl\/wp-content\/uploads\/2022\/12\/B-01.60.o_1-metalowy-stojak-rowerowy-barierka.png\" \/>\n\t<meta property=\"og:image:width\" content=\"1600\" \/>\n\t<meta property=\"og:image:height\" content=\"1600\" \/>\n\t<meta property=\"og:image:type\" content=\"image\/png\" \/>\n<meta name=\"twitter:card\" content=\"summary_large_image\" \/>\n<meta name=\"twitter:label1\" content=\"Dur\u00e9e de lecture estim\u00e9e\" \/>\n\t<meta name=\"twitter:data1\" content=\"2 minutes\" \/>\n<script type=\"application\/ld+json\" class=\"yoast-schema-graph\">{\"@context\":\"https:\/\/schema.org\",\"@graph\":[{\"@type\":\"WebPage\",\"@id\":\"https:\/\/www.moriadesign.pl\/produkt\/stojak-rowerowy-retro-b-01-60-o-l80-cm\/\",\"url\":\"https:\/\/www.moriadesign.pl\/produkt\/stojak-rowerowy-retro-b-01-60-o-l80-cm\/\",\"name\":\"Stojak rowerowy retro B-01.60.o [l=80 cm] - MORIA DESIGN\",\"isPartOf\":{\"@id\":\"https:\/\/www.moriadesign.pl\/#website\"},\"datePublished\":\"2022-12-30T11:05:08+00:00\",\"dateModified\":\"2026-04-03T09:31:12+00:00\",\"description\":\"Dekoracyjny stojak na rower w stylu retro. Wykonany z ocynkowanej rury z \u017celiwnymi okuciami. Idealnie pasuje do obszar\u00f3w rewitalizacji. Zam\u00f3w klas\u0119 premium!\",\"breadcrumb\":{\"@id\":\"https:\/\/www.moriadesign.pl\/produkt\/stojak-rowerowy-retro-b-01-60-o-l80-cm\/#breadcrumb\"},\"inLanguage\":\"fr-FR\",\"potentialAction\":[{\"@type\":\"ReadAction\",\"target\":[\"https:\/\/www.moriadesign.pl\/produkt\/stojak-rowerowy-retro-b-01-60-o-l80-cm\/\"]}]},{\"@type\":\"BreadcrumbList\",\"@id\":\"https:\/\/www.moriadesign.pl\/produkt\/stojak-rowerowy-retro-b-01-60-o-l80-cm\/#breadcrumb\",\"itemListElement\":[{\"@type\":\"ListItem\",\"position\":1,\"name\":\"Strona g\u0142\u00f3wna\",\"item\":\"https:\/\/www.moriadesign.pl\/\"},{\"@type\":\"ListItem\",\"position\":2,\"name\":\"Sklep\",\"item\":\"https:\/\/www.moriadesign.pl\/sklep\/\"},{\"@type\":\"ListItem\",\"position\":3,\"name\":\"Stojak rowerowy retro B-01.60.o [l=80 cm]\"}]},{\"@type\":\"WebSite\",\"@id\":\"https:\/\/www.moriadesign.pl\/#website\",\"url\":\"https:\/\/www.moriadesign.pl\/\",\"name\":\"MORIA DESIGN\",\"description\":\"okucia do mebli, domu i ogrodu\",\"potentialAction\":[{\"@type\":\"SearchAction\",\"target\":{\"@type\":\"EntryPoint\",\"urlTemplate\":\"https:\/\/www.moriadesign.pl\/?s={search_term_string}\"},\"query-input\":\"required name=search_term_string\"}],\"inLanguage\":\"fr-FR\"}]}<\/script>\n<!-- \/ Yoast SEO plugin. -->","yoast_head_json":{"title":"Stojak rowerowy retro B-01.60.o [l=80 cm] - MORIA DESIGN","description":"Dekoracyjny stojak na rower w stylu retro. Wykonany z ocynkowanej rury z \u017celiwnymi okuciami. Idealnie pasuje do obszar\u00f3w rewitalizacji. Zam\u00f3w klas\u0119 premium!","robots":{"index":"index","follow":"follow","max-snippet":"max-snippet:-1","max-image-preview":"max-image-preview:large","max-video-preview":"max-video-preview:-1"},"canonical":"https:\/\/www.moriadesign.pl\/fr\/produit\/support-de-velo-retro-b-01-60-o-l80-cm\/?wmc-currency=EUR","og_locale":"fr_FR","og_type":"article","og_title":"Stojak rowerowy retro B-01.60.o [l=80 cm] - MORIA DESIGN","og_description":"Dekoracyjny stojak na rower w stylu retro. Wykonany z ocynkowanej rury z \u017celiwnymi okuciami. Idealnie pasuje do obszar\u00f3w rewitalizacji. Zam\u00f3w klas\u0119 premium!","og_url":"https:\/\/www.moriadesign.pl\/fr\/produit\/support-de-velo-retro-b-01-60-o-l80-cm\/?wmc-currency=EUR","og_site_name":"MORIA DESIGN","article_modified_time":"2026-04-03T09:31:12+00:00","og_image":[{"width":1600,"height":1600,"url":"https:\/\/www.moriadesign.pl\/wp-content\/uploads\/2022\/12\/B-01.60.o_1-metalowy-stojak-rowerowy-barierka.png","type":"image\/png"}],"twitter_card":"summary_large_image","twitter_misc":{"Dur\u00e9e de lecture estim\u00e9e":"2 minutes"},"schema":{"@context":"https:\/\/schema.org","@graph":[{"@type":"WebPage","@id":"https:\/\/www.moriadesign.pl\/produkt\/stojak-rowerowy-retro-b-01-60-o-l80-cm\/","url":"https:\/\/www.moriadesign.pl\/produkt\/stojak-rowerowy-retro-b-01-60-o-l80-cm\/","name":"Stojak rowerowy retro B-01.60.o [l=80 cm] - MORIA DESIGN","isPartOf":{"@id":"https:\/\/www.moriadesign.pl\/#website"},"datePublished":"2022-12-30T11:05:08+00:00","dateModified":"2026-04-03T09:31:12+00:00","description":"Dekoracyjny stojak na rower w stylu retro. Wykonany z ocynkowanej rury z \u017celiwnymi okuciami. Idealnie pasuje do obszar\u00f3w rewitalizacji. Zam\u00f3w klas\u0119 premium!","breadcrumb":{"@id":"https:\/\/www.moriadesign.pl\/produkt\/stojak-rowerowy-retro-b-01-60-o-l80-cm\/#breadcrumb"},"inLanguage":"fr-FR","potentialAction":[{"@type":"ReadAction","target":["https:\/\/www.moriadesign.pl\/produkt\/stojak-rowerowy-retro-b-01-60-o-l80-cm\/"]}]},{"@type":"BreadcrumbList","@id":"https:\/\/www.moriadesign.pl\/produkt\/stojak-rowerowy-retro-b-01-60-o-l80-cm\/#breadcrumb","itemListElement":[{"@type":"ListItem","position":1,"name":"Strona g\u0142\u00f3wna","item":"https:\/\/www.moriadesign.pl\/"},{"@type":"ListItem","position":2,"name":"Sklep","item":"https:\/\/www.moriadesign.pl\/sklep\/"},{"@type":"ListItem","position":3,"name":"Stojak rowerowy retro B-01.60.o [l=80 cm]"}]},{"@type":"WebSite","@id":"https:\/\/www.moriadesign.pl\/#website","url":"https:\/\/www.moriadesign.pl\/","name":"MORIA DESIGN","description":"okucia do mebli, domu i ogrodu","potentialAction":[{"@type":"SearchAction","target":{"@type":"EntryPoint","urlTemplate":"https:\/\/www.moriadesign.pl\/?s={search_term_string}"},"query-input":"required name=search_term_string"}],"inLanguage":"fr-FR"}]}},"_links":{"self":[{"href":"https:\/\/www.moriadesign.pl\/fr\/wp-json\/wp\/v2\/product\/1735"}],"collection":[{"href":"https:\/\/www.moriadesign.pl\/fr\/wp-json\/wp\/v2\/product"}],"about":[{"href":"https:\/\/www.moriadesign.pl\/fr\/wp-json\/wp\/v2\/types\/product"}],"wp:featuredmedia":[{"embeddable":true,"href":"https:\/\/www.moriadesign.pl\/fr\/wp-json\/wp\/v2\/media\/1680"}],"wp:attachment":[{"href":"https:\/\/www.moriadesign.pl\/fr\/wp-json\/wp\/v2\/media?parent=1735"}],"wp:term":[{"taxonomy":"product_cat","embeddable":true,"href":"https:\/\/www.moriadesign.pl\/fr\/wp-json\/wp\/v2\/product_cat?post=1735"},{"taxonomy":"product_tag","embeddable":true,"href":"https:\/\/www.moriadesign.pl\/fr\/wp-json\/wp\/v2\/product_tag?post=1735"}],"curies":[{"name":"wp","href":"https:\/\/api.w.org\/{rel}","templated":true}]}}