{"id":1387,"date":"2022-12-21T20:48:31","date_gmt":"2022-12-21T19:48:31","guid":{"rendered":"https:\/\/www.moriadesign.pl\/?post_type=product&#038;p=1387"},"modified":"2023-01-13T21:43:59","modified_gmt":"2023-01-13T20:43:59","slug":"uchwyt-flagowy-u-03","status":"publish","type":"product","link":"https:\/\/www.moriadesign.pl\/fr\/produit\/uchwyt-flagowy-u-03\/","title":{"rendered":"Porte-drapeau U-03"},"content":{"rendered":"<h2>Caract\u00e9ristiques et avantages :<\/h2>\n<ul>\n<li>Les bagues de serrage utilis\u00e9es, contrairement aux tubes, n'entra\u00eenent pas le blocage de l'espar &gt;. <strong>fonctionnelle ;<\/strong><\/li>\n<li>en acier de haute qualit\u00e9 &gt; <b>\u00e9ternel ;<\/b><\/li>\n<li>zako\u0144czenia uchwytu zosta\u0142y zakute na gor\u0105co &gt; <b>d\u00e9cor\u00e9e de fa\u00e7on classique ;<\/b><\/li>\n<li>M\u00e9thode de montage - viss\u00e9 \u00e0 la fa\u00e7ade (deux chevilles ou deux vis) &gt;\u00a0<b>facile \u00e0 installer ;<\/b><\/li>\n<li>trous de montage chanfrein\u00e9s &gt; <b>esth\u00e9tique ;<\/b><\/li>\n<li>Rev\u00eatement par poudre en noir mat (z\u00e9ro brillance, structure fine) - beaucoup plus r\u00e9sistantes aux dommages que les peintures liquides en a\u00e9rosol, les peintures en poudre sont totalement s\u00fbres pour l'homme et l'environnement.\u00a0<b>durable et d'une finition \u00e9l\u00e9gante ;<\/b><\/li>\n<li>wymiary: grubo\u015b\u0107 blachy &#8211; 3 mm, grubo\u015b\u0107 pr\u0119ta &#8211; 8 mm, \u03a6 otwor\u00f3w na drzewiec &#8211; 3 cm, \u03a6 otwor\u00f3w monta\u017cowych &#8211; 8 mm &gt; <b>robuste ;<\/b><\/li>\n<li>wymiary maksymalne: szeroko\u015b\u0107 &#8211; 12,5 cm, d\u0142ugo\u015b\u0107 &#8211; 13,5 cm, wysoko\u015b\u0107 &#8211; 37 cm &gt; <b>neat.<\/b><\/li>\n<\/ul>\n<h2>Application :<\/h2>\n<ul>\n<li>Notre support n'est pas seulement une superbe d\u00e9coration pour la fa\u00e7ade de votre maison, mais aussi un produit fonctionnel que vous pouvez utiliser comme parterre de fleurs suspendu, porte-torche, moustiquaire ou auvent.<\/li>\n<\/ul>","protected":false},"excerpt":{"rendered":"<p>Cechy i zalety: zastosowane pier\u015bcienie mocuj\u0105ce w przeciwie\u0144stwie do rurek nie powoduj\u0105 zakleszczania drzewca &gt; funkcjonalny; wykonany z wysokiej gatunkowo stali &gt; wieczny; zako\u0144czenia uchwytu zosta\u0142y zakute na gor\u0105co &gt; klasycznie ozdobiony; spos\u00f3b monta\u017cu &#8211; przykr\u0119cenie do elewacji (dwa ko\u0142ki rozporowe lub dwie \u015bruby) &gt;\u00a0\u0142atwy w monta\u017cu; fazowane otwory monta\u017cowe &gt; estetyczny; pomalowany farb\u0105 proszkow\u0105\u00a0&#8230;<\/p>","protected":false},"featured_media":1364,"template":"","meta":{"inline_featured_image":false},"product_cat":[29],"product_tag":[],"acf":[],"yoast_head":"<!-- This site is optimized with the Yoast SEO plugin v20.2 - https:\/\/yoast.com\/wordpress\/plugins\/seo\/ -->\n<title>Uchwyt flagowy U-03 - MORIA DESIGN<\/title>\n<meta name=\"robots\" content=\"index, follow, max-snippet:-1, max-image-preview:large, max-video-preview:-1\" \/>\n<link rel=\"canonical\" href=\"https:\/\/www.moriadesign.pl\/fr\/produit\/uchwyt-flagowy-u-03\/?wmc-currency=EUR\" \/>\n<meta property=\"og:locale\" content=\"fr_FR\" \/>\n<meta property=\"og:type\" content=\"article\" \/>\n<meta property=\"og:title\" content=\"Uchwyt flagowy U-03 - MORIA DESIGN\" \/>\n<meta property=\"og:description\" content=\"Cechy i zalety: zastosowane pier\u015bcienie mocuj\u0105ce w przeciwie\u0144stwie do rurek nie powoduj\u0105 zakleszczania drzewca &gt; funkcjonalny; wykonany z wysokiej gatunkowo stali &gt; wieczny; zako\u0144czenia uchwytu zosta\u0142y zakute na gor\u0105co &gt; klasycznie ozdobiony; spos\u00f3b monta\u017cu &#8211; przykr\u0119cenie do elewacji (dwa ko\u0142ki rozporowe lub dwie \u015bruby) &gt;\u00a0\u0142atwy w monta\u017cu; fazowane otwory monta\u017cowe &gt; estetyczny; pomalowany farb\u0105 proszkow\u0105\u00a0...\" \/>\n<meta property=\"og:url\" content=\"https:\/\/www.moriadesign.pl\/fr\/produit\/uchwyt-flagowy-u-03\/?wmc-currency=EUR\" \/>\n<meta property=\"og:site_name\" content=\"MORIA DESIGN\" \/>\n<meta property=\"article:modified_time\" content=\"2023-01-13T20:43:59+00:00\" \/>\n<meta property=\"og:image\" content=\"https:\/\/www.moriadesign.pl\/wp-content\/uploads\/2022\/12\/U-03_1.png\" \/>\n\t<meta property=\"og:image:width\" content=\"1600\" \/>\n\t<meta property=\"og:image:height\" content=\"1600\" \/>\n\t<meta property=\"og:image:type\" content=\"image\/png\" \/>\n<meta name=\"twitter:card\" content=\"summary_large_image\" \/>\n<meta name=\"twitter:label1\" content=\"Dur\u00e9e de lecture estim\u00e9e\" \/>\n\t<meta name=\"twitter:data1\" content=\"1 minute\" \/>\n<script type=\"application\/ld+json\" class=\"yoast-schema-graph\">{\"@context\":\"https:\/\/schema.org\",\"@graph\":[{\"@type\":\"WebPage\",\"@id\":\"https:\/\/www.moriadesign.pl\/produkt\/uchwyt-flagowy-u-03\/\",\"url\":\"https:\/\/www.moriadesign.pl\/produkt\/uchwyt-flagowy-u-03\/\",\"name\":\"Uchwyt flagowy U-03 - MORIA DESIGN\",\"isPartOf\":{\"@id\":\"https:\/\/www.moriadesign.pl\/#website\"},\"datePublished\":\"2022-12-21T19:48:31+00:00\",\"dateModified\":\"2023-01-13T20:43:59+00:00\",\"breadcrumb\":{\"@id\":\"https:\/\/www.moriadesign.pl\/produkt\/uchwyt-flagowy-u-03\/#breadcrumb\"},\"inLanguage\":\"fr-FR\",\"potentialAction\":[{\"@type\":\"ReadAction\",\"target\":[\"https:\/\/www.moriadesign.pl\/produkt\/uchwyt-flagowy-u-03\/\"]}]},{\"@type\":\"BreadcrumbList\",\"@id\":\"https:\/\/www.moriadesign.pl\/produkt\/uchwyt-flagowy-u-03\/#breadcrumb\",\"itemListElement\":[{\"@type\":\"ListItem\",\"position\":1,\"name\":\"Strona g\u0142\u00f3wna\",\"item\":\"https:\/\/www.moriadesign.pl\/\"},{\"@type\":\"ListItem\",\"position\":2,\"name\":\"Sklep\",\"item\":\"https:\/\/www.moriadesign.pl\/sklep\/\"},{\"@type\":\"ListItem\",\"position\":3,\"name\":\"Uchwyt flagowy U-03\"}]},{\"@type\":\"WebSite\",\"@id\":\"https:\/\/www.moriadesign.pl\/#website\",\"url\":\"https:\/\/www.moriadesign.pl\/\",\"name\":\"MORIA DESIGN\",\"description\":\"okucia do mebli, domu i ogrodu\",\"potentialAction\":[{\"@type\":\"SearchAction\",\"target\":{\"@type\":\"EntryPoint\",\"urlTemplate\":\"https:\/\/www.moriadesign.pl\/?s={search_term_string}\"},\"query-input\":\"required name=search_term_string\"}],\"inLanguage\":\"fr-FR\"}]}<\/script>\n<!-- \/ Yoast SEO plugin. -->","yoast_head_json":{"title":"Uchwyt flagowy U-03 - MORIA DESIGN","robots":{"index":"index","follow":"follow","max-snippet":"max-snippet:-1","max-image-preview":"max-image-preview:large","max-video-preview":"max-video-preview:-1"},"canonical":"https:\/\/www.moriadesign.pl\/fr\/produit\/uchwyt-flagowy-u-03\/?wmc-currency=EUR","og_locale":"fr_FR","og_type":"article","og_title":"Uchwyt flagowy U-03 - MORIA DESIGN","og_description":"Cechy i zalety: zastosowane pier\u015bcienie mocuj\u0105ce w przeciwie\u0144stwie do rurek nie powoduj\u0105 zakleszczania drzewca &gt; funkcjonalny; wykonany z wysokiej gatunkowo stali &gt; wieczny; zako\u0144czenia uchwytu zosta\u0142y zakute na gor\u0105co &gt; klasycznie ozdobiony; spos\u00f3b monta\u017cu &#8211; przykr\u0119cenie do elewacji (dwa ko\u0142ki rozporowe lub dwie \u015bruby) &gt;\u00a0\u0142atwy w monta\u017cu; fazowane otwory monta\u017cowe &gt; estetyczny; pomalowany farb\u0105 proszkow\u0105\u00a0...","og_url":"https:\/\/www.moriadesign.pl\/fr\/produit\/uchwyt-flagowy-u-03\/?wmc-currency=EUR","og_site_name":"MORIA DESIGN","article_modified_time":"2023-01-13T20:43:59+00:00","og_image":[{"width":1600,"height":1600,"url":"https:\/\/www.moriadesign.pl\/wp-content\/uploads\/2022\/12\/U-03_1.png","type":"image\/png"}],"twitter_card":"summary_large_image","twitter_misc":{"Dur\u00e9e de lecture estim\u00e9e":"1 minute"},"schema":{"@context":"https:\/\/schema.org","@graph":[{"@type":"WebPage","@id":"https:\/\/www.moriadesign.pl\/produkt\/uchwyt-flagowy-u-03\/","url":"https:\/\/www.moriadesign.pl\/produkt\/uchwyt-flagowy-u-03\/","name":"Uchwyt flagowy U-03 - MORIA DESIGN","isPartOf":{"@id":"https:\/\/www.moriadesign.pl\/#website"},"datePublished":"2022-12-21T19:48:31+00:00","dateModified":"2023-01-13T20:43:59+00:00","breadcrumb":{"@id":"https:\/\/www.moriadesign.pl\/produkt\/uchwyt-flagowy-u-03\/#breadcrumb"},"inLanguage":"fr-FR","potentialAction":[{"@type":"ReadAction","target":["https:\/\/www.moriadesign.pl\/produkt\/uchwyt-flagowy-u-03\/"]}]},{"@type":"BreadcrumbList","@id":"https:\/\/www.moriadesign.pl\/produkt\/uchwyt-flagowy-u-03\/#breadcrumb","itemListElement":[{"@type":"ListItem","position":1,"name":"Strona g\u0142\u00f3wna","item":"https:\/\/www.moriadesign.pl\/"},{"@type":"ListItem","position":2,"name":"Sklep","item":"https:\/\/www.moriadesign.pl\/sklep\/"},{"@type":"ListItem","position":3,"name":"Uchwyt flagowy U-03"}]},{"@type":"WebSite","@id":"https:\/\/www.moriadesign.pl\/#website","url":"https:\/\/www.moriadesign.pl\/","name":"MORIA DESIGN","description":"okucia do mebli, domu i ogrodu","potentialAction":[{"@type":"SearchAction","target":{"@type":"EntryPoint","urlTemplate":"https:\/\/www.moriadesign.pl\/?s={search_term_string}"},"query-input":"required name=search_term_string"}],"inLanguage":"fr-FR"}]}},"_links":{"self":[{"href":"https:\/\/www.moriadesign.pl\/fr\/wp-json\/wp\/v2\/product\/1387"}],"collection":[{"href":"https:\/\/www.moriadesign.pl\/fr\/wp-json\/wp\/v2\/product"}],"about":[{"href":"https:\/\/www.moriadesign.pl\/fr\/wp-json\/wp\/v2\/types\/product"}],"wp:featuredmedia":[{"embeddable":true,"href":"https:\/\/www.moriadesign.pl\/fr\/wp-json\/wp\/v2\/media\/1364"}],"wp:attachment":[{"href":"https:\/\/www.moriadesign.pl\/fr\/wp-json\/wp\/v2\/media?parent=1387"}],"wp:term":[{"taxonomy":"product_cat","embeddable":true,"href":"https:\/\/www.moriadesign.pl\/fr\/wp-json\/wp\/v2\/product_cat?post=1387"},{"taxonomy":"product_tag","embeddable":true,"href":"https:\/\/www.moriadesign.pl\/fr\/wp-json\/wp\/v2\/product_tag?post=1387"}],"curies":[{"name":"wp","href":"https:\/\/api.w.org\/{rel}","templated":true}]}}