{"id":1209,"date":"2022-12-20T11:41:17","date_gmt":"2022-12-20T10:41:17","guid":{"rendered":"https:\/\/www.moriadesign.pl\/?post_type=product&#038;p=1209"},"modified":"2026-02-02T13:02:11","modified_gmt":"2026-02-02T12:02:11","slug":"hairpin-leg-n-03-2-10-l30-cm-2-prety-%cf%86-10-mm","status":"publish","type":"product","link":"https:\/\/www.moriadesign.pl\/fr\/produit\/hairpin-leg-n-03-2-10-l30-cm-2-prety-%cf%86-10-mm\/","title":{"rendered":"Patte en \u00e9pingle \u00e0 cheveux N-03.2.10 [l=30 cm, 2 tiges \u03a6 10 mm]."},"content":{"rendered":"<h2><strong>Choix de 4 variantes de couleurs :<\/strong> noir, blanc, gris, or<\/h2>\n<h2>Caract\u00e9ristiques et avantages :<\/h2>\n<ul>\n<li>en acier de haute qualit\u00e9 &gt; <b>\u00e9ternel ;<\/b><\/li>\n<li>trous de fixation chanfrein\u00e9s et soudures invisibles &gt;\u00a0<b>esth\u00e9tique ;<\/b><\/li>\n<li>Rev\u00eatement par poudre - beaucoup plus r\u00e9sistant aux dommages que les rev\u00eatements par pulv\u00e9risation, les rev\u00eatements par poudre sont totalement s\u00fbrs pour l'homme et l'environnement. <b>durable et d'une finition \u00e9l\u00e9gante ;<\/b><\/li>\n<li>Dimensions : \u00e9paisseur de la t\u00f4le - 4 mm, \u03a6 des trous de montage - 5,2 mm, 2 tiges \u03a6 10 mm &gt;.\u00a0<b>massif ;<\/b><\/li>\n<li>dimensions maximales : largeur - 90 mm, longueur - 90 mm, hauteur - 300 mm &gt; <b>neat.<\/b><\/li>\n<\/ul>\n<h2>Application :<\/h2>\n<ul>\n<li>pour les commodes, les armoires et les tables.<\/li>\n<\/ul>","protected":false},"excerpt":{"rendered":"<p>Do wyboru 4 warianty kolorystyczne: czarny, bia\u0142y, szary, z\u0142oty Cechy i zalety: wykonana z wysokiej gatunkowo stali &gt; wieczna; fazowane otwory monta\u017cowe i niewidoczne spawy &gt;\u00a0estetyczna; pomalowana farb\u0105 proszkow\u0105 \u2013 zdecydowanie wy\u017csza odporno\u015b\u0107 na uszkodzenia od pow\u0142ok farb natryskowych, farby proszkowe s\u0105 w pe\u0142ni bezpieczne dla ludzi i \u015brodowiska &gt; trwale i elegancko wyko\u0144czona; wymiary:&#8230;<\/p>","protected":false},"featured_media":1109,"template":"","meta":{"inline_featured_image":false},"product_cat":[28],"product_tag":[104,99,95,94,103,91,90,102,101,100],"acf":[],"yoast_head":"<!-- This site is optimized with the Yoast SEO plugin v20.2 - https:\/\/yoast.com\/wordpress\/plugins\/seo\/ -->\n<title>Hairpin leg N-03.2.10 [l=30 cm, 2 pr\u0119ty \u03a6 10 mm] - MORIA DESIGN<\/title>\n<meta name=\"description\" content=\"Oferujemy wyprodukowane w Polsce nogi hairpin legs w najkorzystniejszym stosunku jako\u015bci do ceny. B\u0142yskawiczna dostawa. Standardowe rozmiary od 10 do 95 cm.\" \/>\n<meta name=\"robots\" content=\"index, follow, max-snippet:-1, max-image-preview:large, max-video-preview:-1\" \/>\n<link rel=\"canonical\" href=\"https:\/\/www.moriadesign.pl\/fr\/produit\/hairpin-leg-n-03-2-10-l30-cm-2-prety-\u03c6-10-mm\/?wmc-currency=EUR\" \/>\n<meta property=\"og:locale\" content=\"fr_FR\" \/>\n<meta property=\"og:type\" content=\"article\" \/>\n<meta property=\"og:title\" content=\"Hairpin leg N-03.2.10 [l=30 cm, 2 pr\u0119ty \u03a6 10 mm] - MORIA DESIGN\" \/>\n<meta property=\"og:description\" content=\"Oferujemy wyprodukowane w Polsce nogi hairpin legs w najkorzystniejszym stosunku jako\u015bci do ceny. B\u0142yskawiczna dostawa. Standardowe rozmiary od 10 do 95 cm.\" \/>\n<meta property=\"og:url\" content=\"https:\/\/www.moriadesign.pl\/fr\/produit\/hairpin-leg-n-03-2-10-l30-cm-2-prety-\u03c6-10-mm\/?wmc-currency=EUR\" \/>\n<meta property=\"og:site_name\" content=\"MORIA DESIGN\" \/>\n<meta property=\"article:modified_time\" content=\"2026-02-02T12:02:11+00:00\" \/>\n<meta property=\"og:image\" content=\"https:\/\/www.moriadesign.pl\/wp-content\/uploads\/2022\/12\/N-10.2.10.m_8.png\" \/>\n\t<meta property=\"og:image:width\" content=\"1600\" \/>\n\t<meta property=\"og:image:height\" content=\"1600\" \/>\n\t<meta property=\"og:image:type\" content=\"image\/png\" \/>\n<meta name=\"twitter:card\" content=\"summary_large_image\" \/>\n<script type=\"application\/ld+json\" class=\"yoast-schema-graph\">{\"@context\":\"https:\/\/schema.org\",\"@graph\":[{\"@type\":\"WebPage\",\"@id\":\"https:\/\/www.moriadesign.pl\/produkt\/hairpin-leg-n-03-2-10-l30-cm-2-prety-%cf%86-10-mm\/\",\"url\":\"https:\/\/www.moriadesign.pl\/produkt\/hairpin-leg-n-03-2-10-l30-cm-2-prety-%cf%86-10-mm\/\",\"name\":\"Hairpin leg N-03.2.10 [l=30 cm, 2 pr\u0119ty \u03a6 10 mm] - MORIA DESIGN\",\"isPartOf\":{\"@id\":\"https:\/\/www.moriadesign.pl\/#website\"},\"datePublished\":\"2022-12-20T10:41:17+00:00\",\"dateModified\":\"2026-02-02T12:02:11+00:00\",\"description\":\"Oferujemy wyprodukowane w Polsce nogi hairpin legs w najkorzystniejszym stosunku jako\u015bci do ceny. B\u0142yskawiczna dostawa. Standardowe rozmiary od 10 do 95 cm.\",\"breadcrumb\":{\"@id\":\"https:\/\/www.moriadesign.pl\/produkt\/hairpin-leg-n-03-2-10-l30-cm-2-prety-%cf%86-10-mm\/#breadcrumb\"},\"inLanguage\":\"fr-FR\",\"potentialAction\":[{\"@type\":\"ReadAction\",\"target\":[\"https:\/\/www.moriadesign.pl\/produkt\/hairpin-leg-n-03-2-10-l30-cm-2-prety-%cf%86-10-mm\/\"]}]},{\"@type\":\"BreadcrumbList\",\"@id\":\"https:\/\/www.moriadesign.pl\/produkt\/hairpin-leg-n-03-2-10-l30-cm-2-prety-%cf%86-10-mm\/#breadcrumb\",\"itemListElement\":[{\"@type\":\"ListItem\",\"position\":1,\"name\":\"Strona g\u0142\u00f3wna\",\"item\":\"https:\/\/www.moriadesign.pl\/\"},{\"@type\":\"ListItem\",\"position\":2,\"name\":\"Sklep\",\"item\":\"https:\/\/www.moriadesign.pl\/sklep\/\"},{\"@type\":\"ListItem\",\"position\":3,\"name\":\"Hairpin leg N-03.2.10 [l=30 cm, 2 pr\u0119ty \u03a6 10 mm]\"}]},{\"@type\":\"WebSite\",\"@id\":\"https:\/\/www.moriadesign.pl\/#website\",\"url\":\"https:\/\/www.moriadesign.pl\/\",\"name\":\"MORIA DESIGN\",\"description\":\"okucia do mebli, domu i ogrodu\",\"potentialAction\":[{\"@type\":\"SearchAction\",\"target\":{\"@type\":\"EntryPoint\",\"urlTemplate\":\"https:\/\/www.moriadesign.pl\/?s={search_term_string}\"},\"query-input\":\"required name=search_term_string\"}],\"inLanguage\":\"fr-FR\"}]}<\/script>\n<!-- \/ Yoast SEO plugin. -->","yoast_head_json":{"title":"Hairpin leg N-03.2.10 [l=30 cm, 2 pr\u0119ty \u03a6 10 mm] - MORIA DESIGN","description":"Oferujemy wyprodukowane w Polsce nogi hairpin legs w najkorzystniejszym stosunku jako\u015bci do ceny. B\u0142yskawiczna dostawa. Standardowe rozmiary od 10 do 95 cm.","robots":{"index":"index","follow":"follow","max-snippet":"max-snippet:-1","max-image-preview":"max-image-preview:large","max-video-preview":"max-video-preview:-1"},"canonical":"https:\/\/www.moriadesign.pl\/fr\/produit\/hairpin-leg-n-03-2-10-l30-cm-2-prety-\u03c6-10-mm\/?wmc-currency=EUR","og_locale":"fr_FR","og_type":"article","og_title":"Hairpin leg N-03.2.10 [l=30 cm, 2 pr\u0119ty \u03a6 10 mm] - MORIA DESIGN","og_description":"Oferujemy wyprodukowane w Polsce nogi hairpin legs w najkorzystniejszym stosunku jako\u015bci do ceny. B\u0142yskawiczna dostawa. Standardowe rozmiary od 10 do 95 cm.","og_url":"https:\/\/www.moriadesign.pl\/fr\/produit\/hairpin-leg-n-03-2-10-l30-cm-2-prety-\u03c6-10-mm\/?wmc-currency=EUR","og_site_name":"MORIA DESIGN","article_modified_time":"2026-02-02T12:02:11+00:00","og_image":[{"width":1600,"height":1600,"url":"https:\/\/www.moriadesign.pl\/wp-content\/uploads\/2022\/12\/N-10.2.10.m_8.png","type":"image\/png"}],"twitter_card":"summary_large_image","schema":{"@context":"https:\/\/schema.org","@graph":[{"@type":"WebPage","@id":"https:\/\/www.moriadesign.pl\/produkt\/hairpin-leg-n-03-2-10-l30-cm-2-prety-%cf%86-10-mm\/","url":"https:\/\/www.moriadesign.pl\/produkt\/hairpin-leg-n-03-2-10-l30-cm-2-prety-%cf%86-10-mm\/","name":"Hairpin leg N-03.2.10 [l=30 cm, 2 pr\u0119ty \u03a6 10 mm] - MORIA DESIGN","isPartOf":{"@id":"https:\/\/www.moriadesign.pl\/#website"},"datePublished":"2022-12-20T10:41:17+00:00","dateModified":"2026-02-02T12:02:11+00:00","description":"Oferujemy wyprodukowane w Polsce nogi hairpin legs w najkorzystniejszym stosunku jako\u015bci do ceny. B\u0142yskawiczna dostawa. Standardowe rozmiary od 10 do 95 cm.","breadcrumb":{"@id":"https:\/\/www.moriadesign.pl\/produkt\/hairpin-leg-n-03-2-10-l30-cm-2-prety-%cf%86-10-mm\/#breadcrumb"},"inLanguage":"fr-FR","potentialAction":[{"@type":"ReadAction","target":["https:\/\/www.moriadesign.pl\/produkt\/hairpin-leg-n-03-2-10-l30-cm-2-prety-%cf%86-10-mm\/"]}]},{"@type":"BreadcrumbList","@id":"https:\/\/www.moriadesign.pl\/produkt\/hairpin-leg-n-03-2-10-l30-cm-2-prety-%cf%86-10-mm\/#breadcrumb","itemListElement":[{"@type":"ListItem","position":1,"name":"Strona g\u0142\u00f3wna","item":"https:\/\/www.moriadesign.pl\/"},{"@type":"ListItem","position":2,"name":"Sklep","item":"https:\/\/www.moriadesign.pl\/sklep\/"},{"@type":"ListItem","position":3,"name":"Hairpin leg N-03.2.10 [l=30 cm, 2 pr\u0119ty \u03a6 10 mm]"}]},{"@type":"WebSite","@id":"https:\/\/www.moriadesign.pl\/#website","url":"https:\/\/www.moriadesign.pl\/","name":"MORIA DESIGN","description":"okucia do mebli, domu i ogrodu","potentialAction":[{"@type":"SearchAction","target":{"@type":"EntryPoint","urlTemplate":"https:\/\/www.moriadesign.pl\/?s={search_term_string}"},"query-input":"required name=search_term_string"}],"inLanguage":"fr-FR"}]}},"_links":{"self":[{"href":"https:\/\/www.moriadesign.pl\/fr\/wp-json\/wp\/v2\/product\/1209"}],"collection":[{"href":"https:\/\/www.moriadesign.pl\/fr\/wp-json\/wp\/v2\/product"}],"about":[{"href":"https:\/\/www.moriadesign.pl\/fr\/wp-json\/wp\/v2\/types\/product"}],"wp:featuredmedia":[{"embeddable":true,"href":"https:\/\/www.moriadesign.pl\/fr\/wp-json\/wp\/v2\/media\/1109"}],"wp:attachment":[{"href":"https:\/\/www.moriadesign.pl\/fr\/wp-json\/wp\/v2\/media?parent=1209"}],"wp:term":[{"taxonomy":"product_cat","embeddable":true,"href":"https:\/\/www.moriadesign.pl\/fr\/wp-json\/wp\/v2\/product_cat?post=1209"},{"taxonomy":"product_tag","embeddable":true,"href":"https:\/\/www.moriadesign.pl\/fr\/wp-json\/wp\/v2\/product_tag?post=1209"}],"curies":[{"name":"wp","href":"https:\/\/api.w.org\/{rel}","templated":true}]}}