{"id":1001,"date":"2022-12-11T09:08:33","date_gmt":"2022-12-11T08:08:33","guid":{"rendered":"https:\/\/www.moriadesign.pl\/?post_type=product&#038;p=1001"},"modified":"2026-01-31T16:11:40","modified_gmt":"2026-01-31T15:11:40","slug":"zestaw-4-x-hairpin-leg-n-06-3-12-b-ex4-l48-cm-3-prety-%cf%86-12-mm","status":"publish","type":"product","link":"https:\/\/www.moriadesign.pl\/fr\/produit\/zestaw-4-x-hairpin-leg-n-06-3-12-b-ex4-l48-cm-3-prety-%cf%86-12-mm\/","title":{"rendered":"Jeu de 4 x pieds en \u00e9pingle \u00e0 cheveux N-06.3.12.b.ex4 [l=48 cm, 3 tiges \u03a6 12 mm]."},"content":{"rendered":"<h2>Caract\u00e9ristiques et avantages :<\/h2>\n<ul>\n<li>comprend 16 vis pour le montage &gt; <strong>de l'\u00e9pargne ;<\/strong><\/li>\n<li>comprend 4 pieds de protection du sol &gt; <strong>fonctionnelle ;<\/strong><\/li>\n<li>en acier de haute qualit\u00e9 &gt;\u00a0<b>\u00e9ternel ;<\/b><\/li>\n<li>trous de fixation chanfrein\u00e9s et soudures invisibles &gt; <b>esth\u00e9tique ;<\/b><\/li>\n<li>Rev\u00eatement par poudre en noir mat (z\u00e9ro brillance, structure fine) - beaucoup plus r\u00e9sistantes aux dommages que les peintures liquides en a\u00e9rosol, les peintures en poudre sont totalement s\u00fbres pour l'homme et l'environnement.\u00a0<b>durable et d'une finition \u00e9l\u00e9gante ;<\/b><\/li>\n<li>Dimensions : \u00e9paisseur de la t\u00f4le - 4 mm, \u03a6 des trous de montage - 5,2 mm, 3 tiges \u03a6 12 mm &gt;. <b>massif ;<\/b><\/li>\n<li>dimensions maximales : largeur - 120 mm, longueur - 120 mm, hauteur - 480 mm &gt; <b>neat.<\/b><\/li>\n<\/ul>\n<h2>Application :<\/h2>\n<ul>\n<li>pour les tabourets, les armoires, les tables.<\/li>\n<\/ul>","protected":false},"excerpt":{"rendered":"<p>Cechy i zalety: zawiera 16 \u015brub do monta\u017cu &gt; oszcz\u0119dno\u015b\u0107; zawiera 4 stopki chroni\u0105ce pod\u0142og\u0119 &gt; funkcjonalny; wykonany z wysokiej gatunkowo stali &gt;\u00a0wieczny; fazowane otwory monta\u017cowe i niewidoczne spawy &gt; estetyczny; pomalowany farb\u0105 proszkow\u0105\u00a0 w kolorze czarny mat (zero po\u0142ysku, drobna struktura) \u2013 zdecydowanie wy\u017csza odporno\u015b\u0107 na uszkodzenia od ciek\u0142ych farb natryskowych, farby proszkowe s\u0105&#8230;<\/p>","protected":false},"featured_media":973,"template":"","meta":{"inline_featured_image":false},"product_cat":[27],"product_tag":[],"acf":[],"yoast_head":"<!-- This site is optimized with the Yoast SEO plugin v20.2 - https:\/\/yoast.com\/wordpress\/plugins\/seo\/ -->\n<title>Zestaw 4 x Hairpin leg N-06.3.12.b.ex4 [l=48 cm, 3 pr\u0119ty \u03a6 12 mm] - MORIA DESIGN<\/title>\n<meta name=\"robots\" content=\"index, follow, max-snippet:-1, max-image-preview:large, max-video-preview:-1\" \/>\n<link rel=\"canonical\" href=\"https:\/\/www.moriadesign.pl\/fr\/produit\/zestaw-4-x-hairpin-leg-n-06-3-12-b-ex4-l48-cm-3-prety-\u03c6-12-mm\/?wmc-currency=EUR\" \/>\n<meta property=\"og:locale\" content=\"fr_FR\" \/>\n<meta property=\"og:type\" content=\"article\" \/>\n<meta property=\"og:title\" content=\"Zestaw 4 x Hairpin leg N-06.3.12.b.ex4 [l=48 cm, 3 pr\u0119ty \u03a6 12 mm] - MORIA DESIGN\" \/>\n<meta property=\"og:description\" content=\"Cechy i zalety: zawiera 16 \u015brub do monta\u017cu &gt; oszcz\u0119dno\u015b\u0107; zawiera 4 stopki chroni\u0105ce pod\u0142og\u0119 &gt; funkcjonalny; wykonany z wysokiej gatunkowo stali &gt;\u00a0wieczny; fazowane otwory monta\u017cowe i niewidoczne spawy &gt; estetyczny; pomalowany farb\u0105 proszkow\u0105\u00a0 w kolorze czarny mat (zero po\u0142ysku, drobna struktura) \u2013 zdecydowanie wy\u017csza odporno\u015b\u0107 na uszkodzenia od ciek\u0142ych farb natryskowych, farby proszkowe s\u0105...\" \/>\n<meta property=\"og:url\" content=\"https:\/\/www.moriadesign.pl\/fr\/produit\/zestaw-4-x-hairpin-leg-n-06-3-12-b-ex4-l48-cm-3-prety-\u03c6-12-mm\/?wmc-currency=EUR\" \/>\n<meta property=\"og:site_name\" content=\"MORIA DESIGN\" \/>\n<meta property=\"article:modified_time\" content=\"2026-01-31T15:11:40+00:00\" \/>\n<meta property=\"og:image\" content=\"https:\/\/www.moriadesign.pl\/wp-content\/uploads\/2022\/12\/N-05.3.10.b.ex4_1.jpg\" \/>\n\t<meta property=\"og:image:width\" content=\"1600\" \/>\n\t<meta property=\"og:image:height\" content=\"1600\" \/>\n\t<meta property=\"og:image:type\" content=\"image\/jpeg\" \/>\n<meta name=\"twitter:card\" content=\"summary_large_image\" \/>\n<meta name=\"twitter:label1\" content=\"Dur\u00e9e de lecture estim\u00e9e\" \/>\n\t<meta name=\"twitter:data1\" content=\"1 minute\" \/>\n<script type=\"application\/ld+json\" class=\"yoast-schema-graph\">{\"@context\":\"https:\/\/schema.org\",\"@graph\":[{\"@type\":\"WebPage\",\"@id\":\"https:\/\/www.moriadesign.pl\/produkt\/zestaw-4-x-hairpin-leg-n-06-3-12-b-ex4-l48-cm-3-prety-%cf%86-12-mm\/\",\"url\":\"https:\/\/www.moriadesign.pl\/produkt\/zestaw-4-x-hairpin-leg-n-06-3-12-b-ex4-l48-cm-3-prety-%cf%86-12-mm\/\",\"name\":\"Zestaw 4 x Hairpin leg N-06.3.12.b.ex4 [l=48 cm, 3 pr\u0119ty \u03a6 12 mm] - MORIA DESIGN\",\"isPartOf\":{\"@id\":\"https:\/\/www.moriadesign.pl\/#website\"},\"datePublished\":\"2022-12-11T08:08:33+00:00\",\"dateModified\":\"2026-01-31T15:11:40+00:00\",\"breadcrumb\":{\"@id\":\"https:\/\/www.moriadesign.pl\/produkt\/zestaw-4-x-hairpin-leg-n-06-3-12-b-ex4-l48-cm-3-prety-%cf%86-12-mm\/#breadcrumb\"},\"inLanguage\":\"fr-FR\",\"potentialAction\":[{\"@type\":\"ReadAction\",\"target\":[\"https:\/\/www.moriadesign.pl\/produkt\/zestaw-4-x-hairpin-leg-n-06-3-12-b-ex4-l48-cm-3-prety-%cf%86-12-mm\/\"]}]},{\"@type\":\"BreadcrumbList\",\"@id\":\"https:\/\/www.moriadesign.pl\/produkt\/zestaw-4-x-hairpin-leg-n-06-3-12-b-ex4-l48-cm-3-prety-%cf%86-12-mm\/#breadcrumb\",\"itemListElement\":[{\"@type\":\"ListItem\",\"position\":1,\"name\":\"Strona g\u0142\u00f3wna\",\"item\":\"https:\/\/www.moriadesign.pl\/\"},{\"@type\":\"ListItem\",\"position\":2,\"name\":\"Sklep\",\"item\":\"https:\/\/www.moriadesign.pl\/sklep\/\"},{\"@type\":\"ListItem\",\"position\":3,\"name\":\"Zestaw 4 x Hairpin leg N-06.3.12.b.ex4 [l=48 cm, 3 pr\u0119ty \u03a6 12 mm]\"}]},{\"@type\":\"WebSite\",\"@id\":\"https:\/\/www.moriadesign.pl\/#website\",\"url\":\"https:\/\/www.moriadesign.pl\/\",\"name\":\"MORIA DESIGN\",\"description\":\"okucia do mebli, domu i ogrodu\",\"potentialAction\":[{\"@type\":\"SearchAction\",\"target\":{\"@type\":\"EntryPoint\",\"urlTemplate\":\"https:\/\/www.moriadesign.pl\/?s={search_term_string}\"},\"query-input\":\"required name=search_term_string\"}],\"inLanguage\":\"fr-FR\"}]}<\/script>\n<!-- \/ Yoast SEO plugin. -->","yoast_head_json":{"title":"Zestaw 4 x Hairpin leg N-06.3.12.b.ex4 [l=48 cm, 3 pr\u0119ty \u03a6 12 mm] - MORIA DESIGN","robots":{"index":"index","follow":"follow","max-snippet":"max-snippet:-1","max-image-preview":"max-image-preview:large","max-video-preview":"max-video-preview:-1"},"canonical":"https:\/\/www.moriadesign.pl\/fr\/produit\/zestaw-4-x-hairpin-leg-n-06-3-12-b-ex4-l48-cm-3-prety-\u03c6-12-mm\/?wmc-currency=EUR","og_locale":"fr_FR","og_type":"article","og_title":"Zestaw 4 x Hairpin leg N-06.3.12.b.ex4 [l=48 cm, 3 pr\u0119ty \u03a6 12 mm] - MORIA DESIGN","og_description":"Cechy i zalety: zawiera 16 \u015brub do monta\u017cu &gt; oszcz\u0119dno\u015b\u0107; zawiera 4 stopki chroni\u0105ce pod\u0142og\u0119 &gt; funkcjonalny; wykonany z wysokiej gatunkowo stali &gt;\u00a0wieczny; fazowane otwory monta\u017cowe i niewidoczne spawy &gt; estetyczny; pomalowany farb\u0105 proszkow\u0105\u00a0 w kolorze czarny mat (zero po\u0142ysku, drobna struktura) \u2013 zdecydowanie wy\u017csza odporno\u015b\u0107 na uszkodzenia od ciek\u0142ych farb natryskowych, farby proszkowe s\u0105...","og_url":"https:\/\/www.moriadesign.pl\/fr\/produit\/zestaw-4-x-hairpin-leg-n-06-3-12-b-ex4-l48-cm-3-prety-\u03c6-12-mm\/?wmc-currency=EUR","og_site_name":"MORIA DESIGN","article_modified_time":"2026-01-31T15:11:40+00:00","og_image":[{"width":1600,"height":1600,"url":"https:\/\/www.moriadesign.pl\/wp-content\/uploads\/2022\/12\/N-05.3.10.b.ex4_1.jpg","type":"image\/jpeg"}],"twitter_card":"summary_large_image","twitter_misc":{"Dur\u00e9e de lecture estim\u00e9e":"1 minute"},"schema":{"@context":"https:\/\/schema.org","@graph":[{"@type":"WebPage","@id":"https:\/\/www.moriadesign.pl\/produkt\/zestaw-4-x-hairpin-leg-n-06-3-12-b-ex4-l48-cm-3-prety-%cf%86-12-mm\/","url":"https:\/\/www.moriadesign.pl\/produkt\/zestaw-4-x-hairpin-leg-n-06-3-12-b-ex4-l48-cm-3-prety-%cf%86-12-mm\/","name":"Zestaw 4 x Hairpin leg N-06.3.12.b.ex4 [l=48 cm, 3 pr\u0119ty \u03a6 12 mm] - MORIA DESIGN","isPartOf":{"@id":"https:\/\/www.moriadesign.pl\/#website"},"datePublished":"2022-12-11T08:08:33+00:00","dateModified":"2026-01-31T15:11:40+00:00","breadcrumb":{"@id":"https:\/\/www.moriadesign.pl\/produkt\/zestaw-4-x-hairpin-leg-n-06-3-12-b-ex4-l48-cm-3-prety-%cf%86-12-mm\/#breadcrumb"},"inLanguage":"fr-FR","potentialAction":[{"@type":"ReadAction","target":["https:\/\/www.moriadesign.pl\/produkt\/zestaw-4-x-hairpin-leg-n-06-3-12-b-ex4-l48-cm-3-prety-%cf%86-12-mm\/"]}]},{"@type":"BreadcrumbList","@id":"https:\/\/www.moriadesign.pl\/produkt\/zestaw-4-x-hairpin-leg-n-06-3-12-b-ex4-l48-cm-3-prety-%cf%86-12-mm\/#breadcrumb","itemListElement":[{"@type":"ListItem","position":1,"name":"Strona g\u0142\u00f3wna","item":"https:\/\/www.moriadesign.pl\/"},{"@type":"ListItem","position":2,"name":"Sklep","item":"https:\/\/www.moriadesign.pl\/sklep\/"},{"@type":"ListItem","position":3,"name":"Zestaw 4 x Hairpin leg N-06.3.12.b.ex4 [l=48 cm, 3 pr\u0119ty \u03a6 12 mm]"}]},{"@type":"WebSite","@id":"https:\/\/www.moriadesign.pl\/#website","url":"https:\/\/www.moriadesign.pl\/","name":"MORIA DESIGN","description":"okucia do mebli, domu i ogrodu","potentialAction":[{"@type":"SearchAction","target":{"@type":"EntryPoint","urlTemplate":"https:\/\/www.moriadesign.pl\/?s={search_term_string}"},"query-input":"required name=search_term_string"}],"inLanguage":"fr-FR"}]}},"_links":{"self":[{"href":"https:\/\/www.moriadesign.pl\/fr\/wp-json\/wp\/v2\/product\/1001"}],"collection":[{"href":"https:\/\/www.moriadesign.pl\/fr\/wp-json\/wp\/v2\/product"}],"about":[{"href":"https:\/\/www.moriadesign.pl\/fr\/wp-json\/wp\/v2\/types\/product"}],"wp:featuredmedia":[{"embeddable":true,"href":"https:\/\/www.moriadesign.pl\/fr\/wp-json\/wp\/v2\/media\/973"}],"wp:attachment":[{"href":"https:\/\/www.moriadesign.pl\/fr\/wp-json\/wp\/v2\/media?parent=1001"}],"wp:term":[{"taxonomy":"product_cat","embeddable":true,"href":"https:\/\/www.moriadesign.pl\/fr\/wp-json\/wp\/v2\/product_cat?post=1001"},{"taxonomy":"product_tag","embeddable":true,"href":"https:\/\/www.moriadesign.pl\/fr\/wp-json\/wp\/v2\/product_tag?post=1001"}],"curies":[{"name":"wp","href":"https:\/\/api.w.org\/{rel}","templated":true}]}}