{"id":360,"date":"2022-11-10T10:38:28","date_gmt":"2022-11-10T09:38:28","guid":{"rendered":"https:\/\/www.moriadesign.pl\/?page_id=360"},"modified":"2026-04-23T12:02:08","modified_gmt":"2026-04-23T10:02:08","slug":"zwrot","status":"publish","type":"page","link":"https:\/\/www.moriadesign.pl\/fr\/retour\/","title":{"rendered":"Retour"},"content":{"rendered":"<section class=\"l-section wpb_row height_small\"><div class=\"l-section-h i-cf\"><div class=\"g-cols vc_row via_flex valign_middle type_default reversed stacking_default\"><div class=\"vc_col-sm-12 wpb_column vc_column_container\"><div class=\"vc_column-inner\"><div class=\"wpb_wrapper\"><h1 class=\"w-post-elm post_title entry-title color_link_inherit\">Retour<\/h1><div class=\"w-separator size_small\"><\/div><div class=\"wpb_text_column us_custom_baf8849b\"><div class=\"wpb_wrapper\"><p>En cas d'annulation de votre commande, nous sommes d\u00e9sol\u00e9s, cependant <strong>nous garantissons le remboursement du montant pay\u00e9 pour la commande dans les 14 jours suivant la r\u00e9ception du colis<\/strong> \u00e0 condition que tous les articles de la commande soient retourn\u00e9s dans un \u00e9tat intact. Cela signifie que le produit ne doit pas \u00eatre endommag\u00e9, modifi\u00e9 ou pr\u00e9senter des signes d'utilisation. En outre, le produit doit comporter toutes les \u00e9tiquettes, le cas \u00e9ch\u00e9ant. Un produit vendu en tant qu'ensemble ne peut \u00eatre retourn\u00e9 en pi\u00e8ces d\u00e9tach\u00e9es, mais uniquement dans son int\u00e9gralit\u00e9, tel qu'il a \u00e9t\u00e9 achet\u00e9.<\/p>\n<p><strong>VOUS POUVEZ RETOURNER VOTRE ACHAT EN QUELQUES \u00c9TAPES SIMPLES :<\/strong><\/p>\n<ol>\n<li>Remplir <a href=\"\/wp-content\/uploads\/2025\/09\/Formularz_zwrotu_2025_09_12.pdf\" target=\"_blank\" rel=\"noopener\">Formulaire de retour disponible ici<\/a>et l'envoyer \u00e0 <a href=\"mailto:sklep@moriadesign.pl\">sklep@moriadesign.pl<\/a>. Vous pouvez \u00e9galement envoyer votre candidature par courrier, \u00e0 l'adresse de nos bureaux.<\/li>\n<li>Emballez soigneusement les marchandises pour qu'elles ne soient pas endommag\u00e9es pendant le transport.<\/li>\n<li>Joignez \u00e0 votre colis un formulaire de retour d\u00fbment rempli et imprim\u00e9.<br \/>\nIndiquez sur le colis le num\u00e9ro de la commande que vous retournez. L'absence de num\u00e9ro peut prolonger la reconnaissance du colis et le r\u00e8glement du remboursement.<\/li>\n<li>Suivant :\n<ul>\n<li>pour les commandes nationales, exp\u00e9di\u00e9es en Pologne &gt; envoyez les marchandises que vous souhaitez retourner \u00e0 l'adresse :<br \/>\n\" \u015aLUSARSTWO KAMI\u0143SKI \" Mateusz Kami\u0144ski<br \/>\nStromiec, 4 Stok Street, 26-804 Stromiec<\/li>\n<li>dans le cas de commandes \u00e9trang\u00e8res, exp\u00e9di\u00e9es sur le territoire de l'un des autres \u00c9tats membres de l'UE &gt; envoyer les marchandises que vous souhaitez retourner \u00e0 l'adresse que nous avons indiqu\u00e9e dans l'e-mail de r\u00e9ponse \u00e0 votre demande de retour.<\/li>\n<\/ul>\n<\/li>\n<li>Vous recevrez un remboursement pour le produit retourn\u00e9 dans les 14 jours suivant la r\u00e9ception du colis en stock et cela d\u00e9pendra de la m\u00e9thode de paiement d'origine :\n<ul>\n<li>en cas de contre-remboursement, le remboursement sera effectu\u00e9 par virement bancaire sur le compte que vous aurez indiqu\u00e9 sur le formulaire de retour ;<\/li>\n<li>en cas de paiement par virement bancaire (\u00e9galement par carte dans un distributeur de colis InPost, BLIK), le remboursement est effectu\u00e9 par virement sur le compte \u00e0 partir duquel vous avez envoy\u00e9 l'argent.<\/li>\n<\/ul>\n<\/li>\n<\/ol>\n<p>IMPORTANCE :<\/p>\n<ol>\n<li>Nous n'acceptons pas les retours \u00e0 la livraison.<\/li>\n<li>Nous ne remboursons pas les frais de livraison en cas de retour d'une commande.<\/li>\n<\/ol>\n<p><strong>Si vous avez des questions concernant les marchandises retourn\u00e9es, n'h\u00e9sitez pas \u00e0 nous contacter !<\/strong><br \/>\nAppelez-nous au :<br \/>\n<a href=\"tel:+48535815715\"><strong>+48 535 815 715<\/strong><\/a><br \/>\nNous travaillons pour vous du lundi au vendredi :<br \/>\n<strong>8:00 - 17:00.<\/strong><\/p>\n<h6>L'administrateur de vos donn\u00e9es personnelles est Mateusz Kami\u0144ski, qui exerce une activit\u00e9 commerciale sous le nom de \" \u015aLUSARSTWO KAMI\u0143SKI \" Mateusz Kami\u0144ski, dont le si\u00e8ge social est situ\u00e9 \u00e0 Stromiec (si\u00e8ge social et adresse de livraison : ul. Stok 4, 26-804 Stromiec) ; inscrit au Registre central des activit\u00e9s commerciales et des informations ; NIP : 7981467585 ; REGON : 146218800, <a href=\"mailto:biuro@moriadesign.pl\">biuro@moriadesign.pl<\/a><\/h6>\n<\/div><\/div><div class=\"w-separator size_small\"><\/div><div class=\"w-btn-wrapper align_none\"><a class=\"w-btn us-btn-style_1 icon_atright\" target=\"_blank\" href=\"\/wp-content\/uploads\/2025\/09\/Formularz_zwrotu_2025_09_12.pdf\" rel=\"noopener\"><span class=\"w-btn-label\">Formulaire t\u00e9l\u00e9chargeable<\/span><i class=\"material-icons\" data-no-translation=\"\">file_download<\/i><\/a><\/div><\/div><\/div><\/div><\/div><\/div><\/section>","protected":false},"excerpt":{"rendered":"ZwrotW przypadku Twojej rezygnacji z zam\u00f3wienia b\u0119dzie nam przykro, aczkolwiek gwarantujemy zwrot zap\u0142aconej kwoty za zam\u00f3wienie w ci\u0105gu 14 dni od momentu odbioru przesy\u0142ki pod warunkiem, \u017ce wszystkie elementy zam\u00f3wienia zostan\u0105 zwr\u00f3cone w niezmienionym stanie. Oznacza to, \u017ce produkt nie mo\u017ce by\u0107 uszkodzony, zmodyfikowany, nosi\u0107 \u015blad\u00f3w u\u017cycia. Ponadto, produkt powinien posiada\u0107 wszystkie metki i etykiety,...","protected":false},"author":1,"featured_media":0,"parent":0,"menu_order":3,"comment_status":"closed","ping_status":"closed","template":"","meta":{"inline_featured_image":false},"acf":[],"yoast_head":"<!-- This site is optimized with the Yoast SEO plugin v20.2 - https:\/\/yoast.com\/wordpress\/plugins\/seo\/ -->\n<title>Zwrot - MORIA DESIGN<\/title>\n<meta name=\"robots\" content=\"noindex, follow\" \/>\n<meta property=\"og:locale\" content=\"fr_FR\" \/>\n<meta property=\"og:type\" content=\"article\" \/>\n<meta property=\"og:title\" content=\"Zwrot - MORIA DESIGN\" \/>\n<meta property=\"og:url\" content=\"https:\/\/www.moriadesign.pl\/fr\/retour\/?wmc-currency=EUR\" \/>\n<meta property=\"og:site_name\" content=\"MORIA DESIGN\" \/>\n<meta property=\"article:modified_time\" content=\"2026-04-23T10:02:08+00:00\" \/>\n<meta name=\"twitter:card\" content=\"summary_large_image\" \/>\n<meta name=\"twitter:label1\" content=\"Dur\u00e9e de lecture estim\u00e9e\" \/>\n\t<meta name=\"twitter:data1\" content=\"5 minutes\" \/>\n<script type=\"application\/ld+json\" class=\"yoast-schema-graph\">{\"@context\":\"https:\/\/schema.org\",\"@graph\":[{\"@type\":\"WebPage\",\"@id\":\"https:\/\/www.moriadesign.pl\/zwrot\/\",\"url\":\"https:\/\/www.moriadesign.pl\/zwrot\/\",\"name\":\"Zwrot - MORIA DESIGN\",\"isPartOf\":{\"@id\":\"https:\/\/www.moriadesign.pl\/#website\"},\"datePublished\":\"2022-11-10T09:38:28+00:00\",\"dateModified\":\"2026-04-23T10:02:08+00:00\",\"breadcrumb\":{\"@id\":\"https:\/\/www.moriadesign.pl\/zwrot\/#breadcrumb\"},\"inLanguage\":\"fr-FR\",\"potentialAction\":[{\"@type\":\"ReadAction\",\"target\":[\"https:\/\/www.moriadesign.pl\/zwrot\/\"]}]},{\"@type\":\"BreadcrumbList\",\"@id\":\"https:\/\/www.moriadesign.pl\/zwrot\/#breadcrumb\",\"itemListElement\":[{\"@type\":\"ListItem\",\"position\":1,\"name\":\"Strona g\u0142\u00f3wna\",\"item\":\"https:\/\/www.moriadesign.pl\/\"},{\"@type\":\"ListItem\",\"position\":2,\"name\":\"Zwrot\"}]},{\"@type\":\"WebSite\",\"@id\":\"https:\/\/www.moriadesign.pl\/#website\",\"url\":\"https:\/\/www.moriadesign.pl\/\",\"name\":\"MORIA DESIGN\",\"description\":\"okucia do mebli, domu i ogrodu\",\"potentialAction\":[{\"@type\":\"SearchAction\",\"target\":{\"@type\":\"EntryPoint\",\"urlTemplate\":\"https:\/\/www.moriadesign.pl\/?s={search_term_string}\"},\"query-input\":\"required name=search_term_string\"}],\"inLanguage\":\"fr-FR\"}]}<\/script>\n<!-- \/ Yoast SEO plugin. -->","yoast_head_json":{"title":"Zwrot - MORIA DESIGN","robots":{"index":"noindex","follow":"follow"},"og_locale":"fr_FR","og_type":"article","og_title":"Zwrot - MORIA DESIGN","og_url":"https:\/\/www.moriadesign.pl\/fr\/retour\/?wmc-currency=EUR","og_site_name":"MORIA DESIGN","article_modified_time":"2026-04-23T10:02:08+00:00","twitter_card":"summary_large_image","twitter_misc":{"Dur\u00e9e de lecture estim\u00e9e":"5 minutes"},"schema":{"@context":"https:\/\/schema.org","@graph":[{"@type":"WebPage","@id":"https:\/\/www.moriadesign.pl\/zwrot\/","url":"https:\/\/www.moriadesign.pl\/zwrot\/","name":"Zwrot - MORIA DESIGN","isPartOf":{"@id":"https:\/\/www.moriadesign.pl\/#website"},"datePublished":"2022-11-10T09:38:28+00:00","dateModified":"2026-04-23T10:02:08+00:00","breadcrumb":{"@id":"https:\/\/www.moriadesign.pl\/zwrot\/#breadcrumb"},"inLanguage":"fr-FR","potentialAction":[{"@type":"ReadAction","target":["https:\/\/www.moriadesign.pl\/zwrot\/"]}]},{"@type":"BreadcrumbList","@id":"https:\/\/www.moriadesign.pl\/zwrot\/#breadcrumb","itemListElement":[{"@type":"ListItem","position":1,"name":"Strona g\u0142\u00f3wna","item":"https:\/\/www.moriadesign.pl\/"},{"@type":"ListItem","position":2,"name":"Zwrot"}]},{"@type":"WebSite","@id":"https:\/\/www.moriadesign.pl\/#website","url":"https:\/\/www.moriadesign.pl\/","name":"MORIA DESIGN","description":"okucia do mebli, domu i ogrodu","potentialAction":[{"@type":"SearchAction","target":{"@type":"EntryPoint","urlTemplate":"https:\/\/www.moriadesign.pl\/?s={search_term_string}"},"query-input":"required name=search_term_string"}],"inLanguage":"fr-FR"}]}},"_links":{"self":[{"href":"https:\/\/www.moriadesign.pl\/fr\/wp-json\/wp\/v2\/pages\/360"}],"collection":[{"href":"https:\/\/www.moriadesign.pl\/fr\/wp-json\/wp\/v2\/pages"}],"about":[{"href":"https:\/\/www.moriadesign.pl\/fr\/wp-json\/wp\/v2\/types\/page"}],"author":[{"embeddable":true,"href":"https:\/\/www.moriadesign.pl\/fr\/wp-json\/wp\/v2\/users\/1"}],"replies":[{"embeddable":true,"href":"https:\/\/www.moriadesign.pl\/fr\/wp-json\/wp\/v2\/comments?post=360"}],"version-history":[{"count":18,"href":"https:\/\/www.moriadesign.pl\/fr\/wp-json\/wp\/v2\/pages\/360\/revisions"}],"predecessor-version":[{"id":5056,"href":"https:\/\/www.moriadesign.pl\/fr\/wp-json\/wp\/v2\/pages\/360\/revisions\/5056"}],"wp:attachment":[{"href":"https:\/\/www.moriadesign.pl\/fr\/wp-json\/wp\/v2\/media?parent=360"}],"curies":[{"name":"wp","href":"https:\/\/api.w.org\/{rel}","templated":true}]}}