{"id":358,"date":"2022-11-10T10:31:49","date_gmt":"2022-11-10T09:31:49","guid":{"rendered":"https:\/\/www.moriadesign.pl\/?page_id=358"},"modified":"2025-09-11T15:06:57","modified_gmt":"2025-09-11T13:06:57","slug":"dostawa-i-platnosci","status":"publish","type":"page","link":"https:\/\/www.moriadesign.pl\/fr\/livraison-et-paiement\/","title":{"rendered":"Livraison et paiement"},"content":{"rendered":"<section class=\"l-section wpb_row height_small\"><div class=\"l-section-h i-cf\"><div class=\"g-cols vc_row via_flex valign_middle type_default reversed stacking_default\"><div class=\"vc_col-sm-12 wpb_column vc_column_container\"><div class=\"vc_column-inner\"><div class=\"wpb_wrapper\"><h1 class=\"w-post-elm post_title entry-title color_link_inherit\">Livraison et paiement<\/h1><div class=\"w-separator size_small\"><\/div><div class=\"wpb_text_column us_custom_baf8849b\"><div class=\"wpb_wrapper\"><h3>PAIEMENT<\/h3>\n<p>Dans la boutique en ligne de MORIA DESIGN, vous pouvez r\u00e9gler votre commande de plusieurs mani\u00e8res : par paiement rapide en ligne (par exemple par carte de cr\u00e9dit ou BLIK), par virement bancaire traditionnel et par contre-remboursement.<\/p>\n<h4>Paiement rapide en ligne<\/h4>\n<p>Apr\u00e8s avoir s\u00e9lectionn\u00e9 ce mode de paiement, l'acheteur sera redirig\u00e9 vers la liste des banques puis vers la page de connexion de sa banque pr\u00e9f\u00e9r\u00e9e au moment de la finalisation de la commande. Une fois le paiement effectu\u00e9, il sera cr\u00e9dit\u00e9 selon les proc\u00e9dures de la banque et une fois qu'il aura \u00e9t\u00e9 re\u00e7u par MORIA DESIGN, la commande passera \u00e0 l'\u00e9tape suivante du traitement.<\/p>\n<h4>Contre remboursement<\/h4>\n<p>La commande peut \u00e9galement \u00eatre pay\u00e9e \u00e0 la livraison en esp\u00e8ces ou par carte de cr\u00e9dit aupr\u00e8s du transporteur qui livre le colis (si le transporteur s\u00e9lectionn\u00e9 a la possibilit\u00e9 de payer par carte).<\/p>\n<h3>LIVRAISON<\/h3>\n<p>Nous mettons tout en \u0153uvre pour que les produits que vous achetez vous parviennent le plus rapidement possible.<br \/>\nLes colis livr\u00e9s \u00e0 l'adresse indiqu\u00e9e, aux machines \u00e0 colis d'Inpost, sont pr\u00eats \u00e0 \u00eatre exp\u00e9di\u00e9s dans les 5 jours ouvrables \u00e0 compter de la date de finalisation de la transaction.<\/p>\n<p><strong>Frais de livraison pour un colis domestique sur le territoire de la Pologne, avec des dimensions maximales : 120,00 cm de longueur et la somme de toutes les dimensions jusqu'\u00e0 220,00 cm et un poids de colis jusqu'\u00e0 15,00 kg :<\/strong><\/p>\n<table>\n<thead>\n<tr>\n<td><strong>FORME DE LIVRAISON<\/strong><\/td>\n<td><strong>COMMANDE<\/strong><br \/>\n<strong>JUSQU'\u00c0 1 000 PLN<\/strong><\/td>\n<td><strong>COMMANDE<\/strong><br \/>\n<strong>1000 - 2000 PLN**<\/strong><\/td>\n<\/tr>\n<\/thead>\n<tbody>\n<tr>\n<td>Machine \u00e0 colis InPost*<\/td>\n<td>15,00 PLN<\/td>\n<td>GRATIS<\/td>\n<\/tr>\n<tr>\n<td>Courrier postal<\/td>\n<td>20,00 PLN<\/td>\n<td>GRATIS<\/td>\n<\/tr>\n<tr>\n<td>Courrier InPost - contre remboursement<\/td>\n<td>25,00 PLN<\/td>\n<td>GRATIS<\/td>\n<\/tr>\n<tr>\n<td>Courrier UPS<\/td>\n<td>20,00 PLN<\/td>\n<td>GRATIS<\/td>\n<\/tr>\n<tr>\n<td>Courrier UPS - contre remboursement<\/td>\n<td>25,00 PLN<\/td>\n<td>GRATIS<\/td>\n<\/tr>\n<tr>\n<td>Retrait en magasin<\/td>\n<td>GRATIS<\/td>\n<td>GRATIS<\/td>\n<\/tr>\n<\/tbody>\n<\/table>\n<p>*Les dimensions du colis ne doivent pas d\u00e9passer les dimensions maximales sp\u00e9cifi\u00e9es par InPost.<\/p>\n<p>**Pour les commandes sup\u00e9rieures \u00e0 \u00a32,000.00, veuillez nous contacter pour les frais de livraison.<\/p>\n<p><strong>Frais de livraison pour un colis international au sein de l'UE, avec des dimensions maximales : 2 x longueur + 2 x largeur + hauteur \u2264 300,00 cm, la hauteur \u00e9tant le c\u00f4t\u00e9 le plus long du colis et un poids de colis allant jusqu'\u00e0 15,00 kg :<\/strong><\/p>\n<ul>\n<li>livraison sur le territoire : Allemagne, R\u00e9publique tch\u00e8que, Slovaquie, Lituanie et Lettonie -. <strong>EUR 12.00<\/strong> (tous les produits sauf les supports \u00e0 v\u00e9los), <strong>EUR 25,00<\/strong> (supports \u00e0 v\u00e9los),<\/li>\n<li>livraison dans le reste de l'UE <strong>EUR 15,00<\/strong> (tous les produits sauf les supports \u00e0 v\u00e9los), <strong>30,00 EUR<\/strong> (supports \u00e0 v\u00e9los).<\/li>\n<\/ul>\n<\/div><\/div><\/div><\/div><\/div><\/div><\/div><\/section>","protected":false},"excerpt":{"rendered":"Dostawa i p\u0142atno\u015bciP\u0141ATNO\u015a\u0106 W sklepie internetowym MORIA DESIGN, za zam\u00f3wienie mo\u017cna zap\u0142aci\u0107 na kilka sposob\u00f3w: za pomoc\u0105 szybkiej p\u0142atno\u015bci online (np. kart\u0105 p\u0142atnicz\u0105 lub BLIKiem), przelewem tradycyjnym oraz za pobraniem. Szybka p\u0142atno\u015b\u0107 online Po wybraniu tej formy p\u0142atno\u015bci, w momencie finalizacji zam\u00f3wienia kupuj\u0105cy zostanie przekierowany do listy bank\u00f3w, a nast\u0119pnie na stron\u0119 logowania preferowanego przez...","protected":false},"author":1,"featured_media":0,"parent":0,"menu_order":5,"comment_status":"closed","ping_status":"closed","template":"","meta":{"inline_featured_image":false},"acf":[],"yoast_head":"<!-- This site is optimized with the Yoast SEO plugin v20.2 - https:\/\/yoast.com\/wordpress\/plugins\/seo\/ -->\n<title>Dostawa i p\u0142atno\u015bci - MORIA DESIGN<\/title>\n<meta name=\"robots\" content=\"noindex, follow\" \/>\n<meta property=\"og:locale\" content=\"fr_FR\" \/>\n<meta property=\"og:type\" content=\"article\" \/>\n<meta property=\"og:title\" content=\"Dostawa i p\u0142atno\u015bci - MORIA DESIGN\" \/>\n<meta property=\"og:url\" content=\"https:\/\/www.moriadesign.pl\/fr\/livraison-et-paiement\/?wmc-currency=EUR\" \/>\n<meta property=\"og:site_name\" content=\"MORIA DESIGN\" \/>\n<meta property=\"article:modified_time\" content=\"2025-09-11T13:06:57+00:00\" \/>\n<meta name=\"twitter:card\" content=\"summary_large_image\" \/>\n<meta name=\"twitter:label1\" content=\"Dur\u00e9e de lecture estim\u00e9e\" \/>\n\t<meta name=\"twitter:data1\" content=\"2 minutes\" \/>\n<script type=\"application\/ld+json\" class=\"yoast-schema-graph\">{\"@context\":\"https:\/\/schema.org\",\"@graph\":[{\"@type\":\"WebPage\",\"@id\":\"https:\/\/www.moriadesign.pl\/dostawa-i-platnosci\/\",\"url\":\"https:\/\/www.moriadesign.pl\/dostawa-i-platnosci\/\",\"name\":\"Dostawa i p\u0142atno\u015bci - MORIA DESIGN\",\"isPartOf\":{\"@id\":\"https:\/\/www.moriadesign.pl\/#website\"},\"datePublished\":\"2022-11-10T09:31:49+00:00\",\"dateModified\":\"2025-09-11T13:06:57+00:00\",\"breadcrumb\":{\"@id\":\"https:\/\/www.moriadesign.pl\/dostawa-i-platnosci\/#breadcrumb\"},\"inLanguage\":\"fr-FR\",\"potentialAction\":[{\"@type\":\"ReadAction\",\"target\":[\"https:\/\/www.moriadesign.pl\/dostawa-i-platnosci\/\"]}]},{\"@type\":\"BreadcrumbList\",\"@id\":\"https:\/\/www.moriadesign.pl\/dostawa-i-platnosci\/#breadcrumb\",\"itemListElement\":[{\"@type\":\"ListItem\",\"position\":1,\"name\":\"Strona g\u0142\u00f3wna\",\"item\":\"https:\/\/www.moriadesign.pl\/\"},{\"@type\":\"ListItem\",\"position\":2,\"name\":\"Dostawa i p\u0142atno\u015bci\"}]},{\"@type\":\"WebSite\",\"@id\":\"https:\/\/www.moriadesign.pl\/#website\",\"url\":\"https:\/\/www.moriadesign.pl\/\",\"name\":\"MORIA DESIGN\",\"description\":\"okucia do mebli, domu i ogrodu\",\"potentialAction\":[{\"@type\":\"SearchAction\",\"target\":{\"@type\":\"EntryPoint\",\"urlTemplate\":\"https:\/\/www.moriadesign.pl\/?s={search_term_string}\"},\"query-input\":\"required name=search_term_string\"}],\"inLanguage\":\"fr-FR\"}]}<\/script>\n<!-- \/ Yoast SEO plugin. -->","yoast_head_json":{"title":"Dostawa i p\u0142atno\u015bci - MORIA DESIGN","robots":{"index":"noindex","follow":"follow"},"og_locale":"fr_FR","og_type":"article","og_title":"Dostawa i p\u0142atno\u015bci - MORIA DESIGN","og_url":"https:\/\/www.moriadesign.pl\/fr\/livraison-et-paiement\/?wmc-currency=EUR","og_site_name":"MORIA DESIGN","article_modified_time":"2025-09-11T13:06:57+00:00","twitter_card":"summary_large_image","twitter_misc":{"Dur\u00e9e de lecture estim\u00e9e":"2 minutes"},"schema":{"@context":"https:\/\/schema.org","@graph":[{"@type":"WebPage","@id":"https:\/\/www.moriadesign.pl\/dostawa-i-platnosci\/","url":"https:\/\/www.moriadesign.pl\/dostawa-i-platnosci\/","name":"Dostawa i p\u0142atno\u015bci - MORIA DESIGN","isPartOf":{"@id":"https:\/\/www.moriadesign.pl\/#website"},"datePublished":"2022-11-10T09:31:49+00:00","dateModified":"2025-09-11T13:06:57+00:00","breadcrumb":{"@id":"https:\/\/www.moriadesign.pl\/dostawa-i-platnosci\/#breadcrumb"},"inLanguage":"fr-FR","potentialAction":[{"@type":"ReadAction","target":["https:\/\/www.moriadesign.pl\/dostawa-i-platnosci\/"]}]},{"@type":"BreadcrumbList","@id":"https:\/\/www.moriadesign.pl\/dostawa-i-platnosci\/#breadcrumb","itemListElement":[{"@type":"ListItem","position":1,"name":"Strona g\u0142\u00f3wna","item":"https:\/\/www.moriadesign.pl\/"},{"@type":"ListItem","position":2,"name":"Dostawa i p\u0142atno\u015bci"}]},{"@type":"WebSite","@id":"https:\/\/www.moriadesign.pl\/#website","url":"https:\/\/www.moriadesign.pl\/","name":"MORIA DESIGN","description":"okucia do mebli, domu i ogrodu","potentialAction":[{"@type":"SearchAction","target":{"@type":"EntryPoint","urlTemplate":"https:\/\/www.moriadesign.pl\/?s={search_term_string}"},"query-input":"required name=search_term_string"}],"inLanguage":"fr-FR"}]}},"_links":{"self":[{"href":"https:\/\/www.moriadesign.pl\/fr\/wp-json\/wp\/v2\/pages\/358"}],"collection":[{"href":"https:\/\/www.moriadesign.pl\/fr\/wp-json\/wp\/v2\/pages"}],"about":[{"href":"https:\/\/www.moriadesign.pl\/fr\/wp-json\/wp\/v2\/types\/page"}],"author":[{"embeddable":true,"href":"https:\/\/www.moriadesign.pl\/fr\/wp-json\/wp\/v2\/users\/1"}],"replies":[{"embeddable":true,"href":"https:\/\/www.moriadesign.pl\/fr\/wp-json\/wp\/v2\/comments?post=358"}],"version-history":[{"count":14,"href":"https:\/\/www.moriadesign.pl\/fr\/wp-json\/wp\/v2\/pages\/358\/revisions"}],"predecessor-version":[{"id":4575,"href":"https:\/\/www.moriadesign.pl\/fr\/wp-json\/wp\/v2\/pages\/358\/revisions\/4575"}],"wp:attachment":[{"href":"https:\/\/www.moriadesign.pl\/fr\/wp-json\/wp\/v2\/media?parent=358"}],"curies":[{"name":"wp","href":"https:\/\/api.w.org\/{rel}","templated":true}]}}