{"id":357,"date":"2022-11-10T10:31:28","date_gmt":"2022-11-10T09:31:28","guid":{"rendered":"https:\/\/www.moriadesign.pl\/?page_id=357"},"modified":"2026-04-23T12:03:20","modified_gmt":"2026-04-23T10:03:20","slug":"polityka-prywatnosci","status":"publish","type":"page","link":"https:\/\/www.moriadesign.pl\/fr\/politique-de-confidentialite\/","title":{"rendered":"Politique de confidentialit\u00e9"},"content":{"rendered":"<section class=\"l-section wpb_row height_small\"><div class=\"l-section-h i-cf\"><div class=\"g-cols vc_row via_flex valign_middle type_default reversed stacking_default\"><div class=\"vc_col-sm-12 wpb_column vc_column_container\"><div class=\"vc_column-inner\"><div class=\"wpb_wrapper\"><h1 class=\"w-post-elm post_title entry-title color_link_inherit\">Politique de confidentialit\u00e9<\/h1><div class=\"w-separator size_small\"><\/div><div class=\"wpb_text_column us_custom_baf8849b\"><div class=\"wpb_wrapper\"><p style=\"text-align: center; color: #666;\">[entr\u00e9e en vigueur le 1er janvier 2023].<\/p>\n<h3>QUI EST LE RESPONSABLE DU TRAITEMENT DE VOS DONN\u00c9ES ?<\/h3>\n<p>Le responsable du traitement de vos donn\u00e9es est Mateusz Kami\u0144ski, exer\u00e7ant des activit\u00e9s commerciales sous le nom de \" \u015aLUSARSTWO KAMI\u0143SKI \" Mateusz Kami\u0144ski, dont le si\u00e8ge social est situ\u00e9 \u00e0 Stromiec (si\u00e8ge social et adresse de livraison : ul. Stok 4, 26-804 Stromiec, Pologne) ; inscrit au registre central et \u00e0 l'information sur l'activit\u00e9 commerciale ; NIP : 7981467585 ; REGON : 146218800 ; exer\u00e7ant ses activit\u00e9s sous la marque MORIA DESIGN, enregistr\u00e9e aupr\u00e8s de l'Office de l'Union europ\u00e9enne pour la propri\u00e9t\u00e9 intellectuelle sous le num\u00e9ro 018622009, ci-apr\u00e8s d\u00e9nomm\u00e9e \"l'administrateur\".<\/p>\n<h3>QUELLES DONN\u00c9ES TRAITONS-NOUS \u00c0 VOTRE SUJET ET DANS QUEL BUT ?<\/h3>\n<p>Nous collectons vos donn\u00e9es afin de mieux adapter les offres du magasin \u00e0 vos besoins, la fourniture de ces donn\u00e9es \u00e9tant enti\u00e8rement volontaire, dans la mesure o\u00f9 elles ne sont pas n\u00e9cessaires pour que nous puissions vous fournir un service.<br \/>\nLorsque vous n'\u00eates pas encore notre client, mais que vous \u00eates seulement int\u00e9ress\u00e9 par notre offre et que vous naviguez sur notre site web, nous collectons des donn\u00e9es \u00e0 des fins statistiques sur la consultation du site web et des sous-sites de la boutique. \u00c0 ce stade, nous ne sommes pas encore en mesure d'attribuer ces donn\u00e9es \u00e0 une personne sp\u00e9cifique. Nous connaissons uniquement votre sexe, votre \u00e2ge et vos centres d'int\u00e9r\u00eat.<br \/>\nUne fois que vous avez d\u00e9cid\u00e9 de commander un produit chez nous, nous recevons des informations sur votre nom, votre adresse et votre num\u00e9ro de t\u00e9l\u00e9phone. Si vous \u00eates ind\u00e9pendant, vous nous fournissez \u00e9galement des informations sur votre entreprise et votre NIP (num\u00e9ro d'identification fiscale). La collecte de vos donn\u00e9es a pour but de traiter votre commande, d'ex\u00e9cuter le contrat de vente ainsi conclu, de livrer les marchandises \u00e0 l'endroit indiqu\u00e9 par vous, ainsi que d'assurer le service apr\u00e8s-vente et l'enqu\u00eate de satisfaction des clients concernant l'utilisation de notre boutique.<\/p>\n<h3>AVEZ-VOUS ACC\u00c8S \u00c0 VOS DONN\u00c9ES ?<\/h3>\n<p>Vous disposez \u00e0 tout moment d'un droit d'acc\u00e8s illimit\u00e9 et de rectification des donn\u00e9es \u00e0 caract\u00e8re personnel que nous traitons. Afin de r\u00e9pondre \u00e0 vos pr\u00e9occupations concernant le traitement de vos donn\u00e9es \u00e0 caract\u00e8re personnel et d'exercer vos droits (mentionn\u00e9s ci-dessous), nous avons d\u00e9sign\u00e9 un d\u00e9l\u00e9gu\u00e9 \u00e0 la protection des donn\u00e9es au sein de notre soci\u00e9t\u00e9, que vous pouvez contacter en \u00e9crivant un courrier \u00e9lectronique \u00e0 l'adresse suivante <a href=\"mailto:biuro@moriadesign.pl\">biuro@moriadesign.pl<\/a>. Vous pouvez \u00e9galement utiliser le service de compte pour corriger vos donn\u00e9es personnelles.<\/p>\n<h3>QUELS SONT VOS DROITS ?<\/h3>\n<p><strong>a) Acc\u00e8s aux donn\u00e9es<\/strong><br \/>\nSi vous souhaitez savoir quelles donn\u00e9es nous traitons \u00e0 votre sujet, vous pouvez nous adresser une demande d'acc\u00e8s aux donn\u00e9es. Nous vous indiquerons alors si nous traitons vos donn\u00e9es, ou bien quelles donn\u00e9es nous traitons et dans quel but. Vous pouvez \u00e9galement demander une copie de vos donn\u00e9es et nous vous la fournirons gratuitement la premi\u00e8re fois. Le prix des copies ult\u00e9rieures de vos donn\u00e9es correspondra au co\u00fbt r\u00e9el du traitement de votre demande.<\/p>\n<p><strong>(b) Correction des donn\u00e9es<\/strong><br \/>\nSi une erreur s'est produite lors de la saisie de vos donn\u00e9es et que vous constatez qu'elles sont incorrectes, veuillez nous signaler l'erreur, nous la corrigerons.<\/p>\n<p><strong>(c) Compl\u00e9ter les donn\u00e9es<\/strong><br \/>\nSi les donn\u00e9es que nous d\u00e9tenons sont incompl\u00e8tes ou ont simplement chang\u00e9 au fil du temps, veuillez nous en informer et nous les compl\u00e9terons et les mettrons \u00e0 jour. Veuillez toutefois noter que nous n'avons pas besoin de donn\u00e9es qui ne nous sont pas n\u00e9cessaires pour vous fournir nos services. Dans ce cas, nous refuserons de compl\u00e9ter vos donn\u00e9es car nous voulons prot\u00e9ger votre vie priv\u00e9e.<\/p>\n<p><strong>(d) Suppression des donn\u00e9es<\/strong><br \/>\nSi vous consid\u00e9rez cela :<\/p>\n<ul>\n<li>Vos donn\u00e9es ne nous sont pas n\u00e9cessaires aux fins pour lesquelles elles ont \u00e9t\u00e9 collect\u00e9es ou trait\u00e9es \u00e0 d'autres fins l\u00e9gales,<\/li>\n<li>Vous avez retir\u00e9 votre consentement au traitement des donn\u00e9es et il n'existe pas d'autre base juridique pour le traitement,<\/li>\n<li>Vous avez formul\u00e9 une objection effective au traitement de ces donn\u00e9es et il n'existe pas de motifs l\u00e9gitimes pr\u00e9pond\u00e9rants pour le traitement,<\/li>\n<li>Les donn\u00e9es ont \u00e9t\u00e9 trait\u00e9es de mani\u00e8re illicite,<\/li>\n<li>La n\u00e9cessit\u00e9 d'effacer les donn\u00e9es d\u00e9coule de notre obligation l\u00e9gale,<\/li>\n<li>Vos donn\u00e9es ont \u00e9t\u00e9 collect\u00e9es dans le cadre de l'offre de services de la soci\u00e9t\u00e9 de l'information,<\/li>\n<\/ul>\n<p>Dites-le nous ! Nous analyserons votre demande et si nous estimons que vous avez raison, nous supprimerons d\u00e9finitivement vos donn\u00e9es.<\/p>\n<p><strong>e) Restriction du traitement des donn\u00e9es<\/strong><br \/>\nSi vous estimez que nous devrions limiter le traitement de vos donn\u00e9es parce que :<\/p>\n<ul>\n<li>Elles sont incorrectes, mais vous ne souhaitez pas les supprimer ou elles ne peuvent pas \u00eatre supprim\u00e9es - nous restreindrons leur traitement pendant un certain temps afin de v\u00e9rifier leur exactitude,<\/li>\n<li>Le traitement est ill\u00e9gal, mais vous ne voulez pas qu'il soit effac\u00e9 ou nous n'avons plus besoin de vos donn\u00e9es pour l'objectif que nous vous avons pr\u00e9sent\u00e9, mais vous en avez besoin pour \u00e9tablir, faire valoir et d\u00e9fendre vos droits,<\/li>\n<li>Vous vous \u00eates oppos\u00e9 au traitement de vos donn\u00e9es et souhaitez limiter le traitement de vos donn\u00e9es pendant la dur\u00e9e de l'opposition,<\/li>\n<\/ul>\n<p>Dites-le nous ! Nous v\u00e9rifierons votre position et, pendant la p\u00e9riode de restriction du traitement des donn\u00e9es, nous conserverons vos donn\u00e9es, mais nous ne les traiterons pas (c'est-\u00e0-dire, en particulier, que nous ne les utiliserons pas et ne les transf\u00e9rerons pas) sans votre consentement, sauf dans un but conforme \u00e0 la loi ou pour \u00e9tablir, faire valoir ou d\u00e9fendre les droits d'une autre personne physique ou morale, ou pour des raisons imp\u00e9rieuses d'int\u00e9r\u00eat public.<\/p>\n<p><strong>(f) Objection dans une situation sp\u00e9cifique<\/strong><br \/>\nSi vous \u00eates dans une situation particuli\u00e8re et que nous traitons vos donn\u00e9es sur la base de notre int\u00e9r\u00eat l\u00e9gitime, nous tiendrons compte de votre objection, \u00e0 moins qu'il n'existe des motifs l\u00e9gitimes imp\u00e9rieux pour le traitement qui pr\u00e9valent sur votre int\u00e9r\u00eat, vos droits et vos libert\u00e9s ou sur des motifs de constatation, d'exercice ou de d\u00e9fense d'un droit.<\/p>\n<p><strong>(g) Objection \u00e0 des fins statistiques<\/strong><br \/>\nSi vous \u00eates dans une situation particuli\u00e8re et que vous ne souhaitez pas que nous traitions vos donn\u00e9es \u00e0 des fins statistiques, veuillez nous en informer et justifier votre position. Nous tiendrons compte de votre objection, \u00e0 moins que le traitement de vos donn\u00e9es ne soit n\u00e9cessaire \u00e0 l'ex\u00e9cution d'une t\u00e2che effectu\u00e9e dans l'int\u00e9r\u00eat public.<\/p>\n<p><strong>h) Objection au marketing direct<\/strong><br \/>\nSi vous ne souhaitez pas que nous traitions vos donn\u00e9es \u00e0 des fins de marketing direct, nous respecterons votre objection et ne traiterons pas vos donn\u00e9es \u00e0 cette fin.<br \/>\nCe faisant, vous pouvez \u00e9galement exercer vos autres droits, tels que le retrait des consentements que vous nous avez donn\u00e9s ou le transfert de vos donn\u00e9es \u00e0 un autre administrateur. Nous nous conformerons \u00e0 vos demandes, \u00e0 moins qu'elles ne soient contraires \u00e0 la loi applicable ou qu'elles ne nuisent aux int\u00e9r\u00eats importants de notre soci\u00e9t\u00e9.<br \/>\nToutefois, si vous estimez que nous ne collectons et ne traitons pas correctement vos donn\u00e9es personnelles, vous pouvez \u00e0 tout moment d\u00e9poser une plainte aupr\u00e8s de l'autorit\u00e9 de contr\u00f4le qui surveille le respect de la l\u00e9gislation sur la protection des donn\u00e9es, \u00e0 savoir, en Pologne, le pr\u00e9sident de l'Office pour la protection des donn\u00e9es personnelles.<\/p>\n<h3>LA CONFIDENTIALIT\u00c9 DE VOS DONN\u00c9ES<\/h3>\n<p>Nous nous engageons \u00e0 garder confidentiel tout ce dont nous prenons connaissance dans le cadre de l'ex\u00e9cution du contrat qui nous lie, \u00e9tant entendu que nous devons partager vos donn\u00e9es avec les personnes qui nous aident \u00e0 atteindre l'objectif pour lequel nous les collectons.<br \/>\nIl s'agit notamment, mais pas exclusivement, des autorit\u00e9s nationales et locales comp\u00e9tentes, ou de tiers, s'ils demandent ces informations sur la base juridique appropri\u00e9e, conform\u00e9ment aux dispositions de la loi applicable, ainsi que des soci\u00e9t\u00e9s de messagerie qui vous livrent les produits command\u00e9s, des op\u00e9rateurs des syst\u00e8mes de paiement dans le cas des paiements en ligne et des soci\u00e9t\u00e9s de comptabilit\u00e9, de personnel, d'informatique et d'avocats qui nous fournissent des services.<br \/>\nVeuillez toutefois noter qu'afin de prot\u00e9ger vos donn\u00e9es, nous avons conclu avec toutes ces entit\u00e9s des accords de confiage de donn\u00e9es dans lesquels elles se sont engag\u00e9es \u00e0 respecter les principes introduits par le RODO.<\/p>\n<h3>CONSENTEMENT AU TRAITEMENT DES DONN\u00c9ES<\/h3>\n<p>Dans le cadre de la collecte de vos donn\u00e9es, nous devons obtenir votre consentement pour traiter vos donn\u00e9es, c'est-\u00e0-dire pour les collecter, les organiser, les stocker, les organiser, etc. Nous recueillons deux types de consentement.<br \/>\nLe premier concerne les donn\u00e9es ordinaires que nous traitons \u00e0 des fins de marketing. Il s'agit d'un consentement donn\u00e9 au moment o\u00f9 vous n'\u00eates pas encore notre client, mais o\u00f9 vous naviguez sur notre site web, int\u00e9ress\u00e9 par notre offre commerciale. Vous nous fournissez alors une adresse \u00e9lectronique et \u00e9ventuellement votre nom. En acceptant le traitement de vos donn\u00e9es \u00e0 cette fin, nous pourrons r\u00e9pondre \u00e0 vos attentes et adapter l'offre du magasin \u00e0 vos besoins. Nous vous pr\u00e9senterons des produits susceptibles de vous int\u00e9resser et vous informerons des nouveaux produits que nous avons pr\u00e9par\u00e9s sp\u00e9cialement pour vous.<br \/>\nLe second consentement concerne le traitement de vos donn\u00e9es personnelles dans le but de conclure et d'ex\u00e9cuter le contrat de vente. Ce consentement comprend des donn\u00e9es telles que votre nom, votre adresse personnelle, votre num\u00e9ro de t\u00e9l\u00e9phone de contact, \u00e9ventuellement le nom de votre entreprise et votre NIP (num\u00e9ro d'identification fiscale) si vous \u00eates ind\u00e9pendant. En obtenant votre consentement au traitement de ces donn\u00e9es, vous pourrez acheter chez nous les marchandises qui vous int\u00e9ressent et nous les livrerons \u00e0 l'adresse que vous avez indiqu\u00e9e.<br \/>\nN'oubliez pas, cependant, que vous pouvez toujours retirer sans justification les consentements que vous nous avez donn\u00e9s. Pour ce faire, veuillez contacter notre d\u00e9l\u00e9gu\u00e9 \u00e0 la protection des donn\u00e9es. Il vous indiquera la marche \u00e0 suivre et se r\u00e9f\u00e9rera \u00e0 votre demande. Si la loi ou des int\u00e9r\u00eats importants de l'entreprise ne s'y opposent pas, nous cesserons de collecter et de traiter vos donn\u00e9es et celles-ci seront imm\u00e9diatement effac\u00e9es.<\/p>\n<h3>FICHIERS COOKIE<\/h3>\n<p>Notre site web utilise des cookies. Pour une utilisation correcte du site web <a href=\"https:\/\/www.moriadesign.pl\/fr\/?wmc-currency=EUR\">https:\/\/www.moriadesign.pl<\/a> nous vous recommandons d'accepter les cookies.<br \/>\nLes cookies sont de petits fichiers texte envoy\u00e9s par la boutique en ligne et stock\u00e9s sur votre ordinateur, contenant certaines informations relatives \u00e0 votre utilisation de la boutique. Les cookies sont utilis\u00e9s par la boutique pour la faire fonctionner et vous fournir des informations qui vous int\u00e9ressent, ainsi que pendant le processus d'achat, par exemple pour se souvenir de vos achats. Les cookies utilis\u00e9s par le magasin peuvent \u00eatre temporaires ou permanents. Les cookies temporaires sont supprim\u00e9s lorsque vous fermez votre navigateur, tandis que les cookies permanents sont conserv\u00e9s m\u00eame apr\u00e8s que vous avez fini d'utiliser la boutique et sont utilis\u00e9s pour stocker des informations telles que votre mot de passe ou votre login, ce qui rend l'utilisation de la boutique plus rapide et plus facile. Les cookies sont \u00e9galement utilis\u00e9s pour stocker des informations sur le contenu de votre panier d'achat, ils collectent \u00e9galement des informations \u00e0 des fins statistiques (nombre de visites sur le site, produits les plus fr\u00e9quemment consult\u00e9s) utilis\u00e9es par les m\u00e9canismes de GoogleAnalytics. Dans tous les cas, vous pouvez bloquer l'installation des cookies ou supprimer les cookies permanents en utilisant les options correspondantes de votre navigateur Internet. En cas de probl\u00e8me, nous vous conseillons de consulter le fichier d'aide de votre navigateur ou de contacter le fabricant du navigateur que vous utilisez.<\/p>\n<h3>DISPOSITIONS FINALES<\/h3>\n<p>Nous sommes habilit\u00e9s \u00e0 modifier la pr\u00e9sente politique de confidentialit\u00e9. Les modifications apport\u00e9es ne s'appliquent qu'aux personnes qui cr\u00e9ent un compte ou passent une commande apr\u00e8s l'entr\u00e9e en vigueur de la modification.<br \/>\nLes modifications de la politique entrent en vigueur sept jours apr\u00e8s leur publication sur le site web. <a href=\"https:\/\/www.moriadesign.pl\/fr\/?wmc-currency=EUR\">https:\/\/www.moriadesign.pl<\/a>. Les utilisateurs qui ont cr\u00e9\u00e9 un compte ou pass\u00e9 une commande avant l'entr\u00e9e en vigueur de la modification seront soumis \u00e0 la politique inchang\u00e9e telle qu'elle s'appliquait avant la modification. Toutefois, ces utilisateurs peuvent indiquer qu'ils souhaitent que la nouvelle formulation de la politique de protection de la vie priv\u00e9e leur soit appliqu\u00e9e.<br \/>\nDans la mesure o\u00f9 la pr\u00e9sente politique de protection des donn\u00e9es personnelles de la boutique ne s'applique pas, le r\u00e8glement de la boutique en ligne moriadesign.pl, le r\u00e8glement des services \u00e9lectroniques, RODO et la loi du 18 juillet 2002 sur la fourniture de services \u00e9lectroniques (Journal officiel 2002 n\u00b0 144, point 1204 tel qu'amend\u00e9) s'appliqueront.<\/p>\n<\/div><\/div><\/div><\/div><\/div><\/div><\/div><\/section>","protected":false},"excerpt":{"rendered":"Polityka prywatno\u015bci[obowi\u0105zuj\u0105ca od 01 stycznia 2023 r.] KTO JEST ADMINISTRATOREM TWOICH DANYCH? Osob\u0105 odpowiedzialn\u0105 za przetwarzanie Twoich danych jest Mateusz Kami\u0144ski prowadz\u0105cy dzia\u0142alno\u015b\u0107 gospodarcz\u0105 pod firm\u0105 &#8221; \u015aLUSARSTWO KAMI\u0143SKI &#8221; Mateusz Kami\u0144ski z siedzib\u0105 w Stromcu (adres siedziby i adres do dor\u0119cze\u0144: ul. Stok 4, 26-804 Stromiec, Polska); wpisan\u0105 do Centralnej Ewidencji i Informacji o...","protected":false},"author":1,"featured_media":0,"parent":0,"menu_order":6,"comment_status":"closed","ping_status":"closed","template":"","meta":{"inline_featured_image":false},"acf":[],"yoast_head":"<!-- This site is optimized with the Yoast SEO plugin v20.2 - https:\/\/yoast.com\/wordpress\/plugins\/seo\/ -->\n<title>Polityka prywatno\u015bci - MORIA DESIGN<\/title>\n<meta name=\"robots\" content=\"noindex, follow\" \/>\n<meta property=\"og:locale\" content=\"fr_FR\" \/>\n<meta property=\"og:type\" content=\"article\" \/>\n<meta property=\"og:title\" content=\"Polityka prywatno\u015bci - MORIA DESIGN\" \/>\n<meta property=\"og:url\" content=\"https:\/\/www.moriadesign.pl\/fr\/politique-de-confidentialite\/?wmc-currency=EUR\" \/>\n<meta property=\"og:site_name\" content=\"MORIA DESIGN\" \/>\n<meta property=\"article:modified_time\" content=\"2026-04-23T10:03:20+00:00\" \/>\n<meta name=\"twitter:card\" content=\"summary_large_image\" \/>\n<meta name=\"twitter:label1\" content=\"Dur\u00e9e de lecture estim\u00e9e\" \/>\n\t<meta name=\"twitter:data1\" content=\"12 minutes\" \/>\n<script type=\"application\/ld+json\" class=\"yoast-schema-graph\">{\"@context\":\"https:\/\/schema.org\",\"@graph\":[{\"@type\":\"WebPage\",\"@id\":\"https:\/\/www.moriadesign.pl\/polityka-prywatnosci\/\",\"url\":\"https:\/\/www.moriadesign.pl\/polityka-prywatnosci\/\",\"name\":\"Polityka prywatno\u015bci - MORIA DESIGN\",\"isPartOf\":{\"@id\":\"https:\/\/www.moriadesign.pl\/#website\"},\"datePublished\":\"2022-11-10T09:31:28+00:00\",\"dateModified\":\"2026-04-23T10:03:20+00:00\",\"breadcrumb\":{\"@id\":\"https:\/\/www.moriadesign.pl\/polityka-prywatnosci\/#breadcrumb\"},\"inLanguage\":\"fr-FR\",\"potentialAction\":[{\"@type\":\"ReadAction\",\"target\":[\"https:\/\/www.moriadesign.pl\/polityka-prywatnosci\/\"]}]},{\"@type\":\"BreadcrumbList\",\"@id\":\"https:\/\/www.moriadesign.pl\/polityka-prywatnosci\/#breadcrumb\",\"itemListElement\":[{\"@type\":\"ListItem\",\"position\":1,\"name\":\"Strona g\u0142\u00f3wna\",\"item\":\"https:\/\/www.moriadesign.pl\/\"},{\"@type\":\"ListItem\",\"position\":2,\"name\":\"Polityka prywatno\u015bci\"}]},{\"@type\":\"WebSite\",\"@id\":\"https:\/\/www.moriadesign.pl\/#website\",\"url\":\"https:\/\/www.moriadesign.pl\/\",\"name\":\"MORIA DESIGN\",\"description\":\"okucia do mebli, domu i ogrodu\",\"potentialAction\":[{\"@type\":\"SearchAction\",\"target\":{\"@type\":\"EntryPoint\",\"urlTemplate\":\"https:\/\/www.moriadesign.pl\/?s={search_term_string}\"},\"query-input\":\"required name=search_term_string\"}],\"inLanguage\":\"fr-FR\"}]}<\/script>\n<!-- \/ Yoast SEO plugin. -->","yoast_head_json":{"title":"Polityka prywatno\u015bci - MORIA DESIGN","robots":{"index":"noindex","follow":"follow"},"og_locale":"fr_FR","og_type":"article","og_title":"Polityka prywatno\u015bci - MORIA DESIGN","og_url":"https:\/\/www.moriadesign.pl\/fr\/politique-de-confidentialite\/?wmc-currency=EUR","og_site_name":"MORIA DESIGN","article_modified_time":"2026-04-23T10:03:20+00:00","twitter_card":"summary_large_image","twitter_misc":{"Dur\u00e9e de lecture estim\u00e9e":"12 minutes"},"schema":{"@context":"https:\/\/schema.org","@graph":[{"@type":"WebPage","@id":"https:\/\/www.moriadesign.pl\/polityka-prywatnosci\/","url":"https:\/\/www.moriadesign.pl\/polityka-prywatnosci\/","name":"Polityka prywatno\u015bci - MORIA DESIGN","isPartOf":{"@id":"https:\/\/www.moriadesign.pl\/#website"},"datePublished":"2022-11-10T09:31:28+00:00","dateModified":"2026-04-23T10:03:20+00:00","breadcrumb":{"@id":"https:\/\/www.moriadesign.pl\/polityka-prywatnosci\/#breadcrumb"},"inLanguage":"fr-FR","potentialAction":[{"@type":"ReadAction","target":["https:\/\/www.moriadesign.pl\/polityka-prywatnosci\/"]}]},{"@type":"BreadcrumbList","@id":"https:\/\/www.moriadesign.pl\/polityka-prywatnosci\/#breadcrumb","itemListElement":[{"@type":"ListItem","position":1,"name":"Strona g\u0142\u00f3wna","item":"https:\/\/www.moriadesign.pl\/"},{"@type":"ListItem","position":2,"name":"Polityka prywatno\u015bci"}]},{"@type":"WebSite","@id":"https:\/\/www.moriadesign.pl\/#website","url":"https:\/\/www.moriadesign.pl\/","name":"MORIA DESIGN","description":"okucia do mebli, domu i ogrodu","potentialAction":[{"@type":"SearchAction","target":{"@type":"EntryPoint","urlTemplate":"https:\/\/www.moriadesign.pl\/?s={search_term_string}"},"query-input":"required name=search_term_string"}],"inLanguage":"fr-FR"}]}},"_links":{"self":[{"href":"https:\/\/www.moriadesign.pl\/fr\/wp-json\/wp\/v2\/pages\/357"}],"collection":[{"href":"https:\/\/www.moriadesign.pl\/fr\/wp-json\/wp\/v2\/pages"}],"about":[{"href":"https:\/\/www.moriadesign.pl\/fr\/wp-json\/wp\/v2\/types\/page"}],"author":[{"embeddable":true,"href":"https:\/\/www.moriadesign.pl\/fr\/wp-json\/wp\/v2\/users\/1"}],"replies":[{"embeddable":true,"href":"https:\/\/www.moriadesign.pl\/fr\/wp-json\/wp\/v2\/comments?post=357"}],"version-history":[{"count":23,"href":"https:\/\/www.moriadesign.pl\/fr\/wp-json\/wp\/v2\/pages\/357\/revisions"}],"predecessor-version":[{"id":5058,"href":"https:\/\/www.moriadesign.pl\/fr\/wp-json\/wp\/v2\/pages\/357\/revisions\/5058"}],"wp:attachment":[{"href":"https:\/\/www.moriadesign.pl\/fr\/wp-json\/wp\/v2\/media?parent=357"}],"curies":[{"name":"wp","href":"https:\/\/api.w.org\/{rel}","templated":true}]}}