{"id":289,"date":"2022-11-08T11:25:35","date_gmt":"2022-11-08T10:25:35","guid":{"rendered":"https:\/\/www.moriadesign.pl\/?page_id=289"},"modified":"2023-02-07T13:58:58","modified_gmt":"2023-02-07T12:58:58","slug":"o-nas","status":"publish","type":"page","link":"https:\/\/www.moriadesign.pl\/fr\/a-propos-de-nous\/","title":{"rendered":"A propos de nous"},"content":{"rendered":"<section class=\"l-section wpb_row us_custom_87ac13b4 height_small\"><div class=\"l-section-h i-cf\"><div class=\"g-cols vc_row via_flex valign_middle type_default stacking_default\"><div class=\"vc_col-sm-12 vc_col-md-6 vc_hidden-sm vc_hidden-xs wpb_column vc_column_container\"><div class=\"vc_column-inner\"><div class=\"wpb_wrapper\"><div class=\"w-image us_custom_551c61fe align_none\"><div class=\"w-image-h\"><img width=\"1024\" height=\"1024\" src=\"https:\/\/www.moriadesign.pl\/wp-content\/uploads\/2022\/11\/MORIA_-DESIGN_szyld-1024x1024.png\" class=\"attachment-large size-large\" alt=\"\" srcset=\"https:\/\/www.moriadesign.pl\/wp-content\/uploads\/2022\/11\/MORIA_-DESIGN_szyld-1024x1024.png 1024w, https:\/\/www.moriadesign.pl\/wp-content\/uploads\/2022\/11\/MORIA_-DESIGN_szyld-300x300.png 300w, https:\/\/www.moriadesign.pl\/wp-content\/uploads\/2022\/11\/MORIA_-DESIGN_szyld-150x150.png 150w, https:\/\/www.moriadesign.pl\/wp-content\/uploads\/2022\/11\/MORIA_-DESIGN_szyld-600x600.png 600w, https:\/\/www.moriadesign.pl\/wp-content\/uploads\/2022\/11\/MORIA_-DESIGN_szyld.png 1600w\" sizes=\"(max-width: 1024px) 100vw, 1024px\" data-no-translation=\"\" \/><\/div><\/div><\/div><\/div><\/div><div class=\"vc_col-sm-12 vc_col-md-6 wpb_column vc_column_container\"><div class=\"vc_column-inner\"><div class=\"wpb_wrapper\"><h1 class=\"w-post-elm post_title entry-title color_link_inherit\">A propos de nous<\/h1><div class=\"w-separator size_small\"><\/div><div class=\"wpb_text_column us_custom_baf8849b\"><div class=\"wpb_wrapper\"><p>MORIA DESIGN est un fabricant polonais d'accessoires m\u00e9talliques pour le mobilier, la maison et le jardin. Notre sp\u00e9cialit\u00e9 est la quincaillerie de construction d\u00e9corative, en particulier les charni\u00e8res d\u00e9coratives qui imitent les charni\u00e8res forg\u00e9es.<\/p>\n<p>Nous fabriquons \u00e9galement des charni\u00e8res factices, des fermetures, des ferrures, des entablements, des enseignes de serrure, des fixations de menuiserie, des porte-drapeaux, des pieds d'\u00e9pingle \u00e0 cheveux en m\u00e9tal, des supports de bicyclettes r\u00e9tro et de nombreux autres accessoires en m\u00e9tal.<\/p>\n<p>Nous sommes ouverts aux nouvelles propositions de conception et aux modifications des produits que nous proposons.<\/p>\n<p>Nous veillons tout particuli\u00e8rement \u00e0 ce que nos produits s'int\u00e8grent aussi bien dans les am\u00e9nagements traditionnels que modernes. Notre gamme, qui ne cesse de s'\u00e9largir, s'inspire \u00e0 la fois de quincailleries raffin\u00e9es qui t\u00e9moignent du savoir-faire des anciens ma\u00eetres forgerons et de formes fonctionnelles contemporaines et minimalistes.<\/p>\n<\/div><\/div><div class=\"w-separator size_small\"><\/div><div class=\"w-btn-wrapper align_none\"><a class=\"w-btn us-btn-style_1 icon_atright\" target=\"_blank\" href=\"\/katalog\/katalog_moria_design_2022.pdf\" rel=\"noopener\"><span class=\"w-btn-label\">Catalogue des produits<\/span><i class=\"material-icons\" data-no-translation=\"\">file_download<\/i><\/a><\/div><\/div><\/div><\/div><div class=\"vc_col-sm-12 vc_hidden-lg vc_hidden-md wpb_column vc_column_container\"><div class=\"vc_column-inner\"><div class=\"wpb_wrapper\"><div class=\"w-image us_custom_551c61fe align_none\"><div class=\"w-image-h\"><img width=\"1600\" height=\"1600\" src=\"https:\/\/www.moriadesign.pl\/wp-content\/uploads\/2022\/11\/MORIA_-DESIGN_szyld.png\" class=\"attachment-full size-full\" alt=\"\" srcset=\"https:\/\/www.moriadesign.pl\/wp-content\/uploads\/2022\/11\/MORIA_-DESIGN_szyld.png 1600w, https:\/\/www.moriadesign.pl\/wp-content\/uploads\/2022\/11\/MORIA_-DESIGN_szyld-300x300.png 300w, https:\/\/www.moriadesign.pl\/wp-content\/uploads\/2022\/11\/MORIA_-DESIGN_szyld-150x150.png 150w, https:\/\/www.moriadesign.pl\/wp-content\/uploads\/2022\/11\/MORIA_-DESIGN_szyld-600x600.png 600w, https:\/\/www.moriadesign.pl\/wp-content\/uploads\/2022\/11\/MORIA_-DESIGN_szyld-1024x1024.png 1024w\" sizes=\"(max-width: 1600px) 100vw, 1600px\" data-no-translation=\"\" \/><\/div><\/div><\/div><\/div><\/div><\/div><\/div><\/section>","protected":false},"excerpt":{"rendered":"O nasMORIA DESIGN jest polskim producentem metalowych oku\u0107 do mebli, domu i ogrodu. Nasz\u0105 specjalno\u015bci\u0105 s\u0105 ozdobne okucia budowlane, w szczeg\u00f3lno\u015bci zawiasy ozdobne b\u0119d\u0105ce imitacj\u0105 zawias\u00f3w kutych. Produkujemy r\u00f3wnie\u017c atrapy zawias\u00f3w, zamkni\u0119cia, okucia, antaby, szyldy zamk\u00f3w, mocowania ciesielskie, uchwyty do flag, metalowe nogi typu hairpin leg, retro stojaki rowerowe oraz wiele innych akcesori\u00f3w metalowych. Jeste\u015bmy...","protected":false},"author":1,"featured_media":0,"parent":0,"menu_order":9,"comment_status":"closed","ping_status":"closed","template":"","meta":{"inline_featured_image":false},"acf":[],"yoast_head":"<!-- This site is optimized with the Yoast SEO plugin v20.2 - https:\/\/yoast.com\/wordpress\/plugins\/seo\/ -->\n<title>O nas - MORIA DESIGN<\/title>\n<meta name=\"description\" content=\"Polski Producent MORIA DESIGN specjalizuje si\u0119 w metalowych oku\u0107 do mebli, domu i ogrodu. Zapraszamy do Naszej oferty.\" \/>\n<meta name=\"robots\" content=\"index, follow, max-snippet:-1, max-image-preview:large, max-video-preview:-1\" \/>\n<link rel=\"canonical\" href=\"https:\/\/www.moriadesign.pl\/fr\/a-propos-de-nous\/?wmc-currency=EUR\" \/>\n<meta property=\"og:locale\" content=\"fr_FR\" \/>\n<meta property=\"og:type\" content=\"article\" \/>\n<meta property=\"og:title\" content=\"O nas - MORIA DESIGN\" \/>\n<meta property=\"og:description\" content=\"Polski Producent MORIA DESIGN specjalizuje si\u0119 w metalowych oku\u0107 do mebli, domu i ogrodu. Zapraszamy do Naszej oferty.\" \/>\n<meta property=\"og:url\" content=\"https:\/\/www.moriadesign.pl\/fr\/a-propos-de-nous\/?wmc-currency=EUR\" \/>\n<meta property=\"og:site_name\" content=\"MORIA DESIGN\" \/>\n<meta property=\"article:modified_time\" content=\"2023-02-07T12:58:58+00:00\" \/>\n<meta name=\"twitter:card\" content=\"summary_large_image\" \/>\n<meta name=\"twitter:label1\" content=\"Dur\u00e9e de lecture estim\u00e9e\" \/>\n\t<meta name=\"twitter:data1\" content=\"1 minute\" \/>\n<script type=\"application\/ld+json\" class=\"yoast-schema-graph\">{\"@context\":\"https:\/\/schema.org\",\"@graph\":[{\"@type\":\"WebPage\",\"@id\":\"https:\/\/www.moriadesign.pl\/o-nas\/\",\"url\":\"https:\/\/www.moriadesign.pl\/o-nas\/\",\"name\":\"O nas - MORIA DESIGN\",\"isPartOf\":{\"@id\":\"https:\/\/www.moriadesign.pl\/#website\"},\"datePublished\":\"2022-11-08T10:25:35+00:00\",\"dateModified\":\"2023-02-07T12:58:58+00:00\",\"description\":\"Polski Producent MORIA DESIGN specjalizuje si\u0119 w metalowych oku\u0107 do mebli, domu i ogrodu. Zapraszamy do Naszej oferty.\",\"breadcrumb\":{\"@id\":\"https:\/\/www.moriadesign.pl\/o-nas\/#breadcrumb\"},\"inLanguage\":\"fr-FR\",\"potentialAction\":[{\"@type\":\"ReadAction\",\"target\":[\"https:\/\/www.moriadesign.pl\/o-nas\/\"]}]},{\"@type\":\"BreadcrumbList\",\"@id\":\"https:\/\/www.moriadesign.pl\/o-nas\/#breadcrumb\",\"itemListElement\":[{\"@type\":\"ListItem\",\"position\":1,\"name\":\"Strona g\u0142\u00f3wna\",\"item\":\"https:\/\/www.moriadesign.pl\/\"},{\"@type\":\"ListItem\",\"position\":2,\"name\":\"O nas\"}]},{\"@type\":\"WebSite\",\"@id\":\"https:\/\/www.moriadesign.pl\/#website\",\"url\":\"https:\/\/www.moriadesign.pl\/\",\"name\":\"MORIA DESIGN\",\"description\":\"okucia do mebli, domu i ogrodu\",\"potentialAction\":[{\"@type\":\"SearchAction\",\"target\":{\"@type\":\"EntryPoint\",\"urlTemplate\":\"https:\/\/www.moriadesign.pl\/?s={search_term_string}\"},\"query-input\":\"required name=search_term_string\"}],\"inLanguage\":\"fr-FR\"}]}<\/script>\n<!-- \/ Yoast SEO plugin. -->","yoast_head_json":{"title":"O nas - MORIA DESIGN","description":"Polski Producent MORIA DESIGN specjalizuje si\u0119 w metalowych oku\u0107 do mebli, domu i ogrodu. Zapraszamy do Naszej oferty.","robots":{"index":"index","follow":"follow","max-snippet":"max-snippet:-1","max-image-preview":"max-image-preview:large","max-video-preview":"max-video-preview:-1"},"canonical":"https:\/\/www.moriadesign.pl\/fr\/a-propos-de-nous\/?wmc-currency=EUR","og_locale":"fr_FR","og_type":"article","og_title":"O nas - MORIA DESIGN","og_description":"Polski Producent MORIA DESIGN specjalizuje si\u0119 w metalowych oku\u0107 do mebli, domu i ogrodu. Zapraszamy do Naszej oferty.","og_url":"https:\/\/www.moriadesign.pl\/fr\/a-propos-de-nous\/?wmc-currency=EUR","og_site_name":"MORIA DESIGN","article_modified_time":"2023-02-07T12:58:58+00:00","twitter_card":"summary_large_image","twitter_misc":{"Dur\u00e9e de lecture estim\u00e9e":"1 minute"},"schema":{"@context":"https:\/\/schema.org","@graph":[{"@type":"WebPage","@id":"https:\/\/www.moriadesign.pl\/o-nas\/","url":"https:\/\/www.moriadesign.pl\/o-nas\/","name":"O nas - MORIA DESIGN","isPartOf":{"@id":"https:\/\/www.moriadesign.pl\/#website"},"datePublished":"2022-11-08T10:25:35+00:00","dateModified":"2023-02-07T12:58:58+00:00","description":"Polski Producent MORIA DESIGN specjalizuje si\u0119 w metalowych oku\u0107 do mebli, domu i ogrodu. Zapraszamy do Naszej oferty.","breadcrumb":{"@id":"https:\/\/www.moriadesign.pl\/o-nas\/#breadcrumb"},"inLanguage":"fr-FR","potentialAction":[{"@type":"ReadAction","target":["https:\/\/www.moriadesign.pl\/o-nas\/"]}]},{"@type":"BreadcrumbList","@id":"https:\/\/www.moriadesign.pl\/o-nas\/#breadcrumb","itemListElement":[{"@type":"ListItem","position":1,"name":"Strona g\u0142\u00f3wna","item":"https:\/\/www.moriadesign.pl\/"},{"@type":"ListItem","position":2,"name":"O nas"}]},{"@type":"WebSite","@id":"https:\/\/www.moriadesign.pl\/#website","url":"https:\/\/www.moriadesign.pl\/","name":"MORIA DESIGN","description":"okucia do mebli, domu i ogrodu","potentialAction":[{"@type":"SearchAction","target":{"@type":"EntryPoint","urlTemplate":"https:\/\/www.moriadesign.pl\/?s={search_term_string}"},"query-input":"required name=search_term_string"}],"inLanguage":"fr-FR"}]}},"_links":{"self":[{"href":"https:\/\/www.moriadesign.pl\/fr\/wp-json\/wp\/v2\/pages\/289"}],"collection":[{"href":"https:\/\/www.moriadesign.pl\/fr\/wp-json\/wp\/v2\/pages"}],"about":[{"href":"https:\/\/www.moriadesign.pl\/fr\/wp-json\/wp\/v2\/types\/page"}],"author":[{"embeddable":true,"href":"https:\/\/www.moriadesign.pl\/fr\/wp-json\/wp\/v2\/users\/1"}],"replies":[{"embeddable":true,"href":"https:\/\/www.moriadesign.pl\/fr\/wp-json\/wp\/v2\/comments?post=289"}],"version-history":[{"count":38,"href":"https:\/\/www.moriadesign.pl\/fr\/wp-json\/wp\/v2\/pages\/289\/revisions"}],"predecessor-version":[{"id":376,"href":"https:\/\/www.moriadesign.pl\/fr\/wp-json\/wp\/v2\/pages\/289\/revisions\/376"}],"wp:attachment":[{"href":"https:\/\/www.moriadesign.pl\/fr\/wp-json\/wp\/v2\/media?parent=289"}],"curies":[{"name":"wp","href":"https:\/\/api.w.org\/{rel}","templated":true}]}}