{"id":279,"date":"2022-11-08T11:18:15","date_gmt":"2022-11-08T10:18:15","guid":{"rendered":"https:\/\/www.moriadesign.pl\/?page_id=279"},"modified":"2023-02-21T15:43:18","modified_gmt":"2023-02-21T14:43:18","slug":"promocje","status":"publish","type":"page","link":"https:\/\/www.moriadesign.pl\/fr\/promotions\/","title":{"rendered":"Promotions"},"content":{"rendered":"<section class=\"l-section wpb_row us_custom_87ac13b4 height_small\"><div class=\"l-section-h i-cf\"><div class=\"g-cols vc_row via_flex valign_middle type_default reversed stacking_default\"><div class=\"vc_col-sm-12 vc_col-md-6 wpb_column vc_column_container\"><div class=\"vc_column-inner\"><div class=\"wpb_wrapper\"><div class=\"w-post-elm post_image us_custom_551c61fe stretched\"><img width=\"1024\" height=\"1024\" src=\"https:\/\/www.moriadesign.pl\/wp-content\/uploads\/2022\/11\/Promocje-1024x1024.png\" class=\"attachment-large size-large wp-post-image\" alt=\"\" loading=\"lazy\" srcset=\"https:\/\/www.moriadesign.pl\/wp-content\/uploads\/2022\/11\/Promocje-1024x1024.png 1024w, https:\/\/www.moriadesign.pl\/wp-content\/uploads\/2022\/11\/Promocje-300x300.png 300w, https:\/\/www.moriadesign.pl\/wp-content\/uploads\/2022\/11\/Promocje-150x150.png 150w, https:\/\/www.moriadesign.pl\/wp-content\/uploads\/2022\/11\/Promocje-600x600.png 600w, https:\/\/www.moriadesign.pl\/wp-content\/uploads\/2022\/11\/Promocje.png 1600w\" sizes=\"(max-width: 1024px) 100vw, 1024px\" data-no-translation=\"\" \/><\/div><\/div><\/div><\/div><div class=\"vc_col-sm-12 vc_col-md-6 wpb_column vc_column_container\"><div class=\"vc_column-inner\"><div class=\"wpb_wrapper\"><h1 class=\"w-post-elm post_title entry-title color_link_inherit\">Promotions<\/h1><div class=\"w-separator size_small\"><\/div><div class=\"wpb_text_column us_custom_baf8849b\"><div class=\"wpb_wrapper\"><p>Nous vous encourageons \u00e0 vous tenir au courant de nos promotions. Vous y trouverez des produits que nous proposons \u00e0 des prix plus attractifs que d'habitude. Vous \u00eates les bienvenus !<\/p>\n<\/div><\/div><\/div><\/div><\/div><\/div><\/div><\/section><section class=\"l-section wpb_row us_custom_887a049b height_small\"><div class=\"l-section-h i-cf\"><div class=\"g-cols vc_row via_flex valign_top type_default stacking_default\"><div class=\"vc_col-sm-12 wpb_column vc_column_container\"><div class=\"vc_column-inner\"><div class=\"wpb_wrapper\"><div class=\"w-grid type_grid layout_130 cols_4 with_pagination\" id=\"us_grid_1\" data-filterable=\"true\"><style>#us_grid_1 .w-grid-item{padding:1.5rem}#us_grid_1 .w-grid-list{margin:-1.5rem -1.5rem 1.5rem}.w-grid + #us_grid_1 .w-grid-list,.w-grid-none + #us_grid_1 .w-grid-list{margin-top:1.5rem}@media (max-width:1199px){#us_grid_1 .w-grid-item{width:33.3333%}}@media (max-width:899px){#us_grid_1 .w-grid-item{width:33.3333%}}@media (max-width:599px){#us_grid_1 .w-grid-item{width:50%}}.layout_130 .w-grid-item-h{}.layout_130 .usg_product_field_1{color:#fff!important;font-size:12px!important;font-weight:700!important;text-transform:uppercase!important;position:absolute!important;top:10px!important;left:10px!important;padding-left:0.8rem!important;padding-right:0.8rem!important;border-radius:2rem!important;background:var(--color-content-primary)!important}.layout_130 .usg_post_title_1{font-size:1rem!important;line-height:1.4rem!important;font-family:var(--font-body)!important;font-weight:400!important;margin-top:0.8rem!important;margin-bottom:0.2rem!important}.layout_130 .usg_product_field_3{font-size:1.3rem!important;font-family:var(--font-h1)!important;font-weight:600!important}<\/style><div class=\"w-grid-list\">\t<article class=\"w-grid-item size_1x1 post-1035 product type-product status-publish has-post-thumbnail hentry product_cat-bestsellery product_cat-hairpin-legs product_shipping_class-komplety-nog-powyzej-60-cm\" data-id=\"1035\">\r\n\t\t<div class=\"w-grid-item-h\">\r\n\t\t\t\t\t\t<div class=\"w-post-elm post_image usg_post_image_1 has_ratio\"><div style=\"padding-bottom:100%\"><\/div><a href=\"https:\/\/www.moriadesign.pl\/fr\/produit\/jeu-de-4-x-jambes-en-epingle-a-cheveux-n-07-3-10-b-ex4-l71-cm-3-prety-\u03c6-10-mm\/\" aria-label=\"Jeu de 4 x pieds en \u00e9pingle \u00e0 cheveux N-07.3.10.b.ex4 [l=71 cm, 3 tiges \u03a6 10 mm].\"><img width=\"600\" height=\"600\" src=\"https:\/\/www.moriadesign.pl\/wp-content\/uploads\/2022\/12\/N-07.3.10.b.ex4_1-600x600.jpg\" class=\"attachment-us_600_600_crop size-us_600_600_crop wp-post-image\" alt=\"\" loading=\"lazy\" srcset=\"https:\/\/www.moriadesign.pl\/wp-content\/uploads\/2022\/12\/N-07.3.10.b.ex4_1-600x600.jpg 600w, https:\/\/www.moriadesign.pl\/wp-content\/uploads\/2022\/12\/N-07.3.10.b.ex4_1-300x300.jpg 300w, https:\/\/www.moriadesign.pl\/wp-content\/uploads\/2022\/12\/N-07.3.10.b.ex4_1-150x150.jpg 150w, https:\/\/www.moriadesign.pl\/wp-content\/uploads\/2022\/12\/N-07.3.10.b.ex4_1-1024x1024.jpg 1024w, https:\/\/www.moriadesign.pl\/wp-content\/uploads\/2022\/12\/N-07.3.10.b.ex4_1.jpg 1600w\" sizes=\"(max-width: 600px) 100vw, 600px\" data-no-translation=\"\" \/><\/a><\/div><div class=\"w-post-elm product_field sale_badge usg_product_field_1 onsale\">Promotion !<\/div><p class=\"w-post-elm product_field price usg_product_field_3\"><del aria-hidden=\"true\"><span class=\"woocommerce-Price-amount amount\"><bdi>108,00&nbsp;<span class=\"woocommerce-Price-currencySymbol\">&#122;&#322;<\/span><\/bdi><\/span><\/del> <ins><span class=\"woocommerce-Price-amount amount\"><bdi>78,99&nbsp;<span class=\"woocommerce-Price-currencySymbol\">&#122;&#322;<\/span><\/bdi><\/span><\/ins> <small class=\"woocommerce-price-suffix\">TVA comprise<\/small><\/p><h3 class=\"w-post-elm post_title usg_post_title_1 woocommerce-loop-product__title color_link_inherit\"><a href=\"https:\/\/www.moriadesign.pl\/fr\/produit\/jeu-de-4-x-jambes-en-epingle-a-cheveux-n-07-3-10-b-ex4-l71-cm-3-prety-\u03c6-10-mm\/\">Jeu de 4 x pieds en \u00e9pingle \u00e0 cheveux N-07.3.10.b.ex4 [l=71 cm, 3 tiges \u03a6 10 mm].<\/a><\/h3>\t\t<\/div>\r\n\t<\/article>\r\n\t<article class=\"w-grid-item size_1x1 post-992 product type-product status-publish has-post-thumbnail hentry product_cat-hairpin-legs product_shipping_class-komplety-nog-do-60-cm\" data-id=\"992\">\r\n\t\t<div class=\"w-grid-item-h\">\r\n\t\t\t\t\t\t<div class=\"w-post-elm post_image usg_post_image_1 has_ratio\"><div style=\"padding-bottom:100%\"><\/div><a href=\"https:\/\/www.moriadesign.pl\/fr\/produit\/jeu-de-4-x-jambes-en-epingle-a-cheveux-n-05-3-10-b-ex4-l41-cm-3-prety-\u03c6-10-mm\/\" aria-label=\"Jeu de 4 x pieds en \u00e9pingle \u00e0 cheveux N-05.3.10.b.ex4 [l=41 cm, 3 tiges \u03a6 10 mm].\"><img width=\"600\" height=\"600\" src=\"https:\/\/www.moriadesign.pl\/wp-content\/uploads\/2022\/12\/N-05.3.10.b.ex4_1-600x600.jpg\" class=\"attachment-us_600_600_crop size-us_600_600_crop wp-post-image\" alt=\"\" loading=\"lazy\" srcset=\"https:\/\/www.moriadesign.pl\/wp-content\/uploads\/2022\/12\/N-05.3.10.b.ex4_1-600x600.jpg 600w, https:\/\/www.moriadesign.pl\/wp-content\/uploads\/2022\/12\/N-05.3.10.b.ex4_1-300x300.jpg 300w, https:\/\/www.moriadesign.pl\/wp-content\/uploads\/2022\/12\/N-05.3.10.b.ex4_1-150x150.jpg 150w, https:\/\/www.moriadesign.pl\/wp-content\/uploads\/2022\/12\/N-05.3.10.b.ex4_1-1024x1024.jpg 1024w, https:\/\/www.moriadesign.pl\/wp-content\/uploads\/2022\/12\/N-05.3.10.b.ex4_1.jpg 1600w\" sizes=\"(max-width: 600px) 100vw, 600px\" data-no-translation=\"\" \/><\/a><\/div><div class=\"w-post-elm product_field sale_badge usg_product_field_1 onsale\">Promotion !<\/div><p class=\"w-post-elm product_field price usg_product_field_3\"><del aria-hidden=\"true\"><span class=\"woocommerce-Price-amount amount\"><bdi>99,40&nbsp;<span class=\"woocommerce-Price-currencySymbol\">&#122;&#322;<\/span><\/bdi><\/span><\/del> <ins><span class=\"woocommerce-Price-amount amount\"><bdi>79,99&nbsp;<span class=\"woocommerce-Price-currencySymbol\">&#122;&#322;<\/span><\/bdi><\/span><\/ins> <small class=\"woocommerce-price-suffix\">TVA comprise<\/small><\/p><h3 class=\"w-post-elm post_title usg_post_title_1 woocommerce-loop-product__title color_link_inherit\"><a href=\"https:\/\/www.moriadesign.pl\/fr\/produit\/jeu-de-4-x-jambes-en-epingle-a-cheveux-n-05-3-10-b-ex4-l41-cm-3-prety-\u03c6-10-mm\/\">Jeu de 4 x pieds en \u00e9pingle \u00e0 cheveux N-05.3.10.b.ex4 [l=41 cm, 3 tiges \u03a6 10 mm].<\/a><\/h3>\t\t<\/div>\r\n\t<\/article>\r\n\t<article class=\"w-grid-item size_1x1 post-990 product type-product status-publish has-post-thumbnail hentry product_cat-hairpin-legs product_shipping_class-komplety-nog-do-60-cm\" data-id=\"990\">\r\n\t\t<div class=\"w-grid-item-h\">\r\n\t\t\t\t\t\t<div class=\"w-post-elm post_image usg_post_image_1 has_ratio\"><div style=\"padding-bottom:100%\"><\/div><a href=\"https:\/\/www.moriadesign.pl\/fr\/produit\/zestaw-4-x-hairpin-leg-n-05-2-10-b-ex4-l41-cm-2-prety-\u03c6-10-mm\/\" aria-label=\"Jeu de 4 x pieds en \u00e9pingle \u00e0 cheveux N-05.2.10.b.ex4 [l=41 cm, 2 tiges \u03a6 10 mm].\"><img width=\"600\" height=\"600\" src=\"https:\/\/www.moriadesign.pl\/wp-content\/uploads\/2022\/12\/N-05.2.10.b.ex4_1-600x600.png\" class=\"attachment-us_600_600_crop size-us_600_600_crop wp-post-image\" alt=\"\" loading=\"lazy\" srcset=\"https:\/\/www.moriadesign.pl\/wp-content\/uploads\/2022\/12\/N-05.2.10.b.ex4_1-600x600.png 600w, https:\/\/www.moriadesign.pl\/wp-content\/uploads\/2022\/12\/N-05.2.10.b.ex4_1-300x300.png 300w, https:\/\/www.moriadesign.pl\/wp-content\/uploads\/2022\/12\/N-05.2.10.b.ex4_1-150x150.png 150w, https:\/\/www.moriadesign.pl\/wp-content\/uploads\/2022\/12\/N-05.2.10.b.ex4_1-1024x1024.png 1024w, https:\/\/www.moriadesign.pl\/wp-content\/uploads\/2022\/12\/N-05.2.10.b.ex4_1.png 1600w\" sizes=\"(max-width: 600px) 100vw, 600px\" data-no-translation=\"\" \/><\/a><\/div><div class=\"w-post-elm product_field sale_badge usg_product_field_1 onsale\">Promotion !<\/div><p class=\"w-post-elm product_field price usg_product_field_3\"><del aria-hidden=\"true\"><span class=\"woocommerce-Price-amount amount\"><bdi>87,85&nbsp;<span class=\"woocommerce-Price-currencySymbol\">&#122;&#322;<\/span><\/bdi><\/span><\/del> <ins><span class=\"woocommerce-Price-amount amount\"><bdi>79,99&nbsp;<span class=\"woocommerce-Price-currencySymbol\">&#122;&#322;<\/span><\/bdi><\/span><\/ins> <small class=\"woocommerce-price-suffix\">TVA comprise<\/small><\/p><h3 class=\"w-post-elm post_title usg_post_title_1 woocommerce-loop-product__title color_link_inherit\"><a href=\"https:\/\/www.moriadesign.pl\/fr\/produit\/zestaw-4-x-hairpin-leg-n-05-2-10-b-ex4-l41-cm-2-prety-\u03c6-10-mm\/\">Jeu de 4 x pieds en \u00e9pingle \u00e0 cheveux N-05.2.10.b.ex4 [l=41 cm, 2 tiges \u03a6 10 mm].<\/a><\/h3>\t\t<\/div>\r\n\t<\/article>\r\n\t<article class=\"w-grid-item size_1x1 post-516 product type-product status-publish has-post-thumbnail hentry product_cat-zawiasy-ozdobne product_shipping_class-paczkomat-6\" data-id=\"516\">\r\n\t\t<div class=\"w-grid-item-h\">\r\n\t\t\t\t\t\t<div class=\"w-post-elm post_image usg_post_image_1 has_ratio\"><div style=\"padding-bottom:100%\"><\/div><a href=\"https:\/\/www.moriadesign.pl\/fr\/produit\/charniere-decorative-avec-07-l45-cm\/\" aria-label=\"Charni\u00e8re d\u00e9corative Z-07 [l=45 cm].\"><img width=\"600\" height=\"600\" src=\"https:\/\/www.moriadesign.pl\/wp-content\/uploads\/2022\/11\/Z-07_1-600x600.png\" class=\"attachment-us_600_600_crop size-us_600_600_crop wp-post-image\" alt=\"\" loading=\"lazy\" srcset=\"https:\/\/www.moriadesign.pl\/wp-content\/uploads\/2022\/11\/Z-07_1-600x600.png 600w, https:\/\/www.moriadesign.pl\/wp-content\/uploads\/2022\/11\/Z-07_1-300x300.png 300w, https:\/\/www.moriadesign.pl\/wp-content\/uploads\/2022\/11\/Z-07_1-150x150.png 150w, https:\/\/www.moriadesign.pl\/wp-content\/uploads\/2022\/11\/Z-07_1-1024x1024.png 1024w, https:\/\/www.moriadesign.pl\/wp-content\/uploads\/2022\/11\/Z-07_1.png 1600w\" sizes=\"(max-width: 600px) 100vw, 600px\" data-no-translation=\"\" \/><\/a><\/div><div class=\"w-post-elm product_field sale_badge usg_product_field_1 onsale\">Promotion !<\/div><p class=\"w-post-elm product_field price usg_product_field_3\"><del aria-hidden=\"true\"><span class=\"woocommerce-Price-amount amount\"><bdi>123,90&nbsp;<span class=\"woocommerce-Price-currencySymbol\">&#122;&#322;<\/span><\/bdi><\/span><\/del> <ins><span class=\"woocommerce-Price-amount amount\"><bdi>111,50&nbsp;<span class=\"woocommerce-Price-currencySymbol\">&#122;&#322;<\/span><\/bdi><\/span><\/ins> <small class=\"woocommerce-price-suffix\">TVA comprise<\/small><\/p><h3 class=\"w-post-elm post_title usg_post_title_1 woocommerce-loop-product__title color_link_inherit\"><a href=\"https:\/\/www.moriadesign.pl\/fr\/produit\/charniere-decorative-avec-07-l45-cm\/\">Charni\u00e8re d\u00e9corative Z-07 [l=45 cm].<\/a><\/h3>\t\t<\/div>\r\n\t<\/article>\r\n<\/div><div class=\"w-grid-preloader\"><div class=\"g-preloader type_1\">\r\n\t<div><\/div>\r\n<\/div>\r\n<\/div>\t<div class=\"w-grid-json hidden\" onclick='return {&quot;action&quot;:&quot;us_ajax_grid&quot;,&quot;ajax_url&quot;:&quot;https:\\\/\\\/www.moriadesign.pl\\\/wp-admin\\\/admin-ajax.php&quot;,&quot;infinite_scroll&quot;:0,&quot;max_num_pages&quot;:1,&quot;pagination&quot;:&quot;regular&quot;,&quot;permalink_url&quot;:&quot;https:\\\/\\\/www.moriadesign.pl\\\/fr\\\/wp-json\\\/wp\\\/v2\\\/pages\\\/279&quot;,&quot;template_vars&quot;:{&quot;columns&quot;:&quot;4&quot;,&quot;exclude_items&quot;:&quot;none&quot;,&quot;img_size&quot;:&quot;default&quot;,&quot;ignore_items_size&quot;:0,&quot;items_layout&quot;:&quot;130&quot;,&quot;items_offset&quot;:&quot;1&quot;,&quot;load_animation&quot;:&quot;none&quot;,&quot;overriding_link&quot;:&quot;none&quot;,&quot;post_id&quot;:279,&quot;query_args&quot;:{&quot;post_type&quot;:[&quot;product&quot;],&quot;post_status&quot;:[&quot;publish&quot;,&quot;acf-disabled&quot;,&quot;wc-payu-waiting&quot;],&quot;meta_query&quot;:[],&quot;post__in&quot;:[516,990,992,1035],&quot;tax_query&quot;:[{&quot;taxonomy&quot;:&quot;product_visibility&quot;,&quot;field&quot;:&quot;slug&quot;,&quot;terms&quot;:[&quot;exclude-from-catalog&quot;],&quot;operator&quot;:&quot;NOT IN&quot;}],&quot;posts_per_page&quot;:&quot;24&quot;},&quot;orderby_query_args&quot;:{&quot;orderby&quot;:{&quot;date&quot;:&quot;DESC&quot;}},&quot;type&quot;:&quot;grid&quot;,&quot;us_grid_ajax_index&quot;:1,&quot;us_grid_filter_params&quot;:null,&quot;us_grid_index&quot;:1,&quot;_us_grid_post_type&quot;:&quot;product&quot;}}'><\/div>\r\n\t<\/div><div class=\"w-separator size_medium\"><\/div><\/div><\/div><\/div><\/div><\/div><\/section>","protected":false},"excerpt":{"rendered":"Cechy i zalety: wykonany z wysokiej gatunkowo stali &gt;\u00a0wieczny; zastosowana toczona tulejka z kulk\u0105 &gt; solidny; fazowane otwory monta\u017cowe &gt; estetyczny; pomalowany farb\u0105 proszkow\u0105\u00a0 w kolorze czarny mat (zero po\u0142ysku, drobna struktura) - zdecydowanie wy\u017csza odporno\u015b\u0107 na uszkodzenia od ciek\u0142ych farb natryskowych, farby proszkowe s\u0105 w pe\u0142ni bezpieczne dla ludzi i \u015brodowiska &gt;\u00a0trwale i elegancko...","protected":false},"author":1,"featured_media":538,"parent":0,"menu_order":10,"comment_status":"closed","ping_status":"closed","template":"","meta":{"inline_featured_image":false},"acf":[],"yoast_head":"<!-- This site is optimized with the Yoast SEO plugin v20.2 - https:\/\/yoast.com\/wordpress\/plugins\/seo\/ -->\n<title>Promocje - MORIA DESIGN<\/title>\n<meta name=\"description\" content=\"MORIA DESIGN zaprasza do promocji, gdzie znajd\u0105 Pa\u0144stwo produkty, kt\u00f3re oferujemy w atrakcyjniejszych cenach ni\u017c zwykle.\" \/>\n<meta name=\"robots\" content=\"index, follow, max-snippet:-1, max-image-preview:large, max-video-preview:-1\" \/>\n<link rel=\"canonical\" href=\"https:\/\/www.moriadesign.pl\/fr\/promotions\/?wmc-currency=EUR\" \/>\n<meta property=\"og:locale\" content=\"fr_FR\" \/>\n<meta property=\"og:type\" content=\"article\" \/>\n<meta property=\"og:title\" content=\"Promocje - MORIA DESIGN\" \/>\n<meta property=\"og:description\" content=\"MORIA DESIGN zaprasza do promocji, gdzie znajd\u0105 Pa\u0144stwo produkty, kt\u00f3re oferujemy w atrakcyjniejszych cenach ni\u017c zwykle.\" \/>\n<meta property=\"og:url\" content=\"https:\/\/www.moriadesign.pl\/fr\/promotions\/?wmc-currency=EUR\" \/>\n<meta property=\"og:site_name\" content=\"MORIA DESIGN\" \/>\n<meta property=\"article:modified_time\" content=\"2023-02-21T14:43:18+00:00\" \/>\n<meta property=\"og:image\" content=\"https:\/\/www.moriadesign.pl\/wp-content\/uploads\/2022\/11\/Promocje.png\" \/>\n\t<meta property=\"og:image:width\" content=\"1600\" \/>\n\t<meta property=\"og:image:height\" content=\"1600\" \/>\n\t<meta property=\"og:image:type\" content=\"image\/png\" \/>\n<meta name=\"twitter:card\" content=\"summary_large_image\" \/>\n<meta name=\"twitter:label1\" content=\"Dur\u00e9e de lecture estim\u00e9e\" \/>\n\t<meta name=\"twitter:data1\" content=\"2 minutes\" \/>\n<script type=\"application\/ld+json\" class=\"yoast-schema-graph\">{\"@context\":\"https:\/\/schema.org\",\"@graph\":[{\"@type\":\"WebPage\",\"@id\":\"https:\/\/www.moriadesign.pl\/promocje\/\",\"url\":\"https:\/\/www.moriadesign.pl\/promocje\/\",\"name\":\"Promocje - MORIA DESIGN\",\"isPartOf\":{\"@id\":\"https:\/\/www.moriadesign.pl\/#website\"},\"datePublished\":\"2022-11-08T10:18:15+00:00\",\"dateModified\":\"2023-02-21T14:43:18+00:00\",\"description\":\"MORIA DESIGN zaprasza do promocji, gdzie znajd\u0105 Pa\u0144stwo produkty, kt\u00f3re oferujemy w atrakcyjniejszych cenach ni\u017c zwykle.\",\"breadcrumb\":{\"@id\":\"https:\/\/www.moriadesign.pl\/promocje\/#breadcrumb\"},\"inLanguage\":\"fr-FR\",\"potentialAction\":[{\"@type\":\"ReadAction\",\"target\":[\"https:\/\/www.moriadesign.pl\/promocje\/\"]}]},{\"@type\":\"BreadcrumbList\",\"@id\":\"https:\/\/www.moriadesign.pl\/promocje\/#breadcrumb\",\"itemListElement\":[{\"@type\":\"ListItem\",\"position\":1,\"name\":\"Strona g\u0142\u00f3wna\",\"item\":\"https:\/\/www.moriadesign.pl\/\"},{\"@type\":\"ListItem\",\"position\":2,\"name\":\"Promocje\"}]},{\"@type\":\"WebSite\",\"@id\":\"https:\/\/www.moriadesign.pl\/#website\",\"url\":\"https:\/\/www.moriadesign.pl\/\",\"name\":\"MORIA DESIGN\",\"description\":\"okucia do mebli, domu i ogrodu\",\"potentialAction\":[{\"@type\":\"SearchAction\",\"target\":{\"@type\":\"EntryPoint\",\"urlTemplate\":\"https:\/\/www.moriadesign.pl\/?s={search_term_string}\"},\"query-input\":\"required name=search_term_string\"}],\"inLanguage\":\"fr-FR\"}]}<\/script>\n<!-- \/ Yoast SEO plugin. -->","yoast_head_json":{"title":"Promocje - MORIA DESIGN","description":"MORIA DESIGN zaprasza do promocji, gdzie znajd\u0105 Pa\u0144stwo produkty, kt\u00f3re oferujemy w atrakcyjniejszych cenach ni\u017c zwykle.","robots":{"index":"index","follow":"follow","max-snippet":"max-snippet:-1","max-image-preview":"max-image-preview:large","max-video-preview":"max-video-preview:-1"},"canonical":"https:\/\/www.moriadesign.pl\/fr\/promotions\/?wmc-currency=EUR","og_locale":"fr_FR","og_type":"article","og_title":"Promocje - MORIA DESIGN","og_description":"MORIA DESIGN zaprasza do promocji, gdzie znajd\u0105 Pa\u0144stwo produkty, kt\u00f3re oferujemy w atrakcyjniejszych cenach ni\u017c zwykle.","og_url":"https:\/\/www.moriadesign.pl\/fr\/promotions\/?wmc-currency=EUR","og_site_name":"MORIA DESIGN","article_modified_time":"2023-02-21T14:43:18+00:00","og_image":[{"width":1600,"height":1600,"url":"https:\/\/www.moriadesign.pl\/wp-content\/uploads\/2022\/11\/Promocje.png","type":"image\/png"}],"twitter_card":"summary_large_image","twitter_misc":{"Dur\u00e9e de lecture estim\u00e9e":"2 minutes"},"schema":{"@context":"https:\/\/schema.org","@graph":[{"@type":"WebPage","@id":"https:\/\/www.moriadesign.pl\/promocje\/","url":"https:\/\/www.moriadesign.pl\/promocje\/","name":"Promocje - MORIA DESIGN","isPartOf":{"@id":"https:\/\/www.moriadesign.pl\/#website"},"datePublished":"2022-11-08T10:18:15+00:00","dateModified":"2023-02-21T14:43:18+00:00","description":"MORIA DESIGN zaprasza do promocji, gdzie znajd\u0105 Pa\u0144stwo produkty, kt\u00f3re oferujemy w atrakcyjniejszych cenach ni\u017c zwykle.","breadcrumb":{"@id":"https:\/\/www.moriadesign.pl\/promocje\/#breadcrumb"},"inLanguage":"fr-FR","potentialAction":[{"@type":"ReadAction","target":["https:\/\/www.moriadesign.pl\/promocje\/"]}]},{"@type":"BreadcrumbList","@id":"https:\/\/www.moriadesign.pl\/promocje\/#breadcrumb","itemListElement":[{"@type":"ListItem","position":1,"name":"Strona g\u0142\u00f3wna","item":"https:\/\/www.moriadesign.pl\/"},{"@type":"ListItem","position":2,"name":"Promocje"}]},{"@type":"WebSite","@id":"https:\/\/www.moriadesign.pl\/#website","url":"https:\/\/www.moriadesign.pl\/","name":"MORIA DESIGN","description":"okucia do mebli, domu i ogrodu","potentialAction":[{"@type":"SearchAction","target":{"@type":"EntryPoint","urlTemplate":"https:\/\/www.moriadesign.pl\/?s={search_term_string}"},"query-input":"required name=search_term_string"}],"inLanguage":"fr-FR"}]}},"_links":{"self":[{"href":"https:\/\/www.moriadesign.pl\/fr\/wp-json\/wp\/v2\/pages\/279"}],"collection":[{"href":"https:\/\/www.moriadesign.pl\/fr\/wp-json\/wp\/v2\/pages"}],"about":[{"href":"https:\/\/www.moriadesign.pl\/fr\/wp-json\/wp\/v2\/types\/page"}],"author":[{"embeddable":true,"href":"https:\/\/www.moriadesign.pl\/fr\/wp-json\/wp\/v2\/users\/1"}],"replies":[{"embeddable":true,"href":"https:\/\/www.moriadesign.pl\/fr\/wp-json\/wp\/v2\/comments?post=279"}],"version-history":[{"count":11,"href":"https:\/\/www.moriadesign.pl\/fr\/wp-json\/wp\/v2\/pages\/279\/revisions"}],"predecessor-version":[{"id":2299,"href":"https:\/\/www.moriadesign.pl\/fr\/wp-json\/wp\/v2\/pages\/279\/revisions\/2299"}],"wp:featuredmedia":[{"embeddable":true,"href":"https:\/\/www.moriadesign.pl\/fr\/wp-json\/wp\/v2\/media\/538"}],"wp:attachment":[{"href":"https:\/\/www.moriadesign.pl\/fr\/wp-json\/wp\/v2\/media?parent=279"}],"curies":[{"name":"wp","href":"https:\/\/api.w.org\/{rel}","templated":true}]}}