{"id":1306,"date":"2022-12-20T13:41:53","date_gmt":"2022-12-20T12:41:53","guid":{"rendered":"https:\/\/www.moriadesign.pl\/?page_id=1306"},"modified":"2024-04-09T16:24:48","modified_gmt":"2024-04-09T14:24:48","slug":"akcesoria","status":"publish","type":"page","link":"https:\/\/www.moriadesign.pl\/fr\/offrir\/accessoires\/","title":{"rendered":"Accessoires"},"content":{"rendered":"<section class=\"l-section wpb_row us_custom_87ac13b4 height_small\"><div class=\"l-section-h i-cf\"><div class=\"g-cols vc_row via_flex valign_middle type_default reversed stacking_default\"><div class=\"vc_col-sm-12 vc_col-md-6 wpb_column vc_column_container\"><div class=\"vc_column-inner\"><div class=\"wpb_wrapper\"><div class=\"w-post-elm post_image us_custom_551c61fe stretched\"><img width=\"800\" height=\"800\" src=\"https:\/\/www.moriadesign.pl\/wp-content\/uploads\/2022\/11\/akcesoria.jpg\" class=\"attachment-large size-large wp-post-image\" alt=\"\" loading=\"lazy\" srcset=\"https:\/\/www.moriadesign.pl\/wp-content\/uploads\/2022\/11\/akcesoria.jpg 800w, https:\/\/www.moriadesign.pl\/wp-content\/uploads\/2022\/11\/akcesoria-300x300.jpg 300w, https:\/\/www.moriadesign.pl\/wp-content\/uploads\/2022\/11\/akcesoria-150x150.jpg 150w, https:\/\/www.moriadesign.pl\/wp-content\/uploads\/2022\/11\/akcesoria-600x600.jpg 600w\" sizes=\"(max-width: 800px) 100vw, 800px\" data-no-translation=\"\" \/><\/div><\/div><\/div><\/div><div class=\"vc_col-sm-12 vc_col-md-6 wpb_column vc_column_container\"><div class=\"vc_column-inner\"><div class=\"wpb_wrapper\"><h1 class=\"w-post-elm post_title entry-title color_link_inherit\">Accessoires<\/h1><div class=\"w-separator size_small\"><\/div><div class=\"wpb_text_column us_custom_baf8849b\"><div class=\"wpb_wrapper\"><p>Connaissant vos besoins, nous \u00e9largissons syst\u00e9matiquement notre offre avec des accessoires d\u00e9di\u00e9s. Dans de nombreux cas, l'utilisation d'accessoires assortis augmentera la fonctionnalit\u00e9 et am\u00e9liorera l'installation des produits MORIA DESIGN.<\/p>\n<p><a href=\"#czytaj-wiecej\"><strong>En savoir plus<\/strong><\/a><\/p>\n<\/div><\/div><\/div><\/div><\/div><\/div><\/div><\/section><section class=\"l-section wpb_row us_custom_887a049b height_small\"><div class=\"l-section-h i-cf\"><div class=\"g-cols vc_row via_flex valign_top type_default stacking_default\"><div class=\"vc_col-sm-12 wpb_column vc_column_container\"><div class=\"vc_column-inner\"><div class=\"wpb_wrapper\"><div class=\"w-grid type_grid layout_130 cols_4 with_pagination\" id=\"us_grid_1\" data-filterable=\"true\"><style>#us_grid_1 .w-grid-item{padding:1.5rem}#us_grid_1 .w-grid-list{margin:-1.5rem -1.5rem 1.5rem}.w-grid + #us_grid_1 .w-grid-list,.w-grid-none + #us_grid_1 .w-grid-list{margin-top:1.5rem}@media (max-width:1199px){#us_grid_1 .w-grid-item{width:33.3333%}}@media (max-width:899px){#us_grid_1 .w-grid-item{width:33.3333%}}@media (max-width:599px){#us_grid_1 .w-grid-item{width:50%}}.layout_130 .w-grid-item-h{}.layout_130 .usg_product_field_1{color:#fff!important;font-size:12px!important;font-weight:700!important;text-transform:uppercase!important;position:absolute!important;top:10px!important;left:10px!important;padding-left:0.8rem!important;padding-right:0.8rem!important;border-radius:2rem!important;background:var(--color-content-primary)!important}.layout_130 .usg_post_title_1{font-size:1rem!important;line-height:1.4rem!important;font-family:var(--font-body)!important;font-weight:400!important;margin-top:0.8rem!important;margin-bottom:0.2rem!important}.layout_130 .usg_product_field_3{font-size:1.3rem!important;font-family:var(--font-h1)!important;font-weight:600!important}<\/style><div class=\"w-grid-list\">\t<article class=\"w-grid-item size_1x1 post-1752 product type-product status-publish has-post-thumbnail hentry product_cat-akcesoria product_cat-bestsellery product_shipping_class-akcesoria\" data-id=\"1752\">\r\n\t\t<div class=\"w-grid-item-h\">\r\n\t\t\t\t\t\t<div class=\"w-post-elm post_image usg_post_image_1 has_ratio\"><div style=\"padding-bottom:100%\"><\/div><a href=\"https:\/\/www.moriadesign.pl\/fr\/produit\/boulons-de-verrouillage-peints\/\" aria-label=\"Jeu de 5 boulons de verrouillage peints\"><img width=\"600\" height=\"600\" src=\"https:\/\/www.moriadesign.pl\/wp-content\/uploads\/2022\/12\/Q-02_1-czarne-sruby-zamkowe-do-drewna-600x600.png\" class=\"attachment-us_600_600_crop size-us_600_600_crop wp-post-image\" alt=\"\" loading=\"lazy\" srcset=\"https:\/\/www.moriadesign.pl\/wp-content\/uploads\/2022\/12\/Q-02_1-czarne-sruby-zamkowe-do-drewna-600x600.png 600w, https:\/\/www.moriadesign.pl\/wp-content\/uploads\/2022\/12\/Q-02_1-czarne-sruby-zamkowe-do-drewna-300x300.png 300w, https:\/\/www.moriadesign.pl\/wp-content\/uploads\/2022\/12\/Q-02_1-czarne-sruby-zamkowe-do-drewna-1024x1024.png 1024w, https:\/\/www.moriadesign.pl\/wp-content\/uploads\/2022\/12\/Q-02_1-czarne-sruby-zamkowe-do-drewna-150x150.png 150w, https:\/\/www.moriadesign.pl\/wp-content\/uploads\/2022\/12\/Q-02_1-czarne-sruby-zamkowe-do-drewna.png 1600w\" sizes=\"(max-width: 600px) 100vw, 600px\" data-no-translation=\"\" \/><\/a><\/div><p class=\"w-post-elm product_field price usg_product_field_3\"><span class=\"woocommerce-Price-amount amount\"><bdi>5,85&nbsp;<span class=\"woocommerce-Price-currencySymbol\">&#122;&#322;<\/span><\/bdi><\/span> - <span class=\"woocommerce-Price-amount amount\"><bdi>7,83&nbsp;<span class=\"woocommerce-Price-currencySymbol\">&#122;&#322;<\/span><\/bdi><\/span> <small class=\"woocommerce-price-suffix\">TVA comprise<\/small><\/p><h3 class=\"w-post-elm post_title usg_post_title_1 woocommerce-loop-product__title color_link_inherit\"><a href=\"https:\/\/www.moriadesign.pl\/fr\/produit\/boulons-de-verrouillage-peints\/\">Jeu de 5 boulons de verrouillage peints<\/a><\/h3>\t\t<\/div>\r\n\t<\/article>\r\n\t<article class=\"w-grid-item size_1x1 post-1758 product type-product status-publish has-post-thumbnail hentry product_cat-akcesoria product_shipping_class-akcesoria\" data-id=\"1758\">\r\n\t\t<div class=\"w-grid-item-h\">\r\n\t\t\t\t\t\t<div class=\"w-post-elm post_image usg_post_image_1 has_ratio\"><div style=\"padding-bottom:100%\"><\/div><a href=\"https:\/\/www.moriadesign.pl\/fr\/produit\/jambes-en-epingle-a-cheveux-2\/\" aria-label=\"Jeu de 4 vis d\u00e9di\u00e9es aux pieds en \u00e9pingle \u00e0 cheveux\"><img width=\"600\" height=\"600\" src=\"https:\/\/www.moriadesign.pl\/wp-content\/uploads\/2023\/06\/Q-00_3-cztery-wkrety-do-metalowych-nog-hairpin-legs-600x600.png\" class=\"attachment-us_600_600_crop size-us_600_600_crop wp-post-image\" alt=\"\" loading=\"lazy\" srcset=\"https:\/\/www.moriadesign.pl\/wp-content\/uploads\/2023\/06\/Q-00_3-cztery-wkrety-do-metalowych-nog-hairpin-legs-600x600.png 600w, https:\/\/www.moriadesign.pl\/wp-content\/uploads\/2023\/06\/Q-00_3-cztery-wkrety-do-metalowych-nog-hairpin-legs-300x300.png 300w, https:\/\/www.moriadesign.pl\/wp-content\/uploads\/2023\/06\/Q-00_3-cztery-wkrety-do-metalowych-nog-hairpin-legs-1024x1024.png 1024w, https:\/\/www.moriadesign.pl\/wp-content\/uploads\/2023\/06\/Q-00_3-cztery-wkrety-do-metalowych-nog-hairpin-legs-150x150.png 150w, https:\/\/www.moriadesign.pl\/wp-content\/uploads\/2023\/06\/Q-00_3-cztery-wkrety-do-metalowych-nog-hairpin-legs.png 1500w\" sizes=\"(max-width: 600px) 100vw, 600px\" data-no-translation=\"\" \/><\/a><\/div><p class=\"w-post-elm product_field price usg_product_field_3\"><span class=\"woocommerce-Price-amount amount\"><bdi>3,60&nbsp;<span class=\"woocommerce-Price-currencySymbol\">&#122;&#322;<\/span><\/bdi><\/span> - <span class=\"woocommerce-Price-amount amount\"><bdi>5,40&nbsp;<span class=\"woocommerce-Price-currencySymbol\">&#122;&#322;<\/span><\/bdi><\/span> <small class=\"woocommerce-price-suffix\">TVA comprise<\/small><\/p><h3 class=\"w-post-elm post_title usg_post_title_1 woocommerce-loop-product__title color_link_inherit\"><a href=\"https:\/\/www.moriadesign.pl\/fr\/produit\/jambes-en-epingle-a-cheveux-2\/\">Jeu de 4 vis d\u00e9di\u00e9es aux pieds en \u00e9pingle \u00e0 cheveux<\/a><\/h3>\t\t<\/div>\r\n\t<\/article>\r\n\t<article class=\"w-grid-item size_1x1 post-1764 product type-product status-publish has-post-thumbnail hentry product_cat-akcesoria product_cat-bestsellery product_shipping_class-akcesoria\" data-id=\"1764\">\r\n\t\t<div class=\"w-grid-item-h\">\r\n\t\t\t\t\t\t<div class=\"w-post-elm post_image usg_post_image_1 has_ratio\"><div style=\"padding-bottom:100%\"><\/div><a href=\"https:\/\/www.moriadesign.pl\/fr\/produit\/komplet-4-x-gumowa-stopka-ochronna-hairpin-leg\/\" aria-label=\"Jeu de 4 x pieds de protection en caoutchouc pour les jambes en \u00e9pingle \u00e0 cheveux\"><img width=\"600\" height=\"600\" src=\"https:\/\/www.moriadesign.pl\/wp-content\/uploads\/2022\/12\/I-01x4_7-antyposlizgowe-stopki-do-nog-hairpin-legs-600x600.jpg\" class=\"attachment-us_600_600_crop size-us_600_600_crop wp-post-image\" alt=\"\" loading=\"lazy\" srcset=\"https:\/\/www.moriadesign.pl\/wp-content\/uploads\/2022\/12\/I-01x4_7-antyposlizgowe-stopki-do-nog-hairpin-legs-600x600.jpg 600w, https:\/\/www.moriadesign.pl\/wp-content\/uploads\/2022\/12\/I-01x4_7-antyposlizgowe-stopki-do-nog-hairpin-legs-300x300.jpg 300w, https:\/\/www.moriadesign.pl\/wp-content\/uploads\/2022\/12\/I-01x4_7-antyposlizgowe-stopki-do-nog-hairpin-legs-1024x1024.jpg 1024w, https:\/\/www.moriadesign.pl\/wp-content\/uploads\/2022\/12\/I-01x4_7-antyposlizgowe-stopki-do-nog-hairpin-legs-150x150.jpg 150w, https:\/\/www.moriadesign.pl\/wp-content\/uploads\/2022\/12\/I-01x4_7-antyposlizgowe-stopki-do-nog-hairpin-legs.jpg 1600w\" sizes=\"(max-width: 600px) 100vw, 600px\" data-no-translation=\"\" \/><\/a><\/div><p class=\"w-post-elm product_field price usg_product_field_3\"><span class=\"woocommerce-Price-amount amount\"><bdi>20,70&nbsp;<span class=\"woocommerce-Price-currencySymbol\">&#122;&#322;<\/span><\/bdi><\/span> - <span class=\"woocommerce-Price-amount amount\"><bdi>22,50&nbsp;<span class=\"woocommerce-Price-currencySymbol\">&#122;&#322;<\/span><\/bdi><\/span> <small class=\"woocommerce-price-suffix\">TVA comprise<\/small><\/p><h3 class=\"w-post-elm post_title usg_post_title_1 woocommerce-loop-product__title color_link_inherit\"><a href=\"https:\/\/www.moriadesign.pl\/fr\/produit\/komplet-4-x-gumowa-stopka-ochronna-hairpin-leg\/\">Jeu de 4 x pieds de protection en caoutchouc pour les jambes en \u00e9pingle \u00e0 cheveux<\/a><\/h3>\t\t<\/div>\r\n\t<\/article>\r\n<\/div><div class=\"w-grid-preloader\"><div class=\"g-preloader type_1\">\r\n\t<div><\/div>\r\n<\/div>\r\n<\/div>\t<div class=\"w-grid-json hidden\" onclick='return {&quot;action&quot;:&quot;us_ajax_grid&quot;,&quot;ajax_url&quot;:&quot;https:\\\/\\\/www.moriadesign.pl\\\/wp-admin\\\/admin-ajax.php&quot;,&quot;infinite_scroll&quot;:0,&quot;max_num_pages&quot;:1,&quot;pagination&quot;:&quot;regular&quot;,&quot;permalink_url&quot;:&quot;https:\\\/\\\/www.moriadesign.pl\\\/fr\\\/wp-json\\\/wp\\\/v2\\\/pages\\\/1306&quot;,&quot;template_vars&quot;:{&quot;columns&quot;:&quot;4&quot;,&quot;exclude_items&quot;:&quot;none&quot;,&quot;img_size&quot;:&quot;default&quot;,&quot;ignore_items_size&quot;:0,&quot;items_layout&quot;:&quot;130&quot;,&quot;items_offset&quot;:&quot;1&quot;,&quot;load_animation&quot;:&quot;none&quot;,&quot;overriding_link&quot;:&quot;none&quot;,&quot;post_id&quot;:1306,&quot;query_args&quot;:{&quot;post_type&quot;:[&quot;product&quot;],&quot;tax_query&quot;:[{&quot;taxonomy&quot;:&quot;product_cat&quot;,&quot;field&quot;:&quot;slug&quot;,&quot;terms&quot;:[&quot;akcesoria&quot;]},{&quot;taxonomy&quot;:&quot;product_visibility&quot;,&quot;field&quot;:&quot;slug&quot;,&quot;terms&quot;:[&quot;exclude-from-catalog&quot;],&quot;operator&quot;:&quot;NOT IN&quot;}],&quot;post_status&quot;:[&quot;publish&quot;,&quot;acf-disabled&quot;,&quot;wc-payu-waiting&quot;],&quot;meta_query&quot;:[],&quot;posts_per_page&quot;:&quot;24&quot;},&quot;orderby_query_args&quot;:{&quot;orderby&quot;:{&quot;date&quot;:&quot;ASC&quot;}},&quot;type&quot;:&quot;grid&quot;,&quot;us_grid_ajax_index&quot;:1,&quot;us_grid_filter_params&quot;:null,&quot;us_grid_index&quot;:1,&quot;_us_grid_post_type&quot;:&quot;product&quot;}}'><\/div>\r\n\t<\/div><div class=\"w-separator size_medium\"><\/div><\/div><\/div><\/div><\/div><\/div><\/section><section class=\"l-section wpb_row height_medium\"><div class=\"l-section-h i-cf\"><div class=\"g-cols vc_row via_flex valign_top type_default stacking_default\"><div class=\"vc_col-sm-12 wpb_column vc_column_container\"><div class=\"vc_column-inner\"><div class=\"wpb_wrapper\"><div class=\"wpb_text_column\"><div class=\"wpb_wrapper\"><h2 id=\"czytaj-wiecej\">Accessoires MORIA DESIGN : le compl\u00e9ment parfait de vos meubles<\/h2>\n<p>Lorsque vous choisissez des accessoires de la gamme <a href=\"\/fr\/?wmc-currency=EUR\">MORIA DESIGN<\/a>Gr\u00e2ce \u00e0 nos produits, vous avez la garantie que chaque produit a \u00e9t\u00e9 soigneusement con\u00e7u pour s'adapter parfaitement \u00e0 l'esth\u00e9tique et \u00e0 la fonctionnalit\u00e9 de vos meubles. Nous proposons non seulement un large choix d'articles tels que des vis de blocage, des vis et des pieds en caoutchouc, mais nous veillons \u00e9galement \u00e0 ce qu'ils soient adapt\u00e9s aux exigences les plus sp\u00e9cifiques. Ainsi, nos accessoires ne se contentent pas de rehausser l'aspect de vos meubles, ils en augmentent \u00e9galement l'utilit\u00e9, en garantissant une fonctionnalit\u00e9 maximale et un raffinement esth\u00e9tique dans les moindres d\u00e9tails.<\/p>\n<h2>Investir dans la qualit\u00e9 et le design avec des accessoires d\u00e9di\u00e9s<\/h2>\n<p>En choisissant nos produits, vous investissez dans la meilleure combinaison de mat\u00e9riaux durables et d'une attention particuli\u00e8re aux d\u00e9tails. Nos accessoires, tels que les vis, les boulons et les pieds en caoutchouc, sont con\u00e7us pour r\u00e9pondre aux attentes \u00e9lev\u00e9es de nos clients en termes de qualit\u00e9 et de design. Gr\u00e2ce \u00e0 l'utilisation des meilleurs mat\u00e9riaux, chaque produit est durable et conserve son aspect pendant des ann\u00e9es, ce qui en fait un investissement rentable \u00e0 long terme.<\/p>\n<p>En outre, <strong>nos accessoires<\/strong>comme les vis de blocage ne facilitent pas seulement le montage des meubles, mais aussi leur utilisation quotidienne, par exemple avec les pieds protecteurs pour les pieds en \u00e9pingle \u00e0 cheveux, qui prot\u00e8gent les sols contre les rayures. Un autre aspect important de notre gamme est l'attention que nous portons \u00e0 la coh\u00e9rence visuelle : les vis de blocage sont peintes avec la m\u00eame peinture que nos ferrures, ce qui garantit un aspect uniforme et esth\u00e9tiquement raffin\u00e9 de l'ensemble du produit.<\/p>\n<p>En r\u00e9sum\u00e9, <strong>accessoires<\/strong> sont un compl\u00e9ment essentiel de notre gamme, con\u00e7u principalement pour soutenir et renforcer les qualit\u00e9s de nos produits. Gr\u00e2ce \u00e0 eux, chaque meuble gagne non seulement en fonctionnalit\u00e9 et en esth\u00e9tique, mais aussi en coh\u00e9rence avec l'ensemble de la collection.<\/p>\n<h2>D\u00e9couvrez notre gamme d'accessoires assortis<\/h2>\n<p>Visitez notre site web, o\u00f9 vous d\u00e9couvrirez une gamme de produits cr\u00e9\u00e9s pour donner \u00e0 vos projets une touche unique et ajouter un style individuel \u00e0 n'importe quel espace. Contactez-nous d\u00e8s maintenant pour en savoir plus et commencer \u00e0 m\u00e9tamorphoser votre int\u00e9rieur en un espace qui refl\u00e8te vos r\u00eaves et vos aspirations. Notre \u00e9quipe de sp\u00e9cialistes est pr\u00eate \u00e0 vous aider \u00e0 chaque \u00e9tape du processus avec des produits synonymes de qualit\u00e9, de style et de fonctionnalit\u00e9.<\/p>\n<p><strong>V\u00e9rifier aussi :<\/strong><\/p>\n<ul>\n<li><a href=\"\/fr\/offrir\/jambes-en-epingle-a-cheveux\/?wmc-currency=EUR\">Pieds en \u00e9pingle \u00e0 cheveux - jeux<\/a><\/li>\n<li><a href=\"\/fr\/offrir\/jambes-en-epingle-a-cheveux-en-couleur\/?wmc-currency=EUR\">Jambe en \u00e9pingle \u00e0 cheveux - color\u00e9e<\/a><\/li>\n<li><a href=\"\/fr\/offrir\/fermetures-decoratives\/?wmc-currency=EUR\">Fermetures d\u00e9coratives<\/a><\/li>\n<\/ul>\n<\/div><\/div><\/div><\/div><\/div><\/div><\/div><\/section>","protected":false},"excerpt":{"rendered":"Do wyboru 2 warianty kolor\u00f3w: czarny, bezbarwny. Cechy i zalety: komplet zawiera 4 dedykowane stopki &gt; funkcjonalne; wykonane z elastycznego plastiku &gt; antypo\u015blizgowe; nie wymagaj\u0105 przykr\u0119cania, wystarczy wcisn\u0105\u0107 na pr\u0119t &gt; dobrze dopasowane; wymiary maksymalne: \u015brednica \u2013 3 cm, wysoko\u015b\u0107 \u2013 1,4 mm &gt; podnosz\u0105 n\u00f3\u017ck\u0119 tylko o 3 mm. Zastosowanie: do hairpin legs MORIA...","protected":false},"author":1,"featured_media":238,"parent":188,"menu_order":27,"comment_status":"closed","ping_status":"closed","template":"","meta":{"inline_featured_image":false},"acf":[],"yoast_head":"<!-- This site is optimized with the Yoast SEO plugin v20.2 - https:\/\/yoast.com\/wordpress\/plugins\/seo\/ -->\n<title>Akcesoria - MORIA DESIGN<\/title>\n<meta name=\"description\" content=\"Oferujemy dedykowane akcesoria do produkt\u00f3w MORIA DESIGN. Znajdziesz tu stylowe czarne \u015bruby zamkowe, wkr\u0119ty w stylu loft oraz wiele innych.\" \/>\n<meta name=\"robots\" content=\"index, follow, max-snippet:-1, max-image-preview:large, max-video-preview:-1\" \/>\n<link rel=\"canonical\" href=\"https:\/\/www.moriadesign.pl\/fr\/offrir\/accessoires\/?wmc-currency=EUR\" \/>\n<meta property=\"og:locale\" content=\"fr_FR\" \/>\n<meta property=\"og:type\" content=\"article\" \/>\n<meta property=\"og:title\" content=\"Akcesoria - MORIA DESIGN\" \/>\n<meta property=\"og:description\" content=\"Oferujemy dedykowane akcesoria do produkt\u00f3w MORIA DESIGN. Znajdziesz tu stylowe czarne \u015bruby zamkowe, wkr\u0119ty w stylu loft oraz wiele innych.\" \/>\n<meta property=\"og:url\" content=\"https:\/\/www.moriadesign.pl\/fr\/offrir\/accessoires\/?wmc-currency=EUR\" \/>\n<meta property=\"og:site_name\" content=\"MORIA DESIGN\" \/>\n<meta property=\"article:modified_time\" content=\"2024-04-09T14:24:48+00:00\" \/>\n<meta property=\"og:image\" content=\"https:\/\/www.moriadesign.pl\/wp-content\/uploads\/2022\/11\/akcesoria.jpg\" \/>\n\t<meta property=\"og:image:width\" content=\"800\" \/>\n\t<meta property=\"og:image:height\" content=\"800\" \/>\n\t<meta property=\"og:image:type\" content=\"image\/jpeg\" \/>\n<meta name=\"twitter:card\" content=\"summary_large_image\" \/>\n<meta name=\"twitter:label1\" content=\"Dur\u00e9e de lecture estim\u00e9e\" \/>\n\t<meta name=\"twitter:data1\" content=\"5 minutes\" \/>\n<script type=\"application\/ld+json\" class=\"yoast-schema-graph\">{\"@context\":\"https:\/\/schema.org\",\"@graph\":[{\"@type\":\"WebPage\",\"@id\":\"https:\/\/www.moriadesign.pl\/oferta\/akcesoria\/\",\"url\":\"https:\/\/www.moriadesign.pl\/oferta\/akcesoria\/\",\"name\":\"Akcesoria - MORIA DESIGN\",\"isPartOf\":{\"@id\":\"https:\/\/www.moriadesign.pl\/#website\"},\"datePublished\":\"2022-12-20T12:41:53+00:00\",\"dateModified\":\"2024-04-09T14:24:48+00:00\",\"description\":\"Oferujemy dedykowane akcesoria do produkt\u00f3w MORIA DESIGN. Znajdziesz tu stylowe czarne \u015bruby zamkowe, wkr\u0119ty w stylu loft oraz wiele innych.\",\"breadcrumb\":{\"@id\":\"https:\/\/www.moriadesign.pl\/oferta\/akcesoria\/#breadcrumb\"},\"inLanguage\":\"fr-FR\",\"potentialAction\":[{\"@type\":\"ReadAction\",\"target\":[\"https:\/\/www.moriadesign.pl\/oferta\/akcesoria\/\"]}]},{\"@type\":\"BreadcrumbList\",\"@id\":\"https:\/\/www.moriadesign.pl\/oferta\/akcesoria\/#breadcrumb\",\"itemListElement\":[{\"@type\":\"ListItem\",\"position\":1,\"name\":\"Strona g\u0142\u00f3wna\",\"item\":\"https:\/\/www.moriadesign.pl\/\"},{\"@type\":\"ListItem\",\"position\":2,\"name\":\"Oferta\",\"item\":\"https:\/\/www.moriadesign.pl\/oferta\/\"},{\"@type\":\"ListItem\",\"position\":3,\"name\":\"Akcesoria\"}]},{\"@type\":\"WebSite\",\"@id\":\"https:\/\/www.moriadesign.pl\/#website\",\"url\":\"https:\/\/www.moriadesign.pl\/\",\"name\":\"MORIA DESIGN\",\"description\":\"okucia do mebli, domu i ogrodu\",\"potentialAction\":[{\"@type\":\"SearchAction\",\"target\":{\"@type\":\"EntryPoint\",\"urlTemplate\":\"https:\/\/www.moriadesign.pl\/?s={search_term_string}\"},\"query-input\":\"required name=search_term_string\"}],\"inLanguage\":\"fr-FR\"}]}<\/script>\n<!-- \/ Yoast SEO plugin. -->","yoast_head_json":{"title":"Akcesoria - MORIA DESIGN","description":"Oferujemy dedykowane akcesoria do produkt\u00f3w MORIA DESIGN. Znajdziesz tu stylowe czarne \u015bruby zamkowe, wkr\u0119ty w stylu loft oraz wiele innych.","robots":{"index":"index","follow":"follow","max-snippet":"max-snippet:-1","max-image-preview":"max-image-preview:large","max-video-preview":"max-video-preview:-1"},"canonical":"https:\/\/www.moriadesign.pl\/fr\/offrir\/accessoires\/?wmc-currency=EUR","og_locale":"fr_FR","og_type":"article","og_title":"Akcesoria - MORIA DESIGN","og_description":"Oferujemy dedykowane akcesoria do produkt\u00f3w MORIA DESIGN. Znajdziesz tu stylowe czarne \u015bruby zamkowe, wkr\u0119ty w stylu loft oraz wiele innych.","og_url":"https:\/\/www.moriadesign.pl\/fr\/offrir\/accessoires\/?wmc-currency=EUR","og_site_name":"MORIA DESIGN","article_modified_time":"2024-04-09T14:24:48+00:00","og_image":[{"width":800,"height":800,"url":"https:\/\/www.moriadesign.pl\/wp-content\/uploads\/2022\/11\/akcesoria.jpg","type":"image\/jpeg"}],"twitter_card":"summary_large_image","twitter_misc":{"Dur\u00e9e de lecture estim\u00e9e":"5 minutes"},"schema":{"@context":"https:\/\/schema.org","@graph":[{"@type":"WebPage","@id":"https:\/\/www.moriadesign.pl\/oferta\/akcesoria\/","url":"https:\/\/www.moriadesign.pl\/oferta\/akcesoria\/","name":"Akcesoria - MORIA DESIGN","isPartOf":{"@id":"https:\/\/www.moriadesign.pl\/#website"},"datePublished":"2022-12-20T12:41:53+00:00","dateModified":"2024-04-09T14:24:48+00:00","description":"Oferujemy dedykowane akcesoria do produkt\u00f3w MORIA DESIGN. Znajdziesz tu stylowe czarne \u015bruby zamkowe, wkr\u0119ty w stylu loft oraz wiele innych.","breadcrumb":{"@id":"https:\/\/www.moriadesign.pl\/oferta\/akcesoria\/#breadcrumb"},"inLanguage":"fr-FR","potentialAction":[{"@type":"ReadAction","target":["https:\/\/www.moriadesign.pl\/oferta\/akcesoria\/"]}]},{"@type":"BreadcrumbList","@id":"https:\/\/www.moriadesign.pl\/oferta\/akcesoria\/#breadcrumb","itemListElement":[{"@type":"ListItem","position":1,"name":"Strona g\u0142\u00f3wna","item":"https:\/\/www.moriadesign.pl\/"},{"@type":"ListItem","position":2,"name":"Oferta","item":"https:\/\/www.moriadesign.pl\/oferta\/"},{"@type":"ListItem","position":3,"name":"Akcesoria"}]},{"@type":"WebSite","@id":"https:\/\/www.moriadesign.pl\/#website","url":"https:\/\/www.moriadesign.pl\/","name":"MORIA DESIGN","description":"okucia do mebli, domu i ogrodu","potentialAction":[{"@type":"SearchAction","target":{"@type":"EntryPoint","urlTemplate":"https:\/\/www.moriadesign.pl\/?s={search_term_string}"},"query-input":"required name=search_term_string"}],"inLanguage":"fr-FR"}]}},"_links":{"self":[{"href":"https:\/\/www.moriadesign.pl\/fr\/wp-json\/wp\/v2\/pages\/1306"}],"collection":[{"href":"https:\/\/www.moriadesign.pl\/fr\/wp-json\/wp\/v2\/pages"}],"about":[{"href":"https:\/\/www.moriadesign.pl\/fr\/wp-json\/wp\/v2\/types\/page"}],"author":[{"embeddable":true,"href":"https:\/\/www.moriadesign.pl\/fr\/wp-json\/wp\/v2\/users\/1"}],"replies":[{"embeddable":true,"href":"https:\/\/www.moriadesign.pl\/fr\/wp-json\/wp\/v2\/comments?post=1306"}],"version-history":[{"count":10,"href":"https:\/\/www.moriadesign.pl\/fr\/wp-json\/wp\/v2\/pages\/1306\/revisions"}],"predecessor-version":[{"id":3245,"href":"https:\/\/www.moriadesign.pl\/fr\/wp-json\/wp\/v2\/pages\/1306\/revisions\/3245"}],"up":[{"embeddable":true,"href":"https:\/\/www.moriadesign.pl\/fr\/wp-json\/wp\/v2\/pages\/188"}],"wp:featuredmedia":[{"embeddable":true,"href":"https:\/\/www.moriadesign.pl\/fr\/wp-json\/wp\/v2\/media\/238"}],"wp:attachment":[{"href":"https:\/\/www.moriadesign.pl\/fr\/wp-json\/wp\/v2\/media?parent=1306"}],"curies":[{"name":"wp","href":"https:\/\/api.w.org\/{rel}","templated":true}]}}