{"id":1305,"date":"2022-12-20T13:41:31","date_gmt":"2022-12-20T12:41:31","guid":{"rendered":"https:\/\/www.moriadesign.pl\/?page_id=1305"},"modified":"2024-04-09T16:15:58","modified_gmt":"2024-04-09T14:15:58","slug":"stojaki-choinkowe","status":"publish","type":"page","link":"https:\/\/www.moriadesign.pl\/fr\/offrir\/supports-pour-sapins-de-noel\/","title":{"rendered":"Supports pour sapins de No\u00ebl"},"content":{"rendered":"<section class=\"l-section wpb_row us_custom_87ac13b4 height_small\"><div class=\"l-section-h i-cf\"><div class=\"g-cols vc_row via_flex valign_middle type_default reversed stacking_default\"><div class=\"vc_col-sm-12 vc_col-md-6 wpb_column vc_column_container\"><div class=\"vc_column-inner\"><div class=\"wpb_wrapper\"><div class=\"w-post-elm post_image us_custom_551c61fe stretched\"><img width=\"800\" height=\"800\" src=\"https:\/\/www.moriadesign.pl\/wp-content\/uploads\/2022\/11\/stojaki-choinkowe.jpg\" class=\"attachment-large size-large wp-post-image\" alt=\"\" loading=\"lazy\" srcset=\"https:\/\/www.moriadesign.pl\/wp-content\/uploads\/2022\/11\/stojaki-choinkowe.jpg 800w, https:\/\/www.moriadesign.pl\/wp-content\/uploads\/2022\/11\/stojaki-choinkowe-300x300.jpg 300w, https:\/\/www.moriadesign.pl\/wp-content\/uploads\/2022\/11\/stojaki-choinkowe-150x150.jpg 150w, https:\/\/www.moriadesign.pl\/wp-content\/uploads\/2022\/11\/stojaki-choinkowe-600x600.jpg 600w\" sizes=\"(max-width: 800px) 100vw, 800px\" data-no-translation=\"\" \/><\/div><\/div><\/div><\/div><div class=\"vc_col-sm-12 vc_col-md-6 wpb_column vc_column_container\"><div class=\"vc_column-inner\"><div class=\"wpb_wrapper\"><h1 class=\"w-post-elm post_title entry-title color_link_inherit\">Supports pour sapins de No\u00ebl<\/h1><div class=\"w-separator size_small\"><\/div><div class=\"wpb_text_column us_custom_baf8849b\"><div class=\"wpb_wrapper\"><p>Stojaki choinkowe produkujemy z wysokiej gatunkowo stali z solidnych przekroj\u00f3w. W rezultacie powstaje trwa\u0142y, praktycznie niezniszczalny produkt, kt\u00f3ry przyozdobiony \u015bwi\u0105tecznymi akcentami mo\u017ce wpisa\u0107 si\u0119 na wiele d\u0142ugich lat w Wasz\u0105 tradycj\u0119 \u015bwi\u0119towania Bo\u017cego Narodzenia. Stojaki wyr\u00f3\u017cniaj\u0105 si\u0119 wysok\u0105 jako\u015bci\u0105 wykonania oraz oryginalno\u015bci\u0105.<\/p>\n<p>Stojaki choinkowe standardowo malujemy farb\u0105 proszkow\u0105 w kolorze z\u0142otym.<\/p>\n<p><a href=\"#czytaj-wiecej\"><strong>En savoir plus<\/strong><\/a><\/p>\n<\/div><\/div><\/div><\/div><\/div><\/div><\/div><\/section><section class=\"l-section wpb_row us_custom_887a049b height_small\"><div class=\"l-section-h i-cf\"><div class=\"g-cols vc_row via_flex valign_top type_default stacking_default\"><div class=\"vc_col-sm-12 wpb_column vc_column_container\"><div class=\"vc_column-inner\"><div class=\"wpb_wrapper\"><div class=\"w-grid type_grid layout_130 cols_4 with_pagination\" id=\"us_grid_1\" data-filterable=\"true\"><style>#us_grid_1 .w-grid-item{padding:1.5rem}#us_grid_1 .w-grid-list{margin:-1.5rem -1.5rem 1.5rem}.w-grid + #us_grid_1 .w-grid-list,.w-grid-none + #us_grid_1 .w-grid-list{margin-top:1.5rem}@media (max-width:1199px){#us_grid_1 .w-grid-item{width:33.3333%}}@media (max-width:899px){#us_grid_1 .w-grid-item{width:33.3333%}}@media (max-width:599px){#us_grid_1 .w-grid-item{width:50%}}.layout_130 .w-grid-item-h{}.layout_130 .usg_product_field_1{color:#fff!important;font-size:12px!important;font-weight:700!important;text-transform:uppercase!important;position:absolute!important;top:10px!important;left:10px!important;padding-left:0.8rem!important;padding-right:0.8rem!important;border-radius:2rem!important;background:var(--color-content-primary)!important}.layout_130 .usg_post_title_1{font-size:1rem!important;line-height:1.4rem!important;font-family:var(--font-body)!important;font-weight:400!important;margin-top:0.8rem!important;margin-bottom:0.2rem!important}.layout_130 .usg_product_field_3{font-size:1.3rem!important;font-family:var(--font-h1)!important;font-weight:600!important}<\/style><div class=\"w-grid-list\">\t<article class=\"w-grid-item size_1x1 post-1780 product type-product status-publish has-post-thumbnail hentry product_cat-stojaki-choinkowe product_shipping_class-produkty-od-70-cm-do-100-cm\" data-id=\"1780\">\r\n\t\t<div class=\"w-grid-item-h\">\r\n\t\t\t\t\t\t<div class=\"w-post-elm post_image usg_post_image_1 has_ratio\"><div style=\"padding-bottom:100%\"><\/div><a href=\"https:\/\/www.moriadesign.pl\/fr\/produit\/support-de-sapin-de-noel-s-01\/\" aria-label=\"Support de sapin de No\u00ebl S-01\"><img width=\"600\" height=\"600\" src=\"https:\/\/www.moriadesign.pl\/wp-content\/uploads\/2023\/01\/S-01.g_1-stojak-choinkowy-z-regulacja-i-pojemnikiem-na-wode-600x600.png\" class=\"attachment-us_600_600_crop size-us_600_600_crop wp-post-image\" alt=\"\" loading=\"lazy\" srcset=\"https:\/\/www.moriadesign.pl\/wp-content\/uploads\/2023\/01\/S-01.g_1-stojak-choinkowy-z-regulacja-i-pojemnikiem-na-wode-600x600.png 600w, https:\/\/www.moriadesign.pl\/wp-content\/uploads\/2023\/01\/S-01.g_1-stojak-choinkowy-z-regulacja-i-pojemnikiem-na-wode-300x300.png 300w, https:\/\/www.moriadesign.pl\/wp-content\/uploads\/2023\/01\/S-01.g_1-stojak-choinkowy-z-regulacja-i-pojemnikiem-na-wode-1024x1024.png 1024w, https:\/\/www.moriadesign.pl\/wp-content\/uploads\/2023\/01\/S-01.g_1-stojak-choinkowy-z-regulacja-i-pojemnikiem-na-wode-150x150.png 150w, https:\/\/www.moriadesign.pl\/wp-content\/uploads\/2023\/01\/S-01.g_1-stojak-choinkowy-z-regulacja-i-pojemnikiem-na-wode.png 1600w\" sizes=\"(max-width: 600px) 100vw, 600px\" data-no-translation=\"\" \/><\/a><\/div><p class=\"w-post-elm product_field price usg_product_field_3\"><span class=\"woocommerce-Price-amount amount\"><bdi>166,00&nbsp;<span class=\"woocommerce-Price-currencySymbol\">&#122;&#322;<\/span><\/bdi><\/span> <small class=\"woocommerce-price-suffix\">TVA comprise<\/small><\/p><h3 class=\"w-post-elm post_title usg_post_title_1 woocommerce-loop-product__title color_link_inherit\"><a href=\"https:\/\/www.moriadesign.pl\/fr\/produit\/support-de-sapin-de-noel-s-01\/\">Support de sapin de No\u00ebl S-01<\/a><\/h3>\t\t<\/div>\r\n\t<\/article>\r\n\t<article class=\"w-grid-item size_1x1 post-1781 product type-product status-publish has-post-thumbnail hentry product_cat-stojaki-choinkowe product_shipping_class-produkty-od-70-cm-do-100-cm\" data-id=\"1781\">\r\n\t\t<div class=\"w-grid-item-h\">\r\n\t\t\t\t\t\t<div class=\"w-post-elm post_image usg_post_image_1 has_ratio\"><div style=\"padding-bottom:100%\"><\/div><a href=\"https:\/\/www.moriadesign.pl\/fr\/produit\/support-de-sapin-de-noel-s-02\/\" aria-label=\"Support de sapin de No\u00ebl S-02\"><img width=\"600\" height=\"600\" src=\"https:\/\/www.moriadesign.pl\/wp-content\/uploads\/2023\/01\/S-02.g_1-solidne-stojaki-choinkowe-z-metalu-600x600.png\" class=\"attachment-us_600_600_crop size-us_600_600_crop wp-post-image\" alt=\"\" loading=\"lazy\" srcset=\"https:\/\/www.moriadesign.pl\/wp-content\/uploads\/2023\/01\/S-02.g_1-solidne-stojaki-choinkowe-z-metalu-600x600.png 600w, https:\/\/www.moriadesign.pl\/wp-content\/uploads\/2023\/01\/S-02.g_1-solidne-stojaki-choinkowe-z-metalu-300x300.png 300w, https:\/\/www.moriadesign.pl\/wp-content\/uploads\/2023\/01\/S-02.g_1-solidne-stojaki-choinkowe-z-metalu-1024x1024.png 1024w, https:\/\/www.moriadesign.pl\/wp-content\/uploads\/2023\/01\/S-02.g_1-solidne-stojaki-choinkowe-z-metalu-150x150.png 150w, https:\/\/www.moriadesign.pl\/wp-content\/uploads\/2023\/01\/S-02.g_1-solidne-stojaki-choinkowe-z-metalu.png 1600w\" sizes=\"(max-width: 600px) 100vw, 600px\" data-no-translation=\"\" \/><\/a><\/div><p class=\"w-post-elm product_field price usg_product_field_3\"><span class=\"woocommerce-Price-amount amount\"><bdi>178,00&nbsp;<span class=\"woocommerce-Price-currencySymbol\">&#122;&#322;<\/span><\/bdi><\/span> <small class=\"woocommerce-price-suffix\">TVA comprise<\/small><\/p><h3 class=\"w-post-elm post_title usg_post_title_1 woocommerce-loop-product__title color_link_inherit\"><a href=\"https:\/\/www.moriadesign.pl\/fr\/produit\/support-de-sapin-de-noel-s-02\/\">Support de sapin de No\u00ebl S-02<\/a><\/h3>\t\t<\/div>\r\n\t<\/article>\r\n\t<article class=\"w-grid-item size_1x1 post-1782 product type-product status-publish has-post-thumbnail hentry product_cat-stojaki-choinkowe product_shipping_class-produkty-od-70-cm-do-100-cm\" data-id=\"1782\">\r\n\t\t<div class=\"w-grid-item-h\">\r\n\t\t\t\t\t\t<div class=\"w-post-elm post_image usg_post_image_1 has_ratio\"><div style=\"padding-bottom:100%\"><\/div><a href=\"https:\/\/www.moriadesign.pl\/fr\/produit\/support-de-sapin-de-noel-s-03\/\" aria-label=\"Support de sapin de No\u00ebl S-03\"><img width=\"600\" height=\"600\" src=\"https:\/\/www.moriadesign.pl\/wp-content\/uploads\/2023\/01\/S-03.g_1-solidny-kuty-kowalski-stojak-choinkowy-600x600.png\" class=\"attachment-us_600_600_crop size-us_600_600_crop wp-post-image\" alt=\"\" loading=\"lazy\" srcset=\"https:\/\/www.moriadesign.pl\/wp-content\/uploads\/2023\/01\/S-03.g_1-solidny-kuty-kowalski-stojak-choinkowy-600x600.png 600w, https:\/\/www.moriadesign.pl\/wp-content\/uploads\/2023\/01\/S-03.g_1-solidny-kuty-kowalski-stojak-choinkowy-300x300.png 300w, https:\/\/www.moriadesign.pl\/wp-content\/uploads\/2023\/01\/S-03.g_1-solidny-kuty-kowalski-stojak-choinkowy-1024x1024.png 1024w, https:\/\/www.moriadesign.pl\/wp-content\/uploads\/2023\/01\/S-03.g_1-solidny-kuty-kowalski-stojak-choinkowy-150x150.png 150w, https:\/\/www.moriadesign.pl\/wp-content\/uploads\/2023\/01\/S-03.g_1-solidny-kuty-kowalski-stojak-choinkowy.png 1600w\" sizes=\"(max-width: 600px) 100vw, 600px\" data-no-translation=\"\" \/><\/a><\/div><p class=\"w-post-elm product_field price usg_product_field_3\"><span class=\"woocommerce-Price-amount amount\"><bdi>137,20&nbsp;<span class=\"woocommerce-Price-currencySymbol\">&#122;&#322;<\/span><\/bdi><\/span> <small class=\"woocommerce-price-suffix\">TVA comprise<\/small><\/p><h3 class=\"w-post-elm post_title usg_post_title_1 woocommerce-loop-product__title color_link_inherit\"><a href=\"https:\/\/www.moriadesign.pl\/fr\/produit\/support-de-sapin-de-noel-s-03\/\">Support de sapin de No\u00ebl S-03<\/a><\/h3>\t\t<\/div>\r\n\t<\/article>\r\n\t<article class=\"w-grid-item size_1x1 post-1783 product type-product status-publish has-post-thumbnail hentry product_cat-stojaki-choinkowe product_shipping_class-produkty-od-70-cm-do-100-cm\" data-id=\"1783\">\r\n\t\t<div class=\"w-grid-item-h\">\r\n\t\t\t\t\t\t<div class=\"w-post-elm post_image usg_post_image_1 has_ratio\"><div style=\"padding-bottom:100%\"><\/div><a href=\"https:\/\/www.moriadesign.pl\/fr\/produit\/support-de-sapin-de-noel-s-04\/\" aria-label=\"Support de sapin de No\u00ebl S-04\"><img width=\"600\" height=\"600\" src=\"https:\/\/www.moriadesign.pl\/wp-content\/uploads\/2023\/01\/S-04.g_1-zloty-metalowy-stojak-choinkowy-o-niepowtarzalnym-wzorze-600x600.png\" class=\"attachment-us_600_600_crop size-us_600_600_crop wp-post-image\" alt=\"\" loading=\"lazy\" srcset=\"https:\/\/www.moriadesign.pl\/wp-content\/uploads\/2023\/01\/S-04.g_1-zloty-metalowy-stojak-choinkowy-o-niepowtarzalnym-wzorze-600x600.png 600w, https:\/\/www.moriadesign.pl\/wp-content\/uploads\/2023\/01\/S-04.g_1-zloty-metalowy-stojak-choinkowy-o-niepowtarzalnym-wzorze-300x300.png 300w, https:\/\/www.moriadesign.pl\/wp-content\/uploads\/2023\/01\/S-04.g_1-zloty-metalowy-stojak-choinkowy-o-niepowtarzalnym-wzorze-1024x1024.png 1024w, https:\/\/www.moriadesign.pl\/wp-content\/uploads\/2023\/01\/S-04.g_1-zloty-metalowy-stojak-choinkowy-o-niepowtarzalnym-wzorze-150x150.png 150w, https:\/\/www.moriadesign.pl\/wp-content\/uploads\/2023\/01\/S-04.g_1-zloty-metalowy-stojak-choinkowy-o-niepowtarzalnym-wzorze.png 1600w\" sizes=\"(max-width: 600px) 100vw, 600px\" data-no-translation=\"\" \/><\/a><\/div><p class=\"w-post-elm product_field price usg_product_field_3\"><span class=\"woocommerce-Price-amount amount\"><bdi>196,30&nbsp;<span class=\"woocommerce-Price-currencySymbol\">&#122;&#322;<\/span><\/bdi><\/span> <small class=\"woocommerce-price-suffix\">TVA comprise<\/small><\/p><h3 class=\"w-post-elm post_title usg_post_title_1 woocommerce-loop-product__title color_link_inherit\"><a href=\"https:\/\/www.moriadesign.pl\/fr\/produit\/support-de-sapin-de-noel-s-04\/\">Support de sapin de No\u00ebl S-04<\/a><\/h3>\t\t<\/div>\r\n\t<\/article>\r\n<\/div><div class=\"w-grid-preloader\"><div class=\"g-preloader type_1\">\r\n\t<div><\/div>\r\n<\/div>\r\n<\/div>\t<div class=\"w-grid-json hidden\" onclick='return {&quot;action&quot;:&quot;us_ajax_grid&quot;,&quot;ajax_url&quot;:&quot;https:\\\/\\\/www.moriadesign.pl\\\/wp-admin\\\/admin-ajax.php&quot;,&quot;infinite_scroll&quot;:0,&quot;max_num_pages&quot;:1,&quot;pagination&quot;:&quot;regular&quot;,&quot;permalink_url&quot;:&quot;https:\\\/\\\/www.moriadesign.pl\\\/fr\\\/wp-json\\\/wp\\\/v2\\\/pages\\\/1305&quot;,&quot;template_vars&quot;:{&quot;columns&quot;:&quot;4&quot;,&quot;exclude_items&quot;:&quot;none&quot;,&quot;img_size&quot;:&quot;default&quot;,&quot;ignore_items_size&quot;:0,&quot;items_layout&quot;:&quot;130&quot;,&quot;items_offset&quot;:&quot;1&quot;,&quot;load_animation&quot;:&quot;none&quot;,&quot;overriding_link&quot;:&quot;none&quot;,&quot;post_id&quot;:1305,&quot;query_args&quot;:{&quot;post_type&quot;:[&quot;product&quot;],&quot;tax_query&quot;:[{&quot;taxonomy&quot;:&quot;product_cat&quot;,&quot;field&quot;:&quot;slug&quot;,&quot;terms&quot;:[&quot;stojaki-choinkowe&quot;]},{&quot;taxonomy&quot;:&quot;product_visibility&quot;,&quot;field&quot;:&quot;slug&quot;,&quot;terms&quot;:[&quot;exclude-from-catalog&quot;],&quot;operator&quot;:&quot;NOT IN&quot;}],&quot;post_status&quot;:[&quot;publish&quot;,&quot;acf-disabled&quot;,&quot;wc-payu-waiting&quot;],&quot;meta_query&quot;:[],&quot;posts_per_page&quot;:&quot;24&quot;},&quot;orderby_query_args&quot;:{&quot;orderby&quot;:{&quot;date&quot;:&quot;ASC&quot;}},&quot;type&quot;:&quot;grid&quot;,&quot;us_grid_ajax_index&quot;:1,&quot;us_grid_filter_params&quot;:null,&quot;us_grid_index&quot;:1,&quot;_us_grid_post_type&quot;:&quot;product&quot;}}'><\/div>\r\n\t<\/div><div class=\"w-separator size_medium\"><\/div><\/div><\/div><\/div><\/div><\/div><\/section><section class=\"l-section wpb_row height_medium\"><div class=\"l-section-h i-cf\"><div class=\"g-cols vc_row via_flex valign_top type_default stacking_default\"><div class=\"vc_col-sm-12 wpb_column vc_column_container\"><div class=\"vc_column-inner\"><div class=\"wpb_wrapper\"><div class=\"wpb_text_column\"><div class=\"wpb_wrapper\"><h2 id=\"czytaj-wiecej\">Wysokiej jako\u015bci stojaki choinkowe od MORIA DESIGN<\/h2>\n<p><strong>Nasze stojaki choinkowe<\/strong> s\u0105 odpowiedzi\u0105 na potrzeby tych, kt\u00f3rzy szukaj\u0105 zar\u00f3wno praktycznego, jak i estetycznego rozwi\u0105zania do swojego domu na \u015bwi\u0105teczny czas. Wykonane z wysokiej jako\u015bci solidnej stali, zapewniaj\u0105 stabilno\u015b\u0107 i bezpiecze\u0144stwo choinki, stanowi\u0105c jednocze\u015bnie elegancki element dekoracyjny. Dost\u0119pno\u015b\u0107 w r\u00f3\u017cnych kolorach, w tym w szlachetnym z\u0142ocie, pozwala na idealne dopasowanie do ka\u017cdego wn\u0119trza i \u015bwi\u0105tecznej aran\u017cacji.<\/p>\n<h2>Dlaczego warto wybra\u0107 nasze stojaki choinkowe?<\/h2>\n<p><strong>Wybieraj\u0105c nasze stojaki choinkowe<\/strong> inwestuj\u0105 Pa\u0144stwo nie tylko w bezpiecze\u0144stwo i stabilno\u015b\u0107 \u015bwi\u0105tecznej dekoracji, ale r\u00f3wnie\u017c w niepowtarzalny styl i jako\u015b\u0107 wykonania. Nasze stojaki charakteryzuj\u0105 si\u0119 innowacyjnym designem, kt\u00f3ry wyr\u00f3\u017cnia si\u0119 na tle tradycyjnych rozwi\u0105za\u0144. S\u0105 one nie tylko funkcjonalne, ale r\u00f3wnie\u017c \u0142atwe w monta\u017cu, co czyni przygotowania do \u015bwi\u0105t jeszcze bardziej efektywne. Dodatkowo, nasze produkty s\u0105 odporne na zarysowania i \u0142atwe w utrzymaniu czysto\u015bci, co zapewnia ich d\u0142ugotrwa\u0142e pi\u0119kno i funkcjonalno\u015b\u0107 przez wiele lat.<\/p>\n<h2>Odpowied\u017a na potrzeby ka\u017cdego domu<\/h2>\n<p>Dbamy o to, by ka\u017cdy znalaz\u0142 w naszej ofercie idealny stojak dla swojej choinki. Oferujemy szerok\u0105 gam\u0119 modeli, kt\u00f3re s\u0105 dostosowane do r\u00f3\u017cnych rozmiar\u00f3w i typ\u00f3w choinek, zapewniaj\u0105c tym samym uniwersalne rozwi\u0105zanie dla ka\u017cdego domu. Niezale\u017cnie od tego, czy dysponuj\u0105 Pa\u0144stwo du\u017c\u0105 przestrzeni\u0105, czy szukaj\u0105 mniejszego stojaka do niewielkiego mieszkania, nasze produkty s\u0105 zaprojektowane tak, aby maksymalnie wykorzysta\u0107 dost\u0119pn\u0105 przestrze\u0144, nie trac\u0105c przy tym na estetyce i trwa\u0142o\u015bci. Dodatkowo, oferujemy szczeg\u00f3\u0142owe porady i wsparcie w wyborze najlepszego stojaka, aby \u015bwi\u0105teczne dekoracje cieszy\u0142y oko i serce przez ca\u0142y okres \u015bwi\u0105teczny.<\/p>\n<h2>Poznaj ofert\u0119 oryginalnych stojak\u00f3w choinkowych<\/h2>\n<p>Serdecznie zach\u0119camy do odwiedzenia naszej strony internetowej, aby szczeg\u00f3\u0142owo zapozna\u0107 si\u0119 z bogat\u0105 <strong>ofert\u0105 stojak\u00f3w choinkowych<\/strong>. W <a href=\"\/fr\/?wmc-currency=EUR\">MORIA DESIGN<\/a> stawiamy na otwarto\u015b\u0107 i dost\u0119pno\u015b\u0107, dlatego nasi konsultanci s\u0105 zawsze gotowi odpowiedzie\u0107 na ka\u017cde pytanie i pom\u00f3c w wyborze idealnego produktu. Gwarantujemy, \u017ce nasze stojaki s\u0105 nie tylko pi\u0119kne i trwa\u0142e, ale r\u00f3wnie\u017c oferowane w konkurencyjnych cenach. Odwied\u017a nas ju\u017c dzi\u015b i przekonaj si\u0119, jak nasze stojaki choinkowe mog\u0105 przemieni\u0107 Twoje \u015bwi\u0105teczne dekoracje, dodaj\u0105c im elegancji, stylu i niezawodno\u015bci.<\/p>\n<p><strong>V\u00e9rifier aussi :<\/strong><\/p>\n<ul>\n<li><a href=\"\/fr\/offrir\/jambes-en-epingle-a-cheveux\/?wmc-currency=EUR\">Pieds en \u00e9pingle \u00e0 cheveux - jeux<\/a><\/li>\n<li><a href=\"\/fr\/offrir\/jambes-en-epingle-a-cheveux-en-couleur\/?wmc-currency=EUR\">Jambe en \u00e9pingle \u00e0 cheveux - color\u00e9e<\/a><\/li>\n<li><a href=\"\/fr\/offrir\/porte-velos\/?wmc-currency=EUR\">Porte-v\u00e9los<\/a><\/li>\n<\/ul>\n<\/div><\/div><\/div><\/div><\/div><\/div><\/div><\/section>","protected":false},"excerpt":{"rendered":"Cechy i zalety: wkomponowana stalowa miska na wod\u0119 z trzpieniem stabilizuj\u0105cym pie\u0144 &gt; praktyczny; wykonany z wysokiej gatunkowo stali &gt; wieczny; zastosowane filcowe podk\u0142adki ochronne &gt; funkcjonalny; spos\u00f3b monta\u017cu poprzez dokr\u0119cenie trzech \u015brub &gt; dopasowany; ozdobne pokr\u0119t\u0142a \u015brub &gt; estetyczny; pomalowany farb\u0105 proszkow\u0105 w kolorze z\u0142otym - zdecydowanie wy\u017csza odporno\u015b\u0107 na uszkodzenia od pow\u0142ok farb...","protected":false},"author":1,"featured_media":237,"parent":188,"menu_order":25,"comment_status":"closed","ping_status":"closed","template":"","meta":{"inline_featured_image":false},"acf":[],"yoast_head":"<!-- This site is optimized with the Yoast SEO plugin v20.2 - https:\/\/yoast.com\/wordpress\/plugins\/seo\/ -->\n<title>Stojaki choinkowe - MORIA DESIGN<\/title>\n<meta name=\"description\" content=\"Poznaj oryginalne i magiczne stojaki choinkowe. Funkcjonalne i trwa\u0142e stojaki przyozdabiamy \u015bwi\u0105tecznymi akcentami. MORIA DESIGN zaprasza!\" \/>\n<meta name=\"robots\" content=\"index, follow, max-snippet:-1, max-image-preview:large, max-video-preview:-1\" \/>\n<link rel=\"canonical\" href=\"https:\/\/www.moriadesign.pl\/fr\/offrir\/supports-pour-sapins-de-noel\/?wmc-currency=EUR\" \/>\n<meta property=\"og:locale\" content=\"fr_FR\" \/>\n<meta property=\"og:type\" content=\"article\" \/>\n<meta property=\"og:title\" content=\"Stojaki choinkowe - MORIA DESIGN\" \/>\n<meta property=\"og:description\" content=\"Poznaj oryginalne i magiczne stojaki choinkowe. Funkcjonalne i trwa\u0142e stojaki przyozdabiamy \u015bwi\u0105tecznymi akcentami. MORIA DESIGN zaprasza!\" \/>\n<meta property=\"og:url\" content=\"https:\/\/www.moriadesign.pl\/fr\/offrir\/supports-pour-sapins-de-noel\/?wmc-currency=EUR\" \/>\n<meta property=\"og:site_name\" content=\"MORIA DESIGN\" \/>\n<meta property=\"article:modified_time\" content=\"2024-04-09T14:15:58+00:00\" \/>\n<meta property=\"og:image\" content=\"https:\/\/www.moriadesign.pl\/wp-content\/uploads\/2022\/11\/stojaki-choinkowe.jpg\" \/>\n\t<meta property=\"og:image:width\" content=\"800\" \/>\n\t<meta property=\"og:image:height\" content=\"800\" \/>\n\t<meta property=\"og:image:type\" content=\"image\/jpeg\" \/>\n<meta name=\"twitter:card\" content=\"summary_large_image\" \/>\n<meta name=\"twitter:label1\" content=\"Dur\u00e9e de lecture estim\u00e9e\" \/>\n\t<meta name=\"twitter:data1\" content=\"5 minutes\" \/>\n<script type=\"application\/ld+json\" class=\"yoast-schema-graph\">{\"@context\":\"https:\/\/schema.org\",\"@graph\":[{\"@type\":\"WebPage\",\"@id\":\"https:\/\/www.moriadesign.pl\/oferta\/stojaki-choinkowe\/\",\"url\":\"https:\/\/www.moriadesign.pl\/oferta\/stojaki-choinkowe\/\",\"name\":\"Stojaki choinkowe - MORIA DESIGN\",\"isPartOf\":{\"@id\":\"https:\/\/www.moriadesign.pl\/#website\"},\"datePublished\":\"2022-12-20T12:41:31+00:00\",\"dateModified\":\"2024-04-09T14:15:58+00:00\",\"description\":\"Poznaj oryginalne i magiczne stojaki choinkowe. Funkcjonalne i trwa\u0142e stojaki przyozdabiamy \u015bwi\u0105tecznymi akcentami. MORIA DESIGN zaprasza!\",\"breadcrumb\":{\"@id\":\"https:\/\/www.moriadesign.pl\/oferta\/stojaki-choinkowe\/#breadcrumb\"},\"inLanguage\":\"fr-FR\",\"potentialAction\":[{\"@type\":\"ReadAction\",\"target\":[\"https:\/\/www.moriadesign.pl\/oferta\/stojaki-choinkowe\/\"]}]},{\"@type\":\"BreadcrumbList\",\"@id\":\"https:\/\/www.moriadesign.pl\/oferta\/stojaki-choinkowe\/#breadcrumb\",\"itemListElement\":[{\"@type\":\"ListItem\",\"position\":1,\"name\":\"Strona g\u0142\u00f3wna\",\"item\":\"https:\/\/www.moriadesign.pl\/\"},{\"@type\":\"ListItem\",\"position\":2,\"name\":\"Oferta\",\"item\":\"https:\/\/www.moriadesign.pl\/oferta\/\"},{\"@type\":\"ListItem\",\"position\":3,\"name\":\"Stojaki choinkowe\"}]},{\"@type\":\"WebSite\",\"@id\":\"https:\/\/www.moriadesign.pl\/#website\",\"url\":\"https:\/\/www.moriadesign.pl\/\",\"name\":\"MORIA DESIGN\",\"description\":\"okucia do mebli, domu i ogrodu\",\"potentialAction\":[{\"@type\":\"SearchAction\",\"target\":{\"@type\":\"EntryPoint\",\"urlTemplate\":\"https:\/\/www.moriadesign.pl\/?s={search_term_string}\"},\"query-input\":\"required name=search_term_string\"}],\"inLanguage\":\"fr-FR\"}]}<\/script>\n<!-- \/ Yoast SEO plugin. -->","yoast_head_json":{"title":"Stojaki choinkowe - MORIA DESIGN","description":"Poznaj oryginalne i magiczne stojaki choinkowe. Funkcjonalne i trwa\u0142e stojaki przyozdabiamy \u015bwi\u0105tecznymi akcentami. MORIA DESIGN zaprasza!","robots":{"index":"index","follow":"follow","max-snippet":"max-snippet:-1","max-image-preview":"max-image-preview:large","max-video-preview":"max-video-preview:-1"},"canonical":"https:\/\/www.moriadesign.pl\/fr\/offrir\/supports-pour-sapins-de-noel\/?wmc-currency=EUR","og_locale":"fr_FR","og_type":"article","og_title":"Stojaki choinkowe - MORIA DESIGN","og_description":"Poznaj oryginalne i magiczne stojaki choinkowe. Funkcjonalne i trwa\u0142e stojaki przyozdabiamy \u015bwi\u0105tecznymi akcentami. MORIA DESIGN zaprasza!","og_url":"https:\/\/www.moriadesign.pl\/fr\/offrir\/supports-pour-sapins-de-noel\/?wmc-currency=EUR","og_site_name":"MORIA DESIGN","article_modified_time":"2024-04-09T14:15:58+00:00","og_image":[{"width":800,"height":800,"url":"https:\/\/www.moriadesign.pl\/wp-content\/uploads\/2022\/11\/stojaki-choinkowe.jpg","type":"image\/jpeg"}],"twitter_card":"summary_large_image","twitter_misc":{"Dur\u00e9e de lecture estim\u00e9e":"5 minutes"},"schema":{"@context":"https:\/\/schema.org","@graph":[{"@type":"WebPage","@id":"https:\/\/www.moriadesign.pl\/oferta\/stojaki-choinkowe\/","url":"https:\/\/www.moriadesign.pl\/oferta\/stojaki-choinkowe\/","name":"Stojaki choinkowe - MORIA DESIGN","isPartOf":{"@id":"https:\/\/www.moriadesign.pl\/#website"},"datePublished":"2022-12-20T12:41:31+00:00","dateModified":"2024-04-09T14:15:58+00:00","description":"Poznaj oryginalne i magiczne stojaki choinkowe. Funkcjonalne i trwa\u0142e stojaki przyozdabiamy \u015bwi\u0105tecznymi akcentami. MORIA DESIGN zaprasza!","breadcrumb":{"@id":"https:\/\/www.moriadesign.pl\/oferta\/stojaki-choinkowe\/#breadcrumb"},"inLanguage":"fr-FR","potentialAction":[{"@type":"ReadAction","target":["https:\/\/www.moriadesign.pl\/oferta\/stojaki-choinkowe\/"]}]},{"@type":"BreadcrumbList","@id":"https:\/\/www.moriadesign.pl\/oferta\/stojaki-choinkowe\/#breadcrumb","itemListElement":[{"@type":"ListItem","position":1,"name":"Strona g\u0142\u00f3wna","item":"https:\/\/www.moriadesign.pl\/"},{"@type":"ListItem","position":2,"name":"Oferta","item":"https:\/\/www.moriadesign.pl\/oferta\/"},{"@type":"ListItem","position":3,"name":"Stojaki choinkowe"}]},{"@type":"WebSite","@id":"https:\/\/www.moriadesign.pl\/#website","url":"https:\/\/www.moriadesign.pl\/","name":"MORIA DESIGN","description":"okucia do mebli, domu i ogrodu","potentialAction":[{"@type":"SearchAction","target":{"@type":"EntryPoint","urlTemplate":"https:\/\/www.moriadesign.pl\/?s={search_term_string}"},"query-input":"required name=search_term_string"}],"inLanguage":"fr-FR"}]}},"_links":{"self":[{"href":"https:\/\/www.moriadesign.pl\/fr\/wp-json\/wp\/v2\/pages\/1305"}],"collection":[{"href":"https:\/\/www.moriadesign.pl\/fr\/wp-json\/wp\/v2\/pages"}],"about":[{"href":"https:\/\/www.moriadesign.pl\/fr\/wp-json\/wp\/v2\/types\/page"}],"author":[{"embeddable":true,"href":"https:\/\/www.moriadesign.pl\/fr\/wp-json\/wp\/v2\/users\/1"}],"replies":[{"embeddable":true,"href":"https:\/\/www.moriadesign.pl\/fr\/wp-json\/wp\/v2\/comments?post=1305"}],"version-history":[{"count":14,"href":"https:\/\/www.moriadesign.pl\/fr\/wp-json\/wp\/v2\/pages\/1305\/revisions"}],"predecessor-version":[{"id":3251,"href":"https:\/\/www.moriadesign.pl\/fr\/wp-json\/wp\/v2\/pages\/1305\/revisions\/3251"}],"up":[{"embeddable":true,"href":"https:\/\/www.moriadesign.pl\/fr\/wp-json\/wp\/v2\/pages\/188"}],"wp:featuredmedia":[{"embeddable":true,"href":"https:\/\/www.moriadesign.pl\/fr\/wp-json\/wp\/v2\/media\/237"}],"wp:attachment":[{"href":"https:\/\/www.moriadesign.pl\/fr\/wp-json\/wp\/v2\/media?parent=1305"}],"curies":[{"name":"wp","href":"https:\/\/api.w.org\/{rel}","templated":true}]}}