{"id":965,"date":"2022-12-10T13:49:57","date_gmt":"2022-12-10T12:49:57","guid":{"rendered":"https:\/\/www.moriadesign.pl\/?post_type=product&#038;p=965"},"modified":"2026-01-31T16:01:49","modified_gmt":"2026-01-31T15:01:49","slug":"zestaw-4-x-hairpin-leg-n-04-2-12-b-ex4-l36-cm-2-prety-%cf%86-12-mm","status":"publish","type":"product","link":"https:\/\/www.moriadesign.pl\/es\/product-2\/juego-de-4-x-pata-de-horquilla-n-04-2-12-b-ex4-l36-cm-2-prety-%cf%86-12-mm\/","title":{"rendered":"Juego de 4 x Pata de horquilla N-04.2.12.b.ex4 [l=36 cm, 2 varillas \u03a6 12 mm]."},"content":{"rendered":"<h2>Caracter\u00edsticas y ventajas:<\/h2>\n<ul>\n<li>incluye 16 tornillos para el montaje &gt; <strong>ahorro;<\/strong><\/li>\n<li>incluye 4 pies de protecci\u00f3n para el suelo &gt; <strong>funcional;<\/strong><\/li>\n<li>de acero de alta calidad &gt;\u00a0<b>eterno;<\/b><\/li>\n<li>orificios de montaje biselados y soldaduras invisibles &gt; <b>est\u00e9ticamente agradable;<\/b><\/li>\n<li>Pintura en polvo en negro mate (brillo cero, estructura fina): mucho m\u00e1s resistente a los da\u00f1os que las pinturas l\u00edquidas en spray, las pinturas en polvo son totalmente seguras para las personas y el medio ambiente &gt;\u00a0<b>duradero y elegantemente acabado;<\/b><\/li>\n<li>Dimensiones: espesor de chapa - 4 mm, \u03a6 de agujeros de montaje - 5,2 mm, 2 varillas \u03a6 12 mm &gt;. <b>masiva;<\/b><\/li>\n<li>dimensiones m\u00e1ximas: anchura - 120 mm, longitud - 120 mm, altura - 360 mm &gt; <b>aseado.<\/b><\/li>\n<\/ul>\n<h2>Aplicaci\u00f3n:<\/h2>\n<ul>\n<li>para c\u00f3modas, armarios y mesas.<\/li>\n<\/ul>","protected":false},"excerpt":{"rendered":"<p>Cechy i zalety: zawiera 16 \u015brub do monta\u017cu &gt; oszcz\u0119dno\u015b\u0107; zawiera 4 stopki chroni\u0105ce pod\u0142og\u0119 &gt; funkcjonalny; wykonany z wysokiej gatunkowo stali &gt;\u00a0wieczny; fazowane otwory monta\u017cowe i niewidoczne spawy &gt; estetyczny; pomalowany farb\u0105 proszkow\u0105\u00a0 w kolorze czarny mat (zero po\u0142ysku, drobna struktura) \u2013 zdecydowanie wy\u017csza odporno\u015b\u0107 na uszkodzenia od ciek\u0142ych farb natryskowych, farby proszkowe s\u0105&#8230;<\/p>","protected":false},"featured_media":927,"template":"","meta":{"inline_featured_image":false},"product_cat":[27],"product_tag":[],"acf":[],"yoast_head":"<!-- This site is optimized with the Yoast SEO plugin v20.2 - https:\/\/yoast.com\/wordpress\/plugins\/seo\/ -->\n<title>Zestaw 4 x Hairpin leg N-04.2.12.b.ex4 [l=36 cm, 2 pr\u0119ty \u03a6 12 mm] - MORIA DESIGN<\/title>\n<meta name=\"robots\" content=\"index, follow, max-snippet:-1, max-image-preview:large, max-video-preview:-1\" \/>\n<link rel=\"canonical\" href=\"https:\/\/www.moriadesign.pl\/es\/product-2\/juego-de-4-x-pata-de-horquilla-n-04-2-12-b-ex4-l36-cm-2-prety-\u03c6-12-mm\/?wmc-currency=EUR\" \/>\n<meta property=\"og:locale\" content=\"es_ES\" \/>\n<meta property=\"og:type\" content=\"article\" \/>\n<meta property=\"og:title\" content=\"Zestaw 4 x Hairpin leg N-04.2.12.b.ex4 [l=36 cm, 2 pr\u0119ty \u03a6 12 mm] - MORIA DESIGN\" \/>\n<meta property=\"og:description\" content=\"Cechy i zalety: zawiera 16 \u015brub do monta\u017cu &gt; oszcz\u0119dno\u015b\u0107; zawiera 4 stopki chroni\u0105ce pod\u0142og\u0119 &gt; funkcjonalny; wykonany z wysokiej gatunkowo stali &gt;\u00a0wieczny; fazowane otwory monta\u017cowe i niewidoczne spawy &gt; estetyczny; pomalowany farb\u0105 proszkow\u0105\u00a0 w kolorze czarny mat (zero po\u0142ysku, drobna struktura) \u2013 zdecydowanie wy\u017csza odporno\u015b\u0107 na uszkodzenia od ciek\u0142ych farb natryskowych, farby proszkowe s\u0105...\" \/>\n<meta property=\"og:url\" content=\"https:\/\/www.moriadesign.pl\/es\/product-2\/juego-de-4-x-pata-de-horquilla-n-04-2-12-b-ex4-l36-cm-2-prety-\u03c6-12-mm\/?wmc-currency=EUR\" \/>\n<meta property=\"og:site_name\" content=\"MORIA DESIGN\" \/>\n<meta property=\"article:modified_time\" content=\"2026-01-31T15:01:49+00:00\" \/>\n<meta property=\"og:image\" content=\"https:\/\/www.moriadesign.pl\/wp-content\/uploads\/2022\/12\/N-01.2.10.b.ex4_1.jpg\" \/>\n\t<meta property=\"og:image:width\" content=\"1600\" \/>\n\t<meta property=\"og:image:height\" content=\"1600\" \/>\n\t<meta property=\"og:image:type\" content=\"image\/jpeg\" \/>\n<meta name=\"twitter:card\" content=\"summary_large_image\" \/>\n<meta name=\"twitter:label1\" content=\"Tiempo de lectura\" \/>\n\t<meta name=\"twitter:data1\" content=\"1 minuto\" \/>\n<script type=\"application\/ld+json\" class=\"yoast-schema-graph\">{\"@context\":\"https:\/\/schema.org\",\"@graph\":[{\"@type\":\"WebPage\",\"@id\":\"https:\/\/www.moriadesign.pl\/produkt\/zestaw-4-x-hairpin-leg-n-04-2-12-b-ex4-l36-cm-2-prety-%cf%86-12-mm\/\",\"url\":\"https:\/\/www.moriadesign.pl\/produkt\/zestaw-4-x-hairpin-leg-n-04-2-12-b-ex4-l36-cm-2-prety-%cf%86-12-mm\/\",\"name\":\"Zestaw 4 x Hairpin leg N-04.2.12.b.ex4 [l=36 cm, 2 pr\u0119ty \u03a6 12 mm] - MORIA DESIGN\",\"isPartOf\":{\"@id\":\"https:\/\/www.moriadesign.pl\/#website\"},\"datePublished\":\"2022-12-10T12:49:57+00:00\",\"dateModified\":\"2026-01-31T15:01:49+00:00\",\"breadcrumb\":{\"@id\":\"https:\/\/www.moriadesign.pl\/produkt\/zestaw-4-x-hairpin-leg-n-04-2-12-b-ex4-l36-cm-2-prety-%cf%86-12-mm\/#breadcrumb\"},\"inLanguage\":\"es\",\"potentialAction\":[{\"@type\":\"ReadAction\",\"target\":[\"https:\/\/www.moriadesign.pl\/produkt\/zestaw-4-x-hairpin-leg-n-04-2-12-b-ex4-l36-cm-2-prety-%cf%86-12-mm\/\"]}]},{\"@type\":\"BreadcrumbList\",\"@id\":\"https:\/\/www.moriadesign.pl\/produkt\/zestaw-4-x-hairpin-leg-n-04-2-12-b-ex4-l36-cm-2-prety-%cf%86-12-mm\/#breadcrumb\",\"itemListElement\":[{\"@type\":\"ListItem\",\"position\":1,\"name\":\"Strona g\u0142\u00f3wna\",\"item\":\"https:\/\/www.moriadesign.pl\/\"},{\"@type\":\"ListItem\",\"position\":2,\"name\":\"Sklep\",\"item\":\"https:\/\/www.moriadesign.pl\/sklep\/\"},{\"@type\":\"ListItem\",\"position\":3,\"name\":\"Zestaw 4 x Hairpin leg N-04.2.12.b.ex4 [l=36 cm, 2 pr\u0119ty \u03a6 12 mm]\"}]},{\"@type\":\"WebSite\",\"@id\":\"https:\/\/www.moriadesign.pl\/#website\",\"url\":\"https:\/\/www.moriadesign.pl\/\",\"name\":\"MORIA DESIGN\",\"description\":\"okucia do mebli, domu i ogrodu\",\"potentialAction\":[{\"@type\":\"SearchAction\",\"target\":{\"@type\":\"EntryPoint\",\"urlTemplate\":\"https:\/\/www.moriadesign.pl\/?s={search_term_string}\"},\"query-input\":\"required name=search_term_string\"}],\"inLanguage\":\"es\"}]}<\/script>\n<!-- \/ Yoast SEO plugin. -->","yoast_head_json":{"title":"Zestaw 4 x Hairpin leg N-04.2.12.b.ex4 [l=36 cm, 2 pr\u0119ty \u03a6 12 mm] - MORIA DESIGN","robots":{"index":"index","follow":"follow","max-snippet":"max-snippet:-1","max-image-preview":"max-image-preview:large","max-video-preview":"max-video-preview:-1"},"canonical":"https:\/\/www.moriadesign.pl\/es\/product-2\/juego-de-4-x-pata-de-horquilla-n-04-2-12-b-ex4-l36-cm-2-prety-\u03c6-12-mm\/?wmc-currency=EUR","og_locale":"es_ES","og_type":"article","og_title":"Zestaw 4 x Hairpin leg N-04.2.12.b.ex4 [l=36 cm, 2 pr\u0119ty \u03a6 12 mm] - MORIA DESIGN","og_description":"Cechy i zalety: zawiera 16 \u015brub do monta\u017cu &gt; oszcz\u0119dno\u015b\u0107; zawiera 4 stopki chroni\u0105ce pod\u0142og\u0119 &gt; funkcjonalny; wykonany z wysokiej gatunkowo stali &gt;\u00a0wieczny; fazowane otwory monta\u017cowe i niewidoczne spawy &gt; estetyczny; pomalowany farb\u0105 proszkow\u0105\u00a0 w kolorze czarny mat (zero po\u0142ysku, drobna struktura) \u2013 zdecydowanie wy\u017csza odporno\u015b\u0107 na uszkodzenia od ciek\u0142ych farb natryskowych, farby proszkowe s\u0105...","og_url":"https:\/\/www.moriadesign.pl\/es\/product-2\/juego-de-4-x-pata-de-horquilla-n-04-2-12-b-ex4-l36-cm-2-prety-\u03c6-12-mm\/?wmc-currency=EUR","og_site_name":"MORIA DESIGN","article_modified_time":"2026-01-31T15:01:49+00:00","og_image":[{"width":1600,"height":1600,"url":"https:\/\/www.moriadesign.pl\/wp-content\/uploads\/2022\/12\/N-01.2.10.b.ex4_1.jpg","type":"image\/jpeg"}],"twitter_card":"summary_large_image","twitter_misc":{"Tiempo de lectura":"1 minuto"},"schema":{"@context":"https:\/\/schema.org","@graph":[{"@type":"WebPage","@id":"https:\/\/www.moriadesign.pl\/produkt\/zestaw-4-x-hairpin-leg-n-04-2-12-b-ex4-l36-cm-2-prety-%cf%86-12-mm\/","url":"https:\/\/www.moriadesign.pl\/produkt\/zestaw-4-x-hairpin-leg-n-04-2-12-b-ex4-l36-cm-2-prety-%cf%86-12-mm\/","name":"Zestaw 4 x Hairpin leg N-04.2.12.b.ex4 [l=36 cm, 2 pr\u0119ty \u03a6 12 mm] - MORIA DESIGN","isPartOf":{"@id":"https:\/\/www.moriadesign.pl\/#website"},"datePublished":"2022-12-10T12:49:57+00:00","dateModified":"2026-01-31T15:01:49+00:00","breadcrumb":{"@id":"https:\/\/www.moriadesign.pl\/produkt\/zestaw-4-x-hairpin-leg-n-04-2-12-b-ex4-l36-cm-2-prety-%cf%86-12-mm\/#breadcrumb"},"inLanguage":"es","potentialAction":[{"@type":"ReadAction","target":["https:\/\/www.moriadesign.pl\/produkt\/zestaw-4-x-hairpin-leg-n-04-2-12-b-ex4-l36-cm-2-prety-%cf%86-12-mm\/"]}]},{"@type":"BreadcrumbList","@id":"https:\/\/www.moriadesign.pl\/produkt\/zestaw-4-x-hairpin-leg-n-04-2-12-b-ex4-l36-cm-2-prety-%cf%86-12-mm\/#breadcrumb","itemListElement":[{"@type":"ListItem","position":1,"name":"Strona g\u0142\u00f3wna","item":"https:\/\/www.moriadesign.pl\/"},{"@type":"ListItem","position":2,"name":"Sklep","item":"https:\/\/www.moriadesign.pl\/sklep\/"},{"@type":"ListItem","position":3,"name":"Zestaw 4 x Hairpin leg N-04.2.12.b.ex4 [l=36 cm, 2 pr\u0119ty \u03a6 12 mm]"}]},{"@type":"WebSite","@id":"https:\/\/www.moriadesign.pl\/#website","url":"https:\/\/www.moriadesign.pl\/","name":"MORIA DESIGN","description":"okucia do mebli, domu i ogrodu","potentialAction":[{"@type":"SearchAction","target":{"@type":"EntryPoint","urlTemplate":"https:\/\/www.moriadesign.pl\/?s={search_term_string}"},"query-input":"required name=search_term_string"}],"inLanguage":"es"}]}},"_links":{"self":[{"href":"https:\/\/www.moriadesign.pl\/es\/wp-json\/wp\/v2\/product\/965"}],"collection":[{"href":"https:\/\/www.moriadesign.pl\/es\/wp-json\/wp\/v2\/product"}],"about":[{"href":"https:\/\/www.moriadesign.pl\/es\/wp-json\/wp\/v2\/types\/product"}],"wp:featuredmedia":[{"embeddable":true,"href":"https:\/\/www.moriadesign.pl\/es\/wp-json\/wp\/v2\/media\/927"}],"wp:attachment":[{"href":"https:\/\/www.moriadesign.pl\/es\/wp-json\/wp\/v2\/media?parent=965"}],"wp:term":[{"taxonomy":"product_cat","embeddable":true,"href":"https:\/\/www.moriadesign.pl\/es\/wp-json\/wp\/v2\/product_cat?post=965"},{"taxonomy":"product_tag","embeddable":true,"href":"https:\/\/www.moriadesign.pl\/es\/wp-json\/wp\/v2\/product_tag?post=965"}],"curies":[{"name":"wp","href":"https:\/\/api.w.org\/{rel}","templated":true}]}}