{"id":817,"date":"2022-12-05T12:05:06","date_gmt":"2022-12-05T11:05:06","guid":{"rendered":"https:\/\/www.moriadesign.pl\/?post_type=product&#038;p=817"},"modified":"2023-01-15T19:31:58","modified_gmt":"2023-01-15T18:31:58","slug":"zawias-ozdobny-z-44-h18-cm","status":"publish","type":"product","link":"https:\/\/www.moriadesign.pl\/es\/product-2\/zawias-ozdobny-z-44-h18-cm\/","title":{"rendered":"Bisagra decorativa Z-44 [h=18 cm]."},"content":{"rendered":"<h2>Caracter\u00edsticas y ventajas:<\/h2>\n<ul>\n<li>de acero de alta calidad &gt;\u00a0<b>eterno;<\/b><\/li>\n<li>Manguito torneado usado &gt; <b>robusto;<\/b><\/li>\n<li>orificios de montaje biselados &gt; <b>est\u00e9ticamente agradable;<\/b><\/li>\n<li>Pintura en polvo en negro mate (brillo cero, estructura fina): mucho m\u00e1s resistente a los da\u00f1os que las pinturas en spray, las pinturas en polvo son totalmente seguras para las personas y el medio ambiente &gt; <b>duradero y elegantemente acabado;<\/b><\/li>\n<li>Dimensiones: espesor de chapa - 2 mm, \u03a6 manguito - 11 mm, \u03a6 agujeros de montaje - 5,2 mm &gt;. <b>masiva;<\/b><\/li>\n<li>wymiary maksymalne: szeroko\u015b\u0107 &#8211; 11 mm, d\u0142ugo\u015b\u0107 &#8211; 9 cm, wysoko\u015b\u0107 &#8211; 18 cm &gt; <b>proporcionado.<\/b><\/li>\n<\/ul>\n<h2>Aplicaci\u00f3n:<\/h2>\n<ul>\n<li>para puertas, contraventanas, arquitectura de jard\u00edn de madera.<\/li>\n<\/ul>\n<h2>Importante:<\/h2>\n<ul>\n<li>las fotos muestran la llamada bisagra izquierda, tambi\u00e9n ofrecemos bisagras derechas; especif\u00edquelo en las notas de su pedido <strong>indicar el tipo de bisagra<\/strong> (izquierda o derecha); diferencia entre bisagra izquierda y derecha <a ref=\"magnificPopup\" href=\"\/wp-content\/uploads\/2022\/12\/pages_zawiasow.png\" target=\"_blank\" rel=\"noopener\"><strong>consultar aqu\u00ed<\/strong><\/a>.<\/li>\n<\/ul>","protected":false},"excerpt":{"rendered":"<p>Cechy i zalety: wykonany z wysokiej gatunkowo stali &gt;\u00a0wieczny; zastosowana toczona tulejka\u00a0&gt; solidny; fazowane otwory monta\u017cowe &gt; estetyczny; pomalowany farb\u0105 proszkow\u0105 w kolorze czarny mat (zero po\u0142ysku, drobna struktura) &#8211; zdecydowanie wy\u017csza odporno\u015b\u0107 na uszkodzenia od pow\u0142ok farb natryskowych, farby proszkowe s\u0105 w pe\u0142ni bezpieczne dla ludzi i \u015brodowiska &gt; trwale i elegancko wyko\u0144czony; wymiary:&#8230;<\/p>","protected":false},"featured_media":785,"template":"","meta":{"inline_featured_image":false},"product_cat":[25],"product_tag":[],"acf":[],"yoast_head":"<!-- This site is optimized with the Yoast SEO plugin v20.2 - https:\/\/yoast.com\/wordpress\/plugins\/seo\/ -->\n<title>Zawias ozdobny Z-44 [h=18 cm] - MORIA DESIGN<\/title>\n<meta name=\"robots\" content=\"index, follow, max-snippet:-1, max-image-preview:large, max-video-preview:-1\" \/>\n<link rel=\"canonical\" href=\"https:\/\/www.moriadesign.pl\/es\/product-2\/zawias-ozdobny-z-44-h18-cm\/?wmc-currency=EUR\" \/>\n<meta property=\"og:locale\" content=\"es_ES\" \/>\n<meta property=\"og:type\" content=\"article\" \/>\n<meta property=\"og:title\" content=\"Zawias ozdobny Z-44 [h=18 cm] - MORIA DESIGN\" \/>\n<meta property=\"og:description\" content=\"Cechy i zalety: wykonany z wysokiej gatunkowo stali &gt;\u00a0wieczny; zastosowana toczona tulejka\u00a0&gt; solidny; fazowane otwory monta\u017cowe &gt; estetyczny; pomalowany farb\u0105 proszkow\u0105 w kolorze czarny mat (zero po\u0142ysku, drobna struktura) &#8211; zdecydowanie wy\u017csza odporno\u015b\u0107 na uszkodzenia od pow\u0142ok farb natryskowych, farby proszkowe s\u0105 w pe\u0142ni bezpieczne dla ludzi i \u015brodowiska &gt; trwale i elegancko wyko\u0144czony; wymiary:...\" \/>\n<meta property=\"og:url\" content=\"https:\/\/www.moriadesign.pl\/es\/product-2\/zawias-ozdobny-z-44-h18-cm\/?wmc-currency=EUR\" \/>\n<meta property=\"og:site_name\" content=\"MORIA DESIGN\" \/>\n<meta property=\"article:modified_time\" content=\"2023-01-15T18:31:58+00:00\" \/>\n<meta property=\"og:image\" content=\"https:\/\/www.moriadesign.pl\/wp-content\/uploads\/2022\/12\/Z-44_1.png\" \/>\n\t<meta property=\"og:image:width\" content=\"1600\" \/>\n\t<meta property=\"og:image:height\" content=\"1600\" \/>\n\t<meta property=\"og:image:type\" content=\"image\/png\" \/>\n<meta name=\"twitter:card\" content=\"summary_large_image\" \/>\n<meta name=\"twitter:label1\" content=\"Tiempo de lectura\" \/>\n\t<meta name=\"twitter:data1\" content=\"1 minuto\" \/>\n<script type=\"application\/ld+json\" class=\"yoast-schema-graph\">{\"@context\":\"https:\/\/schema.org\",\"@graph\":[{\"@type\":\"WebPage\",\"@id\":\"https:\/\/www.moriadesign.pl\/produkt\/zawias-ozdobny-z-44-h18-cm\/\",\"url\":\"https:\/\/www.moriadesign.pl\/produkt\/zawias-ozdobny-z-44-h18-cm\/\",\"name\":\"Zawias ozdobny Z-44 [h=18 cm] - MORIA DESIGN\",\"isPartOf\":{\"@id\":\"https:\/\/www.moriadesign.pl\/#website\"},\"datePublished\":\"2022-12-05T11:05:06+00:00\",\"dateModified\":\"2023-01-15T18:31:58+00:00\",\"breadcrumb\":{\"@id\":\"https:\/\/www.moriadesign.pl\/produkt\/zawias-ozdobny-z-44-h18-cm\/#breadcrumb\"},\"inLanguage\":\"es\",\"potentialAction\":[{\"@type\":\"ReadAction\",\"target\":[\"https:\/\/www.moriadesign.pl\/produkt\/zawias-ozdobny-z-44-h18-cm\/\"]}]},{\"@type\":\"BreadcrumbList\",\"@id\":\"https:\/\/www.moriadesign.pl\/produkt\/zawias-ozdobny-z-44-h18-cm\/#breadcrumb\",\"itemListElement\":[{\"@type\":\"ListItem\",\"position\":1,\"name\":\"Strona g\u0142\u00f3wna\",\"item\":\"https:\/\/www.moriadesign.pl\/\"},{\"@type\":\"ListItem\",\"position\":2,\"name\":\"Sklep\",\"item\":\"https:\/\/www.moriadesign.pl\/sklep\/\"},{\"@type\":\"ListItem\",\"position\":3,\"name\":\"Zawias ozdobny Z-44 [h=18 cm]\"}]},{\"@type\":\"WebSite\",\"@id\":\"https:\/\/www.moriadesign.pl\/#website\",\"url\":\"https:\/\/www.moriadesign.pl\/\",\"name\":\"MORIA DESIGN\",\"description\":\"okucia do mebli, domu i ogrodu\",\"potentialAction\":[{\"@type\":\"SearchAction\",\"target\":{\"@type\":\"EntryPoint\",\"urlTemplate\":\"https:\/\/www.moriadesign.pl\/?s={search_term_string}\"},\"query-input\":\"required name=search_term_string\"}],\"inLanguage\":\"es\"}]}<\/script>\n<!-- \/ Yoast SEO plugin. -->","yoast_head_json":{"title":"Zawias ozdobny Z-44 [h=18 cm] - MORIA DESIGN","robots":{"index":"index","follow":"follow","max-snippet":"max-snippet:-1","max-image-preview":"max-image-preview:large","max-video-preview":"max-video-preview:-1"},"canonical":"https:\/\/www.moriadesign.pl\/es\/product-2\/zawias-ozdobny-z-44-h18-cm\/?wmc-currency=EUR","og_locale":"es_ES","og_type":"article","og_title":"Zawias ozdobny Z-44 [h=18 cm] - MORIA DESIGN","og_description":"Cechy i zalety: wykonany z wysokiej gatunkowo stali &gt;\u00a0wieczny; zastosowana toczona tulejka\u00a0&gt; solidny; fazowane otwory monta\u017cowe &gt; estetyczny; pomalowany farb\u0105 proszkow\u0105 w kolorze czarny mat (zero po\u0142ysku, drobna struktura) &#8211; zdecydowanie wy\u017csza odporno\u015b\u0107 na uszkodzenia od pow\u0142ok farb natryskowych, farby proszkowe s\u0105 w pe\u0142ni bezpieczne dla ludzi i \u015brodowiska &gt; trwale i elegancko wyko\u0144czony; wymiary:...","og_url":"https:\/\/www.moriadesign.pl\/es\/product-2\/zawias-ozdobny-z-44-h18-cm\/?wmc-currency=EUR","og_site_name":"MORIA DESIGN","article_modified_time":"2023-01-15T18:31:58+00:00","og_image":[{"width":1600,"height":1600,"url":"https:\/\/www.moriadesign.pl\/wp-content\/uploads\/2022\/12\/Z-44_1.png","type":"image\/png"}],"twitter_card":"summary_large_image","twitter_misc":{"Tiempo de lectura":"1 minuto"},"schema":{"@context":"https:\/\/schema.org","@graph":[{"@type":"WebPage","@id":"https:\/\/www.moriadesign.pl\/produkt\/zawias-ozdobny-z-44-h18-cm\/","url":"https:\/\/www.moriadesign.pl\/produkt\/zawias-ozdobny-z-44-h18-cm\/","name":"Zawias ozdobny Z-44 [h=18 cm] - MORIA DESIGN","isPartOf":{"@id":"https:\/\/www.moriadesign.pl\/#website"},"datePublished":"2022-12-05T11:05:06+00:00","dateModified":"2023-01-15T18:31:58+00:00","breadcrumb":{"@id":"https:\/\/www.moriadesign.pl\/produkt\/zawias-ozdobny-z-44-h18-cm\/#breadcrumb"},"inLanguage":"es","potentialAction":[{"@type":"ReadAction","target":["https:\/\/www.moriadesign.pl\/produkt\/zawias-ozdobny-z-44-h18-cm\/"]}]},{"@type":"BreadcrumbList","@id":"https:\/\/www.moriadesign.pl\/produkt\/zawias-ozdobny-z-44-h18-cm\/#breadcrumb","itemListElement":[{"@type":"ListItem","position":1,"name":"Strona g\u0142\u00f3wna","item":"https:\/\/www.moriadesign.pl\/"},{"@type":"ListItem","position":2,"name":"Sklep","item":"https:\/\/www.moriadesign.pl\/sklep\/"},{"@type":"ListItem","position":3,"name":"Zawias ozdobny Z-44 [h=18 cm]"}]},{"@type":"WebSite","@id":"https:\/\/www.moriadesign.pl\/#website","url":"https:\/\/www.moriadesign.pl\/","name":"MORIA DESIGN","description":"okucia do mebli, domu i ogrodu","potentialAction":[{"@type":"SearchAction","target":{"@type":"EntryPoint","urlTemplate":"https:\/\/www.moriadesign.pl\/?s={search_term_string}"},"query-input":"required name=search_term_string"}],"inLanguage":"es"}]}},"_links":{"self":[{"href":"https:\/\/www.moriadesign.pl\/es\/wp-json\/wp\/v2\/product\/817"}],"collection":[{"href":"https:\/\/www.moriadesign.pl\/es\/wp-json\/wp\/v2\/product"}],"about":[{"href":"https:\/\/www.moriadesign.pl\/es\/wp-json\/wp\/v2\/types\/product"}],"wp:featuredmedia":[{"embeddable":true,"href":"https:\/\/www.moriadesign.pl\/es\/wp-json\/wp\/v2\/media\/785"}],"wp:attachment":[{"href":"https:\/\/www.moriadesign.pl\/es\/wp-json\/wp\/v2\/media?parent=817"}],"wp:term":[{"taxonomy":"product_cat","embeddable":true,"href":"https:\/\/www.moriadesign.pl\/es\/wp-json\/wp\/v2\/product_cat?post=817"},{"taxonomy":"product_tag","embeddable":true,"href":"https:\/\/www.moriadesign.pl\/es\/wp-json\/wp\/v2\/product_tag?post=817"}],"curies":[{"name":"wp","href":"https:\/\/api.w.org\/{rel}","templated":true}]}}