{"id":4865,"date":"2025-12-31T15:07:55","date_gmt":"2025-12-31T14:07:55","guid":{"rendered":"https:\/\/www.moriadesign.pl\/?post_type=product&#038;p=4865"},"modified":"2026-01-19T14:09:53","modified_gmt":"2026-01-19T13:09:53","slug":"slupek-drogowy-c-01-60-k-s-h70-cm","status":"publish","type":"product","link":"https:\/\/www.moriadesign.pl\/es\/product-2\/slupek-drogowy-c-01-60-k-s-h70-cm\/","title":{"rendered":"Poste de carretera C-01.60.k.s [h=70 cm]."},"content":{"rendered":"<h2>Caracter\u00edsticas y ventajas:<\/h2>\n<ul>\n<li>de tubo &gt; <b>simple<\/b>;<\/li>\n<li>M\u00e9todo de montaje - atornillado (orificio met\u00e1lico) &gt; <b>f\u00e1cil de instalar<\/b>;<\/li>\n<li>zastosowana wysokiej jako\u015bci \u017c\u00f3\u0142ta ta\u015bma odblaskowa, g\u00f3rna cz\u0119\u015b\u0107 zakryta korkiem z tworzywa sztucznego, *ocynkowany oraz pomalowany farb\u0105 proszkow\u0105 w kolorze grafitowym\/antracytowym RAL 7016 \u2013 zdecydowanie wy\u017csza odporno\u015b\u0107 na uszkodzenia od pow\u0142ok farb natryskowych, farby proszkowe s\u0105 w pe\u0142ni bezpieczne dla ludzi i \u015brodowiska &gt; <b>duradero y elegantemente acabado;<\/b><\/li>\n<li>wymiary: wysoko\u015b\u0107 &#8211; 70 cm, \u03a6 rury \u2013 60,3 mm, grubo\u015b\u0107 kryzy \u2013 4 mm &gt;<b>\u00a0muy s\u00f3lido<\/b>;<\/li>\n<li>hecho a m\u00e1quina &gt;\u00a0<b>repetitivo<\/b>.<\/li>\n<\/ul>\n<p>*Tambi\u00e9n est\u00e1 disponible la versi\u00f3n s\u00f3lo con recubrimiento en polvo.<\/p>\n<h2>Aplicaci\u00f3n:<\/h2>\n<ul>\n<li>para bloquear la entrada de coches en aceras, carriles bici y otras zonas prohibidas; tambi\u00e9n resultar\u00e1 \u00fatil para proteger cualquier infraestructura urbana, como bocas de riego, m\u00e1quinas de recogida de paquetes o paradas de autob\u00fas.<\/li>\n<\/ul>\n<details>\n<summary style=\"cursor: pointer;\">Seguir leyendo<\/summary>\n<h2><span lang=\"pl-PL\">Prosty s\u0142upek drogowy C-01.60.k.s \u2013 s\u0142upek odblaskowy w atrakcyjnej cenie<\/span><\/h2>\n<p><span lang=\"pl-PL\"><strong>S\u0142upek drogowy C-01.60.k.s<\/strong> es un simple poste para se\u00f1alizar las v\u00edas de circulaci\u00f3n<\/span><span lang=\"pl-PL\">. Es un producto recomendado para quienes buscan una soluci\u00f3n probada y est\u00e9ticamente agradable a un precio competitivo. Esta soluci\u00f3n trivial facilita eficazmente la organizaci\u00f3n del tr\u00e1fico en una zona urbanizada. <\/span><span lang=\"pl-PL\">Zastosowane materia\u0142y wraz z zabezpieczeniem antykorozyjnym (wysokiej jako\u015bci ta\u015bma odblaskowa, zabezpieczenie g\u00f3rnej cz\u0119\u015bci korkiem z tworzywa sztucznego, opcja s\u0142upka wykonanego z ocynkowanej rury) sprawiaj\u0105, \u017ce s\u0142upek jest bardzo odporny na warunki atmosferyczne oraz uszkodzenia mechaniczne. S\u0142upek drogowy od <a href=\"\/es\/?wmc-currency=EUR\">DISE\u00d1O MORIA<\/a> funcionar\u00e1 muy bien en espacios urbanos, parques, escuelas o delante de la oficina, permitiendo una organizaci\u00f3n eficaz del tr\u00e1fico.\u00a0<\/span><\/p>\n<p><span lang=\"pl-PL\"><strong>Puestos de tr\u00e1fico<\/strong> pueden utilizarse principalmente en zonas urbanizadas, para bloquear eficazmente el acceso de veh\u00edculos a aceras, paseos, zonas peatonales, carriles bici y otros lugares excluidos del tr\u00e1fico de autom\u00f3viles. Son ideales para delimitar las v\u00edas de circulaci\u00f3n y proteger cualquier infraestructura urbana, como postes de alumbrado, bocas de riego o paradas de autob\u00fas.<\/span><\/p>\n<p><strong>S\u0142upek parkingowy model C-01.60.k.s<\/strong> jest przeznaczony do przykr\u0119cenia do pod\u0142o\u017ca. Ten model s\u0142upka parkingowego oferujemy r\u00f3wnie\u017c w wersji do zabetonowania (dedykowane 30 cm rury).<\/p>\n<p><span lang=\"pl-PL\">Presentado <a href=\"https:\/\/www.moriadesign.pl\/es\/oferta\/pilares-de-trafico\/?wmc-currency=EUR\">puestos de tr\u00e1fico<\/a> de MORIA DESIGN es la elecci\u00f3n perfecta si necesita urgentemente una soluci\u00f3n fiable y econ\u00f3mica para la organizaci\u00f3n del tr\u00e1fico en una zona urbanizada. No dude en ponerse en contacto con nosotros. Tambi\u00e9n ofrecemos modelos a medida para proyectos individuales.<\/span><\/p>\n<\/details>","protected":false},"excerpt":{"rendered":"<p>Cechy i zalety: wykonany z rury &gt; prosty; spos\u00f3b monta\u017cu &#8211; przykr\u0119cenie (metalowa kryza) &gt; \u0142atwy w monta\u017cu; zastosowana wysokiej jako\u015bci \u017c\u00f3\u0142ta ta\u015bma odblaskowa, g\u00f3rna cz\u0119\u015b\u0107 zakryta korkiem z tworzywa sztucznego, *ocynkowany oraz pomalowany farb\u0105 proszkow\u0105 w kolorze grafitowym\/antracytowym RAL 7016 \u2013 zdecydowanie wy\u017csza odporno\u015b\u0107 na uszkodzenia od pow\u0142ok farb natryskowych, farby proszkowe s\u0105 w&#8230;<\/p>","protected":false},"featured_media":4844,"template":"","meta":{"inline_featured_image":false},"product_cat":[161],"product_tag":[171,168,167,164,169,162,166,163,165,170],"acf":[],"yoast_head":"<!-- This site is optimized with the Yoast SEO plugin v20.2 - https:\/\/yoast.com\/wordpress\/plugins\/seo\/ -->\n<title>S\u0142upek drogowy C-01.60.k.s [h=70 cm] - MORIA DESIGN<\/title>\n<meta name=\"description\" content=\"S\u0142upek drogowy z wysokiej jako\u015bci pasami odblaskowymi w atrakcyjnej cenie. Wykonany z solidnej, ocynkowanej rury. Gwarancja jako\u015bci. Szybka wysy\u0142ka!\" \/>\n<meta name=\"robots\" content=\"index, follow, max-snippet:-1, max-image-preview:large, max-video-preview:-1\" \/>\n<link rel=\"canonical\" href=\"https:\/\/www.moriadesign.pl\/es\/product-2\/slupek-drogowy-c-01-60-k-s-h70-cm\/?wmc-currency=EUR\" \/>\n<meta property=\"og:locale\" content=\"es_ES\" \/>\n<meta property=\"og:type\" content=\"article\" \/>\n<meta property=\"og:title\" content=\"S\u0142upek drogowy C-01.60.k.s [h=70 cm] - MORIA DESIGN\" \/>\n<meta property=\"og:description\" content=\"S\u0142upek drogowy z wysokiej jako\u015bci pasami odblaskowymi w atrakcyjnej cenie. Wykonany z solidnej, ocynkowanej rury. Gwarancja jako\u015bci. Szybka wysy\u0142ka!\" \/>\n<meta property=\"og:url\" content=\"https:\/\/www.moriadesign.pl\/es\/product-2\/slupek-drogowy-c-01-60-k-s-h70-cm\/?wmc-currency=EUR\" \/>\n<meta property=\"og:site_name\" content=\"MORIA DESIGN\" \/>\n<meta property=\"article:modified_time\" content=\"2026-01-19T13:09:53+00:00\" \/>\n<meta property=\"og:image\" content=\"https:\/\/www.moriadesign.pl\/wp-content\/uploads\/2025\/12\/C-01.60.k.s_1-grafitowy-slupek-drogowy-blokujacy-do-przykrecenia.png\" \/>\n\t<meta property=\"og:image:width\" content=\"1600\" \/>\n\t<meta property=\"og:image:height\" content=\"1600\" \/>\n\t<meta property=\"og:image:type\" content=\"image\/png\" \/>\n<meta name=\"twitter:card\" content=\"summary_large_image\" \/>\n<meta name=\"twitter:label1\" content=\"Tiempo de lectura\" \/>\n\t<meta name=\"twitter:data1\" content=\"2 minutos\" \/>\n<script type=\"application\/ld+json\" class=\"yoast-schema-graph\">{\"@context\":\"https:\/\/schema.org\",\"@graph\":[{\"@type\":\"WebPage\",\"@id\":\"https:\/\/www.moriadesign.pl\/produkt\/slupek-drogowy-c-01-60-k-s-h70-cm\/\",\"url\":\"https:\/\/www.moriadesign.pl\/produkt\/slupek-drogowy-c-01-60-k-s-h70-cm\/\",\"name\":\"S\u0142upek drogowy C-01.60.k.s [h=70 cm] - MORIA DESIGN\",\"isPartOf\":{\"@id\":\"https:\/\/www.moriadesign.pl\/#website\"},\"datePublished\":\"2025-12-31T14:07:55+00:00\",\"dateModified\":\"2026-01-19T13:09:53+00:00\",\"description\":\"S\u0142upek drogowy z wysokiej jako\u015bci pasami odblaskowymi w atrakcyjnej cenie. Wykonany z solidnej, ocynkowanej rury. Gwarancja jako\u015bci. Szybka wysy\u0142ka!\",\"breadcrumb\":{\"@id\":\"https:\/\/www.moriadesign.pl\/produkt\/slupek-drogowy-c-01-60-k-s-h70-cm\/#breadcrumb\"},\"inLanguage\":\"es\",\"potentialAction\":[{\"@type\":\"ReadAction\",\"target\":[\"https:\/\/www.moriadesign.pl\/produkt\/slupek-drogowy-c-01-60-k-s-h70-cm\/\"]}]},{\"@type\":\"BreadcrumbList\",\"@id\":\"https:\/\/www.moriadesign.pl\/produkt\/slupek-drogowy-c-01-60-k-s-h70-cm\/#breadcrumb\",\"itemListElement\":[{\"@type\":\"ListItem\",\"position\":1,\"name\":\"Strona g\u0142\u00f3wna\",\"item\":\"https:\/\/www.moriadesign.pl\/\"},{\"@type\":\"ListItem\",\"position\":2,\"name\":\"Sklep\",\"item\":\"https:\/\/www.moriadesign.pl\/sklep\/\"},{\"@type\":\"ListItem\",\"position\":3,\"name\":\"S\u0142upek drogowy C-01.60.k.s [h=70 cm]\"}]},{\"@type\":\"WebSite\",\"@id\":\"https:\/\/www.moriadesign.pl\/#website\",\"url\":\"https:\/\/www.moriadesign.pl\/\",\"name\":\"MORIA DESIGN\",\"description\":\"okucia do mebli, domu i ogrodu\",\"potentialAction\":[{\"@type\":\"SearchAction\",\"target\":{\"@type\":\"EntryPoint\",\"urlTemplate\":\"https:\/\/www.moriadesign.pl\/?s={search_term_string}\"},\"query-input\":\"required name=search_term_string\"}],\"inLanguage\":\"es\"}]}<\/script>\n<!-- \/ Yoast SEO plugin. -->","yoast_head_json":{"title":"S\u0142upek drogowy C-01.60.k.s [h=70 cm] - MORIA DESIGN","description":"S\u0142upek drogowy z wysokiej jako\u015bci pasami odblaskowymi w atrakcyjnej cenie. Wykonany z solidnej, ocynkowanej rury. Gwarancja jako\u015bci. Szybka wysy\u0142ka!","robots":{"index":"index","follow":"follow","max-snippet":"max-snippet:-1","max-image-preview":"max-image-preview:large","max-video-preview":"max-video-preview:-1"},"canonical":"https:\/\/www.moriadesign.pl\/es\/product-2\/slupek-drogowy-c-01-60-k-s-h70-cm\/?wmc-currency=EUR","og_locale":"es_ES","og_type":"article","og_title":"S\u0142upek drogowy C-01.60.k.s [h=70 cm] - MORIA DESIGN","og_description":"S\u0142upek drogowy z wysokiej jako\u015bci pasami odblaskowymi w atrakcyjnej cenie. Wykonany z solidnej, ocynkowanej rury. Gwarancja jako\u015bci. Szybka wysy\u0142ka!","og_url":"https:\/\/www.moriadesign.pl\/es\/product-2\/slupek-drogowy-c-01-60-k-s-h70-cm\/?wmc-currency=EUR","og_site_name":"MORIA DESIGN","article_modified_time":"2026-01-19T13:09:53+00:00","og_image":[{"width":1600,"height":1600,"url":"https:\/\/www.moriadesign.pl\/wp-content\/uploads\/2025\/12\/C-01.60.k.s_1-grafitowy-slupek-drogowy-blokujacy-do-przykrecenia.png","type":"image\/png"}],"twitter_card":"summary_large_image","twitter_misc":{"Tiempo de lectura":"2 minutos"},"schema":{"@context":"https:\/\/schema.org","@graph":[{"@type":"WebPage","@id":"https:\/\/www.moriadesign.pl\/produkt\/slupek-drogowy-c-01-60-k-s-h70-cm\/","url":"https:\/\/www.moriadesign.pl\/produkt\/slupek-drogowy-c-01-60-k-s-h70-cm\/","name":"S\u0142upek drogowy C-01.60.k.s [h=70 cm] - MORIA DESIGN","isPartOf":{"@id":"https:\/\/www.moriadesign.pl\/#website"},"datePublished":"2025-12-31T14:07:55+00:00","dateModified":"2026-01-19T13:09:53+00:00","description":"S\u0142upek drogowy z wysokiej jako\u015bci pasami odblaskowymi w atrakcyjnej cenie. Wykonany z solidnej, ocynkowanej rury. Gwarancja jako\u015bci. Szybka wysy\u0142ka!","breadcrumb":{"@id":"https:\/\/www.moriadesign.pl\/produkt\/slupek-drogowy-c-01-60-k-s-h70-cm\/#breadcrumb"},"inLanguage":"es","potentialAction":[{"@type":"ReadAction","target":["https:\/\/www.moriadesign.pl\/produkt\/slupek-drogowy-c-01-60-k-s-h70-cm\/"]}]},{"@type":"BreadcrumbList","@id":"https:\/\/www.moriadesign.pl\/produkt\/slupek-drogowy-c-01-60-k-s-h70-cm\/#breadcrumb","itemListElement":[{"@type":"ListItem","position":1,"name":"Strona g\u0142\u00f3wna","item":"https:\/\/www.moriadesign.pl\/"},{"@type":"ListItem","position":2,"name":"Sklep","item":"https:\/\/www.moriadesign.pl\/sklep\/"},{"@type":"ListItem","position":3,"name":"S\u0142upek drogowy C-01.60.k.s [h=70 cm]"}]},{"@type":"WebSite","@id":"https:\/\/www.moriadesign.pl\/#website","url":"https:\/\/www.moriadesign.pl\/","name":"MORIA DESIGN","description":"okucia do mebli, domu i ogrodu","potentialAction":[{"@type":"SearchAction","target":{"@type":"EntryPoint","urlTemplate":"https:\/\/www.moriadesign.pl\/?s={search_term_string}"},"query-input":"required name=search_term_string"}],"inLanguage":"es"}]}},"_links":{"self":[{"href":"https:\/\/www.moriadesign.pl\/es\/wp-json\/wp\/v2\/product\/4865"}],"collection":[{"href":"https:\/\/www.moriadesign.pl\/es\/wp-json\/wp\/v2\/product"}],"about":[{"href":"https:\/\/www.moriadesign.pl\/es\/wp-json\/wp\/v2\/types\/product"}],"wp:featuredmedia":[{"embeddable":true,"href":"https:\/\/www.moriadesign.pl\/es\/wp-json\/wp\/v2\/media\/4844"}],"wp:attachment":[{"href":"https:\/\/www.moriadesign.pl\/es\/wp-json\/wp\/v2\/media?parent=4865"}],"wp:term":[{"taxonomy":"product_cat","embeddable":true,"href":"https:\/\/www.moriadesign.pl\/es\/wp-json\/wp\/v2\/product_cat?post=4865"},{"taxonomy":"product_tag","embeddable":true,"href":"https:\/\/www.moriadesign.pl\/es\/wp-json\/wp\/v2\/product_tag?post=4865"}],"curies":[{"name":"wp","href":"https:\/\/api.w.org\/{rel}","templated":true}]}}