{"id":4775,"date":"2025-11-28T15:04:39","date_gmt":"2025-11-28T14:04:39","guid":{"rendered":"https:\/\/www.moriadesign.pl\/?post_type=product&#038;p=4775"},"modified":"2026-04-22T11:06:52","modified_gmt":"2026-04-22T09:06:52","slug":"kotwa-ozdobna-m-15","status":"publish","type":"product","link":"https:\/\/www.moriadesign.pl\/es\/product-2\/ancla-decorativa-m-15\/","title":{"rendered":"Anclaje decorativo M-15 [anchura =110-170 mm]."},"content":{"rendered":"<h2>Caracter\u00edsticas y ventajas:<\/h2>\n<ul>\n<li>de acero de alta calidad &gt; <b>eterno;<\/b><\/li>\n<li>Anchura de base regulable &gt; <strong>funcional;<\/strong><\/li>\n<li>orificios de montaje biselados &gt;\u00a0<b>est\u00e9tica;<\/b><\/li>\n<li>Recubrimiento en polvo en negro mate (brillo cero, estructura fina): mucho m\u00e1s resistente a los da\u00f1os que los recubrimientos de pintura en aerosol, las pinturas en polvo son completamente seguras para las personas y el medio ambiente &gt; <b>duradero y elegantemente acabado;<\/b><\/li>\n<li>Dimensiones: espesor de chapa - 4 mm, perfil - 50x50x2 mm, \u03a6 de agujeros de montaje - 8 mm &gt;. <b>robusto;<\/b><\/li>\n<li>dimensiones m\u00e1ximas: anchura - 11 a 17 cm, profundidad - 13 cm, altura - 30,5 cm &gt; <b>proporcionado.<\/b><\/li>\n<\/ul>\n<h2>Aplicaci\u00f3n:<\/h2>\n<ul>\n<li>para cenadores, p\u00e9rgolas, vigas, postes de vallas, arquitectura de jard\u00edn en madera.<\/li>\n<\/ul>\n<details>\n<summary style=\"cursor: pointer;\">Seguir leyendo<\/summary>\n<h2><span lang=\"pl-PL\">Ancla decorativa de jard\u00edn modelo M-15 - base ajustable, para atornillar<\/span><\/h2>\n<p><span lang=\"pl-PL\"><strong>Anclajes decorativos de estilo retro M-15<\/strong><!-- jw. --> es una soluci\u00f3n est\u00e9tica y funcional de <a href=\"\/es\/?wmc-currency=EUR\">DISE\u00d1O MORIA<\/a> para su jard\u00edn<\/span><span lang=\"pl-PL\">. Recomendamos este producto en particular a aquellos que buscan una forma probada y est\u00e9ticamente agradable de asegurar de forma permanente y eficaz postes de cenadores, refugios, p\u00e9rgolas y otros objetos de arquitectura de jard\u00edn de madera ya en la fase de su construcci\u00f3n. Nuestros anclajes est\u00e1n fabricados con acero certificado<\/span><span lang=\"pl-PL\">. La forma de fabricaci\u00f3n de los anclajes combina resistencia, funcionalidad y un aspecto elegante y r\u00fastico. Los materiales utilizados y la protecci\u00f3n anticorrosi\u00f3n garantizan su durabilidad. Resistentes a la intemperie y a los da\u00f1os mec\u00e1nicos, son ideales para su jard\u00edn.\u00a0<\/span><\/p>\n<p><span lang=\"pl-PL\"><strong>Ancla decorativa M-15 <\/strong>de MORIA DESIGN es un ejemplo garantizado de solidez y dise\u00f1o bien pensado y funcional. El anclaje est\u00e1 fabricado con chapa de acero de hasta 4 mm de grosor y un perfil de 50 x 50 mm. El anclaje tiene una base ajustable, que permite un ajuste preciso a la secci\u00f3n transversal de la columna que se va a instalar. El uso de un perfil ancho, sobre el que se apoya el anclaje, refuerza su estabilidad y es una soluci\u00f3n visualmente atractiva.<\/span><\/p>\n<p><strong>Anclajes decorativos<\/strong> se distinguen por su dise\u00f1o elegante, r\u00fastico y original, y por su elaboraci\u00f3n de alta calidad. Cada anclaje tiene remaches de acero forjado, que acent\u00faan sutilmente su dise\u00f1o \u00fanico. Los anclajes decorativos se ofrecen en diferentes variantes en funci\u00f3n de su tama\u00f1o, ajustabilidad, as\u00ed como del m\u00e9todo de instalaci\u00f3n (para atornillar, para hormigonar), lo que garantiza su amplia gama de posibilidades de aplicaci\u00f3n. El modelo de anclaje presentado est\u00e1 destinado al hormigonado. Tambi\u00e9n ofrecemos este modelo de anclaje decorativo en versi\u00f3n para hormigonar.<\/p>\n<p><span lang=\"pl-PL\">Robusto <a href=\"\/es\/oferta\/cierres-decorativos\/?wmc-currency=EUR\">anclajes decorativos<\/a> en estilo retro de MORIA DESIGN es una combinaci\u00f3n simult\u00e1nea de durabilidad, funcionalidad y elegancia. Fabricados con materiales de alta calidad, debidamente protegidos contra la corrosi\u00f3n y con un acabado est\u00e9tico, los anclajes decorativos satisfar\u00e1n las necesidades de los usuarios m\u00e1s exigentes. Los anclajes decorativos de acero pueden aplicarse a postes de madera de cenadores, vallas, p\u00e9rgolas, cocheras, casetas de aperos o casitas de ni\u00f1os, lo que los convierte en una soluci\u00f3n sumamente pr\u00e1ctica. Le invitamos a adquirir anclajes decorativos s\u00f3lidos y elegantes de MORIA DESIGN, que garantizar\u00e1n la durabilidad de sus proyectos y al mismo tiempo ser\u00e1n una decoraci\u00f3n original y sutil del entorno.<\/span><\/p>\n<\/details>","protected":false},"excerpt":{"rendered":"<p>Cechy i zalety: wykonana z wysokiej gatunkowo stali &gt; wieczna; regulowana szeroko\u015b\u0107 podstawy &gt; funkcjonalna; fazowane otwory monta\u017cowe &gt;\u00a0estetyczna; pomalowana farb\u0105 proszkow\u0105 w kolorze czarny mat (zero po\u0142ysku, drobna struktura) \u2013 zdecydowanie wy\u017csza odporno\u015b\u0107 na uszkodzenia od pow\u0142ok farb natryskowych, farby proszkowe s\u0105 w pe\u0142ni bezpieczne dla ludzi i \u015brodowiska &gt; trwale i elegancko wyko\u0144czona;&#8230;<\/p>","protected":false},"featured_media":4726,"template":"","meta":{"inline_featured_image":false},"product_cat":[33],"product_tag":[153,156,157,152,160,159,158,155,154],"acf":[],"yoast_head":"<!-- This site is optimized with the Yoast SEO plugin v20.2 - https:\/\/yoast.com\/wordpress\/plugins\/seo\/ -->\n<title>Kotwa ozdobna M-15 [szer.=110-170 mm] - MORIA DESIGN<\/title>\n<meta name=\"description\" content=\"Kotwy ozdobne na szerokim stalowym profilu z regulowan\u0105 podstaw\u0105. Wysoka jako\u015b\u0107. Je\u015bli nie ma interesuj\u0105cego Ci\u0119 rozmiaru, zapytaj. Wykonamy go dla Ciebie!\" \/>\n<meta name=\"robots\" content=\"index, follow, max-snippet:-1, max-image-preview:large, max-video-preview:-1\" \/>\n<link rel=\"canonical\" href=\"https:\/\/www.moriadesign.pl\/es\/product-2\/ancla-decorativa-m-15\/?wmc-currency=EUR\" \/>\n<meta property=\"og:locale\" content=\"es_ES\" \/>\n<meta property=\"og:type\" content=\"article\" \/>\n<meta property=\"og:title\" content=\"Kotwa ozdobna M-15 [szer.=110-170 mm] - MORIA DESIGN\" \/>\n<meta property=\"og:description\" content=\"Kotwy ozdobne na szerokim stalowym profilu z regulowan\u0105 podstaw\u0105. Wysoka jako\u015b\u0107. Je\u015bli nie ma interesuj\u0105cego Ci\u0119 rozmiaru, zapytaj. Wykonamy go dla Ciebie!\" \/>\n<meta property=\"og:url\" content=\"https:\/\/www.moriadesign.pl\/es\/product-2\/ancla-decorativa-m-15\/?wmc-currency=EUR\" \/>\n<meta property=\"og:site_name\" content=\"MORIA DESIGN\" \/>\n<meta property=\"article:modified_time\" content=\"2026-04-22T09:06:52+00:00\" \/>\n<meta property=\"og:image\" content=\"https:\/\/www.moriadesign.pl\/wp-content\/uploads\/2025\/11\/M-15_1-regulowana-kotwa-ozdobna-ze-stali.png\" \/>\n\t<meta property=\"og:image:width\" content=\"1600\" \/>\n\t<meta property=\"og:image:height\" content=\"1600\" \/>\n\t<meta property=\"og:image:type\" content=\"image\/png\" \/>\n<meta name=\"twitter:card\" content=\"summary_large_image\" \/>\n<meta name=\"twitter:label1\" content=\"Tiempo de lectura\" \/>\n\t<meta name=\"twitter:data1\" content=\"2 minutos\" \/>\n<script type=\"application\/ld+json\" class=\"yoast-schema-graph\">{\"@context\":\"https:\/\/schema.org\",\"@graph\":[{\"@type\":\"WebPage\",\"@id\":\"https:\/\/www.moriadesign.pl\/produkt\/kotwa-ozdobna-m-15\/\",\"url\":\"https:\/\/www.moriadesign.pl\/produkt\/kotwa-ozdobna-m-15\/\",\"name\":\"Kotwa ozdobna M-15 [szer.=110-170 mm] - MORIA DESIGN\",\"isPartOf\":{\"@id\":\"https:\/\/www.moriadesign.pl\/#website\"},\"datePublished\":\"2025-11-28T14:04:39+00:00\",\"dateModified\":\"2026-04-22T09:06:52+00:00\",\"description\":\"Kotwy ozdobne na szerokim stalowym profilu z regulowan\u0105 podstaw\u0105. Wysoka jako\u015b\u0107. Je\u015bli nie ma interesuj\u0105cego Ci\u0119 rozmiaru, zapytaj. Wykonamy go dla Ciebie!\",\"breadcrumb\":{\"@id\":\"https:\/\/www.moriadesign.pl\/produkt\/kotwa-ozdobna-m-15\/#breadcrumb\"},\"inLanguage\":\"es\",\"potentialAction\":[{\"@type\":\"ReadAction\",\"target\":[\"https:\/\/www.moriadesign.pl\/produkt\/kotwa-ozdobna-m-15\/\"]}]},{\"@type\":\"BreadcrumbList\",\"@id\":\"https:\/\/www.moriadesign.pl\/produkt\/kotwa-ozdobna-m-15\/#breadcrumb\",\"itemListElement\":[{\"@type\":\"ListItem\",\"position\":1,\"name\":\"Strona g\u0142\u00f3wna\",\"item\":\"https:\/\/www.moriadesign.pl\/\"},{\"@type\":\"ListItem\",\"position\":2,\"name\":\"Sklep\",\"item\":\"https:\/\/www.moriadesign.pl\/sklep\/\"},{\"@type\":\"ListItem\",\"position\":3,\"name\":\"Kotwa ozdobna M-15 [szer.=110-170 mm]\"}]},{\"@type\":\"WebSite\",\"@id\":\"https:\/\/www.moriadesign.pl\/#website\",\"url\":\"https:\/\/www.moriadesign.pl\/\",\"name\":\"MORIA DESIGN\",\"description\":\"okucia do mebli, domu i ogrodu\",\"potentialAction\":[{\"@type\":\"SearchAction\",\"target\":{\"@type\":\"EntryPoint\",\"urlTemplate\":\"https:\/\/www.moriadesign.pl\/?s={search_term_string}\"},\"query-input\":\"required name=search_term_string\"}],\"inLanguage\":\"es\"}]}<\/script>\n<!-- \/ Yoast SEO plugin. -->","yoast_head_json":{"title":"Kotwa ozdobna M-15 [szer.=110-170 mm] - MORIA DESIGN","description":"Kotwy ozdobne na szerokim stalowym profilu z regulowan\u0105 podstaw\u0105. Wysoka jako\u015b\u0107. Je\u015bli nie ma interesuj\u0105cego Ci\u0119 rozmiaru, zapytaj. Wykonamy go dla Ciebie!","robots":{"index":"index","follow":"follow","max-snippet":"max-snippet:-1","max-image-preview":"max-image-preview:large","max-video-preview":"max-video-preview:-1"},"canonical":"https:\/\/www.moriadesign.pl\/es\/product-2\/ancla-decorativa-m-15\/?wmc-currency=EUR","og_locale":"es_ES","og_type":"article","og_title":"Kotwa ozdobna M-15 [szer.=110-170 mm] - MORIA DESIGN","og_description":"Kotwy ozdobne na szerokim stalowym profilu z regulowan\u0105 podstaw\u0105. Wysoka jako\u015b\u0107. Je\u015bli nie ma interesuj\u0105cego Ci\u0119 rozmiaru, zapytaj. Wykonamy go dla Ciebie!","og_url":"https:\/\/www.moriadesign.pl\/es\/product-2\/ancla-decorativa-m-15\/?wmc-currency=EUR","og_site_name":"MORIA DESIGN","article_modified_time":"2026-04-22T09:06:52+00:00","og_image":[{"width":1600,"height":1600,"url":"https:\/\/www.moriadesign.pl\/wp-content\/uploads\/2025\/11\/M-15_1-regulowana-kotwa-ozdobna-ze-stali.png","type":"image\/png"}],"twitter_card":"summary_large_image","twitter_misc":{"Tiempo de lectura":"2 minutos"},"schema":{"@context":"https:\/\/schema.org","@graph":[{"@type":"WebPage","@id":"https:\/\/www.moriadesign.pl\/produkt\/kotwa-ozdobna-m-15\/","url":"https:\/\/www.moriadesign.pl\/produkt\/kotwa-ozdobna-m-15\/","name":"Kotwa ozdobna M-15 [szer.=110-170 mm] - MORIA DESIGN","isPartOf":{"@id":"https:\/\/www.moriadesign.pl\/#website"},"datePublished":"2025-11-28T14:04:39+00:00","dateModified":"2026-04-22T09:06:52+00:00","description":"Kotwy ozdobne na szerokim stalowym profilu z regulowan\u0105 podstaw\u0105. Wysoka jako\u015b\u0107. Je\u015bli nie ma interesuj\u0105cego Ci\u0119 rozmiaru, zapytaj. Wykonamy go dla Ciebie!","breadcrumb":{"@id":"https:\/\/www.moriadesign.pl\/produkt\/kotwa-ozdobna-m-15\/#breadcrumb"},"inLanguage":"es","potentialAction":[{"@type":"ReadAction","target":["https:\/\/www.moriadesign.pl\/produkt\/kotwa-ozdobna-m-15\/"]}]},{"@type":"BreadcrumbList","@id":"https:\/\/www.moriadesign.pl\/produkt\/kotwa-ozdobna-m-15\/#breadcrumb","itemListElement":[{"@type":"ListItem","position":1,"name":"Strona g\u0142\u00f3wna","item":"https:\/\/www.moriadesign.pl\/"},{"@type":"ListItem","position":2,"name":"Sklep","item":"https:\/\/www.moriadesign.pl\/sklep\/"},{"@type":"ListItem","position":3,"name":"Kotwa ozdobna M-15 [szer.=110-170 mm]"}]},{"@type":"WebSite","@id":"https:\/\/www.moriadesign.pl\/#website","url":"https:\/\/www.moriadesign.pl\/","name":"MORIA DESIGN","description":"okucia do mebli, domu i ogrodu","potentialAction":[{"@type":"SearchAction","target":{"@type":"EntryPoint","urlTemplate":"https:\/\/www.moriadesign.pl\/?s={search_term_string}"},"query-input":"required name=search_term_string"}],"inLanguage":"es"}]}},"_links":{"self":[{"href":"https:\/\/www.moriadesign.pl\/es\/wp-json\/wp\/v2\/product\/4775"}],"collection":[{"href":"https:\/\/www.moriadesign.pl\/es\/wp-json\/wp\/v2\/product"}],"about":[{"href":"https:\/\/www.moriadesign.pl\/es\/wp-json\/wp\/v2\/types\/product"}],"wp:featuredmedia":[{"embeddable":true,"href":"https:\/\/www.moriadesign.pl\/es\/wp-json\/wp\/v2\/media\/4726"}],"wp:attachment":[{"href":"https:\/\/www.moriadesign.pl\/es\/wp-json\/wp\/v2\/media?parent=4775"}],"wp:term":[{"taxonomy":"product_cat","embeddable":true,"href":"https:\/\/www.moriadesign.pl\/es\/wp-json\/wp\/v2\/product_cat?post=4775"},{"taxonomy":"product_tag","embeddable":true,"href":"https:\/\/www.moriadesign.pl\/es\/wp-json\/wp\/v2\/product_tag?post=4775"}],"curies":[{"name":"wp","href":"https:\/\/api.w.org\/{rel}","templated":true}]}}