{"id":3804,"date":"2024-08-08T11:39:15","date_gmt":"2024-08-08T09:39:15","guid":{"rendered":"https:\/\/www.moriadesign.pl\/?post_type=product&#038;p=3804"},"modified":"2026-04-03T10:55:54","modified_gmt":"2026-04-03T08:55:54","slug":"stojak-rowerowy-modern-b-10-50-b-l34-cm","status":"publish","type":"product","link":"https:\/\/www.moriadesign.pl\/es\/product-2\/portabicicletas-moderno-b-10-50-b-l34-cm\/","title":{"rendered":"Aparcabicicletas moderno B-10.50.b [l=34 cm]"},"content":{"rendered":"<h2>Caracter\u00edsticas y ventajas:<\/h2>\n<ul>\n<li>de acero (perfil + chapa con logotipo) &gt; <b>moderno<\/b>;<\/li>\n<li>m\u00e9todo de instalaci\u00f3n - hormig\u00f3n (perfil dedicado de 30 cm) &gt; <b>f\u00e1cil de instalar<\/b>;<\/li>\n<li>* Galvanizado y pintado con pintura en polvo antracita \/ grafito - definitivamente m\u00e1s resistente a los da\u00f1os que los revestimientos de pintura en aerosol, las pinturas en polvo son completamente seguras para las personas y el medio ambiente &gt;. <b>duradero y elegantemente acabado;<\/b><\/li>\n<li>Dimensiones: altura - 80 cm + 30 cm para hormigonar, longitud - 34 cm, grosor de la chapa - 2 mm, perfil - 50 x 50 mm &gt;<b>\u00a0muy s\u00f3lido<\/b>;<\/li>\n<li>hecho a m\u00e1quina &gt;\u00a0<b>repetitivo<\/b>.<\/li>\n<\/ul>\n<p>*Tambi\u00e9n est\u00e1 disponible la versi\u00f3n s\u00f3lo con recubrimiento en polvo.<\/p>\n<h2>Aplicaci\u00f3n:<\/h2>\n<ul>\n<li>El dise\u00f1o del soporte permite asegurar tanto el cuadro como la rueda de la bicicleta con un cable de seguridad. Tambi\u00e9n funciona bien para aparcar patinetes.<\/li>\n<\/ul>\n<details>\n<summary style=\"cursor: pointer;\">Seguir leyendo<\/summary>\n<h2><span lang=\"pl-PL\">Moderno y econ\u00f3mico portabicicletas en U modelo B-10.50.b - el soporte ideal para bicicletas delante de la oficina<\/span><\/h2>\n<p><span lang=\"pl-PL\"><strong>Aparcabicicletas moderno B-10.50.b<\/strong><!-- jw. --> es un soporte para bicicletas moderno y econ\u00f3mico fabricado con perfil de acero de <a href=\"\/es\/?wmc-currency=EUR\">DISE\u00d1O MORIA<\/a><\/span><span lang=\"pl-PL\">. Es la elecci\u00f3n perfecta para cualquiera que busque una soluci\u00f3n probada y est\u00e9ticamente agradable, a un precio atractivo, para el aparcamiento ordenado de bicicletas y scooters delante de la oficina. Nuestra forma<\/span><span lang=\"pl-PL\"> El soporte est\u00e1 fabricado con perfil de acero certificado y chapa met\u00e1lica con el logotipo de la bicicleta recortado. El soporte para bicicletas que se ofrece combina durabilidad, funcionalidad y un dise\u00f1o elegante y moderno. Los materiales utilizados, junto con la protecci\u00f3n anticorrosi\u00f3n, hacen que el soporte sea pr\u00e1cticamente eterno. Extremadamente resistente a las condiciones meteorol\u00f3gicas y a los da\u00f1os mec\u00e1nicos. Ideal para espacios urbanos, parques, escuelas o entornos de oficinas, ya que proporciona un lugar seguro y c\u00f3modo para sujetar las bicicletas con una cadena, un cable o un candado en U.\u00a0<\/span><\/p>\n<p><span lang=\"pl-PL\"><strong>Aparcabicicletas individual B-10.50.b<\/strong> de MORIA DESIGN es un ejemplo garantizado de solidez y dise\u00f1o reflexivo y funcional. El soporte est\u00e1 fabricado con un perfil de acero de 50 x 50 mm con un grosor de pared de 2 mm, que garantiza una gran estabilidad y resistencia. La chapa met\u00e1lica de 2 mm de grosor, soldada transversalmente, es un espacio dedicado a la colocaci\u00f3n del logotipo. El soporte est\u00e1 disponible con recubrimiento de polvo o galvanizado y con recubrimiento de polvo para una mayor durabilidad y resistencia a la corrosi\u00f3n.<\/span><\/p>\n<p><strong>Aparcabicicletas moderno B-10.50.b<\/strong> se distinguen por su dise\u00f1o elegante, moderno y esbelto y por su fabricaci\u00f3n de alta calidad. Gracias a sus dimensiones compactas, pueden instalarse f\u00e1cilmente incluso en zonas con espacio limitado. El modelo de caballete presentado est\u00e1 destinado al hormigonado. Tambi\u00e9n ofrecemos este dise\u00f1o de soporte para bicicletas en una versi\u00f3n para atornillar o anclar.<\/p>\n<p><span lang=\"pl-PL\">Robusto <a href=\"\/es\/oferta\/portabicicletas\/?wmc-currency=EUR\">portabicicletas<\/a> modern de MORIA DESIGN es una combinaci\u00f3n simult\u00e1nea de durabilidad, funcionalidad y elegancia. Fabricados con materiales de alta calidad, debidamente protegidos contra la corrosi\u00f3n y con un acabado est\u00e9tico, estos soportes satisfar\u00e1n las necesidades de los usuarios m\u00e1s exigentes. Los soportes permiten aparcar dos bicicletas, incluidas bicicletas el\u00e9ctricas y scooters, lo que los convierte en una soluci\u00f3n extremadamente pr\u00e1ctica. Le invitamos a adquirir los s\u00f3lidos y elegantes aparcabicicletas de MORIA DESIGN, que le garantizar\u00e1n seguridad y comodidad de uso durante muchos a\u00f1os.<\/span><\/p>\n<\/details>","protected":false},"excerpt":{"rendered":"<p>Cechy i zalety: wykonany ze stali (profil + blacha z logo) &gt; nowoczesny; spos\u00f3b monta\u017cu &#8211; zabetonowanie (dedykowane 30 cm profilu) &gt; \u0142atwy w monta\u017cu; *ocynkowany oraz pomalowany farb\u0105 proszkow\u0105 w kolorze antracytowym \/ grafitowym \u2013 zdecydowanie wy\u017csza odporno\u015b\u0107 na uszkodzenia od pow\u0142ok farb natryskowych, farby proszkowe s\u0105 w pe\u0142ni bezpieczne dla ludzi i \u015brodowiska&#8230;<\/p>","protected":false},"featured_media":3793,"template":"","meta":{"inline_featured_image":false},"product_cat":[35],"product_tag":[148,60,146,64,59,55,74,63,57,58],"acf":[],"yoast_head":"<!-- This site is optimized with the Yoast SEO plugin v20.2 - https:\/\/yoast.com\/wordpress\/plugins\/seo\/ -->\n<title>Stojak rowerowy modern B-10.50.b [l=34 cm] - MORIA DESIGN<\/title>\n<meta name=\"description\" content=\"Nowoczesny i tani stojak rowerowy z profilu, z miejscem na logo. Idealny stojak na rower przed biurem. Wysoka jako\u015b\u0107. Zam\u00f3w ju\u017c dzi\u015b, a wysy\u0142ka ju\u017c jutro!\" \/>\n<meta name=\"robots\" content=\"index, follow, max-snippet:-1, max-image-preview:large, max-video-preview:-1\" \/>\n<link rel=\"canonical\" href=\"https:\/\/www.moriadesign.pl\/es\/product-2\/portabicicletas-moderno-b-10-50-b-l34-cm\/?wmc-currency=EUR\" \/>\n<meta property=\"og:locale\" content=\"es_ES\" \/>\n<meta property=\"og:type\" content=\"article\" \/>\n<meta property=\"og:title\" content=\"Stojak rowerowy modern B-10.50.b [l=34 cm] - MORIA DESIGN\" \/>\n<meta property=\"og:description\" content=\"Nowoczesny i tani stojak rowerowy z profilu, z miejscem na logo. Idealny stojak na rower przed biurem. Wysoka jako\u015b\u0107. Zam\u00f3w ju\u017c dzi\u015b, a wysy\u0142ka ju\u017c jutro!\" \/>\n<meta property=\"og:url\" content=\"https:\/\/www.moriadesign.pl\/es\/product-2\/portabicicletas-moderno-b-10-50-b-l34-cm\/?wmc-currency=EUR\" \/>\n<meta property=\"og:site_name\" content=\"MORIA DESIGN\" \/>\n<meta property=\"article:modified_time\" content=\"2026-04-03T08:55:54+00:00\" \/>\n<meta property=\"og:image\" content=\"https:\/\/www.moriadesign.pl\/wp-content\/uploads\/2024\/08\/B-10.50.b_1-idealny-stojak-na-rower-przed-biuro.png\" \/>\n\t<meta property=\"og:image:width\" content=\"1600\" \/>\n\t<meta property=\"og:image:height\" content=\"1600\" \/>\n\t<meta property=\"og:image:type\" content=\"image\/png\" \/>\n<meta name=\"twitter:card\" content=\"summary_large_image\" \/>\n<meta name=\"twitter:label1\" content=\"Tiempo de lectura\" \/>\n\t<meta name=\"twitter:data1\" content=\"3 minutos\" \/>\n<script type=\"application\/ld+json\" class=\"yoast-schema-graph\">{\"@context\":\"https:\/\/schema.org\",\"@graph\":[{\"@type\":\"WebPage\",\"@id\":\"https:\/\/www.moriadesign.pl\/produkt\/stojak-rowerowy-modern-b-10-50-b-l34-cm\/\",\"url\":\"https:\/\/www.moriadesign.pl\/produkt\/stojak-rowerowy-modern-b-10-50-b-l34-cm\/\",\"name\":\"Stojak rowerowy modern B-10.50.b [l=34 cm] - MORIA DESIGN\",\"isPartOf\":{\"@id\":\"https:\/\/www.moriadesign.pl\/#website\"},\"datePublished\":\"2024-08-08T09:39:15+00:00\",\"dateModified\":\"2026-04-03T08:55:54+00:00\",\"description\":\"Nowoczesny i tani stojak rowerowy z profilu, z miejscem na logo. Idealny stojak na rower przed biurem. Wysoka jako\u015b\u0107. Zam\u00f3w ju\u017c dzi\u015b, a wysy\u0142ka ju\u017c jutro!\",\"breadcrumb\":{\"@id\":\"https:\/\/www.moriadesign.pl\/produkt\/stojak-rowerowy-modern-b-10-50-b-l34-cm\/#breadcrumb\"},\"inLanguage\":\"es\",\"potentialAction\":[{\"@type\":\"ReadAction\",\"target\":[\"https:\/\/www.moriadesign.pl\/produkt\/stojak-rowerowy-modern-b-10-50-b-l34-cm\/\"]}]},{\"@type\":\"BreadcrumbList\",\"@id\":\"https:\/\/www.moriadesign.pl\/produkt\/stojak-rowerowy-modern-b-10-50-b-l34-cm\/#breadcrumb\",\"itemListElement\":[{\"@type\":\"ListItem\",\"position\":1,\"name\":\"Strona g\u0142\u00f3wna\",\"item\":\"https:\/\/www.moriadesign.pl\/\"},{\"@type\":\"ListItem\",\"position\":2,\"name\":\"Sklep\",\"item\":\"https:\/\/www.moriadesign.pl\/sklep\/\"},{\"@type\":\"ListItem\",\"position\":3,\"name\":\"Stojak rowerowy modern B-10.50.b [l=34 cm]\"}]},{\"@type\":\"WebSite\",\"@id\":\"https:\/\/www.moriadesign.pl\/#website\",\"url\":\"https:\/\/www.moriadesign.pl\/\",\"name\":\"MORIA DESIGN\",\"description\":\"okucia do mebli, domu i ogrodu\",\"potentialAction\":[{\"@type\":\"SearchAction\",\"target\":{\"@type\":\"EntryPoint\",\"urlTemplate\":\"https:\/\/www.moriadesign.pl\/?s={search_term_string}\"},\"query-input\":\"required name=search_term_string\"}],\"inLanguage\":\"es\"}]}<\/script>\n<!-- \/ Yoast SEO plugin. -->","yoast_head_json":{"title":"Stojak rowerowy modern B-10.50.b [l=34 cm] - MORIA DESIGN","description":"Nowoczesny i tani stojak rowerowy z profilu, z miejscem na logo. Idealny stojak na rower przed biurem. Wysoka jako\u015b\u0107. Zam\u00f3w ju\u017c dzi\u015b, a wysy\u0142ka ju\u017c jutro!","robots":{"index":"index","follow":"follow","max-snippet":"max-snippet:-1","max-image-preview":"max-image-preview:large","max-video-preview":"max-video-preview:-1"},"canonical":"https:\/\/www.moriadesign.pl\/es\/product-2\/portabicicletas-moderno-b-10-50-b-l34-cm\/?wmc-currency=EUR","og_locale":"es_ES","og_type":"article","og_title":"Stojak rowerowy modern B-10.50.b [l=34 cm] - MORIA DESIGN","og_description":"Nowoczesny i tani stojak rowerowy z profilu, z miejscem na logo. Idealny stojak na rower przed biurem. Wysoka jako\u015b\u0107. Zam\u00f3w ju\u017c dzi\u015b, a wysy\u0142ka ju\u017c jutro!","og_url":"https:\/\/www.moriadesign.pl\/es\/product-2\/portabicicletas-moderno-b-10-50-b-l34-cm\/?wmc-currency=EUR","og_site_name":"MORIA DESIGN","article_modified_time":"2026-04-03T08:55:54+00:00","og_image":[{"width":1600,"height":1600,"url":"https:\/\/www.moriadesign.pl\/wp-content\/uploads\/2024\/08\/B-10.50.b_1-idealny-stojak-na-rower-przed-biuro.png","type":"image\/png"}],"twitter_card":"summary_large_image","twitter_misc":{"Tiempo de lectura":"3 minutos"},"schema":{"@context":"https:\/\/schema.org","@graph":[{"@type":"WebPage","@id":"https:\/\/www.moriadesign.pl\/produkt\/stojak-rowerowy-modern-b-10-50-b-l34-cm\/","url":"https:\/\/www.moriadesign.pl\/produkt\/stojak-rowerowy-modern-b-10-50-b-l34-cm\/","name":"Stojak rowerowy modern B-10.50.b [l=34 cm] - MORIA DESIGN","isPartOf":{"@id":"https:\/\/www.moriadesign.pl\/#website"},"datePublished":"2024-08-08T09:39:15+00:00","dateModified":"2026-04-03T08:55:54+00:00","description":"Nowoczesny i tani stojak rowerowy z profilu, z miejscem na logo. Idealny stojak na rower przed biurem. Wysoka jako\u015b\u0107. Zam\u00f3w ju\u017c dzi\u015b, a wysy\u0142ka ju\u017c jutro!","breadcrumb":{"@id":"https:\/\/www.moriadesign.pl\/produkt\/stojak-rowerowy-modern-b-10-50-b-l34-cm\/#breadcrumb"},"inLanguage":"es","potentialAction":[{"@type":"ReadAction","target":["https:\/\/www.moriadesign.pl\/produkt\/stojak-rowerowy-modern-b-10-50-b-l34-cm\/"]}]},{"@type":"BreadcrumbList","@id":"https:\/\/www.moriadesign.pl\/produkt\/stojak-rowerowy-modern-b-10-50-b-l34-cm\/#breadcrumb","itemListElement":[{"@type":"ListItem","position":1,"name":"Strona g\u0142\u00f3wna","item":"https:\/\/www.moriadesign.pl\/"},{"@type":"ListItem","position":2,"name":"Sklep","item":"https:\/\/www.moriadesign.pl\/sklep\/"},{"@type":"ListItem","position":3,"name":"Stojak rowerowy modern B-10.50.b [l=34 cm]"}]},{"@type":"WebSite","@id":"https:\/\/www.moriadesign.pl\/#website","url":"https:\/\/www.moriadesign.pl\/","name":"MORIA DESIGN","description":"okucia do mebli, domu i ogrodu","potentialAction":[{"@type":"SearchAction","target":{"@type":"EntryPoint","urlTemplate":"https:\/\/www.moriadesign.pl\/?s={search_term_string}"},"query-input":"required name=search_term_string"}],"inLanguage":"es"}]}},"_links":{"self":[{"href":"https:\/\/www.moriadesign.pl\/es\/wp-json\/wp\/v2\/product\/3804"}],"collection":[{"href":"https:\/\/www.moriadesign.pl\/es\/wp-json\/wp\/v2\/product"}],"about":[{"href":"https:\/\/www.moriadesign.pl\/es\/wp-json\/wp\/v2\/types\/product"}],"wp:featuredmedia":[{"embeddable":true,"href":"https:\/\/www.moriadesign.pl\/es\/wp-json\/wp\/v2\/media\/3793"}],"wp:attachment":[{"href":"https:\/\/www.moriadesign.pl\/es\/wp-json\/wp\/v2\/media?parent=3804"}],"wp:term":[{"taxonomy":"product_cat","embeddable":true,"href":"https:\/\/www.moriadesign.pl\/es\/wp-json\/wp\/v2\/product_cat?post=3804"},{"taxonomy":"product_tag","embeddable":true,"href":"https:\/\/www.moriadesign.pl\/es\/wp-json\/wp\/v2\/product_tag?post=3804"}],"curies":[{"name":"wp","href":"https:\/\/api.w.org\/{rel}","templated":true}]}}