{"id":3798,"date":"2024-08-08T10:49:50","date_gmt":"2024-08-08T08:49:50","guid":{"rendered":"https:\/\/www.moriadesign.pl\/?post_type=product&#038;p=3798"},"modified":"2026-04-03T10:59:15","modified_gmt":"2026-04-03T08:59:15","slug":"stojak-rowerowy-modern-b-09-50-b-l78-cm","status":"publish","type":"product","link":"https:\/\/www.moriadesign.pl\/es\/product-2\/portabicicletas-moderno-b-09-50-b-l78-cm\/","title":{"rendered":"Aparcabicicletas moderno B-09.50.b [l=78 cm]"},"content":{"rendered":"<h2>Caracter\u00edsticas y ventajas:<\/h2>\n<ul>\n<li>de acero (perfil + chapa con logotipo) &gt; <b>perpetua<\/b>;<\/li>\n<li>m\u00e9todo de instalaci\u00f3n - hormig\u00f3n (perfil dedicado de 30 cm) &gt; <b>f\u00e1cil de instalar<\/b>;<\/li>\n<li>*galvanizado y recubierto de polvo en antracita\/grafito RAL 7016 - definitivamente m\u00e1s resistente a los da\u00f1os que los recubrimientos de pintura en aerosol, los recubrimientos de polvo son completamente seguros para las personas y el medio ambiente &gt;. <b>duradero y con un acabado elegante<\/b>;<\/li>\n<li>Dimensiones: altura - 80 cm + 30 cm para hormigonar, longitud - 78 cm, grosor de la chapa - 2 mm, perfil - 50 x 50 mm &gt;<b>\u00a0muy s\u00f3lido<\/b>;<\/li>\n<li>hecho a m\u00e1quina &gt;\u00a0<b>repetitivo<\/b>.<\/li>\n<\/ul>\n<p>*Tambi\u00e9n est\u00e1 disponible la versi\u00f3n s\u00f3lo con recubrimiento en polvo.<\/p>\n<h2>Aplicaci\u00f3n:<\/h2>\n<ul>\n<li>El dise\u00f1o del soporte permite asegurar tanto el cuadro como la rueda de la bicicleta con un cable de seguridad. Tambi\u00e9n funciona bien para aparcar patinetes.<\/li>\n<\/ul>\n<details>\n<summary style=\"cursor: pointer;\">Seguir leyendo<\/summary>\n<h2><span lang=\"pl-PL\">Moderno aparcabicicletas de acero tipo U modelo B-09.50.b - elegante puerta para aparcar dos bicicletas y scooters<\/span><\/h2>\n<p><span lang=\"pl-PL\"><strong>Aparcabicicletas moderno B-09.50.b<\/strong><!-- jw. --> Los aparcabicicletas en U, tambi\u00e9n conocidos como aparcabicicletas de puerta, son una excelente soluci\u00f3n para aparcar bicicletas en espacios urbanos.\u00a0<\/span><span lang=\"pl-PL\">Este enorme y funcional aparcabicicletas ha sido dise\u00f1ado para garantizar la seguridad y comodidad de los usuarios de bicicletas e incluso patinetes. Gracias al uso de materiales de alta calidad, robustos y homologados, el soporte se caracteriza por una durabilidad excepcional, lo que lo hace ideal para su uso en urbanizaciones y zonas p\u00fablicas.<\/span><\/p>\n<p><span lang=\"pl-PL\"><strong>Aparcabicicletas tipo U modelo B-09.50.b<\/strong> est\u00e1 fabricado con un perfil de acero de 50 x 50 mm con un grosor de pared de 2 mm. Adem\u00e1s, el soporte est\u00e1 provisto de una placa met\u00e1lica de 2 mm de grosor soldada en cruz con el logotipo de la bicicleta recortado, lo que le confiere un aspecto moderno y elegante. Gracias a la protecci\u00f3n contra la corrosi\u00f3n, toda la estructura es resistente a la intemperie. La oferta habitual incluye caballetes en dos versiones: un caballete galvanizado y con recubrimiento en polvo y: un caballete con recubrimiento en polvo.<\/span><\/p>\n<p><span lang=\"pl-PL\">El dise\u00f1o sencillo y moderno del portabicicletas en forma de U lo hace <strong>modelo B-09.50.b<\/strong> no s\u00f3lo es funcional, sino tambi\u00e9n est\u00e9ticamente agradable y garantiza la seguridad. Su dise\u00f1o esbelto y elegante se integra perfectamente en la arquitectura urbana, y las opciones de acabado disponibles facilitan la adaptaci\u00f3n del soporte a diferentes espacios. Con recubrimiento de polvo en grafito mate, el soporte encaja perfectamente en los espacios urbanos modernos. Este modelo de aparcabicicletas permite el estacionamiento simult\u00e1neo de dos bicicletas o scooters, que pueden sujetarse de forma segura con una cadena, un cable o un candado en U.<\/span><\/p>\n<p><span lang=\"pl-PL\">En conclusi\u00f3n, el aparcabicicletas tipo U modelo B-09.50.b es un elemento s\u00f3lido, estable y elegante de arquitectura paisaj\u00edstica urbana, que garantiza la seguridad y la comodidad de uso. El montaje del soporte es sencillo y en este caso consiste \u00fanicamente en hormigonar. Tambi\u00e9n disponible <a href=\"\/es\/oferta\/portabicicletas\/?wmc-currency=EUR\">portabicicletas<\/a> dise\u00f1ado para ser atornillado o anclado al suelo. El fabricante del soporte es una empresa polaca <a href=\"\/es\/?wmc-currency=EUR\">DISE\u00d1O MORIA<\/a>conocida por su atenci\u00f3n a la calidad y el detalle. Le animamos a adquirir este portabicicletas de estilo moderno, que seguro cumplir\u00e1 sus expectativas y le servir\u00e1 durante muchos a\u00f1os.<\/span><\/p>\n<\/details>","protected":false},"excerpt":{"rendered":"<p>Cechy i zalety: wykonany ze stali (profil + blacha z logo) &gt; wieczny; spos\u00f3b monta\u017cu &#8211; zabetonowanie (dedykowane 30 cm profilu) &gt; \u0142atwy w monta\u017cu; *ocynkowany oraz pomalowany farb\u0105 proszkow\u0105 w kolorze antracytowym \/ grafitowym RAL 7016 \u2013 zdecydowanie wy\u017csza odporno\u015b\u0107 na uszkodzenia od pow\u0142ok farb natryskowych, farby proszkowe s\u0105 w pe\u0142ni bezpieczne dla ludzi&#8230;<\/p>","protected":false},"featured_media":3788,"template":"","meta":{"inline_featured_image":false},"product_cat":[35],"product_tag":[61,60,56,64,59,74,63,62,57,58],"acf":[],"yoast_head":"<!-- This site is optimized with the Yoast SEO plugin v20.2 - https:\/\/yoast.com\/wordpress\/plugins\/seo\/ -->\n<title>Stojak rowerowy modern B-09.50.b [l=78 cm] - MORIA DESIGN<\/title>\n<meta name=\"description\" content=\"Nowoczesny stojak rowerowy w stylu modern, typ U. Z solidnego profilu i z blach\u0105 z logo roweru. Pasuje do nowoczesnych przestrzeni miejskich. Zadzwo\u0144 i kup!\" \/>\n<meta name=\"robots\" content=\"index, follow, max-snippet:-1, max-image-preview:large, max-video-preview:-1\" \/>\n<link rel=\"canonical\" href=\"https:\/\/www.moriadesign.pl\/es\/product-2\/portabicicletas-moderno-b-09-50-b-l78-cm\/?wmc-currency=EUR\" \/>\n<meta property=\"og:locale\" content=\"es_ES\" \/>\n<meta property=\"og:type\" content=\"article\" \/>\n<meta property=\"og:title\" content=\"Stojak rowerowy modern B-09.50.b [l=78 cm] - MORIA DESIGN\" \/>\n<meta property=\"og:description\" content=\"Nowoczesny stojak rowerowy w stylu modern, typ U. Z solidnego profilu i z blach\u0105 z logo roweru. Pasuje do nowoczesnych przestrzeni miejskich. Zadzwo\u0144 i kup!\" \/>\n<meta property=\"og:url\" content=\"https:\/\/www.moriadesign.pl\/es\/product-2\/portabicicletas-moderno-b-09-50-b-l78-cm\/?wmc-currency=EUR\" \/>\n<meta property=\"og:site_name\" content=\"MORIA DESIGN\" \/>\n<meta property=\"article:modified_time\" content=\"2026-04-03T08:59:15+00:00\" \/>\n<meta property=\"og:image\" content=\"https:\/\/www.moriadesign.pl\/wp-content\/uploads\/2024\/08\/B-09.50.b_1-grafitowy-stojak-rowerowy-ze-stali-typ-U.png\" \/>\n\t<meta property=\"og:image:width\" content=\"1600\" \/>\n\t<meta property=\"og:image:height\" content=\"1600\" \/>\n\t<meta property=\"og:image:type\" content=\"image\/png\" \/>\n<meta name=\"twitter:card\" content=\"summary_large_image\" \/>\n<meta name=\"twitter:label1\" content=\"Tiempo de lectura\" \/>\n\t<meta name=\"twitter:data1\" content=\"3 minutos\" \/>\n<script type=\"application\/ld+json\" class=\"yoast-schema-graph\">{\"@context\":\"https:\/\/schema.org\",\"@graph\":[{\"@type\":\"WebPage\",\"@id\":\"https:\/\/www.moriadesign.pl\/produkt\/stojak-rowerowy-modern-b-09-50-b-l78-cm\/\",\"url\":\"https:\/\/www.moriadesign.pl\/produkt\/stojak-rowerowy-modern-b-09-50-b-l78-cm\/\",\"name\":\"Stojak rowerowy modern B-09.50.b [l=78 cm] - MORIA DESIGN\",\"isPartOf\":{\"@id\":\"https:\/\/www.moriadesign.pl\/#website\"},\"datePublished\":\"2024-08-08T08:49:50+00:00\",\"dateModified\":\"2026-04-03T08:59:15+00:00\",\"description\":\"Nowoczesny stojak rowerowy w stylu modern, typ U. Z solidnego profilu i z blach\u0105 z logo roweru. Pasuje do nowoczesnych przestrzeni miejskich. Zadzwo\u0144 i kup!\",\"breadcrumb\":{\"@id\":\"https:\/\/www.moriadesign.pl\/produkt\/stojak-rowerowy-modern-b-09-50-b-l78-cm\/#breadcrumb\"},\"inLanguage\":\"es\",\"potentialAction\":[{\"@type\":\"ReadAction\",\"target\":[\"https:\/\/www.moriadesign.pl\/produkt\/stojak-rowerowy-modern-b-09-50-b-l78-cm\/\"]}]},{\"@type\":\"BreadcrumbList\",\"@id\":\"https:\/\/www.moriadesign.pl\/produkt\/stojak-rowerowy-modern-b-09-50-b-l78-cm\/#breadcrumb\",\"itemListElement\":[{\"@type\":\"ListItem\",\"position\":1,\"name\":\"Strona g\u0142\u00f3wna\",\"item\":\"https:\/\/www.moriadesign.pl\/\"},{\"@type\":\"ListItem\",\"position\":2,\"name\":\"Sklep\",\"item\":\"https:\/\/www.moriadesign.pl\/sklep\/\"},{\"@type\":\"ListItem\",\"position\":3,\"name\":\"Stojak rowerowy modern B-09.50.b [l=78 cm]\"}]},{\"@type\":\"WebSite\",\"@id\":\"https:\/\/www.moriadesign.pl\/#website\",\"url\":\"https:\/\/www.moriadesign.pl\/\",\"name\":\"MORIA DESIGN\",\"description\":\"okucia do mebli, domu i ogrodu\",\"potentialAction\":[{\"@type\":\"SearchAction\",\"target\":{\"@type\":\"EntryPoint\",\"urlTemplate\":\"https:\/\/www.moriadesign.pl\/?s={search_term_string}\"},\"query-input\":\"required name=search_term_string\"}],\"inLanguage\":\"es\"}]}<\/script>\n<!-- \/ Yoast SEO plugin. -->","yoast_head_json":{"title":"Stojak rowerowy modern B-09.50.b [l=78 cm] - MORIA DESIGN","description":"Nowoczesny stojak rowerowy w stylu modern, typ U. Z solidnego profilu i z blach\u0105 z logo roweru. Pasuje do nowoczesnych przestrzeni miejskich. Zadzwo\u0144 i kup!","robots":{"index":"index","follow":"follow","max-snippet":"max-snippet:-1","max-image-preview":"max-image-preview:large","max-video-preview":"max-video-preview:-1"},"canonical":"https:\/\/www.moriadesign.pl\/es\/product-2\/portabicicletas-moderno-b-09-50-b-l78-cm\/?wmc-currency=EUR","og_locale":"es_ES","og_type":"article","og_title":"Stojak rowerowy modern B-09.50.b [l=78 cm] - MORIA DESIGN","og_description":"Nowoczesny stojak rowerowy w stylu modern, typ U. Z solidnego profilu i z blach\u0105 z logo roweru. Pasuje do nowoczesnych przestrzeni miejskich. Zadzwo\u0144 i kup!","og_url":"https:\/\/www.moriadesign.pl\/es\/product-2\/portabicicletas-moderno-b-09-50-b-l78-cm\/?wmc-currency=EUR","og_site_name":"MORIA DESIGN","article_modified_time":"2026-04-03T08:59:15+00:00","og_image":[{"width":1600,"height":1600,"url":"https:\/\/www.moriadesign.pl\/wp-content\/uploads\/2024\/08\/B-09.50.b_1-grafitowy-stojak-rowerowy-ze-stali-typ-U.png","type":"image\/png"}],"twitter_card":"summary_large_image","twitter_misc":{"Tiempo de lectura":"3 minutos"},"schema":{"@context":"https:\/\/schema.org","@graph":[{"@type":"WebPage","@id":"https:\/\/www.moriadesign.pl\/produkt\/stojak-rowerowy-modern-b-09-50-b-l78-cm\/","url":"https:\/\/www.moriadesign.pl\/produkt\/stojak-rowerowy-modern-b-09-50-b-l78-cm\/","name":"Stojak rowerowy modern B-09.50.b [l=78 cm] - MORIA DESIGN","isPartOf":{"@id":"https:\/\/www.moriadesign.pl\/#website"},"datePublished":"2024-08-08T08:49:50+00:00","dateModified":"2026-04-03T08:59:15+00:00","description":"Nowoczesny stojak rowerowy w stylu modern, typ U. Z solidnego profilu i z blach\u0105 z logo roweru. Pasuje do nowoczesnych przestrzeni miejskich. Zadzwo\u0144 i kup!","breadcrumb":{"@id":"https:\/\/www.moriadesign.pl\/produkt\/stojak-rowerowy-modern-b-09-50-b-l78-cm\/#breadcrumb"},"inLanguage":"es","potentialAction":[{"@type":"ReadAction","target":["https:\/\/www.moriadesign.pl\/produkt\/stojak-rowerowy-modern-b-09-50-b-l78-cm\/"]}]},{"@type":"BreadcrumbList","@id":"https:\/\/www.moriadesign.pl\/produkt\/stojak-rowerowy-modern-b-09-50-b-l78-cm\/#breadcrumb","itemListElement":[{"@type":"ListItem","position":1,"name":"Strona g\u0142\u00f3wna","item":"https:\/\/www.moriadesign.pl\/"},{"@type":"ListItem","position":2,"name":"Sklep","item":"https:\/\/www.moriadesign.pl\/sklep\/"},{"@type":"ListItem","position":3,"name":"Stojak rowerowy modern B-09.50.b [l=78 cm]"}]},{"@type":"WebSite","@id":"https:\/\/www.moriadesign.pl\/#website","url":"https:\/\/www.moriadesign.pl\/","name":"MORIA DESIGN","description":"okucia do mebli, domu i ogrodu","potentialAction":[{"@type":"SearchAction","target":{"@type":"EntryPoint","urlTemplate":"https:\/\/www.moriadesign.pl\/?s={search_term_string}"},"query-input":"required name=search_term_string"}],"inLanguage":"es"}]}},"_links":{"self":[{"href":"https:\/\/www.moriadesign.pl\/es\/wp-json\/wp\/v2\/product\/3798"}],"collection":[{"href":"https:\/\/www.moriadesign.pl\/es\/wp-json\/wp\/v2\/product"}],"about":[{"href":"https:\/\/www.moriadesign.pl\/es\/wp-json\/wp\/v2\/types\/product"}],"wp:featuredmedia":[{"embeddable":true,"href":"https:\/\/www.moriadesign.pl\/es\/wp-json\/wp\/v2\/media\/3788"}],"wp:attachment":[{"href":"https:\/\/www.moriadesign.pl\/es\/wp-json\/wp\/v2\/media?parent=3798"}],"wp:term":[{"taxonomy":"product_cat","embeddable":true,"href":"https:\/\/www.moriadesign.pl\/es\/wp-json\/wp\/v2\/product_cat?post=3798"},{"taxonomy":"product_tag","embeddable":true,"href":"https:\/\/www.moriadesign.pl\/es\/wp-json\/wp\/v2\/product_tag?post=3798"}],"curies":[{"name":"wp","href":"https:\/\/api.w.org\/{rel}","templated":true}]}}