{"id":3769,"date":"2024-08-07T13:47:40","date_gmt":"2024-08-07T11:47:40","guid":{"rendered":"https:\/\/www.moriadesign.pl\/?post_type=product&#038;p=3769"},"modified":"2026-04-03T11:01:53","modified_gmt":"2026-04-03T09:01:53","slug":"industrialny-stojak-rowerowy-b-08-50-b-l34-cm","status":"publish","type":"product","link":"https:\/\/www.moriadesign.pl\/es\/product-2\/industrialny-stojak-rowerowy-b-08-50-b-l34-cm\/","title":{"rendered":"Aparcabicicletas B-08.50.b [l=34 cm]."},"content":{"rendered":"<h2>Caracter\u00edsticas y ventajas:<\/h2>\n<ul>\n<li>de acero (perfil) &gt; <b>intemporal<\/b>;<\/li>\n<li>m\u00e9todo de instalaci\u00f3n - hormig\u00f3n (perfil dedicado de 30 cm) &gt; <b>f\u00e1cil de instalar<\/b>;<\/li>\n<li>* Galvanizado y pintado con pintura en polvo antracita \/ grafito - definitivamente m\u00e1s resistente a los da\u00f1os que los revestimientos de pintura en aerosol, las pinturas en polvo son completamente seguras para las personas y el medio ambiente &gt;. <b>duradero y elegantemente acabado;<\/b><\/li>\n<li>wymiary: wysoko\u015b\u0107 &#8211; 80 cm + 30 cm do zabetonowania, d\u0142ugo\u015b\u0107 &#8211; 34 cm, profil &#8211; 50 x 50 x 2 mm &gt;<b> robusto<\/b>;<\/li>\n<li>hecho a m\u00e1quina &gt;\u00a0<b>repetitivo<\/b>.<\/li>\n<\/ul>\n<p>*Tambi\u00e9n est\u00e1 disponible la versi\u00f3n s\u00f3lo con recubrimiento en polvo.<\/p>\n<h2>Aplicaci\u00f3n:<\/h2>\n<ul>\n<li>El dise\u00f1o del soporte permite asegurar tanto el cuadro como la rueda de la bicicleta con un cable de seguridad. Tambi\u00e9n funciona bien para aparcar patinetes.<\/li>\n<\/ul>\n<details>\n<summary style=\"cursor: pointer;\">Seguir leyendo<\/summary>\n<h2><span lang=\"pl-PL\">Stojak rowerowy B-08.50.b \u2013 nowoczesny stojak rowerowy w niskiej cenie, dwustanowiskowy<\/span><\/h2>\n<p><span lang=\"pl-PL\"><strong>Nowoczesny stojak rowerowy model B-08.50.b<\/strong> to praktyczne rozwi\u0105zanie dla os\u00f3b, kt\u00f3re potrzebuj\u0105 wsp\u00f3\u0142czesnego i bezpiecznego sposobu do parkowania swoich rower\u00f3w lub hulajn\u00f3g. Wykonany z solidnego, modnego obecnie antracytowego profilu, stojak umo\u017cliwia bezpieczne przypi\u0119cie dw\u00f3ch rower\u00f3w za pomoc\u0105 \u0142a\u0144cucha, linki lub innej blokady rowerowej. Dzi\u0119ki swojej prostocie po\u0142\u0105czonej z funkcjonalno\u015bci\u0105, ten smuk\u0142y stojak rowerowy typ U lub inaczej, stojak ukszta\u0142tny typu barierka, idealnie sprawdza si\u0119 zar\u00f3wno w miejscach publicznych jak i na przydomowych posesjach. Jego konstrukcja zapewnia stabilno\u015b\u0107 i bezpiecze\u0144stwo, co sprawia \u017ce jest niezast\u0105pionym elementem infrastruktury rowerowej.<\/span><\/p>\n<p><span lang=\"pl-PL\"><strong>Wsp\u00f3\u0142czesny stojak model B-08.50.b<\/strong> wykonany zosta\u0142 ze stalowego profilu o przekroju 50 x 50 mm i grubo\u015bci \u015bcianki 2 mm. Taki dob\u00f3r materia\u0142\u00f3w gwarantuje jego wytrzyma\u0142o\u015b\u0107 i odporno\u015b\u0107 na ewentualne uszkodzenia mechaniczne. Ca\u0142kowita wysoko\u015b\u0107 stojaka to 110 cm, z czego 80 cm wystaje ponad powierzchni\u0119, natomiast 30 cm zosta\u0142o przeznaczone do zabetonowania. Ten modny stojak rowerowy ma szeroko\u015b\u0107 34 cm, co czyni go idealnym rowerowym stojakiem dwustanowiskowym wskazanym do monta\u017cu w miejscach o ma\u0142ej powierzchni. Stojak dost\u0119pny jest w wersji pomalowanej proszkowo oraz ocynkowanej i pomalowanej proszkowo, co zapewnia doskona\u0142\u0105 ochron\u0119 antykorozyjn\u0105. W rezultacie stojak rowerowy jest odporny na warunki atmosferyczne, co sprawia \u017ce b\u0119dzie s\u0142u\u017cy\u0142 przez wiele lat bez konieczno\u015bci zbyt cz\u0119stych konserwacji.<\/span><\/p>\n<p><span lang=\"pl-PL\"><strong>Industrialny stojak rowerowy model B-08.50.b<\/strong> wyr\u00f3\u017cnia si\u0119 modnym i nowoczesnym, minimalistycznym designem. Jest solidny i stabilny, a jednocze\u015bnie zgrabny i smuk\u0142y. Dost\u0119pny r\u00f3wnie\u017c w wersji do przykr\u0119cenia (zakotwienia), dzi\u0119ki czemu stojak mo\u017cna \u0142atwo dostosowa\u0107 do indywidulanych preferencji, oczekiwa\u0144 oraz potrzeb danej lokalizacji. Dost\u0119pne r\u00f3\u017cne sposoby monta\u017cu sprawiaj\u0105, \u017ce stojak nie tylko b\u0119dzie dobrze realizowa\u0107 swoj\u0105 funkcj\u0119 ale r\u00f3wnie\u017c stanowi\u0107 atrakcyjny, estetyczny element ma\u0142ej architektury miejskiej.<\/span><\/p>\n<p><span lang=\"pl-PL\">Je\u017celi szukasz solidnego, funkcjonalnego, a przy tym taniego rozwi\u0105zania do bezpiecznego parkowania rower\u00f3w, to stojak rowerowy od <a href=\"\/es\/?wmc-currency=EUR\">DISE\u00d1O MORIA<\/a>, b\u0119dzie stanowi\u0107 idealny wyb\u00f3r. Model B-08.50.b jest nie tylko tani, ale r\u00f3wnie\u017c estetycznie wykonany i odporny na trudne warunki atmosferyczne. Dzi\u0119ki mo\u017cliwo\u015bci jednoczesnego przypi\u0119cia dw\u00f3ch rower\u00f3w, stojak rowerowy typ U, inaczej zwany stojakiem rowerowym typu bramka sprawdzi si\u0119 w ka\u017cdym miejscu. Stojaki mo\u017cesz zamontowa\u0107 szeregowo, tworz\u0105c funkcjonalne pojemne parkingi rowerowe, sk\u0142adaj\u0105ce si\u0119 z kliku, kilkunastu, a nawet kilkudziesi\u0119ciu rowerowych miejsc postojowych. Nie czekaj i zainwestuj w <a href=\"\/es\/oferta\/portabicicletas\/?wmc-currency=EUR\">portabicicletas<\/a>\u00a1que se adaptan a todas sus expectativas!<\/span><\/p>\n<\/details>","protected":false},"excerpt":{"rendered":"<p>Cechy i zalety: wykonany ze stali (profil) &gt; ponadczasowy; spos\u00f3b monta\u017cu &#8211; zabetonowanie (dedykowane 30 cm profilu) &gt; \u0142atwy w monta\u017cu; *ocynkowany oraz pomalowany farb\u0105 proszkow\u0105 w kolorze antracytowym \/ grafitowym \u2013 zdecydowanie wy\u017csza odporno\u015b\u0107 na uszkodzenia od pow\u0142ok farb natryskowych, farby proszkowe s\u0105 w pe\u0142ni bezpieczne dla ludzi i \u015brodowiska &gt; trwale i elegancko&#8230;<\/p>","protected":false},"featured_media":3786,"template":"","meta":{"inline_featured_image":false},"product_cat":[35],"product_tag":[78,60,56,77,64,63,62,57,58,72],"acf":[],"yoast_head":"<!-- This site is optimized with the Yoast SEO plugin v20.2 - https:\/\/yoast.com\/wordpress\/plugins\/seo\/ -->\n<title>Stojak rowerowy B-08.50.b [l=34 cm] - MORIA DESIGN<\/title>\n<meta name=\"description\" content=\"Nowoczesny stojak rowerowy w niskiej cenie, z antracytowego profilu w stylu modern. Idealnie pasuje na parkingi przed nowoczesnymi biurami. Zam\u00f3w ju\u017c dzi\u015b!\" \/>\n<meta name=\"robots\" content=\"index, follow, max-snippet:-1, max-image-preview:large, max-video-preview:-1\" \/>\n<link rel=\"canonical\" href=\"https:\/\/www.moriadesign.pl\/es\/product-2\/industrialny-stojak-rowerowy-b-08-50-b-l34-cm\/?wmc-currency=EUR\" \/>\n<meta property=\"og:locale\" content=\"es_ES\" \/>\n<meta property=\"og:type\" content=\"article\" \/>\n<meta property=\"og:title\" content=\"Stojak rowerowy B-08.50.b [l=34 cm] - MORIA DESIGN\" \/>\n<meta property=\"og:description\" content=\"Nowoczesny stojak rowerowy w niskiej cenie, z antracytowego profilu w stylu modern. Idealnie pasuje na parkingi przed nowoczesnymi biurami. Zam\u00f3w ju\u017c dzi\u015b!\" \/>\n<meta property=\"og:url\" content=\"https:\/\/www.moriadesign.pl\/es\/product-2\/industrialny-stojak-rowerowy-b-08-50-b-l34-cm\/?wmc-currency=EUR\" \/>\n<meta property=\"og:site_name\" content=\"MORIA DESIGN\" \/>\n<meta property=\"article:modified_time\" content=\"2026-04-03T09:01:53+00:00\" \/>\n<meta property=\"og:image\" content=\"https:\/\/www.moriadesign.pl\/wp-content\/uploads\/2024\/08\/B-08.50.b_1-nowoczesne-stojaki-rowerowe-w-niskiej-cenie.png\" \/>\n\t<meta property=\"og:image:width\" content=\"1600\" \/>\n\t<meta property=\"og:image:height\" content=\"1600\" \/>\n\t<meta property=\"og:image:type\" content=\"image\/png\" \/>\n<meta name=\"twitter:card\" content=\"summary_large_image\" \/>\n<meta name=\"twitter:label1\" content=\"Tiempo de lectura\" \/>\n\t<meta name=\"twitter:data1\" content=\"3 minutos\" \/>\n<script type=\"application\/ld+json\" class=\"yoast-schema-graph\">{\"@context\":\"https:\/\/schema.org\",\"@graph\":[{\"@type\":\"WebPage\",\"@id\":\"https:\/\/www.moriadesign.pl\/produkt\/industrialny-stojak-rowerowy-b-08-50-b-l34-cm\/\",\"url\":\"https:\/\/www.moriadesign.pl\/produkt\/industrialny-stojak-rowerowy-b-08-50-b-l34-cm\/\",\"name\":\"Stojak rowerowy B-08.50.b [l=34 cm] - MORIA DESIGN\",\"isPartOf\":{\"@id\":\"https:\/\/www.moriadesign.pl\/#website\"},\"datePublished\":\"2024-08-07T11:47:40+00:00\",\"dateModified\":\"2026-04-03T09:01:53+00:00\",\"description\":\"Nowoczesny stojak rowerowy w niskiej cenie, z antracytowego profilu w stylu modern. Idealnie pasuje na parkingi przed nowoczesnymi biurami. Zam\u00f3w ju\u017c dzi\u015b!\",\"breadcrumb\":{\"@id\":\"https:\/\/www.moriadesign.pl\/produkt\/industrialny-stojak-rowerowy-b-08-50-b-l34-cm\/#breadcrumb\"},\"inLanguage\":\"es\",\"potentialAction\":[{\"@type\":\"ReadAction\",\"target\":[\"https:\/\/www.moriadesign.pl\/produkt\/industrialny-stojak-rowerowy-b-08-50-b-l34-cm\/\"]}]},{\"@type\":\"BreadcrumbList\",\"@id\":\"https:\/\/www.moriadesign.pl\/produkt\/industrialny-stojak-rowerowy-b-08-50-b-l34-cm\/#breadcrumb\",\"itemListElement\":[{\"@type\":\"ListItem\",\"position\":1,\"name\":\"Strona g\u0142\u00f3wna\",\"item\":\"https:\/\/www.moriadesign.pl\/\"},{\"@type\":\"ListItem\",\"position\":2,\"name\":\"Sklep\",\"item\":\"https:\/\/www.moriadesign.pl\/sklep\/\"},{\"@type\":\"ListItem\",\"position\":3,\"name\":\"Stojak rowerowy B-08.50.b [l=34 cm]\"}]},{\"@type\":\"WebSite\",\"@id\":\"https:\/\/www.moriadesign.pl\/#website\",\"url\":\"https:\/\/www.moriadesign.pl\/\",\"name\":\"MORIA DESIGN\",\"description\":\"okucia do mebli, domu i ogrodu\",\"potentialAction\":[{\"@type\":\"SearchAction\",\"target\":{\"@type\":\"EntryPoint\",\"urlTemplate\":\"https:\/\/www.moriadesign.pl\/?s={search_term_string}\"},\"query-input\":\"required name=search_term_string\"}],\"inLanguage\":\"es\"}]}<\/script>\n<!-- \/ Yoast SEO plugin. -->","yoast_head_json":{"title":"Stojak rowerowy B-08.50.b [l=34 cm] - MORIA DESIGN","description":"Nowoczesny stojak rowerowy w niskiej cenie, z antracytowego profilu w stylu modern. Idealnie pasuje na parkingi przed nowoczesnymi biurami. Zam\u00f3w ju\u017c dzi\u015b!","robots":{"index":"index","follow":"follow","max-snippet":"max-snippet:-1","max-image-preview":"max-image-preview:large","max-video-preview":"max-video-preview:-1"},"canonical":"https:\/\/www.moriadesign.pl\/es\/product-2\/industrialny-stojak-rowerowy-b-08-50-b-l34-cm\/?wmc-currency=EUR","og_locale":"es_ES","og_type":"article","og_title":"Stojak rowerowy B-08.50.b [l=34 cm] - MORIA DESIGN","og_description":"Nowoczesny stojak rowerowy w niskiej cenie, z antracytowego profilu w stylu modern. Idealnie pasuje na parkingi przed nowoczesnymi biurami. Zam\u00f3w ju\u017c dzi\u015b!","og_url":"https:\/\/www.moriadesign.pl\/es\/product-2\/industrialny-stojak-rowerowy-b-08-50-b-l34-cm\/?wmc-currency=EUR","og_site_name":"MORIA DESIGN","article_modified_time":"2026-04-03T09:01:53+00:00","og_image":[{"width":1600,"height":1600,"url":"https:\/\/www.moriadesign.pl\/wp-content\/uploads\/2024\/08\/B-08.50.b_1-nowoczesne-stojaki-rowerowe-w-niskiej-cenie.png","type":"image\/png"}],"twitter_card":"summary_large_image","twitter_misc":{"Tiempo de lectura":"3 minutos"},"schema":{"@context":"https:\/\/schema.org","@graph":[{"@type":"WebPage","@id":"https:\/\/www.moriadesign.pl\/produkt\/industrialny-stojak-rowerowy-b-08-50-b-l34-cm\/","url":"https:\/\/www.moriadesign.pl\/produkt\/industrialny-stojak-rowerowy-b-08-50-b-l34-cm\/","name":"Stojak rowerowy B-08.50.b [l=34 cm] - MORIA DESIGN","isPartOf":{"@id":"https:\/\/www.moriadesign.pl\/#website"},"datePublished":"2024-08-07T11:47:40+00:00","dateModified":"2026-04-03T09:01:53+00:00","description":"Nowoczesny stojak rowerowy w niskiej cenie, z antracytowego profilu w stylu modern. Idealnie pasuje na parkingi przed nowoczesnymi biurami. Zam\u00f3w ju\u017c dzi\u015b!","breadcrumb":{"@id":"https:\/\/www.moriadesign.pl\/produkt\/industrialny-stojak-rowerowy-b-08-50-b-l34-cm\/#breadcrumb"},"inLanguage":"es","potentialAction":[{"@type":"ReadAction","target":["https:\/\/www.moriadesign.pl\/produkt\/industrialny-stojak-rowerowy-b-08-50-b-l34-cm\/"]}]},{"@type":"BreadcrumbList","@id":"https:\/\/www.moriadesign.pl\/produkt\/industrialny-stojak-rowerowy-b-08-50-b-l34-cm\/#breadcrumb","itemListElement":[{"@type":"ListItem","position":1,"name":"Strona g\u0142\u00f3wna","item":"https:\/\/www.moriadesign.pl\/"},{"@type":"ListItem","position":2,"name":"Sklep","item":"https:\/\/www.moriadesign.pl\/sklep\/"},{"@type":"ListItem","position":3,"name":"Stojak rowerowy B-08.50.b [l=34 cm]"}]},{"@type":"WebSite","@id":"https:\/\/www.moriadesign.pl\/#website","url":"https:\/\/www.moriadesign.pl\/","name":"MORIA DESIGN","description":"okucia do mebli, domu i ogrodu","potentialAction":[{"@type":"SearchAction","target":{"@type":"EntryPoint","urlTemplate":"https:\/\/www.moriadesign.pl\/?s={search_term_string}"},"query-input":"required name=search_term_string"}],"inLanguage":"es"}]}},"_links":{"self":[{"href":"https:\/\/www.moriadesign.pl\/es\/wp-json\/wp\/v2\/product\/3769"}],"collection":[{"href":"https:\/\/www.moriadesign.pl\/es\/wp-json\/wp\/v2\/product"}],"about":[{"href":"https:\/\/www.moriadesign.pl\/es\/wp-json\/wp\/v2\/types\/product"}],"wp:featuredmedia":[{"embeddable":true,"href":"https:\/\/www.moriadesign.pl\/es\/wp-json\/wp\/v2\/media\/3786"}],"wp:attachment":[{"href":"https:\/\/www.moriadesign.pl\/es\/wp-json\/wp\/v2\/media?parent=3769"}],"wp:term":[{"taxonomy":"product_cat","embeddable":true,"href":"https:\/\/www.moriadesign.pl\/es\/wp-json\/wp\/v2\/product_cat?post=3769"},{"taxonomy":"product_tag","embeddable":true,"href":"https:\/\/www.moriadesign.pl\/es\/wp-json\/wp\/v2\/product_tag?post=3769"}],"curies":[{"name":"wp","href":"https:\/\/api.w.org\/{rel}","templated":true}]}}