{"id":2949,"date":"2024-02-13T13:32:24","date_gmt":"2024-02-13T12:32:24","guid":{"rendered":"https:\/\/www.moriadesign.pl\/?post_type=product&#038;p=2949"},"modified":"2024-07-17T08:51:05","modified_gmt":"2024-07-17T06:51:05","slug":"stopien-z-blachy-ryflowanej-p-01","status":"publish","type":"product","link":"https:\/\/www.moriadesign.pl\/es\/product-2\/chapa-ondulada-paso-p-01\/","title":{"rendered":"Escal\u00f3n de chapa ondulada P-02 [70 x 27 cm]."},"content":{"rendered":"<h2>Caracter\u00edsticas y ventajas:<\/h2>\n<ul>\n<li>chapa de acero inoxidable &gt; chapa de acero inoxidable &gt; chapa de acero inoxidable <b>perpetua<\/b>;<\/li>\n<li>chapa ondulada usada &gt; <b>antideslizante<\/b>;<\/li>\n<li>cuatro orificios de montaje en la base del pelda\u00f1o &gt; <b>f\u00e1cil de instalar<\/b>;<\/li>\n<li>*El pelda\u00f1o se puede revestir con pintura en polvo de color negro mate (brillo cero, estructura fina) - definitivamente m\u00e1s resistente a los da\u00f1os que los revestimientos de pintura en aerosol, las pinturas en polvo son completamente seguras para las personas y el medio ambiente &gt;. <b>duradero y elegantemente acabado;<\/b><\/li>\n<li>escal\u00f3n recto, bordes curvados en \"c\" &gt; <strong>universal;<\/strong><\/li>\n<li>Dimensiones: anchura - 70 cm, profundidad - 27 cm, altura - 3 cm, profundidad de la curva - 2,5 cm, grosor de la chapa - 3 mm &gt;<b>\u00a0muy s\u00f3lido<\/b>;<\/li>\n<li>hecho a m\u00e1quina &gt;\u00a0<b>repetitivo<\/b>.<\/li>\n<\/ul>\n<p>*El precio es para un pelda\u00f1o sin pintar - al precio de un pelda\u00f1o pintado hay que a\u00f1adir 30,00 PLN. El precio incluye el IVA 23%<\/p>\n<h2>Aplicaci\u00f3n:<\/h2>\n<ul>\n<li>en construcciones de acero como pasos independientes.<\/li>\n<\/ul>\n<h4>\u00bfTiene su propio proyecto en mente, desea dimensiones, m\u00e9todo de instalaci\u00f3n o protecci\u00f3n anticorrosi\u00f3n diferentes? No lo dude y...<\/h4>","protected":false},"excerpt":{"rendered":"<p>Cechy i zalety: wykonany z wysokogatunkowej blachy stalowej &gt; wieczny; zastosowana blacha ryflowana &gt; antypo\u015blizgowy; cztery otwory monta\u017cowe w podstawie stopnia &gt; \u0142atwy w monta\u017cu; *stopie\u0144 mo\u017ce zosta\u0107 pomalowany farb\u0105 proszkow\u0105 w kolorze czarny mat (zero po\u0142ysku, drobna struktura) \u2013 zdecydowanie wy\u017csza odporno\u015b\u0107 na uszkodzenia od pow\u0142ok farb natryskowych, farby proszkowe s\u0105 w pe\u0142ni bezpieczne&#8230;<\/p>","protected":false},"featured_media":2961,"template":"","meta":{"inline_featured_image":false},"product_cat":[105],"product_tag":[112,113,114,107,115,106,111,110,109,108,117],"acf":[],"yoast_head":"<!-- This site is optimized with the Yoast SEO plugin v20.2 - https:\/\/yoast.com\/wordpress\/plugins\/seo\/ -->\n<title>Stopie\u0144 z blachy ryflowanej P-02 [70 x 27 cm] - MORIA DESIGN<\/title>\n<meta name=\"description\" content=\"Stopnie z blachy ryflowanej pasuj\u0105 do aran\u017cacji w stylu industrialnym oraz loft. Stalowe stopnie wykonane z atestowanej blachy s\u0105 mocne, stabilne i trwa\u0142e.\" \/>\n<meta name=\"robots\" content=\"index, follow, max-snippet:-1, max-image-preview:large, max-video-preview:-1\" \/>\n<link rel=\"canonical\" href=\"https:\/\/www.moriadesign.pl\/es\/product-2\/chapa-ondulada-paso-p-01\/?wmc-currency=EUR\" \/>\n<meta property=\"og:locale\" content=\"es_ES\" \/>\n<meta property=\"og:type\" content=\"article\" \/>\n<meta property=\"og:title\" content=\"Stopie\u0144 z blachy ryflowanej P-02 [70 x 27 cm] - MORIA DESIGN\" \/>\n<meta property=\"og:description\" content=\"Stopnie z blachy ryflowanej pasuj\u0105 do aran\u017cacji w stylu industrialnym oraz loft. Stalowe stopnie wykonane z atestowanej blachy s\u0105 mocne, stabilne i trwa\u0142e.\" \/>\n<meta property=\"og:url\" content=\"https:\/\/www.moriadesign.pl\/es\/product-2\/chapa-ondulada-paso-p-01\/?wmc-currency=EUR\" \/>\n<meta property=\"og:site_name\" content=\"MORIA DESIGN\" \/>\n<meta property=\"article:modified_time\" content=\"2024-07-17T06:51:05+00:00\" \/>\n<meta property=\"og:image\" content=\"https:\/\/www.moriadesign.pl\/wp-content\/uploads\/2024\/02\/P_01_1_stopien-metalowy-do-schodow-dwubiegowych.jpg\" \/>\n\t<meta property=\"og:image:width\" content=\"1600\" \/>\n\t<meta property=\"og:image:height\" content=\"1600\" \/>\n\t<meta property=\"og:image:type\" content=\"image\/jpeg\" \/>\n<meta name=\"twitter:card\" content=\"summary_large_image\" \/>\n<meta name=\"twitter:label1\" content=\"Tiempo de lectura\" \/>\n\t<meta name=\"twitter:data1\" content=\"1 minuto\" \/>\n<script type=\"application\/ld+json\" class=\"yoast-schema-graph\">{\"@context\":\"https:\/\/schema.org\",\"@graph\":[{\"@type\":\"WebPage\",\"@id\":\"https:\/\/www.moriadesign.pl\/produkt\/stopien-z-blachy-ryflowanej-p-01\/\",\"url\":\"https:\/\/www.moriadesign.pl\/produkt\/stopien-z-blachy-ryflowanej-p-01\/\",\"name\":\"Stopie\u0144 z blachy ryflowanej P-02 [70 x 27 cm] - MORIA DESIGN\",\"isPartOf\":{\"@id\":\"https:\/\/www.moriadesign.pl\/#website\"},\"datePublished\":\"2024-02-13T12:32:24+00:00\",\"dateModified\":\"2024-07-17T06:51:05+00:00\",\"description\":\"Stopnie z blachy ryflowanej pasuj\u0105 do aran\u017cacji w stylu industrialnym oraz loft. Stalowe stopnie wykonane z atestowanej blachy s\u0105 mocne, stabilne i trwa\u0142e.\",\"breadcrumb\":{\"@id\":\"https:\/\/www.moriadesign.pl\/produkt\/stopien-z-blachy-ryflowanej-p-01\/#breadcrumb\"},\"inLanguage\":\"es\",\"potentialAction\":[{\"@type\":\"ReadAction\",\"target\":[\"https:\/\/www.moriadesign.pl\/produkt\/stopien-z-blachy-ryflowanej-p-01\/\"]}]},{\"@type\":\"BreadcrumbList\",\"@id\":\"https:\/\/www.moriadesign.pl\/produkt\/stopien-z-blachy-ryflowanej-p-01\/#breadcrumb\",\"itemListElement\":[{\"@type\":\"ListItem\",\"position\":1,\"name\":\"Strona g\u0142\u00f3wna\",\"item\":\"https:\/\/www.moriadesign.pl\/\"},{\"@type\":\"ListItem\",\"position\":2,\"name\":\"Sklep\",\"item\":\"https:\/\/www.moriadesign.pl\/sklep\/\"},{\"@type\":\"ListItem\",\"position\":3,\"name\":\"Stopie\u0144 z blachy ryflowanej P-02 [70 x 27 cm]\"}]},{\"@type\":\"WebSite\",\"@id\":\"https:\/\/www.moriadesign.pl\/#website\",\"url\":\"https:\/\/www.moriadesign.pl\/\",\"name\":\"MORIA DESIGN\",\"description\":\"okucia do mebli, domu i ogrodu\",\"potentialAction\":[{\"@type\":\"SearchAction\",\"target\":{\"@type\":\"EntryPoint\",\"urlTemplate\":\"https:\/\/www.moriadesign.pl\/?s={search_term_string}\"},\"query-input\":\"required name=search_term_string\"}],\"inLanguage\":\"es\"}]}<\/script>\n<!-- \/ Yoast SEO plugin. -->","yoast_head_json":{"title":"Stopie\u0144 z blachy ryflowanej P-02 [70 x 27 cm] - MORIA DESIGN","description":"Stopnie z blachy ryflowanej pasuj\u0105 do aran\u017cacji w stylu industrialnym oraz loft. Stalowe stopnie wykonane z atestowanej blachy s\u0105 mocne, stabilne i trwa\u0142e.","robots":{"index":"index","follow":"follow","max-snippet":"max-snippet:-1","max-image-preview":"max-image-preview:large","max-video-preview":"max-video-preview:-1"},"canonical":"https:\/\/www.moriadesign.pl\/es\/product-2\/chapa-ondulada-paso-p-01\/?wmc-currency=EUR","og_locale":"es_ES","og_type":"article","og_title":"Stopie\u0144 z blachy ryflowanej P-02 [70 x 27 cm] - MORIA DESIGN","og_description":"Stopnie z blachy ryflowanej pasuj\u0105 do aran\u017cacji w stylu industrialnym oraz loft. Stalowe stopnie wykonane z atestowanej blachy s\u0105 mocne, stabilne i trwa\u0142e.","og_url":"https:\/\/www.moriadesign.pl\/es\/product-2\/chapa-ondulada-paso-p-01\/?wmc-currency=EUR","og_site_name":"MORIA DESIGN","article_modified_time":"2024-07-17T06:51:05+00:00","og_image":[{"width":1600,"height":1600,"url":"https:\/\/www.moriadesign.pl\/wp-content\/uploads\/2024\/02\/P_01_1_stopien-metalowy-do-schodow-dwubiegowych.jpg","type":"image\/jpeg"}],"twitter_card":"summary_large_image","twitter_misc":{"Tiempo de lectura":"1 minuto"},"schema":{"@context":"https:\/\/schema.org","@graph":[{"@type":"WebPage","@id":"https:\/\/www.moriadesign.pl\/produkt\/stopien-z-blachy-ryflowanej-p-01\/","url":"https:\/\/www.moriadesign.pl\/produkt\/stopien-z-blachy-ryflowanej-p-01\/","name":"Stopie\u0144 z blachy ryflowanej P-02 [70 x 27 cm] - MORIA DESIGN","isPartOf":{"@id":"https:\/\/www.moriadesign.pl\/#website"},"datePublished":"2024-02-13T12:32:24+00:00","dateModified":"2024-07-17T06:51:05+00:00","description":"Stopnie z blachy ryflowanej pasuj\u0105 do aran\u017cacji w stylu industrialnym oraz loft. Stalowe stopnie wykonane z atestowanej blachy s\u0105 mocne, stabilne i trwa\u0142e.","breadcrumb":{"@id":"https:\/\/www.moriadesign.pl\/produkt\/stopien-z-blachy-ryflowanej-p-01\/#breadcrumb"},"inLanguage":"es","potentialAction":[{"@type":"ReadAction","target":["https:\/\/www.moriadesign.pl\/produkt\/stopien-z-blachy-ryflowanej-p-01\/"]}]},{"@type":"BreadcrumbList","@id":"https:\/\/www.moriadesign.pl\/produkt\/stopien-z-blachy-ryflowanej-p-01\/#breadcrumb","itemListElement":[{"@type":"ListItem","position":1,"name":"Strona g\u0142\u00f3wna","item":"https:\/\/www.moriadesign.pl\/"},{"@type":"ListItem","position":2,"name":"Sklep","item":"https:\/\/www.moriadesign.pl\/sklep\/"},{"@type":"ListItem","position":3,"name":"Stopie\u0144 z blachy ryflowanej P-02 [70 x 27 cm]"}]},{"@type":"WebSite","@id":"https:\/\/www.moriadesign.pl\/#website","url":"https:\/\/www.moriadesign.pl\/","name":"MORIA DESIGN","description":"okucia do mebli, domu i ogrodu","potentialAction":[{"@type":"SearchAction","target":{"@type":"EntryPoint","urlTemplate":"https:\/\/www.moriadesign.pl\/?s={search_term_string}"},"query-input":"required name=search_term_string"}],"inLanguage":"es"}]}},"_links":{"self":[{"href":"https:\/\/www.moriadesign.pl\/es\/wp-json\/wp\/v2\/product\/2949"}],"collection":[{"href":"https:\/\/www.moriadesign.pl\/es\/wp-json\/wp\/v2\/product"}],"about":[{"href":"https:\/\/www.moriadesign.pl\/es\/wp-json\/wp\/v2\/types\/product"}],"wp:featuredmedia":[{"embeddable":true,"href":"https:\/\/www.moriadesign.pl\/es\/wp-json\/wp\/v2\/media\/2961"}],"wp:attachment":[{"href":"https:\/\/www.moriadesign.pl\/es\/wp-json\/wp\/v2\/media?parent=2949"}],"wp:term":[{"taxonomy":"product_cat","embeddable":true,"href":"https:\/\/www.moriadesign.pl\/es\/wp-json\/wp\/v2\/product_cat?post=2949"},{"taxonomy":"product_tag","embeddable":true,"href":"https:\/\/www.moriadesign.pl\/es\/wp-json\/wp\/v2\/product_tag?post=2949"}],"curies":[{"name":"wp","href":"https:\/\/api.w.org\/{rel}","templated":true}]}}