{"id":2269,"date":"2023-02-21T15:09:49","date_gmt":"2023-02-21T14:09:49","guid":{"rendered":"https:\/\/www.moriadesign.pl\/?post_type=product&#038;p=2269"},"modified":"2026-02-02T22:12:06","modified_gmt":"2026-02-02T21:12:06","slug":"hairpin-leg-n-13-2-10-l61-cm-2-prety-%cf%86-10-mm","status":"publish","type":"product","link":"https:\/\/www.moriadesign.pl\/es\/product-2\/hairpin-leg-n-13-2-10-l61-cm-2-prety-%cf%86-10-mm\/","title":{"rendered":"Pata de horquilla N-13.2.10 [l=61 cm, 2 varillas \u03a6 10 mm]."},"content":{"rendered":"<h2><strong>Elecci\u00f3n de 4 variantes de color:<\/strong> negro, blanco, gris, dorado<\/h2>\n<h2>Caracter\u00edsticas y ventajas:<\/h2>\n<ul>\n<li>de acero de alta calidad &gt; <b>eterno;<\/b><\/li>\n<li>orificios de montaje biselados y soldaduras invisibles &gt;\u00a0<b>est\u00e9tica;<\/b><\/li>\n<li>Recubrimiento en polvo: mucho m\u00e1s resistentes a los da\u00f1os que los recubrimientos de pintura en spray, los recubrimientos en polvo son completamente seguros para las personas y el medio ambiente &gt; <b>duradero y elegantemente acabado;<\/b><\/li>\n<li>Dimensiones: espesor de chapa - 4 mm, \u03a6 de agujeros de montaje - 5,2 mm, 2 varillas \u03a6 10 mm &gt;.\u00a0<b>masiva;<\/b><\/li>\n<li>dimensiones m\u00e1ximas: anchura - 120 mm, longitud - 120 mm, altura - 610 mm &gt; <b>aseado.<\/b><\/li>\n<\/ul>\n<h2>Aplicaci\u00f3n:<\/h2>\n<ul>\n<li>para secretarias, mesas.<\/li>\n<\/ul>","protected":false},"excerpt":{"rendered":"<p>Do wyboru 4 warianty kolorystyczne: czarny, bia\u0142y, szary, z\u0142oty Cechy i zalety: wykonana z wysokiej gatunkowo stali &gt; wieczna; fazowane otwory monta\u017cowe i niewidoczne spawy &gt;\u00a0estetyczna; pomalowana farb\u0105 proszkow\u0105 \u2013 zdecydowanie wy\u017csza odporno\u015b\u0107 na uszkodzenia od pow\u0142ok farb natryskowych, farby proszkowe s\u0105 w pe\u0142ni bezpieczne dla ludzi i \u015brodowiska &gt; trwale i elegancko wyko\u0144czona; wymiary:&#8230;<\/p>","protected":false},"featured_media":2215,"template":"","meta":{"inline_featured_image":false},"product_cat":[28],"product_tag":[104,99,95,94,103,91,90,102,101,100],"acf":[],"yoast_head":"<!-- This site is optimized with the Yoast SEO plugin v20.2 - https:\/\/yoast.com\/wordpress\/plugins\/seo\/ -->\n<title>Hairpin leg N-13.2.10 [l=61 cm, 2 pr\u0119ty \u03a6 10 mm] - MORIA DESIGN<\/title>\n<meta name=\"description\" content=\"Oferujemy wyprodukowane w Polsce nogi hairpin legs w najkorzystniejszym stosunku jako\u015bci do ceny. B\u0142yskawiczna dostawa. Standardowe rozmiary od 10 do 95 cm.\" \/>\n<meta name=\"robots\" content=\"index, follow, max-snippet:-1, max-image-preview:large, max-video-preview:-1\" \/>\n<link rel=\"canonical\" href=\"https:\/\/www.moriadesign.pl\/es\/product-2\/hairpin-leg-n-13-2-10-l61-cm-2-prety-\u03c6-10-mm\/?wmc-currency=EUR\" \/>\n<meta property=\"og:locale\" content=\"es_ES\" \/>\n<meta property=\"og:type\" content=\"article\" \/>\n<meta property=\"og:title\" content=\"Hairpin leg N-13.2.10 [l=61 cm, 2 pr\u0119ty \u03a6 10 mm] - MORIA DESIGN\" \/>\n<meta property=\"og:description\" content=\"Oferujemy wyprodukowane w Polsce nogi hairpin legs w najkorzystniejszym stosunku jako\u015bci do ceny. B\u0142yskawiczna dostawa. Standardowe rozmiary od 10 do 95 cm.\" \/>\n<meta property=\"og:url\" content=\"https:\/\/www.moriadesign.pl\/es\/product-2\/hairpin-leg-n-13-2-10-l61-cm-2-prety-\u03c6-10-mm\/?wmc-currency=EUR\" \/>\n<meta property=\"og:site_name\" content=\"MORIA DESIGN\" \/>\n<meta property=\"article:modified_time\" content=\"2026-02-02T21:12:06+00:00\" \/>\n<meta property=\"og:image\" content=\"https:\/\/www.moriadesign.pl\/wp-content\/uploads\/2023\/02\/N-13.2.10.m_8-dizajnerskie-nogi-metalowe-hairpin-legs-w-roznych-kolorach.png\" \/>\n\t<meta property=\"og:image:width\" content=\"1600\" \/>\n\t<meta property=\"og:image:height\" content=\"1600\" \/>\n\t<meta property=\"og:image:type\" content=\"image\/png\" \/>\n<meta name=\"twitter:card\" content=\"summary_large_image\" \/>\n<script type=\"application\/ld+json\" class=\"yoast-schema-graph\">{\"@context\":\"https:\/\/schema.org\",\"@graph\":[{\"@type\":\"WebPage\",\"@id\":\"https:\/\/www.moriadesign.pl\/produkt\/hairpin-leg-n-13-2-10-l61-cm-2-prety-%cf%86-10-mm\/\",\"url\":\"https:\/\/www.moriadesign.pl\/produkt\/hairpin-leg-n-13-2-10-l61-cm-2-prety-%cf%86-10-mm\/\",\"name\":\"Hairpin leg N-13.2.10 [l=61 cm, 2 pr\u0119ty \u03a6 10 mm] - MORIA DESIGN\",\"isPartOf\":{\"@id\":\"https:\/\/www.moriadesign.pl\/#website\"},\"datePublished\":\"2023-02-21T14:09:49+00:00\",\"dateModified\":\"2026-02-02T21:12:06+00:00\",\"description\":\"Oferujemy wyprodukowane w Polsce nogi hairpin legs w najkorzystniejszym stosunku jako\u015bci do ceny. B\u0142yskawiczna dostawa. Standardowe rozmiary od 10 do 95 cm.\",\"breadcrumb\":{\"@id\":\"https:\/\/www.moriadesign.pl\/produkt\/hairpin-leg-n-13-2-10-l61-cm-2-prety-%cf%86-10-mm\/#breadcrumb\"},\"inLanguage\":\"es\",\"potentialAction\":[{\"@type\":\"ReadAction\",\"target\":[\"https:\/\/www.moriadesign.pl\/produkt\/hairpin-leg-n-13-2-10-l61-cm-2-prety-%cf%86-10-mm\/\"]}]},{\"@type\":\"BreadcrumbList\",\"@id\":\"https:\/\/www.moriadesign.pl\/produkt\/hairpin-leg-n-13-2-10-l61-cm-2-prety-%cf%86-10-mm\/#breadcrumb\",\"itemListElement\":[{\"@type\":\"ListItem\",\"position\":1,\"name\":\"Strona g\u0142\u00f3wna\",\"item\":\"https:\/\/www.moriadesign.pl\/\"},{\"@type\":\"ListItem\",\"position\":2,\"name\":\"Sklep\",\"item\":\"https:\/\/www.moriadesign.pl\/sklep\/\"},{\"@type\":\"ListItem\",\"position\":3,\"name\":\"Hairpin leg N-13.2.10 [l=61 cm, 2 pr\u0119ty \u03a6 10 mm]\"}]},{\"@type\":\"WebSite\",\"@id\":\"https:\/\/www.moriadesign.pl\/#website\",\"url\":\"https:\/\/www.moriadesign.pl\/\",\"name\":\"MORIA DESIGN\",\"description\":\"okucia do mebli, domu i ogrodu\",\"potentialAction\":[{\"@type\":\"SearchAction\",\"target\":{\"@type\":\"EntryPoint\",\"urlTemplate\":\"https:\/\/www.moriadesign.pl\/?s={search_term_string}\"},\"query-input\":\"required name=search_term_string\"}],\"inLanguage\":\"es\"}]}<\/script>\n<!-- \/ Yoast SEO plugin. -->","yoast_head_json":{"title":"Hairpin leg N-13.2.10 [l=61 cm, 2 pr\u0119ty \u03a6 10 mm] - MORIA DESIGN","description":"Oferujemy wyprodukowane w Polsce nogi hairpin legs w najkorzystniejszym stosunku jako\u015bci do ceny. B\u0142yskawiczna dostawa. Standardowe rozmiary od 10 do 95 cm.","robots":{"index":"index","follow":"follow","max-snippet":"max-snippet:-1","max-image-preview":"max-image-preview:large","max-video-preview":"max-video-preview:-1"},"canonical":"https:\/\/www.moriadesign.pl\/es\/product-2\/hairpin-leg-n-13-2-10-l61-cm-2-prety-\u03c6-10-mm\/?wmc-currency=EUR","og_locale":"es_ES","og_type":"article","og_title":"Hairpin leg N-13.2.10 [l=61 cm, 2 pr\u0119ty \u03a6 10 mm] - MORIA DESIGN","og_description":"Oferujemy wyprodukowane w Polsce nogi hairpin legs w najkorzystniejszym stosunku jako\u015bci do ceny. B\u0142yskawiczna dostawa. Standardowe rozmiary od 10 do 95 cm.","og_url":"https:\/\/www.moriadesign.pl\/es\/product-2\/hairpin-leg-n-13-2-10-l61-cm-2-prety-\u03c6-10-mm\/?wmc-currency=EUR","og_site_name":"MORIA DESIGN","article_modified_time":"2026-02-02T21:12:06+00:00","og_image":[{"width":1600,"height":1600,"url":"https:\/\/www.moriadesign.pl\/wp-content\/uploads\/2023\/02\/N-13.2.10.m_8-dizajnerskie-nogi-metalowe-hairpin-legs-w-roznych-kolorach.png","type":"image\/png"}],"twitter_card":"summary_large_image","schema":{"@context":"https:\/\/schema.org","@graph":[{"@type":"WebPage","@id":"https:\/\/www.moriadesign.pl\/produkt\/hairpin-leg-n-13-2-10-l61-cm-2-prety-%cf%86-10-mm\/","url":"https:\/\/www.moriadesign.pl\/produkt\/hairpin-leg-n-13-2-10-l61-cm-2-prety-%cf%86-10-mm\/","name":"Hairpin leg N-13.2.10 [l=61 cm, 2 pr\u0119ty \u03a6 10 mm] - MORIA DESIGN","isPartOf":{"@id":"https:\/\/www.moriadesign.pl\/#website"},"datePublished":"2023-02-21T14:09:49+00:00","dateModified":"2026-02-02T21:12:06+00:00","description":"Oferujemy wyprodukowane w Polsce nogi hairpin legs w najkorzystniejszym stosunku jako\u015bci do ceny. B\u0142yskawiczna dostawa. Standardowe rozmiary od 10 do 95 cm.","breadcrumb":{"@id":"https:\/\/www.moriadesign.pl\/produkt\/hairpin-leg-n-13-2-10-l61-cm-2-prety-%cf%86-10-mm\/#breadcrumb"},"inLanguage":"es","potentialAction":[{"@type":"ReadAction","target":["https:\/\/www.moriadesign.pl\/produkt\/hairpin-leg-n-13-2-10-l61-cm-2-prety-%cf%86-10-mm\/"]}]},{"@type":"BreadcrumbList","@id":"https:\/\/www.moriadesign.pl\/produkt\/hairpin-leg-n-13-2-10-l61-cm-2-prety-%cf%86-10-mm\/#breadcrumb","itemListElement":[{"@type":"ListItem","position":1,"name":"Strona g\u0142\u00f3wna","item":"https:\/\/www.moriadesign.pl\/"},{"@type":"ListItem","position":2,"name":"Sklep","item":"https:\/\/www.moriadesign.pl\/sklep\/"},{"@type":"ListItem","position":3,"name":"Hairpin leg N-13.2.10 [l=61 cm, 2 pr\u0119ty \u03a6 10 mm]"}]},{"@type":"WebSite","@id":"https:\/\/www.moriadesign.pl\/#website","url":"https:\/\/www.moriadesign.pl\/","name":"MORIA DESIGN","description":"okucia do mebli, domu i ogrodu","potentialAction":[{"@type":"SearchAction","target":{"@type":"EntryPoint","urlTemplate":"https:\/\/www.moriadesign.pl\/?s={search_term_string}"},"query-input":"required name=search_term_string"}],"inLanguage":"es"}]}},"_links":{"self":[{"href":"https:\/\/www.moriadesign.pl\/es\/wp-json\/wp\/v2\/product\/2269"}],"collection":[{"href":"https:\/\/www.moriadesign.pl\/es\/wp-json\/wp\/v2\/product"}],"about":[{"href":"https:\/\/www.moriadesign.pl\/es\/wp-json\/wp\/v2\/types\/product"}],"wp:featuredmedia":[{"embeddable":true,"href":"https:\/\/www.moriadesign.pl\/es\/wp-json\/wp\/v2\/media\/2215"}],"wp:attachment":[{"href":"https:\/\/www.moriadesign.pl\/es\/wp-json\/wp\/v2\/media?parent=2269"}],"wp:term":[{"taxonomy":"product_cat","embeddable":true,"href":"https:\/\/www.moriadesign.pl\/es\/wp-json\/wp\/v2\/product_cat?post=2269"},{"taxonomy":"product_tag","embeddable":true,"href":"https:\/\/www.moriadesign.pl\/es\/wp-json\/wp\/v2\/product_tag?post=2269"}],"curies":[{"name":"wp","href":"https:\/\/api.w.org\/{rel}","templated":true}]}}