{"id":1781,"date":"2023-01-02T17:59:33","date_gmt":"2023-01-02T16:59:33","guid":{"rendered":"https:\/\/www.moriadesign.pl\/?post_type=product&#038;p=1781"},"modified":"2023-01-13T21:34:38","modified_gmt":"2023-01-13T20:34:38","slug":"stojak-choinkowy-s-02","status":"publish","type":"product","link":"https:\/\/www.moriadesign.pl\/es\/product-2\/soporte-para-arbol-de-navidad-s-02\/","title":{"rendered":"Soporte para \u00e1rbol de Navidad S-02"},"content":{"rendered":"<h2>Caracter\u00edsticas y ventajas:<\/h2>\n<ul>\n<li>bebedero de acero integrado con v\u00e1stago para estabilizar el tronco &gt; <strong>pr\u00e1ctico;<\/strong><\/li>\n<li>de acero de alta calidad &gt; <b>eterno;<\/b><\/li>\n<li>almohadillas protectoras de fieltro utilizadas &gt; <b>funcional;<\/b><\/li>\n<li>m\u00e9todo de instalaci\u00f3n - apriete de tres tornillos &gt; <b>equipado;<\/b><\/li>\n<li>pomos de rosca decorativos &gt; <b>est\u00e9ticamente agradable;<\/b><\/li>\n<li>Pintado con pintura en polvo de color dorado: mucho m\u00e1s resistente a los da\u00f1os que los revestimientos de pintura en aerosol, las pinturas en polvo son completamente seguras para las personas y el medio ambiente &gt;\u00a0<b>duradero y elegantemente acabado;<\/b><\/li>\n<li>Dimensiones: espesor de la chapa - 3 mm, \u03a6 agujero del tronco - 8 cm &gt;. <b>robusto;<\/b><\/li>\n<li>Dimensiones m\u00e1ximas: anchura - 59 cm, longitud - 69 cm, altura - 26 cm, peso - 3,00 kg &gt; <b>estable.<\/b><\/li>\n<\/ul>\n<h2>Aplicaci\u00f3n:<\/h2>\n<ul>\n<li>para un \u00e1rbol de Navidad natural con diferentes di\u00e1metros de tronco.<\/li>\n<\/ul>","protected":false},"excerpt":{"rendered":"<p>Cechy i zalety: wkomponowana stalowa miska na wod\u0119 z trzpieniem stabilizuj\u0105cym pie\u0144 &gt; praktyczny; wykonany z wysokiej gatunkowo stali &gt; wieczny; zastosowane filcowe podk\u0142adki ochronne &gt; funkcjonalny; spos\u00f3b monta\u017cu &#8211; dokr\u0119cenie trzech \u015brub &gt; dopasowany; ozdobne pokr\u0119t\u0142a \u015brub &gt; estetyczny; pomalowany farb\u0105 proszkow\u0105 w kolorze z\u0142otym &#8211; zdecydowanie wy\u017csza odporno\u015b\u0107 na uszkodzenia od pow\u0142ok farb&#8230;<\/p>","protected":false},"featured_media":1771,"template":"","meta":{"inline_featured_image":false},"product_cat":[36],"product_tag":[],"acf":[],"yoast_head":"<!-- This site is optimized with the Yoast SEO plugin v20.2 - https:\/\/yoast.com\/wordpress\/plugins\/seo\/ -->\n<title>Stojak choinkowy S-02 - MORIA DESIGN<\/title>\n<meta name=\"robots\" content=\"index, follow, max-snippet:-1, max-image-preview:large, max-video-preview:-1\" \/>\n<link rel=\"canonical\" href=\"https:\/\/www.moriadesign.pl\/es\/product-2\/soporte-para-arbol-de-navidad-s-02\/?wmc-currency=EUR\" \/>\n<meta property=\"og:locale\" content=\"es_ES\" \/>\n<meta property=\"og:type\" content=\"article\" \/>\n<meta property=\"og:title\" content=\"Stojak choinkowy S-02 - MORIA DESIGN\" \/>\n<meta property=\"og:description\" content=\"Cechy i zalety: wkomponowana stalowa miska na wod\u0119 z trzpieniem stabilizuj\u0105cym pie\u0144 &gt; praktyczny; wykonany z wysokiej gatunkowo stali &gt; wieczny; zastosowane filcowe podk\u0142adki ochronne &gt; funkcjonalny; spos\u00f3b monta\u017cu &#8211; dokr\u0119cenie trzech \u015brub &gt; dopasowany; ozdobne pokr\u0119t\u0142a \u015brub &gt; estetyczny; pomalowany farb\u0105 proszkow\u0105 w kolorze z\u0142otym &#8211; zdecydowanie wy\u017csza odporno\u015b\u0107 na uszkodzenia od pow\u0142ok farb...\" \/>\n<meta property=\"og:url\" content=\"https:\/\/www.moriadesign.pl\/es\/product-2\/soporte-para-arbol-de-navidad-s-02\/?wmc-currency=EUR\" \/>\n<meta property=\"og:site_name\" content=\"MORIA DESIGN\" \/>\n<meta property=\"article:modified_time\" content=\"2023-01-13T20:34:38+00:00\" \/>\n<meta property=\"og:image\" content=\"https:\/\/www.moriadesign.pl\/wp-content\/uploads\/2023\/01\/S-02.g_1.png\" \/>\n\t<meta property=\"og:image:width\" content=\"1600\" \/>\n\t<meta property=\"og:image:height\" content=\"1600\" \/>\n\t<meta property=\"og:image:type\" content=\"image\/png\" \/>\n<meta name=\"twitter:card\" content=\"summary_large_image\" \/>\n<meta name=\"twitter:label1\" content=\"Tiempo de lectura\" \/>\n\t<meta name=\"twitter:data1\" content=\"1 minuto\" \/>\n<script type=\"application\/ld+json\" class=\"yoast-schema-graph\">{\"@context\":\"https:\/\/schema.org\",\"@graph\":[{\"@type\":\"WebPage\",\"@id\":\"https:\/\/www.moriadesign.pl\/produkt\/stojak-choinkowy-s-02\/\",\"url\":\"https:\/\/www.moriadesign.pl\/produkt\/stojak-choinkowy-s-02\/\",\"name\":\"Stojak choinkowy S-02 - MORIA DESIGN\",\"isPartOf\":{\"@id\":\"https:\/\/www.moriadesign.pl\/#website\"},\"datePublished\":\"2023-01-02T16:59:33+00:00\",\"dateModified\":\"2023-01-13T20:34:38+00:00\",\"breadcrumb\":{\"@id\":\"https:\/\/www.moriadesign.pl\/produkt\/stojak-choinkowy-s-02\/#breadcrumb\"},\"inLanguage\":\"es\",\"potentialAction\":[{\"@type\":\"ReadAction\",\"target\":[\"https:\/\/www.moriadesign.pl\/produkt\/stojak-choinkowy-s-02\/\"]}]},{\"@type\":\"BreadcrumbList\",\"@id\":\"https:\/\/www.moriadesign.pl\/produkt\/stojak-choinkowy-s-02\/#breadcrumb\",\"itemListElement\":[{\"@type\":\"ListItem\",\"position\":1,\"name\":\"Strona g\u0142\u00f3wna\",\"item\":\"https:\/\/www.moriadesign.pl\/\"},{\"@type\":\"ListItem\",\"position\":2,\"name\":\"Sklep\",\"item\":\"https:\/\/www.moriadesign.pl\/sklep\/\"},{\"@type\":\"ListItem\",\"position\":3,\"name\":\"Stojak choinkowy S-02\"}]},{\"@type\":\"WebSite\",\"@id\":\"https:\/\/www.moriadesign.pl\/#website\",\"url\":\"https:\/\/www.moriadesign.pl\/\",\"name\":\"MORIA DESIGN\",\"description\":\"okucia do mebli, domu i ogrodu\",\"potentialAction\":[{\"@type\":\"SearchAction\",\"target\":{\"@type\":\"EntryPoint\",\"urlTemplate\":\"https:\/\/www.moriadesign.pl\/?s={search_term_string}\"},\"query-input\":\"required name=search_term_string\"}],\"inLanguage\":\"es\"}]}<\/script>\n<!-- \/ Yoast SEO plugin. -->","yoast_head_json":{"title":"Stojak choinkowy S-02 - MORIA DESIGN","robots":{"index":"index","follow":"follow","max-snippet":"max-snippet:-1","max-image-preview":"max-image-preview:large","max-video-preview":"max-video-preview:-1"},"canonical":"https:\/\/www.moriadesign.pl\/es\/product-2\/soporte-para-arbol-de-navidad-s-02\/?wmc-currency=EUR","og_locale":"es_ES","og_type":"article","og_title":"Stojak choinkowy S-02 - MORIA DESIGN","og_description":"Cechy i zalety: wkomponowana stalowa miska na wod\u0119 z trzpieniem stabilizuj\u0105cym pie\u0144 &gt; praktyczny; wykonany z wysokiej gatunkowo stali &gt; wieczny; zastosowane filcowe podk\u0142adki ochronne &gt; funkcjonalny; spos\u00f3b monta\u017cu &#8211; dokr\u0119cenie trzech \u015brub &gt; dopasowany; ozdobne pokr\u0119t\u0142a \u015brub &gt; estetyczny; pomalowany farb\u0105 proszkow\u0105 w kolorze z\u0142otym &#8211; zdecydowanie wy\u017csza odporno\u015b\u0107 na uszkodzenia od pow\u0142ok farb...","og_url":"https:\/\/www.moriadesign.pl\/es\/product-2\/soporte-para-arbol-de-navidad-s-02\/?wmc-currency=EUR","og_site_name":"MORIA DESIGN","article_modified_time":"2023-01-13T20:34:38+00:00","og_image":[{"width":1600,"height":1600,"url":"https:\/\/www.moriadesign.pl\/wp-content\/uploads\/2023\/01\/S-02.g_1.png","type":"image\/png"}],"twitter_card":"summary_large_image","twitter_misc":{"Tiempo de lectura":"1 minuto"},"schema":{"@context":"https:\/\/schema.org","@graph":[{"@type":"WebPage","@id":"https:\/\/www.moriadesign.pl\/produkt\/stojak-choinkowy-s-02\/","url":"https:\/\/www.moriadesign.pl\/produkt\/stojak-choinkowy-s-02\/","name":"Stojak choinkowy S-02 - MORIA DESIGN","isPartOf":{"@id":"https:\/\/www.moriadesign.pl\/#website"},"datePublished":"2023-01-02T16:59:33+00:00","dateModified":"2023-01-13T20:34:38+00:00","breadcrumb":{"@id":"https:\/\/www.moriadesign.pl\/produkt\/stojak-choinkowy-s-02\/#breadcrumb"},"inLanguage":"es","potentialAction":[{"@type":"ReadAction","target":["https:\/\/www.moriadesign.pl\/produkt\/stojak-choinkowy-s-02\/"]}]},{"@type":"BreadcrumbList","@id":"https:\/\/www.moriadesign.pl\/produkt\/stojak-choinkowy-s-02\/#breadcrumb","itemListElement":[{"@type":"ListItem","position":1,"name":"Strona g\u0142\u00f3wna","item":"https:\/\/www.moriadesign.pl\/"},{"@type":"ListItem","position":2,"name":"Sklep","item":"https:\/\/www.moriadesign.pl\/sklep\/"},{"@type":"ListItem","position":3,"name":"Stojak choinkowy S-02"}]},{"@type":"WebSite","@id":"https:\/\/www.moriadesign.pl\/#website","url":"https:\/\/www.moriadesign.pl\/","name":"MORIA DESIGN","description":"okucia do mebli, domu i ogrodu","potentialAction":[{"@type":"SearchAction","target":{"@type":"EntryPoint","urlTemplate":"https:\/\/www.moriadesign.pl\/?s={search_term_string}"},"query-input":"required name=search_term_string"}],"inLanguage":"es"}]}},"_links":{"self":[{"href":"https:\/\/www.moriadesign.pl\/es\/wp-json\/wp\/v2\/product\/1781"}],"collection":[{"href":"https:\/\/www.moriadesign.pl\/es\/wp-json\/wp\/v2\/product"}],"about":[{"href":"https:\/\/www.moriadesign.pl\/es\/wp-json\/wp\/v2\/types\/product"}],"wp:featuredmedia":[{"embeddable":true,"href":"https:\/\/www.moriadesign.pl\/es\/wp-json\/wp\/v2\/media\/1771"}],"wp:attachment":[{"href":"https:\/\/www.moriadesign.pl\/es\/wp-json\/wp\/v2\/media?parent=1781"}],"wp:term":[{"taxonomy":"product_cat","embeddable":true,"href":"https:\/\/www.moriadesign.pl\/es\/wp-json\/wp\/v2\/product_cat?post=1781"},{"taxonomy":"product_tag","embeddable":true,"href":"https:\/\/www.moriadesign.pl\/es\/wp-json\/wp\/v2\/product_tag?post=1781"}],"curies":[{"name":"wp","href":"https:\/\/api.w.org\/{rel}","templated":true}]}}