{"id":1751,"date":"2023-01-02T14:27:27","date_gmt":"2023-01-02T13:27:27","guid":{"rendered":"https:\/\/www.moriadesign.pl\/?post_type=product&#038;p=1751"},"modified":"2026-04-03T11:05:46","modified_gmt":"2026-04-03T09:05:46","slug":"stojak-rowerowy-retro-b-06-60-o-l60-cm","status":"publish","type":"product","link":"https:\/\/www.moriadesign.pl\/es\/product-2\/stojak-rowerowy-retro-b-06-60-o-l60-cm\/","title":{"rendered":"Aparcabicicletas retro B-06.60.o [l=60 cm]"},"content":{"rendered":"<h2>Caracter\u00edsticas y ventajas:<\/h2>\n<ul>\n<li>de acero (tubo + chapa con logotipo + herrajes de fundici\u00f3n) &gt;\u00a0<b>perpetua<\/b>;<\/li>\n<li>zastosowana \u017celiwna kula ozdobna oraz\u00a0ozdobne opaski \u017celiwne &gt;\u00a0<b>decoraci\u00f3n cl\u00e1sica<\/b>;<\/li>\n<li>m\u00e9todo de instalaci\u00f3n - hormigonado (30 cm de tuber\u00eda se extienden por debajo de las bandas) &gt;\u00a0<b>f\u00e1cil de instalar<\/b>;<\/li>\n<li>*Galvanizado y recubierto de polvo en negro mate (brillo cero, estructura fina) - mucho m\u00e1s resistente a los da\u00f1os que los recubrimientos de pintura en aerosol, las pinturas en polvo son completamente seguras para las personas y el medio ambiente &gt;. <b>duradero y elegantemente acabado;<\/b><\/li>\n<li>wymiary: wysoko\u015b\u0107 &#8211; 100 cm + 30 cm do zabetonowania, d\u0142ugo\u015b\u0107 &#8211; 60 cm, grubo\u015b\u0107 blachy &#8211; 2 mm, \u03a6 rury &#8211; 60,3 mm &gt;<b>\u00a0muy s\u00f3lido<\/b>;<\/li>\n<li>hecho a m\u00e1quina &gt;\u00a0<b>repetitivo<\/b>.<\/li>\n<\/ul>\n<p>*Tambi\u00e9n est\u00e1 disponible la versi\u00f3n s\u00f3lo con recubrimiento en polvo.<\/p>\n<h2>Aplicaci\u00f3n:<\/h2>\n<ul>\n<li>El dise\u00f1o del soporte permite asegurar tanto el cuadro como la rueda de la bicicleta con un cable de seguridad. Tambi\u00e9n funciona bien para aparcar patinetes.<\/li>\n<\/ul>\n<details>\n<summary style=\"cursor: pointer;\">Seguir leyendo<\/summary>\n<h2>Stojak rowerowy B-06.60.o \u2013 retro design i solidno\u015b\u0107<\/h2>\n<p><strong>Stojak rowerowy retro B-06.60.o<\/strong> o wysoko\u015bci 100 cm to idealne rozwi\u0105zanie dla mi\u0142o\u015bnik\u00f3w klasycznego stylu i wysokiej jako\u015bci premium. Wykonany z atestowanej stali, \u0142\u0105czy w sobie funkcjonalno\u015b\u0107 z estetyk\u0105. Do produkcji stojaka u\u017cyto solidnych rur, blachy z wyci\u0119tym logo roweru oraz \u017celiwnych oku\u0107, co zapewnia nie tylko trwa\u0142o\u015b\u0107, ale tak\u017ce gwarantuje, \u017ce stanie si\u0119 on ozdob\u0105 ka\u017cdego miejsca, w kt\u00f3rym zostanie zainstalowany.<\/p>\n<p>Masywny \u017celiwny grot w kszta\u0142cie kuli wraz z dwiema zdobionymi opaskami u podstawy stojaka, dodaj\u0105 klasycznego wdzi\u0119ku, podkre\u015blaj\u0105c styl retro stojaka. Monta\u017c jest prosty i wygodny dzi\u0119ki 30-centymetrowej rurze, kt\u00f3ra wystaje poni\u017cej opasek, umo\u017cliwiaj\u0105c \u0142atwe zabetonowanie. To zapewnia stabilno\u015b\u0107 i trwa\u0142o\u015b\u0107, niezale\u017cnie od warunk\u00f3w zewn\u0119trznych.<br \/>\nElementy stalowe stojaka zosta\u0142y ocynkowane i pokryte farb\u0105 proszkow\u0105 w kolorze czarny mat. To wyko\u0144czenie nie tylko dodaje mu elegancji, ale przede wszystkim zapewnia wyj\u0105tkow\u0105 odporno\u015b\u0107 na uszkodzenia. Pow\u0142oki proszkowe s\u0105 bezpieczne dla \u015brodowiska i ludzi, co gwarantuje zachowanie wysokiej jako\u015bci stojaka przez wiele d\u0142ugich lat. Wymiary stojaka wynosz\u0105: wysoko\u015b\u0107 &#8211; 100 cm plus 30 cm do zabetonowania, d\u0142ugo\u015b\u0107 &#8211; 60 cm. Stojak zosta\u0142 wykonany z solidnych materia\u0142\u00f3w: rury o \u015brednicy 60,3 mm i grubo\u015bci \u015bcianki 2,9 mm, blachy poprzecznej o grubo\u015bci 2 mm oraz masywnych oku\u0107 \u017celiwnych.<\/p>\n<p>Dost\u0119pny jest tak\u017ce wariant wy\u0142\u0105cznie malowany proszkowo, skierowany do u\u017cytkownik\u00f3w pozostawiaj\u0105cych rowery w zadaszonych miejscach. Konstrukcja stojaka rowerowego typ U pozwala na bezpieczne przypi\u0119cie zar\u00f3wno ramy, jak i ko\u0142a roweru za pomoc\u0105 linki zabezpieczaj\u0105cej, u-locka (niezale\u017cnie od rozmiaru roweru). Dodatkowo, stojak \u015bwietnie nadaje si\u0119 do parkowania hulajn\u00f3g.<br \/>\nJe\u015bli szukasz praktycznego i stylowego sposobu na parkowanie swojego roweru, <a href=\"\/es\/oferta\/portabicicletas\/?wmc-currency=EUR\">portabicicletas<\/a> de <a href=\"\/es\/?wmc-currency=EUR\">DISE\u00d1O MORIA<\/a> s\u0105 idealnym wyborem. Zainwestuj w produkt, kt\u00f3ry gwarantuje wygod\u0119, bezpiecze\u0144stwo oraz klasyczny design!<\/p>\n<\/details>","protected":false},"excerpt":{"rendered":"<p>Cechy i zalety: wykonany ze stali (rura + blacha z logo + okucia \u017celiwne) &gt;\u00a0wieczny; zastosowana \u017celiwna kula ozdobna oraz\u00a0ozdobne opaski \u017celiwne &gt;\u00a0klasycznie ozdobiony; spos\u00f3b monta\u017cu &#8211; zabetonowanie (30 cm rury wystaje poni\u017cej opasek) &gt;\u00a0\u0142atwy w monta\u017cu; *ocynkowany oraz pomalowany farb\u0105 proszkow\u0105 w kolorze czarny mat (zero po\u0142ysku, drobna struktura) \u2013 zdecydowanie wy\u017csza odporno\u015b\u0107 na&#8230;<\/p>","protected":false},"featured_media":1716,"template":"","meta":{"inline_featured_image":false},"product_cat":[35],"product_tag":[61,60,56,64,59,55,63,62,57,58],"acf":[],"yoast_head":"<!-- This site is optimized with the Yoast SEO plugin v20.2 - https:\/\/yoast.com\/wordpress\/plugins\/seo\/ -->\n<title>Stojak rowerowy retro B-06.60.o [l=60 cm] - MORIA DESIGN<\/title>\n<meta name=\"description\" content=\"Klasyczny stojak rowerowy z solidnej rury z \u017celiwnymi okuciami w stylu retro. Idealnie pasuje do zrewitalizowanych \u015br\u00f3dmiejskich przestrzeni. Szybka wysy\u0142ka\" \/>\n<meta name=\"robots\" content=\"index, follow, max-snippet:-1, max-image-preview:large, max-video-preview:-1\" \/>\n<link rel=\"canonical\" href=\"https:\/\/www.moriadesign.pl\/es\/product-2\/stojak-rowerowy-retro-b-06-60-o-l60-cm\/?wmc-currency=EUR\" \/>\n<meta property=\"og:locale\" content=\"es_ES\" \/>\n<meta property=\"og:type\" content=\"article\" \/>\n<meta property=\"og:title\" content=\"Stojak rowerowy retro B-06.60.o [l=60 cm] - MORIA DESIGN\" \/>\n<meta property=\"og:description\" content=\"Klasyczny stojak rowerowy z solidnej rury z \u017celiwnymi okuciami w stylu retro. Idealnie pasuje do zrewitalizowanych \u015br\u00f3dmiejskich przestrzeni. Szybka wysy\u0142ka\" \/>\n<meta property=\"og:url\" content=\"https:\/\/www.moriadesign.pl\/es\/product-2\/stojak-rowerowy-retro-b-06-60-o-l60-cm\/?wmc-currency=EUR\" \/>\n<meta property=\"og:site_name\" content=\"MORIA DESIGN\" \/>\n<meta property=\"article:modified_time\" content=\"2026-04-03T09:05:46+00:00\" \/>\n<meta property=\"og:image\" content=\"https:\/\/www.moriadesign.pl\/wp-content\/uploads\/2022\/12\/B-06.60.o_1-retro-stojak-rowerowy-z-zeliwnym-grotem.png\" \/>\n\t<meta property=\"og:image:width\" content=\"1600\" \/>\n\t<meta property=\"og:image:height\" content=\"1600\" \/>\n\t<meta property=\"og:image:type\" content=\"image\/png\" \/>\n<meta name=\"twitter:card\" content=\"summary_large_image\" \/>\n<meta name=\"twitter:label1\" content=\"Tiempo de lectura\" \/>\n\t<meta name=\"twitter:data1\" content=\"2 minutos\" \/>\n<script type=\"application\/ld+json\" class=\"yoast-schema-graph\">{\"@context\":\"https:\/\/schema.org\",\"@graph\":[{\"@type\":\"WebPage\",\"@id\":\"https:\/\/www.moriadesign.pl\/produkt\/stojak-rowerowy-retro-b-06-60-o-l60-cm\/\",\"url\":\"https:\/\/www.moriadesign.pl\/produkt\/stojak-rowerowy-retro-b-06-60-o-l60-cm\/\",\"name\":\"Stojak rowerowy retro B-06.60.o [l=60 cm] - MORIA DESIGN\",\"isPartOf\":{\"@id\":\"https:\/\/www.moriadesign.pl\/#website\"},\"datePublished\":\"2023-01-02T13:27:27+00:00\",\"dateModified\":\"2026-04-03T09:05:46+00:00\",\"description\":\"Klasyczny stojak rowerowy z solidnej rury z \u017celiwnymi okuciami w stylu retro. Idealnie pasuje do zrewitalizowanych \u015br\u00f3dmiejskich przestrzeni. Szybka wysy\u0142ka\",\"breadcrumb\":{\"@id\":\"https:\/\/www.moriadesign.pl\/produkt\/stojak-rowerowy-retro-b-06-60-o-l60-cm\/#breadcrumb\"},\"inLanguage\":\"es\",\"potentialAction\":[{\"@type\":\"ReadAction\",\"target\":[\"https:\/\/www.moriadesign.pl\/produkt\/stojak-rowerowy-retro-b-06-60-o-l60-cm\/\"]}]},{\"@type\":\"BreadcrumbList\",\"@id\":\"https:\/\/www.moriadesign.pl\/produkt\/stojak-rowerowy-retro-b-06-60-o-l60-cm\/#breadcrumb\",\"itemListElement\":[{\"@type\":\"ListItem\",\"position\":1,\"name\":\"Strona g\u0142\u00f3wna\",\"item\":\"https:\/\/www.moriadesign.pl\/\"},{\"@type\":\"ListItem\",\"position\":2,\"name\":\"Sklep\",\"item\":\"https:\/\/www.moriadesign.pl\/sklep\/\"},{\"@type\":\"ListItem\",\"position\":3,\"name\":\"Stojak rowerowy retro B-06.60.o [l=60 cm]\"}]},{\"@type\":\"WebSite\",\"@id\":\"https:\/\/www.moriadesign.pl\/#website\",\"url\":\"https:\/\/www.moriadesign.pl\/\",\"name\":\"MORIA DESIGN\",\"description\":\"okucia do mebli, domu i ogrodu\",\"potentialAction\":[{\"@type\":\"SearchAction\",\"target\":{\"@type\":\"EntryPoint\",\"urlTemplate\":\"https:\/\/www.moriadesign.pl\/?s={search_term_string}\"},\"query-input\":\"required name=search_term_string\"}],\"inLanguage\":\"es\"}]}<\/script>\n<!-- \/ Yoast SEO plugin. -->","yoast_head_json":{"title":"Stojak rowerowy retro B-06.60.o [l=60 cm] - MORIA DESIGN","description":"Klasyczny stojak rowerowy z solidnej rury z \u017celiwnymi okuciami w stylu retro. Idealnie pasuje do zrewitalizowanych \u015br\u00f3dmiejskich przestrzeni. Szybka wysy\u0142ka","robots":{"index":"index","follow":"follow","max-snippet":"max-snippet:-1","max-image-preview":"max-image-preview:large","max-video-preview":"max-video-preview:-1"},"canonical":"https:\/\/www.moriadesign.pl\/es\/product-2\/stojak-rowerowy-retro-b-06-60-o-l60-cm\/?wmc-currency=EUR","og_locale":"es_ES","og_type":"article","og_title":"Stojak rowerowy retro B-06.60.o [l=60 cm] - MORIA DESIGN","og_description":"Klasyczny stojak rowerowy z solidnej rury z \u017celiwnymi okuciami w stylu retro. Idealnie pasuje do zrewitalizowanych \u015br\u00f3dmiejskich przestrzeni. Szybka wysy\u0142ka","og_url":"https:\/\/www.moriadesign.pl\/es\/product-2\/stojak-rowerowy-retro-b-06-60-o-l60-cm\/?wmc-currency=EUR","og_site_name":"MORIA DESIGN","article_modified_time":"2026-04-03T09:05:46+00:00","og_image":[{"width":1600,"height":1600,"url":"https:\/\/www.moriadesign.pl\/wp-content\/uploads\/2022\/12\/B-06.60.o_1-retro-stojak-rowerowy-z-zeliwnym-grotem.png","type":"image\/png"}],"twitter_card":"summary_large_image","twitter_misc":{"Tiempo de lectura":"2 minutos"},"schema":{"@context":"https:\/\/schema.org","@graph":[{"@type":"WebPage","@id":"https:\/\/www.moriadesign.pl\/produkt\/stojak-rowerowy-retro-b-06-60-o-l60-cm\/","url":"https:\/\/www.moriadesign.pl\/produkt\/stojak-rowerowy-retro-b-06-60-o-l60-cm\/","name":"Stojak rowerowy retro B-06.60.o [l=60 cm] - MORIA DESIGN","isPartOf":{"@id":"https:\/\/www.moriadesign.pl\/#website"},"datePublished":"2023-01-02T13:27:27+00:00","dateModified":"2026-04-03T09:05:46+00:00","description":"Klasyczny stojak rowerowy z solidnej rury z \u017celiwnymi okuciami w stylu retro. Idealnie pasuje do zrewitalizowanych \u015br\u00f3dmiejskich przestrzeni. Szybka wysy\u0142ka","breadcrumb":{"@id":"https:\/\/www.moriadesign.pl\/produkt\/stojak-rowerowy-retro-b-06-60-o-l60-cm\/#breadcrumb"},"inLanguage":"es","potentialAction":[{"@type":"ReadAction","target":["https:\/\/www.moriadesign.pl\/produkt\/stojak-rowerowy-retro-b-06-60-o-l60-cm\/"]}]},{"@type":"BreadcrumbList","@id":"https:\/\/www.moriadesign.pl\/produkt\/stojak-rowerowy-retro-b-06-60-o-l60-cm\/#breadcrumb","itemListElement":[{"@type":"ListItem","position":1,"name":"Strona g\u0142\u00f3wna","item":"https:\/\/www.moriadesign.pl\/"},{"@type":"ListItem","position":2,"name":"Sklep","item":"https:\/\/www.moriadesign.pl\/sklep\/"},{"@type":"ListItem","position":3,"name":"Stojak rowerowy retro B-06.60.o [l=60 cm]"}]},{"@type":"WebSite","@id":"https:\/\/www.moriadesign.pl\/#website","url":"https:\/\/www.moriadesign.pl\/","name":"MORIA DESIGN","description":"okucia do mebli, domu i ogrodu","potentialAction":[{"@type":"SearchAction","target":{"@type":"EntryPoint","urlTemplate":"https:\/\/www.moriadesign.pl\/?s={search_term_string}"},"query-input":"required name=search_term_string"}],"inLanguage":"es"}]}},"_links":{"self":[{"href":"https:\/\/www.moriadesign.pl\/es\/wp-json\/wp\/v2\/product\/1751"}],"collection":[{"href":"https:\/\/www.moriadesign.pl\/es\/wp-json\/wp\/v2\/product"}],"about":[{"href":"https:\/\/www.moriadesign.pl\/es\/wp-json\/wp\/v2\/types\/product"}],"wp:featuredmedia":[{"embeddable":true,"href":"https:\/\/www.moriadesign.pl\/es\/wp-json\/wp\/v2\/media\/1716"}],"wp:attachment":[{"href":"https:\/\/www.moriadesign.pl\/es\/wp-json\/wp\/v2\/media?parent=1751"}],"wp:term":[{"taxonomy":"product_cat","embeddable":true,"href":"https:\/\/www.moriadesign.pl\/es\/wp-json\/wp\/v2\/product_cat?post=1751"},{"taxonomy":"product_tag","embeddable":true,"href":"https:\/\/www.moriadesign.pl\/es\/wp-json\/wp\/v2\/product_tag?post=1751"}],"curies":[{"name":"wp","href":"https:\/\/api.w.org\/{rel}","templated":true}]}}