{"id":1750,"date":"2023-01-02T14:24:19","date_gmt":"2023-01-02T13:24:19","guid":{"rendered":"https:\/\/www.moriadesign.pl\/?post_type=product&#038;p=1750"},"modified":"2026-04-03T11:06:51","modified_gmt":"2026-04-03T09:06:51","slug":"stojak-rowerowy-retro-b-06-60-k-l60-cm","status":"publish","type":"product","link":"https:\/\/www.moriadesign.pl\/es\/product-2\/stojak-rowerowy-retro-b-06-60-k-l60-cm\/","title":{"rendered":"Aparcabicicletas retro B-06.60.k [l=60 cm]"},"content":{"rendered":"<h2>Caracter\u00edsticas y ventajas:<\/h2>\n<ul>\n<li>de acero (tubo + chapa con logotipo + bola de fundici\u00f3n) &gt;\u00a0<b>perpetua<\/b>;<\/li>\n<li>bola decorativa de hierro fundido utilizada &gt;\u00a0<b>decoraci\u00f3n cl\u00e1sica<\/b>;<\/li>\n<li>M\u00e9todo de montaje - atornillado (orificio met\u00e1lico) &gt;\u00a0<b>f\u00e1cil de instalar<\/b>;<\/li>\n<li>*Galvanizado y recubierto de polvo en negro mate (brillo cero, estructura fina) - mucho m\u00e1s resistente a los da\u00f1os que los recubrimientos de pintura en aerosol, las pinturas en polvo son completamente seguras para las personas y el medio ambiente &gt;. <b>duradero y elegantemente acabado;<\/b><\/li>\n<li>wymiary: wysoko\u015b\u0107 &#8211; 100 cm, d\u0142ugo\u015b\u0107 &#8211; 60 cm, grubo\u015b\u0107 blachy &#8211; 2 mm, \u03a6 rury &#8211; 60,3 mm, grubo\u015b\u0107 kryzy &#8211; 4 mm &gt;<b>\u00a0muy s\u00f3lido<\/b>;<\/li>\n<li>hecho a m\u00e1quina &gt;\u00a0<b>repetitivo<\/b>.<\/li>\n<\/ul>\n<p>*Tambi\u00e9n est\u00e1 disponible la versi\u00f3n s\u00f3lo con recubrimiento en polvo.<\/p>\n<h2>Aplicaci\u00f3n:<\/h2>\n<ul>\n<li>El dise\u00f1o del soporte permite asegurar tanto el cuadro como la rueda de la bicicleta con un cable de seguridad. Tambi\u00e9n funciona bien para aparcar patinetes.<\/li>\n<\/ul>\n<details>\n<summary style=\"cursor: pointer;\">Seguir leyendo<\/summary>\n<h2><span lang=\"pl-PL\">Stojak rowerowy B-06.60.k \u2013 spos\u00f3b na subteln\u0105 ozdob\u0119 miejskiej przestrzeni<\/span><\/h2>\n<p><span lang=\"pl-PL\"><strong>Retro stojak rowerowy model B-06.60.k<\/strong> to sprawdzona i praktyczna dekoracja miejskiej przestrzeni. Ten dwustanowiskowy stojak, wykonany z solidnych materia\u0142\u00f3w, wyr\u00f3\u017cnia si\u0119 na tle innych dzi\u0119ki swojemu oryginalnemu, retro designowi. Doskonale pasuje do \u015br\u00f3dmiejskich obszar\u00f3w rewitalizacji, uatrakcyjniaj\u0105c je funkcjonalnie i wizualnie.<\/span><\/p>\n<p><span lang=\"pl-PL\">Original, decorativo <a href=\"https:\/\/www.moriadesign.pl\/es\/oferta\/portabicicletas\/?wmc-currency=EUR\">portabicicletas<\/a> MORIA DESIGN charakteryzuj\u0105 si\u0119 prostot\u0105, funkcjonalno\u015bci\u0105 oraz wysok\u0105 jako\u015bci\u0105 wykonania. Prezentowany model stojaka jest produkowany z solidnej metalowej rury o \u015brednicy 60,3 mm i grubo\u015bci \u015bcianki 2,9 mm oraz stalowej blachy o grubo\u015bci 2 mm, co zapewnia jego trwa\u0142o\u015b\u0107 i wysok\u0105 odporno\u015b\u0107 na uszkodzenia. Masywny, \u017celiwny grot w kszta\u0142cie kuli, subtelnie podkre\u015bla styl i elegancj\u0119 stojaka. Za stabilno\u015b\u0107 stojaka odpowiadaj\u0105 metalowe kryzy o grubo\u015bci 4-5 mm. Stojaki s\u0105 dost\u0119pne w wersji ocynkowanej i pomalowanej proszkowo, co gwarantuje ich wysok\u0105 odporno\u015b\u0107 na warunki atmosferyczne.<\/span><\/p>\n<p><span lang=\"pl-PL\"><strong>Miejski stojak do roweru B-06.60.k<\/strong> jest dedykowany przede wszystkim do miejskich klasycznych przestrzeni w stylu retro. Jego eleganckie i solidne wyko\u0144czenie sprawia, \u017ce stojak spe\u0142ni zar\u00f3wno swoj\u0105 podstawow\u0105 funkcj\u0119, jak i b\u0119dzie stanowi\u0107 atrakcyjny wizualnie miejski mebel. W stojaku zosta\u0142a estetycznie wspawana poprzeczna blacha z miejscem na logo. Stojak \u0142atwo zamontujesz przykr\u0119caj\u0105c grube, stalowe kryzy, wykorzystuj\u0105c ko\u0142ki rozporowe lub gwintowane szpilki i kotwy chemiczne np. do powierzchni betonu lub kostki brukowej.<\/span><\/p>\n<p><span lang=\"pl-PL\"><strong>Dekoracyjny retro design stojak\u00f3w rowerowych B-06.60.k<\/strong>\u00a0de <a href=\"\/es\/?wmc-currency=EUR\">DISE\u00d1O MORIA<\/a> sprawia, \u017ce s\u0105 one polecanym produktem dla infrastruktury miejskiej s\u0142u\u017c\u0105cej urz\u0105dzeniu praktycznych i stylowych parking\u00f3w rowerowych. \u0141atwe w monta\u017cu i wysoce odporne na korozj\u0119 oraz warunki atmosferyczne, prezentowane stojaki rowerowe s\u0105 gwarantowanym rozwi\u0105zaniem, kt\u00f3re b\u0119dzie s\u0142u\u017cy\u0107 i cieszy\u0107 przez d\u0142ugie lata. Polecamy zakup dekoracyjnych retro stojak\u00f3w rowerowych, kt\u00f3re wizualnie uatrakcyjni\u0105 miejsk\u0105 przestrze\u0144.<\/span><\/p>\n<\/details>","protected":false},"excerpt":{"rendered":"<p>Cechy i zalety: wykonany ze stali (rura + blacha z logo + kula \u017celiwna) &gt;\u00a0wieczny; zastosowana \u017celiwna kula ozdobna &gt;\u00a0klasycznie ozdobiony; spos\u00f3b monta\u017cu &#8211; przykr\u0119cenie (metalowa kryza) &gt;\u00a0\u0142atwy w monta\u017cu; *ocynkowany oraz pomalowany farb\u0105 proszkow\u0105 w kolorze czarny mat (zero po\u0142ysku, drobna struktura) \u2013 zdecydowanie wy\u017csza odporno\u015b\u0107 na uszkodzenia od pow\u0142ok farb natryskowych, farby proszkowe&#8230;<\/p>","protected":false},"featured_media":1714,"template":"","meta":{"inline_featured_image":false},"product_cat":[35],"product_tag":[61,60,56,65,66,55,63,62,57,58],"acf":[],"yoast_head":"<!-- This site is optimized with the Yoast SEO plugin v20.2 - https:\/\/yoast.com\/wordpress\/plugins\/seo\/ -->\n<title>Stojak rowerowy retro B-06.60.k [l=60 cm] - MORIA DESIGN<\/title>\n<meta name=\"description\" content=\"Klasyczny stojak rowerowy z solidnej rury z \u017celiwnym kulistym grotem. Idealnie pasuje do zrewitalizowanych \u015br\u00f3dmiejskich przestrzeni. Szybka wysy\u0142ka.\" \/>\n<meta name=\"robots\" content=\"index, follow, max-snippet:-1, max-image-preview:large, max-video-preview:-1\" \/>\n<link rel=\"canonical\" href=\"https:\/\/www.moriadesign.pl\/es\/product-2\/stojak-rowerowy-retro-b-06-60-k-l60-cm\/?wmc-currency=EUR\" \/>\n<meta property=\"og:locale\" content=\"es_ES\" \/>\n<meta property=\"og:type\" content=\"article\" \/>\n<meta property=\"og:title\" content=\"Stojak rowerowy retro B-06.60.k [l=60 cm] - MORIA DESIGN\" \/>\n<meta property=\"og:description\" content=\"Klasyczny stojak rowerowy z solidnej rury z \u017celiwnym kulistym grotem. Idealnie pasuje do zrewitalizowanych \u015br\u00f3dmiejskich przestrzeni. Szybka wysy\u0142ka.\" \/>\n<meta property=\"og:url\" content=\"https:\/\/www.moriadesign.pl\/es\/product-2\/stojak-rowerowy-retro-b-06-60-k-l60-cm\/?wmc-currency=EUR\" \/>\n<meta property=\"og:site_name\" content=\"MORIA DESIGN\" \/>\n<meta property=\"article:modified_time\" content=\"2026-04-03T09:06:51+00:00\" \/>\n<meta property=\"og:image\" content=\"https:\/\/www.moriadesign.pl\/wp-content\/uploads\/2022\/12\/B-06.60.k_1-stojak-na-rowery-z-zeliwna-kula.png\" \/>\n\t<meta property=\"og:image:width\" content=\"1600\" \/>\n\t<meta property=\"og:image:height\" content=\"1600\" \/>\n\t<meta property=\"og:image:type\" content=\"image\/png\" \/>\n<meta name=\"twitter:card\" content=\"summary_large_image\" \/>\n<meta name=\"twitter:label1\" content=\"Tiempo de lectura\" \/>\n\t<meta name=\"twitter:data1\" content=\"2 minutos\" \/>\n<script type=\"application\/ld+json\" class=\"yoast-schema-graph\">{\"@context\":\"https:\/\/schema.org\",\"@graph\":[{\"@type\":\"WebPage\",\"@id\":\"https:\/\/www.moriadesign.pl\/produkt\/stojak-rowerowy-retro-b-06-60-k-l60-cm\/\",\"url\":\"https:\/\/www.moriadesign.pl\/produkt\/stojak-rowerowy-retro-b-06-60-k-l60-cm\/\",\"name\":\"Stojak rowerowy retro B-06.60.k [l=60 cm] - MORIA DESIGN\",\"isPartOf\":{\"@id\":\"https:\/\/www.moriadesign.pl\/#website\"},\"datePublished\":\"2023-01-02T13:24:19+00:00\",\"dateModified\":\"2026-04-03T09:06:51+00:00\",\"description\":\"Klasyczny stojak rowerowy z solidnej rury z \u017celiwnym kulistym grotem. Idealnie pasuje do zrewitalizowanych \u015br\u00f3dmiejskich przestrzeni. Szybka wysy\u0142ka.\",\"breadcrumb\":{\"@id\":\"https:\/\/www.moriadesign.pl\/produkt\/stojak-rowerowy-retro-b-06-60-k-l60-cm\/#breadcrumb\"},\"inLanguage\":\"es\",\"potentialAction\":[{\"@type\":\"ReadAction\",\"target\":[\"https:\/\/www.moriadesign.pl\/produkt\/stojak-rowerowy-retro-b-06-60-k-l60-cm\/\"]}]},{\"@type\":\"BreadcrumbList\",\"@id\":\"https:\/\/www.moriadesign.pl\/produkt\/stojak-rowerowy-retro-b-06-60-k-l60-cm\/#breadcrumb\",\"itemListElement\":[{\"@type\":\"ListItem\",\"position\":1,\"name\":\"Strona g\u0142\u00f3wna\",\"item\":\"https:\/\/www.moriadesign.pl\/\"},{\"@type\":\"ListItem\",\"position\":2,\"name\":\"Sklep\",\"item\":\"https:\/\/www.moriadesign.pl\/sklep\/\"},{\"@type\":\"ListItem\",\"position\":3,\"name\":\"Stojak rowerowy retro B-06.60.k [l=60 cm]\"}]},{\"@type\":\"WebSite\",\"@id\":\"https:\/\/www.moriadesign.pl\/#website\",\"url\":\"https:\/\/www.moriadesign.pl\/\",\"name\":\"MORIA DESIGN\",\"description\":\"okucia do mebli, domu i ogrodu\",\"potentialAction\":[{\"@type\":\"SearchAction\",\"target\":{\"@type\":\"EntryPoint\",\"urlTemplate\":\"https:\/\/www.moriadesign.pl\/?s={search_term_string}\"},\"query-input\":\"required name=search_term_string\"}],\"inLanguage\":\"es\"}]}<\/script>\n<!-- \/ Yoast SEO plugin. -->","yoast_head_json":{"title":"Stojak rowerowy retro B-06.60.k [l=60 cm] - MORIA DESIGN","description":"Klasyczny stojak rowerowy z solidnej rury z \u017celiwnym kulistym grotem. Idealnie pasuje do zrewitalizowanych \u015br\u00f3dmiejskich przestrzeni. Szybka wysy\u0142ka.","robots":{"index":"index","follow":"follow","max-snippet":"max-snippet:-1","max-image-preview":"max-image-preview:large","max-video-preview":"max-video-preview:-1"},"canonical":"https:\/\/www.moriadesign.pl\/es\/product-2\/stojak-rowerowy-retro-b-06-60-k-l60-cm\/?wmc-currency=EUR","og_locale":"es_ES","og_type":"article","og_title":"Stojak rowerowy retro B-06.60.k [l=60 cm] - MORIA DESIGN","og_description":"Klasyczny stojak rowerowy z solidnej rury z \u017celiwnym kulistym grotem. Idealnie pasuje do zrewitalizowanych \u015br\u00f3dmiejskich przestrzeni. Szybka wysy\u0142ka.","og_url":"https:\/\/www.moriadesign.pl\/es\/product-2\/stojak-rowerowy-retro-b-06-60-k-l60-cm\/?wmc-currency=EUR","og_site_name":"MORIA DESIGN","article_modified_time":"2026-04-03T09:06:51+00:00","og_image":[{"width":1600,"height":1600,"url":"https:\/\/www.moriadesign.pl\/wp-content\/uploads\/2022\/12\/B-06.60.k_1-stojak-na-rowery-z-zeliwna-kula.png","type":"image\/png"}],"twitter_card":"summary_large_image","twitter_misc":{"Tiempo de lectura":"2 minutos"},"schema":{"@context":"https:\/\/schema.org","@graph":[{"@type":"WebPage","@id":"https:\/\/www.moriadesign.pl\/produkt\/stojak-rowerowy-retro-b-06-60-k-l60-cm\/","url":"https:\/\/www.moriadesign.pl\/produkt\/stojak-rowerowy-retro-b-06-60-k-l60-cm\/","name":"Stojak rowerowy retro B-06.60.k [l=60 cm] - MORIA DESIGN","isPartOf":{"@id":"https:\/\/www.moriadesign.pl\/#website"},"datePublished":"2023-01-02T13:24:19+00:00","dateModified":"2026-04-03T09:06:51+00:00","description":"Klasyczny stojak rowerowy z solidnej rury z \u017celiwnym kulistym grotem. Idealnie pasuje do zrewitalizowanych \u015br\u00f3dmiejskich przestrzeni. Szybka wysy\u0142ka.","breadcrumb":{"@id":"https:\/\/www.moriadesign.pl\/produkt\/stojak-rowerowy-retro-b-06-60-k-l60-cm\/#breadcrumb"},"inLanguage":"es","potentialAction":[{"@type":"ReadAction","target":["https:\/\/www.moriadesign.pl\/produkt\/stojak-rowerowy-retro-b-06-60-k-l60-cm\/"]}]},{"@type":"BreadcrumbList","@id":"https:\/\/www.moriadesign.pl\/produkt\/stojak-rowerowy-retro-b-06-60-k-l60-cm\/#breadcrumb","itemListElement":[{"@type":"ListItem","position":1,"name":"Strona g\u0142\u00f3wna","item":"https:\/\/www.moriadesign.pl\/"},{"@type":"ListItem","position":2,"name":"Sklep","item":"https:\/\/www.moriadesign.pl\/sklep\/"},{"@type":"ListItem","position":3,"name":"Stojak rowerowy retro B-06.60.k [l=60 cm]"}]},{"@type":"WebSite","@id":"https:\/\/www.moriadesign.pl\/#website","url":"https:\/\/www.moriadesign.pl\/","name":"MORIA DESIGN","description":"okucia do mebli, domu i ogrodu","potentialAction":[{"@type":"SearchAction","target":{"@type":"EntryPoint","urlTemplate":"https:\/\/www.moriadesign.pl\/?s={search_term_string}"},"query-input":"required name=search_term_string"}],"inLanguage":"es"}]}},"_links":{"self":[{"href":"https:\/\/www.moriadesign.pl\/es\/wp-json\/wp\/v2\/product\/1750"}],"collection":[{"href":"https:\/\/www.moriadesign.pl\/es\/wp-json\/wp\/v2\/product"}],"about":[{"href":"https:\/\/www.moriadesign.pl\/es\/wp-json\/wp\/v2\/types\/product"}],"wp:featuredmedia":[{"embeddable":true,"href":"https:\/\/www.moriadesign.pl\/es\/wp-json\/wp\/v2\/media\/1714"}],"wp:attachment":[{"href":"https:\/\/www.moriadesign.pl\/es\/wp-json\/wp\/v2\/media?parent=1750"}],"wp:term":[{"taxonomy":"product_cat","embeddable":true,"href":"https:\/\/www.moriadesign.pl\/es\/wp-json\/wp\/v2\/product_cat?post=1750"},{"taxonomy":"product_tag","embeddable":true,"href":"https:\/\/www.moriadesign.pl\/es\/wp-json\/wp\/v2\/product_tag?post=1750"}],"curies":[{"name":"wp","href":"https:\/\/api.w.org\/{rel}","templated":true}]}}