{"id":1748,"date":"2023-01-02T14:18:27","date_gmt":"2023-01-02T13:18:27","guid":{"rendered":"https:\/\/www.moriadesign.pl\/?post_type=product&#038;p=1748"},"modified":"2026-04-03T11:09:22","modified_gmt":"2026-04-03T09:09:22","slug":"stojak-rowerowy-retro-b-05-60-o-l60-cm","status":"publish","type":"product","link":"https:\/\/www.moriadesign.pl\/es\/product-2\/stojak-rowerowy-retro-b-05-60-o-l60-cm\/","title":{"rendered":"Aparcabicicletas retro B-05.60.o [l=60 cm]"},"content":{"rendered":"<h2>Caracter\u00edsticas y ventajas:<\/h2>\n<ul>\n<li>wykonany ze stali (rura + okucia \u017celiwne) &gt;\u00a0<b>perpetua<\/b>;<\/li>\n<li>zastosowana \u017celiwna kula ozdobna oraz\u00a0ozdobne opaski \u017celiwne &gt;\u00a0<b>decoraci\u00f3n cl\u00e1sica<\/b>;<\/li>\n<li>m\u00e9todo de instalaci\u00f3n - hormigonado (30 cm de tuber\u00eda se extienden por debajo de las bandas) &gt;\u00a0<b>f\u00e1cil de instalar<\/b>;<\/li>\n<li>*Galvanizado y recubierto de polvo en negro mate (brillo cero, estructura fina) - mucho m\u00e1s resistente a los da\u00f1os que los recubrimientos de pintura en aerosol, las pinturas en polvo son completamente seguras para las personas y el medio ambiente &gt;. <b>duradero y elegantemente acabado;<\/b><\/li>\n<li>dimensiones: altura - 100 cm + 30 cm para hormigonado, longitud - 60 cm, \u03a6 tubo - 60,3 mm &gt;<b>\u00a0muy s\u00f3lido<\/b>;<\/li>\n<li>hecho a m\u00e1quina &gt;\u00a0<b>repetitivo<\/b>.<\/li>\n<\/ul>\n<p>*Tambi\u00e9n est\u00e1 disponible la versi\u00f3n s\u00f3lo con recubrimiento en polvo.<\/p>\n<h2>Aplicaci\u00f3n:<\/h2>\n<ul>\n<li>El dise\u00f1o del soporte permite asegurar tanto el cuadro como la rueda de la bicicleta con un cable de seguridad. Tambi\u00e9n funciona bien para aparcar patinetes.<\/li>\n<\/ul>\n<details>\n<summary style=\"cursor: pointer;\">Seguir leyendo<\/summary>\n<h2><span lang=\"pl-PL\">Stojak rowerowy B-05.60.o \u2013 oryginalna dekoracja w stylu retro<\/span><\/h2>\n<p><span lang=\"pl-PL\"><strong>Dekoracyjne retro stojaki rowerowe model B-05.60.o<\/strong>, kt\u00f3re oferuje firma MORIA DESIGN to sprawdzone rozwi\u0105zanie do miejskich przestrzeni, kt\u00f3re potrzebuj\u0105 praktycznych i stylowych miejsc do parkowania rower\u00f3w i hulajn\u00f3g. Te dwustanowiskowe stojaki, wykonane z solidnych materia\u0142\u00f3w, wyr\u00f3\u017cniaj\u0105 si\u0119 na tle innych dzi\u0119ki swojemu klasycznemu, retro designowi. Idealnie nadaj\u0105 si\u0119 do obszar\u00f3w rewitalizacji, wzbogacaj\u0105c je o subteln\u0105 elegancj\u0119 i funkcjonalno\u015b\u0107.<\/span><\/p>\n<p><span lang=\"pl-PL\">Elegante <a href=\"https:\/\/www.moriadesign.pl\/es\/oferta\/portabicicletas\/?wmc-currency=EUR\">portabicicletas<\/a> MORIA DESIGN to przede wszystkim wysoka jako\u015b\u0107 wykonania. Oferowany stojak rowerowy jest produkowany z solidnej metalowej rury o \u015brednicy 60,3 mm i grubo\u015bci \u015bcianki 2,9 mm co zapewnia jego trwa\u0142o\u015b\u0107 i odporno\u015b\u0107 na uszkodzenia. Masywny, odlany z \u017celiwa, kulisty grot wraz z \u017celiwnymi, ci\u0119\u017ckimi opaskami podkre\u015blaj\u0105 masywno\u015b\u0107 i elegancj\u0119 stojaka. Stojaki s\u0105 dost\u0119pne w wersji ocynkowanej oraz pomalowanej proszkowo, dzi\u0119ki czemu s\u0105 one bardzo odporne na warunki atmosferyczne.<\/span><\/p>\n<p><span lang=\"pl-PL\"><strong>Stojaki retro model B-05.60.o<\/strong> doskonale komponuj\u0105 si\u0119 z miejskimi przestrzeniami w stylu klasycznym oraz retro. Eleganckie, solidne materia\u0142y i estetyka wykonania sprawiaj\u0105, \u017ce stojaki te nie tylko spe\u0142niaj\u0105 swoj\u0105 podstawow\u0105 funkcj\u0119, ale przede wszystkim s\u0105 dekoracyjnym elementem krajobrazu miejskiego. Stojak \u0142atwo zamontujesz betonuj\u0105c dedykowane 30 cm rury pod powierzchni\u0105 posadzki.<\/span><\/p>\n<p><span lang=\"pl-PL\"><strong>Solidne stojaki rowerowe B-05.60.o<\/strong>\u00a0de <a href=\"\/es\/?wmc-currency=EUR\">DISE\u00d1O MORIA<\/a> to rekomendowane rozwi\u0105zanie dla miast poszukuj\u0105cych sposobu na urz\u0105dzenie trwa\u0142ych, praktycznych i stylowych miejsc do parkowania rower\u00f3w. \u0141atwe w monta\u017cu, odporne na korozj\u0119 i warunki atmosferyczne, te dekoracyjne stojaki rowerowe mog\u0105 by\u0107 zakupem, kt\u00f3ry b\u0119dzie cieszy\u0107 przez lata. Zach\u0119camy do zakupu oryginalnych, klasycznych retro stojak\u00f3w na rower, kt\u00f3re z pewno\u015bci\u0105 poprawi\u0105 estetyk\u0119 i funkcjonalno\u015b\u0107 naszej miejskiej przestrzeni.<\/span><\/p>\n<\/details>","protected":false},"excerpt":{"rendered":"<p>Cechy i zalety: wykonany ze stali (rura + okucia \u017celiwne) &gt;\u00a0wieczny; zastosowana \u017celiwna kula ozdobna oraz\u00a0ozdobne opaski \u017celiwne &gt;\u00a0klasycznie ozdobiony; spos\u00f3b monta\u017cu &#8211; zabetonowanie (30 cm rury wystaje poni\u017cej opasek) &gt;\u00a0\u0142atwy w monta\u017cu; *ocynkowany oraz pomalowany farb\u0105 proszkow\u0105 w kolorze czarny mat (zero po\u0142ysku, drobna struktura) \u2013 zdecydowanie wy\u017csza odporno\u015b\u0107 na uszkodzenia od pow\u0142ok farb&#8230;<\/p>","protected":false},"featured_media":1710,"template":"","meta":{"inline_featured_image":false},"product_cat":[35],"product_tag":[61,60,56,64,59,55,63,62,57,58],"acf":[],"yoast_head":"<!-- This site is optimized with the Yoast SEO plugin v20.2 - https:\/\/yoast.com\/wordpress\/plugins\/seo\/ -->\n<title>Stojak rowerowy retro B-05.60.o [l=60 cm] - MORIA DESIGN<\/title>\n<meta name=\"description\" content=\"Dekoracyjne retro stojaki rowerowe z \u017celiwnymi okuciami. Idealne do parkowania rower\u00f3w przed kamienic\u0105, na starym mie\u015bcie. Jako\u015b\u0107 premium, szybka wysy\u0142ka!\" \/>\n<meta name=\"robots\" content=\"index, follow, max-snippet:-1, max-image-preview:large, max-video-preview:-1\" \/>\n<link rel=\"canonical\" href=\"https:\/\/www.moriadesign.pl\/es\/product-2\/stojak-rowerowy-retro-b-05-60-o-l60-cm\/?wmc-currency=EUR\" \/>\n<meta property=\"og:locale\" content=\"es_ES\" \/>\n<meta property=\"og:type\" content=\"article\" \/>\n<meta property=\"og:title\" content=\"Stojak rowerowy retro B-05.60.o [l=60 cm] - MORIA DESIGN\" \/>\n<meta property=\"og:description\" content=\"Dekoracyjne retro stojaki rowerowe z \u017celiwnymi okuciami. Idealne do parkowania rower\u00f3w przed kamienic\u0105, na starym mie\u015bcie. Jako\u015b\u0107 premium, szybka wysy\u0142ka!\" \/>\n<meta property=\"og:url\" content=\"https:\/\/www.moriadesign.pl\/es\/product-2\/stojak-rowerowy-retro-b-05-60-o-l60-cm\/?wmc-currency=EUR\" \/>\n<meta property=\"og:site_name\" content=\"MORIA DESIGN\" \/>\n<meta property=\"article:modified_time\" content=\"2026-04-03T09:09:22+00:00\" \/>\n<meta property=\"og:image\" content=\"https:\/\/www.moriadesign.pl\/wp-content\/uploads\/2022\/12\/B-05.60.o_1-stojak-rowerowy-z-zeliwnymi-opaskami-i-grotem-kulistym.png\" \/>\n\t<meta property=\"og:image:width\" content=\"1600\" \/>\n\t<meta property=\"og:image:height\" content=\"1600\" \/>\n\t<meta property=\"og:image:type\" content=\"image\/png\" \/>\n<meta name=\"twitter:card\" content=\"summary_large_image\" \/>\n<meta name=\"twitter:label1\" content=\"Tiempo de lectura\" \/>\n\t<meta name=\"twitter:data1\" content=\"2 minutos\" \/>\n<script type=\"application\/ld+json\" class=\"yoast-schema-graph\">{\"@context\":\"https:\/\/schema.org\",\"@graph\":[{\"@type\":\"WebPage\",\"@id\":\"https:\/\/www.moriadesign.pl\/produkt\/stojak-rowerowy-retro-b-05-60-o-l60-cm\/\",\"url\":\"https:\/\/www.moriadesign.pl\/produkt\/stojak-rowerowy-retro-b-05-60-o-l60-cm\/\",\"name\":\"Stojak rowerowy retro B-05.60.o [l=60 cm] - MORIA DESIGN\",\"isPartOf\":{\"@id\":\"https:\/\/www.moriadesign.pl\/#website\"},\"datePublished\":\"2023-01-02T13:18:27+00:00\",\"dateModified\":\"2026-04-03T09:09:22+00:00\",\"description\":\"Dekoracyjne retro stojaki rowerowe z \u017celiwnymi okuciami. Idealne do parkowania rower\u00f3w przed kamienic\u0105, na starym mie\u015bcie. Jako\u015b\u0107 premium, szybka wysy\u0142ka!\",\"breadcrumb\":{\"@id\":\"https:\/\/www.moriadesign.pl\/produkt\/stojak-rowerowy-retro-b-05-60-o-l60-cm\/#breadcrumb\"},\"inLanguage\":\"es\",\"potentialAction\":[{\"@type\":\"ReadAction\",\"target\":[\"https:\/\/www.moriadesign.pl\/produkt\/stojak-rowerowy-retro-b-05-60-o-l60-cm\/\"]}]},{\"@type\":\"BreadcrumbList\",\"@id\":\"https:\/\/www.moriadesign.pl\/produkt\/stojak-rowerowy-retro-b-05-60-o-l60-cm\/#breadcrumb\",\"itemListElement\":[{\"@type\":\"ListItem\",\"position\":1,\"name\":\"Strona g\u0142\u00f3wna\",\"item\":\"https:\/\/www.moriadesign.pl\/\"},{\"@type\":\"ListItem\",\"position\":2,\"name\":\"Sklep\",\"item\":\"https:\/\/www.moriadesign.pl\/sklep\/\"},{\"@type\":\"ListItem\",\"position\":3,\"name\":\"Stojak rowerowy retro B-05.60.o [l=60 cm]\"}]},{\"@type\":\"WebSite\",\"@id\":\"https:\/\/www.moriadesign.pl\/#website\",\"url\":\"https:\/\/www.moriadesign.pl\/\",\"name\":\"MORIA DESIGN\",\"description\":\"okucia do mebli, domu i ogrodu\",\"potentialAction\":[{\"@type\":\"SearchAction\",\"target\":{\"@type\":\"EntryPoint\",\"urlTemplate\":\"https:\/\/www.moriadesign.pl\/?s={search_term_string}\"},\"query-input\":\"required name=search_term_string\"}],\"inLanguage\":\"es\"}]}<\/script>\n<!-- \/ Yoast SEO plugin. -->","yoast_head_json":{"title":"Stojak rowerowy retro B-05.60.o [l=60 cm] - MORIA DESIGN","description":"Dekoracyjne retro stojaki rowerowe z \u017celiwnymi okuciami. Idealne do parkowania rower\u00f3w przed kamienic\u0105, na starym mie\u015bcie. Jako\u015b\u0107 premium, szybka wysy\u0142ka!","robots":{"index":"index","follow":"follow","max-snippet":"max-snippet:-1","max-image-preview":"max-image-preview:large","max-video-preview":"max-video-preview:-1"},"canonical":"https:\/\/www.moriadesign.pl\/es\/product-2\/stojak-rowerowy-retro-b-05-60-o-l60-cm\/?wmc-currency=EUR","og_locale":"es_ES","og_type":"article","og_title":"Stojak rowerowy retro B-05.60.o [l=60 cm] - MORIA DESIGN","og_description":"Dekoracyjne retro stojaki rowerowe z \u017celiwnymi okuciami. Idealne do parkowania rower\u00f3w przed kamienic\u0105, na starym mie\u015bcie. Jako\u015b\u0107 premium, szybka wysy\u0142ka!","og_url":"https:\/\/www.moriadesign.pl\/es\/product-2\/stojak-rowerowy-retro-b-05-60-o-l60-cm\/?wmc-currency=EUR","og_site_name":"MORIA DESIGN","article_modified_time":"2026-04-03T09:09:22+00:00","og_image":[{"width":1600,"height":1600,"url":"https:\/\/www.moriadesign.pl\/wp-content\/uploads\/2022\/12\/B-05.60.o_1-stojak-rowerowy-z-zeliwnymi-opaskami-i-grotem-kulistym.png","type":"image\/png"}],"twitter_card":"summary_large_image","twitter_misc":{"Tiempo de lectura":"2 minutos"},"schema":{"@context":"https:\/\/schema.org","@graph":[{"@type":"WebPage","@id":"https:\/\/www.moriadesign.pl\/produkt\/stojak-rowerowy-retro-b-05-60-o-l60-cm\/","url":"https:\/\/www.moriadesign.pl\/produkt\/stojak-rowerowy-retro-b-05-60-o-l60-cm\/","name":"Stojak rowerowy retro B-05.60.o [l=60 cm] - MORIA DESIGN","isPartOf":{"@id":"https:\/\/www.moriadesign.pl\/#website"},"datePublished":"2023-01-02T13:18:27+00:00","dateModified":"2026-04-03T09:09:22+00:00","description":"Dekoracyjne retro stojaki rowerowe z \u017celiwnymi okuciami. Idealne do parkowania rower\u00f3w przed kamienic\u0105, na starym mie\u015bcie. Jako\u015b\u0107 premium, szybka wysy\u0142ka!","breadcrumb":{"@id":"https:\/\/www.moriadesign.pl\/produkt\/stojak-rowerowy-retro-b-05-60-o-l60-cm\/#breadcrumb"},"inLanguage":"es","potentialAction":[{"@type":"ReadAction","target":["https:\/\/www.moriadesign.pl\/produkt\/stojak-rowerowy-retro-b-05-60-o-l60-cm\/"]}]},{"@type":"BreadcrumbList","@id":"https:\/\/www.moriadesign.pl\/produkt\/stojak-rowerowy-retro-b-05-60-o-l60-cm\/#breadcrumb","itemListElement":[{"@type":"ListItem","position":1,"name":"Strona g\u0142\u00f3wna","item":"https:\/\/www.moriadesign.pl\/"},{"@type":"ListItem","position":2,"name":"Sklep","item":"https:\/\/www.moriadesign.pl\/sklep\/"},{"@type":"ListItem","position":3,"name":"Stojak rowerowy retro B-05.60.o [l=60 cm]"}]},{"@type":"WebSite","@id":"https:\/\/www.moriadesign.pl\/#website","url":"https:\/\/www.moriadesign.pl\/","name":"MORIA DESIGN","description":"okucia do mebli, domu i ogrodu","potentialAction":[{"@type":"SearchAction","target":{"@type":"EntryPoint","urlTemplate":"https:\/\/www.moriadesign.pl\/?s={search_term_string}"},"query-input":"required name=search_term_string"}],"inLanguage":"es"}]}},"_links":{"self":[{"href":"https:\/\/www.moriadesign.pl\/es\/wp-json\/wp\/v2\/product\/1748"}],"collection":[{"href":"https:\/\/www.moriadesign.pl\/es\/wp-json\/wp\/v2\/product"}],"about":[{"href":"https:\/\/www.moriadesign.pl\/es\/wp-json\/wp\/v2\/types\/product"}],"wp:featuredmedia":[{"embeddable":true,"href":"https:\/\/www.moriadesign.pl\/es\/wp-json\/wp\/v2\/media\/1710"}],"wp:attachment":[{"href":"https:\/\/www.moriadesign.pl\/es\/wp-json\/wp\/v2\/media?parent=1748"}],"wp:term":[{"taxonomy":"product_cat","embeddable":true,"href":"https:\/\/www.moriadesign.pl\/es\/wp-json\/wp\/v2\/product_cat?post=1748"},{"taxonomy":"product_tag","embeddable":true,"href":"https:\/\/www.moriadesign.pl\/es\/wp-json\/wp\/v2\/product_tag?post=1748"}],"curies":[{"name":"wp","href":"https:\/\/api.w.org\/{rel}","templated":true}]}}