{"id":1745,"date":"2023-01-02T14:05:32","date_gmt":"2023-01-02T13:05:32","guid":{"rendered":"https:\/\/www.moriadesign.pl\/?post_type=product&#038;p=1745"},"modified":"2026-04-03T11:12:03","modified_gmt":"2026-04-03T09:12:03","slug":"stojak-rowerowy-retro-b-05-60-b-l60-cm","status":"publish","type":"product","link":"https:\/\/www.moriadesign.pl\/es\/product-2\/soporte-bicicleta-retro-b-05-60-b-l60-cm\/","title":{"rendered":"Aparcabicicletas retro B-05.60.b [l=60 cm]"},"content":{"rendered":"<h2>Caracter\u00edsticas y ventajas:<\/h2>\n<ul>\n<li>de acero (tubo + bola de fundici\u00f3n) &gt;\u00a0<b>perpetua<\/b>;<\/li>\n<li>bola decorativa de hierro fundido utilizada &gt;\u00a0<b>decoraci\u00f3n cl\u00e1sica<\/b>;<\/li>\n<li>forma de instalaci\u00f3n hormig\u00f3n (tubo dedicado de 30 cm) &gt; <b>f\u00e1cil de instalar<\/b>;<\/li>\n<li>*Galvanizado y recubierto de polvo en negro mate (brillo cero, estructura fina) - mucho m\u00e1s resistente a los da\u00f1os que los recubrimientos de pintura en aerosol, las pinturas en polvo son completamente seguras para las personas y el medio ambiente &gt;. <b>duradero y elegantemente acabado;<\/b><\/li>\n<li>dimensiones: altura - 100 cm + 30 cm para hormigonado, longitud - 60 cm, \u03a6 tubo - 60,3 mm &gt;<b>\u00a0muy s\u00f3lido<\/b>;<\/li>\n<li>hecho a m\u00e1quina &gt;\u00a0<b>repetitivo<\/b>.<\/li>\n<\/ul>\n<p>*Tambi\u00e9n est\u00e1 disponible la versi\u00f3n s\u00f3lo con recubrimiento en polvo.<\/p>\n<h2>Aplicaci\u00f3n:<\/h2>\n<ul>\n<li>El dise\u00f1o del soporte permite asegurar tanto el cuadro como la rueda de la bicicleta con un cable de seguridad. Tambi\u00e9n funciona bien para aparcar patinetes.<\/li>\n<\/ul>\n<details>\n<summary style=\"cursor: pointer;\">Seguir leyendo<\/summary>\n<h2><span lang=\"pl-PL\">B-05.60.b Aparcabicicletas - original aparcabicicletas de estilo retro<\/span><\/h2>\n<p><span lang=\"pl-PL\"><strong>Aparcabicicletas retro original modelo B-05.60.b<\/strong>que encontrar\u00e1 en MORIA DESIGN, son la soluci\u00f3n perfecta para los espacios urbanos que necesitan lugares pr\u00e1cticos y con estilo para aparcar bicicletas y scooters. Fabricados con materiales robustos, estos aparcamientos de dos soportes destacan por su dise\u00f1o cl\u00e1sico y retro. Son ideales para \u00e1reas de regeneraci\u00f3n, complement\u00e1ndolas con la elegancia y funcionalidad deseadas.<\/span><\/p>\n<p><span lang=\"pl-PL\">Elegante <a href=\"https:\/\/www.moriadesign.pl\/es\/oferta\/portabicicletas\/?wmc-currency=EUR\">portabicicletas<\/a> MORIA DESIGN se caracterizan por su alta calidad de fabricaci\u00f3n. El modelo presentado del soporte est\u00e1 fabricado a partir de un tubo de metal macizo con un di\u00e1metro de 60,3 mm y un grosor de pared de 2,9 mm, lo que garantiza su durabilidad y resistencia a los da\u00f1os. La maciza punta de lanza esf\u00e9rica de hierro fundido acent\u00faa la masividad y elegancia del soporte. Los soportes est\u00e1n disponibles galvanizados y con recubrimiento en polvo para una mayor resistencia a la intemperie.<\/span><\/p>\n<p><span lang=\"pl-PL\"><strong>Soportes retro modelo B-05.60.b<\/strong>El dise\u00f1o de estos aparcabicicletas retro se integra perfectamente en los espacios urbanos con un estilo cl\u00e1sico. Con un acabado elegante y una s\u00f3lida mano de obra, estos soportes no s\u00f3lo cumplen su funci\u00f3n principal, sino que tambi\u00e9n a\u00f1aden un elemento est\u00e9tico al paisaje urbano. Puede instalar f\u00e1cilmente el soporte hormigonando los tubos espec\u00edficos de 30 cm por debajo de la superficie del suelo.<\/span><\/p>\n<p><span lang=\"pl-PL\"><strong>Aparcabicicletas robustos B-05.60.b<\/strong> de <a href=\"\/es\/?wmc-currency=EUR\">DISE\u00d1O MORIA<\/a> son la soluci\u00f3n ideal para las ciudades que buscan una forma de proporcionar aparcamientos para bicicletas duraderos, pr\u00e1cticos y con estilo. F\u00e1ciles de instalar, resistentes a la corrosi\u00f3n y a la intemperie, estos aparcabicis retro pueden ser una compra que disfrutar\u00e1 durante a\u00f1os. Le animamos a adquirir aparcabicis cl\u00e1sicos y originales que seguro mejorar\u00e1n la est\u00e9tica y funcionalidad de nuestro espacio urbano.<\/span><\/p>\n<\/details>","protected":false},"excerpt":{"rendered":"<p>Cechy i zalety: wykonany ze stali (rura + kula \u017celiwna) &gt;\u00a0wieczny; zastosowana \u017celiwna kula ozdobna &gt;\u00a0klasycznie ozdobiony; spos\u00f3b monta\u017cu zabetonowanie (dedykowane 30 cm rury) &gt; \u0142atwy w monta\u017cu; *ocynkowany oraz pomalowany farb\u0105 proszkow\u0105 w kolorze czarny mat (zero po\u0142ysku, drobna struktura) \u2013 zdecydowanie wy\u017csza odporno\u015b\u0107 na uszkodzenia od pow\u0142ok farb natryskowych, farby proszkowe s\u0105 w&#8230;<\/p>","protected":false},"featured_media":1705,"template":"","meta":{"inline_featured_image":false},"product_cat":[35],"product_tag":[60,56,64,59,55,67,63,62,57,58],"acf":[],"yoast_head":"<!-- This site is optimized with the Yoast SEO plugin v20.2 - https:\/\/yoast.com\/wordpress\/plugins\/seo\/ -->\n<title>Stojak rowerowy retro B-05.60.b [l=60 cm] - MORIA DESIGN<\/title>\n<meta name=\"description\" content=\"Oryginalny stojak rowerowy w stylu retro z \u017celiwnymi okuciami. \u015awietny do zrewitalizowanych \u015br\u00f3dmiejskich przestrzeni. Jako\u015b\u0107 premium, szybka wysy\u0142ka!\" \/>\n<meta name=\"robots\" content=\"index, follow, max-snippet:-1, max-image-preview:large, max-video-preview:-1\" \/>\n<link rel=\"canonical\" href=\"https:\/\/www.moriadesign.pl\/es\/product-2\/soporte-bicicleta-retro-b-05-60-b-l60-cm\/?wmc-currency=EUR\" \/>\n<meta property=\"og:locale\" content=\"es_ES\" \/>\n<meta property=\"og:type\" content=\"article\" \/>\n<meta property=\"og:title\" content=\"Stojak rowerowy retro B-05.60.b [l=60 cm] - MORIA DESIGN\" \/>\n<meta property=\"og:description\" content=\"Oryginalny stojak rowerowy w stylu retro z \u017celiwnymi okuciami. \u015awietny do zrewitalizowanych \u015br\u00f3dmiejskich przestrzeni. Jako\u015b\u0107 premium, szybka wysy\u0142ka!\" \/>\n<meta property=\"og:url\" content=\"https:\/\/www.moriadesign.pl\/es\/product-2\/soporte-bicicleta-retro-b-05-60-b-l60-cm\/?wmc-currency=EUR\" \/>\n<meta property=\"og:site_name\" content=\"MORIA DESIGN\" \/>\n<meta property=\"article:modified_time\" content=\"2026-04-03T09:12:03+00:00\" \/>\n<meta property=\"og:image\" content=\"https:\/\/www.moriadesign.pl\/wp-content\/uploads\/2022\/12\/B-05.60.b_1-dekoracyjny-metalowy-stojak-rowerowy-do-zabetonowania.png\" \/>\n\t<meta property=\"og:image:width\" content=\"1600\" \/>\n\t<meta property=\"og:image:height\" content=\"1600\" \/>\n\t<meta property=\"og:image:type\" content=\"image\/png\" \/>\n<meta name=\"twitter:card\" content=\"summary_large_image\" \/>\n<meta name=\"twitter:label1\" content=\"Tiempo de lectura\" \/>\n\t<meta name=\"twitter:data1\" content=\"2 minutos\" \/>\n<script type=\"application\/ld+json\" class=\"yoast-schema-graph\">{\"@context\":\"https:\/\/schema.org\",\"@graph\":[{\"@type\":\"WebPage\",\"@id\":\"https:\/\/www.moriadesign.pl\/produkt\/stojak-rowerowy-retro-b-05-60-b-l60-cm\/\",\"url\":\"https:\/\/www.moriadesign.pl\/produkt\/stojak-rowerowy-retro-b-05-60-b-l60-cm\/\",\"name\":\"Stojak rowerowy retro B-05.60.b [l=60 cm] - MORIA DESIGN\",\"isPartOf\":{\"@id\":\"https:\/\/www.moriadesign.pl\/#website\"},\"datePublished\":\"2023-01-02T13:05:32+00:00\",\"dateModified\":\"2026-04-03T09:12:03+00:00\",\"description\":\"Oryginalny stojak rowerowy w stylu retro z \u017celiwnymi okuciami. \u015awietny do zrewitalizowanych \u015br\u00f3dmiejskich przestrzeni. Jako\u015b\u0107 premium, szybka wysy\u0142ka!\",\"breadcrumb\":{\"@id\":\"https:\/\/www.moriadesign.pl\/produkt\/stojak-rowerowy-retro-b-05-60-b-l60-cm\/#breadcrumb\"},\"inLanguage\":\"es\",\"potentialAction\":[{\"@type\":\"ReadAction\",\"target\":[\"https:\/\/www.moriadesign.pl\/produkt\/stojak-rowerowy-retro-b-05-60-b-l60-cm\/\"]}]},{\"@type\":\"BreadcrumbList\",\"@id\":\"https:\/\/www.moriadesign.pl\/produkt\/stojak-rowerowy-retro-b-05-60-b-l60-cm\/#breadcrumb\",\"itemListElement\":[{\"@type\":\"ListItem\",\"position\":1,\"name\":\"Strona g\u0142\u00f3wna\",\"item\":\"https:\/\/www.moriadesign.pl\/\"},{\"@type\":\"ListItem\",\"position\":2,\"name\":\"Sklep\",\"item\":\"https:\/\/www.moriadesign.pl\/sklep\/\"},{\"@type\":\"ListItem\",\"position\":3,\"name\":\"Stojak rowerowy retro B-05.60.b [l=60 cm]\"}]},{\"@type\":\"WebSite\",\"@id\":\"https:\/\/www.moriadesign.pl\/#website\",\"url\":\"https:\/\/www.moriadesign.pl\/\",\"name\":\"MORIA DESIGN\",\"description\":\"okucia do mebli, domu i ogrodu\",\"potentialAction\":[{\"@type\":\"SearchAction\",\"target\":{\"@type\":\"EntryPoint\",\"urlTemplate\":\"https:\/\/www.moriadesign.pl\/?s={search_term_string}\"},\"query-input\":\"required name=search_term_string\"}],\"inLanguage\":\"es\"}]}<\/script>\n<!-- \/ Yoast SEO plugin. -->","yoast_head_json":{"title":"Stojak rowerowy retro B-05.60.b [l=60 cm] - MORIA DESIGN","description":"Oryginalny stojak rowerowy w stylu retro z \u017celiwnymi okuciami. \u015awietny do zrewitalizowanych \u015br\u00f3dmiejskich przestrzeni. Jako\u015b\u0107 premium, szybka wysy\u0142ka!","robots":{"index":"index","follow":"follow","max-snippet":"max-snippet:-1","max-image-preview":"max-image-preview:large","max-video-preview":"max-video-preview:-1"},"canonical":"https:\/\/www.moriadesign.pl\/es\/product-2\/soporte-bicicleta-retro-b-05-60-b-l60-cm\/?wmc-currency=EUR","og_locale":"es_ES","og_type":"article","og_title":"Stojak rowerowy retro B-05.60.b [l=60 cm] - MORIA DESIGN","og_description":"Oryginalny stojak rowerowy w stylu retro z \u017celiwnymi okuciami. \u015awietny do zrewitalizowanych \u015br\u00f3dmiejskich przestrzeni. Jako\u015b\u0107 premium, szybka wysy\u0142ka!","og_url":"https:\/\/www.moriadesign.pl\/es\/product-2\/soporte-bicicleta-retro-b-05-60-b-l60-cm\/?wmc-currency=EUR","og_site_name":"MORIA DESIGN","article_modified_time":"2026-04-03T09:12:03+00:00","og_image":[{"width":1600,"height":1600,"url":"https:\/\/www.moriadesign.pl\/wp-content\/uploads\/2022\/12\/B-05.60.b_1-dekoracyjny-metalowy-stojak-rowerowy-do-zabetonowania.png","type":"image\/png"}],"twitter_card":"summary_large_image","twitter_misc":{"Tiempo de lectura":"2 minutos"},"schema":{"@context":"https:\/\/schema.org","@graph":[{"@type":"WebPage","@id":"https:\/\/www.moriadesign.pl\/produkt\/stojak-rowerowy-retro-b-05-60-b-l60-cm\/","url":"https:\/\/www.moriadesign.pl\/produkt\/stojak-rowerowy-retro-b-05-60-b-l60-cm\/","name":"Stojak rowerowy retro B-05.60.b [l=60 cm] - MORIA DESIGN","isPartOf":{"@id":"https:\/\/www.moriadesign.pl\/#website"},"datePublished":"2023-01-02T13:05:32+00:00","dateModified":"2026-04-03T09:12:03+00:00","description":"Oryginalny stojak rowerowy w stylu retro z \u017celiwnymi okuciami. \u015awietny do zrewitalizowanych \u015br\u00f3dmiejskich przestrzeni. Jako\u015b\u0107 premium, szybka wysy\u0142ka!","breadcrumb":{"@id":"https:\/\/www.moriadesign.pl\/produkt\/stojak-rowerowy-retro-b-05-60-b-l60-cm\/#breadcrumb"},"inLanguage":"es","potentialAction":[{"@type":"ReadAction","target":["https:\/\/www.moriadesign.pl\/produkt\/stojak-rowerowy-retro-b-05-60-b-l60-cm\/"]}]},{"@type":"BreadcrumbList","@id":"https:\/\/www.moriadesign.pl\/produkt\/stojak-rowerowy-retro-b-05-60-b-l60-cm\/#breadcrumb","itemListElement":[{"@type":"ListItem","position":1,"name":"Strona g\u0142\u00f3wna","item":"https:\/\/www.moriadesign.pl\/"},{"@type":"ListItem","position":2,"name":"Sklep","item":"https:\/\/www.moriadesign.pl\/sklep\/"},{"@type":"ListItem","position":3,"name":"Stojak rowerowy retro B-05.60.b [l=60 cm]"}]},{"@type":"WebSite","@id":"https:\/\/www.moriadesign.pl\/#website","url":"https:\/\/www.moriadesign.pl\/","name":"MORIA DESIGN","description":"okucia do mebli, domu i ogrodu","potentialAction":[{"@type":"SearchAction","target":{"@type":"EntryPoint","urlTemplate":"https:\/\/www.moriadesign.pl\/?s={search_term_string}"},"query-input":"required name=search_term_string"}],"inLanguage":"es"}]}},"_links":{"self":[{"href":"https:\/\/www.moriadesign.pl\/es\/wp-json\/wp\/v2\/product\/1745"}],"collection":[{"href":"https:\/\/www.moriadesign.pl\/es\/wp-json\/wp\/v2\/product"}],"about":[{"href":"https:\/\/www.moriadesign.pl\/es\/wp-json\/wp\/v2\/types\/product"}],"wp:featuredmedia":[{"embeddable":true,"href":"https:\/\/www.moriadesign.pl\/es\/wp-json\/wp\/v2\/media\/1705"}],"wp:attachment":[{"href":"https:\/\/www.moriadesign.pl\/es\/wp-json\/wp\/v2\/media?parent=1745"}],"wp:term":[{"taxonomy":"product_cat","embeddable":true,"href":"https:\/\/www.moriadesign.pl\/es\/wp-json\/wp\/v2\/product_cat?post=1745"},{"taxonomy":"product_tag","embeddable":true,"href":"https:\/\/www.moriadesign.pl\/es\/wp-json\/wp\/v2\/product_tag?post=1745"}],"curies":[{"name":"wp","href":"https:\/\/api.w.org\/{rel}","templated":true}]}}