{"id":1744,"date":"2023-01-02T13:47:53","date_gmt":"2023-01-02T12:47:53","guid":{"rendered":"https:\/\/www.moriadesign.pl\/?post_type=product&#038;p=1744"},"modified":"2026-04-03T11:13:15","modified_gmt":"2026-04-03T09:13:15","slug":"stojak-rowerowy-retro-b-04-60-o-l36-cm","status":"publish","type":"product","link":"https:\/\/www.moriadesign.pl\/es\/product-2\/caballete-bicicleta-retro-b-04-60-o-l36-cm\/","title":{"rendered":"Aparcabicicletas retro B-04.60.o [l=36 cm]"},"content":{"rendered":"<h2>Caracter\u00edsticas y ventajas:<\/h2>\n<ul>\n<li>de acero (tubo + chapa con logotipo + herrajes de fundici\u00f3n) &gt;\u00a0<b>perpetua<\/b>;<\/li>\n<li>bandas decorativas de hierro fundido aplicadas &gt;\u00a0<b>decoraci\u00f3n cl\u00e1sica<\/b>;<\/li>\n<li>m\u00e9todo de instalaci\u00f3n - hormigonado (30 cm de tuber\u00eda se extienden por debajo de las bandas) &gt;\u00a0<b>f\u00e1cil de instalar<\/b>;<\/li>\n<li>*Galvanizado y recubierto de polvo en negro mate (brillo cero, estructura fina) - mucho m\u00e1s resistente a los da\u00f1os que los recubrimientos de pintura en aerosol, las pinturas en polvo son completamente seguras para las personas y el medio ambiente &gt;. <b>duradero y elegantemente acabado;<\/b><\/li>\n<li>Dimensiones: altura - 80 cm + 30 cm para hormigonar, longitud - 36 cm, espesor de la chapa - 2 mm, tubo \u03a6 - 60,3 mm &gt;<b>\u00a0muy s\u00f3lido<\/b>;<\/li>\n<li>hecho a m\u00e1quina &gt;\u00a0<b>repetitivo<\/b>.<\/li>\n<\/ul>\n<p>*Tambi\u00e9n est\u00e1 disponible la versi\u00f3n s\u00f3lo con recubrimiento en polvo.<\/p>\n<h2>Aplicaci\u00f3n:<\/h2>\n<ul>\n<li>El dise\u00f1o del soporte permite asegurar tanto el cuadro como la rueda de la bicicleta con un cable de seguridad. Tambi\u00e9n funciona bien para aparcar patinetes.<\/li>\n<\/ul>\n<details>\n<summary style=\"cursor: pointer;\">Seguir leyendo<\/summary>\n<h2><span lang=\"pl-PL\">Robusto y original portabicicletas tipo U modelo B-04.60.o - un elegante mueble para la arquitectura urbana<\/span><\/h2>\n<p><span lang=\"pl-PL\"><strong>Aparcabicicletas modelo B-04.60.o<\/strong> es un s\u00f3lido y original portabicicletas de estilo retro de MORIA DESIGN<\/span><span lang=\"pl-PL\">. Es la elecci\u00f3n perfecta para cualquiera que busque una soluci\u00f3n probada y decorativa a un precio atractivo para el aparcamiento organizado de bicicletas en espacios del centro de la ciudad. Nuestro soporte decorativo para bicicletas<\/span><span lang=\"pl-PL\"> estaba fabricado en tubo de acero certificado y chapa met\u00e1lica con el logotipo de la bicicleta recortado y, adem\u00e1s, decorado con bandas de hierro fundido macizo. El portabicicletas presentado es una combinaci\u00f3n de durabilidad y funcionalidad con elegancia de estilo retro. Los materiales utilizados, junto con la protecci\u00f3n anticorrosi\u00f3n, hacen que el soporte sea pr\u00e1cticamente eterno. Es extremadamente resistente a las condiciones meteorol\u00f3gicas y a los da\u00f1os mec\u00e1nicos. Es ideal para zonas urbanas, calles e instalaciones de servicio, ya que proporciona un lugar seguro y c\u00f3modo para sujetar las bicicletas mediante una cadena, un cable o un candado en U.\u00a0<\/span><\/p>\n<p><span lang=\"pl-PL\"><strong>Aparcabicicletas decorativo B-04.60.o<\/strong> de MORIA DESIGN es un ejemplo probado de robustez y dise\u00f1o inteligente y funcional. El soporte est\u00e1 fabricado con un tubo de acero de 60,3 mm de di\u00e1metro y 2,9 mm de grosor de pared, lo que garantiza la estabilidad y resistencia esperadas. La placa soldada transversalmente de 2 mm de grosor es una zona dedicada a la exhibici\u00f3n del logotipo. El soporte est\u00e1 equipado adem\u00e1s con dos bandas de hierro fundido. El soporte est\u00e1 disponible con recubrimiento de polvo o galvanizado y con recubrimiento de polvo para una mayor durabilidad y resistencia a la corrosi\u00f3n.<\/span><\/p>\n<p><strong><span lang=\"pl-PL\"><a href=\"\/es\/oferta\/portabicicletas\/?wmc-currency=EUR\">Aparcabicicletas<\/a><\/span> modelo B-04.60.o<\/strong> se caracterizan por su dise\u00f1o elegante y esbelto y su fabricaci\u00f3n de alta calidad. Las dimensiones compactas del soporte facilitan su instalaci\u00f3n incluso en zonas con espacios reducidos. El modelo de soporte ofrecido est\u00e1 dise\u00f1ado para el hormigonado.<\/p>\n<p><span lang=\"pl-PL\">Los s\u00f3lidos portabicicletas de MORIA DESIGN son una combinaci\u00f3n simult\u00e1nea de durabilidad, funcionalidad y elegancia. Fabricados con materiales de alta calidad, debidamente protegidos contra la corrosi\u00f3n y con un acabado est\u00e9tico, estos portabicicletas satisfar\u00e1n las necesidades de los usuarios m\u00e1s exigentes. Los portabicicletas pueden utilizarse para aparcar dos bicicletas, incluidas bicicletas el\u00e9ctricas y scooters, lo que los convierte en una soluci\u00f3n extremadamente pr\u00e1ctica. Le invitamos a adquirir los robustos y decorativos portabicicletas retro de <a href=\"\/es\/?wmc-currency=EUR\">DISE\u00d1O MORIA<\/a>que garantizar\u00e1 la seguridad y el confort durante muchos a\u00f1os.<\/span><\/p>\n<\/details>","protected":false},"excerpt":{"rendered":"<p>Cechy i zalety: wykonany ze stali (rura + blacha z logo + okucia \u017celiwne) &gt;\u00a0wieczny; zastosowane ozdobne opaski \u017celiwne &gt;\u00a0klasycznie ozdobiony; spos\u00f3b monta\u017cu &#8211; zabetonowanie (30 cm rury wystaje poni\u017cej opasek) &gt;\u00a0\u0142atwy w monta\u017cu; *ocynkowany oraz pomalowany farb\u0105 proszkow\u0105 w kolorze czarny mat (zero po\u0142ysku, drobna struktura) \u2013 zdecydowanie wy\u017csza odporno\u015b\u0107 na uszkodzenia od pow\u0142ok&#8230;<\/p>","protected":false},"featured_media":1703,"template":"","meta":{"inline_featured_image":false},"product_cat":[35],"product_tag":[60,56,64,59,55,63,62,57,58,69],"acf":[],"yoast_head":"<!-- This site is optimized with the Yoast SEO plugin v20.2 - https:\/\/yoast.com\/wordpress\/plugins\/seo\/ -->\n<title>Stojak rowerowy retro B-04.60.o [l=36 cm] - MORIA DESIGN<\/title>\n<meta name=\"description\" content=\"Ten solidny i oryginalny stojak rowerowy to stylowy mebel do miejskiej architektury. Dedykowany do zastosowania na obszarach rewitalizacji. Jako\u015b\u0107 premium!\" \/>\n<meta name=\"robots\" content=\"index, follow, max-snippet:-1, max-image-preview:large, max-video-preview:-1\" \/>\n<link rel=\"canonical\" href=\"https:\/\/www.moriadesign.pl\/es\/product-2\/caballete-bicicleta-retro-b-04-60-o-l36-cm\/?wmc-currency=EUR\" \/>\n<meta property=\"og:locale\" content=\"es_ES\" \/>\n<meta property=\"og:type\" content=\"article\" \/>\n<meta property=\"og:title\" content=\"Stojak rowerowy retro B-04.60.o [l=36 cm] - MORIA DESIGN\" \/>\n<meta property=\"og:description\" content=\"Ten solidny i oryginalny stojak rowerowy to stylowy mebel do miejskiej architektury. Dedykowany do zastosowania na obszarach rewitalizacji. Jako\u015b\u0107 premium!\" \/>\n<meta property=\"og:url\" content=\"https:\/\/www.moriadesign.pl\/es\/product-2\/caballete-bicicleta-retro-b-04-60-o-l36-cm\/?wmc-currency=EUR\" \/>\n<meta property=\"og:site_name\" content=\"MORIA DESIGN\" \/>\n<meta property=\"article:modified_time\" content=\"2026-04-03T09:13:15+00:00\" \/>\n<meta property=\"og:image\" content=\"https:\/\/www.moriadesign.pl\/wp-content\/uploads\/2022\/12\/B-04.60.o_1-solidny-i-oryginalny-stojak-rowerowy.png\" \/>\n\t<meta property=\"og:image:width\" content=\"1600\" \/>\n\t<meta property=\"og:image:height\" content=\"1600\" \/>\n\t<meta property=\"og:image:type\" content=\"image\/png\" \/>\n<meta name=\"twitter:card\" content=\"summary_large_image\" \/>\n<meta name=\"twitter:label1\" content=\"Tiempo de lectura\" \/>\n\t<meta name=\"twitter:data1\" content=\"3 minutos\" \/>\n<script type=\"application\/ld+json\" class=\"yoast-schema-graph\">{\"@context\":\"https:\/\/schema.org\",\"@graph\":[{\"@type\":\"WebPage\",\"@id\":\"https:\/\/www.moriadesign.pl\/produkt\/stojak-rowerowy-retro-b-04-60-o-l36-cm\/\",\"url\":\"https:\/\/www.moriadesign.pl\/produkt\/stojak-rowerowy-retro-b-04-60-o-l36-cm\/\",\"name\":\"Stojak rowerowy retro B-04.60.o [l=36 cm] - MORIA DESIGN\",\"isPartOf\":{\"@id\":\"https:\/\/www.moriadesign.pl\/#website\"},\"datePublished\":\"2023-01-02T12:47:53+00:00\",\"dateModified\":\"2026-04-03T09:13:15+00:00\",\"description\":\"Ten solidny i oryginalny stojak rowerowy to stylowy mebel do miejskiej architektury. Dedykowany do zastosowania na obszarach rewitalizacji. Jako\u015b\u0107 premium!\",\"breadcrumb\":{\"@id\":\"https:\/\/www.moriadesign.pl\/produkt\/stojak-rowerowy-retro-b-04-60-o-l36-cm\/#breadcrumb\"},\"inLanguage\":\"es\",\"potentialAction\":[{\"@type\":\"ReadAction\",\"target\":[\"https:\/\/www.moriadesign.pl\/produkt\/stojak-rowerowy-retro-b-04-60-o-l36-cm\/\"]}]},{\"@type\":\"BreadcrumbList\",\"@id\":\"https:\/\/www.moriadesign.pl\/produkt\/stojak-rowerowy-retro-b-04-60-o-l36-cm\/#breadcrumb\",\"itemListElement\":[{\"@type\":\"ListItem\",\"position\":1,\"name\":\"Strona g\u0142\u00f3wna\",\"item\":\"https:\/\/www.moriadesign.pl\/\"},{\"@type\":\"ListItem\",\"position\":2,\"name\":\"Sklep\",\"item\":\"https:\/\/www.moriadesign.pl\/sklep\/\"},{\"@type\":\"ListItem\",\"position\":3,\"name\":\"Stojak rowerowy retro B-04.60.o [l=36 cm]\"}]},{\"@type\":\"WebSite\",\"@id\":\"https:\/\/www.moriadesign.pl\/#website\",\"url\":\"https:\/\/www.moriadesign.pl\/\",\"name\":\"MORIA DESIGN\",\"description\":\"okucia do mebli, domu i ogrodu\",\"potentialAction\":[{\"@type\":\"SearchAction\",\"target\":{\"@type\":\"EntryPoint\",\"urlTemplate\":\"https:\/\/www.moriadesign.pl\/?s={search_term_string}\"},\"query-input\":\"required name=search_term_string\"}],\"inLanguage\":\"es\"}]}<\/script>\n<!-- \/ Yoast SEO plugin. -->","yoast_head_json":{"title":"Stojak rowerowy retro B-04.60.o [l=36 cm] - MORIA DESIGN","description":"Ten solidny i oryginalny stojak rowerowy to stylowy mebel do miejskiej architektury. Dedykowany do zastosowania na obszarach rewitalizacji. Jako\u015b\u0107 premium!","robots":{"index":"index","follow":"follow","max-snippet":"max-snippet:-1","max-image-preview":"max-image-preview:large","max-video-preview":"max-video-preview:-1"},"canonical":"https:\/\/www.moriadesign.pl\/es\/product-2\/caballete-bicicleta-retro-b-04-60-o-l36-cm\/?wmc-currency=EUR","og_locale":"es_ES","og_type":"article","og_title":"Stojak rowerowy retro B-04.60.o [l=36 cm] - MORIA DESIGN","og_description":"Ten solidny i oryginalny stojak rowerowy to stylowy mebel do miejskiej architektury. Dedykowany do zastosowania na obszarach rewitalizacji. Jako\u015b\u0107 premium!","og_url":"https:\/\/www.moriadesign.pl\/es\/product-2\/caballete-bicicleta-retro-b-04-60-o-l36-cm\/?wmc-currency=EUR","og_site_name":"MORIA DESIGN","article_modified_time":"2026-04-03T09:13:15+00:00","og_image":[{"width":1600,"height":1600,"url":"https:\/\/www.moriadesign.pl\/wp-content\/uploads\/2022\/12\/B-04.60.o_1-solidny-i-oryginalny-stojak-rowerowy.png","type":"image\/png"}],"twitter_card":"summary_large_image","twitter_misc":{"Tiempo de lectura":"3 minutos"},"schema":{"@context":"https:\/\/schema.org","@graph":[{"@type":"WebPage","@id":"https:\/\/www.moriadesign.pl\/produkt\/stojak-rowerowy-retro-b-04-60-o-l36-cm\/","url":"https:\/\/www.moriadesign.pl\/produkt\/stojak-rowerowy-retro-b-04-60-o-l36-cm\/","name":"Stojak rowerowy retro B-04.60.o [l=36 cm] - MORIA DESIGN","isPartOf":{"@id":"https:\/\/www.moriadesign.pl\/#website"},"datePublished":"2023-01-02T12:47:53+00:00","dateModified":"2026-04-03T09:13:15+00:00","description":"Ten solidny i oryginalny stojak rowerowy to stylowy mebel do miejskiej architektury. Dedykowany do zastosowania na obszarach rewitalizacji. Jako\u015b\u0107 premium!","breadcrumb":{"@id":"https:\/\/www.moriadesign.pl\/produkt\/stojak-rowerowy-retro-b-04-60-o-l36-cm\/#breadcrumb"},"inLanguage":"es","potentialAction":[{"@type":"ReadAction","target":["https:\/\/www.moriadesign.pl\/produkt\/stojak-rowerowy-retro-b-04-60-o-l36-cm\/"]}]},{"@type":"BreadcrumbList","@id":"https:\/\/www.moriadesign.pl\/produkt\/stojak-rowerowy-retro-b-04-60-o-l36-cm\/#breadcrumb","itemListElement":[{"@type":"ListItem","position":1,"name":"Strona g\u0142\u00f3wna","item":"https:\/\/www.moriadesign.pl\/"},{"@type":"ListItem","position":2,"name":"Sklep","item":"https:\/\/www.moriadesign.pl\/sklep\/"},{"@type":"ListItem","position":3,"name":"Stojak rowerowy retro B-04.60.o [l=36 cm]"}]},{"@type":"WebSite","@id":"https:\/\/www.moriadesign.pl\/#website","url":"https:\/\/www.moriadesign.pl\/","name":"MORIA DESIGN","description":"okucia do mebli, domu i ogrodu","potentialAction":[{"@type":"SearchAction","target":{"@type":"EntryPoint","urlTemplate":"https:\/\/www.moriadesign.pl\/?s={search_term_string}"},"query-input":"required name=search_term_string"}],"inLanguage":"es"}]}},"_links":{"self":[{"href":"https:\/\/www.moriadesign.pl\/es\/wp-json\/wp\/v2\/product\/1744"}],"collection":[{"href":"https:\/\/www.moriadesign.pl\/es\/wp-json\/wp\/v2\/product"}],"about":[{"href":"https:\/\/www.moriadesign.pl\/es\/wp-json\/wp\/v2\/types\/product"}],"wp:featuredmedia":[{"embeddable":true,"href":"https:\/\/www.moriadesign.pl\/es\/wp-json\/wp\/v2\/media\/1703"}],"wp:attachment":[{"href":"https:\/\/www.moriadesign.pl\/es\/wp-json\/wp\/v2\/media?parent=1744"}],"wp:term":[{"taxonomy":"product_cat","embeddable":true,"href":"https:\/\/www.moriadesign.pl\/es\/wp-json\/wp\/v2\/product_cat?post=1744"},{"taxonomy":"product_tag","embeddable":true,"href":"https:\/\/www.moriadesign.pl\/es\/wp-json\/wp\/v2\/product_tag?post=1744"}],"curies":[{"name":"wp","href":"https:\/\/api.w.org\/{rel}","templated":true}]}}