{"id":1743,"date":"2023-01-02T13:45:56","date_gmt":"2023-01-02T12:45:56","guid":{"rendered":"https:\/\/www.moriadesign.pl\/?post_type=product&#038;p=1743"},"modified":"2026-04-03T11:16:42","modified_gmt":"2026-04-03T09:16:42","slug":"stojak-rowerowy-retro-b-04-60-k-l36-cm","status":"publish","type":"product","link":"https:\/\/www.moriadesign.pl\/es\/product-2\/stojak-rowerowy-retro-b-04-60-k-l36-cm\/","title":{"rendered":"Aparcabicicletas B-04.60.k [l=36 cm]."},"content":{"rendered":"<h2>Caracter\u00edsticas y ventajas:<\/h2>\n<ul>\n<li>de acero (tubo + chapa con logotipo) &gt;\u00a0<b>perpetua<\/b>;<\/li>\n<li>M\u00e9todo de montaje - atornillado (orificio met\u00e1lico) &gt;\u00a0<b>f\u00e1cil de instalar<\/b>;<\/li>\n<li>*Galvanizado y recubierto de polvo en negro mate (brillo cero, estructura fina) - mucho m\u00e1s resistente a los da\u00f1os que los recubrimientos de pintura en aerosol, las pinturas en polvo son completamente seguras para las personas y el medio ambiente &gt;. <b>duradero y elegantemente acabado;<\/b><\/li>\n<li>wymiary: wysoko\u015b\u0107 &#8211; 80 cm, d\u0142ugo\u015b\u0107 &#8211; 36 cm, grubo\u015b\u0107 blachy &#8211; 2 mm, \u03a6 rury &#8211; 60,3 mm, grubo\u015b\u0107 kryzy &#8211; 4 mm &gt;<b>\u00a0muy s\u00f3lido<\/b>;<\/li>\n<li>hecho a m\u00e1quina &gt;\u00a0<b>repetitivo<\/b>.<\/li>\n<\/ul>\n<p>*Tambi\u00e9n est\u00e1 disponible la versi\u00f3n s\u00f3lo con recubrimiento en polvo.<\/p>\n<h2>Aplicaci\u00f3n:<\/h2>\n<ul>\n<li>El dise\u00f1o del soporte permite asegurar tanto el cuadro como la rueda de la bicicleta con un cable de seguridad. Tambi\u00e9n funciona bien para aparcar patinetes.<\/li>\n<\/ul>\n<details>\n<summary style=\"cursor: pointer;\">Seguir leyendo<\/summary>\n<h2><span lang=\"pl-PL\">Smuk\u0142y stojak ukszta\u0142tny model B-04.60.k \u2013 stojak rowerowy dwustanowiskowy w atrakcyjnej cenie<\/span><\/h2>\n<p><span lang=\"pl-PL\"><strong>Stojak na rower model B-04.60.k<\/strong><!-- jw. --> to masywny stojak rowerowy dwustanowiskowy w atrakcyjnej cenie od <a href=\"\/es\/?wmc-currency=EUR\">DISE\u00d1O MORIA<\/a><\/span><span lang=\"pl-PL\">. Jest to \u015bwietny wyb\u00f3r dla wszystkich, kt\u00f3rzy poszukuj\u0105 sprawdzonego i estetycznego rozwi\u0105zania w przyst\u0119pnej cenie, do zorganizowanego parkowania rower\u00f3w. Nasz ukszta\u0142tny<\/span><span lang=\"pl-PL\"> stojak zosta\u0142 wykonany z certyfikowanej stalowej rury oraz blachy z wyci\u0119tym logo roweru. Oferowany stojak rowerowy \u0142\u0105czy w sobie wytrzyma\u0142o\u015b\u0107, funkcjonalno\u015b\u0107 oraz elegancki wygl\u0105d. Zastosowane materia\u0142y wraz z zabezpieczeniem antykorozyjnym (opcja stojaka wykonanego z ocynkowanej rury) sprawiaj\u0105, \u017ce stojak jest praktycznie wieczny. Stojak jest odporny na warunki atmosferyczne oraz uszkodzenia mechaniczne. Idealnie sprawdzi si\u0119 w przestrzeniach miejskich, parkach, szko\u0142ach czy przed domem, zapewniaj\u0105c bezpieczne i wygodne miejsce do uporz\u0105dkowanego parkowania rower\u00f3w.\u00a0<\/span><\/p>\n<p><span lang=\"pl-PL\"><strong>Pojedynczy stojak rowerowy B-04.60.k<\/strong>\u00a0firmy MORIA DESIGN to sprawdzony przyk\u0142ad solidno\u015bci i przemy\u015blanej, funkcjonalnej konstrukcji. Stojak wykonany jest ze stalowej rury o \u015brednicy 60,3 mm i grubo\u015bci \u015bcianki 2,9 mm, co zapewnia oczekiwan\u0105 stabilno\u015b\u0107 i wytrzyma\u0142o\u015b\u0107. Poprzecznie wspawana blacha o grubo\u015bci 2 mm jest miejscem dedykowanym do wyeksponowania logo. Stojak dost\u0119py jest w wersji malowanej proszkowo lub ocynkowanej i malowanej proszkowo, co dodatkowo podnosi jego trwa\u0142o\u015b\u0107 i odporno\u015b\u0107 na korozj\u0119.<\/span><\/p>\n<p><strong>Aparcabicicletas modelo B-04.60.k<\/strong> wyr\u00f3\u017cniaj\u0105 si\u0119 eleganckim, smuk\u0142ym wygl\u0105dem oraz wysok\u0105 jako\u015bci\u0105 wykonania. Dzi\u0119ki swoim kompaktowym wymiarom, \u0142atwo mo\u017cna je zamontowa\u0107 nawet w miejscach o niewielkich powierzchni. Prezentowany model stojaka jest przeznaczony do przykr\u0119cenia lub zakotwienia. Ten wz\u00f3r stojaka rowerowego oferujemy r\u00f3wnie\u017c w wersji do zabetonowania, a tak\u017ce w wersji retro, tzw. dekoracyjnej z ozdobnymi, \u017celiwnymi opaskami, r\u00f3wnie\u017c do zabetonowania.<\/p>\n<p><span lang=\"pl-PL\">Se ofrece <a href=\"\/es\/oferta\/portabicicletas\/?wmc-currency=EUR\">portabicicletas<\/a> de MORIA DESIGN es una combinaci\u00f3n simult\u00e1nea de durabilidad, funcionalidad y elegancia. Fabricados con materiales de alta calidad, debidamente protegidos contra la corrosi\u00f3n y con un acabado est\u00e9tico, estos soportes gozan de numerosas opiniones positivas entre los usuarios. Los soportes pueden utilizarse para aparcar dos bicicletas, incluidas bicicletas el\u00e9ctricas y scooters. Le invitamos a adquirir portabicicletas robustos y elegantes a un precio atractivo, que le garantizar\u00e1n seguridad y comodidad de uso durante muchos a\u00f1os.<\/span><\/p>\n<\/details>","protected":false},"excerpt":{"rendered":"<p>Cechy i zalety: wykonany ze stali (rura + blacha z logo) &gt;\u00a0wieczny; spos\u00f3b monta\u017cu &#8211; przykr\u0119cenie (metalowa kryza) &gt;\u00a0\u0142atwy w monta\u017cu; *ocynkowany oraz pomalowany farb\u0105 proszkow\u0105 w kolorze czarny mat (zero po\u0142ysku, drobna struktura) \u2013 zdecydowanie wy\u017csza odporno\u015b\u0107 na uszkodzenia od pow\u0142ok farb natryskowych, farby proszkowe s\u0105 w pe\u0142ni bezpieczne dla ludzi i \u015brodowiska &gt;&#8230;<\/p>","protected":false},"featured_media":1701,"template":"","meta":{"inline_featured_image":false},"product_cat":[35],"product_tag":[60,56,64,59,55,63,62,57,58,71],"acf":[],"yoast_head":"<!-- This site is optimized with the Yoast SEO plugin v20.2 - https:\/\/yoast.com\/wordpress\/plugins\/seo\/ -->\n<title>Stojak rowerowy B-04.60.k [l=36 cm] - MORIA DESIGN<\/title>\n<meta name=\"description\" content=\"Stojak dla dw\u00f3ch rower\u00f3w w atrakcyjnej cenie. Posiada miejsce na logo. Idealnie pasuje do przestrzeni w stylu loft. Gwarancja satysfakcji. Szybka wysy\u0142ka!\" \/>\n<meta name=\"robots\" content=\"index, follow, max-snippet:-1, max-image-preview:large, max-video-preview:-1\" \/>\n<link rel=\"canonical\" href=\"https:\/\/www.moriadesign.pl\/es\/product-2\/stojak-rowerowy-retro-b-04-60-k-l36-cm\/?wmc-currency=EUR\" \/>\n<meta property=\"og:locale\" content=\"es_ES\" \/>\n<meta property=\"og:type\" content=\"article\" \/>\n<meta property=\"og:title\" content=\"Stojak rowerowy B-04.60.k [l=36 cm] - MORIA DESIGN\" \/>\n<meta property=\"og:description\" content=\"Stojak dla dw\u00f3ch rower\u00f3w w atrakcyjnej cenie. Posiada miejsce na logo. Idealnie pasuje do przestrzeni w stylu loft. Gwarancja satysfakcji. Szybka wysy\u0142ka!\" \/>\n<meta property=\"og:url\" content=\"https:\/\/www.moriadesign.pl\/es\/product-2\/stojak-rowerowy-retro-b-04-60-k-l36-cm\/?wmc-currency=EUR\" \/>\n<meta property=\"og:site_name\" content=\"MORIA DESIGN\" \/>\n<meta property=\"article:modified_time\" content=\"2026-04-03T09:16:42+00:00\" \/>\n<meta property=\"og:image\" content=\"https:\/\/www.moriadesign.pl\/wp-content\/uploads\/2022\/12\/B-04.60.k_1-stojak-dla-dwoch-rowerow-w-atrakcyjnej-cenie.png\" \/>\n\t<meta property=\"og:image:width\" content=\"1600\" \/>\n\t<meta property=\"og:image:height\" content=\"1600\" \/>\n\t<meta property=\"og:image:type\" content=\"image\/png\" \/>\n<meta name=\"twitter:card\" content=\"summary_large_image\" \/>\n<meta name=\"twitter:label1\" content=\"Tiempo de lectura\" \/>\n\t<meta name=\"twitter:data1\" content=\"3 minutos\" \/>\n<script type=\"application\/ld+json\" class=\"yoast-schema-graph\">{\"@context\":\"https:\/\/schema.org\",\"@graph\":[{\"@type\":\"WebPage\",\"@id\":\"https:\/\/www.moriadesign.pl\/produkt\/stojak-rowerowy-retro-b-04-60-k-l36-cm\/\",\"url\":\"https:\/\/www.moriadesign.pl\/produkt\/stojak-rowerowy-retro-b-04-60-k-l36-cm\/\",\"name\":\"Stojak rowerowy B-04.60.k [l=36 cm] - MORIA DESIGN\",\"isPartOf\":{\"@id\":\"https:\/\/www.moriadesign.pl\/#website\"},\"datePublished\":\"2023-01-02T12:45:56+00:00\",\"dateModified\":\"2026-04-03T09:16:42+00:00\",\"description\":\"Stojak dla dw\u00f3ch rower\u00f3w w atrakcyjnej cenie. Posiada miejsce na logo. Idealnie pasuje do przestrzeni w stylu loft. Gwarancja satysfakcji. Szybka wysy\u0142ka!\",\"breadcrumb\":{\"@id\":\"https:\/\/www.moriadesign.pl\/produkt\/stojak-rowerowy-retro-b-04-60-k-l36-cm\/#breadcrumb\"},\"inLanguage\":\"es\",\"potentialAction\":[{\"@type\":\"ReadAction\",\"target\":[\"https:\/\/www.moriadesign.pl\/produkt\/stojak-rowerowy-retro-b-04-60-k-l36-cm\/\"]}]},{\"@type\":\"BreadcrumbList\",\"@id\":\"https:\/\/www.moriadesign.pl\/produkt\/stojak-rowerowy-retro-b-04-60-k-l36-cm\/#breadcrumb\",\"itemListElement\":[{\"@type\":\"ListItem\",\"position\":1,\"name\":\"Strona g\u0142\u00f3wna\",\"item\":\"https:\/\/www.moriadesign.pl\/\"},{\"@type\":\"ListItem\",\"position\":2,\"name\":\"Sklep\",\"item\":\"https:\/\/www.moriadesign.pl\/sklep\/\"},{\"@type\":\"ListItem\",\"position\":3,\"name\":\"Stojak rowerowy B-04.60.k [l=36 cm]\"}]},{\"@type\":\"WebSite\",\"@id\":\"https:\/\/www.moriadesign.pl\/#website\",\"url\":\"https:\/\/www.moriadesign.pl\/\",\"name\":\"MORIA DESIGN\",\"description\":\"okucia do mebli, domu i ogrodu\",\"potentialAction\":[{\"@type\":\"SearchAction\",\"target\":{\"@type\":\"EntryPoint\",\"urlTemplate\":\"https:\/\/www.moriadesign.pl\/?s={search_term_string}\"},\"query-input\":\"required name=search_term_string\"}],\"inLanguage\":\"es\"}]}<\/script>\n<!-- \/ Yoast SEO plugin. -->","yoast_head_json":{"title":"Stojak rowerowy B-04.60.k [l=36 cm] - MORIA DESIGN","description":"Stojak dla dw\u00f3ch rower\u00f3w w atrakcyjnej cenie. Posiada miejsce na logo. Idealnie pasuje do przestrzeni w stylu loft. Gwarancja satysfakcji. Szybka wysy\u0142ka!","robots":{"index":"index","follow":"follow","max-snippet":"max-snippet:-1","max-image-preview":"max-image-preview:large","max-video-preview":"max-video-preview:-1"},"canonical":"https:\/\/www.moriadesign.pl\/es\/product-2\/stojak-rowerowy-retro-b-04-60-k-l36-cm\/?wmc-currency=EUR","og_locale":"es_ES","og_type":"article","og_title":"Stojak rowerowy B-04.60.k [l=36 cm] - MORIA DESIGN","og_description":"Stojak dla dw\u00f3ch rower\u00f3w w atrakcyjnej cenie. Posiada miejsce na logo. Idealnie pasuje do przestrzeni w stylu loft. Gwarancja satysfakcji. Szybka wysy\u0142ka!","og_url":"https:\/\/www.moriadesign.pl\/es\/product-2\/stojak-rowerowy-retro-b-04-60-k-l36-cm\/?wmc-currency=EUR","og_site_name":"MORIA DESIGN","article_modified_time":"2026-04-03T09:16:42+00:00","og_image":[{"width":1600,"height":1600,"url":"https:\/\/www.moriadesign.pl\/wp-content\/uploads\/2022\/12\/B-04.60.k_1-stojak-dla-dwoch-rowerow-w-atrakcyjnej-cenie.png","type":"image\/png"}],"twitter_card":"summary_large_image","twitter_misc":{"Tiempo de lectura":"3 minutos"},"schema":{"@context":"https:\/\/schema.org","@graph":[{"@type":"WebPage","@id":"https:\/\/www.moriadesign.pl\/produkt\/stojak-rowerowy-retro-b-04-60-k-l36-cm\/","url":"https:\/\/www.moriadesign.pl\/produkt\/stojak-rowerowy-retro-b-04-60-k-l36-cm\/","name":"Stojak rowerowy B-04.60.k [l=36 cm] - MORIA DESIGN","isPartOf":{"@id":"https:\/\/www.moriadesign.pl\/#website"},"datePublished":"2023-01-02T12:45:56+00:00","dateModified":"2026-04-03T09:16:42+00:00","description":"Stojak dla dw\u00f3ch rower\u00f3w w atrakcyjnej cenie. Posiada miejsce na logo. Idealnie pasuje do przestrzeni w stylu loft. Gwarancja satysfakcji. Szybka wysy\u0142ka!","breadcrumb":{"@id":"https:\/\/www.moriadesign.pl\/produkt\/stojak-rowerowy-retro-b-04-60-k-l36-cm\/#breadcrumb"},"inLanguage":"es","potentialAction":[{"@type":"ReadAction","target":["https:\/\/www.moriadesign.pl\/produkt\/stojak-rowerowy-retro-b-04-60-k-l36-cm\/"]}]},{"@type":"BreadcrumbList","@id":"https:\/\/www.moriadesign.pl\/produkt\/stojak-rowerowy-retro-b-04-60-k-l36-cm\/#breadcrumb","itemListElement":[{"@type":"ListItem","position":1,"name":"Strona g\u0142\u00f3wna","item":"https:\/\/www.moriadesign.pl\/"},{"@type":"ListItem","position":2,"name":"Sklep","item":"https:\/\/www.moriadesign.pl\/sklep\/"},{"@type":"ListItem","position":3,"name":"Stojak rowerowy B-04.60.k [l=36 cm]"}]},{"@type":"WebSite","@id":"https:\/\/www.moriadesign.pl\/#website","url":"https:\/\/www.moriadesign.pl\/","name":"MORIA DESIGN","description":"okucia do mebli, domu i ogrodu","potentialAction":[{"@type":"SearchAction","target":{"@type":"EntryPoint","urlTemplate":"https:\/\/www.moriadesign.pl\/?s={search_term_string}"},"query-input":"required name=search_term_string"}],"inLanguage":"es"}]}},"_links":{"self":[{"href":"https:\/\/www.moriadesign.pl\/es\/wp-json\/wp\/v2\/product\/1743"}],"collection":[{"href":"https:\/\/www.moriadesign.pl\/es\/wp-json\/wp\/v2\/product"}],"about":[{"href":"https:\/\/www.moriadesign.pl\/es\/wp-json\/wp\/v2\/types\/product"}],"wp:featuredmedia":[{"embeddable":true,"href":"https:\/\/www.moriadesign.pl\/es\/wp-json\/wp\/v2\/media\/1701"}],"wp:attachment":[{"href":"https:\/\/www.moriadesign.pl\/es\/wp-json\/wp\/v2\/media?parent=1743"}],"wp:term":[{"taxonomy":"product_cat","embeddable":true,"href":"https:\/\/www.moriadesign.pl\/es\/wp-json\/wp\/v2\/product_cat?post=1743"},{"taxonomy":"product_tag","embeddable":true,"href":"https:\/\/www.moriadesign.pl\/es\/wp-json\/wp\/v2\/product_tag?post=1743"}],"curies":[{"name":"wp","href":"https:\/\/api.w.org\/{rel}","templated":true}]}}