{"id":1742,"date":"2023-01-02T13:43:54","date_gmt":"2023-01-02T12:43:54","guid":{"rendered":"https:\/\/www.moriadesign.pl\/?post_type=product&#038;p=1742"},"modified":"2026-04-03T11:19:18","modified_gmt":"2026-04-03T09:19:18","slug":"stojak-rowerowy-retro-b-04-60-b-l36-cm","status":"publish","type":"product","link":"https:\/\/www.moriadesign.pl\/es\/product-2\/soporte-bicicleta-retro-b-04-60-b-l36-cm\/","title":{"rendered":"Aparcabicicletas B-04.60.b [l=36 cm]."},"content":{"rendered":"<h2>Caracter\u00edsticas y ventajas:<\/h2>\n<ul>\n<li>de acero (tubo + chapa con logotipo) &gt;\u00a0<b>perpetua<\/b>;<\/li>\n<li>m\u00e9todo de instalaci\u00f3n - hormig\u00f3n (tubo dedicado de 30 cm) &gt; <b>f\u00e1cil de instalar<\/b>;<\/li>\n<li>*Galvanizado y recubierto de polvo en negro mate (brillo cero, estructura fina) - mucho m\u00e1s resistente a los da\u00f1os que los recubrimientos de pintura en aerosol, las pinturas en polvo son completamente seguras para las personas y el medio ambiente &gt;. <b>duradero y elegantemente acabado;<\/b><\/li>\n<li>Dimensiones: altura - 80 cm + 30 cm para hormigonar, longitud - 36 cm, espesor de la chapa - 2 mm, tubo \u03a6 - 60,3 mm &gt;<b>\u00a0muy s\u00f3lido<\/b>;<\/li>\n<li>hecho a m\u00e1quina &gt;\u00a0<b>repetitivo<\/b>.<\/li>\n<\/ul>\n<p>*Tambi\u00e9n est\u00e1 disponible la versi\u00f3n s\u00f3lo con recubrimiento en polvo.<\/p>\n<h2>Aplicaci\u00f3n:<\/h2>\n<ul>\n<li>El dise\u00f1o del soporte permite asegurar tanto el cuadro como la rueda de la bicicleta con un cable de seguridad. Tambi\u00e9n funciona bien para aparcar patinetes.<\/li>\n<\/ul>\n<details>\n<summary style=\"cursor: pointer;\">Seguir leyendo<\/summary>\n<h2><span lang=\"pl-PL\">Robusto y econ\u00f3mico portabicicletas en U modelo B-04.60.b - el portabicicletas ideal para la entrada de la casa<\/span><\/h2>\n<p><span lang=\"pl-PL\"><strong>Aparcabicicletas modelo B-04.60.b<\/strong><!-- jw. --> es un soporte de bicicleta robusto y barato fabricado con tubo de <a href=\"\/es\/?wmc-currency=EUR\">DISE\u00d1O MORIA<\/a><\/span><span lang=\"pl-PL\">. Es la elecci\u00f3n perfecta para cualquiera que busque una soluci\u00f3n probada y est\u00e9ticamente agradable, a un precio atractivo, para el aparcamiento ordenado de bicicletas y scooters delante de casa. Nuestra forma<\/span><span lang=\"pl-PL\"> El soporte est\u00e1 fabricado en tubo de acero certificado y chapa met\u00e1lica con el logotipo de la bicicleta recortado. El soporte para bicicletas que se ofrece combina durabilidad, funcionalidad y dise\u00f1o elegante. Los materiales utilizados, junto con la protecci\u00f3n anticorrosi\u00f3n, hacen que el soporte sea pr\u00e1cticamente eterno. Es extremadamente resistente a las condiciones meteorol\u00f3gicas y a los da\u00f1os mec\u00e1nicos. Es ideal para espacios urbanos, parques, escuelas o patios traseros, ya que proporciona un lugar seguro y c\u00f3modo para sujetar bicicletas con cadena, cable o candado en U.\u00a0<\/span><\/p>\n<p><span lang=\"pl-PL\"><strong>Aparcabicicletas individual B-04.60.b<\/strong> de MORIA DESIGN es un ejemplo garantizado de solidez y dise\u00f1o reflexivo y funcional. El soporte est\u00e1 fabricado con un tubo de acero de 60,3 mm de di\u00e1metro y 2,9 mm de grosor de pared, lo que garantiza una gran estabilidad y resistencia. La chapa met\u00e1lica de 2 mm de grosor, soldada transversalmente, es un espacio dedicado a mostrar el logotipo. El soporte est\u00e1 disponible con recubrimiento de polvo o galvanizado y con recubrimiento de polvo para una mayor durabilidad y resistencia a la corrosi\u00f3n.<\/span><\/p>\n<p><strong>Aparcabicicletas modelo B-04.60.b<\/strong> se distinguen por su dise\u00f1o elegante y estilizado y su fabricaci\u00f3n de alta calidad. Gracias a sus dimensiones compactas, puede instalarse f\u00e1cilmente incluso en zonas con espacio limitado. El modelo presentado del soporte est\u00e1 destinado al hormigonado. Tambi\u00e9n ofrecemos este dise\u00f1o de soporte para bicicletas en una versi\u00f3n para atornillar o anclar, as\u00ed como en una versi\u00f3n retro, la llamada versi\u00f3n decorativa con bandas decorativas de hierro fundido tambi\u00e9n para hormigonar.<\/p>\n<p><span lang=\"pl-PL\">Robusto <a href=\"\/es\/oferta\/portabicicletas\/?wmc-currency=EUR\">portabicicletas<\/a> de MORIA DESIGN es una combinaci\u00f3n simult\u00e1nea de durabilidad, funcionalidad y elegancia. Fabricados con materiales de alta calidad, debidamente protegidos contra la corrosi\u00f3n y con un acabado est\u00e9tico, estos soportes satisfar\u00e1n las necesidades de los usuarios m\u00e1s exigentes. Los soportes pueden utilizarse para aparcar dos bicicletas, incluidas bicicletas el\u00e9ctricas y scooters, lo que los convierte en una soluci\u00f3n extremadamente pr\u00e1ctica. Le invitamos a adquirir los s\u00f3lidos y elegantes aparcabicicletas de MORIA DESIGN, que le garantizar\u00e1n seguridad y comodidad de uso durante muchos a\u00f1os.<\/span><\/p>\n<\/details>","protected":false},"excerpt":{"rendered":"<p>Cechy i zalety: wykonany ze stali (rura + blacha z logo) &gt;\u00a0wieczny; spos\u00f3b monta\u017cu &#8211; zabetonowanie (dedykowane 30 cm rury) &gt; \u0142atwy w monta\u017cu; *ocynkowany oraz pomalowany farb\u0105 proszkow\u0105 w kolorze czarny mat (zero po\u0142ysku, drobna struktura) \u2013 zdecydowanie wy\u017csza odporno\u015b\u0107 na uszkodzenia od pow\u0142ok farb natryskowych, farby proszkowe s\u0105 w pe\u0142ni bezpieczne dla ludzi&#8230;<\/p>","protected":false},"featured_media":1699,"template":"","meta":{"inline_featured_image":false},"product_cat":[35],"product_tag":[60,56,64,59,55,74,63,62,57,58],"acf":[],"yoast_head":"<!-- This site is optimized with the Yoast SEO plugin v20.2 - https:\/\/yoast.com\/wordpress\/plugins\/seo\/ -->\n<title>Stojak rowerowy B-04.60.b [l=36 cm] - MORIA DESIGN<\/title>\n<meta name=\"description\" content=\"Solidny i tani stojak rowerowy z masywnej rury z miejscem na logo. Idealny stojak na rower przed domem. Wysoka jako\u015b\u0107. Zam\u00f3w ju\u017c dzi\u015b, a wysy\u0142ka ju\u017c jutro!\" \/>\n<meta name=\"robots\" content=\"index, follow, max-snippet:-1, max-image-preview:large, max-video-preview:-1\" \/>\n<link rel=\"canonical\" href=\"https:\/\/www.moriadesign.pl\/es\/product-2\/soporte-bicicleta-retro-b-04-60-b-l36-cm\/?wmc-currency=EUR\" \/>\n<meta property=\"og:locale\" content=\"es_ES\" \/>\n<meta property=\"og:type\" content=\"article\" \/>\n<meta property=\"og:title\" content=\"Stojak rowerowy B-04.60.b [l=36 cm] - MORIA DESIGN\" \/>\n<meta property=\"og:description\" content=\"Solidny i tani stojak rowerowy z masywnej rury z miejscem na logo. Idealny stojak na rower przed domem. Wysoka jako\u015b\u0107. Zam\u00f3w ju\u017c dzi\u015b, a wysy\u0142ka ju\u017c jutro!\" \/>\n<meta property=\"og:url\" content=\"https:\/\/www.moriadesign.pl\/es\/product-2\/soporte-bicicleta-retro-b-04-60-b-l36-cm\/?wmc-currency=EUR\" \/>\n<meta property=\"og:site_name\" content=\"MORIA DESIGN\" \/>\n<meta property=\"article:modified_time\" content=\"2026-04-03T09:19:18+00:00\" \/>\n<meta property=\"og:image\" content=\"https:\/\/www.moriadesign.pl\/wp-content\/uploads\/2022\/12\/B-04.60.b_1-stojak-rowerowy-z-rury-do-zabetonowania.png\" \/>\n\t<meta property=\"og:image:width\" content=\"1600\" \/>\n\t<meta property=\"og:image:height\" content=\"1600\" \/>\n\t<meta property=\"og:image:type\" content=\"image\/png\" \/>\n<meta name=\"twitter:card\" content=\"summary_large_image\" \/>\n<meta name=\"twitter:label1\" content=\"Tiempo de lectura\" \/>\n\t<meta name=\"twitter:data1\" content=\"3 minutos\" \/>\n<script type=\"application\/ld+json\" class=\"yoast-schema-graph\">{\"@context\":\"https:\/\/schema.org\",\"@graph\":[{\"@type\":\"WebPage\",\"@id\":\"https:\/\/www.moriadesign.pl\/produkt\/stojak-rowerowy-retro-b-04-60-b-l36-cm\/\",\"url\":\"https:\/\/www.moriadesign.pl\/produkt\/stojak-rowerowy-retro-b-04-60-b-l36-cm\/\",\"name\":\"Stojak rowerowy B-04.60.b [l=36 cm] - MORIA DESIGN\",\"isPartOf\":{\"@id\":\"https:\/\/www.moriadesign.pl\/#website\"},\"datePublished\":\"2023-01-02T12:43:54+00:00\",\"dateModified\":\"2026-04-03T09:19:18+00:00\",\"description\":\"Solidny i tani stojak rowerowy z masywnej rury z miejscem na logo. Idealny stojak na rower przed domem. Wysoka jako\u015b\u0107. Zam\u00f3w ju\u017c dzi\u015b, a wysy\u0142ka ju\u017c jutro!\",\"breadcrumb\":{\"@id\":\"https:\/\/www.moriadesign.pl\/produkt\/stojak-rowerowy-retro-b-04-60-b-l36-cm\/#breadcrumb\"},\"inLanguage\":\"es\",\"potentialAction\":[{\"@type\":\"ReadAction\",\"target\":[\"https:\/\/www.moriadesign.pl\/produkt\/stojak-rowerowy-retro-b-04-60-b-l36-cm\/\"]}]},{\"@type\":\"BreadcrumbList\",\"@id\":\"https:\/\/www.moriadesign.pl\/produkt\/stojak-rowerowy-retro-b-04-60-b-l36-cm\/#breadcrumb\",\"itemListElement\":[{\"@type\":\"ListItem\",\"position\":1,\"name\":\"Strona g\u0142\u00f3wna\",\"item\":\"https:\/\/www.moriadesign.pl\/\"},{\"@type\":\"ListItem\",\"position\":2,\"name\":\"Sklep\",\"item\":\"https:\/\/www.moriadesign.pl\/sklep\/\"},{\"@type\":\"ListItem\",\"position\":3,\"name\":\"Stojak rowerowy B-04.60.b [l=36 cm]\"}]},{\"@type\":\"WebSite\",\"@id\":\"https:\/\/www.moriadesign.pl\/#website\",\"url\":\"https:\/\/www.moriadesign.pl\/\",\"name\":\"MORIA DESIGN\",\"description\":\"okucia do mebli, domu i ogrodu\",\"potentialAction\":[{\"@type\":\"SearchAction\",\"target\":{\"@type\":\"EntryPoint\",\"urlTemplate\":\"https:\/\/www.moriadesign.pl\/?s={search_term_string}\"},\"query-input\":\"required name=search_term_string\"}],\"inLanguage\":\"es\"}]}<\/script>\n<!-- \/ Yoast SEO plugin. -->","yoast_head_json":{"title":"Stojak rowerowy B-04.60.b [l=36 cm] - MORIA DESIGN","description":"Solidny i tani stojak rowerowy z masywnej rury z miejscem na logo. Idealny stojak na rower przed domem. Wysoka jako\u015b\u0107. Zam\u00f3w ju\u017c dzi\u015b, a wysy\u0142ka ju\u017c jutro!","robots":{"index":"index","follow":"follow","max-snippet":"max-snippet:-1","max-image-preview":"max-image-preview:large","max-video-preview":"max-video-preview:-1"},"canonical":"https:\/\/www.moriadesign.pl\/es\/product-2\/soporte-bicicleta-retro-b-04-60-b-l36-cm\/?wmc-currency=EUR","og_locale":"es_ES","og_type":"article","og_title":"Stojak rowerowy B-04.60.b [l=36 cm] - MORIA DESIGN","og_description":"Solidny i tani stojak rowerowy z masywnej rury z miejscem na logo. Idealny stojak na rower przed domem. Wysoka jako\u015b\u0107. Zam\u00f3w ju\u017c dzi\u015b, a wysy\u0142ka ju\u017c jutro!","og_url":"https:\/\/www.moriadesign.pl\/es\/product-2\/soporte-bicicleta-retro-b-04-60-b-l36-cm\/?wmc-currency=EUR","og_site_name":"MORIA DESIGN","article_modified_time":"2026-04-03T09:19:18+00:00","og_image":[{"width":1600,"height":1600,"url":"https:\/\/www.moriadesign.pl\/wp-content\/uploads\/2022\/12\/B-04.60.b_1-stojak-rowerowy-z-rury-do-zabetonowania.png","type":"image\/png"}],"twitter_card":"summary_large_image","twitter_misc":{"Tiempo de lectura":"3 minutos"},"schema":{"@context":"https:\/\/schema.org","@graph":[{"@type":"WebPage","@id":"https:\/\/www.moriadesign.pl\/produkt\/stojak-rowerowy-retro-b-04-60-b-l36-cm\/","url":"https:\/\/www.moriadesign.pl\/produkt\/stojak-rowerowy-retro-b-04-60-b-l36-cm\/","name":"Stojak rowerowy B-04.60.b [l=36 cm] - MORIA DESIGN","isPartOf":{"@id":"https:\/\/www.moriadesign.pl\/#website"},"datePublished":"2023-01-02T12:43:54+00:00","dateModified":"2026-04-03T09:19:18+00:00","description":"Solidny i tani stojak rowerowy z masywnej rury z miejscem na logo. Idealny stojak na rower przed domem. Wysoka jako\u015b\u0107. Zam\u00f3w ju\u017c dzi\u015b, a wysy\u0142ka ju\u017c jutro!","breadcrumb":{"@id":"https:\/\/www.moriadesign.pl\/produkt\/stojak-rowerowy-retro-b-04-60-b-l36-cm\/#breadcrumb"},"inLanguage":"es","potentialAction":[{"@type":"ReadAction","target":["https:\/\/www.moriadesign.pl\/produkt\/stojak-rowerowy-retro-b-04-60-b-l36-cm\/"]}]},{"@type":"BreadcrumbList","@id":"https:\/\/www.moriadesign.pl\/produkt\/stojak-rowerowy-retro-b-04-60-b-l36-cm\/#breadcrumb","itemListElement":[{"@type":"ListItem","position":1,"name":"Strona g\u0142\u00f3wna","item":"https:\/\/www.moriadesign.pl\/"},{"@type":"ListItem","position":2,"name":"Sklep","item":"https:\/\/www.moriadesign.pl\/sklep\/"},{"@type":"ListItem","position":3,"name":"Stojak rowerowy B-04.60.b [l=36 cm]"}]},{"@type":"WebSite","@id":"https:\/\/www.moriadesign.pl\/#website","url":"https:\/\/www.moriadesign.pl\/","name":"MORIA DESIGN","description":"okucia do mebli, domu i ogrodu","potentialAction":[{"@type":"SearchAction","target":{"@type":"EntryPoint","urlTemplate":"https:\/\/www.moriadesign.pl\/?s={search_term_string}"},"query-input":"required name=search_term_string"}],"inLanguage":"es"}]}},"_links":{"self":[{"href":"https:\/\/www.moriadesign.pl\/es\/wp-json\/wp\/v2\/product\/1742"}],"collection":[{"href":"https:\/\/www.moriadesign.pl\/es\/wp-json\/wp\/v2\/product"}],"about":[{"href":"https:\/\/www.moriadesign.pl\/es\/wp-json\/wp\/v2\/types\/product"}],"wp:featuredmedia":[{"embeddable":true,"href":"https:\/\/www.moriadesign.pl\/es\/wp-json\/wp\/v2\/media\/1699"}],"wp:attachment":[{"href":"https:\/\/www.moriadesign.pl\/es\/wp-json\/wp\/v2\/media?parent=1742"}],"wp:term":[{"taxonomy":"product_cat","embeddable":true,"href":"https:\/\/www.moriadesign.pl\/es\/wp-json\/wp\/v2\/product_cat?post=1742"},{"taxonomy":"product_tag","embeddable":true,"href":"https:\/\/www.moriadesign.pl\/es\/wp-json\/wp\/v2\/product_tag?post=1742"}],"curies":[{"name":"wp","href":"https:\/\/api.w.org\/{rel}","templated":true}]}}