{"id":1660,"date":"2022-12-27T12:14:12","date_gmt":"2022-12-27T11:14:12","guid":{"rendered":"https:\/\/www.moriadesign.pl\/?post_type=product&#038;p=1660"},"modified":"2023-01-13T21:21:39","modified_gmt":"2023-01-13T20:21:39","slug":"mocowanie-ciesielskie-m-02-l255-cm","status":"publish","type":"product","link":"https:\/\/www.moriadesign.pl\/es\/product-2\/accesorio-de-carpinteria-m-02-l255-cm\/","title":{"rendered":"Fijaci\u00f3n de carpinter\u00eda M-02 [l=25,5 cm]"},"content":{"rendered":"<h2>Caracter\u00edsticas y ventajas:<\/h2>\n<ul>\n<li>de acero de alta calidad &gt; <b>eterno;<\/b><\/li>\n<li>orificios de montaje biselados &gt;\u00a0<b>est\u00e9tica;<\/b><\/li>\n<li>Recubrimiento en polvo en negro mate (brillo cero, estructura fina): mucho m\u00e1s resistente a los da\u00f1os que los recubrimientos de pintura en aerosol, las pinturas en polvo son completamente seguras para las personas y el medio ambiente &gt; <b>duradero y elegantemente acabado;<\/b><\/li>\n<li>Dimensiones: grosor de la chapa - 3 mm, \u03a6 de los orificios de montaje - 5,2 mm &gt;. <b>masiva;<\/b><\/li>\n<li>Dimensiones m\u00e1ximas: anchura - 5 cm, longitud - 25,5 cm, altura - 10,5 cm &gt; <b>proporcional.<\/b><\/li>\n<\/ul>\n<h2>Aplicaci\u00f3n:<\/h2>\n<ul>\n<li>para cenadores, arquitectura de jard\u00edn en madera.<\/li>\n<\/ul>","protected":false},"excerpt":{"rendered":"<p>Cechy i zalety: wykonane z wysokiej gatunkowo stali &gt; wieczne; fazowane otwory monta\u017cowe &gt;\u00a0estetyczne; pomalowane farb\u0105 proszkow\u0105 w kolorze czarny mat (zero po\u0142ysku, drobna struktura) \u2013 zdecydowanie wy\u017csza odporno\u015b\u0107 na uszkodzenia od pow\u0142ok farb natryskowych, farby proszkowe s\u0105 w pe\u0142ni bezpieczne dla ludzi i \u015brodowiska &gt; trwale i elegancko wyko\u0144czone; wymiary: grubo\u015b\u0107 blachy \u2013 3&#8230;<\/p>","protected":false},"featured_media":1647,"template":"","meta":{"inline_featured_image":false},"product_cat":[33],"product_tag":[],"acf":[],"yoast_head":"<!-- This site is optimized with the Yoast SEO plugin v20.2 - https:\/\/yoast.com\/wordpress\/plugins\/seo\/ -->\n<title>Mocowanie ciesielskie M-02 [l=25,5 cm] - MORIA DESIGN<\/title>\n<meta name=\"robots\" content=\"index, follow, max-snippet:-1, max-image-preview:large, max-video-preview:-1\" \/>\n<link rel=\"canonical\" href=\"https:\/\/www.moriadesign.pl\/es\/product-2\/accesorio-de-carpinteria-m-02-l255-cm\/?wmc-currency=EUR\" \/>\n<meta property=\"og:locale\" content=\"es_ES\" \/>\n<meta property=\"og:type\" content=\"article\" \/>\n<meta property=\"og:title\" content=\"Mocowanie ciesielskie M-02 [l=25,5 cm] - MORIA DESIGN\" \/>\n<meta property=\"og:description\" content=\"Cechy i zalety: wykonane z wysokiej gatunkowo stali &gt; wieczne; fazowane otwory monta\u017cowe &gt;\u00a0estetyczne; pomalowane farb\u0105 proszkow\u0105 w kolorze czarny mat (zero po\u0142ysku, drobna struktura) \u2013 zdecydowanie wy\u017csza odporno\u015b\u0107 na uszkodzenia od pow\u0142ok farb natryskowych, farby proszkowe s\u0105 w pe\u0142ni bezpieczne dla ludzi i \u015brodowiska &gt; trwale i elegancko wyko\u0144czone; wymiary: grubo\u015b\u0107 blachy \u2013 3...\" \/>\n<meta property=\"og:url\" content=\"https:\/\/www.moriadesign.pl\/es\/product-2\/accesorio-de-carpinteria-m-02-l255-cm\/?wmc-currency=EUR\" \/>\n<meta property=\"og:site_name\" content=\"MORIA DESIGN\" \/>\n<meta property=\"article:modified_time\" content=\"2023-01-13T20:21:39+00:00\" \/>\n<meta property=\"og:image\" content=\"https:\/\/www.moriadesign.pl\/wp-content\/uploads\/2022\/12\/M-02_1.png\" \/>\n\t<meta property=\"og:image:width\" content=\"1600\" \/>\n\t<meta property=\"og:image:height\" content=\"1600\" \/>\n\t<meta property=\"og:image:type\" content=\"image\/png\" \/>\n<meta name=\"twitter:card\" content=\"summary_large_image\" \/>\n<script type=\"application\/ld+json\" class=\"yoast-schema-graph\">{\"@context\":\"https:\/\/schema.org\",\"@graph\":[{\"@type\":\"WebPage\",\"@id\":\"https:\/\/www.moriadesign.pl\/produkt\/mocowanie-ciesielskie-m-02-l255-cm\/\",\"url\":\"https:\/\/www.moriadesign.pl\/produkt\/mocowanie-ciesielskie-m-02-l255-cm\/\",\"name\":\"Mocowanie ciesielskie M-02 [l=25,5 cm] - MORIA DESIGN\",\"isPartOf\":{\"@id\":\"https:\/\/www.moriadesign.pl\/#website\"},\"datePublished\":\"2022-12-27T11:14:12+00:00\",\"dateModified\":\"2023-01-13T20:21:39+00:00\",\"breadcrumb\":{\"@id\":\"https:\/\/www.moriadesign.pl\/produkt\/mocowanie-ciesielskie-m-02-l255-cm\/#breadcrumb\"},\"inLanguage\":\"es\",\"potentialAction\":[{\"@type\":\"ReadAction\",\"target\":[\"https:\/\/www.moriadesign.pl\/produkt\/mocowanie-ciesielskie-m-02-l255-cm\/\"]}]},{\"@type\":\"BreadcrumbList\",\"@id\":\"https:\/\/www.moriadesign.pl\/produkt\/mocowanie-ciesielskie-m-02-l255-cm\/#breadcrumb\",\"itemListElement\":[{\"@type\":\"ListItem\",\"position\":1,\"name\":\"Strona g\u0142\u00f3wna\",\"item\":\"https:\/\/www.moriadesign.pl\/\"},{\"@type\":\"ListItem\",\"position\":2,\"name\":\"Sklep\",\"item\":\"https:\/\/www.moriadesign.pl\/sklep\/\"},{\"@type\":\"ListItem\",\"position\":3,\"name\":\"Mocowanie ciesielskie M-02 [l=25,5 cm]\"}]},{\"@type\":\"WebSite\",\"@id\":\"https:\/\/www.moriadesign.pl\/#website\",\"url\":\"https:\/\/www.moriadesign.pl\/\",\"name\":\"MORIA DESIGN\",\"description\":\"okucia do mebli, domu i ogrodu\",\"potentialAction\":[{\"@type\":\"SearchAction\",\"target\":{\"@type\":\"EntryPoint\",\"urlTemplate\":\"https:\/\/www.moriadesign.pl\/?s={search_term_string}\"},\"query-input\":\"required name=search_term_string\"}],\"inLanguage\":\"es\"}]}<\/script>\n<!-- \/ Yoast SEO plugin. -->","yoast_head_json":{"title":"Mocowanie ciesielskie M-02 [l=25,5 cm] - MORIA DESIGN","robots":{"index":"index","follow":"follow","max-snippet":"max-snippet:-1","max-image-preview":"max-image-preview:large","max-video-preview":"max-video-preview:-1"},"canonical":"https:\/\/www.moriadesign.pl\/es\/product-2\/accesorio-de-carpinteria-m-02-l255-cm\/?wmc-currency=EUR","og_locale":"es_ES","og_type":"article","og_title":"Mocowanie ciesielskie M-02 [l=25,5 cm] - MORIA DESIGN","og_description":"Cechy i zalety: wykonane z wysokiej gatunkowo stali &gt; wieczne; fazowane otwory monta\u017cowe &gt;\u00a0estetyczne; pomalowane farb\u0105 proszkow\u0105 w kolorze czarny mat (zero po\u0142ysku, drobna struktura) \u2013 zdecydowanie wy\u017csza odporno\u015b\u0107 na uszkodzenia od pow\u0142ok farb natryskowych, farby proszkowe s\u0105 w pe\u0142ni bezpieczne dla ludzi i \u015brodowiska &gt; trwale i elegancko wyko\u0144czone; wymiary: grubo\u015b\u0107 blachy \u2013 3...","og_url":"https:\/\/www.moriadesign.pl\/es\/product-2\/accesorio-de-carpinteria-m-02-l255-cm\/?wmc-currency=EUR","og_site_name":"MORIA DESIGN","article_modified_time":"2023-01-13T20:21:39+00:00","og_image":[{"width":1600,"height":1600,"url":"https:\/\/www.moriadesign.pl\/wp-content\/uploads\/2022\/12\/M-02_1.png","type":"image\/png"}],"twitter_card":"summary_large_image","schema":{"@context":"https:\/\/schema.org","@graph":[{"@type":"WebPage","@id":"https:\/\/www.moriadesign.pl\/produkt\/mocowanie-ciesielskie-m-02-l255-cm\/","url":"https:\/\/www.moriadesign.pl\/produkt\/mocowanie-ciesielskie-m-02-l255-cm\/","name":"Mocowanie ciesielskie M-02 [l=25,5 cm] - MORIA DESIGN","isPartOf":{"@id":"https:\/\/www.moriadesign.pl\/#website"},"datePublished":"2022-12-27T11:14:12+00:00","dateModified":"2023-01-13T20:21:39+00:00","breadcrumb":{"@id":"https:\/\/www.moriadesign.pl\/produkt\/mocowanie-ciesielskie-m-02-l255-cm\/#breadcrumb"},"inLanguage":"es","potentialAction":[{"@type":"ReadAction","target":["https:\/\/www.moriadesign.pl\/produkt\/mocowanie-ciesielskie-m-02-l255-cm\/"]}]},{"@type":"BreadcrumbList","@id":"https:\/\/www.moriadesign.pl\/produkt\/mocowanie-ciesielskie-m-02-l255-cm\/#breadcrumb","itemListElement":[{"@type":"ListItem","position":1,"name":"Strona g\u0142\u00f3wna","item":"https:\/\/www.moriadesign.pl\/"},{"@type":"ListItem","position":2,"name":"Sklep","item":"https:\/\/www.moriadesign.pl\/sklep\/"},{"@type":"ListItem","position":3,"name":"Mocowanie ciesielskie M-02 [l=25,5 cm]"}]},{"@type":"WebSite","@id":"https:\/\/www.moriadesign.pl\/#website","url":"https:\/\/www.moriadesign.pl\/","name":"MORIA DESIGN","description":"okucia do mebli, domu i ogrodu","potentialAction":[{"@type":"SearchAction","target":{"@type":"EntryPoint","urlTemplate":"https:\/\/www.moriadesign.pl\/?s={search_term_string}"},"query-input":"required name=search_term_string"}],"inLanguage":"es"}]}},"_links":{"self":[{"href":"https:\/\/www.moriadesign.pl\/es\/wp-json\/wp\/v2\/product\/1660"}],"collection":[{"href":"https:\/\/www.moriadesign.pl\/es\/wp-json\/wp\/v2\/product"}],"about":[{"href":"https:\/\/www.moriadesign.pl\/es\/wp-json\/wp\/v2\/types\/product"}],"wp:featuredmedia":[{"embeddable":true,"href":"https:\/\/www.moriadesign.pl\/es\/wp-json\/wp\/v2\/media\/1647"}],"wp:attachment":[{"href":"https:\/\/www.moriadesign.pl\/es\/wp-json\/wp\/v2\/media?parent=1660"}],"wp:term":[{"taxonomy":"product_cat","embeddable":true,"href":"https:\/\/www.moriadesign.pl\/es\/wp-json\/wp\/v2\/product_cat?post=1660"},{"taxonomy":"product_tag","embeddable":true,"href":"https:\/\/www.moriadesign.pl\/es\/wp-json\/wp\/v2\/product_tag?post=1660"}],"curies":[{"name":"wp","href":"https:\/\/api.w.org\/{rel}","templated":true}]}}