{"id":360,"date":"2022-11-10T10:38:28","date_gmt":"2022-11-10T09:38:28","guid":{"rendered":"https:\/\/www.moriadesign.pl\/?page_id=360"},"modified":"2026-04-23T12:02:08","modified_gmt":"2026-04-23T10:02:08","slug":"zwrot","status":"publish","type":"page","link":"https:\/\/www.moriadesign.pl\/es\/devolver\/","title":{"rendered":"Devoluci\u00f3n"},"content":{"rendered":"<section class=\"l-section wpb_row height_small\"><div class=\"l-section-h i-cf\"><div class=\"g-cols vc_row via_flex valign_middle type_default reversed stacking_default\"><div class=\"vc_col-sm-12 wpb_column vc_column_container\"><div class=\"vc_column-inner\"><div class=\"wpb_wrapper\"><h1 class=\"w-post-elm post_title entry-title color_link_inherit\">Devoluci\u00f3n<\/h1><div class=\"w-separator size_small\"><\/div><div class=\"wpb_text_column us_custom_baf8849b\"><div class=\"wpb_wrapper\"><p>En caso de anulaci\u00f3n de su pedido, lo lamentaremos, pero <strong>le garantizamos el reembolso del importe pagado por su pedido en un plazo de 14 d\u00edas a partir de la recepci\u00f3n de la entrega<\/strong> siempre que todos los art\u00edculos del pedido se devuelvan en perfecto estado. Esto significa que el producto no debe estar da\u00f1ado, modificado ni presentar signos de uso. Adem\u00e1s, el producto debe conservar todas las etiquetas, si las tuviera. Un producto vendido como conjunto no puede devolverse por partes, sino s\u00f3lo en su totalidad, tal y como se compr\u00f3.<\/p>\n<p><strong>PUEDE DEVOLVER SU COMPRA EN UNOS SENCILLOS PASOS:<\/strong><\/p>\n<ol>\n<li>Rellenar <a href=\"\/wp-content\/uploads\/2025\/09\/Formularz_zwrotu_2025_09_12.pdf\" target=\"_blank\" rel=\"noopener\">formulario de devoluci\u00f3n disponible aqu\u00ed<\/a>y luego enviarlo a <a href=\"mailto:sklep@moriadesign.pl\">sklep@moriadesign.pl<\/a>. Tambi\u00e9n puede enviar su solicitud por correo postal a la direcci\u00f3n de nuestras oficinas.<\/li>\n<li>Embala la mercanc\u00eda con cuidado para que no sufra da\u00f1os durante el transporte.<\/li>\n<li>Incluya con su paquete un formulario de devoluci\u00f3n cumplimentado e impreso.<br \/>\nIncluya en el paquete el n\u00famero del pedido que devuelve. No incluir el n\u00famero puede alargar el reconocimiento del paquete y la liquidaci\u00f3n del reembolso.<\/li>\n<li>Siguiente:\n<ul>\n<li>para pedidos nacionales, enviados dentro de Polonia &gt; env\u00ede a la direcci\u00f3n la mercanc\u00eda que desea devolver:<br \/>\n\" \u015aLUSARSTWO KAMI\u0143SKI \" Mateusz Kami\u0144ski<br \/>\nStromiec, calle Stok 4, 26-804 Stromiec<\/li>\n<li>en el caso de pedidos extranjeros, enviados dentro del territorio de uno de los dem\u00e1s Estados miembros de la UE &gt; env\u00ede la mercanc\u00eda que desea devolver a la direcci\u00f3n que le facilitamos en el correo electr\u00f3nico de respuesta a su solicitud de devoluci\u00f3n.<\/li>\n<\/ul>\n<\/li>\n<li>Recibir\u00e1 el reembolso del producto devuelto en un plazo de 14 d\u00edas a partir de la fecha de recepci\u00f3n del paquete en existencias, en funci\u00f3n del m\u00e9todo de pago original:\n<ul>\n<li>en caso de pago contra reembolso, el reembolso se efectuar\u00e1 por transferencia bancaria, a la cuenta indicada por usted en el formulario de devoluci\u00f3n;<\/li>\n<li>en caso de pago por transferencia bancaria (tambi\u00e9n con tarjeta en una m\u00e1quina de paqueter\u00eda de InPost, BLIK), el reembolso se efect\u00faa por transferencia a la cuenta desde la que envi\u00f3 el dinero.<\/li>\n<\/ul>\n<\/li>\n<\/ol>\n<p>IMPORTANCIA:<\/p>\n<ol>\n<li>No se aceptan devoluciones contra reembolso.<\/li>\n<li>No reembolsamos los gastos de env\u00edo por devolver un pedido.<\/li>\n<\/ol>\n<p><strong>Si tiene alguna pregunta sobre los productos devueltos, no dude en ponerse en contacto con nosotros.<\/strong><br \/>\nLl\u00e1menos al:<br \/>\n<a href=\"tel:+48535815715\"><strong>+48 535 815 715<\/strong><\/a><br \/>\nTrabajamos para usted de lunes a viernes, horas:<br \/>\n<strong>8:00 - 17:00.<\/strong><\/p>\n<h6>El administrador de sus datos personales es Mateusz Kami\u0144ski que ejerce la actividad empresarial bajo el nombre \" \u015aLUSARSTWO KAMI\u0143SKI \" Mateusz Kami\u0144ski con domicilio social en Stromiec (domicilio social y direcci\u00f3n de entrega: ul. Stok 4, 26-804 Stromiec); inscrito en el Registro Central de Actividad e Informaci\u00f3n Empresarial; NIP: 7981467585; REGON: 146218800, <a href=\"mailto:biuro@moriadesign.pl\">biuro@moriadesign.pl<\/a><\/h6>\n<\/div><\/div><div class=\"w-separator size_small\"><\/div><div class=\"w-btn-wrapper align_none\"><a class=\"w-btn us-btn-style_1 icon_atright\" target=\"_blank\" href=\"\/wp-content\/uploads\/2025\/09\/Formularz_zwrotu_2025_09_12.pdf\" rel=\"noopener\"><span class=\"w-btn-label\">Formulario descargable<\/span><i class=\"material-icons\" data-no-translation=\"\">file_download<\/i><\/a><\/div><\/div><\/div><\/div><\/div><\/div><\/section>","protected":false},"excerpt":{"rendered":"ZwrotW przypadku Twojej rezygnacji z zam\u00f3wienia b\u0119dzie nam przykro, aczkolwiek gwarantujemy zwrot zap\u0142aconej kwoty za zam\u00f3wienie w ci\u0105gu 14 dni od momentu odbioru przesy\u0142ki pod warunkiem, \u017ce wszystkie elementy zam\u00f3wienia zostan\u0105 zwr\u00f3cone w niezmienionym stanie. Oznacza to, \u017ce produkt nie mo\u017ce by\u0107 uszkodzony, zmodyfikowany, nosi\u0107 \u015blad\u00f3w u\u017cycia. Ponadto, produkt powinien posiada\u0107 wszystkie metki i etykiety,...","protected":false},"author":1,"featured_media":0,"parent":0,"menu_order":3,"comment_status":"closed","ping_status":"closed","template":"","meta":{"inline_featured_image":false},"acf":[],"yoast_head":"<!-- This site is optimized with the Yoast SEO plugin v20.2 - https:\/\/yoast.com\/wordpress\/plugins\/seo\/ -->\n<title>Zwrot - MORIA DESIGN<\/title>\n<meta name=\"robots\" content=\"noindex, follow\" \/>\n<meta property=\"og:locale\" content=\"es_ES\" \/>\n<meta property=\"og:type\" content=\"article\" \/>\n<meta property=\"og:title\" content=\"Zwrot - MORIA DESIGN\" \/>\n<meta property=\"og:url\" content=\"https:\/\/www.moriadesign.pl\/es\/devolver\/?wmc-currency=EUR\" \/>\n<meta property=\"og:site_name\" content=\"MORIA DESIGN\" \/>\n<meta property=\"article:modified_time\" content=\"2026-04-23T10:02:08+00:00\" \/>\n<meta name=\"twitter:card\" content=\"summary_large_image\" \/>\n<meta name=\"twitter:label1\" content=\"Tiempo de lectura\" \/>\n\t<meta name=\"twitter:data1\" content=\"5 minutos\" \/>\n<script type=\"application\/ld+json\" class=\"yoast-schema-graph\">{\"@context\":\"https:\/\/schema.org\",\"@graph\":[{\"@type\":\"WebPage\",\"@id\":\"https:\/\/www.moriadesign.pl\/zwrot\/\",\"url\":\"https:\/\/www.moriadesign.pl\/zwrot\/\",\"name\":\"Zwrot - MORIA DESIGN\",\"isPartOf\":{\"@id\":\"https:\/\/www.moriadesign.pl\/#website\"},\"datePublished\":\"2022-11-10T09:38:28+00:00\",\"dateModified\":\"2026-04-23T10:02:08+00:00\",\"breadcrumb\":{\"@id\":\"https:\/\/www.moriadesign.pl\/zwrot\/#breadcrumb\"},\"inLanguage\":\"es\",\"potentialAction\":[{\"@type\":\"ReadAction\",\"target\":[\"https:\/\/www.moriadesign.pl\/zwrot\/\"]}]},{\"@type\":\"BreadcrumbList\",\"@id\":\"https:\/\/www.moriadesign.pl\/zwrot\/#breadcrumb\",\"itemListElement\":[{\"@type\":\"ListItem\",\"position\":1,\"name\":\"Strona g\u0142\u00f3wna\",\"item\":\"https:\/\/www.moriadesign.pl\/\"},{\"@type\":\"ListItem\",\"position\":2,\"name\":\"Zwrot\"}]},{\"@type\":\"WebSite\",\"@id\":\"https:\/\/www.moriadesign.pl\/#website\",\"url\":\"https:\/\/www.moriadesign.pl\/\",\"name\":\"MORIA DESIGN\",\"description\":\"okucia do mebli, domu i ogrodu\",\"potentialAction\":[{\"@type\":\"SearchAction\",\"target\":{\"@type\":\"EntryPoint\",\"urlTemplate\":\"https:\/\/www.moriadesign.pl\/?s={search_term_string}\"},\"query-input\":\"required name=search_term_string\"}],\"inLanguage\":\"es\"}]}<\/script>\n<!-- \/ Yoast SEO plugin. -->","yoast_head_json":{"title":"Zwrot - MORIA DESIGN","robots":{"index":"noindex","follow":"follow"},"og_locale":"es_ES","og_type":"article","og_title":"Zwrot - MORIA DESIGN","og_url":"https:\/\/www.moriadesign.pl\/es\/devolver\/?wmc-currency=EUR","og_site_name":"MORIA DESIGN","article_modified_time":"2026-04-23T10:02:08+00:00","twitter_card":"summary_large_image","twitter_misc":{"Tiempo de lectura":"5 minutos"},"schema":{"@context":"https:\/\/schema.org","@graph":[{"@type":"WebPage","@id":"https:\/\/www.moriadesign.pl\/zwrot\/","url":"https:\/\/www.moriadesign.pl\/zwrot\/","name":"Zwrot - MORIA DESIGN","isPartOf":{"@id":"https:\/\/www.moriadesign.pl\/#website"},"datePublished":"2022-11-10T09:38:28+00:00","dateModified":"2026-04-23T10:02:08+00:00","breadcrumb":{"@id":"https:\/\/www.moriadesign.pl\/zwrot\/#breadcrumb"},"inLanguage":"es","potentialAction":[{"@type":"ReadAction","target":["https:\/\/www.moriadesign.pl\/zwrot\/"]}]},{"@type":"BreadcrumbList","@id":"https:\/\/www.moriadesign.pl\/zwrot\/#breadcrumb","itemListElement":[{"@type":"ListItem","position":1,"name":"Strona g\u0142\u00f3wna","item":"https:\/\/www.moriadesign.pl\/"},{"@type":"ListItem","position":2,"name":"Zwrot"}]},{"@type":"WebSite","@id":"https:\/\/www.moriadesign.pl\/#website","url":"https:\/\/www.moriadesign.pl\/","name":"MORIA DESIGN","description":"okucia do mebli, domu i ogrodu","potentialAction":[{"@type":"SearchAction","target":{"@type":"EntryPoint","urlTemplate":"https:\/\/www.moriadesign.pl\/?s={search_term_string}"},"query-input":"required name=search_term_string"}],"inLanguage":"es"}]}},"_links":{"self":[{"href":"https:\/\/www.moriadesign.pl\/es\/wp-json\/wp\/v2\/pages\/360"}],"collection":[{"href":"https:\/\/www.moriadesign.pl\/es\/wp-json\/wp\/v2\/pages"}],"about":[{"href":"https:\/\/www.moriadesign.pl\/es\/wp-json\/wp\/v2\/types\/page"}],"author":[{"embeddable":true,"href":"https:\/\/www.moriadesign.pl\/es\/wp-json\/wp\/v2\/users\/1"}],"replies":[{"embeddable":true,"href":"https:\/\/www.moriadesign.pl\/es\/wp-json\/wp\/v2\/comments?post=360"}],"version-history":[{"count":18,"href":"https:\/\/www.moriadesign.pl\/es\/wp-json\/wp\/v2\/pages\/360\/revisions"}],"predecessor-version":[{"id":5056,"href":"https:\/\/www.moriadesign.pl\/es\/wp-json\/wp\/v2\/pages\/360\/revisions\/5056"}],"wp:attachment":[{"href":"https:\/\/www.moriadesign.pl\/es\/wp-json\/wp\/v2\/media?parent=360"}],"curies":[{"name":"wp","href":"https:\/\/api.w.org\/{rel}","templated":true}]}}