{"id":359,"date":"2022-11-10T10:36:09","date_gmt":"2022-11-10T09:36:09","guid":{"rendered":"https:\/\/www.moriadesign.pl\/?page_id=359"},"modified":"2025-09-15T12:19:17","modified_gmt":"2025-09-15T10:19:17","slug":"reklamacja","status":"publish","type":"page","link":"https:\/\/www.moriadesign.pl\/es\/reclamacion\/","title":{"rendered":"Denuncia"},"content":{"rendered":"<section class=\"l-section wpb_row height_small\"><div class=\"l-section-h i-cf\"><div class=\"g-cols vc_row via_flex valign_middle type_default reversed stacking_default\"><div class=\"vc_col-sm-12 wpb_column vc_column_container\"><div class=\"vc_column-inner\"><div class=\"wpb_wrapper\"><h1 class=\"w-post-elm post_title entry-title color_link_inherit\">Denuncia<\/h1><div class=\"w-separator size_small\"><\/div><div class=\"wpb_text_column us_custom_baf8849b\"><div class=\"wpb_wrapper\"><p><strong>DISE\u00d1O MORIA<\/strong> es el fabricante del surtido ofrecido. Como empresa artesanal polaca, trabajamos con sumo cuidado para que nuestros productos sean duraderos y funcionales. Garantizamos su alta calidad con total responsabilidad; no obstante, si la mercanc\u00eda que ha adquirido presenta alg\u00fan defecto, puede presentar una reclamaci\u00f3n.<\/p>\n<p><strong>\u00bfC\u00f3mo hacerlo?<\/strong><br \/>\nPara notificar un defecto <a href=\"\/wp-content\/uploads\/2025\/09\/Formularz_reklamacji_2025_09_12.pdf\" target=\"_blank\" rel=\"noopener\">rellene el formulario de reclamaci\u00f3n disponible aqu\u00ed<\/a>y luego enviarlo a <a href=\"mailto:sklep@moriadesign.pl\">sklep@moriadesign.pl<\/a>. No olvide adjuntar a su solicitud una fotograf\u00eda que muestre el defecto en todos los productos. Tambi\u00e9n puede enviar su informe por correo postal a la direcci\u00f3n de nuestra oficina.<br \/>\nSi tiene una cuenta en <a href=\"https:\/\/www.moriadesign.pl\/es\/?wmc-currency=EUR\">https:\/\/www.moriadesign.pl<\/a>Tras acceder desde su cuenta, puede buscar en su historial de pedidos y seleccionar el producto que desea anunciar.<\/p>\n<p><strong>IMPORTANCIA:<\/strong> El plazo para tramitar una queja es de 14 d\u00edas a partir de la fecha de recepci\u00f3n de una solicitud completa. Dentro de este plazo, nos pondremos en contacto con usted y le informaremos de los pasos a seguir. Si su denuncia resulta ser v\u00e1lida, se le cambiar\u00e1 el art\u00edculo anunciado por otro sin defectos o se le reembolsar\u00e1 el importe.<\/p>\n<p><strong>DEVOLUCIONES<\/strong><br \/>\nEl reembolso como consecuencia de una reclamaci\u00f3n se efectuar\u00e1 en un plazo m\u00e1ximo de 14 d\u00edas laborables a partir de la recepci\u00f3n del paquete y depender\u00e1 del m\u00e9todo de pago original:<\/p>\n<ul>\n<li>en caso de pago contra reembolso, el reembolso se efectuar\u00e1 mediante transferencia a la cuenta indicada por usted en el formulario de reclamaci\u00f3n;<\/li>\n<li>en caso de pago en l\u00ednea, el reembolso se efect\u00faa por transferencia a la cuenta desde la que envi\u00f3 el dinero.<\/li>\n<\/ul>\n<p><strong>Si tiene alguna pregunta sobre los productos devueltos, no dude en ponerse en contacto con nosotros.<\/strong><br \/>\nLl\u00e1menos al:<br \/>\n<a href=\"tel:+48535815715\"><strong>+48 535 815 715<\/strong><\/a><br \/>\nTrabajamos para usted de lunes a viernes, horas:<br \/>\n<strong>8:00 - 17:00.<\/strong><\/p>\n<h6>El administrador de sus datos personales es Mateusz Kami\u0144ski que ejerce la actividad empresarial bajo el nombre \" \u015aLUSARSTWO KAMI\u0143SKI \" Mateusz Kami\u0144ski con domicilio social en Stromiec (domicilio social y direcci\u00f3n de entrega: ul. Stok 4, 26-804 Stromiec); inscrito en el Registro Central de Actividad e Informaci\u00f3n Empresarial; NIP: 7981467585; REGON: 146218800, <a href=\"mailto:biuro@moriadesign.pl\">biuro@moriadesign.pl<\/a><\/h6>\n<\/div><\/div><div class=\"w-separator size_small\"><\/div><div class=\"w-btn-wrapper align_none\"><a class=\"w-btn us-btn-style_1 icon_atright\" target=\"_blank\" href=\"\/wp-content\/uploads\/2025\/09\/Formularz_reklamacji_2025_09_12.pdf\" rel=\"noopener\"><span class=\"w-btn-label\">Formulario descargable<\/span><i class=\"material-icons\" data-no-translation=\"\">file_download<\/i><\/a><\/div><\/div><\/div><\/div><\/div><\/div><\/section>","protected":false},"excerpt":{"rendered":"ReklamacjaMORIA DESIGN jest producentem oferowanego asortymentu. Jako polska rzemie\u015blnicza firma z najwy\u017csz\u0105 staranno\u015bci\u0105 pracujemy nad tym, aby nasze produkty by\u0142y trwa\u0142e i funkcjonalne. Z pe\u0142n\u0105 odpowiedzialno\u015bci\u0105 gwarantujemy ich wysok\u0105 jako\u015b\u0107, je\u015bli jednak zakupiony przez Ciebie towar posiada wad\u0119, mo\u017cesz z\u0142o\u017cy\u0107 reklamacj\u0119. Jak to zrobi\u0107? Aby zg\u0142osi\u0107 wad\u0119 wype\u0142nij formularz reklamacyjny dost\u0119pny tutaj, a nast\u0119pnie wy\u015blij...","protected":false},"author":1,"featured_media":0,"parent":0,"menu_order":4,"comment_status":"closed","ping_status":"closed","template":"","meta":{"inline_featured_image":false},"acf":[],"yoast_head":"<!-- This site is optimized with the Yoast SEO plugin v20.2 - https:\/\/yoast.com\/wordpress\/plugins\/seo\/ -->\n<title>Reklamacja - MORIA DESIGN<\/title>\n<meta name=\"robots\" content=\"noindex, follow\" \/>\n<meta property=\"og:locale\" content=\"es_ES\" \/>\n<meta property=\"og:type\" content=\"article\" \/>\n<meta property=\"og:title\" content=\"Reklamacja - MORIA DESIGN\" \/>\n<meta property=\"og:url\" content=\"https:\/\/www.moriadesign.pl\/es\/reclamacion\/?wmc-currency=EUR\" \/>\n<meta property=\"og:site_name\" content=\"MORIA DESIGN\" \/>\n<meta property=\"article:modified_time\" content=\"2025-09-15T10:19:17+00:00\" \/>\n<meta name=\"twitter:card\" content=\"summary_large_image\" \/>\n<meta name=\"twitter:label1\" content=\"Tiempo de lectura\" \/>\n\t<meta name=\"twitter:data1\" content=\"2 minutos\" \/>\n<script type=\"application\/ld+json\" class=\"yoast-schema-graph\">{\"@context\":\"https:\/\/schema.org\",\"@graph\":[{\"@type\":\"WebPage\",\"@id\":\"https:\/\/www.moriadesign.pl\/reklamacja\/\",\"url\":\"https:\/\/www.moriadesign.pl\/reklamacja\/\",\"name\":\"Reklamacja - MORIA DESIGN\",\"isPartOf\":{\"@id\":\"https:\/\/www.moriadesign.pl\/#website\"},\"datePublished\":\"2022-11-10T09:36:09+00:00\",\"dateModified\":\"2025-09-15T10:19:17+00:00\",\"breadcrumb\":{\"@id\":\"https:\/\/www.moriadesign.pl\/reklamacja\/#breadcrumb\"},\"inLanguage\":\"es\",\"potentialAction\":[{\"@type\":\"ReadAction\",\"target\":[\"https:\/\/www.moriadesign.pl\/reklamacja\/\"]}]},{\"@type\":\"BreadcrumbList\",\"@id\":\"https:\/\/www.moriadesign.pl\/reklamacja\/#breadcrumb\",\"itemListElement\":[{\"@type\":\"ListItem\",\"position\":1,\"name\":\"Strona g\u0142\u00f3wna\",\"item\":\"https:\/\/www.moriadesign.pl\/\"},{\"@type\":\"ListItem\",\"position\":2,\"name\":\"Reklamacja\"}]},{\"@type\":\"WebSite\",\"@id\":\"https:\/\/www.moriadesign.pl\/#website\",\"url\":\"https:\/\/www.moriadesign.pl\/\",\"name\":\"MORIA DESIGN\",\"description\":\"okucia do mebli, domu i ogrodu\",\"potentialAction\":[{\"@type\":\"SearchAction\",\"target\":{\"@type\":\"EntryPoint\",\"urlTemplate\":\"https:\/\/www.moriadesign.pl\/?s={search_term_string}\"},\"query-input\":\"required name=search_term_string\"}],\"inLanguage\":\"es\"}]}<\/script>\n<!-- \/ Yoast SEO plugin. -->","yoast_head_json":{"title":"Reklamacja - MORIA DESIGN","robots":{"index":"noindex","follow":"follow"},"og_locale":"es_ES","og_type":"article","og_title":"Reklamacja - MORIA DESIGN","og_url":"https:\/\/www.moriadesign.pl\/es\/reclamacion\/?wmc-currency=EUR","og_site_name":"MORIA DESIGN","article_modified_time":"2025-09-15T10:19:17+00:00","twitter_card":"summary_large_image","twitter_misc":{"Tiempo de lectura":"2 minutos"},"schema":{"@context":"https:\/\/schema.org","@graph":[{"@type":"WebPage","@id":"https:\/\/www.moriadesign.pl\/reklamacja\/","url":"https:\/\/www.moriadesign.pl\/reklamacja\/","name":"Reklamacja - MORIA DESIGN","isPartOf":{"@id":"https:\/\/www.moriadesign.pl\/#website"},"datePublished":"2022-11-10T09:36:09+00:00","dateModified":"2025-09-15T10:19:17+00:00","breadcrumb":{"@id":"https:\/\/www.moriadesign.pl\/reklamacja\/#breadcrumb"},"inLanguage":"es","potentialAction":[{"@type":"ReadAction","target":["https:\/\/www.moriadesign.pl\/reklamacja\/"]}]},{"@type":"BreadcrumbList","@id":"https:\/\/www.moriadesign.pl\/reklamacja\/#breadcrumb","itemListElement":[{"@type":"ListItem","position":1,"name":"Strona g\u0142\u00f3wna","item":"https:\/\/www.moriadesign.pl\/"},{"@type":"ListItem","position":2,"name":"Reklamacja"}]},{"@type":"WebSite","@id":"https:\/\/www.moriadesign.pl\/#website","url":"https:\/\/www.moriadesign.pl\/","name":"MORIA DESIGN","description":"okucia do mebli, domu i ogrodu","potentialAction":[{"@type":"SearchAction","target":{"@type":"EntryPoint","urlTemplate":"https:\/\/www.moriadesign.pl\/?s={search_term_string}"},"query-input":"required name=search_term_string"}],"inLanguage":"es"}]}},"_links":{"self":[{"href":"https:\/\/www.moriadesign.pl\/es\/wp-json\/wp\/v2\/pages\/359"}],"collection":[{"href":"https:\/\/www.moriadesign.pl\/es\/wp-json\/wp\/v2\/pages"}],"about":[{"href":"https:\/\/www.moriadesign.pl\/es\/wp-json\/wp\/v2\/types\/page"}],"author":[{"embeddable":true,"href":"https:\/\/www.moriadesign.pl\/es\/wp-json\/wp\/v2\/users\/1"}],"replies":[{"embeddable":true,"href":"https:\/\/www.moriadesign.pl\/es\/wp-json\/wp\/v2\/comments?post=359"}],"version-history":[{"count":14,"href":"https:\/\/www.moriadesign.pl\/es\/wp-json\/wp\/v2\/pages\/359\/revisions"}],"predecessor-version":[{"id":4583,"href":"https:\/\/www.moriadesign.pl\/es\/wp-json\/wp\/v2\/pages\/359\/revisions\/4583"}],"wp:attachment":[{"href":"https:\/\/www.moriadesign.pl\/es\/wp-json\/wp\/v2\/media?parent=359"}],"curies":[{"name":"wp","href":"https:\/\/api.w.org\/{rel}","templated":true}]}}