{"id":358,"date":"2022-11-10T10:31:49","date_gmt":"2022-11-10T09:31:49","guid":{"rendered":"https:\/\/www.moriadesign.pl\/?page_id=358"},"modified":"2025-09-11T15:06:57","modified_gmt":"2025-09-11T13:06:57","slug":"dostawa-i-platnosci","status":"publish","type":"page","link":"https:\/\/www.moriadesign.pl\/es\/entrega-y-pago\/","title":{"rendered":"Entrega y pago"},"content":{"rendered":"<section class=\"l-section wpb_row height_small\"><div class=\"l-section-h i-cf\"><div class=\"g-cols vc_row via_flex valign_middle type_default reversed stacking_default\"><div class=\"vc_col-sm-12 wpb_column vc_column_container\"><div class=\"vc_column-inner\"><div class=\"wpb_wrapper\"><h1 class=\"w-post-elm post_title entry-title color_link_inherit\">Entrega y pago<\/h1><div class=\"w-separator size_small\"><\/div><div class=\"wpb_text_column us_custom_baf8849b\"><div class=\"wpb_wrapper\"><h3>PAGO<\/h3>\n<p>En la tienda en l\u00ednea de MORIA DESIGN, puede pagar su pedido de varias formas: mediante pago r\u00e1pido en l\u00ednea (por ejemplo, con tarjeta de cr\u00e9dito o BLIK), mediante transferencia bancaria tradicional y contra reembolso.<\/p>\n<h4>Pago r\u00e1pido en l\u00ednea<\/h4>\n<p>Tras seleccionar esta forma de pago, el comprador ser\u00e1 redirigido a la lista de bancos y, a continuaci\u00f3n, a la p\u00e1gina de acceso de su banco preferido al finalizar el pedido. Una vez efectuado el pago, se abonar\u00e1 seg\u00fan los procedimientos del banco y, una vez recibido por MORIA DESIGN, el pedido pasar\u00e1 a la siguiente fase de tramitaci\u00f3n.<\/p>\n<h4>Contra reembolso<\/h4>\n<p>El pedido tambi\u00e9n se puede pagar en el momento de la entrega en efectivo o con tarjeta de cr\u00e9dito en la empresa de mensajer\u00eda que entregue el paquete (si la empresa de mensajer\u00eda seleccionada tiene la opci\u00f3n de pagar con tarjeta).<\/p>\n<h3>ENTREGA<\/h3>\n<p>Hacemos todo lo posible para que los productos que compre le lleguen lo antes posible.<br \/>\nLos paquetes con entrega en la direcci\u00f3n indicada, en las m\u00e1quinas de paqueter\u00eda Inpost, est\u00e1n listos para su env\u00edo en un plazo de 5 d\u00edas laborables a partir del d\u00eda en que se finaliza la transacci\u00f3n.<\/p>\n<p><strong>Gastos de env\u00edo de un paquete nacional dentro del territorio de Polonia, con unas dimensiones m\u00e1ximas 120,00 cm de longitud y la suma de todas las dimensiones hasta 220,00 cm y un peso del paquete de hasta 15,00 kg:<\/strong><\/p>\n<table>\n<thead>\n<tr>\n<td><strong>FORMA DE ENTREGA<\/strong><\/td>\n<td><strong>PEDIR<\/strong><br \/>\n<strong>HASTA 1 000 PLN<\/strong><\/td>\n<td><strong>PEDIR<\/strong><br \/>\n<strong>1000 - 2000 PLN**<\/strong><\/td>\n<\/tr>\n<\/thead>\n<tbody>\n<tr>\n<td>M\u00e1quina de paqueter\u00eda InPost*.<\/td>\n<td>15,00 PLN<\/td>\n<td>GRATIS<\/td>\n<\/tr>\n<tr>\n<td>Mensajer\u00eda InPost<\/td>\n<td>20,00 PLN<\/td>\n<td>GRATIS<\/td>\n<\/tr>\n<tr>\n<td>Mensajer\u00eda InPost - contra reembolso<\/td>\n<td>25,00 PLN<\/td>\n<td>GRATIS<\/td>\n<\/tr>\n<tr>\n<td>Mensajer\u00eda UPS<\/td>\n<td>20,00 PLN<\/td>\n<td>GRATIS<\/td>\n<\/tr>\n<tr>\n<td>Mensajer\u00eda UPS - contra reembolso<\/td>\n<td>25,00 PLN<\/td>\n<td>GRATIS<\/td>\n<\/tr>\n<tr>\n<td>Recogida en tienda<\/td>\n<td>GRATIS<\/td>\n<td>GRATIS<\/td>\n<\/tr>\n<\/tbody>\n<\/table>\n<p>*Las dimensiones del paquete no deben superar las dimensiones m\u00e1ximas especificadas por InPost.<\/p>\n<p>**Para pedidos superiores a 2.000,00 \u20ac, p\u00f3ngase en contacto con nosotros para conocer los gastos de env\u00edo.<\/p>\n<p><strong>Gastos de env\u00edo de un paquete internacional dentro de la UE, con unas dimensiones m\u00e1ximas: 2 x largo + 2 x ancho + alto \u2264 300,00 cm, siendo la altura el lado m\u00e1s largo del paquete y un peso del paquete de hasta 15,00 kg:<\/strong><\/p>\n<ul>\n<li>entrega en el territorio: Alemania, Rep\u00fablica Checa, Eslovaquia, Lituania y Letonia -. <strong>12,00 EUROS<\/strong> (todos los productos excepto los aparcabicicletas), <strong>25,00 EUROS<\/strong> (aparcabicicletas),<\/li>\n<li>entrega en el resto de la UE <strong>15,00 EUROS<\/strong> (todos los productos excepto los aparcabicicletas), <strong>30,00 EUROS<\/strong> (aparcabicicletas).<\/li>\n<\/ul>\n<\/div><\/div><\/div><\/div><\/div><\/div><\/div><\/section>","protected":false},"excerpt":{"rendered":"Dostawa i p\u0142atno\u015bciP\u0141ATNO\u015a\u0106 W sklepie internetowym MORIA DESIGN, za zam\u00f3wienie mo\u017cna zap\u0142aci\u0107 na kilka sposob\u00f3w: za pomoc\u0105 szybkiej p\u0142atno\u015bci online (np. kart\u0105 p\u0142atnicz\u0105 lub BLIKiem), przelewem tradycyjnym oraz za pobraniem. Szybka p\u0142atno\u015b\u0107 online Po wybraniu tej formy p\u0142atno\u015bci, w momencie finalizacji zam\u00f3wienia kupuj\u0105cy zostanie przekierowany do listy bank\u00f3w, a nast\u0119pnie na stron\u0119 logowania preferowanego przez...","protected":false},"author":1,"featured_media":0,"parent":0,"menu_order":5,"comment_status":"closed","ping_status":"closed","template":"","meta":{"inline_featured_image":false},"acf":[],"yoast_head":"<!-- This site is optimized with the Yoast SEO plugin v20.2 - https:\/\/yoast.com\/wordpress\/plugins\/seo\/ -->\n<title>Dostawa i p\u0142atno\u015bci - MORIA DESIGN<\/title>\n<meta name=\"robots\" content=\"noindex, follow\" \/>\n<meta property=\"og:locale\" content=\"es_ES\" \/>\n<meta property=\"og:type\" content=\"article\" \/>\n<meta property=\"og:title\" content=\"Dostawa i p\u0142atno\u015bci - MORIA DESIGN\" \/>\n<meta property=\"og:url\" content=\"https:\/\/www.moriadesign.pl\/es\/entrega-y-pago\/?wmc-currency=EUR\" \/>\n<meta property=\"og:site_name\" content=\"MORIA DESIGN\" \/>\n<meta property=\"article:modified_time\" content=\"2025-09-11T13:06:57+00:00\" \/>\n<meta name=\"twitter:card\" content=\"summary_large_image\" \/>\n<meta name=\"twitter:label1\" content=\"Tiempo de lectura\" \/>\n\t<meta name=\"twitter:data1\" content=\"2 minutos\" \/>\n<script type=\"application\/ld+json\" class=\"yoast-schema-graph\">{\"@context\":\"https:\/\/schema.org\",\"@graph\":[{\"@type\":\"WebPage\",\"@id\":\"https:\/\/www.moriadesign.pl\/dostawa-i-platnosci\/\",\"url\":\"https:\/\/www.moriadesign.pl\/dostawa-i-platnosci\/\",\"name\":\"Dostawa i p\u0142atno\u015bci - MORIA DESIGN\",\"isPartOf\":{\"@id\":\"https:\/\/www.moriadesign.pl\/#website\"},\"datePublished\":\"2022-11-10T09:31:49+00:00\",\"dateModified\":\"2025-09-11T13:06:57+00:00\",\"breadcrumb\":{\"@id\":\"https:\/\/www.moriadesign.pl\/dostawa-i-platnosci\/#breadcrumb\"},\"inLanguage\":\"es\",\"potentialAction\":[{\"@type\":\"ReadAction\",\"target\":[\"https:\/\/www.moriadesign.pl\/dostawa-i-platnosci\/\"]}]},{\"@type\":\"BreadcrumbList\",\"@id\":\"https:\/\/www.moriadesign.pl\/dostawa-i-platnosci\/#breadcrumb\",\"itemListElement\":[{\"@type\":\"ListItem\",\"position\":1,\"name\":\"Strona g\u0142\u00f3wna\",\"item\":\"https:\/\/www.moriadesign.pl\/\"},{\"@type\":\"ListItem\",\"position\":2,\"name\":\"Dostawa i p\u0142atno\u015bci\"}]},{\"@type\":\"WebSite\",\"@id\":\"https:\/\/www.moriadesign.pl\/#website\",\"url\":\"https:\/\/www.moriadesign.pl\/\",\"name\":\"MORIA DESIGN\",\"description\":\"okucia do mebli, domu i ogrodu\",\"potentialAction\":[{\"@type\":\"SearchAction\",\"target\":{\"@type\":\"EntryPoint\",\"urlTemplate\":\"https:\/\/www.moriadesign.pl\/?s={search_term_string}\"},\"query-input\":\"required name=search_term_string\"}],\"inLanguage\":\"es\"}]}<\/script>\n<!-- \/ Yoast SEO plugin. -->","yoast_head_json":{"title":"Dostawa i p\u0142atno\u015bci - MORIA DESIGN","robots":{"index":"noindex","follow":"follow"},"og_locale":"es_ES","og_type":"article","og_title":"Dostawa i p\u0142atno\u015bci - MORIA DESIGN","og_url":"https:\/\/www.moriadesign.pl\/es\/entrega-y-pago\/?wmc-currency=EUR","og_site_name":"MORIA DESIGN","article_modified_time":"2025-09-11T13:06:57+00:00","twitter_card":"summary_large_image","twitter_misc":{"Tiempo de lectura":"2 minutos"},"schema":{"@context":"https:\/\/schema.org","@graph":[{"@type":"WebPage","@id":"https:\/\/www.moriadesign.pl\/dostawa-i-platnosci\/","url":"https:\/\/www.moriadesign.pl\/dostawa-i-platnosci\/","name":"Dostawa i p\u0142atno\u015bci - MORIA DESIGN","isPartOf":{"@id":"https:\/\/www.moriadesign.pl\/#website"},"datePublished":"2022-11-10T09:31:49+00:00","dateModified":"2025-09-11T13:06:57+00:00","breadcrumb":{"@id":"https:\/\/www.moriadesign.pl\/dostawa-i-platnosci\/#breadcrumb"},"inLanguage":"es","potentialAction":[{"@type":"ReadAction","target":["https:\/\/www.moriadesign.pl\/dostawa-i-platnosci\/"]}]},{"@type":"BreadcrumbList","@id":"https:\/\/www.moriadesign.pl\/dostawa-i-platnosci\/#breadcrumb","itemListElement":[{"@type":"ListItem","position":1,"name":"Strona g\u0142\u00f3wna","item":"https:\/\/www.moriadesign.pl\/"},{"@type":"ListItem","position":2,"name":"Dostawa i p\u0142atno\u015bci"}]},{"@type":"WebSite","@id":"https:\/\/www.moriadesign.pl\/#website","url":"https:\/\/www.moriadesign.pl\/","name":"MORIA DESIGN","description":"okucia do mebli, domu i ogrodu","potentialAction":[{"@type":"SearchAction","target":{"@type":"EntryPoint","urlTemplate":"https:\/\/www.moriadesign.pl\/?s={search_term_string}"},"query-input":"required name=search_term_string"}],"inLanguage":"es"}]}},"_links":{"self":[{"href":"https:\/\/www.moriadesign.pl\/es\/wp-json\/wp\/v2\/pages\/358"}],"collection":[{"href":"https:\/\/www.moriadesign.pl\/es\/wp-json\/wp\/v2\/pages"}],"about":[{"href":"https:\/\/www.moriadesign.pl\/es\/wp-json\/wp\/v2\/types\/page"}],"author":[{"embeddable":true,"href":"https:\/\/www.moriadesign.pl\/es\/wp-json\/wp\/v2\/users\/1"}],"replies":[{"embeddable":true,"href":"https:\/\/www.moriadesign.pl\/es\/wp-json\/wp\/v2\/comments?post=358"}],"version-history":[{"count":14,"href":"https:\/\/www.moriadesign.pl\/es\/wp-json\/wp\/v2\/pages\/358\/revisions"}],"predecessor-version":[{"id":4575,"href":"https:\/\/www.moriadesign.pl\/es\/wp-json\/wp\/v2\/pages\/358\/revisions\/4575"}],"wp:attachment":[{"href":"https:\/\/www.moriadesign.pl\/es\/wp-json\/wp\/v2\/media?parent=358"}],"curies":[{"name":"wp","href":"https:\/\/api.w.org\/{rel}","templated":true}]}}