{"id":1305,"date":"2022-12-20T13:41:31","date_gmt":"2022-12-20T12:41:31","guid":{"rendered":"https:\/\/www.moriadesign.pl\/?page_id=1305"},"modified":"2024-04-09T16:15:58","modified_gmt":"2024-04-09T14:15:58","slug":"stojaki-choinkowe","status":"publish","type":"page","link":"https:\/\/www.moriadesign.pl\/es\/oferta\/soportes-para-arboles-de-navidad\/","title":{"rendered":"Soportes para \u00e1rboles de Navidad"},"content":{"rendered":"<section class=\"l-section wpb_row us_custom_87ac13b4 height_small\"><div class=\"l-section-h i-cf\"><div class=\"g-cols vc_row via_flex valign_middle type_default reversed stacking_default\"><div class=\"vc_col-sm-12 vc_col-md-6 wpb_column vc_column_container\"><div class=\"vc_column-inner\"><div class=\"wpb_wrapper\"><div class=\"w-post-elm post_image us_custom_551c61fe stretched\"><img width=\"800\" height=\"800\" src=\"https:\/\/www.moriadesign.pl\/wp-content\/uploads\/2022\/11\/stojaki-choinkowe.jpg\" class=\"attachment-large size-large wp-post-image\" alt=\"\" loading=\"lazy\" srcset=\"https:\/\/www.moriadesign.pl\/wp-content\/uploads\/2022\/11\/stojaki-choinkowe.jpg 800w, https:\/\/www.moriadesign.pl\/wp-content\/uploads\/2022\/11\/stojaki-choinkowe-300x300.jpg 300w, https:\/\/www.moriadesign.pl\/wp-content\/uploads\/2022\/11\/stojaki-choinkowe-150x150.jpg 150w, https:\/\/www.moriadesign.pl\/wp-content\/uploads\/2022\/11\/stojaki-choinkowe-600x600.jpg 600w\" sizes=\"(max-width: 800px) 100vw, 800px\" data-no-translation=\"\" \/><\/div><\/div><\/div><\/div><div class=\"vc_col-sm-12 vc_col-md-6 wpb_column vc_column_container\"><div class=\"vc_column-inner\"><div class=\"wpb_wrapper\"><h1 class=\"w-post-elm post_title entry-title color_link_inherit\">Soportes para \u00e1rboles de Navidad<\/h1><div class=\"w-separator size_small\"><\/div><div class=\"wpb_text_column us_custom_baf8849b\"><div class=\"wpb_wrapper\"><p>Fabricamos nuestros soportes para \u00e1rboles de Navidad a partir de acero de alta calidad con secciones s\u00f3lidas. El resultado es un producto duradero y pr\u00e1cticamente indestructible que, decorado con detalles festivos, puede formar parte de sus tradiciones navide\u00f1as durante muchos a\u00f1os. Los soportes se distinguen por su elaboraci\u00f3n de alta calidad y su originalidad.<\/p>\n<p>Los soportes para \u00e1rboles de Navidad llevan de serie un recubrimiento en polvo dorado.<\/p>\n<p><a href=\"#czytaj-wiecej\"><strong>Seguir leyendo<\/strong><\/a><\/p>\n<\/div><\/div><\/div><\/div><\/div><\/div><\/div><\/section><section class=\"l-section wpb_row us_custom_887a049b height_small\"><div class=\"l-section-h i-cf\"><div class=\"g-cols vc_row via_flex valign_top type_default stacking_default\"><div class=\"vc_col-sm-12 wpb_column vc_column_container\"><div class=\"vc_column-inner\"><div class=\"wpb_wrapper\"><div class=\"w-grid type_grid layout_130 cols_4 with_pagination\" id=\"us_grid_1\" data-filterable=\"true\"><style>#us_grid_1 .w-grid-item{padding:1.5rem}#us_grid_1 .w-grid-list{margin:-1.5rem -1.5rem 1.5rem}.w-grid + #us_grid_1 .w-grid-list,.w-grid-none + #us_grid_1 .w-grid-list{margin-top:1.5rem}@media (max-width:1199px){#us_grid_1 .w-grid-item{width:33.3333%}}@media (max-width:899px){#us_grid_1 .w-grid-item{width:33.3333%}}@media (max-width:599px){#us_grid_1 .w-grid-item{width:50%}}.layout_130 .w-grid-item-h{}.layout_130 .usg_product_field_1{color:#fff!important;font-size:12px!important;font-weight:700!important;text-transform:uppercase!important;position:absolute!important;top:10px!important;left:10px!important;padding-left:0.8rem!important;padding-right:0.8rem!important;border-radius:2rem!important;background:var(--color-content-primary)!important}.layout_130 .usg_post_title_1{font-size:1rem!important;line-height:1.4rem!important;font-family:var(--font-body)!important;font-weight:400!important;margin-top:0.8rem!important;margin-bottom:0.2rem!important}.layout_130 .usg_product_field_3{font-size:1.3rem!important;font-family:var(--font-h1)!important;font-weight:600!important}<\/style><div class=\"w-grid-list\">\t<article class=\"w-grid-item size_1x1 post-1780 product type-product status-publish has-post-thumbnail hentry product_cat-stojaki-choinkowe product_shipping_class-produkty-od-70-cm-do-100-cm\" data-id=\"1780\">\r\n\t\t<div class=\"w-grid-item-h\">\r\n\t\t\t\t\t\t<div class=\"w-post-elm post_image usg_post_image_1 has_ratio\"><div style=\"padding-bottom:100%\"><\/div><a href=\"https:\/\/www.moriadesign.pl\/es\/product-2\/stojak-choinkowy-s-01\/\" aria-label=\"Soporte para \u00e1rbol de Navidad S-01\"><img width=\"600\" height=\"600\" src=\"https:\/\/www.moriadesign.pl\/wp-content\/uploads\/2023\/01\/S-01.g_1-stojak-choinkowy-z-regulacja-i-pojemnikiem-na-wode-600x600.png\" class=\"attachment-us_600_600_crop size-us_600_600_crop wp-post-image\" alt=\"\" loading=\"lazy\" srcset=\"https:\/\/www.moriadesign.pl\/wp-content\/uploads\/2023\/01\/S-01.g_1-stojak-choinkowy-z-regulacja-i-pojemnikiem-na-wode-600x600.png 600w, https:\/\/www.moriadesign.pl\/wp-content\/uploads\/2023\/01\/S-01.g_1-stojak-choinkowy-z-regulacja-i-pojemnikiem-na-wode-300x300.png 300w, https:\/\/www.moriadesign.pl\/wp-content\/uploads\/2023\/01\/S-01.g_1-stojak-choinkowy-z-regulacja-i-pojemnikiem-na-wode-1024x1024.png 1024w, https:\/\/www.moriadesign.pl\/wp-content\/uploads\/2023\/01\/S-01.g_1-stojak-choinkowy-z-regulacja-i-pojemnikiem-na-wode-150x150.png 150w, https:\/\/www.moriadesign.pl\/wp-content\/uploads\/2023\/01\/S-01.g_1-stojak-choinkowy-z-regulacja-i-pojemnikiem-na-wode.png 1600w\" sizes=\"(max-width: 600px) 100vw, 600px\" data-no-translation=\"\" \/><\/a><\/div><p class=\"w-post-elm product_field price usg_product_field_3\"><span class=\"woocommerce-Price-amount amount\"><bdi>166,00&nbsp;<span class=\"woocommerce-Price-currencySymbol\">&#122;&#322;<\/span><\/bdi><\/span> <small class=\"woocommerce-price-suffix\">IVA incluido<\/small><\/p><h3 class=\"w-post-elm post_title usg_post_title_1 woocommerce-loop-product__title color_link_inherit\"><a href=\"https:\/\/www.moriadesign.pl\/es\/product-2\/stojak-choinkowy-s-01\/\">Soporte para \u00e1rbol de Navidad S-01<\/a><\/h3>\t\t<\/div>\r\n\t<\/article>\r\n\t<article class=\"w-grid-item size_1x1 post-1781 product type-product status-publish has-post-thumbnail hentry product_cat-stojaki-choinkowe product_shipping_class-produkty-od-70-cm-do-100-cm\" data-id=\"1781\">\r\n\t\t<div class=\"w-grid-item-h\">\r\n\t\t\t\t\t\t<div class=\"w-post-elm post_image usg_post_image_1 has_ratio\"><div style=\"padding-bottom:100%\"><\/div><a href=\"https:\/\/www.moriadesign.pl\/es\/product-2\/soporte-para-arbol-de-navidad-s-02\/\" aria-label=\"Soporte para \u00e1rbol de Navidad S-02\"><img width=\"600\" height=\"600\" src=\"https:\/\/www.moriadesign.pl\/wp-content\/uploads\/2023\/01\/S-02.g_1-solidne-stojaki-choinkowe-z-metalu-600x600.png\" class=\"attachment-us_600_600_crop size-us_600_600_crop wp-post-image\" alt=\"\" loading=\"lazy\" srcset=\"https:\/\/www.moriadesign.pl\/wp-content\/uploads\/2023\/01\/S-02.g_1-solidne-stojaki-choinkowe-z-metalu-600x600.png 600w, https:\/\/www.moriadesign.pl\/wp-content\/uploads\/2023\/01\/S-02.g_1-solidne-stojaki-choinkowe-z-metalu-300x300.png 300w, https:\/\/www.moriadesign.pl\/wp-content\/uploads\/2023\/01\/S-02.g_1-solidne-stojaki-choinkowe-z-metalu-1024x1024.png 1024w, https:\/\/www.moriadesign.pl\/wp-content\/uploads\/2023\/01\/S-02.g_1-solidne-stojaki-choinkowe-z-metalu-150x150.png 150w, https:\/\/www.moriadesign.pl\/wp-content\/uploads\/2023\/01\/S-02.g_1-solidne-stojaki-choinkowe-z-metalu.png 1600w\" sizes=\"(max-width: 600px) 100vw, 600px\" data-no-translation=\"\" \/><\/a><\/div><p class=\"w-post-elm product_field price usg_product_field_3\"><span class=\"woocommerce-Price-amount amount\"><bdi>178,00&nbsp;<span class=\"woocommerce-Price-currencySymbol\">&#122;&#322;<\/span><\/bdi><\/span> <small class=\"woocommerce-price-suffix\">IVA incluido<\/small><\/p><h3 class=\"w-post-elm post_title usg_post_title_1 woocommerce-loop-product__title color_link_inherit\"><a href=\"https:\/\/www.moriadesign.pl\/es\/product-2\/soporte-para-arbol-de-navidad-s-02\/\">Soporte para \u00e1rbol de Navidad S-02<\/a><\/h3>\t\t<\/div>\r\n\t<\/article>\r\n\t<article class=\"w-grid-item size_1x1 post-1782 product type-product status-publish has-post-thumbnail hentry product_cat-stojaki-choinkowe product_shipping_class-produkty-od-70-cm-do-100-cm\" data-id=\"1782\">\r\n\t\t<div class=\"w-grid-item-h\">\r\n\t\t\t\t\t\t<div class=\"w-post-elm post_image usg_post_image_1 has_ratio\"><div style=\"padding-bottom:100%\"><\/div><a href=\"https:\/\/www.moriadesign.pl\/es\/product-2\/soporte-para-arbol-de-navidad-s-03\/\" aria-label=\"Soporte para \u00e1rbol de Navidad S-03\"><img width=\"600\" height=\"600\" src=\"https:\/\/www.moriadesign.pl\/wp-content\/uploads\/2023\/01\/S-03.g_1-solidny-kuty-kowalski-stojak-choinkowy-600x600.png\" class=\"attachment-us_600_600_crop size-us_600_600_crop wp-post-image\" alt=\"\" loading=\"lazy\" srcset=\"https:\/\/www.moriadesign.pl\/wp-content\/uploads\/2023\/01\/S-03.g_1-solidny-kuty-kowalski-stojak-choinkowy-600x600.png 600w, https:\/\/www.moriadesign.pl\/wp-content\/uploads\/2023\/01\/S-03.g_1-solidny-kuty-kowalski-stojak-choinkowy-300x300.png 300w, https:\/\/www.moriadesign.pl\/wp-content\/uploads\/2023\/01\/S-03.g_1-solidny-kuty-kowalski-stojak-choinkowy-1024x1024.png 1024w, https:\/\/www.moriadesign.pl\/wp-content\/uploads\/2023\/01\/S-03.g_1-solidny-kuty-kowalski-stojak-choinkowy-150x150.png 150w, https:\/\/www.moriadesign.pl\/wp-content\/uploads\/2023\/01\/S-03.g_1-solidny-kuty-kowalski-stojak-choinkowy.png 1600w\" sizes=\"(max-width: 600px) 100vw, 600px\" data-no-translation=\"\" \/><\/a><\/div><p class=\"w-post-elm product_field price usg_product_field_3\"><span class=\"woocommerce-Price-amount amount\"><bdi>137,20&nbsp;<span class=\"woocommerce-Price-currencySymbol\">&#122;&#322;<\/span><\/bdi><\/span> <small class=\"woocommerce-price-suffix\">IVA incluido<\/small><\/p><h3 class=\"w-post-elm post_title usg_post_title_1 woocommerce-loop-product__title color_link_inherit\"><a href=\"https:\/\/www.moriadesign.pl\/es\/product-2\/soporte-para-arbol-de-navidad-s-03\/\">Soporte para \u00e1rbol de Navidad S-03<\/a><\/h3>\t\t<\/div>\r\n\t<\/article>\r\n\t<article class=\"w-grid-item size_1x1 post-1783 product type-product status-publish has-post-thumbnail hentry product_cat-stojaki-choinkowe product_shipping_class-produkty-od-70-cm-do-100-cm\" data-id=\"1783\">\r\n\t\t<div class=\"w-grid-item-h\">\r\n\t\t\t\t\t\t<div class=\"w-post-elm post_image usg_post_image_1 has_ratio\"><div style=\"padding-bottom:100%\"><\/div><a href=\"https:\/\/www.moriadesign.pl\/es\/product-2\/soporte-para-arbol-de-navidad-s-04\/\" aria-label=\"Soporte para \u00e1rbol de Navidad S-04\"><img width=\"600\" height=\"600\" src=\"https:\/\/www.moriadesign.pl\/wp-content\/uploads\/2023\/01\/S-04.g_1-zloty-metalowy-stojak-choinkowy-o-niepowtarzalnym-wzorze-600x600.png\" class=\"attachment-us_600_600_crop size-us_600_600_crop wp-post-image\" alt=\"\" loading=\"lazy\" srcset=\"https:\/\/www.moriadesign.pl\/wp-content\/uploads\/2023\/01\/S-04.g_1-zloty-metalowy-stojak-choinkowy-o-niepowtarzalnym-wzorze-600x600.png 600w, https:\/\/www.moriadesign.pl\/wp-content\/uploads\/2023\/01\/S-04.g_1-zloty-metalowy-stojak-choinkowy-o-niepowtarzalnym-wzorze-300x300.png 300w, https:\/\/www.moriadesign.pl\/wp-content\/uploads\/2023\/01\/S-04.g_1-zloty-metalowy-stojak-choinkowy-o-niepowtarzalnym-wzorze-1024x1024.png 1024w, https:\/\/www.moriadesign.pl\/wp-content\/uploads\/2023\/01\/S-04.g_1-zloty-metalowy-stojak-choinkowy-o-niepowtarzalnym-wzorze-150x150.png 150w, https:\/\/www.moriadesign.pl\/wp-content\/uploads\/2023\/01\/S-04.g_1-zloty-metalowy-stojak-choinkowy-o-niepowtarzalnym-wzorze.png 1600w\" sizes=\"(max-width: 600px) 100vw, 600px\" data-no-translation=\"\" \/><\/a><\/div><p class=\"w-post-elm product_field price usg_product_field_3\"><span class=\"woocommerce-Price-amount amount\"><bdi>196,30&nbsp;<span class=\"woocommerce-Price-currencySymbol\">&#122;&#322;<\/span><\/bdi><\/span> <small class=\"woocommerce-price-suffix\">IVA incluido<\/small><\/p><h3 class=\"w-post-elm post_title usg_post_title_1 woocommerce-loop-product__title color_link_inherit\"><a href=\"https:\/\/www.moriadesign.pl\/es\/product-2\/soporte-para-arbol-de-navidad-s-04\/\">Soporte para \u00e1rbol de Navidad S-04<\/a><\/h3>\t\t<\/div>\r\n\t<\/article>\r\n<\/div><div class=\"w-grid-preloader\"><div class=\"g-preloader type_1\">\r\n\t<div><\/div>\r\n<\/div>\r\n<\/div>\t<div class=\"w-grid-json hidden\" onclick='return {&quot;action&quot;:&quot;us_ajax_grid&quot;,&quot;ajax_url&quot;:&quot;https:\\\/\\\/www.moriadesign.pl\\\/wp-admin\\\/admin-ajax.php&quot;,&quot;infinite_scroll&quot;:0,&quot;max_num_pages&quot;:1,&quot;pagination&quot;:&quot;regular&quot;,&quot;permalink_url&quot;:&quot;https:\\\/\\\/www.moriadesign.pl\\\/es\\\/wp-json\\\/wp\\\/v2\\\/pages\\\/1305&quot;,&quot;template_vars&quot;:{&quot;columns&quot;:&quot;4&quot;,&quot;exclude_items&quot;:&quot;none&quot;,&quot;img_size&quot;:&quot;default&quot;,&quot;ignore_items_size&quot;:0,&quot;items_layout&quot;:&quot;130&quot;,&quot;items_offset&quot;:&quot;1&quot;,&quot;load_animation&quot;:&quot;none&quot;,&quot;overriding_link&quot;:&quot;none&quot;,&quot;post_id&quot;:1305,&quot;query_args&quot;:{&quot;post_type&quot;:[&quot;product&quot;],&quot;tax_query&quot;:[{&quot;taxonomy&quot;:&quot;product_cat&quot;,&quot;field&quot;:&quot;slug&quot;,&quot;terms&quot;:[&quot;stojaki-choinkowe&quot;]},{&quot;taxonomy&quot;:&quot;product_visibility&quot;,&quot;field&quot;:&quot;slug&quot;,&quot;terms&quot;:[&quot;exclude-from-catalog&quot;],&quot;operator&quot;:&quot;NOT IN&quot;}],&quot;post_status&quot;:[&quot;publish&quot;,&quot;acf-disabled&quot;,&quot;wc-payu-waiting&quot;],&quot;meta_query&quot;:[],&quot;posts_per_page&quot;:&quot;24&quot;},&quot;orderby_query_args&quot;:{&quot;orderby&quot;:{&quot;date&quot;:&quot;ASC&quot;}},&quot;type&quot;:&quot;grid&quot;,&quot;us_grid_ajax_index&quot;:1,&quot;us_grid_filter_params&quot;:null,&quot;us_grid_index&quot;:1,&quot;_us_grid_post_type&quot;:&quot;product&quot;}}'><\/div>\r\n\t<\/div><div class=\"w-separator size_medium\"><\/div><\/div><\/div><\/div><\/div><\/div><\/section><section class=\"l-section wpb_row height_medium\"><div class=\"l-section-h i-cf\"><div class=\"g-cols vc_row via_flex valign_top type_default stacking_default\"><div class=\"vc_col-sm-12 wpb_column vc_column_container\"><div class=\"vc_column-inner\"><div class=\"wpb_wrapper\"><div class=\"wpb_text_column\"><div class=\"wpb_wrapper\"><h2 id=\"czytaj-wiecej\">Soportes para \u00e1rboles de Navidad de alta calidad de MORIA DESIGN<\/h2>\n<p><strong>Nuestro \u00e1rbol de Navidad<\/strong> son la respuesta a las necesidades de quienes buscan una soluci\u00f3n a la vez pr\u00e1ctica y est\u00e9tica para su hogar durante las fiestas. Fabricados en acero macizo de alta calidad, garantizan la estabilidad y la seguridad del \u00e1rbol de Navidad, al tiempo que aportan un elegante elemento decorativo. Disponibles en varios colores, incluido el dorado precioso, combinan a la perfecci\u00f3n con cualquier interior y decoraci\u00f3n navide\u00f1a.<\/p>\n<h2>\u00bfPor qu\u00e9 elegir nuestros soportes para \u00e1rboles de Navidad?<\/h2>\n<p><strong>Elegir nuestros soportes para \u00e1rboles de Navidad<\/strong> No s\u00f3lo est\u00e1 invirtiendo en la seguridad y estabilidad de su decoraci\u00f3n navide\u00f1a, sino tambi\u00e9n en el estilo \u00fanico y la calidad de la mano de obra. Nuestros soportes se caracterizan por un dise\u00f1o innovador que se distingue de las soluciones tradicionales. No s\u00f3lo son funcionales, sino tambi\u00e9n f\u00e1ciles de montar, lo que hace que sus preparativos navide\u00f1os sean a\u00fan m\u00e1s eficaces. Adem\u00e1s, nuestros productos son resistentes a los ara\u00f1azos y f\u00e1ciles de limpiar, lo que garantiza una belleza y funcionalidad duraderas durante muchos a\u00f1os.<\/p>\n<h2>La respuesta a las necesidades de cada hogar<\/h2>\n<p>Nos aseguramos de que todo el mundo pueda encontrar en nuestra gama el soporte perfecto para su \u00e1rbol de Navidad. Ofrecemos una amplia gama de modelos que se adaptan a diferentes tama\u00f1os y tipos de \u00e1rbol de Navidad, proporcionando una soluci\u00f3n vers\u00e1til para cualquier hogar. Tanto si dispone de un gran espacio como si busca un soporte m\u00e1s peque\u00f1o para una casa peque\u00f1a, nuestros productos est\u00e1n dise\u00f1ados para aprovechar al m\u00e1ximo el espacio disponible sin comprometer la est\u00e9tica ni la durabilidad. Adem\u00e1s, ofrecemos asesoramiento detallado y ayuda para elegir el mejor soporte para que sus adornos navide\u00f1os sean agradables a la vista y al coraz\u00f3n durante toda la temporada festiva.<\/p>\n<h2>Explore la gama de originales soportes para \u00e1rboles de Navidad<\/h2>\n<p>Le invitamos cordialmente a visitar nuestro sitio web para conocer en detalle la amplia <strong>oferta de soportes para \u00e1rboles de Navidad<\/strong>. W <a href=\"\/es\/?wmc-currency=EUR\">DISE\u00d1O MORIA<\/a> Nos centramos en la apertura y la accesibilidad, por lo que nuestros asesores est\u00e1n siempre dispuestos a responder a cualquier pregunta y ayudarle a elegir el producto perfecto. Garantizamos que nuestros soportes no s\u00f3lo son bonitos y duraderos, sino que tambi\u00e9n se ofrecen a precios competitivos. Vis\u00edtenos hoy mismo y compruebe c\u00f3mo nuestros soportes para \u00e1rboles de Navidad pueden transformar su decoraci\u00f3n navide\u00f1a, a\u00f1adiendo elegancia, estilo y fiabilidad.<\/p>\n<p><strong>Compru\u00e9belo tambi\u00e9n:<\/strong><\/p>\n<ul>\n<li><a href=\"\/es\/oferta\/patas-de-horquilla\/?wmc-currency=EUR\">Patas de horquilla - juegos<\/a><\/li>\n<li><a href=\"\/es\/oferta\/patas-de-horquilla-en-color\/?wmc-currency=EUR\">Pata de horquilla - coloreada<\/a><\/li>\n<li><a href=\"\/es\/oferta\/portabicicletas\/?wmc-currency=EUR\">Aparcabicicletas<\/a><\/li>\n<\/ul>\n<\/div><\/div><\/div><\/div><\/div><\/div><\/div><\/section>","protected":false},"excerpt":{"rendered":"Cechy i zalety: wkomponowana stalowa miska na wod\u0119 z trzpieniem stabilizuj\u0105cym pie\u0144 &gt; praktyczny; wykonany z wysokiej gatunkowo stali &gt; wieczny; zastosowane filcowe podk\u0142adki ochronne &gt; funkcjonalny; spos\u00f3b monta\u017cu poprzez dokr\u0119cenie trzech \u015brub &gt; dopasowany; ozdobne pokr\u0119t\u0142a \u015brub &gt; estetyczny; pomalowany farb\u0105 proszkow\u0105 w kolorze z\u0142otym - zdecydowanie wy\u017csza odporno\u015b\u0107 na uszkodzenia od pow\u0142ok farb...","protected":false},"author":1,"featured_media":237,"parent":188,"menu_order":25,"comment_status":"closed","ping_status":"closed","template":"","meta":{"inline_featured_image":false},"acf":[],"yoast_head":"<!-- This site is optimized with the Yoast SEO plugin v20.2 - https:\/\/yoast.com\/wordpress\/plugins\/seo\/ -->\n<title>Stojaki choinkowe - MORIA DESIGN<\/title>\n<meta name=\"description\" content=\"Poznaj oryginalne i magiczne stojaki choinkowe. Funkcjonalne i trwa\u0142e stojaki przyozdabiamy \u015bwi\u0105tecznymi akcentami. MORIA DESIGN zaprasza!\" \/>\n<meta name=\"robots\" content=\"index, follow, max-snippet:-1, max-image-preview:large, max-video-preview:-1\" \/>\n<link rel=\"canonical\" href=\"https:\/\/www.moriadesign.pl\/es\/oferta\/soportes-para-arboles-de-navidad\/?wmc-currency=EUR\" \/>\n<meta property=\"og:locale\" content=\"es_ES\" \/>\n<meta property=\"og:type\" content=\"article\" \/>\n<meta property=\"og:title\" content=\"Stojaki choinkowe - MORIA DESIGN\" \/>\n<meta property=\"og:description\" content=\"Poznaj oryginalne i magiczne stojaki choinkowe. Funkcjonalne i trwa\u0142e stojaki przyozdabiamy \u015bwi\u0105tecznymi akcentami. MORIA DESIGN zaprasza!\" \/>\n<meta property=\"og:url\" content=\"https:\/\/www.moriadesign.pl\/es\/oferta\/soportes-para-arboles-de-navidad\/?wmc-currency=EUR\" \/>\n<meta property=\"og:site_name\" content=\"MORIA DESIGN\" \/>\n<meta property=\"article:modified_time\" content=\"2024-04-09T14:15:58+00:00\" \/>\n<meta property=\"og:image\" content=\"https:\/\/www.moriadesign.pl\/wp-content\/uploads\/2022\/11\/stojaki-choinkowe.jpg\" \/>\n\t<meta property=\"og:image:width\" content=\"800\" \/>\n\t<meta property=\"og:image:height\" content=\"800\" \/>\n\t<meta property=\"og:image:type\" content=\"image\/jpeg\" \/>\n<meta name=\"twitter:card\" content=\"summary_large_image\" \/>\n<meta name=\"twitter:label1\" content=\"Tiempo de lectura\" \/>\n\t<meta name=\"twitter:data1\" content=\"5 minutos\" \/>\n<script type=\"application\/ld+json\" class=\"yoast-schema-graph\">{\"@context\":\"https:\/\/schema.org\",\"@graph\":[{\"@type\":\"WebPage\",\"@id\":\"https:\/\/www.moriadesign.pl\/oferta\/stojaki-choinkowe\/\",\"url\":\"https:\/\/www.moriadesign.pl\/oferta\/stojaki-choinkowe\/\",\"name\":\"Stojaki choinkowe - MORIA DESIGN\",\"isPartOf\":{\"@id\":\"https:\/\/www.moriadesign.pl\/#website\"},\"datePublished\":\"2022-12-20T12:41:31+00:00\",\"dateModified\":\"2024-04-09T14:15:58+00:00\",\"description\":\"Poznaj oryginalne i magiczne stojaki choinkowe. Funkcjonalne i trwa\u0142e stojaki przyozdabiamy \u015bwi\u0105tecznymi akcentami. MORIA DESIGN zaprasza!\",\"breadcrumb\":{\"@id\":\"https:\/\/www.moriadesign.pl\/oferta\/stojaki-choinkowe\/#breadcrumb\"},\"inLanguage\":\"es\",\"potentialAction\":[{\"@type\":\"ReadAction\",\"target\":[\"https:\/\/www.moriadesign.pl\/oferta\/stojaki-choinkowe\/\"]}]},{\"@type\":\"BreadcrumbList\",\"@id\":\"https:\/\/www.moriadesign.pl\/oferta\/stojaki-choinkowe\/#breadcrumb\",\"itemListElement\":[{\"@type\":\"ListItem\",\"position\":1,\"name\":\"Strona g\u0142\u00f3wna\",\"item\":\"https:\/\/www.moriadesign.pl\/\"},{\"@type\":\"ListItem\",\"position\":2,\"name\":\"Oferta\",\"item\":\"https:\/\/www.moriadesign.pl\/oferta\/\"},{\"@type\":\"ListItem\",\"position\":3,\"name\":\"Stojaki choinkowe\"}]},{\"@type\":\"WebSite\",\"@id\":\"https:\/\/www.moriadesign.pl\/#website\",\"url\":\"https:\/\/www.moriadesign.pl\/\",\"name\":\"MORIA DESIGN\",\"description\":\"okucia do mebli, domu i ogrodu\",\"potentialAction\":[{\"@type\":\"SearchAction\",\"target\":{\"@type\":\"EntryPoint\",\"urlTemplate\":\"https:\/\/www.moriadesign.pl\/?s={search_term_string}\"},\"query-input\":\"required name=search_term_string\"}],\"inLanguage\":\"es\"}]}<\/script>\n<!-- \/ Yoast SEO plugin. -->","yoast_head_json":{"title":"Stojaki choinkowe - MORIA DESIGN","description":"Poznaj oryginalne i magiczne stojaki choinkowe. Funkcjonalne i trwa\u0142e stojaki przyozdabiamy \u015bwi\u0105tecznymi akcentami. MORIA DESIGN zaprasza!","robots":{"index":"index","follow":"follow","max-snippet":"max-snippet:-1","max-image-preview":"max-image-preview:large","max-video-preview":"max-video-preview:-1"},"canonical":"https:\/\/www.moriadesign.pl\/es\/oferta\/soportes-para-arboles-de-navidad\/?wmc-currency=EUR","og_locale":"es_ES","og_type":"article","og_title":"Stojaki choinkowe - MORIA DESIGN","og_description":"Poznaj oryginalne i magiczne stojaki choinkowe. Funkcjonalne i trwa\u0142e stojaki przyozdabiamy \u015bwi\u0105tecznymi akcentami. MORIA DESIGN zaprasza!","og_url":"https:\/\/www.moriadesign.pl\/es\/oferta\/soportes-para-arboles-de-navidad\/?wmc-currency=EUR","og_site_name":"MORIA DESIGN","article_modified_time":"2024-04-09T14:15:58+00:00","og_image":[{"width":800,"height":800,"url":"https:\/\/www.moriadesign.pl\/wp-content\/uploads\/2022\/11\/stojaki-choinkowe.jpg","type":"image\/jpeg"}],"twitter_card":"summary_large_image","twitter_misc":{"Tiempo de lectura":"5 minutos"},"schema":{"@context":"https:\/\/schema.org","@graph":[{"@type":"WebPage","@id":"https:\/\/www.moriadesign.pl\/oferta\/stojaki-choinkowe\/","url":"https:\/\/www.moriadesign.pl\/oferta\/stojaki-choinkowe\/","name":"Stojaki choinkowe - MORIA DESIGN","isPartOf":{"@id":"https:\/\/www.moriadesign.pl\/#website"},"datePublished":"2022-12-20T12:41:31+00:00","dateModified":"2024-04-09T14:15:58+00:00","description":"Poznaj oryginalne i magiczne stojaki choinkowe. Funkcjonalne i trwa\u0142e stojaki przyozdabiamy \u015bwi\u0105tecznymi akcentami. MORIA DESIGN zaprasza!","breadcrumb":{"@id":"https:\/\/www.moriadesign.pl\/oferta\/stojaki-choinkowe\/#breadcrumb"},"inLanguage":"es","potentialAction":[{"@type":"ReadAction","target":["https:\/\/www.moriadesign.pl\/oferta\/stojaki-choinkowe\/"]}]},{"@type":"BreadcrumbList","@id":"https:\/\/www.moriadesign.pl\/oferta\/stojaki-choinkowe\/#breadcrumb","itemListElement":[{"@type":"ListItem","position":1,"name":"Strona g\u0142\u00f3wna","item":"https:\/\/www.moriadesign.pl\/"},{"@type":"ListItem","position":2,"name":"Oferta","item":"https:\/\/www.moriadesign.pl\/oferta\/"},{"@type":"ListItem","position":3,"name":"Stojaki choinkowe"}]},{"@type":"WebSite","@id":"https:\/\/www.moriadesign.pl\/#website","url":"https:\/\/www.moriadesign.pl\/","name":"MORIA DESIGN","description":"okucia do mebli, domu i ogrodu","potentialAction":[{"@type":"SearchAction","target":{"@type":"EntryPoint","urlTemplate":"https:\/\/www.moriadesign.pl\/?s={search_term_string}"},"query-input":"required name=search_term_string"}],"inLanguage":"es"}]}},"_links":{"self":[{"href":"https:\/\/www.moriadesign.pl\/es\/wp-json\/wp\/v2\/pages\/1305"}],"collection":[{"href":"https:\/\/www.moriadesign.pl\/es\/wp-json\/wp\/v2\/pages"}],"about":[{"href":"https:\/\/www.moriadesign.pl\/es\/wp-json\/wp\/v2\/types\/page"}],"author":[{"embeddable":true,"href":"https:\/\/www.moriadesign.pl\/es\/wp-json\/wp\/v2\/users\/1"}],"replies":[{"embeddable":true,"href":"https:\/\/www.moriadesign.pl\/es\/wp-json\/wp\/v2\/comments?post=1305"}],"version-history":[{"count":14,"href":"https:\/\/www.moriadesign.pl\/es\/wp-json\/wp\/v2\/pages\/1305\/revisions"}],"predecessor-version":[{"id":3251,"href":"https:\/\/www.moriadesign.pl\/es\/wp-json\/wp\/v2\/pages\/1305\/revisions\/3251"}],"up":[{"embeddable":true,"href":"https:\/\/www.moriadesign.pl\/es\/wp-json\/wp\/v2\/pages\/188"}],"wp:featuredmedia":[{"embeddable":true,"href":"https:\/\/www.moriadesign.pl\/es\/wp-json\/wp\/v2\/media\/237"}],"wp:attachment":[{"href":"https:\/\/www.moriadesign.pl\/es\/wp-json\/wp\/v2\/media?parent=1305"}],"curies":[{"name":"wp","href":"https:\/\/api.w.org\/{rel}","templated":true}]}}