{"id":1303,"date":"2022-12-20T13:40:38","date_gmt":"2022-12-20T12:40:38","guid":{"rendered":"https:\/\/www.moriadesign.pl\/?page_id=1303"},"modified":"2024-04-09T16:01:46","modified_gmt":"2024-04-09T14:01:46","slug":"szyldy-zamkow","status":"publish","type":"page","link":"https:\/\/www.moriadesign.pl\/es\/oferta\/senales-de-bloqueo\/","title":{"rendered":"Se\u00f1ales de bloqueo"},"content":{"rendered":"<section class=\"l-section wpb_row us_custom_87ac13b4 height_small\"><div class=\"l-section-h i-cf\"><div class=\"g-cols vc_row via_flex valign_middle type_default reversed stacking_default\"><div class=\"vc_col-sm-12 vc_col-md-6 wpb_column vc_column_container\"><div class=\"vc_column-inner\"><div class=\"wpb_wrapper\"><div class=\"w-post-elm post_image us_custom_551c61fe stretched\"><img width=\"800\" height=\"800\" src=\"https:\/\/www.moriadesign.pl\/wp-content\/uploads\/2022\/11\/szyldy-zamkow.jpg\" class=\"attachment-large size-large wp-post-image\" alt=\"\" loading=\"lazy\" srcset=\"https:\/\/www.moriadesign.pl\/wp-content\/uploads\/2022\/11\/szyldy-zamkow.jpg 800w, https:\/\/www.moriadesign.pl\/wp-content\/uploads\/2022\/11\/szyldy-zamkow-300x300.jpg 300w, https:\/\/www.moriadesign.pl\/wp-content\/uploads\/2022\/11\/szyldy-zamkow-150x150.jpg 150w, https:\/\/www.moriadesign.pl\/wp-content\/uploads\/2022\/11\/szyldy-zamkow-600x600.jpg 600w\" sizes=\"(max-width: 800px) 100vw, 800px\" data-no-translation=\"\" \/><\/div><\/div><\/div><\/div><div class=\"vc_col-sm-12 vc_col-md-6 wpb_column vc_column_container\"><div class=\"vc_column-inner\"><div class=\"wpb_wrapper\"><h1 class=\"w-post-elm post_title entry-title color_link_inherit\">Se\u00f1ales de bloqueo<\/h1><div class=\"w-separator size_small\"><\/div><div class=\"wpb_text_column us_custom_baf8849b\"><div class=\"wpb_wrapper\"><p>Completan la colecci\u00f3n de herrajes los escudos de las cerraduras.<\/p>\n<p>Los r\u00f3tulos llevan de serie un recubrimiento en polvo de color negro mate (sin brillo, textura fina).<\/p>\n<p>Los r\u00f3tulos pueden fabricarse en distintos tama\u00f1os. Se utilizan tanto para puertas de muebles peque\u00f1os como para portillos, puertas o verjas.<\/p>\n<p><a href=\"#czytaj-wiecej\"><strong>Seguir leyendo<\/strong><\/a><\/p>\n<\/div><\/div><\/div><\/div><\/div><\/div><\/div><\/section><section class=\"l-section wpb_row us_custom_887a049b height_small\"><div class=\"l-section-h i-cf\"><div class=\"g-cols vc_row via_flex valign_top type_default stacking_default\"><div class=\"vc_col-sm-12 wpb_column vc_column_container\"><div class=\"vc_column-inner\"><div class=\"wpb_wrapper\"><div class=\"w-grid type_grid layout_130 cols_4 with_pagination\" id=\"us_grid_1\" data-filterable=\"true\"><style>#us_grid_1 .w-grid-item{padding:1.5rem}#us_grid_1 .w-grid-list{margin:-1.5rem -1.5rem 1.5rem}.w-grid + #us_grid_1 .w-grid-list,.w-grid-none + #us_grid_1 .w-grid-list{margin-top:1.5rem}@media (max-width:1199px){#us_grid_1 .w-grid-item{width:33.3333%}}@media (max-width:899px){#us_grid_1 .w-grid-item{width:33.3333%}}@media (max-width:599px){#us_grid_1 .w-grid-item{width:50%}}.layout_130 .w-grid-item-h{}.layout_130 .usg_product_field_1{color:#fff!important;font-size:12px!important;font-weight:700!important;text-transform:uppercase!important;position:absolute!important;top:10px!important;left:10px!important;padding-left:0.8rem!important;padding-right:0.8rem!important;border-radius:2rem!important;background:var(--color-content-primary)!important}.layout_130 .usg_post_title_1{font-size:1rem!important;line-height:1.4rem!important;font-family:var(--font-body)!important;font-weight:400!important;margin-top:0.8rem!important;margin-bottom:0.2rem!important}.layout_130 .usg_product_field_3{font-size:1.3rem!important;font-family:var(--font-h1)!important;font-weight:600!important}<\/style><div class=\"w-grid-list\">\t<article class=\"w-grid-item size_1x1 post-1665 product type-product status-publish has-post-thumbnail hentry product_cat-szyldy-zamkow product_shipping_class-paczkomat-20\" data-id=\"1665\">\r\n\t\t<div class=\"w-grid-item-h\">\r\n\t\t\t\t\t\t<div class=\"w-post-elm post_image usg_post_image_1 has_ratio\"><div style=\"padding-bottom:100%\"><\/div><a href=\"https:\/\/www.moriadesign.pl\/es\/product-2\/signo-de-cierre-y-01-h12-cm\/\" aria-label=\"Signo de cerradura Y-01 [h=12 cm].\"><img width=\"600\" height=\"600\" src=\"https:\/\/www.moriadesign.pl\/wp-content\/uploads\/2022\/12\/Y-01_1-kowalski-kuty-szyld-do-rustykalnych-drzwi-600x600.png\" class=\"attachment-us_600_600_crop size-us_600_600_crop wp-post-image\" alt=\"\" loading=\"lazy\" srcset=\"https:\/\/www.moriadesign.pl\/wp-content\/uploads\/2022\/12\/Y-01_1-kowalski-kuty-szyld-do-rustykalnych-drzwi-600x600.png 600w, https:\/\/www.moriadesign.pl\/wp-content\/uploads\/2022\/12\/Y-01_1-kowalski-kuty-szyld-do-rustykalnych-drzwi-300x300.png 300w, https:\/\/www.moriadesign.pl\/wp-content\/uploads\/2022\/12\/Y-01_1-kowalski-kuty-szyld-do-rustykalnych-drzwi-1024x1024.png 1024w, https:\/\/www.moriadesign.pl\/wp-content\/uploads\/2022\/12\/Y-01_1-kowalski-kuty-szyld-do-rustykalnych-drzwi-150x150.png 150w, https:\/\/www.moriadesign.pl\/wp-content\/uploads\/2022\/12\/Y-01_1-kowalski-kuty-szyld-do-rustykalnych-drzwi.png 1600w\" sizes=\"(max-width: 600px) 100vw, 600px\" data-no-translation=\"\" \/><\/a><\/div><p class=\"w-post-elm product_field price usg_product_field_3\"><span class=\"woocommerce-Price-amount amount\"><bdi>8,60&nbsp;<span class=\"woocommerce-Price-currencySymbol\">&#122;&#322;<\/span><\/bdi><\/span> <small class=\"woocommerce-price-suffix\">IVA incluido<\/small><\/p><h3 class=\"w-post-elm post_title usg_post_title_1 woocommerce-loop-product__title color_link_inherit\"><a href=\"https:\/\/www.moriadesign.pl\/es\/product-2\/signo-de-cierre-y-01-h12-cm\/\">Signo de cerradura Y-01 [h=12 cm].<\/a><\/h3>\t\t<\/div>\r\n\t<\/article>\r\n\t<article class=\"w-grid-item size_1x1 post-1672 product type-product status-publish has-post-thumbnail hentry product_cat-szyldy-zamkow product_shipping_class-paczkomat-20\" data-id=\"1672\">\r\n\t\t<div class=\"w-grid-item-h\">\r\n\t\t\t\t\t\t<div class=\"w-post-elm post_image usg_post_image_1 has_ratio\"><div style=\"padding-bottom:100%\"><\/div><a href=\"https:\/\/www.moriadesign.pl\/es\/product-2\/signo-de-bloqueo-y-02-h29-cm\/\" aria-label=\"Signo de cerradura Y-02 [h=29 cm].\"><img width=\"600\" height=\"600\" src=\"https:\/\/www.moriadesign.pl\/wp-content\/uploads\/2022\/12\/Y-02_1-kowalski-szyld-do-goralskich-drzwi-600x600.png\" class=\"attachment-us_600_600_crop size-us_600_600_crop wp-post-image\" alt=\"\" loading=\"lazy\" srcset=\"https:\/\/www.moriadesign.pl\/wp-content\/uploads\/2022\/12\/Y-02_1-kowalski-szyld-do-goralskich-drzwi-600x600.png 600w, https:\/\/www.moriadesign.pl\/wp-content\/uploads\/2022\/12\/Y-02_1-kowalski-szyld-do-goralskich-drzwi-300x300.png 300w, https:\/\/www.moriadesign.pl\/wp-content\/uploads\/2022\/12\/Y-02_1-kowalski-szyld-do-goralskich-drzwi-1024x1024.png 1024w, https:\/\/www.moriadesign.pl\/wp-content\/uploads\/2022\/12\/Y-02_1-kowalski-szyld-do-goralskich-drzwi-150x150.png 150w, https:\/\/www.moriadesign.pl\/wp-content\/uploads\/2022\/12\/Y-02_1-kowalski-szyld-do-goralskich-drzwi.png 1600w\" sizes=\"(max-width: 600px) 100vw, 600px\" data-no-translation=\"\" \/><\/a><\/div><p class=\"w-post-elm product_field price usg_product_field_3\"><span class=\"woocommerce-Price-amount amount\"><bdi>22,10&nbsp;<span class=\"woocommerce-Price-currencySymbol\">&#122;&#322;<\/span><\/bdi><\/span> <small class=\"woocommerce-price-suffix\">IVA incluido<\/small><\/p><h3 class=\"w-post-elm post_title usg_post_title_1 woocommerce-loop-product__title color_link_inherit\"><a href=\"https:\/\/www.moriadesign.pl\/es\/product-2\/signo-de-bloqueo-y-02-h29-cm\/\">Signo de cerradura Y-02 [h=29 cm].<\/a><\/h3>\t\t<\/div>\r\n\t<\/article>\r\n\t<article class=\"w-grid-item size_1x1 post-1673 product type-product status-publish has-post-thumbnail hentry product_cat-szyldy-zamkow product_shipping_class-paczkomat-20\" data-id=\"1673\">\r\n\t\t<div class=\"w-grid-item-h\">\r\n\t\t\t\t\t\t<div class=\"w-post-elm post_image usg_post_image_1 has_ratio\"><div style=\"padding-bottom:100%\"><\/div><a href=\"https:\/\/www.moriadesign.pl\/es\/product-2\/signo-de-bloqueo-y-03-h21-cm\/\" aria-label=\"Signo de cerradura Y-03 [h=21 cm].\"><img width=\"600\" height=\"600\" src=\"https:\/\/www.moriadesign.pl\/wp-content\/uploads\/2022\/12\/Y-03_1-rustykalny-szyld-na-wkladke-i-klamke-do-drzwi-600x600.png\" class=\"attachment-us_600_600_crop size-us_600_600_crop wp-post-image\" alt=\"\" loading=\"lazy\" srcset=\"https:\/\/www.moriadesign.pl\/wp-content\/uploads\/2022\/12\/Y-03_1-rustykalny-szyld-na-wkladke-i-klamke-do-drzwi-600x600.png 600w, https:\/\/www.moriadesign.pl\/wp-content\/uploads\/2022\/12\/Y-03_1-rustykalny-szyld-na-wkladke-i-klamke-do-drzwi-300x300.png 300w, https:\/\/www.moriadesign.pl\/wp-content\/uploads\/2022\/12\/Y-03_1-rustykalny-szyld-na-wkladke-i-klamke-do-drzwi-1024x1024.png 1024w, https:\/\/www.moriadesign.pl\/wp-content\/uploads\/2022\/12\/Y-03_1-rustykalny-szyld-na-wkladke-i-klamke-do-drzwi-150x150.png 150w, https:\/\/www.moriadesign.pl\/wp-content\/uploads\/2022\/12\/Y-03_1-rustykalny-szyld-na-wkladke-i-klamke-do-drzwi.png 1600w\" sizes=\"(max-width: 600px) 100vw, 600px\" data-no-translation=\"\" \/><\/a><\/div><p class=\"w-post-elm product_field price usg_product_field_3\"><span class=\"woocommerce-Price-amount amount\"><bdi>21,30&nbsp;<span class=\"woocommerce-Price-currencySymbol\">&#122;&#322;<\/span><\/bdi><\/span> <small class=\"woocommerce-price-suffix\">IVA incluido<\/small><\/p><h3 class=\"w-post-elm post_title usg_post_title_1 woocommerce-loop-product__title color_link_inherit\"><a href=\"https:\/\/www.moriadesign.pl\/es\/product-2\/signo-de-bloqueo-y-03-h21-cm\/\">Signo de cerradura Y-03 [h=21 cm].<\/a><\/h3>\t\t<\/div>\r\n\t<\/article>\r\n<\/div><div class=\"w-grid-preloader\"><div class=\"g-preloader type_1\">\r\n\t<div><\/div>\r\n<\/div>\r\n<\/div>\t<div class=\"w-grid-json hidden\" onclick='return {&quot;action&quot;:&quot;us_ajax_grid&quot;,&quot;ajax_url&quot;:&quot;https:\\\/\\\/www.moriadesign.pl\\\/wp-admin\\\/admin-ajax.php&quot;,&quot;infinite_scroll&quot;:0,&quot;max_num_pages&quot;:1,&quot;pagination&quot;:&quot;regular&quot;,&quot;permalink_url&quot;:&quot;https:\\\/\\\/www.moriadesign.pl\\\/es\\\/wp-json\\\/wp\\\/v2\\\/pages\\\/1303&quot;,&quot;template_vars&quot;:{&quot;columns&quot;:&quot;4&quot;,&quot;exclude_items&quot;:&quot;none&quot;,&quot;img_size&quot;:&quot;default&quot;,&quot;ignore_items_size&quot;:0,&quot;items_layout&quot;:&quot;130&quot;,&quot;items_offset&quot;:&quot;1&quot;,&quot;load_animation&quot;:&quot;none&quot;,&quot;overriding_link&quot;:&quot;none&quot;,&quot;post_id&quot;:1303,&quot;query_args&quot;:{&quot;post_type&quot;:[&quot;product&quot;],&quot;tax_query&quot;:[{&quot;taxonomy&quot;:&quot;product_cat&quot;,&quot;field&quot;:&quot;slug&quot;,&quot;terms&quot;:[&quot;szyldy-zamkow&quot;]},{&quot;taxonomy&quot;:&quot;product_visibility&quot;,&quot;field&quot;:&quot;slug&quot;,&quot;terms&quot;:[&quot;exclude-from-catalog&quot;],&quot;operator&quot;:&quot;NOT IN&quot;}],&quot;post_status&quot;:[&quot;publish&quot;,&quot;acf-disabled&quot;,&quot;wc-payu-waiting&quot;],&quot;meta_query&quot;:[],&quot;posts_per_page&quot;:&quot;24&quot;},&quot;orderby_query_args&quot;:{&quot;orderby&quot;:{&quot;date&quot;:&quot;ASC&quot;}},&quot;type&quot;:&quot;grid&quot;,&quot;us_grid_ajax_index&quot;:1,&quot;us_grid_filter_params&quot;:null,&quot;us_grid_index&quot;:1,&quot;_us_grid_post_type&quot;:&quot;product&quot;}}'><\/div>\r\n\t<\/div><div class=\"w-separator size_medium\"><\/div><\/div><\/div><\/div><\/div><\/div><\/section><section class=\"l-section wpb_row height_medium\"><div class=\"l-section-h i-cf\"><div class=\"g-cols vc_row via_flex valign_top type_default stacking_default\"><div class=\"vc_col-sm-12 wpb_column vc_column_container\"><div class=\"vc_column-inner\"><div class=\"wpb_wrapper\"><div class=\"wpb_text_column\"><div class=\"wpb_wrapper\"><h2 id=\"czytaj-wiecej\">Se\u00f1ales de cerradura MORIA DESIGN: Estilo y protecci\u00f3n en uno<\/h2>\n<p>Descubra un mundo de elegancia y seguridad con nuestros letreros decorativos para cerraduras. W <a href=\"\/es\/?wmc-currency=EUR\">DISE\u00d1O MORIA<\/a> Sabemos lo importante que es combinar est\u00e9tica y funcionalidad. M\u00e1s que un simple elemento de seguridad, nuestras se\u00f1ales de cerradura son una declaraci\u00f3n de estilo que realza el car\u00e1cter de cualquier entrada, desde puertas principales hasta verjas. Dise\u00f1adas teniendo en cuenta una gran variedad de necesidades y gustos, nuestras se\u00f1ales de cerradura son la elecci\u00f3n perfecta para quienes aprecian la sencillez y la funcionalidad.<\/p>\n<h2>Clave de belleza y seguridad<\/h2>\n<p>Nuestras se\u00f1ales combinan la est\u00e9tica con la funcionalidad, ofreciendo acabados \u00fanicos que realzan el atractivo visual de cualquier puerta o verja, al tiempo que garantizan su uso seguro. Cada se\u00f1al est\u00e1 dise\u00f1ada para combinarse armoniosamente con la arquitectura y el car\u00e1cter del espacio, siendo no solo pr\u00e1ctica sino tambi\u00e9n un elemento decorativo.<\/p>\n<h2>\u00bfPor qu\u00e9 elegir nuestros r\u00f3tulos de cerradura?<\/h2>\n<p><strong>Elegir un letrero de cerradura de nuestra empresa<\/strong>opta por la sencillez y el estilo. Gracias a la posibilidad de personalizar nuestros productos, nuestros r\u00f3tulos se adaptar\u00e1n perfectamente a las necesidades individuales de cada cliente. Nuestra gama le permite crear un r\u00f3tulo \u00fanico que combinar\u00e1 a la perfecci\u00f3n con la est\u00e9tica de su hogar u oficina. La alta calidad de los materiales garantiza una larga durabilidad y resistencia a los factores externos.<\/p>\n<h2>Letreros de castillos - A juego con su estilo<\/h2>\n<p>Presentamos una gama competitiva de se\u00f1ales de cerradura para que se adapten plenamente a la est\u00e9tica de su entorno. Tanto si prefiere soluciones minimalistas como detalles lujosamente ornamentados, nuestra gama de productos satisfar\u00e1 sus necesidades. Nuestras se\u00f1ales de cerradura funcionan bien tanto en espacios residenciales como comerciales para a\u00f1adir car\u00e1cter y elegancia.<\/p>\n<p>P\u00f3ngase en contacto con nosotros <strong>oferta de carteles decorativos para cerraduras<\/strong>. Estamos preparados para responder a todas sus preguntas, ofreci\u00e9ndole asesoramiento personalizado y soluciones adaptadas a sus necesidades. Nuestro equipo de expertos le ayudar\u00e1 a elegir la se\u00f1alizaci\u00f3n perfecta que se adapte tanto a la est\u00e9tica de su hogar como a sus requisitos de seguridad. No espere m\u00e1s, ll\u00e1menos o env\u00edenos un correo electr\u00f3nico hoy mismo para descubrir c\u00f3mo podemos transformar su espacio.<\/p>\n<p><strong>Compru\u00e9belo tambi\u00e9n:<\/strong><\/p>\n<ul>\n<li><a href=\"\/es\/oferta\/cierres-decorativos-2\/?wmc-currency=EUR\">Cierres decorativos<\/a><\/li>\n<li><a href=\"\/es\/oferta\/bisagras-decorativas\/?wmc-currency=EUR\">Bisagras decorativas<\/a><\/li>\n<li><a href=\"\/es\/oferta\/cierres-decorativos\/?wmc-currency=EUR\">Soportes decorativos<\/a><\/li>\n<\/ul>\n<\/div><\/div><\/div><\/div><\/div><\/div><\/div><\/section>","protected":false},"excerpt":{"rendered":"Cechy i zalety: wykonana z wysokiej gatunkowo stali &gt; wieczny; zastosowane stalowe nity &gt;\u00a0klasycznie ozdobiony; fazowane otwory monta\u017cowe &gt; estetyczny; pomalowany farb\u0105 proszkow\u0105 w kolorze czarny mat (zero po\u0142ysku, drobna struktura) - zdecydowanie wy\u017csza odporno\u015b\u0107 na uszkodzenia od pow\u0142ok farb natryskowych, farby proszkowe s\u0105 w pe\u0142ni bezpieczne dla ludzi i \u015brodowiska &gt; trwale i elegancko...","protected":false},"author":1,"featured_media":235,"parent":188,"menu_order":22,"comment_status":"closed","ping_status":"closed","template":"","meta":{"inline_featured_image":false},"acf":[],"yoast_head":"<!-- This site is optimized with the Yoast SEO plugin v20.2 - https:\/\/yoast.com\/wordpress\/plugins\/seo\/ -->\n<title>Szyldy zamk\u00f3w - MORIA DESIGN<\/title>\n<meta name=\"description\" content=\"Szyldy zamk\u00f3w produkowane przez MORIA DESIGN to dope\u0142nienie kolekcji oku\u0107. Wykonujemy szyldy spersonalizowane, dopasowane do Twoich potrzeb.\" \/>\n<meta name=\"robots\" content=\"index, follow, max-snippet:-1, max-image-preview:large, max-video-preview:-1\" \/>\n<link rel=\"canonical\" href=\"https:\/\/www.moriadesign.pl\/es\/oferta\/senales-de-bloqueo\/?wmc-currency=EUR\" \/>\n<meta property=\"og:locale\" content=\"es_ES\" \/>\n<meta property=\"og:type\" content=\"article\" \/>\n<meta property=\"og:title\" content=\"Szyldy zamk\u00f3w - MORIA DESIGN\" \/>\n<meta property=\"og:description\" content=\"Szyldy zamk\u00f3w produkowane przez MORIA DESIGN to dope\u0142nienie kolekcji oku\u0107. Wykonujemy szyldy spersonalizowane, dopasowane do Twoich potrzeb.\" \/>\n<meta property=\"og:url\" content=\"https:\/\/www.moriadesign.pl\/es\/oferta\/senales-de-bloqueo\/?wmc-currency=EUR\" \/>\n<meta property=\"og:site_name\" content=\"MORIA DESIGN\" \/>\n<meta property=\"article:modified_time\" content=\"2024-04-09T14:01:46+00:00\" \/>\n<meta property=\"og:image\" content=\"https:\/\/www.moriadesign.pl\/wp-content\/uploads\/2022\/11\/szyldy-zamkow.jpg\" \/>\n\t<meta property=\"og:image:width\" content=\"800\" \/>\n\t<meta property=\"og:image:height\" content=\"800\" \/>\n\t<meta property=\"og:image:type\" content=\"image\/jpeg\" \/>\n<meta name=\"twitter:card\" content=\"summary_large_image\" \/>\n<meta name=\"twitter:label1\" content=\"Tiempo de lectura\" \/>\n\t<meta name=\"twitter:data1\" content=\"5 minutos\" \/>\n<script type=\"application\/ld+json\" class=\"yoast-schema-graph\">{\"@context\":\"https:\/\/schema.org\",\"@graph\":[{\"@type\":\"WebPage\",\"@id\":\"https:\/\/www.moriadesign.pl\/oferta\/szyldy-zamkow\/\",\"url\":\"https:\/\/www.moriadesign.pl\/oferta\/szyldy-zamkow\/\",\"name\":\"Szyldy zamk\u00f3w - MORIA DESIGN\",\"isPartOf\":{\"@id\":\"https:\/\/www.moriadesign.pl\/#website\"},\"datePublished\":\"2022-12-20T12:40:38+00:00\",\"dateModified\":\"2024-04-09T14:01:46+00:00\",\"description\":\"Szyldy zamk\u00f3w produkowane przez MORIA DESIGN to dope\u0142nienie kolekcji oku\u0107. Wykonujemy szyldy spersonalizowane, dopasowane do Twoich potrzeb.\",\"breadcrumb\":{\"@id\":\"https:\/\/www.moriadesign.pl\/oferta\/szyldy-zamkow\/#breadcrumb\"},\"inLanguage\":\"es\",\"potentialAction\":[{\"@type\":\"ReadAction\",\"target\":[\"https:\/\/www.moriadesign.pl\/oferta\/szyldy-zamkow\/\"]}]},{\"@type\":\"BreadcrumbList\",\"@id\":\"https:\/\/www.moriadesign.pl\/oferta\/szyldy-zamkow\/#breadcrumb\",\"itemListElement\":[{\"@type\":\"ListItem\",\"position\":1,\"name\":\"Strona g\u0142\u00f3wna\",\"item\":\"https:\/\/www.moriadesign.pl\/\"},{\"@type\":\"ListItem\",\"position\":2,\"name\":\"Oferta\",\"item\":\"https:\/\/www.moriadesign.pl\/oferta\/\"},{\"@type\":\"ListItem\",\"position\":3,\"name\":\"Szyldy zamk\u00f3w\"}]},{\"@type\":\"WebSite\",\"@id\":\"https:\/\/www.moriadesign.pl\/#website\",\"url\":\"https:\/\/www.moriadesign.pl\/\",\"name\":\"MORIA DESIGN\",\"description\":\"okucia do mebli, domu i ogrodu\",\"potentialAction\":[{\"@type\":\"SearchAction\",\"target\":{\"@type\":\"EntryPoint\",\"urlTemplate\":\"https:\/\/www.moriadesign.pl\/?s={search_term_string}\"},\"query-input\":\"required name=search_term_string\"}],\"inLanguage\":\"es\"}]}<\/script>\n<!-- \/ Yoast SEO plugin. -->","yoast_head_json":{"title":"Szyldy zamk\u00f3w - MORIA DESIGN","description":"Szyldy zamk\u00f3w produkowane przez MORIA DESIGN to dope\u0142nienie kolekcji oku\u0107. Wykonujemy szyldy spersonalizowane, dopasowane do Twoich potrzeb.","robots":{"index":"index","follow":"follow","max-snippet":"max-snippet:-1","max-image-preview":"max-image-preview:large","max-video-preview":"max-video-preview:-1"},"canonical":"https:\/\/www.moriadesign.pl\/es\/oferta\/senales-de-bloqueo\/?wmc-currency=EUR","og_locale":"es_ES","og_type":"article","og_title":"Szyldy zamk\u00f3w - MORIA DESIGN","og_description":"Szyldy zamk\u00f3w produkowane przez MORIA DESIGN to dope\u0142nienie kolekcji oku\u0107. Wykonujemy szyldy spersonalizowane, dopasowane do Twoich potrzeb.","og_url":"https:\/\/www.moriadesign.pl\/es\/oferta\/senales-de-bloqueo\/?wmc-currency=EUR","og_site_name":"MORIA DESIGN","article_modified_time":"2024-04-09T14:01:46+00:00","og_image":[{"width":800,"height":800,"url":"https:\/\/www.moriadesign.pl\/wp-content\/uploads\/2022\/11\/szyldy-zamkow.jpg","type":"image\/jpeg"}],"twitter_card":"summary_large_image","twitter_misc":{"Tiempo de lectura":"5 minutos"},"schema":{"@context":"https:\/\/schema.org","@graph":[{"@type":"WebPage","@id":"https:\/\/www.moriadesign.pl\/oferta\/szyldy-zamkow\/","url":"https:\/\/www.moriadesign.pl\/oferta\/szyldy-zamkow\/","name":"Szyldy zamk\u00f3w - MORIA DESIGN","isPartOf":{"@id":"https:\/\/www.moriadesign.pl\/#website"},"datePublished":"2022-12-20T12:40:38+00:00","dateModified":"2024-04-09T14:01:46+00:00","description":"Szyldy zamk\u00f3w produkowane przez MORIA DESIGN to dope\u0142nienie kolekcji oku\u0107. Wykonujemy szyldy spersonalizowane, dopasowane do Twoich potrzeb.","breadcrumb":{"@id":"https:\/\/www.moriadesign.pl\/oferta\/szyldy-zamkow\/#breadcrumb"},"inLanguage":"es","potentialAction":[{"@type":"ReadAction","target":["https:\/\/www.moriadesign.pl\/oferta\/szyldy-zamkow\/"]}]},{"@type":"BreadcrumbList","@id":"https:\/\/www.moriadesign.pl\/oferta\/szyldy-zamkow\/#breadcrumb","itemListElement":[{"@type":"ListItem","position":1,"name":"Strona g\u0142\u00f3wna","item":"https:\/\/www.moriadesign.pl\/"},{"@type":"ListItem","position":2,"name":"Oferta","item":"https:\/\/www.moriadesign.pl\/oferta\/"},{"@type":"ListItem","position":3,"name":"Szyldy zamk\u00f3w"}]},{"@type":"WebSite","@id":"https:\/\/www.moriadesign.pl\/#website","url":"https:\/\/www.moriadesign.pl\/","name":"MORIA DESIGN","description":"okucia do mebli, domu i ogrodu","potentialAction":[{"@type":"SearchAction","target":{"@type":"EntryPoint","urlTemplate":"https:\/\/www.moriadesign.pl\/?s={search_term_string}"},"query-input":"required name=search_term_string"}],"inLanguage":"es"}]}},"_links":{"self":[{"href":"https:\/\/www.moriadesign.pl\/es\/wp-json\/wp\/v2\/pages\/1303"}],"collection":[{"href":"https:\/\/www.moriadesign.pl\/es\/wp-json\/wp\/v2\/pages"}],"about":[{"href":"https:\/\/www.moriadesign.pl\/es\/wp-json\/wp\/v2\/types\/page"}],"author":[{"embeddable":true,"href":"https:\/\/www.moriadesign.pl\/es\/wp-json\/wp\/v2\/users\/1"}],"replies":[{"embeddable":true,"href":"https:\/\/www.moriadesign.pl\/es\/wp-json\/wp\/v2\/comments?post=1303"}],"version-history":[{"count":8,"href":"https:\/\/www.moriadesign.pl\/es\/wp-json\/wp\/v2\/pages\/1303\/revisions"}],"predecessor-version":[{"id":3244,"href":"https:\/\/www.moriadesign.pl\/es\/wp-json\/wp\/v2\/pages\/1303\/revisions\/3244"}],"up":[{"embeddable":true,"href":"https:\/\/www.moriadesign.pl\/es\/wp-json\/wp\/v2\/pages\/188"}],"wp:featuredmedia":[{"embeddable":true,"href":"https:\/\/www.moriadesign.pl\/es\/wp-json\/wp\/v2\/media\/235"}],"wp:attachment":[{"href":"https:\/\/www.moriadesign.pl\/es\/wp-json\/wp\/v2\/media?parent=1303"}],"curies":[{"name":"wp","href":"https:\/\/api.w.org\/{rel}","templated":true}]}}